{"id":245633,"date":"2025-08-09T05:10:54","date_gmt":"2025-08-09T02:10:54","guid":{"rendered":"https:\/\/espak.ee\/epood\/?post_type=product&#038;p=245633"},"modified":"2026-01-07T20:47:35","modified_gmt":"2026-01-07T18:47:35","slug":"putukatorje-effect-microtech-spray-500ml-baltic-agro","status":"publish","type":"product","link":"https:\/\/espak.ee\/epood\/toode\/putukatorje-effect-microtech-spray-500ml-baltic-agro\/","title":{"rendered":"PUTUKAT\u00d5RJE EFFECT MICROTECH SPRAY 500ML BALTIC AGRO"},"content":{"rendered":"<div class=\"row\"  id=\"row-1759704656\">\n\n\t<div id=\"col-757943815\" class=\"col medium-9 small-12 large-9\"  >\n\t\t\t\t<div class=\"col-inner\"  >\n\t\t\t\n\t\t\t\n<h3>Putukat\u00f5rje Effect Microtech Spray 500ml Baltic Agro<\/h3>\n<p>Effect Microtech CS PRO RTU kasutusvalmis lahus on m\u00f5eldud roomavate ja lendavate kahjurite, nagu s\u00e4\u00e4sed (Aedes aegypti), prussakad (Blatta orientalis), sipelgad (Monomorium pharaonis) ja lutikad (Cimex lectularius), t\u00f5rjeks (desinfitseerimiseks) kohtades, kus roomavad kahjurid elavad\/liiguvad \u2013 siseruumides piki seinapragusid, seinade ja m\u00f6\u00f6bli alumist serva. Toodet v\u00f5ib kasutada ka hoonete v\u00e4lisseintel. Enne  kasutamist raputada. P\u00e4rast pealekandmist v\u00e4ltida kokkupuudet t\u00f6\u00f6deldud pindadega.<br \/>\nToote Effect Microtech CS PRO RTU toime on \u00e4\u00e4rmiselt pikaajaline. See tuleneb spetsiaalsest mikrokapslite membraanist, mis tagab toimeaine aeglasema<br \/>\nvabanemise, samas j\u00e4\u00e4vad kapslid putukate keha k\u00fclge, mis suurendab insektitsiidi t\u00f5husust.<\/p>\n<p><strong>Kasutusjuhend:<\/strong><br \/>\nPoorsetel pindadel (n\u00e4iteks betoonpindadel): s\u00e4\u00e4skede (Aedes aegypti) ja lutikate (Cimex lectularius) t\u00f5rjeks kasutatakse 30 ml 1 m2 kohta.<br \/>\n Siledatel pindadel (n\u00e4iteks puit, klaas, keraamika): s\u00e4\u00e4skede (Aedes aegypti) t\u00f5rjeks kasutatakse 10\u201330 ml 1 m2 kohta.<br \/>\n Lutikate (Cimex lectularius) t\u00f5rjeks kasutatakse 30 ml 1 m2 kohta.<br \/>\n Sipelgate (Monomorium pharaonis) ja prussakate (Blatta orientalis) t\u00f5rjeks kasutatakse 30\u2013120 ml 1 m2 kohta.<\/p>\n<\/p>\n\t\t<\/div>\n\t\t\t\t\t<\/div>\n\n\t\n\n\t<div id=\"col-1341669749\" class=\"col medium-3 small-12 large-3\"  >\n\t\t\t\t<div class=\"col-inner\"  >\n\t\t\t\n\t\t\t\n<p><strong>\u00dcksikasjalikuma n\u00f5u saamiseks v\u00f5tke \u00fchendust:<br \/><\/strong>Baltic Agro AS<br \/> Rukki tee 8<br \/> Lehmja k\u00fcla<br \/> Rae vald<br \/> Telefon +372 606 2260<\/p>\n\t\t<\/div>\n\t\t\t\t\t<\/div>\n\n\t\n<\/div>\n","protected":false},"excerpt":{"rendered":"","protected":false},"featured_media":245660,"comment_status":"closed","ping_status":"closed","template":"","meta":[],"product_brand":[],"product_cat":[2789,2788,2882,2886],"product_tag":[],"class_list":{"0":"post-245633","1":"product","2":"type-product","3":"status-publish","4":"has-post-thumbnail","6":"product_cat-aiatarbed","7":"product_cat-aiatarbed-ja-kodukaubad","8":"product_cat-taimekaitsevahendid","9":"product_cat-umbrohutorjevahendid","10":"pa_kaubamark-baltic-agro-as","12":"first","13":"instock","14":"sale","15":"taxable","16":"shipping-taxable","17":"purchasable","18":"product-type-simple"},"yoast_head":"<!-- This site is optimized with the Yoast SEO plugin v26.9 - https:\/\/yoast.com\/product\/yoast-seo-wordpress\/ -->\n<title>PUTUKAT\u00d5RJE EFFECT MICROTECH SPRAY 500ML BALTIC AGRO - Espak E-pood<\/title>\n<meta name=\"robots\" content=\"index, follow, max-snippet:-1, max-image-preview:large, max-video-preview:-1\" \/>\n<link rel=\"canonical\" href=\"https:\/\/espak.ee\/epood\/toode\/putukatorje-effect-microtech-spray-500ml-baltic-agro\/\" \/>\n<meta property=\"og:locale\" content=\"et_EE\" \/>\n<meta property=\"og:type\" content=\"article\" \/>\n<meta property=\"og:title\" content=\"PUTUKAT\u00d5RJE EFFECT MICROTECH SPRAY 500ML BALTIC AGRO - Espak E-pood\" \/>\n<meta property=\"og:url\" content=\"https:\/\/espak.ee\/epood\/toode\/putukatorje-effect-microtech-spray-500ml-baltic-agro\/\" \/>\n<meta property=\"og:site_name\" content=\"Espak E-pood\" \/>\n<meta property=\"article:modified_time\" content=\"2026-01-07T18:47:35+00:00\" \/>\n<meta property=\"og:image\" content=\"https:\/\/espak.ee\/epood\/wp-content\/uploads\/2025\/08\/3830072317204-1.jpg\" \/>\n\t<meta property=\"og:image:width\" content=\"1000\" \/>\n\t<meta property=\"og:image:height\" content=\"1000\" \/>\n\t<meta property=\"og:image:type\" content=\"image\/jpeg\" \/>\n<meta name=\"twitter:card\" content=\"summary_large_image\" \/>\n<meta name=\"twitter:label1\" content=\"Est. reading time\" \/>\n\t<meta name=\"twitter:data1\" content=\"1 minut\" \/>\n<script type=\"application\/ld+json\" class=\"yoast-schema-graph\">{\"@context\":\"https:\/\/schema.org\",\"@graph\":[{\"@type\":\"WebPage\",\"@id\":\"https:\/\/espak.ee\/epood\/toode\/putukatorje-effect-microtech-spray-500ml-baltic-agro\/\",\"url\":\"https:\/\/espak.ee\/epood\/toode\/putukatorje-effect-microtech-spray-500ml-baltic-agro\/\",\"name\":\"PUTUKAT\u00d5RJE EFFECT MICROTECH SPRAY 500ML BALTIC AGRO - Espak E-pood\",\"isPartOf\":{\"@id\":\"https:\/\/espak.ee\/epood\/#website\"},\"primaryImageOfPage\":{\"@id\":\"https:\/\/espak.ee\/epood\/toode\/putukatorje-effect-microtech-spray-500ml-baltic-agro\/#primaryimage\"},\"image\":{\"@id\":\"https:\/\/espak.ee\/epood\/toode\/putukatorje-effect-microtech-spray-500ml-baltic-agro\/#primaryimage\"},\"thumbnailUrl\":\"https:\/\/espak.ee\/epood\/wp-content\/uploads\/2025\/08\/3830072317204-1.jpg\",\"datePublished\":\"2025-08-09T02:10:54+00:00\",\"dateModified\":\"2026-01-07T18:47:35+00:00\",\"breadcrumb\":{\"@id\":\"https:\/\/espak.ee\/epood\/toode\/putukatorje-effect-microtech-spray-500ml-baltic-agro\/#breadcrumb\"},\"inLanguage\":\"et\",\"potentialAction\":[{\"@type\":\"ReadAction\",\"target\":[\"https:\/\/espak.ee\/epood\/toode\/putukatorje-effect-microtech-spray-500ml-baltic-agro\/\"]}]},{\"@type\":\"ImageObject\",\"inLanguage\":\"et\",\"@id\":\"https:\/\/espak.ee\/epood\/toode\/putukatorje-effect-microtech-spray-500ml-baltic-agro\/#primaryimage\",\"url\":\"https:\/\/espak.ee\/epood\/wp-content\/uploads\/2025\/08\/3830072317204-1.jpg\",\"contentUrl\":\"https:\/\/espak.ee\/epood\/wp-content\/uploads\/2025\/08\/3830072317204-1.jpg\",\"width\":1000,\"height\":1000},{\"@type\":\"BreadcrumbList\",\"@id\":\"https:\/\/espak.ee\/epood\/toode\/putukatorje-effect-microtech-spray-500ml-baltic-agro\/#breadcrumb\",\"itemListElement\":[{\"@type\":\"ListItem\",\"position\":1,\"name\":\"Home\",\"item\":\"https:\/\/espak.ee\/epood\/\"},{\"@type\":\"ListItem\",\"position\":2,\"name\":\"Tootevalik\",\"item\":\"https:\/\/espak.ee\/epood\/tootevalik\/\"},{\"@type\":\"ListItem\",\"position\":3,\"name\":\"PUTUKAT\u00d5RJE EFFECT MICROTECH SPRAY 500ML BALTIC AGRO\"}]},{\"@type\":\"WebSite\",\"@id\":\"https:\/\/espak.ee\/epood\/#website\",\"url\":\"https:\/\/espak.ee\/epood\/\",\"name\":\"Espak E-pood\",\"description\":\"\",\"potentialAction\":[{\"@type\":\"SearchAction\",\"target\":{\"@type\":\"EntryPoint\",\"urlTemplate\":\"https:\/\/espak.ee\/epood\/?s={search_term_string}\"},\"query-input\":{\"@type\":\"PropertyValueSpecification\",\"valueRequired\":true,\"valueName\":\"search_term_string\"}}],\"inLanguage\":\"et\"}]}<\/script>\n<!-- \/ Yoast SEO plugin. -->","yoast_head_json":{"title":"PUTUKAT\u00d5RJE EFFECT MICROTECH SPRAY 500ML BALTIC AGRO - Espak E-pood","robots":{"index":"index","follow":"follow","max-snippet":"max-snippet:-1","max-image-preview":"max-image-preview:large","max-video-preview":"max-video-preview:-1"},"canonical":"https:\/\/espak.ee\/epood\/toode\/putukatorje-effect-microtech-spray-500ml-baltic-agro\/","og_locale":"et_EE","og_type":"article","og_title":"PUTUKAT\u00d5RJE EFFECT MICROTECH SPRAY 500ML BALTIC AGRO - Espak E-pood","og_url":"https:\/\/espak.ee\/epood\/toode\/putukatorje-effect-microtech-spray-500ml-baltic-agro\/","og_site_name":"Espak E-pood","article_modified_time":"2026-01-07T18:47:35+00:00","og_image":[{"width":1000,"height":1000,"url":"https:\/\/espak.ee\/epood\/wp-content\/uploads\/2025\/08\/3830072317204-1.jpg","type":"image\/jpeg"}],"twitter_card":"summary_large_image","twitter_misc":{"Est. reading time":"1 minut"},"schema":{"@context":"https:\/\/schema.org","@graph":[{"@type":"WebPage","@id":"https:\/\/espak.ee\/epood\/toode\/putukatorje-effect-microtech-spray-500ml-baltic-agro\/","url":"https:\/\/espak.ee\/epood\/toode\/putukatorje-effect-microtech-spray-500ml-baltic-agro\/","name":"PUTUKAT\u00d5RJE EFFECT MICROTECH SPRAY 500ML BALTIC AGRO - Espak E-pood","isPartOf":{"@id":"https:\/\/espak.ee\/epood\/#website"},"primaryImageOfPage":{"@id":"https:\/\/espak.ee\/epood\/toode\/putukatorje-effect-microtech-spray-500ml-baltic-agro\/#primaryimage"},"image":{"@id":"https:\/\/espak.ee\/epood\/toode\/putukatorje-effect-microtech-spray-500ml-baltic-agro\/#primaryimage"},"thumbnailUrl":"https:\/\/espak.ee\/epood\/wp-content\/uploads\/2025\/08\/3830072317204-1.jpg","datePublished":"2025-08-09T02:10:54+00:00","dateModified":"2026-01-07T18:47:35+00:00","breadcrumb":{"@id":"https:\/\/espak.ee\/epood\/toode\/putukatorje-effect-microtech-spray-500ml-baltic-agro\/#breadcrumb"},"inLanguage":"et","potentialAction":[{"@type":"ReadAction","target":["https:\/\/espak.ee\/epood\/toode\/putukatorje-effect-microtech-spray-500ml-baltic-agro\/"]}]},{"@type":"ImageObject","inLanguage":"et","@id":"https:\/\/espak.ee\/epood\/toode\/putukatorje-effect-microtech-spray-500ml-baltic-agro\/#primaryimage","url":"https:\/\/espak.ee\/epood\/wp-content\/uploads\/2025\/08\/3830072317204-1.jpg","contentUrl":"https:\/\/espak.ee\/epood\/wp-content\/uploads\/2025\/08\/3830072317204-1.jpg","width":1000,"height":1000},{"@type":"BreadcrumbList","@id":"https:\/\/espak.ee\/epood\/toode\/putukatorje-effect-microtech-spray-500ml-baltic-agro\/#breadcrumb","itemListElement":[{"@type":"ListItem","position":1,"name":"Home","item":"https:\/\/espak.ee\/epood\/"},{"@type":"ListItem","position":2,"name":"Tootevalik","item":"https:\/\/espak.ee\/epood\/tootevalik\/"},{"@type":"ListItem","position":3,"name":"PUTUKAT\u00d5RJE EFFECT MICROTECH SPRAY 500ML BALTIC AGRO"}]},{"@type":"WebSite","@id":"https:\/\/espak.ee\/epood\/#website","url":"https:\/\/espak.ee\/epood\/","name":"Espak E-pood","description":"","potentialAction":[{"@type":"SearchAction","target":{"@type":"EntryPoint","urlTemplate":"https:\/\/espak.ee\/epood\/?s={search_term_string}"},"query-input":{"@type":"PropertyValueSpecification","valueRequired":true,"valueName":"search_term_string"}}],"inLanguage":"et"}]}},"_links":{"self":[{"href":"https:\/\/espak.ee\/epood\/wp-json\/wp\/v2\/product\/245633","targetHints":{"allow":["GET"]}}],"collection":[{"href":"https:\/\/espak.ee\/epood\/wp-json\/wp\/v2\/product"}],"about":[{"href":"https:\/\/espak.ee\/epood\/wp-json\/wp\/v2\/types\/product"}],"replies":[{"embeddable":true,"href":"https:\/\/espak.ee\/epood\/wp-json\/wp\/v2\/comments?post=245633"}],"wp:featuredmedia":[{"embeddable":true,"href":"https:\/\/espak.ee\/epood\/wp-json\/wp\/v2\/media\/245660"}],"wp:attachment":[{"href":"https:\/\/espak.ee\/epood\/wp-json\/wp\/v2\/media?parent=245633"}],"wp:term":[{"taxonomy":"product_brand","embeddable":true,"href":"https:\/\/espak.ee\/epood\/wp-json\/wp\/v2\/product_brand?post=245633"},{"taxonomy":"product_cat","embeddable":true,"href":"https:\/\/espak.ee\/epood\/wp-json\/wp\/v2\/product_cat?post=245633"},{"taxonomy":"product_tag","embeddable":true,"href":"https:\/\/espak.ee\/epood\/wp-json\/wp\/v2\/product_tag?post=245633"}],"curies":[{"name":"wp","href":"https:\/\/api.w.org\/{rel}","templated":true}]}}