{"id":24524,"date":"2020-05-01T05:15:11","date_gmt":"2020-05-01T02:15:11","guid":{"rendered":"https:\/\/espak.ee\/hinnakiri\/?post_type=product&#038;p=24524"},"modified":"2025-09-05T21:40:22","modified_gmt":"2025-09-05T18:40:22","slug":"kiirvabastusega-tald-piher-arm-maksimum-100-kg","status":"publish","type":"product","link":"https:\/\/espak.ee\/epood\/toode\/kiirvabastusega-tald-piher-arm-maksimum-100-kg\/","title":{"rendered":"KIIRVABASTUSEGA TALD PIHER ARM+, MAKSIMUM 100 KG"},"content":{"rendered":"<div class=\"row\"  id=\"row-1163268337\">\n\n\t<div id=\"col-2035144291\" class=\"col medium-9 small-12 large-9\"  >\n\t\t\t\t<div class=\"col-inner\"  >\n\t\t\t\n\t\t\t\n<h3>Tald ARM+ MULTI PROP<\/h3>\n<p>Multi prop kiirvabastusega tald.<br \/>\nLihtne \u00fche k\u00e4ega kasutada.<br \/>\n Kallutatav libisemiskindel tald on reguleeritavad mis tahes nurga alla.<br \/>\nMaksimaalne kandev\u00f5ime 100 kg.<br \/>\nSobib k\u00f5ikidele Multiprop mudelitele.\n<\/p>\n\t\t<\/div>\n\t\t\t\t\t<\/div>\n\n\t\n\n\t<div id=\"col-2010618954\" class=\"col medium-3 small-12 large-3\"  >\n\t\t\t\t<div class=\"col-inner\"  >\n\t\t\t\n\t\t\t\n\t<div id=\"gap-1561215468\" class=\"gap-element clearfix\" style=\"display:block; height:auto;\">\n\t\t\n<style>\n#gap-1561215468 {\n  padding-top: 30px;\n}\n<\/style>\n\t<\/div>\n\t\n<div class=\"video video-fit mb\" style=\"padding-top:56.25%;\"><div style=\"width: 640px;\" class=\"wp-video\"><video class=\"wp-video-shortcode\" id=\"video-24524-1\" width=\"640\" height=\"360\" preload=\"metadata\" controls=\"controls\"><source type=\"video\/mp4\" src=\"https:\/\/espak.ee\/epood\/wp-content\/uploads\/2021\/05\/Eventomax-Multiprop-Hd-1440-11.m4v?_=1\" \/><a href=\"https:\/\/espak.ee\/epood\/wp-content\/uploads\/2021\/05\/Eventomax-Multiprop-Hd-1440-11.m4v\">https:\/\/espak.ee\/epood\/wp-content\/uploads\/2021\/05\/Eventomax-Multiprop-Hd-1440-11.m4v<\/a><\/video><\/div>\n<\/div>\n<div class=\"is-divider divider clearfix\" ><\/div>\n<p><strong>\u00dcksikasjalikuma n\u00f5u saamiseks v\u00f5tke \u00fchendust:<br \/><\/strong>Espak AS<br \/>Viadukti 42<br \/>11313<br \/>Tallinn<br \/> T\u00f6\u00f6riista osakond +372 6512 335<br \/><a href=\"mailto:tooriist@espak.ee\">tooriist@espak.ee<\/a><\/p>\n\t\t<\/div>\n\t\t\t\t\t<\/div>\n\n\t\n<\/div>\n","protected":false},"excerpt":{"rendered":"","protected":false},"featured_media":64973,"comment_status":"closed","ping_status":"closed","template":"","meta":[],"product_brand":[],"product_cat":[2771,2954,3099,2679],"product_tag":[],"class_list":{"0":"post-24524","1":"product","2":"type-product","3":"status-publish","4":"has-post-thumbnail","6":"product_cat-kasitooriistad","7":"product_cat-kasitooriistad-kasitooriistad","8":"product_cat-pitskruvid-ja-klambrid","9":"product_cat-tooriistad","10":"pa_kaubamark-piher","12":"first","13":"instock","14":"sale","15":"taxable","16":"shipping-taxable","17":"purchasable","18":"product-type-simple"},"yoast_head":"<!-- This site is optimized with the Yoast SEO plugin v26.9 - https:\/\/yoast.com\/product\/yoast-seo-wordpress\/ -->\n<title>KIIRVABASTUSEGA TALD PIHER ARM+, MAKSIMUM 100 KG - Espak E-pood<\/title>\n<meta name=\"robots\" content=\"index, follow, max-snippet:-1, max-image-preview:large, max-video-preview:-1\" \/>\n<link rel=\"canonical\" href=\"https:\/\/espak.ee\/epood\/toode\/kiirvabastusega-tald-piher-arm-maksimum-100-kg\/\" \/>\n<meta property=\"og:locale\" content=\"et_EE\" \/>\n<meta property=\"og:type\" content=\"article\" \/>\n<meta property=\"og:title\" content=\"KIIRVABASTUSEGA TALD PIHER ARM+, MAKSIMUM 100 KG - Espak E-pood\" \/>\n<meta property=\"og:url\" content=\"https:\/\/espak.ee\/epood\/toode\/kiirvabastusega-tald-piher-arm-maksimum-100-kg\/\" \/>\n<meta property=\"og:site_name\" content=\"Espak E-pood\" \/>\n<meta property=\"article:modified_time\" content=\"2025-09-05T18:40:22+00:00\" \/>\n<meta property=\"og:image\" content=\"https:\/\/espak.ee\/epood\/wp-content\/uploads\/34089-PIHER.jpg\" \/>\n\t<meta property=\"og:image:width\" content=\"1000\" \/>\n\t<meta property=\"og:image:height\" content=\"1000\" \/>\n\t<meta property=\"og:image:type\" content=\"image\/jpeg\" \/>\n<meta name=\"twitter:card\" content=\"summary_large_image\" \/>\n<script type=\"application\/ld+json\" class=\"yoast-schema-graph\">{\"@context\":\"https:\/\/schema.org\",\"@graph\":[{\"@type\":\"WebPage\",\"@id\":\"https:\/\/espak.ee\/epood\/toode\/kiirvabastusega-tald-piher-arm-maksimum-100-kg\/\",\"url\":\"https:\/\/espak.ee\/epood\/toode\/kiirvabastusega-tald-piher-arm-maksimum-100-kg\/\",\"name\":\"KIIRVABASTUSEGA TALD PIHER ARM+, MAKSIMUM 100 KG - Espak E-pood\",\"isPartOf\":{\"@id\":\"https:\/\/espak.ee\/epood\/#website\"},\"primaryImageOfPage\":{\"@id\":\"https:\/\/espak.ee\/epood\/toode\/kiirvabastusega-tald-piher-arm-maksimum-100-kg\/#primaryimage\"},\"image\":{\"@id\":\"https:\/\/espak.ee\/epood\/toode\/kiirvabastusega-tald-piher-arm-maksimum-100-kg\/#primaryimage\"},\"thumbnailUrl\":\"https:\/\/espak.ee\/epood\/wp-content\/uploads\/34089-PIHER.jpg\",\"datePublished\":\"2020-05-01T02:15:11+00:00\",\"dateModified\":\"2025-09-05T18:40:22+00:00\",\"breadcrumb\":{\"@id\":\"https:\/\/espak.ee\/epood\/toode\/kiirvabastusega-tald-piher-arm-maksimum-100-kg\/#breadcrumb\"},\"inLanguage\":\"et\",\"potentialAction\":[{\"@type\":\"ReadAction\",\"target\":[\"https:\/\/espak.ee\/epood\/toode\/kiirvabastusega-tald-piher-arm-maksimum-100-kg\/\"]}]},{\"@type\":\"ImageObject\",\"inLanguage\":\"et\",\"@id\":\"https:\/\/espak.ee\/epood\/toode\/kiirvabastusega-tald-piher-arm-maksimum-100-kg\/#primaryimage\",\"url\":\"https:\/\/espak.ee\/epood\/wp-content\/uploads\/34089-PIHER.jpg\",\"contentUrl\":\"https:\/\/espak.ee\/epood\/wp-content\/uploads\/34089-PIHER.jpg\",\"width\":1000,\"height\":1000},{\"@type\":\"BreadcrumbList\",\"@id\":\"https:\/\/espak.ee\/epood\/toode\/kiirvabastusega-tald-piher-arm-maksimum-100-kg\/#breadcrumb\",\"itemListElement\":[{\"@type\":\"ListItem\",\"position\":1,\"name\":\"Home\",\"item\":\"https:\/\/espak.ee\/epood\/\"},{\"@type\":\"ListItem\",\"position\":2,\"name\":\"Tootevalik\",\"item\":\"https:\/\/espak.ee\/epood\/tootevalik\/\"},{\"@type\":\"ListItem\",\"position\":3,\"name\":\"KIIRVABASTUSEGA TALD PIHER ARM+, MAKSIMUM 100 KG\"}]},{\"@type\":\"WebSite\",\"@id\":\"https:\/\/espak.ee\/epood\/#website\",\"url\":\"https:\/\/espak.ee\/epood\/\",\"name\":\"Espak E-pood\",\"description\":\"\",\"potentialAction\":[{\"@type\":\"SearchAction\",\"target\":{\"@type\":\"EntryPoint\",\"urlTemplate\":\"https:\/\/espak.ee\/epood\/?s={search_term_string}\"},\"query-input\":{\"@type\":\"PropertyValueSpecification\",\"valueRequired\":true,\"valueName\":\"search_term_string\"}}],\"inLanguage\":\"et\"}]}<\/script>\n<!-- \/ Yoast SEO plugin. -->","yoast_head_json":{"title":"KIIRVABASTUSEGA TALD PIHER ARM+, MAKSIMUM 100 KG - Espak E-pood","robots":{"index":"index","follow":"follow","max-snippet":"max-snippet:-1","max-image-preview":"max-image-preview:large","max-video-preview":"max-video-preview:-1"},"canonical":"https:\/\/espak.ee\/epood\/toode\/kiirvabastusega-tald-piher-arm-maksimum-100-kg\/","og_locale":"et_EE","og_type":"article","og_title":"KIIRVABASTUSEGA TALD PIHER ARM+, MAKSIMUM 100 KG - Espak E-pood","og_url":"https:\/\/espak.ee\/epood\/toode\/kiirvabastusega-tald-piher-arm-maksimum-100-kg\/","og_site_name":"Espak E-pood","article_modified_time":"2025-09-05T18:40:22+00:00","og_image":[{"width":1000,"height":1000,"url":"https:\/\/espak.ee\/epood\/wp-content\/uploads\/34089-PIHER.jpg","type":"image\/jpeg"}],"twitter_card":"summary_large_image","schema":{"@context":"https:\/\/schema.org","@graph":[{"@type":"WebPage","@id":"https:\/\/espak.ee\/epood\/toode\/kiirvabastusega-tald-piher-arm-maksimum-100-kg\/","url":"https:\/\/espak.ee\/epood\/toode\/kiirvabastusega-tald-piher-arm-maksimum-100-kg\/","name":"KIIRVABASTUSEGA TALD PIHER ARM+, MAKSIMUM 100 KG - Espak E-pood","isPartOf":{"@id":"https:\/\/espak.ee\/epood\/#website"},"primaryImageOfPage":{"@id":"https:\/\/espak.ee\/epood\/toode\/kiirvabastusega-tald-piher-arm-maksimum-100-kg\/#primaryimage"},"image":{"@id":"https:\/\/espak.ee\/epood\/toode\/kiirvabastusega-tald-piher-arm-maksimum-100-kg\/#primaryimage"},"thumbnailUrl":"https:\/\/espak.ee\/epood\/wp-content\/uploads\/34089-PIHER.jpg","datePublished":"2020-05-01T02:15:11+00:00","dateModified":"2025-09-05T18:40:22+00:00","breadcrumb":{"@id":"https:\/\/espak.ee\/epood\/toode\/kiirvabastusega-tald-piher-arm-maksimum-100-kg\/#breadcrumb"},"inLanguage":"et","potentialAction":[{"@type":"ReadAction","target":["https:\/\/espak.ee\/epood\/toode\/kiirvabastusega-tald-piher-arm-maksimum-100-kg\/"]}]},{"@type":"ImageObject","inLanguage":"et","@id":"https:\/\/espak.ee\/epood\/toode\/kiirvabastusega-tald-piher-arm-maksimum-100-kg\/#primaryimage","url":"https:\/\/espak.ee\/epood\/wp-content\/uploads\/34089-PIHER.jpg","contentUrl":"https:\/\/espak.ee\/epood\/wp-content\/uploads\/34089-PIHER.jpg","width":1000,"height":1000},{"@type":"BreadcrumbList","@id":"https:\/\/espak.ee\/epood\/toode\/kiirvabastusega-tald-piher-arm-maksimum-100-kg\/#breadcrumb","itemListElement":[{"@type":"ListItem","position":1,"name":"Home","item":"https:\/\/espak.ee\/epood\/"},{"@type":"ListItem","position":2,"name":"Tootevalik","item":"https:\/\/espak.ee\/epood\/tootevalik\/"},{"@type":"ListItem","position":3,"name":"KIIRVABASTUSEGA TALD PIHER ARM+, MAKSIMUM 100 KG"}]},{"@type":"WebSite","@id":"https:\/\/espak.ee\/epood\/#website","url":"https:\/\/espak.ee\/epood\/","name":"Espak E-pood","description":"","potentialAction":[{"@type":"SearchAction","target":{"@type":"EntryPoint","urlTemplate":"https:\/\/espak.ee\/epood\/?s={search_term_string}"},"query-input":{"@type":"PropertyValueSpecification","valueRequired":true,"valueName":"search_term_string"}}],"inLanguage":"et"}]}},"_links":{"self":[{"href":"https:\/\/espak.ee\/epood\/wp-json\/wp\/v2\/product\/24524","targetHints":{"allow":["GET"]}}],"collection":[{"href":"https:\/\/espak.ee\/epood\/wp-json\/wp\/v2\/product"}],"about":[{"href":"https:\/\/espak.ee\/epood\/wp-json\/wp\/v2\/types\/product"}],"replies":[{"embeddable":true,"href":"https:\/\/espak.ee\/epood\/wp-json\/wp\/v2\/comments?post=24524"}],"wp:featuredmedia":[{"embeddable":true,"href":"https:\/\/espak.ee\/epood\/wp-json\/wp\/v2\/media\/64973"}],"wp:attachment":[{"href":"https:\/\/espak.ee\/epood\/wp-json\/wp\/v2\/media?parent=24524"}],"wp:term":[{"taxonomy":"product_brand","embeddable":true,"href":"https:\/\/espak.ee\/epood\/wp-json\/wp\/v2\/product_brand?post=24524"},{"taxonomy":"product_cat","embeddable":true,"href":"https:\/\/espak.ee\/epood\/wp-json\/wp\/v2\/product_cat?post=24524"},{"taxonomy":"product_tag","embeddable":true,"href":"https:\/\/espak.ee\/epood\/wp-json\/wp\/v2\/product_tag?post=24524"}],"curies":[{"name":"wp","href":"https:\/\/api.w.org\/{rel}","templated":true}]}}