{"id":245026,"date":"2025-08-05T05:10:02","date_gmt":"2025-08-05T02:10:02","guid":{"rendered":"https:\/\/espak.ee\/epood\/?post_type=product&#038;p=245026"},"modified":"2026-03-02T11:28:27","modified_gmt":"2026-03-02T09:28:27","slug":"lauavalgusti-auriq-luup-10w-3000-4000-6500k-usb-5v-must-kobi","status":"publish","type":"product","link":"https:\/\/espak.ee\/epood\/toode\/lauavalgusti-auriq-luup-10w-3000-4000-6500k-usb-5v-must-kobi\/","title":{"rendered":"LAUAVALGUSTI AURIQ LUUP 10W 3000\/4000\/6500K USB 5V MUST KOBI"},"content":{"rendered":"<div class=\"row\"  id=\"row-798535525\">\n\n\t<div id=\"col-398868090\" class=\"col medium-9 small-12 large-9\"  >\n\t\t\t\t<div class=\"col-inner\"  >\n\t\t\t\n\t\t\t\n<h2>Luubiga lauavalgusti LED 10W USB 5V must Kobi <\/h2>\n<p>Luubi ja reguleeritava valgusega lauavalgusti. <\/p>\n<p>LED AURIQ LOUPE 10W 3CCT on kaasaegne ja funktsionaalne laualamp, millel on sisseehitatud luup. Sobib ideaalselt t\u00e4ppist\u00f6\u00f6deks, mudelite valmistamiseks, k\u00e4sit\u00f6\u00f6ks v\u00f5i tehnilisteks t\u00f6\u00f6deks. T\u00e4nu kahele kinnitusv\u00f5imalusele (alus v\u00f5i klamber), USB toiteallikale ning reguleeritavale valgusnurgale ja v\u00e4rvitemperatuurile pakub see maksimaalset kasutusmugavust igas olukorras.<\/p>\n<p>&#8211; V\u00f5imsus: 10W \/ valgusvoog: 500 lm &#8211; hele ja t\u00f5hus valgus t\u00e4psust\u00f6\u00f6deks<br \/>\n&#8211; Sisseehitatud suurendusklaas 5x suumiga &#8211; ideaalne t\u00f6\u00f6ks peente detailidega<br \/>\n&#8211; Kaks kinnitusv\u00f5imalust<br \/>\n&#8211; USB-A toiteallikas &#8211; ca 1 m pikkune juhe, \u00fchildub s\u00fclearvutite, akupankade, adapteritega<br \/>\n&#8211; Eluiga 25000 tundi<br \/>\n&#8211; Kolm v\u00e4rvitemperatuuri (3CCT): soe 3000K\/neutraalne 4000K\/ k\u00fclm 6500K<br \/>\n&#8211; Dimmerdatav &#8211; heledus reguleeritav 10% sammudes \u00fche vajutusega<br \/>\n&#8211; Valgusnurk: 180\u00b0 &#8211; \u00fclisuur valguskaetus<br \/>\n&#8211; Energiaklass: F &#8211; vastab kehtivatele eeskirjadele\n <\/p>\n\t<div id=\"gap-613100744\" class=\"gap-element clearfix\" style=\"display:block; height:auto;\">\n\t\t\n<style>\n#gap-613100744 {\n  padding-top: 30px;\n}\n<\/style>\n\t<\/div>\n\t\n\t\t<\/div>\n\t\t\t\t\t<\/div>\n\n\t\n\n\t<div id=\"col-412921354\" class=\"col medium-3 small-12 large-3\"  >\n\t\t\t\t<div class=\"col-inner\"  >\n\t\t\t\n\t\t\t\n\t<div id=\"gap-1788043532\" class=\"gap-element clearfix\" style=\"display:block; height:auto;\">\n\t\t\n<style>\n#gap-1788043532 {\n  padding-top: 30px;\n}\n<\/style>\n\t<\/div>\n\t\n<h3>Kasutusjuhend<\/h3>\n<p><a href=\"https:\/\/espak.ee\/epood\/wp-content\/uploads\/2025\/08\/Table-lamp-LED-AURIQ-LOUPE-10W-3CCT-black-LED2B-004022-User-manual.pdf\"target=\"_blank\" rel=\"noopener noreferrer\"><i class=\"far fa-file-pdf\"><\/i> Kasutusjuhend (PDF)<\/a><\/p>\n<div class=\"is-divider divider clearfix\" ><\/div>\n<p><strong>\u00dcksikasjalikuma n\u00f5u saamiseks v\u00f5tke \u00fchendust:<br \/><\/strong>Espak AS<br \/>Viadukti 42<br \/>11313<br \/>Tallinn<br \/>+372 6 512333<\/p>\n<div class=\"is-divider divider clearfix\" ><\/div>\n\t\t<\/div>\n\t\t\t\t\t<\/div>\n\n\t\n<\/div>\n","protected":false},"excerpt":{"rendered":"","protected":false},"featured_media":245464,"comment_status":"closed","ping_status":"closed","template":"","meta":[],"product_brand":[],"product_cat":[2934,2963,2959,2960],"product_tag":[],"class_list":{"0":"post-245026","1":"product","2":"type-product","3":"status-publish","4":"has-post-thumbnail","6":"product_cat-elektrikaubad-ja-valgustid","7":"product_cat-lauavalgustid","8":"product_cat-valgustid","9":"product_cat-valgustid-valgustid","10":"pa_kaubamark-kobi-light-sp-z-o-o","12":"first","13":"outofstock","14":"sale","15":"taxable","16":"shipping-taxable","17":"purchasable","18":"product-type-simple"},"yoast_head":"<!-- This site is optimized with the Yoast SEO plugin v26.9 - https:\/\/yoast.com\/product\/yoast-seo-wordpress\/ -->\n<title>LAUAVALGUSTI AURIQ LUUP 10W 3000\/4000\/6500K USB 5V MUST KOBI - Espak E-pood<\/title>\n<meta name=\"robots\" content=\"index, follow, max-snippet:-1, max-image-preview:large, max-video-preview:-1\" \/>\n<link rel=\"canonical\" href=\"https:\/\/espak.ee\/epood\/toode\/lauavalgusti-auriq-luup-10w-3000-4000-6500k-usb-5v-must-kobi\/\" \/>\n<meta property=\"og:locale\" content=\"et_EE\" \/>\n<meta property=\"og:type\" content=\"article\" \/>\n<meta property=\"og:title\" content=\"LAUAVALGUSTI AURIQ LUUP 10W 3000\/4000\/6500K USB 5V MUST KOBI - Espak E-pood\" \/>\n<meta property=\"og:url\" content=\"https:\/\/espak.ee\/epood\/toode\/lauavalgusti-auriq-luup-10w-3000-4000-6500k-usb-5v-must-kobi\/\" \/>\n<meta property=\"og:site_name\" content=\"Espak E-pood\" \/>\n<meta property=\"article:modified_time\" content=\"2026-03-02T09:28:27+00:00\" \/>\n<meta property=\"og:image\" content=\"https:\/\/espak.ee\/epood\/wp-content\/uploads\/2025\/08\/table-lamp-led-auriq-loupe-10w-3cct-black-led2b-90b8b451e70b43f289afff403eb4870d-932b5f94.jpg\" \/>\n\t<meta property=\"og:image:width\" content=\"1000\" \/>\n\t<meta property=\"og:image:height\" content=\"1000\" \/>\n\t<meta property=\"og:image:type\" content=\"image\/jpeg\" \/>\n<meta name=\"twitter:card\" content=\"summary_large_image\" \/>\n<meta name=\"twitter:label1\" content=\"Est. reading time\" \/>\n\t<meta name=\"twitter:data1\" content=\"1 minut\" \/>\n<script type=\"application\/ld+json\" class=\"yoast-schema-graph\">{\"@context\":\"https:\/\/schema.org\",\"@graph\":[{\"@type\":\"WebPage\",\"@id\":\"https:\/\/espak.ee\/epood\/toode\/lauavalgusti-auriq-luup-10w-3000-4000-6500k-usb-5v-must-kobi\/\",\"url\":\"https:\/\/espak.ee\/epood\/toode\/lauavalgusti-auriq-luup-10w-3000-4000-6500k-usb-5v-must-kobi\/\",\"name\":\"LAUAVALGUSTI AURIQ LUUP 10W 3000\/4000\/6500K USB 5V MUST KOBI - Espak E-pood\",\"isPartOf\":{\"@id\":\"https:\/\/espak.ee\/epood\/#website\"},\"primaryImageOfPage\":{\"@id\":\"https:\/\/espak.ee\/epood\/toode\/lauavalgusti-auriq-luup-10w-3000-4000-6500k-usb-5v-must-kobi\/#primaryimage\"},\"image\":{\"@id\":\"https:\/\/espak.ee\/epood\/toode\/lauavalgusti-auriq-luup-10w-3000-4000-6500k-usb-5v-must-kobi\/#primaryimage\"},\"thumbnailUrl\":\"https:\/\/espak.ee\/epood\/wp-content\/uploads\/2025\/08\/table-lamp-led-auriq-loupe-10w-3cct-black-led2b-90b8b451e70b43f289afff403eb4870d-932b5f94.jpg\",\"datePublished\":\"2025-08-05T02:10:02+00:00\",\"dateModified\":\"2026-03-02T09:28:27+00:00\",\"breadcrumb\":{\"@id\":\"https:\/\/espak.ee\/epood\/toode\/lauavalgusti-auriq-luup-10w-3000-4000-6500k-usb-5v-must-kobi\/#breadcrumb\"},\"inLanguage\":\"et\",\"potentialAction\":[{\"@type\":\"ReadAction\",\"target\":[\"https:\/\/espak.ee\/epood\/toode\/lauavalgusti-auriq-luup-10w-3000-4000-6500k-usb-5v-must-kobi\/\"]}]},{\"@type\":\"ImageObject\",\"inLanguage\":\"et\",\"@id\":\"https:\/\/espak.ee\/epood\/toode\/lauavalgusti-auriq-luup-10w-3000-4000-6500k-usb-5v-must-kobi\/#primaryimage\",\"url\":\"https:\/\/espak.ee\/epood\/wp-content\/uploads\/2025\/08\/table-lamp-led-auriq-loupe-10w-3cct-black-led2b-90b8b451e70b43f289afff403eb4870d-932b5f94.jpg\",\"contentUrl\":\"https:\/\/espak.ee\/epood\/wp-content\/uploads\/2025\/08\/table-lamp-led-auriq-loupe-10w-3cct-black-led2b-90b8b451e70b43f289afff403eb4870d-932b5f94.jpg\",\"width\":1000,\"height\":1000},{\"@type\":\"BreadcrumbList\",\"@id\":\"https:\/\/espak.ee\/epood\/toode\/lauavalgusti-auriq-luup-10w-3000-4000-6500k-usb-5v-must-kobi\/#breadcrumb\",\"itemListElement\":[{\"@type\":\"ListItem\",\"position\":1,\"name\":\"Home\",\"item\":\"https:\/\/espak.ee\/epood\/\"},{\"@type\":\"ListItem\",\"position\":2,\"name\":\"Tootevalik\",\"item\":\"https:\/\/espak.ee\/epood\/tootevalik\/\"},{\"@type\":\"ListItem\",\"position\":3,\"name\":\"LAUAVALGUSTI AURIQ LUUP 10W 3000\/4000\/6500K USB 5V MUST KOBI\"}]},{\"@type\":\"WebSite\",\"@id\":\"https:\/\/espak.ee\/epood\/#website\",\"url\":\"https:\/\/espak.ee\/epood\/\",\"name\":\"Espak E-pood\",\"description\":\"\",\"potentialAction\":[{\"@type\":\"SearchAction\",\"target\":{\"@type\":\"EntryPoint\",\"urlTemplate\":\"https:\/\/espak.ee\/epood\/?s={search_term_string}\"},\"query-input\":{\"@type\":\"PropertyValueSpecification\",\"valueRequired\":true,\"valueName\":\"search_term_string\"}}],\"inLanguage\":\"et\"}]}<\/script>\n<!-- \/ Yoast SEO plugin. -->","yoast_head_json":{"title":"LAUAVALGUSTI AURIQ LUUP 10W 3000\/4000\/6500K USB 5V MUST KOBI - Espak E-pood","robots":{"index":"index","follow":"follow","max-snippet":"max-snippet:-1","max-image-preview":"max-image-preview:large","max-video-preview":"max-video-preview:-1"},"canonical":"https:\/\/espak.ee\/epood\/toode\/lauavalgusti-auriq-luup-10w-3000-4000-6500k-usb-5v-must-kobi\/","og_locale":"et_EE","og_type":"article","og_title":"LAUAVALGUSTI AURIQ LUUP 10W 3000\/4000\/6500K USB 5V MUST KOBI - Espak E-pood","og_url":"https:\/\/espak.ee\/epood\/toode\/lauavalgusti-auriq-luup-10w-3000-4000-6500k-usb-5v-must-kobi\/","og_site_name":"Espak E-pood","article_modified_time":"2026-03-02T09:28:27+00:00","og_image":[{"width":1000,"height":1000,"url":"https:\/\/espak.ee\/epood\/wp-content\/uploads\/2025\/08\/table-lamp-led-auriq-loupe-10w-3cct-black-led2b-90b8b451e70b43f289afff403eb4870d-932b5f94.jpg","type":"image\/jpeg"}],"twitter_card":"summary_large_image","twitter_misc":{"Est. reading time":"1 minut"},"schema":{"@context":"https:\/\/schema.org","@graph":[{"@type":"WebPage","@id":"https:\/\/espak.ee\/epood\/toode\/lauavalgusti-auriq-luup-10w-3000-4000-6500k-usb-5v-must-kobi\/","url":"https:\/\/espak.ee\/epood\/toode\/lauavalgusti-auriq-luup-10w-3000-4000-6500k-usb-5v-must-kobi\/","name":"LAUAVALGUSTI AURIQ LUUP 10W 3000\/4000\/6500K USB 5V MUST KOBI - Espak E-pood","isPartOf":{"@id":"https:\/\/espak.ee\/epood\/#website"},"primaryImageOfPage":{"@id":"https:\/\/espak.ee\/epood\/toode\/lauavalgusti-auriq-luup-10w-3000-4000-6500k-usb-5v-must-kobi\/#primaryimage"},"image":{"@id":"https:\/\/espak.ee\/epood\/toode\/lauavalgusti-auriq-luup-10w-3000-4000-6500k-usb-5v-must-kobi\/#primaryimage"},"thumbnailUrl":"https:\/\/espak.ee\/epood\/wp-content\/uploads\/2025\/08\/table-lamp-led-auriq-loupe-10w-3cct-black-led2b-90b8b451e70b43f289afff403eb4870d-932b5f94.jpg","datePublished":"2025-08-05T02:10:02+00:00","dateModified":"2026-03-02T09:28:27+00:00","breadcrumb":{"@id":"https:\/\/espak.ee\/epood\/toode\/lauavalgusti-auriq-luup-10w-3000-4000-6500k-usb-5v-must-kobi\/#breadcrumb"},"inLanguage":"et","potentialAction":[{"@type":"ReadAction","target":["https:\/\/espak.ee\/epood\/toode\/lauavalgusti-auriq-luup-10w-3000-4000-6500k-usb-5v-must-kobi\/"]}]},{"@type":"ImageObject","inLanguage":"et","@id":"https:\/\/espak.ee\/epood\/toode\/lauavalgusti-auriq-luup-10w-3000-4000-6500k-usb-5v-must-kobi\/#primaryimage","url":"https:\/\/espak.ee\/epood\/wp-content\/uploads\/2025\/08\/table-lamp-led-auriq-loupe-10w-3cct-black-led2b-90b8b451e70b43f289afff403eb4870d-932b5f94.jpg","contentUrl":"https:\/\/espak.ee\/epood\/wp-content\/uploads\/2025\/08\/table-lamp-led-auriq-loupe-10w-3cct-black-led2b-90b8b451e70b43f289afff403eb4870d-932b5f94.jpg","width":1000,"height":1000},{"@type":"BreadcrumbList","@id":"https:\/\/espak.ee\/epood\/toode\/lauavalgusti-auriq-luup-10w-3000-4000-6500k-usb-5v-must-kobi\/#breadcrumb","itemListElement":[{"@type":"ListItem","position":1,"name":"Home","item":"https:\/\/espak.ee\/epood\/"},{"@type":"ListItem","position":2,"name":"Tootevalik","item":"https:\/\/espak.ee\/epood\/tootevalik\/"},{"@type":"ListItem","position":3,"name":"LAUAVALGUSTI AURIQ LUUP 10W 3000\/4000\/6500K USB 5V MUST KOBI"}]},{"@type":"WebSite","@id":"https:\/\/espak.ee\/epood\/#website","url":"https:\/\/espak.ee\/epood\/","name":"Espak E-pood","description":"","potentialAction":[{"@type":"SearchAction","target":{"@type":"EntryPoint","urlTemplate":"https:\/\/espak.ee\/epood\/?s={search_term_string}"},"query-input":{"@type":"PropertyValueSpecification","valueRequired":true,"valueName":"search_term_string"}}],"inLanguage":"et"}]}},"_links":{"self":[{"href":"https:\/\/espak.ee\/epood\/wp-json\/wp\/v2\/product\/245026","targetHints":{"allow":["GET"]}}],"collection":[{"href":"https:\/\/espak.ee\/epood\/wp-json\/wp\/v2\/product"}],"about":[{"href":"https:\/\/espak.ee\/epood\/wp-json\/wp\/v2\/types\/product"}],"replies":[{"embeddable":true,"href":"https:\/\/espak.ee\/epood\/wp-json\/wp\/v2\/comments?post=245026"}],"wp:featuredmedia":[{"embeddable":true,"href":"https:\/\/espak.ee\/epood\/wp-json\/wp\/v2\/media\/245464"}],"wp:attachment":[{"href":"https:\/\/espak.ee\/epood\/wp-json\/wp\/v2\/media?parent=245026"}],"wp:term":[{"taxonomy":"product_brand","embeddable":true,"href":"https:\/\/espak.ee\/epood\/wp-json\/wp\/v2\/product_brand?post=245026"},{"taxonomy":"product_cat","embeddable":true,"href":"https:\/\/espak.ee\/epood\/wp-json\/wp\/v2\/product_cat?post=245026"},{"taxonomy":"product_tag","embeddable":true,"href":"https:\/\/espak.ee\/epood\/wp-json\/wp\/v2\/product_tag?post=245026"}],"curies":[{"name":"wp","href":"https:\/\/api.w.org\/{rel}","templated":true}]}}