{"id":245024,"date":"2025-08-05T05:10:02","date_gmt":"2025-08-05T02:10:02","guid":{"rendered":"https:\/\/espak.ee\/epood\/?post_type=product&#038;p=245024"},"modified":"2025-09-01T00:00:01","modified_gmt":"2025-08-31T21:00:01","slug":"lauavalgusti-lusia-5w-usb-laetav-5v-valge-kobi","status":"publish","type":"product","link":"https:\/\/espak.ee\/epood\/toode\/lauavalgusti-lusia-5w-usb-laetav-5v-valge-kobi\/","title":{"rendered":"LAUAVALGUSTI LUSIA 5W USB LAETAV 5V VALGE KOBI"},"content":{"rendered":"<div class=\"row\"  id=\"row-2095741249\">\n\n\t<div id=\"col-2006448284\" class=\"col medium-9 small-12 large-9\"  >\n\t\t\t\t<div class=\"col-inner\"  >\n\t\t\t\n\t\t\t\n<h2>Lauavalgusti Lusia LED2B 5W valge Kobi <\/h2>\n<p>Pliiatsitopsi ja USB kaabliga laetav laualamp annab vabaduse kasutada seda k\u00f5ikjal. <\/p>\n<p>LED LUSIA 5W LED2B on kaasaegne ja funktsionaalne laualamp, millel on sisseehitatud aku ja on m\u00f5eldud eelk\u00f5ige noorematele kasutajatele. T\u00e4nu juhtmevabale toimimisele, 360\u00b0 reguleeritavusele, integreeritud hoidikutele telefoni ja pliiatsite jaoks ning kahele valgusallikale sobib see ideaalselt teismeliste t\u00f6\u00f6lauale, lastetuppa v\u00f5i mobiilseks lambiks.<\/p>\n<p>&#8211; V\u00f5imsus: 5 W &#8211; energiat\u00f5husa valgustuse kasutamine \u00f5ppimiseks ja igap\u00e4evaste \u00fclesannete t\u00e4itmiseks<br \/>\n&#8211; Juhtmevaba ja akutoitega &#8211; t\u00e4ielik liikuvus ilma kaabli piiranguteta<br \/>\n&#8211; Sisseehitatud 1200 mAh aku &#8211; pikk t\u00f6\u00f6aeg ja USB-laadimine<br \/>\n&#8211; Komplektis: USB-A kaabel (umbes 40 cm) &#8211; \u00fchendatakse arvuti, energiapanga v\u00f5i laadijaga<br \/>\n&#8211; T\u00f6\u00f6tab laadimise ajal &#8211; pidev kasutamine isegi madala aku taseme korral<br \/>\n&#8211; P\u00f5hivalguse v\u00e4rvus: neutraalne valge (4000K) &#8211; ideaalne lugemiseks ja \u00f5ppimiseks<br \/>\n&#8211; Taustavalgustus: soe valge (3000K) &#8211; \u00f5rn, \u00fcmbritsev lisavalgus<br \/>\n&#8211; 360\u00b0 nurga reguleerimine &#8211; paindlik paigutus igas suunas<br \/>\n&#8211; Dimmerdatav &#8211; heleduse reguleerimine vastavalt tingimustele ja eelistustele<br \/>\n&#8211; Pliiatsi- ja tarvikutops<br \/>\n&#8211; Telefonihoidja &#8211; organiseeritud ja mugav t\u00f6\u00f6ruum<br \/>\n&#8211; Energiaklass: F\n <\/p>\n\t<div id=\"gap-762671117\" class=\"gap-element clearfix\" style=\"display:block; height:auto;\">\n\t\t\n<style>\n#gap-762671117 {\n  padding-top: 30px;\n}\n<\/style>\n\t<\/div>\n\t\n\t\t<\/div>\n\t\t\t\t\t<\/div>\n\n\t\n\n\t<div id=\"col-1229110729\" class=\"col medium-3 small-12 large-3\"  >\n\t\t\t\t<div class=\"col-inner\"  >\n\t\t\t\n\t\t\t\n\t<div id=\"gap-1226213970\" class=\"gap-element clearfix\" style=\"display:block; height:auto;\">\n\t\t\n<style>\n#gap-1226213970 {\n  padding-top: 30px;\n}\n<\/style>\n\t<\/div>\n\t\n<h3>Teabeleht<\/h3>\n<p><a href=\"https:\/\/espak.ee\/epood\/wp-content\/uploads\/2025\/08\/Fiche_2276153_ET.pdf\"target=\"_blank\" rel=\"noopener noreferrer\"><i class=\"far fa-file-pdf\"><\/i> Teabeleht (PDF)<\/a><\/p>\n<h3>Kasutusjuhend<\/h3>\n<p><a href=\"https:\/\/espak.ee\/epood\/wp-content\/uploads\/2025\/08\/Table-lamp-LED-LUSIA-5W-white-LED2B-004028-User-manual.pdf\"target=\"_blank\" rel=\"noopener noreferrer\"><i class=\"far fa-file-pdf\"><\/i> Kasutusjuhend (PDF)<\/a><\/p>\n<div class=\"is-divider divider clearfix\" ><\/div>\n<p><strong>\u00dcksikasjalikuma n\u00f5u saamiseks v\u00f5tke \u00fchendust:<br \/><\/strong>Espak AS<br \/>Viadukti 42<br \/>11313<br \/>Tallinn<br \/>+372 6 512333<\/p>\n<div class=\"is-divider divider clearfix\" ><\/div>\n\t\t<\/div>\n\t\t\t\t\t<\/div>\n\n\t\n<\/div>\n","protected":false},"excerpt":{"rendered":"","protected":false},"featured_media":245486,"comment_status":"closed","ping_status":"closed","template":"","meta":[],"product_brand":[],"product_cat":[2934,2963,2959,2960],"product_tag":[],"class_list":{"0":"post-245024","1":"product","2":"type-product","3":"status-publish","4":"has-post-thumbnail","6":"product_cat-elektrikaubad-ja-valgustid","7":"product_cat-lauavalgustid","8":"product_cat-valgustid","9":"product_cat-valgustid-valgustid","10":"pa_kaubamark-kobi-light-sp-z-o-o","12":"first","13":"instock","14":"sale","15":"taxable","16":"shipping-taxable","17":"purchasable","18":"product-type-simple"},"yoast_head":"<!-- This site is optimized with the Yoast SEO plugin v26.9 - https:\/\/yoast.com\/product\/yoast-seo-wordpress\/ -->\n<title>LAUAVALGUSTI LUSIA 5W USB LAETAV 5V VALGE KOBI - Espak E-pood<\/title>\n<meta name=\"robots\" content=\"index, follow, max-snippet:-1, max-image-preview:large, max-video-preview:-1\" \/>\n<link rel=\"canonical\" href=\"https:\/\/espak.ee\/epood\/toode\/lauavalgusti-lusia-5w-usb-laetav-5v-valge-kobi\/\" \/>\n<meta property=\"og:locale\" content=\"et_EE\" \/>\n<meta property=\"og:type\" content=\"article\" \/>\n<meta property=\"og:title\" content=\"LAUAVALGUSTI LUSIA 5W USB LAETAV 5V VALGE KOBI - Espak E-pood\" \/>\n<meta property=\"og:url\" content=\"https:\/\/espak.ee\/epood\/toode\/lauavalgusti-lusia-5w-usb-laetav-5v-valge-kobi\/\" \/>\n<meta property=\"og:site_name\" content=\"Espak E-pood\" \/>\n<meta property=\"article:modified_time\" content=\"2025-08-31T21:00:01+00:00\" \/>\n<meta property=\"og:image\" content=\"https:\/\/espak.ee\/epood\/wp-content\/uploads\/2025\/08\/table-lamp-led-lusia-5w-white-led2b-589fa4a0706641c5b6bdd0cb1967f6fc-c01ba34d.jpg\" \/>\n\t<meta property=\"og:image:width\" content=\"1000\" \/>\n\t<meta property=\"og:image:height\" content=\"1000\" \/>\n\t<meta property=\"og:image:type\" content=\"image\/jpeg\" \/>\n<meta name=\"twitter:card\" content=\"summary_large_image\" \/>\n<meta name=\"twitter:label1\" content=\"Est. reading time\" \/>\n\t<meta name=\"twitter:data1\" content=\"1 minut\" \/>\n<script type=\"application\/ld+json\" class=\"yoast-schema-graph\">{\"@context\":\"https:\/\/schema.org\",\"@graph\":[{\"@type\":\"WebPage\",\"@id\":\"https:\/\/espak.ee\/epood\/toode\/lauavalgusti-lusia-5w-usb-laetav-5v-valge-kobi\/\",\"url\":\"https:\/\/espak.ee\/epood\/toode\/lauavalgusti-lusia-5w-usb-laetav-5v-valge-kobi\/\",\"name\":\"LAUAVALGUSTI LUSIA 5W USB LAETAV 5V VALGE KOBI - Espak E-pood\",\"isPartOf\":{\"@id\":\"https:\/\/espak.ee\/epood\/#website\"},\"primaryImageOfPage\":{\"@id\":\"https:\/\/espak.ee\/epood\/toode\/lauavalgusti-lusia-5w-usb-laetav-5v-valge-kobi\/#primaryimage\"},\"image\":{\"@id\":\"https:\/\/espak.ee\/epood\/toode\/lauavalgusti-lusia-5w-usb-laetav-5v-valge-kobi\/#primaryimage\"},\"thumbnailUrl\":\"https:\/\/espak.ee\/epood\/wp-content\/uploads\/2025\/08\/table-lamp-led-lusia-5w-white-led2b-589fa4a0706641c5b6bdd0cb1967f6fc-c01ba34d.jpg\",\"datePublished\":\"2025-08-05T02:10:02+00:00\",\"dateModified\":\"2025-08-31T21:00:01+00:00\",\"breadcrumb\":{\"@id\":\"https:\/\/espak.ee\/epood\/toode\/lauavalgusti-lusia-5w-usb-laetav-5v-valge-kobi\/#breadcrumb\"},\"inLanguage\":\"et\",\"potentialAction\":[{\"@type\":\"ReadAction\",\"target\":[\"https:\/\/espak.ee\/epood\/toode\/lauavalgusti-lusia-5w-usb-laetav-5v-valge-kobi\/\"]}]},{\"@type\":\"ImageObject\",\"inLanguage\":\"et\",\"@id\":\"https:\/\/espak.ee\/epood\/toode\/lauavalgusti-lusia-5w-usb-laetav-5v-valge-kobi\/#primaryimage\",\"url\":\"https:\/\/espak.ee\/epood\/wp-content\/uploads\/2025\/08\/table-lamp-led-lusia-5w-white-led2b-589fa4a0706641c5b6bdd0cb1967f6fc-c01ba34d.jpg\",\"contentUrl\":\"https:\/\/espak.ee\/epood\/wp-content\/uploads\/2025\/08\/table-lamp-led-lusia-5w-white-led2b-589fa4a0706641c5b6bdd0cb1967f6fc-c01ba34d.jpg\",\"width\":1000,\"height\":1000},{\"@type\":\"BreadcrumbList\",\"@id\":\"https:\/\/espak.ee\/epood\/toode\/lauavalgusti-lusia-5w-usb-laetav-5v-valge-kobi\/#breadcrumb\",\"itemListElement\":[{\"@type\":\"ListItem\",\"position\":1,\"name\":\"Home\",\"item\":\"https:\/\/espak.ee\/epood\/\"},{\"@type\":\"ListItem\",\"position\":2,\"name\":\"Tootevalik\",\"item\":\"https:\/\/espak.ee\/epood\/tootevalik\/\"},{\"@type\":\"ListItem\",\"position\":3,\"name\":\"LAUAVALGUSTI LUSIA 5W USB LAETAV 5V VALGE KOBI\"}]},{\"@type\":\"WebSite\",\"@id\":\"https:\/\/espak.ee\/epood\/#website\",\"url\":\"https:\/\/espak.ee\/epood\/\",\"name\":\"Espak E-pood\",\"description\":\"\",\"potentialAction\":[{\"@type\":\"SearchAction\",\"target\":{\"@type\":\"EntryPoint\",\"urlTemplate\":\"https:\/\/espak.ee\/epood\/?s={search_term_string}\"},\"query-input\":{\"@type\":\"PropertyValueSpecification\",\"valueRequired\":true,\"valueName\":\"search_term_string\"}}],\"inLanguage\":\"et\"}]}<\/script>\n<!-- \/ Yoast SEO plugin. -->","yoast_head_json":{"title":"LAUAVALGUSTI LUSIA 5W USB LAETAV 5V VALGE KOBI - Espak E-pood","robots":{"index":"index","follow":"follow","max-snippet":"max-snippet:-1","max-image-preview":"max-image-preview:large","max-video-preview":"max-video-preview:-1"},"canonical":"https:\/\/espak.ee\/epood\/toode\/lauavalgusti-lusia-5w-usb-laetav-5v-valge-kobi\/","og_locale":"et_EE","og_type":"article","og_title":"LAUAVALGUSTI LUSIA 5W USB LAETAV 5V VALGE KOBI - Espak E-pood","og_url":"https:\/\/espak.ee\/epood\/toode\/lauavalgusti-lusia-5w-usb-laetav-5v-valge-kobi\/","og_site_name":"Espak E-pood","article_modified_time":"2025-08-31T21:00:01+00:00","og_image":[{"width":1000,"height":1000,"url":"https:\/\/espak.ee\/epood\/wp-content\/uploads\/2025\/08\/table-lamp-led-lusia-5w-white-led2b-589fa4a0706641c5b6bdd0cb1967f6fc-c01ba34d.jpg","type":"image\/jpeg"}],"twitter_card":"summary_large_image","twitter_misc":{"Est. reading time":"1 minut"},"schema":{"@context":"https:\/\/schema.org","@graph":[{"@type":"WebPage","@id":"https:\/\/espak.ee\/epood\/toode\/lauavalgusti-lusia-5w-usb-laetav-5v-valge-kobi\/","url":"https:\/\/espak.ee\/epood\/toode\/lauavalgusti-lusia-5w-usb-laetav-5v-valge-kobi\/","name":"LAUAVALGUSTI LUSIA 5W USB LAETAV 5V VALGE KOBI - Espak E-pood","isPartOf":{"@id":"https:\/\/espak.ee\/epood\/#website"},"primaryImageOfPage":{"@id":"https:\/\/espak.ee\/epood\/toode\/lauavalgusti-lusia-5w-usb-laetav-5v-valge-kobi\/#primaryimage"},"image":{"@id":"https:\/\/espak.ee\/epood\/toode\/lauavalgusti-lusia-5w-usb-laetav-5v-valge-kobi\/#primaryimage"},"thumbnailUrl":"https:\/\/espak.ee\/epood\/wp-content\/uploads\/2025\/08\/table-lamp-led-lusia-5w-white-led2b-589fa4a0706641c5b6bdd0cb1967f6fc-c01ba34d.jpg","datePublished":"2025-08-05T02:10:02+00:00","dateModified":"2025-08-31T21:00:01+00:00","breadcrumb":{"@id":"https:\/\/espak.ee\/epood\/toode\/lauavalgusti-lusia-5w-usb-laetav-5v-valge-kobi\/#breadcrumb"},"inLanguage":"et","potentialAction":[{"@type":"ReadAction","target":["https:\/\/espak.ee\/epood\/toode\/lauavalgusti-lusia-5w-usb-laetav-5v-valge-kobi\/"]}]},{"@type":"ImageObject","inLanguage":"et","@id":"https:\/\/espak.ee\/epood\/toode\/lauavalgusti-lusia-5w-usb-laetav-5v-valge-kobi\/#primaryimage","url":"https:\/\/espak.ee\/epood\/wp-content\/uploads\/2025\/08\/table-lamp-led-lusia-5w-white-led2b-589fa4a0706641c5b6bdd0cb1967f6fc-c01ba34d.jpg","contentUrl":"https:\/\/espak.ee\/epood\/wp-content\/uploads\/2025\/08\/table-lamp-led-lusia-5w-white-led2b-589fa4a0706641c5b6bdd0cb1967f6fc-c01ba34d.jpg","width":1000,"height":1000},{"@type":"BreadcrumbList","@id":"https:\/\/espak.ee\/epood\/toode\/lauavalgusti-lusia-5w-usb-laetav-5v-valge-kobi\/#breadcrumb","itemListElement":[{"@type":"ListItem","position":1,"name":"Home","item":"https:\/\/espak.ee\/epood\/"},{"@type":"ListItem","position":2,"name":"Tootevalik","item":"https:\/\/espak.ee\/epood\/tootevalik\/"},{"@type":"ListItem","position":3,"name":"LAUAVALGUSTI LUSIA 5W USB LAETAV 5V VALGE KOBI"}]},{"@type":"WebSite","@id":"https:\/\/espak.ee\/epood\/#website","url":"https:\/\/espak.ee\/epood\/","name":"Espak E-pood","description":"","potentialAction":[{"@type":"SearchAction","target":{"@type":"EntryPoint","urlTemplate":"https:\/\/espak.ee\/epood\/?s={search_term_string}"},"query-input":{"@type":"PropertyValueSpecification","valueRequired":true,"valueName":"search_term_string"}}],"inLanguage":"et"}]}},"_links":{"self":[{"href":"https:\/\/espak.ee\/epood\/wp-json\/wp\/v2\/product\/245024","targetHints":{"allow":["GET"]}}],"collection":[{"href":"https:\/\/espak.ee\/epood\/wp-json\/wp\/v2\/product"}],"about":[{"href":"https:\/\/espak.ee\/epood\/wp-json\/wp\/v2\/types\/product"}],"replies":[{"embeddable":true,"href":"https:\/\/espak.ee\/epood\/wp-json\/wp\/v2\/comments?post=245024"}],"wp:featuredmedia":[{"embeddable":true,"href":"https:\/\/espak.ee\/epood\/wp-json\/wp\/v2\/media\/245486"}],"wp:attachment":[{"href":"https:\/\/espak.ee\/epood\/wp-json\/wp\/v2\/media?parent=245024"}],"wp:term":[{"taxonomy":"product_brand","embeddable":true,"href":"https:\/\/espak.ee\/epood\/wp-json\/wp\/v2\/product_brand?post=245024"},{"taxonomy":"product_cat","embeddable":true,"href":"https:\/\/espak.ee\/epood\/wp-json\/wp\/v2\/product_cat?post=245024"},{"taxonomy":"product_tag","embeddable":true,"href":"https:\/\/espak.ee\/epood\/wp-json\/wp\/v2\/product_tag?post=245024"}],"curies":[{"name":"wp","href":"https:\/\/api.w.org\/{rel}","templated":true}]}}