{"id":244608,"date":"2025-07-30T05:05:04","date_gmt":"2025-07-30T02:05:04","guid":{"rendered":"https:\/\/espak.ee\/epood\/?post_type=product&#038;p=244608"},"modified":"2025-08-06T09:20:46","modified_gmt":"2025-08-06T06:20:46","slug":"liimhermeetik-soudaseal-252-artic-valge-290ml","status":"publish","type":"product","link":"https:\/\/espak.ee\/epood\/toode\/liimhermeetik-soudaseal-252-artic-valge-290ml\/","title":{"rendered":"LIIMHERMEETIK SOUDASEAL 252 ARTIC VALGE 290ML"},"content":{"rendered":"<div class=\"row\"  id=\"row-406286290\">\n\n\t<div id=\"col-595005771\" class=\"col medium-9 small-12 large-9\"  >\n\t\t\t\t<div class=\"col-inner\"  >\n\t\t\t\n\t\t\t\n<h3>Liimhermeetik Soudaseal 252 Artic valge 290ml Soudal<\/h3>\n<p>Soudaseal 252 Arctic on kvaliteetne, neutraalne, elastne \u00fchekomponentne liimhermeetik, mis p\u00f5hineb SMX-pol\u00fcmeeril. Soudaseal 252 Arctic on kasutatav ka v\u00e4ga madalatel temperatuuridel, tugeva algnakkega liim.<\/p>\n<div class=\"message-box relative\" style=\"padding-top:15px;padding-bottom:15px;\"><div class=\"message-box-bg-image bg-fill fill\" ><\/div><div class=\"message-box-bg-overlay bg-fill fill\" ><\/div><div class=\"container relative\"><div class=\"inner last-reset\">\n<div class=\"row align-middle align-center\"  id=\"row-1542788600\">\n\n\t<div id=\"col-159105869\" class=\"col small-12 large-12\"  >\n\t\t\t\t<div class=\"col-inner text-left\"  >\n\t\t\t\n\t\t\t\n<h4>Omadused<\/h4>\n<div class=\"row\"  id=\"row-498871109\">\n\n\t<div id=\"col-340791648\" class=\"col medium-6 small-12 large-6\"  >\n\t\t\t\t<div class=\"col-inner\"  >\n\t\t\t\n\t\t\t\n<p><i class=\"far fa-check-circle fa-2x\"><\/i><strong>\u00a0Tugev algnake<\/strong><\/p>\n<p><strong><i class=\"far fa-check-circle fa-2x\"><\/i>\u00a0V\u00e4ga madal heitmete tase, EC1+ sertifikaadiga<\/strong><\/p>\n<p><strong><i class=\"far fa-check-circle fa-2x\"><\/i>\u00a0K\u00f5veneb isegi miinuskraadide juures<\/strong><\/p>\n<p><strong><i class=\"far fa-check-circle fa-2x\"><\/i>\u00a0Kasutamiseks sees ja v\u00e4ljas<\/strong><\/p>\n<p><strong><i class=\"far fa-check-circle fa-2x\"><\/i>\u00a0V\u00e4iksem toestamise vajadus<\/strong><\/p>\n<p><strong><i class=\"far fa-check-circle fa-2x\"><\/i>\u00a0V\u00e4ga hea nakkuvus paljude materjalidega, isegi kui see on veidi niiske<\/strong><\/p>\n\t\t<\/div>\n\t\t\t\t\n<style>\n#col-340791648 > .col-inner {\n  margin: 0px 0px 15px 0px;\n}\n<\/style>\n\t<\/div>\n\n\t\n\n\t<div id=\"col-1081225626\" class=\"col medium-6 small-12 large-6\"  >\n\t\t\t\t<div class=\"col-inner\"  >\n\t\t\t\n\t\t\t\n<p><i class=\"far fa-check-circle fa-2x\"><\/i><strong>\u00a0K\u00f5rge nihketugevus p\u00e4rast t\u00e4ielikku kuivamist (krunt puudub)<\/strong><\/p>\n<p><strong><i class=\"far fa-check-circle fa-2x\"><\/i>\u00a0V\u00e4hene l\u00f5hn<\/strong><\/p>\n<p><strong><i class=\"far fa-check-circle fa-2x\"><\/i>\u00a0Ftalaadivaba<\/strong><\/p>\n<p><strong><i class=\"far fa-check-circle fa-2x\"><\/i>\u00a0P\u00e4rast k\u00f5venemist p\u00fcsivalt elastne<\/strong><\/p>\n<p><strong><i class=\"far fa-check-circle fa-2x\"><\/i>\u00a0\u00dclev\u00e4rvitav veep\u00f5histe v\u00e4rvidega<\/strong><\/p>\n\t\t<\/div>\n\t\t\t\t\n<style>\n#col-1081225626 > .col-inner {\n  margin: 0px 0px 15px 0px;\n}\n<\/style>\n\t<\/div>\n\n\t\n<\/div>\n\t\t<\/div>\n\t\t\t\t\t<\/div>\n\n\t\n<\/div>\n<\/div><\/div><\/div>\n\t<div id=\"gap-1729205616\" class=\"gap-element clearfix\" style=\"display:block; height:auto;\">\n\t\t\n<style>\n#gap-1729205616 {\n  padding-top: 30px;\n}\n<\/style>\n\t<\/div>\n\t\n<p><strong>Rakendused: <\/strong><br \/>\n&#8211; Igat t\u00fc\u00fcpi ehitusmaterjalide liimimine k\u00f5ikidele poorsetele ja mittepoorsetele pindadele<br \/>\n&#8211; Esemete, paneelide, profiilide ja muude detailide elastne liimimine enamuse aluspindadega.<br \/>\n&#8211; Tugev elastne liimimine vibreerivates konstruktsioonides.\n<\/p>\n<p><strong>Juhised: <\/strong><br \/>\nKasutusviis: Kasutage manuaalset, aku- v\u00f5i pneumaatilist hermeetikup\u00fcstolit.<br \/>\nPuhastamine: Puhastage tootega White Spirit v\u00f5i Soudal Surface Cleaner kohe p\u00e4rast kasutamist (enne k\u00f5venemist).<br \/>\nParandus: Remont sama materjaliga.<\/p>\n\t\t<\/div>\n\t\t\t\t\t<\/div>\n\n\t\n\n\t<div id=\"col-877552216\" class=\"col medium-3 small-12 large-3\"  >\n\t\t\t\t<div class=\"col-inner\"  >\n\t\t\t\n\t\t\t\n\t<div id=\"gap-815595138\" class=\"gap-element clearfix\" style=\"display:block; height:auto;\">\n\t\t\n<style>\n#gap-815595138 {\n  padding-top: 30px;\n}\n<\/style>\n\t<\/div>\n\t\n<h3>Tehniline informatsioon<\/h3>\n<p><a href=\"https:\/\/espak.ee\/epood\/wp-content\/uploads\/2025\/07\/Soudaseal_252_Arctic_et_Soudal_Estonia.pdf\"target=\"_blank\" rel=\"noopener noreferrer\"><i class=\"far fa-file-pdf\"><\/i> Tehniline info (PDF)<\/a><\/p>\n<h3>Ohutuskaart<\/h3>\n<p><a href=\"https:\/\/espak.ee\/epood\/wp-content\/uploads\/2025\/07\/SDS100002620ET_EE_12C0_Soudaseal_252_Arctic.pdf\"target=\"_blank\" rel=\"noopener noreferrer\"><i class=\"far fa-file-pdf\"><\/i> Ohutuskaart (PDF)<\/a><\/p>\n<div class=\"is-divider divider clearfix\" ><\/div>\n<p><strong>\u00dcksikasjalikuma n\u00f5u saamiseks v\u00f5tke \u00fchendust:<br \/><\/strong>SOUDAL AS\ufeff<br \/>Haraka tn. 5<br \/>11311<br \/>Tallinn<br \/>+ 372 655 1851<\/p>\n\t\t<\/div>\n\t\t\t\t\t<\/div>\n\n\t\n<\/div>\n","protected":false},"excerpt":{"rendered":"","protected":false},"featured_media":245286,"comment_status":"closed","ping_status":"closed","template":"","meta":[],"product_brand":[],"product_cat":[2703,2706,2707,2683],"product_tag":[],"class_list":{"0":"post-244608","1":"product","2":"type-product","3":"status-publish","4":"has-post-thumbnail","6":"product_cat-ehituskeemia","7":"product_cat-liimid","8":"product_cat-universaalliimid","9":"product_cat-viimistluskaubad","11":"first","12":"instock","13":"sale","14":"taxable","15":"shipping-taxable","16":"purchasable","17":"product-type-simple"},"yoast_head":"<!-- This site is optimized with the Yoast SEO plugin v26.9 - https:\/\/yoast.com\/product\/yoast-seo-wordpress\/ -->\n<title>LIIMHERMEETIK SOUDASEAL 252 ARTIC VALGE 290ML - Espak E-pood<\/title>\n<meta name=\"robots\" content=\"index, follow, max-snippet:-1, max-image-preview:large, max-video-preview:-1\" \/>\n<link rel=\"canonical\" href=\"https:\/\/espak.ee\/epood\/toode\/liimhermeetik-soudaseal-252-artic-valge-290ml\/\" \/>\n<meta property=\"og:locale\" content=\"et_EE\" \/>\n<meta property=\"og:type\" content=\"article\" \/>\n<meta property=\"og:title\" content=\"LIIMHERMEETIK SOUDASEAL 252 ARTIC VALGE 290ML - Espak E-pood\" \/>\n<meta property=\"og:url\" content=\"https:\/\/espak.ee\/epood\/toode\/liimhermeetik-soudaseal-252-artic-valge-290ml\/\" \/>\n<meta property=\"og:site_name\" content=\"Espak E-pood\" \/>\n<meta property=\"article:modified_time\" content=\"2025-08-06T06:20:46+00:00\" \/>\n<meta property=\"og:image\" content=\"https:\/\/espak.ee\/epood\/wp-content\/uploads\/2025\/07\/361218-CAR_SOUDASEAL_252_ARCTIC-2.jpg\" \/>\n\t<meta property=\"og:image:width\" content=\"1000\" \/>\n\t<meta property=\"og:image:height\" content=\"1000\" \/>\n\t<meta property=\"og:image:type\" content=\"image\/jpeg\" \/>\n<meta name=\"twitter:card\" content=\"summary_large_image\" \/>\n<meta name=\"twitter:label1\" content=\"Est. reading time\" \/>\n\t<meta name=\"twitter:data1\" content=\"1 minut\" \/>\n<script type=\"application\/ld+json\" class=\"yoast-schema-graph\">{\"@context\":\"https:\/\/schema.org\",\"@graph\":[{\"@type\":\"WebPage\",\"@id\":\"https:\/\/espak.ee\/epood\/toode\/liimhermeetik-soudaseal-252-artic-valge-290ml\/\",\"url\":\"https:\/\/espak.ee\/epood\/toode\/liimhermeetik-soudaseal-252-artic-valge-290ml\/\",\"name\":\"LIIMHERMEETIK SOUDASEAL 252 ARTIC VALGE 290ML - Espak E-pood\",\"isPartOf\":{\"@id\":\"https:\/\/espak.ee\/epood\/#website\"},\"primaryImageOfPage\":{\"@id\":\"https:\/\/espak.ee\/epood\/toode\/liimhermeetik-soudaseal-252-artic-valge-290ml\/#primaryimage\"},\"image\":{\"@id\":\"https:\/\/espak.ee\/epood\/toode\/liimhermeetik-soudaseal-252-artic-valge-290ml\/#primaryimage\"},\"thumbnailUrl\":\"https:\/\/espak.ee\/epood\/wp-content\/uploads\/2025\/07\/361218-CAR_SOUDASEAL_252_ARCTIC-2.jpg\",\"datePublished\":\"2025-07-30T02:05:04+00:00\",\"dateModified\":\"2025-08-06T06:20:46+00:00\",\"breadcrumb\":{\"@id\":\"https:\/\/espak.ee\/epood\/toode\/liimhermeetik-soudaseal-252-artic-valge-290ml\/#breadcrumb\"},\"inLanguage\":\"et\",\"potentialAction\":[{\"@type\":\"ReadAction\",\"target\":[\"https:\/\/espak.ee\/epood\/toode\/liimhermeetik-soudaseal-252-artic-valge-290ml\/\"]}]},{\"@type\":\"ImageObject\",\"inLanguage\":\"et\",\"@id\":\"https:\/\/espak.ee\/epood\/toode\/liimhermeetik-soudaseal-252-artic-valge-290ml\/#primaryimage\",\"url\":\"https:\/\/espak.ee\/epood\/wp-content\/uploads\/2025\/07\/361218-CAR_SOUDASEAL_252_ARCTIC-2.jpg\",\"contentUrl\":\"https:\/\/espak.ee\/epood\/wp-content\/uploads\/2025\/07\/361218-CAR_SOUDASEAL_252_ARCTIC-2.jpg\",\"width\":1000,\"height\":1000},{\"@type\":\"BreadcrumbList\",\"@id\":\"https:\/\/espak.ee\/epood\/toode\/liimhermeetik-soudaseal-252-artic-valge-290ml\/#breadcrumb\",\"itemListElement\":[{\"@type\":\"ListItem\",\"position\":1,\"name\":\"Home\",\"item\":\"https:\/\/espak.ee\/epood\/\"},{\"@type\":\"ListItem\",\"position\":2,\"name\":\"Tootevalik\",\"item\":\"https:\/\/espak.ee\/epood\/tootevalik\/\"},{\"@type\":\"ListItem\",\"position\":3,\"name\":\"LIIMHERMEETIK SOUDASEAL 252 ARTIC VALGE 290ML\"}]},{\"@type\":\"WebSite\",\"@id\":\"https:\/\/espak.ee\/epood\/#website\",\"url\":\"https:\/\/espak.ee\/epood\/\",\"name\":\"Espak E-pood\",\"description\":\"\",\"potentialAction\":[{\"@type\":\"SearchAction\",\"target\":{\"@type\":\"EntryPoint\",\"urlTemplate\":\"https:\/\/espak.ee\/epood\/?s={search_term_string}\"},\"query-input\":{\"@type\":\"PropertyValueSpecification\",\"valueRequired\":true,\"valueName\":\"search_term_string\"}}],\"inLanguage\":\"et\"}]}<\/script>\n<!-- \/ Yoast SEO plugin. -->","yoast_head_json":{"title":"LIIMHERMEETIK SOUDASEAL 252 ARTIC VALGE 290ML - Espak E-pood","robots":{"index":"index","follow":"follow","max-snippet":"max-snippet:-1","max-image-preview":"max-image-preview:large","max-video-preview":"max-video-preview:-1"},"canonical":"https:\/\/espak.ee\/epood\/toode\/liimhermeetik-soudaseal-252-artic-valge-290ml\/","og_locale":"et_EE","og_type":"article","og_title":"LIIMHERMEETIK SOUDASEAL 252 ARTIC VALGE 290ML - Espak E-pood","og_url":"https:\/\/espak.ee\/epood\/toode\/liimhermeetik-soudaseal-252-artic-valge-290ml\/","og_site_name":"Espak E-pood","article_modified_time":"2025-08-06T06:20:46+00:00","og_image":[{"width":1000,"height":1000,"url":"https:\/\/espak.ee\/epood\/wp-content\/uploads\/2025\/07\/361218-CAR_SOUDASEAL_252_ARCTIC-2.jpg","type":"image\/jpeg"}],"twitter_card":"summary_large_image","twitter_misc":{"Est. reading time":"1 minut"},"schema":{"@context":"https:\/\/schema.org","@graph":[{"@type":"WebPage","@id":"https:\/\/espak.ee\/epood\/toode\/liimhermeetik-soudaseal-252-artic-valge-290ml\/","url":"https:\/\/espak.ee\/epood\/toode\/liimhermeetik-soudaseal-252-artic-valge-290ml\/","name":"LIIMHERMEETIK SOUDASEAL 252 ARTIC VALGE 290ML - Espak E-pood","isPartOf":{"@id":"https:\/\/espak.ee\/epood\/#website"},"primaryImageOfPage":{"@id":"https:\/\/espak.ee\/epood\/toode\/liimhermeetik-soudaseal-252-artic-valge-290ml\/#primaryimage"},"image":{"@id":"https:\/\/espak.ee\/epood\/toode\/liimhermeetik-soudaseal-252-artic-valge-290ml\/#primaryimage"},"thumbnailUrl":"https:\/\/espak.ee\/epood\/wp-content\/uploads\/2025\/07\/361218-CAR_SOUDASEAL_252_ARCTIC-2.jpg","datePublished":"2025-07-30T02:05:04+00:00","dateModified":"2025-08-06T06:20:46+00:00","breadcrumb":{"@id":"https:\/\/espak.ee\/epood\/toode\/liimhermeetik-soudaseal-252-artic-valge-290ml\/#breadcrumb"},"inLanguage":"et","potentialAction":[{"@type":"ReadAction","target":["https:\/\/espak.ee\/epood\/toode\/liimhermeetik-soudaseal-252-artic-valge-290ml\/"]}]},{"@type":"ImageObject","inLanguage":"et","@id":"https:\/\/espak.ee\/epood\/toode\/liimhermeetik-soudaseal-252-artic-valge-290ml\/#primaryimage","url":"https:\/\/espak.ee\/epood\/wp-content\/uploads\/2025\/07\/361218-CAR_SOUDASEAL_252_ARCTIC-2.jpg","contentUrl":"https:\/\/espak.ee\/epood\/wp-content\/uploads\/2025\/07\/361218-CAR_SOUDASEAL_252_ARCTIC-2.jpg","width":1000,"height":1000},{"@type":"BreadcrumbList","@id":"https:\/\/espak.ee\/epood\/toode\/liimhermeetik-soudaseal-252-artic-valge-290ml\/#breadcrumb","itemListElement":[{"@type":"ListItem","position":1,"name":"Home","item":"https:\/\/espak.ee\/epood\/"},{"@type":"ListItem","position":2,"name":"Tootevalik","item":"https:\/\/espak.ee\/epood\/tootevalik\/"},{"@type":"ListItem","position":3,"name":"LIIMHERMEETIK SOUDASEAL 252 ARTIC VALGE 290ML"}]},{"@type":"WebSite","@id":"https:\/\/espak.ee\/epood\/#website","url":"https:\/\/espak.ee\/epood\/","name":"Espak E-pood","description":"","potentialAction":[{"@type":"SearchAction","target":{"@type":"EntryPoint","urlTemplate":"https:\/\/espak.ee\/epood\/?s={search_term_string}"},"query-input":{"@type":"PropertyValueSpecification","valueRequired":true,"valueName":"search_term_string"}}],"inLanguage":"et"}]}},"_links":{"self":[{"href":"https:\/\/espak.ee\/epood\/wp-json\/wp\/v2\/product\/244608","targetHints":{"allow":["GET"]}}],"collection":[{"href":"https:\/\/espak.ee\/epood\/wp-json\/wp\/v2\/product"}],"about":[{"href":"https:\/\/espak.ee\/epood\/wp-json\/wp\/v2\/types\/product"}],"replies":[{"embeddable":true,"href":"https:\/\/espak.ee\/epood\/wp-json\/wp\/v2\/comments?post=244608"}],"wp:featuredmedia":[{"embeddable":true,"href":"https:\/\/espak.ee\/epood\/wp-json\/wp\/v2\/media\/245286"}],"wp:attachment":[{"href":"https:\/\/espak.ee\/epood\/wp-json\/wp\/v2\/media?parent=244608"}],"wp:term":[{"taxonomy":"product_brand","embeddable":true,"href":"https:\/\/espak.ee\/epood\/wp-json\/wp\/v2\/product_brand?post=244608"},{"taxonomy":"product_cat","embeddable":true,"href":"https:\/\/espak.ee\/epood\/wp-json\/wp\/v2\/product_cat?post=244608"},{"taxonomy":"product_tag","embeddable":true,"href":"https:\/\/espak.ee\/epood\/wp-json\/wp\/v2\/product_tag?post=244608"}],"curies":[{"name":"wp","href":"https:\/\/api.w.org\/{rel}","templated":true}]}}