{"id":244052,"date":"2025-07-19T05:10:03","date_gmt":"2025-07-19T02:10:03","guid":{"rendered":"https:\/\/espak.ee\/epood\/?post_type=product&#038;p=244052"},"modified":"2026-03-31T12:48:02","modified_gmt":"2026-03-31T09:48:02","slug":"voolik-comfort-flex-gardena-19mm-3-4-25m","status":"publish","type":"product","link":"https:\/\/espak.ee\/epood\/toode\/voolik-comfort-flex-gardena-19mm-3-4-25m\/","title":{"rendered":"VOOLIK COMFORT FLEX GARDENA 19MM (3\/4&#8243;) 25M"},"content":{"rendered":"<div class=\"row\"  id=\"row-111599607\">\n\n\t<div id=\"col-1312506149\" class=\"col medium-9 small-12 large-9\"  >\n\t\t\t\t<div class=\"col-inner\"  >\n\t\t\t\n\t\t\t\n<h2>Comfort Flex voolik 19 mm, 25 m Gardena<\/h2>\n<p>GARDENA Comfort FLEX voolik koos Power Gripi profiiliga, mis kindlustab vooliku ja voolikuliitmiku t\u00e4iusliku \u00fchenduse. T\u00e4nu uuele tehnoloogiale lukustuvad need nagu hammasrattad. Power Gripi profiil v\u00f5imaldab seda, mida paljud aiaomanikud on juba ammu soovinud: usaldusv\u00e4\u00e4rne \u00fchendus ja t\u00e4iuslik hoidej\u00f5ud.<br \/>\n K\u00f5rgema profiili positiivne k\u00f5rvalm\u00f5ju: voolikut on lihtsam kerida ja see jookseb h\u00e4sti. T\u00e4nu spiraalv\u00f5rgust tekstiilile, kus kaks spiraali t\u00f6\u00f6tavad vastassuundades, on voolik survekindel ja s\u00e4ilitab oma kuju, olles samas paindlik ja h\u00f5lpsalt k\u00e4sitsetav. See ei l\u00e4he s\u00f5lme ega keerdu. Need on ideaalsed vahendid, mille kasutamine aias on mugav ja paindlik.<br \/>\nVajadusel saab seda t\u00e4iendada GARDENA originaals\u00fcsteemitarvikute ja \u00fchendusseadmetega. See ei sisalda kahjulikke plastifikaatoreid (ftalaate) ega raskemetalle ning on loomulikult UV-kindel. T\u00e4nu paksudele seintele on see eriti tugev ja vastupidav.<\/p>\n<p>Purunemisr\u00f5hk: 25 bar<br \/>\nVooliku pikkus: 25 m<br \/>\nVooliku l\u00e4bim\u00f5\u00f5t: 19 mm<br \/>\nGardena garantii: 20-aastane garantii\n<\/p>\n\t\t<\/div>\n\t\t\t\t\t<\/div>\n\n\t\n\n\t<div id=\"col-2096801239\" class=\"col medium-3 small-12 large-3\"  >\n\t\t\t\t<div class=\"col-inner\"  >\n\t\t\t\n\t\t\t\n\t<div id=\"gap-531092689\" class=\"gap-element clearfix\" style=\"display:block; height:auto;\">\n\t\t\n<style>\n#gap-531092689 {\n  padding-top: 30px;\n}\n<\/style>\n\t<\/div>\n\t\n<div class=\"is-divider divider clearfix\" ><\/div>\n<p><strong>\u00dcksikasjalikuma n\u00f5u saamiseks v\u00f5tke \u00fchendust:<br \/><\/strong>Espak AS<br \/>Viadukti 42<br \/>11313<br \/>Tallinn<br \/>+372 6 512333<\/p>\n<div class=\"is-divider divider clearfix\" ><\/div>\n\t\t<\/div>\n\t\t\t\t\t<\/div>\n\n\t\n<\/div>\n","protected":false},"excerpt":{"rendered":"","protected":false},"featured_media":245084,"comment_status":"closed","ping_status":"closed","template":"","meta":[],"product_brand":[],"product_cat":[2789,2788,3280,4749],"product_tag":[],"class_list":{"0":"post-244052","1":"product","2":"type-product","3":"status-publish","4":"has-post-thumbnail","6":"product_cat-aiatarbed","7":"product_cat-aiatarbed-ja-kodukaubad","8":"product_cat-kastmistarvikud","9":"product_cat-voolikukarud","10":"pa_kaubamark-husqvarna-eesti-ou","12":"first","13":"instock","14":"sale","15":"taxable","16":"shipping-taxable","17":"purchasable","18":"product-type-simple"},"yoast_head":"<!-- This site is optimized with the Yoast SEO plugin v26.9 - https:\/\/yoast.com\/product\/yoast-seo-wordpress\/ -->\n<title>VOOLIK COMFORT FLEX GARDENA 19MM (3\/4&quot;) 25M - Espak E-pood<\/title>\n<meta name=\"robots\" content=\"index, follow, max-snippet:-1, max-image-preview:large, max-video-preview:-1\" \/>\n<link rel=\"canonical\" href=\"https:\/\/espak.ee\/epood\/toode\/voolik-comfort-flex-gardena-19mm-3-4-25m\/\" \/>\n<meta property=\"og:locale\" content=\"et_EE\" \/>\n<meta property=\"og:type\" content=\"article\" \/>\n<meta property=\"og:title\" content=\"VOOLIK COMFORT FLEX GARDENA 19MM (3\/4&quot;) 25M - Espak E-pood\" \/>\n<meta property=\"og:url\" content=\"https:\/\/espak.ee\/epood\/toode\/voolik-comfort-flex-gardena-19mm-3-4-25m\/\" \/>\n<meta property=\"og:site_name\" content=\"Espak E-pood\" \/>\n<meta property=\"article:modified_time\" content=\"2026-03-31T09:48:02+00:00\" \/>\n<meta property=\"og:image\" content=\"https:\/\/espak.ee\/epood\/wp-content\/uploads\/2025\/07\/GA110-1441.jpg\" \/>\n\t<meta property=\"og:image:width\" content=\"1000\" \/>\n\t<meta property=\"og:image:height\" content=\"1000\" \/>\n\t<meta property=\"og:image:type\" content=\"image\/jpeg\" \/>\n<meta name=\"twitter:card\" content=\"summary_large_image\" \/>\n<meta name=\"twitter:label1\" content=\"Est. reading time\" \/>\n\t<meta name=\"twitter:data1\" content=\"1 minut\" \/>\n<script type=\"application\/ld+json\" class=\"yoast-schema-graph\">{\"@context\":\"https:\/\/schema.org\",\"@graph\":[{\"@type\":\"WebPage\",\"@id\":\"https:\/\/espak.ee\/epood\/toode\/voolik-comfort-flex-gardena-19mm-3-4-25m\/\",\"url\":\"https:\/\/espak.ee\/epood\/toode\/voolik-comfort-flex-gardena-19mm-3-4-25m\/\",\"name\":\"VOOLIK COMFORT FLEX GARDENA 19MM (3\/4\\\") 25M - Espak E-pood\",\"isPartOf\":{\"@id\":\"https:\/\/espak.ee\/epood\/#website\"},\"primaryImageOfPage\":{\"@id\":\"https:\/\/espak.ee\/epood\/toode\/voolik-comfort-flex-gardena-19mm-3-4-25m\/#primaryimage\"},\"image\":{\"@id\":\"https:\/\/espak.ee\/epood\/toode\/voolik-comfort-flex-gardena-19mm-3-4-25m\/#primaryimage\"},\"thumbnailUrl\":\"https:\/\/espak.ee\/epood\/wp-content\/uploads\/2025\/07\/GA110-1441.jpg\",\"datePublished\":\"2025-07-19T02:10:03+00:00\",\"dateModified\":\"2026-03-31T09:48:02+00:00\",\"breadcrumb\":{\"@id\":\"https:\/\/espak.ee\/epood\/toode\/voolik-comfort-flex-gardena-19mm-3-4-25m\/#breadcrumb\"},\"inLanguage\":\"et\",\"potentialAction\":[{\"@type\":\"ReadAction\",\"target\":[\"https:\/\/espak.ee\/epood\/toode\/voolik-comfort-flex-gardena-19mm-3-4-25m\/\"]}]},{\"@type\":\"ImageObject\",\"inLanguage\":\"et\",\"@id\":\"https:\/\/espak.ee\/epood\/toode\/voolik-comfort-flex-gardena-19mm-3-4-25m\/#primaryimage\",\"url\":\"https:\/\/espak.ee\/epood\/wp-content\/uploads\/2025\/07\/GA110-1441.jpg\",\"contentUrl\":\"https:\/\/espak.ee\/epood\/wp-content\/uploads\/2025\/07\/GA110-1441.jpg\",\"width\":1000,\"height\":1000},{\"@type\":\"BreadcrumbList\",\"@id\":\"https:\/\/espak.ee\/epood\/toode\/voolik-comfort-flex-gardena-19mm-3-4-25m\/#breadcrumb\",\"itemListElement\":[{\"@type\":\"ListItem\",\"position\":1,\"name\":\"Home\",\"item\":\"https:\/\/espak.ee\/epood\/\"},{\"@type\":\"ListItem\",\"position\":2,\"name\":\"Tootevalik\",\"item\":\"https:\/\/espak.ee\/epood\/tootevalik\/\"},{\"@type\":\"ListItem\",\"position\":3,\"name\":\"VOOLIK COMFORT FLEX GARDENA 19MM (3\/4&#8243;) 25M\"}]},{\"@type\":\"WebSite\",\"@id\":\"https:\/\/espak.ee\/epood\/#website\",\"url\":\"https:\/\/espak.ee\/epood\/\",\"name\":\"Espak E-pood\",\"description\":\"\",\"potentialAction\":[{\"@type\":\"SearchAction\",\"target\":{\"@type\":\"EntryPoint\",\"urlTemplate\":\"https:\/\/espak.ee\/epood\/?s={search_term_string}\"},\"query-input\":{\"@type\":\"PropertyValueSpecification\",\"valueRequired\":true,\"valueName\":\"search_term_string\"}}],\"inLanguage\":\"et\"}]}<\/script>\n<!-- \/ Yoast SEO plugin. -->","yoast_head_json":{"title":"VOOLIK COMFORT FLEX GARDENA 19MM (3\/4\") 25M - Espak E-pood","robots":{"index":"index","follow":"follow","max-snippet":"max-snippet:-1","max-image-preview":"max-image-preview:large","max-video-preview":"max-video-preview:-1"},"canonical":"https:\/\/espak.ee\/epood\/toode\/voolik-comfort-flex-gardena-19mm-3-4-25m\/","og_locale":"et_EE","og_type":"article","og_title":"VOOLIK COMFORT FLEX GARDENA 19MM (3\/4\") 25M - Espak E-pood","og_url":"https:\/\/espak.ee\/epood\/toode\/voolik-comfort-flex-gardena-19mm-3-4-25m\/","og_site_name":"Espak E-pood","article_modified_time":"2026-03-31T09:48:02+00:00","og_image":[{"width":1000,"height":1000,"url":"https:\/\/espak.ee\/epood\/wp-content\/uploads\/2025\/07\/GA110-1441.jpg","type":"image\/jpeg"}],"twitter_card":"summary_large_image","twitter_misc":{"Est. reading time":"1 minut"},"schema":{"@context":"https:\/\/schema.org","@graph":[{"@type":"WebPage","@id":"https:\/\/espak.ee\/epood\/toode\/voolik-comfort-flex-gardena-19mm-3-4-25m\/","url":"https:\/\/espak.ee\/epood\/toode\/voolik-comfort-flex-gardena-19mm-3-4-25m\/","name":"VOOLIK COMFORT FLEX GARDENA 19MM (3\/4\") 25M - Espak E-pood","isPartOf":{"@id":"https:\/\/espak.ee\/epood\/#website"},"primaryImageOfPage":{"@id":"https:\/\/espak.ee\/epood\/toode\/voolik-comfort-flex-gardena-19mm-3-4-25m\/#primaryimage"},"image":{"@id":"https:\/\/espak.ee\/epood\/toode\/voolik-comfort-flex-gardena-19mm-3-4-25m\/#primaryimage"},"thumbnailUrl":"https:\/\/espak.ee\/epood\/wp-content\/uploads\/2025\/07\/GA110-1441.jpg","datePublished":"2025-07-19T02:10:03+00:00","dateModified":"2026-03-31T09:48:02+00:00","breadcrumb":{"@id":"https:\/\/espak.ee\/epood\/toode\/voolik-comfort-flex-gardena-19mm-3-4-25m\/#breadcrumb"},"inLanguage":"et","potentialAction":[{"@type":"ReadAction","target":["https:\/\/espak.ee\/epood\/toode\/voolik-comfort-flex-gardena-19mm-3-4-25m\/"]}]},{"@type":"ImageObject","inLanguage":"et","@id":"https:\/\/espak.ee\/epood\/toode\/voolik-comfort-flex-gardena-19mm-3-4-25m\/#primaryimage","url":"https:\/\/espak.ee\/epood\/wp-content\/uploads\/2025\/07\/GA110-1441.jpg","contentUrl":"https:\/\/espak.ee\/epood\/wp-content\/uploads\/2025\/07\/GA110-1441.jpg","width":1000,"height":1000},{"@type":"BreadcrumbList","@id":"https:\/\/espak.ee\/epood\/toode\/voolik-comfort-flex-gardena-19mm-3-4-25m\/#breadcrumb","itemListElement":[{"@type":"ListItem","position":1,"name":"Home","item":"https:\/\/espak.ee\/epood\/"},{"@type":"ListItem","position":2,"name":"Tootevalik","item":"https:\/\/espak.ee\/epood\/tootevalik\/"},{"@type":"ListItem","position":3,"name":"VOOLIK COMFORT FLEX GARDENA 19MM (3\/4&#8243;) 25M"}]},{"@type":"WebSite","@id":"https:\/\/espak.ee\/epood\/#website","url":"https:\/\/espak.ee\/epood\/","name":"Espak E-pood","description":"","potentialAction":[{"@type":"SearchAction","target":{"@type":"EntryPoint","urlTemplate":"https:\/\/espak.ee\/epood\/?s={search_term_string}"},"query-input":{"@type":"PropertyValueSpecification","valueRequired":true,"valueName":"search_term_string"}}],"inLanguage":"et"}]}},"_links":{"self":[{"href":"https:\/\/espak.ee\/epood\/wp-json\/wp\/v2\/product\/244052","targetHints":{"allow":["GET"]}}],"collection":[{"href":"https:\/\/espak.ee\/epood\/wp-json\/wp\/v2\/product"}],"about":[{"href":"https:\/\/espak.ee\/epood\/wp-json\/wp\/v2\/types\/product"}],"replies":[{"embeddable":true,"href":"https:\/\/espak.ee\/epood\/wp-json\/wp\/v2\/comments?post=244052"}],"wp:featuredmedia":[{"embeddable":true,"href":"https:\/\/espak.ee\/epood\/wp-json\/wp\/v2\/media\/245084"}],"wp:attachment":[{"href":"https:\/\/espak.ee\/epood\/wp-json\/wp\/v2\/media?parent=244052"}],"wp:term":[{"taxonomy":"product_brand","embeddable":true,"href":"https:\/\/espak.ee\/epood\/wp-json\/wp\/v2\/product_brand?post=244052"},{"taxonomy":"product_cat","embeddable":true,"href":"https:\/\/espak.ee\/epood\/wp-json\/wp\/v2\/product_cat?post=244052"},{"taxonomy":"product_tag","embeddable":true,"href":"https:\/\/espak.ee\/epood\/wp-json\/wp\/v2\/product_tag?post=244052"}],"curies":[{"name":"wp","href":"https:\/\/api.w.org\/{rel}","templated":true}]}}