{"id":244051,"date":"2025-07-19T05:10:03","date_gmt":"2025-07-19T02:10:03","guid":{"rendered":"https:\/\/espak.ee\/epood\/?post_type=product&#038;p=244051"},"modified":"2025-08-05T09:44:44","modified_gmt":"2025-08-05T06:44:44","slug":"vihmutikomplekt-gardena-pop-up-os-140","status":"publish","type":"product","link":"https:\/\/espak.ee\/epood\/toode\/vihmutikomplekt-gardena-pop-up-os-140\/","title":{"rendered":"VIHMUTIKOMPLEKT GARDENA POP-UP OS 140"},"content":{"rendered":"<div class=\"row\"  id=\"row-309466466\">\n\n\t<div id=\"col-1694686392\" class=\"col medium-9 small-12 large-9\"  >\n\t\t\t\t<div class=\"col-inner\"  >\n\t\t\t\n\t\t\t\n<h2>Vihmutikomplekt Pop-Up OS 140 Gardena<\/h2>\n<p>\u00dchendusvalmis komplekt v\u00f5imaldab kuni 140 m\u00b2 suuruste ruudu- ja ristk\u00fclikukujuliste alade jaoks m\u00f5eldud kompaktse kastmiss\u00fcsteemi lihtsalt paigaldada.<br \/>\n Pop-up-vihmuti paigaldatakse pinnasesse, kust see kastmise ajaks v\u00e4lja liigub ning p\u00e4rast kastmist tagasi pinnasesse l\u00e4heb, olles niiviisi peaaegu n\u00e4htamatu. Torule paigaldatava t\u00fchjenduskraani abil saab s\u00fcsteemi muuta k\u00fclmumiskindlaks, mist\u00f5ttu v\u00f5ib selle p\u00fcsivalt aeda j\u00e4tta.<br \/>\n 2\u2013140 m\u00b2 suuruseid ruudu- v\u00f5i ristk\u00fclikukujulisi ning v\u00e4ga kitsaid alasid saab h\u00f5lpsalt ja mugavalt kasta. Pihuse laiust saab reguleerida vahemikus 1\u20139,5 m ning kaugust vahemikus 2\u201315 m. Veevoolu saab astmevabalt reguleerida. T\u00e4nu muudetavatele seadistustele saab kasta ka k\u00f5ige v\u00e4iksemaid ja kitsamaid aianurki.<br \/>\n Pehmest plastist valmistatud 16 paindlikku t\u00e4ppisd\u00fc\u00fcsi tagavad eriti \u00fchtlase veejaotuse ning peenv\u00f5rgust mustusefilter muudab vihmuti t\u00f6\u00f6kindlaks.<br \/>\n GARDENA pop-up-v\u00f5nkuv vihmuti OS 140 on 3\/4-tollise sisekeermega ning seda saab torus kombineerida GARDENA turboajamiga pop-up-vihmutiga T 100, T 200 v\u00f5i T 380.<br \/>\n S\u00fcsteemilaiendust saab projekteerida veebiprojekteerijas aadressil www.gardena.com.<br \/>\n Komplekti kuulub: 1 x Profi-s\u00fcsteemi liitmikukomplekt, 2 m Classic-sarja voolik 19 mm (3\/4 tolli), 1 x \u00fchenduspunkt, 20 m \u00fchendustoru 25 mm, 1 x liitmik 25 mm x 3\/4-tolline sisekeere, 1 x T-hargmik 25 mm x 3\/4-tolline sisekeere, 1 x t\u00fchjenduskraan, 1 x L-detail 25 mm x 3\/4-tolline v\u00e4liskeere, 1 x pop-up-v\u00f5nkuv vihmuti OS 140.\n<\/p>\n\t\t<\/div>\n\t\t\t\t\t<\/div>\n\n\t\n\n\t<div id=\"col-7883755\" class=\"col medium-3 small-12 large-3\"  >\n\t\t\t\t<div class=\"col-inner\"  >\n\t\t\t\n\t\t\t\n\t<div id=\"gap-1594811337\" class=\"gap-element clearfix\" style=\"display:block; height:auto;\">\n\t\t\n<style>\n#gap-1594811337 {\n  padding-top: 30px;\n}\n<\/style>\n\t<\/div>\n\t\n<div class=\"is-divider divider clearfix\" ><\/div>\n<p><strong>\u00dcksikasjalikuma n\u00f5u saamiseks v\u00f5tke \u00fchendust:<br \/><\/strong>Espak AS<br \/>Viadukti 42<br \/>11313<br \/>Tallinn<br \/>+372 6 512333<\/p>\n<div class=\"is-divider divider clearfix\" ><\/div>\n\t\t<\/div>\n\t\t\t\t\t<\/div>\n\n\t\n<\/div>\n","protected":false},"excerpt":{"rendered":"","protected":false},"featured_media":245079,"comment_status":"closed","ping_status":"closed","template":"","meta":[],"product_brand":[],"product_cat":[2789,2788,3280,3365],"product_tag":[],"class_list":{"0":"post-244051","1":"product","2":"type-product","3":"status-publish","4":"has-post-thumbnail","6":"product_cat-aiatarbed","7":"product_cat-aiatarbed-ja-kodukaubad","8":"product_cat-kastmistarvikud","9":"product_cat-vihmutid","10":"pa_kaubamark-husqvarna-eesti-ou","12":"first","13":"instock","14":"sale","15":"taxable","16":"shipping-taxable","17":"purchasable","18":"product-type-simple"},"yoast_head":"<!-- This site is optimized with the Yoast SEO plugin v26.9 - https:\/\/yoast.com\/product\/yoast-seo-wordpress\/ -->\n<title>VIHMUTIKOMPLEKT GARDENA POP-UP OS 140 - Espak E-pood<\/title>\n<meta name=\"robots\" content=\"index, follow, max-snippet:-1, max-image-preview:large, max-video-preview:-1\" \/>\n<link rel=\"canonical\" href=\"https:\/\/espak.ee\/epood\/toode\/vihmutikomplekt-gardena-pop-up-os-140\/\" \/>\n<meta property=\"og:locale\" content=\"et_EE\" \/>\n<meta property=\"og:type\" content=\"article\" \/>\n<meta property=\"og:title\" content=\"VIHMUTIKOMPLEKT GARDENA POP-UP OS 140 - Espak E-pood\" \/>\n<meta property=\"og:url\" content=\"https:\/\/espak.ee\/epood\/toode\/vihmutikomplekt-gardena-pop-up-os-140\/\" \/>\n<meta property=\"og:site_name\" content=\"Espak E-pood\" \/>\n<meta property=\"article:modified_time\" content=\"2025-08-05T06:44:44+00:00\" \/>\n<meta property=\"og:image\" content=\"https:\/\/espak.ee\/epood\/wp-content\/uploads\/2025\/07\/GA210-0900.jpg\" \/>\n\t<meta property=\"og:image:width\" content=\"1000\" \/>\n\t<meta property=\"og:image:height\" content=\"1000\" \/>\n\t<meta property=\"og:image:type\" content=\"image\/jpeg\" \/>\n<meta name=\"twitter:card\" content=\"summary_large_image\" \/>\n<meta name=\"twitter:label1\" content=\"Est. reading time\" \/>\n\t<meta name=\"twitter:data1\" content=\"1 minut\" \/>\n<script type=\"application\/ld+json\" class=\"yoast-schema-graph\">{\"@context\":\"https:\/\/schema.org\",\"@graph\":[{\"@type\":\"WebPage\",\"@id\":\"https:\/\/espak.ee\/epood\/toode\/vihmutikomplekt-gardena-pop-up-os-140\/\",\"url\":\"https:\/\/espak.ee\/epood\/toode\/vihmutikomplekt-gardena-pop-up-os-140\/\",\"name\":\"VIHMUTIKOMPLEKT GARDENA POP-UP OS 140 - Espak E-pood\",\"isPartOf\":{\"@id\":\"https:\/\/espak.ee\/epood\/#website\"},\"primaryImageOfPage\":{\"@id\":\"https:\/\/espak.ee\/epood\/toode\/vihmutikomplekt-gardena-pop-up-os-140\/#primaryimage\"},\"image\":{\"@id\":\"https:\/\/espak.ee\/epood\/toode\/vihmutikomplekt-gardena-pop-up-os-140\/#primaryimage\"},\"thumbnailUrl\":\"https:\/\/espak.ee\/epood\/wp-content\/uploads\/2025\/07\/GA210-0900.jpg\",\"datePublished\":\"2025-07-19T02:10:03+00:00\",\"dateModified\":\"2025-08-05T06:44:44+00:00\",\"breadcrumb\":{\"@id\":\"https:\/\/espak.ee\/epood\/toode\/vihmutikomplekt-gardena-pop-up-os-140\/#breadcrumb\"},\"inLanguage\":\"et\",\"potentialAction\":[{\"@type\":\"ReadAction\",\"target\":[\"https:\/\/espak.ee\/epood\/toode\/vihmutikomplekt-gardena-pop-up-os-140\/\"]}]},{\"@type\":\"ImageObject\",\"inLanguage\":\"et\",\"@id\":\"https:\/\/espak.ee\/epood\/toode\/vihmutikomplekt-gardena-pop-up-os-140\/#primaryimage\",\"url\":\"https:\/\/espak.ee\/epood\/wp-content\/uploads\/2025\/07\/GA210-0900.jpg\",\"contentUrl\":\"https:\/\/espak.ee\/epood\/wp-content\/uploads\/2025\/07\/GA210-0900.jpg\",\"width\":1000,\"height\":1000},{\"@type\":\"BreadcrumbList\",\"@id\":\"https:\/\/espak.ee\/epood\/toode\/vihmutikomplekt-gardena-pop-up-os-140\/#breadcrumb\",\"itemListElement\":[{\"@type\":\"ListItem\",\"position\":1,\"name\":\"Home\",\"item\":\"https:\/\/espak.ee\/epood\/\"},{\"@type\":\"ListItem\",\"position\":2,\"name\":\"Tootevalik\",\"item\":\"https:\/\/espak.ee\/epood\/tootevalik\/\"},{\"@type\":\"ListItem\",\"position\":3,\"name\":\"VIHMUTIKOMPLEKT GARDENA POP-UP OS 140\"}]},{\"@type\":\"WebSite\",\"@id\":\"https:\/\/espak.ee\/epood\/#website\",\"url\":\"https:\/\/espak.ee\/epood\/\",\"name\":\"Espak E-pood\",\"description\":\"\",\"potentialAction\":[{\"@type\":\"SearchAction\",\"target\":{\"@type\":\"EntryPoint\",\"urlTemplate\":\"https:\/\/espak.ee\/epood\/?s={search_term_string}\"},\"query-input\":{\"@type\":\"PropertyValueSpecification\",\"valueRequired\":true,\"valueName\":\"search_term_string\"}}],\"inLanguage\":\"et\"}]}<\/script>\n<!-- \/ Yoast SEO plugin. -->","yoast_head_json":{"title":"VIHMUTIKOMPLEKT GARDENA POP-UP OS 140 - Espak E-pood","robots":{"index":"index","follow":"follow","max-snippet":"max-snippet:-1","max-image-preview":"max-image-preview:large","max-video-preview":"max-video-preview:-1"},"canonical":"https:\/\/espak.ee\/epood\/toode\/vihmutikomplekt-gardena-pop-up-os-140\/","og_locale":"et_EE","og_type":"article","og_title":"VIHMUTIKOMPLEKT GARDENA POP-UP OS 140 - Espak E-pood","og_url":"https:\/\/espak.ee\/epood\/toode\/vihmutikomplekt-gardena-pop-up-os-140\/","og_site_name":"Espak E-pood","article_modified_time":"2025-08-05T06:44:44+00:00","og_image":[{"width":1000,"height":1000,"url":"https:\/\/espak.ee\/epood\/wp-content\/uploads\/2025\/07\/GA210-0900.jpg","type":"image\/jpeg"}],"twitter_card":"summary_large_image","twitter_misc":{"Est. reading time":"1 minut"},"schema":{"@context":"https:\/\/schema.org","@graph":[{"@type":"WebPage","@id":"https:\/\/espak.ee\/epood\/toode\/vihmutikomplekt-gardena-pop-up-os-140\/","url":"https:\/\/espak.ee\/epood\/toode\/vihmutikomplekt-gardena-pop-up-os-140\/","name":"VIHMUTIKOMPLEKT GARDENA POP-UP OS 140 - Espak E-pood","isPartOf":{"@id":"https:\/\/espak.ee\/epood\/#website"},"primaryImageOfPage":{"@id":"https:\/\/espak.ee\/epood\/toode\/vihmutikomplekt-gardena-pop-up-os-140\/#primaryimage"},"image":{"@id":"https:\/\/espak.ee\/epood\/toode\/vihmutikomplekt-gardena-pop-up-os-140\/#primaryimage"},"thumbnailUrl":"https:\/\/espak.ee\/epood\/wp-content\/uploads\/2025\/07\/GA210-0900.jpg","datePublished":"2025-07-19T02:10:03+00:00","dateModified":"2025-08-05T06:44:44+00:00","breadcrumb":{"@id":"https:\/\/espak.ee\/epood\/toode\/vihmutikomplekt-gardena-pop-up-os-140\/#breadcrumb"},"inLanguage":"et","potentialAction":[{"@type":"ReadAction","target":["https:\/\/espak.ee\/epood\/toode\/vihmutikomplekt-gardena-pop-up-os-140\/"]}]},{"@type":"ImageObject","inLanguage":"et","@id":"https:\/\/espak.ee\/epood\/toode\/vihmutikomplekt-gardena-pop-up-os-140\/#primaryimage","url":"https:\/\/espak.ee\/epood\/wp-content\/uploads\/2025\/07\/GA210-0900.jpg","contentUrl":"https:\/\/espak.ee\/epood\/wp-content\/uploads\/2025\/07\/GA210-0900.jpg","width":1000,"height":1000},{"@type":"BreadcrumbList","@id":"https:\/\/espak.ee\/epood\/toode\/vihmutikomplekt-gardena-pop-up-os-140\/#breadcrumb","itemListElement":[{"@type":"ListItem","position":1,"name":"Home","item":"https:\/\/espak.ee\/epood\/"},{"@type":"ListItem","position":2,"name":"Tootevalik","item":"https:\/\/espak.ee\/epood\/tootevalik\/"},{"@type":"ListItem","position":3,"name":"VIHMUTIKOMPLEKT GARDENA POP-UP OS 140"}]},{"@type":"WebSite","@id":"https:\/\/espak.ee\/epood\/#website","url":"https:\/\/espak.ee\/epood\/","name":"Espak E-pood","description":"","potentialAction":[{"@type":"SearchAction","target":{"@type":"EntryPoint","urlTemplate":"https:\/\/espak.ee\/epood\/?s={search_term_string}"},"query-input":{"@type":"PropertyValueSpecification","valueRequired":true,"valueName":"search_term_string"}}],"inLanguage":"et"}]}},"_links":{"self":[{"href":"https:\/\/espak.ee\/epood\/wp-json\/wp\/v2\/product\/244051","targetHints":{"allow":["GET"]}}],"collection":[{"href":"https:\/\/espak.ee\/epood\/wp-json\/wp\/v2\/product"}],"about":[{"href":"https:\/\/espak.ee\/epood\/wp-json\/wp\/v2\/types\/product"}],"replies":[{"embeddable":true,"href":"https:\/\/espak.ee\/epood\/wp-json\/wp\/v2\/comments?post=244051"}],"wp:featuredmedia":[{"embeddable":true,"href":"https:\/\/espak.ee\/epood\/wp-json\/wp\/v2\/media\/245079"}],"wp:attachment":[{"href":"https:\/\/espak.ee\/epood\/wp-json\/wp\/v2\/media?parent=244051"}],"wp:term":[{"taxonomy":"product_brand","embeddable":true,"href":"https:\/\/espak.ee\/epood\/wp-json\/wp\/v2\/product_brand?post=244051"},{"taxonomy":"product_cat","embeddable":true,"href":"https:\/\/espak.ee\/epood\/wp-json\/wp\/v2\/product_cat?post=244051"},{"taxonomy":"product_tag","embeddable":true,"href":"https:\/\/espak.ee\/epood\/wp-json\/wp\/v2\/product_tag?post=244051"}],"curies":[{"name":"wp","href":"https:\/\/api.w.org\/{rel}","templated":true}]}}