{"id":243688,"date":"2025-07-16T05:05:02","date_gmt":"2025-07-16T02:05:02","guid":{"rendered":"https:\/\/espak.ee\/epood\/?post_type=product&#038;p=243688"},"modified":"2026-02-09T08:59:35","modified_gmt":"2026-02-09T06:59:35","slug":"mitmeotstarbeline-pustolivaht-sika-boom-580-750ml","status":"publish","type":"product","link":"https:\/\/espak.ee\/epood\/toode\/mitmeotstarbeline-pustolivaht-sika-boom-580-750ml\/","title":{"rendered":"MITMEOTSTARBELINE P\u00dcSTOLIVAHT SIKA BOOM-580 750ML"},"content":{"rendered":"<div class=\"row\"  id=\"row-858395760\">\n\n\t<div id=\"col-1922057204\" class=\"col medium-9 small-12 large-9\"  >\n\t\t\t\t<div class=\"col-inner\"  >\n\t\t\t\n\t\t\t\n<h2>Mitmeotstarbeline p\u00fcstolivaht ehitust\u00f6\u00f6deks Sika Boom-580 Fix&#038;Fill 750ml<\/h2>\n<p><strong>Sika Boom\u00ae-580 Fix &#038; Fill on mitmeotstarbeline, \u00fchekomponentne p\u00fcstolivaht professionaalidele.<\/strong><\/p>\n<div class=\"message-box relative\" style=\"padding-top:15px;padding-bottom:15px;\"><div class=\"message-box-bg-image bg-fill fill\" ><\/div><div class=\"message-box-bg-overlay bg-fill fill\" ><\/div><div class=\"container relative\"><div class=\"inner last-reset\">\n<div class=\"row align-middle align-center\"  id=\"row-1405062174\">\n\n\t<div id=\"col-334503847\" class=\"col small-12 large-12\"  >\n\t\t\t\t<div class=\"col-inner text-left\"  >\n\t\t\t\n\t\t\t\n<h4>Omadused<\/h4>\n<div class=\"row\"  id=\"row-1302676816\">\n\n\t<div id=\"col-1126304074\" class=\"col medium-6 small-12 large-6\"  >\n\t\t\t\t<div class=\"col-inner\"  >\n\t\t\t\n\t\t\t\n<p><i class=\"fa fa-check fa-2x\"><\/i> <strong> Professionaalne kasutamine vahup\u00fcstoliga<\/strong><\/p>\n<p><i class=\"fa fa-check fa-2x\"><\/i> <strong> Hea soojusisolatsioon<\/strong><\/p>\n<p><i class=\"fa fa-check fa-2x\"><\/i> <strong> T\u00f5hus helisummutus<\/strong><\/p>\n<p><i class=\"fa fa-check fa-2x\"><\/i> <strong> Saab l\u00f5igata, lihvida ja v\u00e4rvida<\/strong><\/p>\n\t\t<\/div>\n\t\t\t\t\n<style>\n#col-1126304074 > .col-inner {\n  margin: 0px 0px 15px 0px;\n}\n<\/style>\n\t<\/div>\n\n\t\n\n\t<div id=\"col-821848282\" class=\"col medium-6 small-12 large-6\"  >\n\t\t\t\t<div class=\"col-inner\"  >\n\t\t\t\n\t\t\t\n<p><i class=\"fa fa-check fa-2x\"><\/i> <strong> Hea nakkuvus paljude ehitusmaterjalidega<\/strong><\/p>\n<p><i class=\"fa fa-check fa-2x\"><\/i> <strong> Head t\u00e4itmisomadused<\/strong><\/p>\n<p><i class=\"fa fa-check fa-2x\"><\/i> <strong> \u00dchekomponentne, kasutusvalmis<\/strong><\/p>\n\t\t<\/div>\n\t\t\t\t\n<style>\n#col-821848282 > .col-inner {\n  margin: 0px 0px 15px 0px;\n}\n<\/style>\n\t<\/div>\n\n\t\n<\/div>\n\t\t<\/div>\n\t\t\t\t\t<\/div>\n\n\t\n<\/div>\n<\/div><\/div><\/div>\n\t<div id=\"gap-799962794\" class=\"gap-element clearfix\" style=\"display:block; height:auto;\">\n\t\t\n<style>\n#gap-799962794 {\n  padding-top: 30px;\n}\n<\/style>\n\t<\/div>\n\t\n<p><strong>Kasutamine:<\/strong><br \/>\n&#8211; \u00d5\u00f5nsuste ja t\u00fchimike t\u00e4itmine ning isoleerimine<br \/>\n&#8211; Vuukide t\u00e4itmine akna- ja ukseraamide perimeetris<br \/>\n&#8211; Kaitse heli, k\u00fclma ja \u00f5hu liikumise eest<br \/>\n&#8211; Torude \/ juhtmete l\u00e4biviikude t\u00e4itmine<br \/>\nToodet v\u00f5ib kasutada sise- ja v\u00e4listingimustes.  <\/p>\n\t\t<\/div>\n\t\t\t\t\t<\/div>\n\n\t\n\n\t<div id=\"col-1817393978\" class=\"col medium-3 small-12 large-3\"  >\n\t\t\t\t<div class=\"col-inner\"  >\n\t\t\t\n\t\t\t\n\t<div id=\"gap-2134768104\" class=\"gap-element clearfix\" style=\"display:block; height:auto;\">\n\t\t\n<style>\n#gap-2134768104 {\n  padding-top: 30px;\n}\n<\/style>\n\t<\/div>\n\t\n<h3>Tehniline informatsioon<\/h3>\n<p><a href=\"https:\/\/espak.ee\/epood\/wp-content\/uploads\/2025\/07\/sika-boom-108-foamcleaner.pdf\"target=\"_blank\" rel=\"noopener noreferrer\"><i class=\"far fa-file-pdf\"><\/i> Tehniline info (PDF)<\/a><\/p>\n<h3>Ohutuskaart <\/h3>\n<p><a href=\"https:\/\/espak.ee\/epood\/wp-content\/uploads\/2025\/07\/Sika-Boom-108-Foam-Cleaner-SD-1-0-etEE.pdf\"target=\"_blank\" rel=\"noopener noreferrer\"><i class=\"far fa-file-pdf\"><\/i> Ohutuskaart (PDF)<\/a><\/p>\n<div class=\"is-divider divider clearfix\" ><\/div>\n<p><strong>\u00dcksikasjalikuma n\u00f5u saamiseks v\u00f5tke \u00fchendust:<br \/><\/strong>SIKA ESTONIA O\u00dc<br \/>Tuleviku tee 2<br \/>75312<br \/>Peetri k\u00fcla, Rae vald<br \/>+372 605 4000<\/p>\n<div class=\"is-divider divider clearfix\" ><\/div>\n\t\t<\/div>\n\t\t\t\t\t<\/div>\n\n\t\n<\/div>\n","protected":false},"excerpt":{"rendered":"","protected":false},"featured_media":243743,"comment_status":"closed","ping_status":"closed","template":"","meta":[],"product_brand":[],"product_cat":[2703,2708,2710,2683],"product_tag":[],"class_list":{"0":"post-243688","1":"product","2":"type-product","3":"status-publish","4":"has-post-thumbnail","6":"product_cat-ehituskeemia","7":"product_cat-hermeetikud","8":"product_cat-montaazivahud","9":"product_cat-viimistluskaubad","10":"pa_kaubamark-sika-estonia-ou","12":"first","13":"instock","14":"sale","15":"taxable","16":"shipping-taxable","17":"purchasable","18":"product-type-simple"},"yoast_head":"<!-- This site is optimized with the Yoast SEO plugin v26.9 - https:\/\/yoast.com\/product\/yoast-seo-wordpress\/ -->\n<title>MITMEOTSTARBELINE P\u00dcSTOLIVAHT SIKA BOOM-580 750ML - Espak E-pood<\/title>\n<meta name=\"robots\" content=\"index, follow, max-snippet:-1, max-image-preview:large, max-video-preview:-1\" \/>\n<link rel=\"canonical\" href=\"https:\/\/espak.ee\/epood\/toode\/mitmeotstarbeline-pustolivaht-sika-boom-580-750ml\/\" \/>\n<meta property=\"og:locale\" content=\"et_EE\" \/>\n<meta property=\"og:type\" content=\"article\" \/>\n<meta property=\"og:title\" content=\"MITMEOTSTARBELINE P\u00dcSTOLIVAHT SIKA BOOM-580 750ML - Espak E-pood\" \/>\n<meta property=\"og:url\" content=\"https:\/\/espak.ee\/epood\/toode\/mitmeotstarbeline-pustolivaht-sika-boom-580-750ml\/\" \/>\n<meta property=\"og:site_name\" content=\"Espak E-pood\" \/>\n<meta property=\"article:modified_time\" content=\"2026-02-09T06:59:35+00:00\" \/>\n<meta property=\"og:image\" content=\"https:\/\/espak.ee\/epood\/wp-content\/uploads\/2025\/07\/glo-192503-sika-boom-580-fix-fill-750ml-et-lt-lv-1x1-08320881.jpg\" \/>\n\t<meta property=\"og:image:width\" content=\"1000\" \/>\n\t<meta property=\"og:image:height\" content=\"1000\" \/>\n\t<meta property=\"og:image:type\" content=\"image\/jpeg\" \/>\n<meta name=\"twitter:card\" content=\"summary_large_image\" \/>\n<meta name=\"twitter:label1\" content=\"Est. reading time\" \/>\n\t<meta name=\"twitter:data1\" content=\"1 minut\" \/>\n<script type=\"application\/ld+json\" class=\"yoast-schema-graph\">{\"@context\":\"https:\/\/schema.org\",\"@graph\":[{\"@type\":\"WebPage\",\"@id\":\"https:\/\/espak.ee\/epood\/toode\/mitmeotstarbeline-pustolivaht-sika-boom-580-750ml\/\",\"url\":\"https:\/\/espak.ee\/epood\/toode\/mitmeotstarbeline-pustolivaht-sika-boom-580-750ml\/\",\"name\":\"MITMEOTSTARBELINE P\u00dcSTOLIVAHT SIKA BOOM-580 750ML - Espak E-pood\",\"isPartOf\":{\"@id\":\"https:\/\/espak.ee\/epood\/#website\"},\"primaryImageOfPage\":{\"@id\":\"https:\/\/espak.ee\/epood\/toode\/mitmeotstarbeline-pustolivaht-sika-boom-580-750ml\/#primaryimage\"},\"image\":{\"@id\":\"https:\/\/espak.ee\/epood\/toode\/mitmeotstarbeline-pustolivaht-sika-boom-580-750ml\/#primaryimage\"},\"thumbnailUrl\":\"https:\/\/espak.ee\/epood\/wp-content\/uploads\/2025\/07\/glo-192503-sika-boom-580-fix-fill-750ml-et-lt-lv-1x1-08320881.jpg\",\"datePublished\":\"2025-07-16T02:05:02+00:00\",\"dateModified\":\"2026-02-09T06:59:35+00:00\",\"breadcrumb\":{\"@id\":\"https:\/\/espak.ee\/epood\/toode\/mitmeotstarbeline-pustolivaht-sika-boom-580-750ml\/#breadcrumb\"},\"inLanguage\":\"et\",\"potentialAction\":[{\"@type\":\"ReadAction\",\"target\":[\"https:\/\/espak.ee\/epood\/toode\/mitmeotstarbeline-pustolivaht-sika-boom-580-750ml\/\"]}]},{\"@type\":\"ImageObject\",\"inLanguage\":\"et\",\"@id\":\"https:\/\/espak.ee\/epood\/toode\/mitmeotstarbeline-pustolivaht-sika-boom-580-750ml\/#primaryimage\",\"url\":\"https:\/\/espak.ee\/epood\/wp-content\/uploads\/2025\/07\/glo-192503-sika-boom-580-fix-fill-750ml-et-lt-lv-1x1-08320881.jpg\",\"contentUrl\":\"https:\/\/espak.ee\/epood\/wp-content\/uploads\/2025\/07\/glo-192503-sika-boom-580-fix-fill-750ml-et-lt-lv-1x1-08320881.jpg\",\"width\":1000,\"height\":1000},{\"@type\":\"BreadcrumbList\",\"@id\":\"https:\/\/espak.ee\/epood\/toode\/mitmeotstarbeline-pustolivaht-sika-boom-580-750ml\/#breadcrumb\",\"itemListElement\":[{\"@type\":\"ListItem\",\"position\":1,\"name\":\"Home\",\"item\":\"https:\/\/espak.ee\/epood\/\"},{\"@type\":\"ListItem\",\"position\":2,\"name\":\"Tootevalik\",\"item\":\"https:\/\/espak.ee\/epood\/tootevalik\/\"},{\"@type\":\"ListItem\",\"position\":3,\"name\":\"MITMEOTSTARBELINE P\u00dcSTOLIVAHT SIKA BOOM-580 750ML\"}]},{\"@type\":\"WebSite\",\"@id\":\"https:\/\/espak.ee\/epood\/#website\",\"url\":\"https:\/\/espak.ee\/epood\/\",\"name\":\"Espak E-pood\",\"description\":\"\",\"potentialAction\":[{\"@type\":\"SearchAction\",\"target\":{\"@type\":\"EntryPoint\",\"urlTemplate\":\"https:\/\/espak.ee\/epood\/?s={search_term_string}\"},\"query-input\":{\"@type\":\"PropertyValueSpecification\",\"valueRequired\":true,\"valueName\":\"search_term_string\"}}],\"inLanguage\":\"et\"}]}<\/script>\n<!-- \/ Yoast SEO plugin. -->","yoast_head_json":{"title":"MITMEOTSTARBELINE P\u00dcSTOLIVAHT SIKA BOOM-580 750ML - Espak E-pood","robots":{"index":"index","follow":"follow","max-snippet":"max-snippet:-1","max-image-preview":"max-image-preview:large","max-video-preview":"max-video-preview:-1"},"canonical":"https:\/\/espak.ee\/epood\/toode\/mitmeotstarbeline-pustolivaht-sika-boom-580-750ml\/","og_locale":"et_EE","og_type":"article","og_title":"MITMEOTSTARBELINE P\u00dcSTOLIVAHT SIKA BOOM-580 750ML - Espak E-pood","og_url":"https:\/\/espak.ee\/epood\/toode\/mitmeotstarbeline-pustolivaht-sika-boom-580-750ml\/","og_site_name":"Espak E-pood","article_modified_time":"2026-02-09T06:59:35+00:00","og_image":[{"width":1000,"height":1000,"url":"https:\/\/espak.ee\/epood\/wp-content\/uploads\/2025\/07\/glo-192503-sika-boom-580-fix-fill-750ml-et-lt-lv-1x1-08320881.jpg","type":"image\/jpeg"}],"twitter_card":"summary_large_image","twitter_misc":{"Est. reading time":"1 minut"},"schema":{"@context":"https:\/\/schema.org","@graph":[{"@type":"WebPage","@id":"https:\/\/espak.ee\/epood\/toode\/mitmeotstarbeline-pustolivaht-sika-boom-580-750ml\/","url":"https:\/\/espak.ee\/epood\/toode\/mitmeotstarbeline-pustolivaht-sika-boom-580-750ml\/","name":"MITMEOTSTARBELINE P\u00dcSTOLIVAHT SIKA BOOM-580 750ML - Espak E-pood","isPartOf":{"@id":"https:\/\/espak.ee\/epood\/#website"},"primaryImageOfPage":{"@id":"https:\/\/espak.ee\/epood\/toode\/mitmeotstarbeline-pustolivaht-sika-boom-580-750ml\/#primaryimage"},"image":{"@id":"https:\/\/espak.ee\/epood\/toode\/mitmeotstarbeline-pustolivaht-sika-boom-580-750ml\/#primaryimage"},"thumbnailUrl":"https:\/\/espak.ee\/epood\/wp-content\/uploads\/2025\/07\/glo-192503-sika-boom-580-fix-fill-750ml-et-lt-lv-1x1-08320881.jpg","datePublished":"2025-07-16T02:05:02+00:00","dateModified":"2026-02-09T06:59:35+00:00","breadcrumb":{"@id":"https:\/\/espak.ee\/epood\/toode\/mitmeotstarbeline-pustolivaht-sika-boom-580-750ml\/#breadcrumb"},"inLanguage":"et","potentialAction":[{"@type":"ReadAction","target":["https:\/\/espak.ee\/epood\/toode\/mitmeotstarbeline-pustolivaht-sika-boom-580-750ml\/"]}]},{"@type":"ImageObject","inLanguage":"et","@id":"https:\/\/espak.ee\/epood\/toode\/mitmeotstarbeline-pustolivaht-sika-boom-580-750ml\/#primaryimage","url":"https:\/\/espak.ee\/epood\/wp-content\/uploads\/2025\/07\/glo-192503-sika-boom-580-fix-fill-750ml-et-lt-lv-1x1-08320881.jpg","contentUrl":"https:\/\/espak.ee\/epood\/wp-content\/uploads\/2025\/07\/glo-192503-sika-boom-580-fix-fill-750ml-et-lt-lv-1x1-08320881.jpg","width":1000,"height":1000},{"@type":"BreadcrumbList","@id":"https:\/\/espak.ee\/epood\/toode\/mitmeotstarbeline-pustolivaht-sika-boom-580-750ml\/#breadcrumb","itemListElement":[{"@type":"ListItem","position":1,"name":"Home","item":"https:\/\/espak.ee\/epood\/"},{"@type":"ListItem","position":2,"name":"Tootevalik","item":"https:\/\/espak.ee\/epood\/tootevalik\/"},{"@type":"ListItem","position":3,"name":"MITMEOTSTARBELINE P\u00dcSTOLIVAHT SIKA BOOM-580 750ML"}]},{"@type":"WebSite","@id":"https:\/\/espak.ee\/epood\/#website","url":"https:\/\/espak.ee\/epood\/","name":"Espak E-pood","description":"","potentialAction":[{"@type":"SearchAction","target":{"@type":"EntryPoint","urlTemplate":"https:\/\/espak.ee\/epood\/?s={search_term_string}"},"query-input":{"@type":"PropertyValueSpecification","valueRequired":true,"valueName":"search_term_string"}}],"inLanguage":"et"}]}},"_links":{"self":[{"href":"https:\/\/espak.ee\/epood\/wp-json\/wp\/v2\/product\/243688","targetHints":{"allow":["GET"]}}],"collection":[{"href":"https:\/\/espak.ee\/epood\/wp-json\/wp\/v2\/product"}],"about":[{"href":"https:\/\/espak.ee\/epood\/wp-json\/wp\/v2\/types\/product"}],"replies":[{"embeddable":true,"href":"https:\/\/espak.ee\/epood\/wp-json\/wp\/v2\/comments?post=243688"}],"wp:featuredmedia":[{"embeddable":true,"href":"https:\/\/espak.ee\/epood\/wp-json\/wp\/v2\/media\/243743"}],"wp:attachment":[{"href":"https:\/\/espak.ee\/epood\/wp-json\/wp\/v2\/media?parent=243688"}],"wp:term":[{"taxonomy":"product_brand","embeddable":true,"href":"https:\/\/espak.ee\/epood\/wp-json\/wp\/v2\/product_brand?post=243688"},{"taxonomy":"product_cat","embeddable":true,"href":"https:\/\/espak.ee\/epood\/wp-json\/wp\/v2\/product_cat?post=243688"},{"taxonomy":"product_tag","embeddable":true,"href":"https:\/\/espak.ee\/epood\/wp-json\/wp\/v2\/product_tag?post=243688"}],"curies":[{"name":"wp","href":"https:\/\/api.w.org\/{rel}","templated":true}]}}