{"id":243332,"date":"2025-07-12T05:10:01","date_gmt":"2025-07-12T02:10:01","guid":{"rendered":"https:\/\/espak.ee\/epood\/?post_type=product&#038;p=243332"},"modified":"2025-07-17T15:09:23","modified_gmt":"2025-07-17T12:09:23","slug":"freesimisseade-proxxon-uf-e-20200","status":"publish","type":"product","link":"https:\/\/espak.ee\/epood\/toode\/freesimisseade-proxxon-uf-e-20200\/","title":{"rendered":"FREESIMISSEADE PROXXON UF\/E 20200"},"content":{"rendered":"<div class=\"row\"  id=\"row-852993643\">\n\n\t<div id=\"col-1233584024\" class=\"col medium-9 small-12 large-9\"  >\n\t\t\t\t<div class=\"col-inner\"  >\n\t\t\t\n\t\t\t\n<h3>Freesimisseade PROXXON UF\/E 20200 <\/h3>\n<p>Spetsiaalne harjadeta mootor, mis tagab p\u00f6\u00f6rlemiskiiruse 10 000 &#8211; 30 000 p\/min. Standardse 20 mm ja 43 mm \u00fchenduskaelusega (Euroopa standard).<\/p>\n<p>230V t\u00f6\u00f6pinge (lisakontrollerit pole vaja).<br \/>\nEelvalitav muudetav kiirus vahemikus 10 000 kuni 30 000 p\/min ja p\u00f6\u00f6rlemiskiiruse digitaaln\u00e4idik. Keerukas juhtimine rootori asendi ja p\u00f6\u00f6rlemissageduse andurite abil tagab suure p\u00f6\u00f6rdemomendi ka v\u00e4ikese p\u00f6\u00f6rlemissageduse korral. Seadme alus on valmistatud valualumiiniumist ning sel on standardne 20 mm MICROMOTi \u00fchenduskaelus ja 43 mm Euroopa standardile vastav spindli \u00fchenduskaelus. Kolmele kuullaagrile toetuv spindel tagab suure kontsentrilise t\u00e4psuse ja sujuva t\u00f6\u00f6tamise.<\/p>\n<p>Tehnilised andmed:<br \/>\n230 V.<br \/>\n50\/60 Hz 250 W.<br \/>\n10 000 &#8211; 30 000 p\/min.<br \/>\n Mass 1200 g.<br \/>\nKomplekti kuulub kolm DIN-\/ISO-standardile vastavat padrunit ER11 suurusega 2,5-3,2 (1\/8&#8243;) ja 6 mm.\n <\/p>\n\t\t<\/div>\n\t\t\t\t\t<\/div>\n\n\t\n\n\t<div id=\"col-529434828\" class=\"col medium-3 small-12 large-3\"  >\n\t\t\t\t<div class=\"col-inner\"  >\n\t\t\t\n\t\t\t\n\t<div id=\"gap-1476876702\" class=\"gap-element clearfix\" style=\"display:block; height:auto;\">\n\t\t\n<style>\n#gap-1476876702 {\n  padding-top: 30px;\n}\n<\/style>\n\t<\/div>\n\t\n<h3>Kasutusjuhend<\/h3>\n<p><a href=\"https:\/\/espak.ee\/epood\/wp-content\/uploads\/2025\/07\/Universaalne-freesispindel-Proxxon-UFE-20200.pdf\"target=\"_blank\" rel=\"noopener noreferrer\"><i class=\"far fa-file-pdf\"><\/i> Kasutusjuhend (PDF)<\/a><\/p>\n<p><img decoding=\"async\" src=\"https:\/\/espak.ee\/epood\/wp-content\/uploads\/PROXXON_logo-150x28.jpg\" alt=\"\" width=\"150\" height=\"28\" class=\"alignnone size-thumbnail wp-image-50061\" srcset=\"https:\/\/espak.ee\/epood\/wp-content\/uploads\/PROXXON_logo-150x28.jpg 150w, https:\/\/espak.ee\/epood\/wp-content\/uploads\/PROXXON_logo-500x94.jpg 500w, https:\/\/espak.ee\/epood\/wp-content\/uploads\/PROXXON_logo-769x145.jpg 769w, https:\/\/espak.ee\/epood\/wp-content\/uploads\/PROXXON_logo-300x56.jpg 300w, https:\/\/espak.ee\/epood\/wp-content\/uploads\/PROXXON_logo-1024x193.jpg 1024w, https:\/\/espak.ee\/epood\/wp-content\/uploads\/PROXXON_logo-768x144.jpg 768w, https:\/\/espak.ee\/epood\/wp-content\/uploads\/PROXXON_logo.jpg 1383w\" sizes=\"(max-width: 150px) 100vw, 150px\" \/><br \/>\n<div class=\"is-divider divider clearfix\" ><\/div>\n<p><strong>\u00dcksikasjalikuma n\u00f5u saamiseks v\u00f5tke \u00fchendust:<br \/><\/strong>Espak AS<br \/>Viadukti 42<br \/>11313<br \/>Tallinn<br \/> T\u00f6\u00f6riista osakond +372 6512 335<br \/><a href=\"mailto:tooriist@espak.ee\">tooriist@espak.ee<\/a><\/p>\n\t\t<\/div>\n\t\t\t\t\t<\/div>\n\n\t\n<\/div>\n","protected":false},"excerpt":{"rendered":"","protected":false},"featured_media":243944,"comment_status":"closed","ping_status":"closed","template":"","meta":[],"product_brand":[],"product_cat":[2680,2681,2774,2679],"product_tag":[],"class_list":{"0":"post-243332","1":"product","2":"type-product","3":"status-publish","4":"has-post-thumbnail","6":"product_cat-elektritooriistad","7":"product_cat-masinad-ja-seadmed","8":"product_cat-metallitootlusmasinad","9":"product_cat-tooriistad","10":"pa_kaubamark-proxxon","12":"first","13":"instock","14":"sale","15":"taxable","16":"shipping-taxable","17":"purchasable","18":"product-type-simple"},"yoast_head":"<!-- This site is optimized with the Yoast SEO plugin v26.9 - https:\/\/yoast.com\/product\/yoast-seo-wordpress\/ -->\n<title>FREESIMISSEADE PROXXON UF\/E 20200 - Espak E-pood<\/title>\n<meta name=\"robots\" content=\"index, follow, max-snippet:-1, max-image-preview:large, max-video-preview:-1\" \/>\n<link rel=\"canonical\" href=\"https:\/\/espak.ee\/epood\/toode\/freesimisseade-proxxon-uf-e-20200\/\" \/>\n<meta property=\"og:locale\" content=\"et_EE\" \/>\n<meta property=\"og:type\" content=\"article\" \/>\n<meta property=\"og:title\" content=\"FREESIMISSEADE PROXXON UF\/E 20200 - Espak E-pood\" \/>\n<meta property=\"og:url\" content=\"https:\/\/espak.ee\/epood\/toode\/freesimisseade-proxxon-uf-e-20200\/\" \/>\n<meta property=\"og:site_name\" content=\"Espak E-pood\" \/>\n<meta property=\"article:modified_time\" content=\"2025-07-17T12:09:23+00:00\" \/>\n<meta property=\"og:image\" content=\"https:\/\/espak.ee\/epood\/wp-content\/uploads\/2025\/07\/20200-2.jpg\" \/>\n\t<meta property=\"og:image:width\" content=\"1000\" \/>\n\t<meta property=\"og:image:height\" content=\"1000\" \/>\n\t<meta property=\"og:image:type\" content=\"image\/jpeg\" \/>\n<meta name=\"twitter:card\" content=\"summary_large_image\" \/>\n<meta name=\"twitter:label1\" content=\"Est. reading time\" \/>\n\t<meta name=\"twitter:data1\" content=\"1 minut\" \/>\n<script type=\"application\/ld+json\" class=\"yoast-schema-graph\">{\"@context\":\"https:\/\/schema.org\",\"@graph\":[{\"@type\":\"WebPage\",\"@id\":\"https:\/\/espak.ee\/epood\/toode\/freesimisseade-proxxon-uf-e-20200\/\",\"url\":\"https:\/\/espak.ee\/epood\/toode\/freesimisseade-proxxon-uf-e-20200\/\",\"name\":\"FREESIMISSEADE PROXXON UF\/E 20200 - Espak E-pood\",\"isPartOf\":{\"@id\":\"https:\/\/espak.ee\/epood\/#website\"},\"primaryImageOfPage\":{\"@id\":\"https:\/\/espak.ee\/epood\/toode\/freesimisseade-proxxon-uf-e-20200\/#primaryimage\"},\"image\":{\"@id\":\"https:\/\/espak.ee\/epood\/toode\/freesimisseade-proxxon-uf-e-20200\/#primaryimage\"},\"thumbnailUrl\":\"https:\/\/espak.ee\/epood\/wp-content\/uploads\/2025\/07\/20200-2.jpg\",\"datePublished\":\"2025-07-12T02:10:01+00:00\",\"dateModified\":\"2025-07-17T12:09:23+00:00\",\"breadcrumb\":{\"@id\":\"https:\/\/espak.ee\/epood\/toode\/freesimisseade-proxxon-uf-e-20200\/#breadcrumb\"},\"inLanguage\":\"et\",\"potentialAction\":[{\"@type\":\"ReadAction\",\"target\":[\"https:\/\/espak.ee\/epood\/toode\/freesimisseade-proxxon-uf-e-20200\/\"]}]},{\"@type\":\"ImageObject\",\"inLanguage\":\"et\",\"@id\":\"https:\/\/espak.ee\/epood\/toode\/freesimisseade-proxxon-uf-e-20200\/#primaryimage\",\"url\":\"https:\/\/espak.ee\/epood\/wp-content\/uploads\/2025\/07\/20200-2.jpg\",\"contentUrl\":\"https:\/\/espak.ee\/epood\/wp-content\/uploads\/2025\/07\/20200-2.jpg\",\"width\":1000,\"height\":1000},{\"@type\":\"BreadcrumbList\",\"@id\":\"https:\/\/espak.ee\/epood\/toode\/freesimisseade-proxxon-uf-e-20200\/#breadcrumb\",\"itemListElement\":[{\"@type\":\"ListItem\",\"position\":1,\"name\":\"Home\",\"item\":\"https:\/\/espak.ee\/epood\/\"},{\"@type\":\"ListItem\",\"position\":2,\"name\":\"Tootevalik\",\"item\":\"https:\/\/espak.ee\/epood\/tootevalik\/\"},{\"@type\":\"ListItem\",\"position\":3,\"name\":\"FREESIMISSEADE PROXXON UF\/E 20200\"}]},{\"@type\":\"WebSite\",\"@id\":\"https:\/\/espak.ee\/epood\/#website\",\"url\":\"https:\/\/espak.ee\/epood\/\",\"name\":\"Espak E-pood\",\"description\":\"\",\"potentialAction\":[{\"@type\":\"SearchAction\",\"target\":{\"@type\":\"EntryPoint\",\"urlTemplate\":\"https:\/\/espak.ee\/epood\/?s={search_term_string}\"},\"query-input\":{\"@type\":\"PropertyValueSpecification\",\"valueRequired\":true,\"valueName\":\"search_term_string\"}}],\"inLanguage\":\"et\"}]}<\/script>\n<!-- \/ Yoast SEO plugin. -->","yoast_head_json":{"title":"FREESIMISSEADE PROXXON UF\/E 20200 - Espak E-pood","robots":{"index":"index","follow":"follow","max-snippet":"max-snippet:-1","max-image-preview":"max-image-preview:large","max-video-preview":"max-video-preview:-1"},"canonical":"https:\/\/espak.ee\/epood\/toode\/freesimisseade-proxxon-uf-e-20200\/","og_locale":"et_EE","og_type":"article","og_title":"FREESIMISSEADE PROXXON UF\/E 20200 - Espak E-pood","og_url":"https:\/\/espak.ee\/epood\/toode\/freesimisseade-proxxon-uf-e-20200\/","og_site_name":"Espak E-pood","article_modified_time":"2025-07-17T12:09:23+00:00","og_image":[{"width":1000,"height":1000,"url":"https:\/\/espak.ee\/epood\/wp-content\/uploads\/2025\/07\/20200-2.jpg","type":"image\/jpeg"}],"twitter_card":"summary_large_image","twitter_misc":{"Est. reading time":"1 minut"},"schema":{"@context":"https:\/\/schema.org","@graph":[{"@type":"WebPage","@id":"https:\/\/espak.ee\/epood\/toode\/freesimisseade-proxxon-uf-e-20200\/","url":"https:\/\/espak.ee\/epood\/toode\/freesimisseade-proxxon-uf-e-20200\/","name":"FREESIMISSEADE PROXXON UF\/E 20200 - Espak E-pood","isPartOf":{"@id":"https:\/\/espak.ee\/epood\/#website"},"primaryImageOfPage":{"@id":"https:\/\/espak.ee\/epood\/toode\/freesimisseade-proxxon-uf-e-20200\/#primaryimage"},"image":{"@id":"https:\/\/espak.ee\/epood\/toode\/freesimisseade-proxxon-uf-e-20200\/#primaryimage"},"thumbnailUrl":"https:\/\/espak.ee\/epood\/wp-content\/uploads\/2025\/07\/20200-2.jpg","datePublished":"2025-07-12T02:10:01+00:00","dateModified":"2025-07-17T12:09:23+00:00","breadcrumb":{"@id":"https:\/\/espak.ee\/epood\/toode\/freesimisseade-proxxon-uf-e-20200\/#breadcrumb"},"inLanguage":"et","potentialAction":[{"@type":"ReadAction","target":["https:\/\/espak.ee\/epood\/toode\/freesimisseade-proxxon-uf-e-20200\/"]}]},{"@type":"ImageObject","inLanguage":"et","@id":"https:\/\/espak.ee\/epood\/toode\/freesimisseade-proxxon-uf-e-20200\/#primaryimage","url":"https:\/\/espak.ee\/epood\/wp-content\/uploads\/2025\/07\/20200-2.jpg","contentUrl":"https:\/\/espak.ee\/epood\/wp-content\/uploads\/2025\/07\/20200-2.jpg","width":1000,"height":1000},{"@type":"BreadcrumbList","@id":"https:\/\/espak.ee\/epood\/toode\/freesimisseade-proxxon-uf-e-20200\/#breadcrumb","itemListElement":[{"@type":"ListItem","position":1,"name":"Home","item":"https:\/\/espak.ee\/epood\/"},{"@type":"ListItem","position":2,"name":"Tootevalik","item":"https:\/\/espak.ee\/epood\/tootevalik\/"},{"@type":"ListItem","position":3,"name":"FREESIMISSEADE PROXXON UF\/E 20200"}]},{"@type":"WebSite","@id":"https:\/\/espak.ee\/epood\/#website","url":"https:\/\/espak.ee\/epood\/","name":"Espak E-pood","description":"","potentialAction":[{"@type":"SearchAction","target":{"@type":"EntryPoint","urlTemplate":"https:\/\/espak.ee\/epood\/?s={search_term_string}"},"query-input":{"@type":"PropertyValueSpecification","valueRequired":true,"valueName":"search_term_string"}}],"inLanguage":"et"}]}},"_links":{"self":[{"href":"https:\/\/espak.ee\/epood\/wp-json\/wp\/v2\/product\/243332","targetHints":{"allow":["GET"]}}],"collection":[{"href":"https:\/\/espak.ee\/epood\/wp-json\/wp\/v2\/product"}],"about":[{"href":"https:\/\/espak.ee\/epood\/wp-json\/wp\/v2\/types\/product"}],"replies":[{"embeddable":true,"href":"https:\/\/espak.ee\/epood\/wp-json\/wp\/v2\/comments?post=243332"}],"wp:featuredmedia":[{"embeddable":true,"href":"https:\/\/espak.ee\/epood\/wp-json\/wp\/v2\/media\/243944"}],"wp:attachment":[{"href":"https:\/\/espak.ee\/epood\/wp-json\/wp\/v2\/media?parent=243332"}],"wp:term":[{"taxonomy":"product_brand","embeddable":true,"href":"https:\/\/espak.ee\/epood\/wp-json\/wp\/v2\/product_brand?post=243332"},{"taxonomy":"product_cat","embeddable":true,"href":"https:\/\/espak.ee\/epood\/wp-json\/wp\/v2\/product_cat?post=243332"},{"taxonomy":"product_tag","embeddable":true,"href":"https:\/\/espak.ee\/epood\/wp-json\/wp\/v2\/product_tag?post=243332"}],"curies":[{"name":"wp","href":"https:\/\/api.w.org\/{rel}","templated":true}]}}