{"id":242498,"date":"2025-07-08T05:10:01","date_gmt":"2025-07-08T02:10:01","guid":{"rendered":"https:\/\/espak.ee\/epood\/?post_type=product&#038;p=242498"},"modified":"2025-07-08T08:42:47","modified_gmt":"2025-07-08T05:42:47","slug":"vihmuti-vonkuv-fiskars-x-series-m","status":"publish","type":"product","link":"https:\/\/espak.ee\/epood\/toode\/vihmuti-vonkuv-fiskars-x-series-m\/","title":{"rendered":"VIHMUTI V\u00d5NKUV FISKARS X-SERIES M"},"content":{"rendered":"<div class=\"row\"  id=\"row-2057098214\">\n\n\t<div id=\"col-777105736\" class=\"col medium-9 small-12 large-9\"  >\n\t\t\t\t<div class=\"col-inner\"  >\n\t\t\t\n\t\t\t\n<h3>V\u00f5nkuv vihmuti Fiskars X-series M<\/h3>\n<p>V\u00f5nkuv vihmuti, lihtsalt kohandatav pihustusulatus ja -suund. Pakkudes lihtsat reguleeritavust optimaalse veekasutuse tagamiseks, v\u00e4ltimaks k\u00f5nniteede, seinte ja muu mitte vajaliku kastmist.<\/p>\n<p>Katvus: 150 m\u00b2 \u2013 300 m\u00b2.\n<\/p>\n<p>T\u00f5sta oma aia v\u00f5i muruplatsi ilu uuele tasemele koos Fiskars X-series v\u00f5nkuv vihmuti M abil.<\/p>\n<p>Fiskars X-series v\u00f5nkuv vihmuti on ideaalne S ja M-suuruste aedade ja muruplatside \u00fchtlaseks kastmiseks ning mugav reguleerida kastmis ulatust, et v\u00e4ltida k\u00f5nniteede, seinte ja muu kastmist. Vihmuti kastmissuunda, -kaugust ja -laiust on v\u00e4ga lihtne reguleerida tagades nii s\u00e4\u00e4stlikuma veekulu. Selle intuitiivsete, libisemisvastaste juhtnuppude abil saad kiirelt seadistada ja kohandada vihmuti veeulatuse kaugust ja suunda. Pikaajalise kestvuse tagamiseks on vihmutil eemaldatav, suur roostevabast terasest filter, mis hoiab \u00e4ra mustuse ja prahi torusse sattumise. Kaasasolev d\u00fc\u00fcside puhastust\u00f6\u00f6riistaga eemaldada v\u00f5imalikud ummistused ning voolikut saab seest loputada t\u00e4nu eemaldatavale otsakule. Vastupidav metallraam muudab vihmuti kauakestvaks ning selle p\u00f6\u00f6ratav jalg ja riputusava lihtsaks hoiustamiseks.<\/p>\n<p>Proovi ja naudi tugevat ja tervislikku taimestikku ilma lisa pingutuseta!<\/p>\n<p>Kuigi kvaliteetne vihmuti on ilmastikukindel, soovitame kindlasti kontrollida, et kastmiss\u00fcsteemi ei j\u00e4\u00e4ks talvisel ajal vett.<\/p>\n\t\t<\/div>\n\t\t\t\t\t<\/div>\n\n\t\n\n\t<div id=\"col-920816047\" class=\"col medium-3 small-12 large-3\"  >\n\t\t\t\t<div class=\"col-inner\"  >\n\t\t\t\n\t\t\t\n\t<div id=\"gap-470979353\" class=\"gap-element clearfix\" style=\"display:block; height:auto;\">\n\t\t\n<style>\n#gap-470979353 {\n  padding-top: 30px;\n}\n<\/style>\n\t<\/div>\n\t\n<div class=\"is-divider divider clearfix\" ><\/div>\n<p><strong>\u00dcksikasjalikuma n\u00f5u saamiseks v\u00f5tke \u00fchendust:<br \/><\/strong>LOODUS INVEST AS<br \/>Viljandi mnt. 18a<br \/>11216<br \/>Tallinn<br \/>+372 6722144<\/p>\n<div class=\"is-divider divider clearfix\" ><\/div>\n\t\t<\/div>\n\t\t\t\t\t<\/div>\n\n\t\n<\/div>\n","protected":false},"excerpt":{"rendered":"","protected":false},"featured_media":242550,"comment_status":"closed","ping_status":"closed","template":"","meta":[],"product_brand":[],"product_cat":[2789,2788,3280,4749],"product_tag":[],"class_list":{"0":"post-242498","1":"product","2":"type-product","3":"status-publish","4":"has-post-thumbnail","6":"product_cat-aiatarbed","7":"product_cat-aiatarbed-ja-kodukaubad","8":"product_cat-kastmistarvikud","9":"product_cat-voolikukarud","10":"pa_kaubamark-loodus-invest-as","12":"first","13":"instock","14":"sale","15":"taxable","16":"shipping-taxable","17":"purchasable","18":"product-type-simple"},"yoast_head":"<!-- This site is optimized with the Yoast SEO plugin v26.9 - https:\/\/yoast.com\/product\/yoast-seo-wordpress\/ -->\n<title>VIHMUTI V\u00d5NKUV FISKARS X-SERIES M - Espak E-pood<\/title>\n<meta name=\"robots\" content=\"index, follow, max-snippet:-1, max-image-preview:large, max-video-preview:-1\" \/>\n<link rel=\"canonical\" href=\"https:\/\/espak.ee\/epood\/toode\/vihmuti-vonkuv-fiskars-x-series-m\/\" \/>\n<meta property=\"og:locale\" content=\"et_EE\" \/>\n<meta property=\"og:type\" content=\"article\" \/>\n<meta property=\"og:title\" content=\"VIHMUTI V\u00d5NKUV FISKARS X-SERIES M - Espak E-pood\" \/>\n<meta property=\"og:url\" content=\"https:\/\/espak.ee\/epood\/toode\/vihmuti-vonkuv-fiskars-x-series-m\/\" \/>\n<meta property=\"og:site_name\" content=\"Espak E-pood\" \/>\n<meta property=\"article:modified_time\" content=\"2025-07-08T05:42:47+00:00\" \/>\n<meta property=\"og:image\" content=\"https:\/\/espak.ee\/epood\/wp-content\/uploads\/2025\/07\/1070832_F-151273-Fiskars-X-series-vonkuv-vihmuti-M-2.jpg\" \/>\n\t<meta property=\"og:image:width\" content=\"2000\" \/>\n\t<meta property=\"og:image:height\" content=\"2000\" \/>\n\t<meta property=\"og:image:type\" content=\"image\/jpeg\" \/>\n<meta name=\"twitter:card\" content=\"summary_large_image\" \/>\n<meta name=\"twitter:label1\" content=\"Est. reading time\" \/>\n\t<meta name=\"twitter:data1\" content=\"1 minut\" \/>\n<script type=\"application\/ld+json\" class=\"yoast-schema-graph\">{\"@context\":\"https:\/\/schema.org\",\"@graph\":[{\"@type\":\"WebPage\",\"@id\":\"https:\/\/espak.ee\/epood\/toode\/vihmuti-vonkuv-fiskars-x-series-m\/\",\"url\":\"https:\/\/espak.ee\/epood\/toode\/vihmuti-vonkuv-fiskars-x-series-m\/\",\"name\":\"VIHMUTI V\u00d5NKUV FISKARS X-SERIES M - Espak E-pood\",\"isPartOf\":{\"@id\":\"https:\/\/espak.ee\/epood\/#website\"},\"primaryImageOfPage\":{\"@id\":\"https:\/\/espak.ee\/epood\/toode\/vihmuti-vonkuv-fiskars-x-series-m\/#primaryimage\"},\"image\":{\"@id\":\"https:\/\/espak.ee\/epood\/toode\/vihmuti-vonkuv-fiskars-x-series-m\/#primaryimage\"},\"thumbnailUrl\":\"https:\/\/espak.ee\/epood\/wp-content\/uploads\/2025\/07\/1070832_F-151273-Fiskars-X-series-vonkuv-vihmuti-M-2.jpg\",\"datePublished\":\"2025-07-08T02:10:01+00:00\",\"dateModified\":\"2025-07-08T05:42:47+00:00\",\"breadcrumb\":{\"@id\":\"https:\/\/espak.ee\/epood\/toode\/vihmuti-vonkuv-fiskars-x-series-m\/#breadcrumb\"},\"inLanguage\":\"et\",\"potentialAction\":[{\"@type\":\"ReadAction\",\"target\":[\"https:\/\/espak.ee\/epood\/toode\/vihmuti-vonkuv-fiskars-x-series-m\/\"]}]},{\"@type\":\"ImageObject\",\"inLanguage\":\"et\",\"@id\":\"https:\/\/espak.ee\/epood\/toode\/vihmuti-vonkuv-fiskars-x-series-m\/#primaryimage\",\"url\":\"https:\/\/espak.ee\/epood\/wp-content\/uploads\/2025\/07\/1070832_F-151273-Fiskars-X-series-vonkuv-vihmuti-M-2.jpg\",\"contentUrl\":\"https:\/\/espak.ee\/epood\/wp-content\/uploads\/2025\/07\/1070832_F-151273-Fiskars-X-series-vonkuv-vihmuti-M-2.jpg\",\"width\":2000,\"height\":2000},{\"@type\":\"BreadcrumbList\",\"@id\":\"https:\/\/espak.ee\/epood\/toode\/vihmuti-vonkuv-fiskars-x-series-m\/#breadcrumb\",\"itemListElement\":[{\"@type\":\"ListItem\",\"position\":1,\"name\":\"Home\",\"item\":\"https:\/\/espak.ee\/epood\/\"},{\"@type\":\"ListItem\",\"position\":2,\"name\":\"Tootevalik\",\"item\":\"https:\/\/espak.ee\/epood\/tootevalik\/\"},{\"@type\":\"ListItem\",\"position\":3,\"name\":\"VIHMUTI V\u00d5NKUV FISKARS X-SERIES M\"}]},{\"@type\":\"WebSite\",\"@id\":\"https:\/\/espak.ee\/epood\/#website\",\"url\":\"https:\/\/espak.ee\/epood\/\",\"name\":\"Espak E-pood\",\"description\":\"\",\"potentialAction\":[{\"@type\":\"SearchAction\",\"target\":{\"@type\":\"EntryPoint\",\"urlTemplate\":\"https:\/\/espak.ee\/epood\/?s={search_term_string}\"},\"query-input\":{\"@type\":\"PropertyValueSpecification\",\"valueRequired\":true,\"valueName\":\"search_term_string\"}}],\"inLanguage\":\"et\"}]}<\/script>\n<!-- \/ Yoast SEO plugin. -->","yoast_head_json":{"title":"VIHMUTI V\u00d5NKUV FISKARS X-SERIES M - Espak E-pood","robots":{"index":"index","follow":"follow","max-snippet":"max-snippet:-1","max-image-preview":"max-image-preview:large","max-video-preview":"max-video-preview:-1"},"canonical":"https:\/\/espak.ee\/epood\/toode\/vihmuti-vonkuv-fiskars-x-series-m\/","og_locale":"et_EE","og_type":"article","og_title":"VIHMUTI V\u00d5NKUV FISKARS X-SERIES M - Espak E-pood","og_url":"https:\/\/espak.ee\/epood\/toode\/vihmuti-vonkuv-fiskars-x-series-m\/","og_site_name":"Espak E-pood","article_modified_time":"2025-07-08T05:42:47+00:00","og_image":[{"width":2000,"height":2000,"url":"https:\/\/espak.ee\/epood\/wp-content\/uploads\/2025\/07\/1070832_F-151273-Fiskars-X-series-vonkuv-vihmuti-M-2.jpg","type":"image\/jpeg"}],"twitter_card":"summary_large_image","twitter_misc":{"Est. reading time":"1 minut"},"schema":{"@context":"https:\/\/schema.org","@graph":[{"@type":"WebPage","@id":"https:\/\/espak.ee\/epood\/toode\/vihmuti-vonkuv-fiskars-x-series-m\/","url":"https:\/\/espak.ee\/epood\/toode\/vihmuti-vonkuv-fiskars-x-series-m\/","name":"VIHMUTI V\u00d5NKUV FISKARS X-SERIES M - Espak E-pood","isPartOf":{"@id":"https:\/\/espak.ee\/epood\/#website"},"primaryImageOfPage":{"@id":"https:\/\/espak.ee\/epood\/toode\/vihmuti-vonkuv-fiskars-x-series-m\/#primaryimage"},"image":{"@id":"https:\/\/espak.ee\/epood\/toode\/vihmuti-vonkuv-fiskars-x-series-m\/#primaryimage"},"thumbnailUrl":"https:\/\/espak.ee\/epood\/wp-content\/uploads\/2025\/07\/1070832_F-151273-Fiskars-X-series-vonkuv-vihmuti-M-2.jpg","datePublished":"2025-07-08T02:10:01+00:00","dateModified":"2025-07-08T05:42:47+00:00","breadcrumb":{"@id":"https:\/\/espak.ee\/epood\/toode\/vihmuti-vonkuv-fiskars-x-series-m\/#breadcrumb"},"inLanguage":"et","potentialAction":[{"@type":"ReadAction","target":["https:\/\/espak.ee\/epood\/toode\/vihmuti-vonkuv-fiskars-x-series-m\/"]}]},{"@type":"ImageObject","inLanguage":"et","@id":"https:\/\/espak.ee\/epood\/toode\/vihmuti-vonkuv-fiskars-x-series-m\/#primaryimage","url":"https:\/\/espak.ee\/epood\/wp-content\/uploads\/2025\/07\/1070832_F-151273-Fiskars-X-series-vonkuv-vihmuti-M-2.jpg","contentUrl":"https:\/\/espak.ee\/epood\/wp-content\/uploads\/2025\/07\/1070832_F-151273-Fiskars-X-series-vonkuv-vihmuti-M-2.jpg","width":2000,"height":2000},{"@type":"BreadcrumbList","@id":"https:\/\/espak.ee\/epood\/toode\/vihmuti-vonkuv-fiskars-x-series-m\/#breadcrumb","itemListElement":[{"@type":"ListItem","position":1,"name":"Home","item":"https:\/\/espak.ee\/epood\/"},{"@type":"ListItem","position":2,"name":"Tootevalik","item":"https:\/\/espak.ee\/epood\/tootevalik\/"},{"@type":"ListItem","position":3,"name":"VIHMUTI V\u00d5NKUV FISKARS X-SERIES M"}]},{"@type":"WebSite","@id":"https:\/\/espak.ee\/epood\/#website","url":"https:\/\/espak.ee\/epood\/","name":"Espak E-pood","description":"","potentialAction":[{"@type":"SearchAction","target":{"@type":"EntryPoint","urlTemplate":"https:\/\/espak.ee\/epood\/?s={search_term_string}"},"query-input":{"@type":"PropertyValueSpecification","valueRequired":true,"valueName":"search_term_string"}}],"inLanguage":"et"}]}},"_links":{"self":[{"href":"https:\/\/espak.ee\/epood\/wp-json\/wp\/v2\/product\/242498","targetHints":{"allow":["GET"]}}],"collection":[{"href":"https:\/\/espak.ee\/epood\/wp-json\/wp\/v2\/product"}],"about":[{"href":"https:\/\/espak.ee\/epood\/wp-json\/wp\/v2\/types\/product"}],"replies":[{"embeddable":true,"href":"https:\/\/espak.ee\/epood\/wp-json\/wp\/v2\/comments?post=242498"}],"wp:featuredmedia":[{"embeddable":true,"href":"https:\/\/espak.ee\/epood\/wp-json\/wp\/v2\/media\/242550"}],"wp:attachment":[{"href":"https:\/\/espak.ee\/epood\/wp-json\/wp\/v2\/media?parent=242498"}],"wp:term":[{"taxonomy":"product_brand","embeddable":true,"href":"https:\/\/espak.ee\/epood\/wp-json\/wp\/v2\/product_brand?post=242498"},{"taxonomy":"product_cat","embeddable":true,"href":"https:\/\/espak.ee\/epood\/wp-json\/wp\/v2\/product_cat?post=242498"},{"taxonomy":"product_tag","embeddable":true,"href":"https:\/\/espak.ee\/epood\/wp-json\/wp\/v2\/product_tag?post=242498"}],"curies":[{"name":"wp","href":"https:\/\/api.w.org\/{rel}","templated":true}]}}