{"id":240997,"date":"2025-06-21T05:05:01","date_gmt":"2025-06-21T02:05:01","guid":{"rendered":"https:\/\/espak.ee\/epood\/?post_type=product&#038;p=240997"},"modified":"2026-01-18T18:33:13","modified_gmt":"2026-01-18T16:33:13","slug":"pesugeel-mayeri-all-care-spordiriietele-15l","status":"publish","type":"product","link":"https:\/\/espak.ee\/epood\/toode\/pesugeel-mayeri-all-care-spordiriietele-15l\/","title":{"rendered":"PESUGEEL MAYERI ALL CARE SPORDIRIIETELE 1,5L"},"content":{"rendered":"<div class=\"row\"  id=\"row-1985031709\">\n\n\t<div id=\"col-1370928856\" class=\"col medium-9 small-12 large-9\"  >\n\t\t\t\t<div class=\"col-inner\"  >\n\t\t\t\n\t\t\t\n<h3>Mayeri All-Care pesugeel spordiriietele 1,5L<\/h3>\n<p>Spetsiaalse koostisega pesuvahend spordir\u00f5ivaste, jalan\u00f5ude ja membraankangaste pesuks. Eemaldab riietelt kergesti higi \u2013 ja muu ebameeldiva l\u00f5hna. H\u00e4sti lahustuv, ei j\u00e4ta riietele ega masinasse pesuainete j\u00e4\u00e4ke. Sobib k\u00e4sipesuks. Sisaldab veepehmendit, mis hoiab \u00e4ra katlakivi tekke pesumasinas. S\u00e4ilitab kanga esialgsed omadused, sealhulgas veekindluse ja hingavuse.\n<\/p>\n<p><strong>Koostis: <\/strong>5-15% Anioonsed pindaktiivsed ained, <5% Mitteioonsed pindaktiivsed ained, <5% Fosfonaat, Phenoxyethanol, ens\u00fc\u00fcmid, l\u00f5hnaaine, v\u00e4rviaine. <\/p>\n<p><strong>Kasutamine: <\/strong>5 kg pesu kohta 60- 150ml s\u00f5ltuvalt m\u00e4\u00e4rdumisest ja vee karedusest. T\u00e4psemalt vaata doseeringut pakendilt.<\/p>\n<p><strong>Hoiatused: <\/strong>P\u00f5hjustab tugevat silmade \u00e4rritust. Hoida lastele k\u00e4ttesaamatus kohas. ilma sattumise korral: loputada mitme minuti jooksul ettevaatlikult veega. Eemaldada kontaktl\u00e4\u00e4tsed, kui neid kasutatakse. Loputada veel kord.<\/p>\n\t<div id=\"gap-2034976205\" class=\"gap-element clearfix\" style=\"display:block; height:auto;\">\n\t\t\n<style>\n#gap-2034976205 {\n  padding-top: 30px;\n}\n<\/style>\n\t<\/div>\n\t\n\t\t<\/div>\n\t\t\t\t\t<\/div>\n\n\t\n\n\t<div id=\"col-494652645\" class=\"col medium-3 small-12 large-3\"  >\n\t\t\t\t<div class=\"col-inner\"  >\n\t\t\t\n\t\t\t\n\t<div id=\"gap-485820596\" class=\"gap-element clearfix\" style=\"display:block; height:auto;\">\n\t\t\n<style>\n#gap-485820596 {\n  padding-top: 30px;\n}\n<\/style>\n\t<\/div>\n\t\n<p><strong>\u00dcksikasjalikuma n\u00f5u saamiseks v\u00f5tke \u00fchendust:<br \/><\/strong>Kodupaber AS<br \/>Karjav\u00e4lja tn.10<br \/>12918<br \/>Tallinn<br \/>+372 680 6000<\/p>\n<div class=\"is-divider divider clearfix\" ><\/div>\n\t\t<\/div>\n\t\t\t\t\t<\/div>\n\n\t\n<\/div>\n","protected":false},"excerpt":{"rendered":"","protected":false},"featured_media":241178,"comment_status":"closed","ping_status":"closed","template":"","meta":[],"product_brand":[],"product_cat":[2788,4216,4217,4482],"product_tag":[],"class_list":{"0":"post-240997","1":"product","2":"type-product","3":"status-publish","4":"has-post-thumbnail","6":"product_cat-aiatarbed-ja-kodukaubad","7":"product_cat-kodukeemia","8":"product_cat-kodukeemia-kodukeemia","9":"product_cat-pesupulbrid-ja-loputusvahendid","10":"pa_kaubamark-kodupaber-as","12":"first","13":"instock","14":"sale","15":"taxable","16":"shipping-taxable","17":"purchasable","18":"product-type-simple"},"yoast_head":"<!-- This site is optimized with the Yoast SEO plugin v26.9 - https:\/\/yoast.com\/product\/yoast-seo-wordpress\/ -->\n<title>PESUGEEL MAYERI ALL CARE SPORDIRIIETELE 1,5L - Espak E-pood<\/title>\n<meta name=\"robots\" content=\"index, follow, max-snippet:-1, max-image-preview:large, max-video-preview:-1\" \/>\n<link rel=\"canonical\" href=\"https:\/\/espak.ee\/epood\/toode\/pesugeel-mayeri-all-care-spordiriietele-15l\/\" \/>\n<meta property=\"og:locale\" content=\"et_EE\" \/>\n<meta property=\"og:type\" content=\"article\" \/>\n<meta property=\"og:title\" content=\"PESUGEEL MAYERI ALL CARE SPORDIRIIETELE 1,5L - Espak E-pood\" \/>\n<meta property=\"og:url\" content=\"https:\/\/espak.ee\/epood\/toode\/pesugeel-mayeri-all-care-spordiriietele-15l\/\" \/>\n<meta property=\"og:site_name\" content=\"Espak E-pood\" \/>\n<meta property=\"article:modified_time\" content=\"2026-01-18T16:33:13+00:00\" \/>\n<meta property=\"og:image\" content=\"https:\/\/espak.ee\/epood\/wp-content\/uploads\/2025\/06\/K892U_4740060005206_0-scaled-2.jpg\" \/>\n\t<meta property=\"og:image:width\" content=\"1000\" \/>\n\t<meta property=\"og:image:height\" content=\"1000\" \/>\n\t<meta property=\"og:image:type\" content=\"image\/jpeg\" \/>\n<meta name=\"twitter:card\" content=\"summary_large_image\" \/>\n<script type=\"application\/ld+json\" class=\"yoast-schema-graph\">{\"@context\":\"https:\/\/schema.org\",\"@graph\":[{\"@type\":\"WebPage\",\"@id\":\"https:\/\/espak.ee\/epood\/toode\/pesugeel-mayeri-all-care-spordiriietele-15l\/\",\"url\":\"https:\/\/espak.ee\/epood\/toode\/pesugeel-mayeri-all-care-spordiriietele-15l\/\",\"name\":\"PESUGEEL MAYERI ALL CARE SPORDIRIIETELE 1,5L - Espak E-pood\",\"isPartOf\":{\"@id\":\"https:\/\/espak.ee\/epood\/#website\"},\"primaryImageOfPage\":{\"@id\":\"https:\/\/espak.ee\/epood\/toode\/pesugeel-mayeri-all-care-spordiriietele-15l\/#primaryimage\"},\"image\":{\"@id\":\"https:\/\/espak.ee\/epood\/toode\/pesugeel-mayeri-all-care-spordiriietele-15l\/#primaryimage\"},\"thumbnailUrl\":\"https:\/\/espak.ee\/epood\/wp-content\/uploads\/2025\/06\/K892U_4740060005206_0-scaled-2.jpg\",\"datePublished\":\"2025-06-21T02:05:01+00:00\",\"dateModified\":\"2026-01-18T16:33:13+00:00\",\"breadcrumb\":{\"@id\":\"https:\/\/espak.ee\/epood\/toode\/pesugeel-mayeri-all-care-spordiriietele-15l\/#breadcrumb\"},\"inLanguage\":\"et\",\"potentialAction\":[{\"@type\":\"ReadAction\",\"target\":[\"https:\/\/espak.ee\/epood\/toode\/pesugeel-mayeri-all-care-spordiriietele-15l\/\"]}]},{\"@type\":\"ImageObject\",\"inLanguage\":\"et\",\"@id\":\"https:\/\/espak.ee\/epood\/toode\/pesugeel-mayeri-all-care-spordiriietele-15l\/#primaryimage\",\"url\":\"https:\/\/espak.ee\/epood\/wp-content\/uploads\/2025\/06\/K892U_4740060005206_0-scaled-2.jpg\",\"contentUrl\":\"https:\/\/espak.ee\/epood\/wp-content\/uploads\/2025\/06\/K892U_4740060005206_0-scaled-2.jpg\",\"width\":1000,\"height\":1000},{\"@type\":\"BreadcrumbList\",\"@id\":\"https:\/\/espak.ee\/epood\/toode\/pesugeel-mayeri-all-care-spordiriietele-15l\/#breadcrumb\",\"itemListElement\":[{\"@type\":\"ListItem\",\"position\":1,\"name\":\"Home\",\"item\":\"https:\/\/espak.ee\/epood\/\"},{\"@type\":\"ListItem\",\"position\":2,\"name\":\"Tootevalik\",\"item\":\"https:\/\/espak.ee\/epood\/tootevalik\/\"},{\"@type\":\"ListItem\",\"position\":3,\"name\":\"PESUGEEL MAYERI ALL CARE SPORDIRIIETELE 1,5L\"}]},{\"@type\":\"WebSite\",\"@id\":\"https:\/\/espak.ee\/epood\/#website\",\"url\":\"https:\/\/espak.ee\/epood\/\",\"name\":\"Espak E-pood\",\"description\":\"\",\"potentialAction\":[{\"@type\":\"SearchAction\",\"target\":{\"@type\":\"EntryPoint\",\"urlTemplate\":\"https:\/\/espak.ee\/epood\/?s={search_term_string}\"},\"query-input\":{\"@type\":\"PropertyValueSpecification\",\"valueRequired\":true,\"valueName\":\"search_term_string\"}}],\"inLanguage\":\"et\"}]}<\/script>\n<!-- \/ Yoast SEO plugin. -->","yoast_head_json":{"title":"PESUGEEL MAYERI ALL CARE SPORDIRIIETELE 1,5L - Espak E-pood","robots":{"index":"index","follow":"follow","max-snippet":"max-snippet:-1","max-image-preview":"max-image-preview:large","max-video-preview":"max-video-preview:-1"},"canonical":"https:\/\/espak.ee\/epood\/toode\/pesugeel-mayeri-all-care-spordiriietele-15l\/","og_locale":"et_EE","og_type":"article","og_title":"PESUGEEL MAYERI ALL CARE SPORDIRIIETELE 1,5L - Espak E-pood","og_url":"https:\/\/espak.ee\/epood\/toode\/pesugeel-mayeri-all-care-spordiriietele-15l\/","og_site_name":"Espak E-pood","article_modified_time":"2026-01-18T16:33:13+00:00","og_image":[{"width":1000,"height":1000,"url":"https:\/\/espak.ee\/epood\/wp-content\/uploads\/2025\/06\/K892U_4740060005206_0-scaled-2.jpg","type":"image\/jpeg"}],"twitter_card":"summary_large_image","schema":{"@context":"https:\/\/schema.org","@graph":[{"@type":"WebPage","@id":"https:\/\/espak.ee\/epood\/toode\/pesugeel-mayeri-all-care-spordiriietele-15l\/","url":"https:\/\/espak.ee\/epood\/toode\/pesugeel-mayeri-all-care-spordiriietele-15l\/","name":"PESUGEEL MAYERI ALL CARE SPORDIRIIETELE 1,5L - Espak E-pood","isPartOf":{"@id":"https:\/\/espak.ee\/epood\/#website"},"primaryImageOfPage":{"@id":"https:\/\/espak.ee\/epood\/toode\/pesugeel-mayeri-all-care-spordiriietele-15l\/#primaryimage"},"image":{"@id":"https:\/\/espak.ee\/epood\/toode\/pesugeel-mayeri-all-care-spordiriietele-15l\/#primaryimage"},"thumbnailUrl":"https:\/\/espak.ee\/epood\/wp-content\/uploads\/2025\/06\/K892U_4740060005206_0-scaled-2.jpg","datePublished":"2025-06-21T02:05:01+00:00","dateModified":"2026-01-18T16:33:13+00:00","breadcrumb":{"@id":"https:\/\/espak.ee\/epood\/toode\/pesugeel-mayeri-all-care-spordiriietele-15l\/#breadcrumb"},"inLanguage":"et","potentialAction":[{"@type":"ReadAction","target":["https:\/\/espak.ee\/epood\/toode\/pesugeel-mayeri-all-care-spordiriietele-15l\/"]}]},{"@type":"ImageObject","inLanguage":"et","@id":"https:\/\/espak.ee\/epood\/toode\/pesugeel-mayeri-all-care-spordiriietele-15l\/#primaryimage","url":"https:\/\/espak.ee\/epood\/wp-content\/uploads\/2025\/06\/K892U_4740060005206_0-scaled-2.jpg","contentUrl":"https:\/\/espak.ee\/epood\/wp-content\/uploads\/2025\/06\/K892U_4740060005206_0-scaled-2.jpg","width":1000,"height":1000},{"@type":"BreadcrumbList","@id":"https:\/\/espak.ee\/epood\/toode\/pesugeel-mayeri-all-care-spordiriietele-15l\/#breadcrumb","itemListElement":[{"@type":"ListItem","position":1,"name":"Home","item":"https:\/\/espak.ee\/epood\/"},{"@type":"ListItem","position":2,"name":"Tootevalik","item":"https:\/\/espak.ee\/epood\/tootevalik\/"},{"@type":"ListItem","position":3,"name":"PESUGEEL MAYERI ALL CARE SPORDIRIIETELE 1,5L"}]},{"@type":"WebSite","@id":"https:\/\/espak.ee\/epood\/#website","url":"https:\/\/espak.ee\/epood\/","name":"Espak E-pood","description":"","potentialAction":[{"@type":"SearchAction","target":{"@type":"EntryPoint","urlTemplate":"https:\/\/espak.ee\/epood\/?s={search_term_string}"},"query-input":{"@type":"PropertyValueSpecification","valueRequired":true,"valueName":"search_term_string"}}],"inLanguage":"et"}]}},"_links":{"self":[{"href":"https:\/\/espak.ee\/epood\/wp-json\/wp\/v2\/product\/240997","targetHints":{"allow":["GET"]}}],"collection":[{"href":"https:\/\/espak.ee\/epood\/wp-json\/wp\/v2\/product"}],"about":[{"href":"https:\/\/espak.ee\/epood\/wp-json\/wp\/v2\/types\/product"}],"replies":[{"embeddable":true,"href":"https:\/\/espak.ee\/epood\/wp-json\/wp\/v2\/comments?post=240997"}],"wp:featuredmedia":[{"embeddable":true,"href":"https:\/\/espak.ee\/epood\/wp-json\/wp\/v2\/media\/241178"}],"wp:attachment":[{"href":"https:\/\/espak.ee\/epood\/wp-json\/wp\/v2\/media?parent=240997"}],"wp:term":[{"taxonomy":"product_brand","embeddable":true,"href":"https:\/\/espak.ee\/epood\/wp-json\/wp\/v2\/product_brand?post=240997"},{"taxonomy":"product_cat","embeddable":true,"href":"https:\/\/espak.ee\/epood\/wp-json\/wp\/v2\/product_cat?post=240997"},{"taxonomy":"product_tag","embeddable":true,"href":"https:\/\/espak.ee\/epood\/wp-json\/wp\/v2\/product_tag?post=240997"}],"curies":[{"name":"wp","href":"https:\/\/api.w.org\/{rel}","templated":true}]}}