{"id":240877,"date":"2025-06-20T05:05:02","date_gmt":"2025-06-20T02:05:02","guid":{"rendered":"https:\/\/espak.ee\/epood\/?post_type=product&#038;p=240877"},"modified":"2025-06-20T12:13:20","modified_gmt":"2025-06-20T09:13:20","slug":"pesupulber-mayeri-all-care-10kg-universal","status":"publish","type":"product","link":"https:\/\/espak.ee\/epood\/toode\/pesupulber-mayeri-all-care-10kg-universal\/","title":{"rendered":"PESUPULBER MAYERI ALL CARE 10KG UNIVERSAL"},"content":{"rendered":"<div class=\"row\"  id=\"row-656223747\">\n\n\t<div id=\"col-1715725447\" class=\"col medium-9 small-12 large-9\"  >\n\t\t\t\t<div class=\"col-inner\"  >\n\t\t\t\n\t\t\t\n<h3>Mayeri All-Care pesupulber Universal 10kg<\/h3>\n<p>Kontsentreeritud pesupulber valgele ja kirjule pesule. Sobib nii masin- kui ka k\u00e4sipesuks. Eemaldab efektiivselt mustuse nii leige kui ka kuuma veega. Sisaldab hapnikup\u00f5hist pleegitusainet koos aktivaatoriga, mis eemaldavad plekke (nt veri, kohvi ja tee) ning ens\u00fc\u00fcme, mis aitavad lagundada tugevaid plekke (nt \u0161okolaad, muna, veri jms). Sisaldab veepehmendajat, mis kaitseb pesumasinat katlakivi tekke eest.\n<\/p>\n<p><strong>Koostis: <\/strong>15-30% naatriumkarbonaadid, 15-30% hapnikup\u00f5hised pleegitusained, <5% Anioonsed pindaktiivsed ained, <5% mitteioonseid pindaktiivseid aineid, <5% Fosfonaat, ens\u00fc\u00fcmid, l\u00f5hnaaine, v\u00e4rvaine. <\/p>\n<p><strong>Kasutamine: <\/strong>Doseeringut vaata pakendilt.<\/p>\n<p><strong>Hoiatused: <\/strong>Hoida lastele k\u00e4ttesaamatus kohas. V\u00e4ltida tolmu sissehingamist. Nahale sattumise korral pesta rohke veega. Silma sattumise korral; loputada mitme minuti jooksulettevaatlikult veega. Eemaldada kontaktl\u00e4\u00e4tsed, kui neid kasutatakse ja kui neid on kerge eemaldada.<\/p>\n\t<div id=\"gap-1508481449\" class=\"gap-element clearfix\" style=\"display:block; height:auto;\">\n\t\t\n<style>\n#gap-1508481449 {\n  padding-top: 30px;\n}\n<\/style>\n\t<\/div>\n\t\n\t\t<\/div>\n\t\t\t\t\t<\/div>\n\n\t\n\n\t<div id=\"col-285907451\" class=\"col medium-3 small-12 large-3\"  >\n\t\t\t\t<div class=\"col-inner\"  >\n\t\t\t\n\t\t\t\n\t<div id=\"gap-373719051\" class=\"gap-element clearfix\" style=\"display:block; height:auto;\">\n\t\t\n<style>\n#gap-373719051 {\n  padding-top: 30px;\n}\n<\/style>\n\t<\/div>\n\t\n<p><strong>\u00dcksikasjalikuma n\u00f5u saamiseks v\u00f5tke \u00fchendust:<br \/><\/strong>Kodupaber AS<br \/>Karjav\u00e4lja tn.10<br \/>12918<br \/>Tallinn<br \/>+372 680 6000<\/p>\n<div class=\"is-divider divider clearfix\" ><\/div>\n\t\t<\/div>\n\t\t\t\t\t<\/div>\n\n\t\n<\/div>\n","protected":false},"excerpt":{"rendered":"","protected":false},"featured_media":240962,"comment_status":"closed","ping_status":"closed","template":"","meta":[],"product_brand":[],"product_cat":[2788,4217,4216,4482],"product_tag":[],"class_list":{"0":"post-240877","1":"product","2":"type-product","3":"status-publish","4":"has-post-thumbnail","6":"product_cat-aiatarbed-ja-kodukaubad","7":"product_cat-kodukeemia-kodukeemia","8":"product_cat-kodukeemia","9":"product_cat-pesupulbrid-ja-loputusvahendid","10":"pa_kaubamark-kodupaber-as","12":"first","13":"instock","14":"sale","15":"taxable","16":"shipping-taxable","17":"purchasable","18":"product-type-simple"},"yoast_head":"<!-- This site is optimized with the Yoast SEO plugin v26.9 - https:\/\/yoast.com\/product\/yoast-seo-wordpress\/ -->\n<title>PESUPULBER MAYERI ALL CARE 10KG UNIVERSAL - Espak E-pood<\/title>\n<meta name=\"robots\" content=\"index, follow, max-snippet:-1, max-image-preview:large, max-video-preview:-1\" \/>\n<link rel=\"canonical\" href=\"https:\/\/espak.ee\/epood\/toode\/pesupulber-mayeri-all-care-10kg-universal\/\" \/>\n<meta property=\"og:locale\" content=\"et_EE\" \/>\n<meta property=\"og:type\" content=\"article\" \/>\n<meta property=\"og:title\" content=\"PESUPULBER MAYERI ALL CARE 10KG UNIVERSAL - Espak E-pood\" \/>\n<meta property=\"og:url\" content=\"https:\/\/espak.ee\/epood\/toode\/pesupulber-mayeri-all-care-10kg-universal\/\" \/>\n<meta property=\"og:site_name\" content=\"Espak E-pood\" \/>\n<meta property=\"article:modified_time\" content=\"2025-06-20T09:13:20+00:00\" \/>\n<meta property=\"og:image\" content=\"https:\/\/espak.ee\/epood\/wp-content\/uploads\/2025\/06\/P482_4740060007286_0.jpg\" \/>\n\t<meta property=\"og:image:width\" content=\"1000\" \/>\n\t<meta property=\"og:image:height\" content=\"1000\" \/>\n\t<meta property=\"og:image:type\" content=\"image\/jpeg\" \/>\n<meta name=\"twitter:card\" content=\"summary_large_image\" \/>\n<script type=\"application\/ld+json\" class=\"yoast-schema-graph\">{\"@context\":\"https:\/\/schema.org\",\"@graph\":[{\"@type\":\"WebPage\",\"@id\":\"https:\/\/espak.ee\/epood\/toode\/pesupulber-mayeri-all-care-10kg-universal\/\",\"url\":\"https:\/\/espak.ee\/epood\/toode\/pesupulber-mayeri-all-care-10kg-universal\/\",\"name\":\"PESUPULBER MAYERI ALL CARE 10KG UNIVERSAL - Espak E-pood\",\"isPartOf\":{\"@id\":\"https:\/\/espak.ee\/epood\/#website\"},\"primaryImageOfPage\":{\"@id\":\"https:\/\/espak.ee\/epood\/toode\/pesupulber-mayeri-all-care-10kg-universal\/#primaryimage\"},\"image\":{\"@id\":\"https:\/\/espak.ee\/epood\/toode\/pesupulber-mayeri-all-care-10kg-universal\/#primaryimage\"},\"thumbnailUrl\":\"https:\/\/espak.ee\/epood\/wp-content\/uploads\/2025\/06\/P482_4740060007286_0.jpg\",\"datePublished\":\"2025-06-20T02:05:02+00:00\",\"dateModified\":\"2025-06-20T09:13:20+00:00\",\"breadcrumb\":{\"@id\":\"https:\/\/espak.ee\/epood\/toode\/pesupulber-mayeri-all-care-10kg-universal\/#breadcrumb\"},\"inLanguage\":\"et\",\"potentialAction\":[{\"@type\":\"ReadAction\",\"target\":[\"https:\/\/espak.ee\/epood\/toode\/pesupulber-mayeri-all-care-10kg-universal\/\"]}]},{\"@type\":\"ImageObject\",\"inLanguage\":\"et\",\"@id\":\"https:\/\/espak.ee\/epood\/toode\/pesupulber-mayeri-all-care-10kg-universal\/#primaryimage\",\"url\":\"https:\/\/espak.ee\/epood\/wp-content\/uploads\/2025\/06\/P482_4740060007286_0.jpg\",\"contentUrl\":\"https:\/\/espak.ee\/epood\/wp-content\/uploads\/2025\/06\/P482_4740060007286_0.jpg\",\"width\":1000,\"height\":1000},{\"@type\":\"BreadcrumbList\",\"@id\":\"https:\/\/espak.ee\/epood\/toode\/pesupulber-mayeri-all-care-10kg-universal\/#breadcrumb\",\"itemListElement\":[{\"@type\":\"ListItem\",\"position\":1,\"name\":\"Home\",\"item\":\"https:\/\/espak.ee\/epood\/\"},{\"@type\":\"ListItem\",\"position\":2,\"name\":\"Tootevalik\",\"item\":\"https:\/\/espak.ee\/epood\/tootevalik\/\"},{\"@type\":\"ListItem\",\"position\":3,\"name\":\"PESUPULBER MAYERI ALL CARE 10KG UNIVERSAL\"}]},{\"@type\":\"WebSite\",\"@id\":\"https:\/\/espak.ee\/epood\/#website\",\"url\":\"https:\/\/espak.ee\/epood\/\",\"name\":\"Espak E-pood\",\"description\":\"\",\"potentialAction\":[{\"@type\":\"SearchAction\",\"target\":{\"@type\":\"EntryPoint\",\"urlTemplate\":\"https:\/\/espak.ee\/epood\/?s={search_term_string}\"},\"query-input\":{\"@type\":\"PropertyValueSpecification\",\"valueRequired\":true,\"valueName\":\"search_term_string\"}}],\"inLanguage\":\"et\"}]}<\/script>\n<!-- \/ Yoast SEO plugin. -->","yoast_head_json":{"title":"PESUPULBER MAYERI ALL CARE 10KG UNIVERSAL - Espak E-pood","robots":{"index":"index","follow":"follow","max-snippet":"max-snippet:-1","max-image-preview":"max-image-preview:large","max-video-preview":"max-video-preview:-1"},"canonical":"https:\/\/espak.ee\/epood\/toode\/pesupulber-mayeri-all-care-10kg-universal\/","og_locale":"et_EE","og_type":"article","og_title":"PESUPULBER MAYERI ALL CARE 10KG UNIVERSAL - Espak E-pood","og_url":"https:\/\/espak.ee\/epood\/toode\/pesupulber-mayeri-all-care-10kg-universal\/","og_site_name":"Espak E-pood","article_modified_time":"2025-06-20T09:13:20+00:00","og_image":[{"width":1000,"height":1000,"url":"https:\/\/espak.ee\/epood\/wp-content\/uploads\/2025\/06\/P482_4740060007286_0.jpg","type":"image\/jpeg"}],"twitter_card":"summary_large_image","schema":{"@context":"https:\/\/schema.org","@graph":[{"@type":"WebPage","@id":"https:\/\/espak.ee\/epood\/toode\/pesupulber-mayeri-all-care-10kg-universal\/","url":"https:\/\/espak.ee\/epood\/toode\/pesupulber-mayeri-all-care-10kg-universal\/","name":"PESUPULBER MAYERI ALL CARE 10KG UNIVERSAL - Espak E-pood","isPartOf":{"@id":"https:\/\/espak.ee\/epood\/#website"},"primaryImageOfPage":{"@id":"https:\/\/espak.ee\/epood\/toode\/pesupulber-mayeri-all-care-10kg-universal\/#primaryimage"},"image":{"@id":"https:\/\/espak.ee\/epood\/toode\/pesupulber-mayeri-all-care-10kg-universal\/#primaryimage"},"thumbnailUrl":"https:\/\/espak.ee\/epood\/wp-content\/uploads\/2025\/06\/P482_4740060007286_0.jpg","datePublished":"2025-06-20T02:05:02+00:00","dateModified":"2025-06-20T09:13:20+00:00","breadcrumb":{"@id":"https:\/\/espak.ee\/epood\/toode\/pesupulber-mayeri-all-care-10kg-universal\/#breadcrumb"},"inLanguage":"et","potentialAction":[{"@type":"ReadAction","target":["https:\/\/espak.ee\/epood\/toode\/pesupulber-mayeri-all-care-10kg-universal\/"]}]},{"@type":"ImageObject","inLanguage":"et","@id":"https:\/\/espak.ee\/epood\/toode\/pesupulber-mayeri-all-care-10kg-universal\/#primaryimage","url":"https:\/\/espak.ee\/epood\/wp-content\/uploads\/2025\/06\/P482_4740060007286_0.jpg","contentUrl":"https:\/\/espak.ee\/epood\/wp-content\/uploads\/2025\/06\/P482_4740060007286_0.jpg","width":1000,"height":1000},{"@type":"BreadcrumbList","@id":"https:\/\/espak.ee\/epood\/toode\/pesupulber-mayeri-all-care-10kg-universal\/#breadcrumb","itemListElement":[{"@type":"ListItem","position":1,"name":"Home","item":"https:\/\/espak.ee\/epood\/"},{"@type":"ListItem","position":2,"name":"Tootevalik","item":"https:\/\/espak.ee\/epood\/tootevalik\/"},{"@type":"ListItem","position":3,"name":"PESUPULBER MAYERI ALL CARE 10KG UNIVERSAL"}]},{"@type":"WebSite","@id":"https:\/\/espak.ee\/epood\/#website","url":"https:\/\/espak.ee\/epood\/","name":"Espak E-pood","description":"","potentialAction":[{"@type":"SearchAction","target":{"@type":"EntryPoint","urlTemplate":"https:\/\/espak.ee\/epood\/?s={search_term_string}"},"query-input":{"@type":"PropertyValueSpecification","valueRequired":true,"valueName":"search_term_string"}}],"inLanguage":"et"}]}},"_links":{"self":[{"href":"https:\/\/espak.ee\/epood\/wp-json\/wp\/v2\/product\/240877","targetHints":{"allow":["GET"]}}],"collection":[{"href":"https:\/\/espak.ee\/epood\/wp-json\/wp\/v2\/product"}],"about":[{"href":"https:\/\/espak.ee\/epood\/wp-json\/wp\/v2\/types\/product"}],"replies":[{"embeddable":true,"href":"https:\/\/espak.ee\/epood\/wp-json\/wp\/v2\/comments?post=240877"}],"wp:featuredmedia":[{"embeddable":true,"href":"https:\/\/espak.ee\/epood\/wp-json\/wp\/v2\/media\/240962"}],"wp:attachment":[{"href":"https:\/\/espak.ee\/epood\/wp-json\/wp\/v2\/media?parent=240877"}],"wp:term":[{"taxonomy":"product_brand","embeddable":true,"href":"https:\/\/espak.ee\/epood\/wp-json\/wp\/v2\/product_brand?post=240877"},{"taxonomy":"product_cat","embeddable":true,"href":"https:\/\/espak.ee\/epood\/wp-json\/wp\/v2\/product_cat?post=240877"},{"taxonomy":"product_tag","embeddable":true,"href":"https:\/\/espak.ee\/epood\/wp-json\/wp\/v2\/product_tag?post=240877"}],"curies":[{"name":"wp","href":"https:\/\/api.w.org\/{rel}","templated":true}]}}