{"id":240765,"date":"2025-06-19T05:10:01","date_gmt":"2025-06-19T02:10:01","guid":{"rendered":"https:\/\/espak.ee\/epood\/?post_type=product&#038;p=240765"},"modified":"2025-06-19T08:52:45","modified_gmt":"2025-06-19T05:52:45","slug":"seinavalgusti-safari-k1-elevant-e14-10w-led","status":"publish","type":"product","link":"https:\/\/espak.ee\/epood\/toode\/seinavalgusti-safari-k1-elevant-e14-10w-led\/","title":{"rendered":"SEINAVALGUSTI SAFARI K1 ELEVANT E14 10W LED"},"content":{"rendered":"<div class=\"row\"  id=\"row-711330621\">\n\n\t<div id=\"col-1538629789\" class=\"col medium-9 small-12 large-9\"  >\n\t\t\t\t<div class=\"col-inner\"  >\n\t\t\t\n\t\t\t\n<h2>Seinavalgusti Safari K1 Elevant E14 10W<\/h2>\n<p>Seinavalgusti Safari K1 sobib ideaalselt lastetuppa. Loob meeldiva ja rahustava atmosf\u00e4\u00e4ri.<br \/>\nValgustil on eraldi pistik.<br \/>\nL\u00fcliti juhtmel.<br \/>\nMaterjal: Metall\/ puit.<br \/>\nV\u00e4rv: Pruun.<br \/>\nValgusallikas: 1 x E14 max 10W (ei kuulu tarnekomplekti).<br \/>\nM\u00f5\u00f5dud (LxK): 280 x 240 mm. <\/p>\n\t<div id=\"gap-1054366462\" class=\"gap-element clearfix\" style=\"display:block; height:auto;\">\n\t\t\n<style>\n#gap-1054366462 {\n  padding-top: 30px;\n}\n<\/style>\n\t<\/div>\n\t\n\t\t<\/div>\n\t\t\t\t\t<\/div>\n\n\t\n\n\t<div id=\"col-1462624989\" class=\"col medium-3 small-12 large-3\"  >\n\t\t\t\t<div class=\"col-inner\"  >\n\t\t\t\n\t\t\t\n\t<div id=\"gap-1254055328\" class=\"gap-element clearfix\" style=\"display:block; height:auto;\">\n\t\t\n<style>\n#gap-1254055328 {\n  padding-top: 30px;\n}\n<\/style>\n\t<\/div>\n\t\n<div class=\"is-divider divider clearfix\" ><\/div>\n<p><strong>\u00dcksikasjalikuma n\u00f5u saamiseks v\u00f5tke \u00fchendust:<br \/><\/strong>Espak AS<br \/>Viadukti 42<br \/>11313<br \/>Tallinn<br \/>+372 6 512333<\/p>\n<div class=\"is-divider divider clearfix\" ><\/div>\n\t\t<\/div>\n\t\t\t\t\t<\/div>\n\n\t\n<\/div>\n","protected":false},"excerpt":{"rendered":"","protected":false},"featured_media":240778,"comment_status":"closed","ping_status":"closed","template":"","meta":[],"product_brand":[],"product_cat":[2934,2966,2959,2960],"product_tag":[],"class_list":{"0":"post-240765","1":"product","2":"type-product","3":"status-publish","4":"has-post-thumbnail","6":"product_cat-elektrikaubad-ja-valgustid","7":"product_cat-seinavalgustid","8":"product_cat-valgustid","9":"product_cat-valgustid-valgustid","10":"pa_kaubamark-emibig-s-c","12":"first","13":"instock","14":"sale","15":"taxable","16":"shipping-taxable","17":"purchasable","18":"product-type-simple"},"yoast_head":"<!-- This site is optimized with the Yoast SEO plugin v26.9 - https:\/\/yoast.com\/product\/yoast-seo-wordpress\/ -->\n<title>SEINAVALGUSTI SAFARI K1 ELEVANT E14 10W LED - Espak E-pood<\/title>\n<meta name=\"robots\" content=\"index, follow, max-snippet:-1, max-image-preview:large, max-video-preview:-1\" \/>\n<link rel=\"canonical\" href=\"https:\/\/espak.ee\/epood\/toode\/seinavalgusti-safari-k1-elevant-e14-10w-led\/\" \/>\n<meta property=\"og:locale\" content=\"et_EE\" \/>\n<meta property=\"og:type\" content=\"article\" \/>\n<meta property=\"og:title\" content=\"SEINAVALGUSTI SAFARI K1 ELEVANT E14 10W LED - Espak E-pood\" \/>\n<meta property=\"og:url\" content=\"https:\/\/espak.ee\/epood\/toode\/seinavalgusti-safari-k1-elevant-e14-10w-led\/\" \/>\n<meta property=\"og:site_name\" content=\"Espak E-pood\" \/>\n<meta property=\"article:modified_time\" content=\"2025-06-19T05:52:45+00:00\" \/>\n<meta property=\"og:image\" content=\"https:\/\/espak.ee\/epood\/wp-content\/uploads\/2025\/06\/1tr.1341_k1.2.jpg\" \/>\n\t<meta property=\"og:image:width\" content=\"1000\" \/>\n\t<meta property=\"og:image:height\" content=\"1000\" \/>\n\t<meta property=\"og:image:type\" content=\"image\/jpeg\" \/>\n<meta name=\"twitter:card\" content=\"summary_large_image\" \/>\n<script type=\"application\/ld+json\" class=\"yoast-schema-graph\">{\"@context\":\"https:\/\/schema.org\",\"@graph\":[{\"@type\":\"WebPage\",\"@id\":\"https:\/\/espak.ee\/epood\/toode\/seinavalgusti-safari-k1-elevant-e14-10w-led\/\",\"url\":\"https:\/\/espak.ee\/epood\/toode\/seinavalgusti-safari-k1-elevant-e14-10w-led\/\",\"name\":\"SEINAVALGUSTI SAFARI K1 ELEVANT E14 10W LED - Espak E-pood\",\"isPartOf\":{\"@id\":\"https:\/\/espak.ee\/epood\/#website\"},\"primaryImageOfPage\":{\"@id\":\"https:\/\/espak.ee\/epood\/toode\/seinavalgusti-safari-k1-elevant-e14-10w-led\/#primaryimage\"},\"image\":{\"@id\":\"https:\/\/espak.ee\/epood\/toode\/seinavalgusti-safari-k1-elevant-e14-10w-led\/#primaryimage\"},\"thumbnailUrl\":\"https:\/\/espak.ee\/epood\/wp-content\/uploads\/2025\/06\/1tr.1341_k1.2.jpg\",\"datePublished\":\"2025-06-19T02:10:01+00:00\",\"dateModified\":\"2025-06-19T05:52:45+00:00\",\"breadcrumb\":{\"@id\":\"https:\/\/espak.ee\/epood\/toode\/seinavalgusti-safari-k1-elevant-e14-10w-led\/#breadcrumb\"},\"inLanguage\":\"et\",\"potentialAction\":[{\"@type\":\"ReadAction\",\"target\":[\"https:\/\/espak.ee\/epood\/toode\/seinavalgusti-safari-k1-elevant-e14-10w-led\/\"]}]},{\"@type\":\"ImageObject\",\"inLanguage\":\"et\",\"@id\":\"https:\/\/espak.ee\/epood\/toode\/seinavalgusti-safari-k1-elevant-e14-10w-led\/#primaryimage\",\"url\":\"https:\/\/espak.ee\/epood\/wp-content\/uploads\/2025\/06\/1tr.1341_k1.2.jpg\",\"contentUrl\":\"https:\/\/espak.ee\/epood\/wp-content\/uploads\/2025\/06\/1tr.1341_k1.2.jpg\",\"width\":1000,\"height\":1000},{\"@type\":\"BreadcrumbList\",\"@id\":\"https:\/\/espak.ee\/epood\/toode\/seinavalgusti-safari-k1-elevant-e14-10w-led\/#breadcrumb\",\"itemListElement\":[{\"@type\":\"ListItem\",\"position\":1,\"name\":\"Home\",\"item\":\"https:\/\/espak.ee\/epood\/\"},{\"@type\":\"ListItem\",\"position\":2,\"name\":\"Tootevalik\",\"item\":\"https:\/\/espak.ee\/epood\/tootevalik\/\"},{\"@type\":\"ListItem\",\"position\":3,\"name\":\"SEINAVALGUSTI SAFARI K1 ELEVANT E14 10W LED\"}]},{\"@type\":\"WebSite\",\"@id\":\"https:\/\/espak.ee\/epood\/#website\",\"url\":\"https:\/\/espak.ee\/epood\/\",\"name\":\"Espak E-pood\",\"description\":\"\",\"potentialAction\":[{\"@type\":\"SearchAction\",\"target\":{\"@type\":\"EntryPoint\",\"urlTemplate\":\"https:\/\/espak.ee\/epood\/?s={search_term_string}\"},\"query-input\":{\"@type\":\"PropertyValueSpecification\",\"valueRequired\":true,\"valueName\":\"search_term_string\"}}],\"inLanguage\":\"et\"}]}<\/script>\n<!-- \/ Yoast SEO plugin. -->","yoast_head_json":{"title":"SEINAVALGUSTI SAFARI K1 ELEVANT E14 10W LED - Espak E-pood","robots":{"index":"index","follow":"follow","max-snippet":"max-snippet:-1","max-image-preview":"max-image-preview:large","max-video-preview":"max-video-preview:-1"},"canonical":"https:\/\/espak.ee\/epood\/toode\/seinavalgusti-safari-k1-elevant-e14-10w-led\/","og_locale":"et_EE","og_type":"article","og_title":"SEINAVALGUSTI SAFARI K1 ELEVANT E14 10W LED - Espak E-pood","og_url":"https:\/\/espak.ee\/epood\/toode\/seinavalgusti-safari-k1-elevant-e14-10w-led\/","og_site_name":"Espak E-pood","article_modified_time":"2025-06-19T05:52:45+00:00","og_image":[{"width":1000,"height":1000,"url":"https:\/\/espak.ee\/epood\/wp-content\/uploads\/2025\/06\/1tr.1341_k1.2.jpg","type":"image\/jpeg"}],"twitter_card":"summary_large_image","schema":{"@context":"https:\/\/schema.org","@graph":[{"@type":"WebPage","@id":"https:\/\/espak.ee\/epood\/toode\/seinavalgusti-safari-k1-elevant-e14-10w-led\/","url":"https:\/\/espak.ee\/epood\/toode\/seinavalgusti-safari-k1-elevant-e14-10w-led\/","name":"SEINAVALGUSTI SAFARI K1 ELEVANT E14 10W LED - Espak E-pood","isPartOf":{"@id":"https:\/\/espak.ee\/epood\/#website"},"primaryImageOfPage":{"@id":"https:\/\/espak.ee\/epood\/toode\/seinavalgusti-safari-k1-elevant-e14-10w-led\/#primaryimage"},"image":{"@id":"https:\/\/espak.ee\/epood\/toode\/seinavalgusti-safari-k1-elevant-e14-10w-led\/#primaryimage"},"thumbnailUrl":"https:\/\/espak.ee\/epood\/wp-content\/uploads\/2025\/06\/1tr.1341_k1.2.jpg","datePublished":"2025-06-19T02:10:01+00:00","dateModified":"2025-06-19T05:52:45+00:00","breadcrumb":{"@id":"https:\/\/espak.ee\/epood\/toode\/seinavalgusti-safari-k1-elevant-e14-10w-led\/#breadcrumb"},"inLanguage":"et","potentialAction":[{"@type":"ReadAction","target":["https:\/\/espak.ee\/epood\/toode\/seinavalgusti-safari-k1-elevant-e14-10w-led\/"]}]},{"@type":"ImageObject","inLanguage":"et","@id":"https:\/\/espak.ee\/epood\/toode\/seinavalgusti-safari-k1-elevant-e14-10w-led\/#primaryimage","url":"https:\/\/espak.ee\/epood\/wp-content\/uploads\/2025\/06\/1tr.1341_k1.2.jpg","contentUrl":"https:\/\/espak.ee\/epood\/wp-content\/uploads\/2025\/06\/1tr.1341_k1.2.jpg","width":1000,"height":1000},{"@type":"BreadcrumbList","@id":"https:\/\/espak.ee\/epood\/toode\/seinavalgusti-safari-k1-elevant-e14-10w-led\/#breadcrumb","itemListElement":[{"@type":"ListItem","position":1,"name":"Home","item":"https:\/\/espak.ee\/epood\/"},{"@type":"ListItem","position":2,"name":"Tootevalik","item":"https:\/\/espak.ee\/epood\/tootevalik\/"},{"@type":"ListItem","position":3,"name":"SEINAVALGUSTI SAFARI K1 ELEVANT E14 10W LED"}]},{"@type":"WebSite","@id":"https:\/\/espak.ee\/epood\/#website","url":"https:\/\/espak.ee\/epood\/","name":"Espak E-pood","description":"","potentialAction":[{"@type":"SearchAction","target":{"@type":"EntryPoint","urlTemplate":"https:\/\/espak.ee\/epood\/?s={search_term_string}"},"query-input":{"@type":"PropertyValueSpecification","valueRequired":true,"valueName":"search_term_string"}}],"inLanguage":"et"}]}},"_links":{"self":[{"href":"https:\/\/espak.ee\/epood\/wp-json\/wp\/v2\/product\/240765","targetHints":{"allow":["GET"]}}],"collection":[{"href":"https:\/\/espak.ee\/epood\/wp-json\/wp\/v2\/product"}],"about":[{"href":"https:\/\/espak.ee\/epood\/wp-json\/wp\/v2\/types\/product"}],"replies":[{"embeddable":true,"href":"https:\/\/espak.ee\/epood\/wp-json\/wp\/v2\/comments?post=240765"}],"wp:featuredmedia":[{"embeddable":true,"href":"https:\/\/espak.ee\/epood\/wp-json\/wp\/v2\/media\/240778"}],"wp:attachment":[{"href":"https:\/\/espak.ee\/epood\/wp-json\/wp\/v2\/media?parent=240765"}],"wp:term":[{"taxonomy":"product_brand","embeddable":true,"href":"https:\/\/espak.ee\/epood\/wp-json\/wp\/v2\/product_brand?post=240765"},{"taxonomy":"product_cat","embeddable":true,"href":"https:\/\/espak.ee\/epood\/wp-json\/wp\/v2\/product_cat?post=240765"},{"taxonomy":"product_tag","embeddable":true,"href":"https:\/\/espak.ee\/epood\/wp-json\/wp\/v2\/product_tag?post=240765"}],"curies":[{"name":"wp","href":"https:\/\/api.w.org\/{rel}","templated":true}]}}