{"id":239369,"date":"2025-06-05T05:10:05","date_gmt":"2025-06-05T02:10:05","guid":{"rendered":"https:\/\/espak.ee\/epood\/?post_type=product&#038;p=239369"},"modified":"2026-03-21T09:51:17","modified_gmt":"2026-03-21T07:51:17","slug":"puitkonstruktsioonide-immustusvahend-wood-protect-27l-varvitu","status":"publish","type":"product","link":"https:\/\/espak.ee\/epood\/toode\/puitkonstruktsioonide-immustusvahend-wood-protect-27l-varvitu\/","title":{"rendered":"PUITKONSTRUKTSIOONIDE IMMUSTUSVAHEND WOOD PROTECT 2,7L V\u00c4RVITU"},"content":{"rendered":"<div class=\"row\"  id=\"row-1673604533\">\n\n\t<div id=\"col-1517400371\" class=\"col medium-9 small-12 large-9\"  >\n\t\t\t\t<div class=\"col-inner\"  >\n\t\t\t\n\t\t\t\n<h3>Puitkonstruktsioonide immutusvahend Wood Protect 2,7L v\u00e4rvitu<\/h3>\n<p>Vahend varjatud puitkonstruktsioonide s\u00fcgav  immutuseks. Sisaldab aktiivseid biotsiide, et kaitsta puitu m\u00e4danemise eest, takistab vee imendumist. Kasutusala: katusekonstruktsioonide puidust kandeelementide viimistlus (talad, sarikad), palgid, postide maa-alused osad ja muud varjatud konstruktsioonid, mis ei vaja dekoratiivset viimistlust. Kasutatakse edukalt nii uue kahjustamata kui ka vana, kasutatud puidu kaitseotstarbeliseks immutamiseks. Kui on vajalik immutamise kasutamine osaliselt avatud konstruktsioonide t\u00f6\u00f6tlemiseks, mida kasutatakse atmosf\u00e4\u00e4ritingimustes, sealhulgas p\u00e4ikesevalguses (n\u00e4iteks postide t\u00f6\u00f6tlemisel) on vajalik t\u00e4iendav v\u00e4rvi TEKSTURDEKOR pealekandmine.<\/p>\n<div class=\"message-box relative\" style=\"padding-top:15px;padding-bottom:15px;\"><div class=\"message-box-bg-image bg-fill fill\" ><\/div><div class=\"message-box-bg-overlay bg-fill fill\" ><\/div><div class=\"container relative\"><div class=\"inner last-reset\">\n<div class=\"row align-middle align-center\"  id=\"row-1488700191\">\n\n\t<div id=\"col-1555129512\" class=\"col small-12 large-12\"  >\n\t\t\t\t<div class=\"col-inner text-left\"  >\n\t\t\t\n\t\t\t\n<h4>Omadused<\/h4>\n<div class=\"row\"  id=\"row-40728057\">\n\n\t<div id=\"col-1969938289\" class=\"col medium-6 small-12 large-6\"  >\n\t\t\t\t<div class=\"col-inner\"  >\n\t\t\t\n\t\t\t\n<p><i class=\"fa fa-check fa-2x\"><\/i> <strong>Varjatud puitkonstruktsioonide immutamiseks<\/strong><\/p>\n<p><i class=\"fa fa-check fa-2x\"><\/i> <strong>Toode on kasutatav siset\u00f6\u00f6deks<\/strong><\/p>\n\t\t<\/div>\n\t\t\t\t\n<style>\n#col-1969938289 > .col-inner {\n  margin: 0px 0px 15px 0px;\n}\n<\/style>\n\t<\/div>\n\n\t\n<\/div>\n\t\t<\/div>\n\t\t\t\t\t<\/div>\n\n\t\n<\/div>\n<\/div><\/div><\/div>\n\t<div id=\"gap-970736677\" class=\"gap-element clearfix\" style=\"display:block; height:auto;\">\n\t\t\n<style>\n#gap-970736677 {\n  padding-top: 30px;\n}\n<\/style>\n\t<\/div>\n\t\n<h3>Kasutamise \u00fcksikasjad<\/h3>\n<p><strong>Pinna ettevalmistamine:<\/strong> t\u00f6\u00f6deldav puit peab olema kuiv (niiskus alla 20%), mustuse ja tolmuvaba, ilma seenkahjustusteta. Puhastage saastunud pinnad mehaaniliselt harjaga, kaabitsaga. T\u00f6\u00f6deldud puitkonstruktsioonid tuleb kinnitada korrosiooni eest kaitstud metallist detailidega.<\/p>\n<p><strong>Kasutamine:<\/strong> segage segu enne kasutamist. Kanda peale pintsliga, kuni puidu maksimaalne k\u00fcllastumiseni v\u00f5i kastmismeetodil (v\u00e4hemalt 2 korda vahepealse kuivatamisega v\u00e4hemalt 1 tund). T\u00e4ielik kuivamine saavutatakse 24 tunni p\u00e4rast (temperatuuril +20 \u00b0C).<br \/>\n Minimaalne temperatuur pealekandmise ja kuivamise ajal +5 \u00b0C. Maksimaalne lubatud \u00f5huniiskus 80%. Eriti hoolikalt t\u00f6\u00f6delge detailide pinnad ja niisketes tingimustes kasutatavad pinnad.<br \/>\nToote optimaalne kulu on saetud puidu puhul 5,0\u20137,0 m\u00b2\/l v\u00f5i h\u00f6\u00f6veldatud puidu puhul 8,0\u201310,0 m\u00b2\/l.<br \/>\n Kuivamisaeg \u2013 1 tund temperatuuril +20 \u00b0C ja suhtelise \u00f5huniiskuse juures 50%.<\/p>\n<p>P\u00e4rast t\u00f6\u00f6d peske v\u00e4rvimisriistad valge piirituse v\u00f5i VAITSOLi lahustiga.<\/p>\n<p>T\u00f6\u00f6deldud pind ei vaja pikka aega t\u00e4iendavat kaitset v\u00f5i \u00fclev\u00e4rvimist.<\/p>\n\t\t<\/div>\n\t\t\t\t\t<\/div>\n\n\t\n\n\t<div id=\"col-1413358646\" class=\"col medium-3 small-12 large-3\"  >\n\t\t\t\t<div class=\"col-inner\"  >\n\t\t\t\n\t\t\t\n<div class=\"is-divider divider clearfix\" ><\/div>\n<p><strong>\u00dcksikasjalikuma n\u00f5u saamiseks v\u00f5tke \u00fchendust:<br \/><\/strong>RIIA LAKID O\u00dc<br \/>Kantsi 3<br \/>11415<br \/>Tallinn<br \/>+372 6335439<\/p>\n<div class=\"is-divider divider clearfix\" ><\/div>\n\t\t<\/div>\n\t\t\t\t\t<\/div>\n\n\t\n<\/div>\n","protected":false},"excerpt":{"rendered":"","protected":false},"featured_media":249221,"comment_status":"closed","ping_status":"closed","template":"","meta":[],"product_brand":[],"product_cat":[2701,2693,2684,2683],"product_tag":[],"class_list":{"0":"post-239369","1":"product","2":"type-product","3":"status-publish","4":"has-post-thumbnail","6":"product_cat-immutusvahendid","7":"product_cat-lakid-peitsid-olid-puidukaitse","8":"product_cat-varvid-lakid-lahustid-puidukaitsed-olid","9":"product_cat-viimistluskaubad","11":"first","12":"instock","13":"sale","14":"taxable","15":"shipping-taxable","16":"purchasable","17":"product-type-simple"},"yoast_head":"<!-- This site is optimized with the Yoast SEO plugin v26.9 - https:\/\/yoast.com\/product\/yoast-seo-wordpress\/ -->\n<title>PUITKONSTRUKTSIOONIDE IMMUSTUSVAHEND WOOD PROTECT 2,7L V\u00c4RVITU - Espak E-pood<\/title>\n<meta name=\"robots\" content=\"index, follow, max-snippet:-1, max-image-preview:large, max-video-preview:-1\" \/>\n<link rel=\"canonical\" href=\"https:\/\/espak.ee\/epood\/toode\/puitkonstruktsioonide-immustusvahend-wood-protect-27l-varvitu\/\" \/>\n<meta property=\"og:locale\" content=\"et_EE\" \/>\n<meta property=\"og:type\" content=\"article\" \/>\n<meta property=\"og:title\" content=\"PUITKONSTRUKTSIOONIDE IMMUSTUSVAHEND WOOD PROTECT 2,7L V\u00c4RVITU - Espak E-pood\" \/>\n<meta property=\"og:url\" content=\"https:\/\/espak.ee\/epood\/toode\/puitkonstruktsioonide-immustusvahend-wood-protect-27l-varvitu\/\" \/>\n<meta property=\"og:site_name\" content=\"Espak E-pood\" \/>\n<meta property=\"article:modified_time\" content=\"2026-03-21T07:51:17+00:00\" \/>\n<meta property=\"og:image\" content=\"https:\/\/espak.ee\/epood\/wp-content\/uploads\/2025\/06\/WOOD_PROTECT_COLOURLESS_2.7L-2.jpg\" \/>\n\t<meta property=\"og:image:width\" content=\"1000\" \/>\n\t<meta property=\"og:image:height\" content=\"1000\" \/>\n\t<meta property=\"og:image:type\" content=\"image\/jpeg\" \/>\n<meta name=\"twitter:card\" content=\"summary_large_image\" \/>\n<meta name=\"twitter:label1\" content=\"Est. reading time\" \/>\n\t<meta name=\"twitter:data1\" content=\"2 minutit\" \/>\n<script type=\"application\/ld+json\" class=\"yoast-schema-graph\">{\"@context\":\"https:\/\/schema.org\",\"@graph\":[{\"@type\":\"WebPage\",\"@id\":\"https:\/\/espak.ee\/epood\/toode\/puitkonstruktsioonide-immustusvahend-wood-protect-27l-varvitu\/\",\"url\":\"https:\/\/espak.ee\/epood\/toode\/puitkonstruktsioonide-immustusvahend-wood-protect-27l-varvitu\/\",\"name\":\"PUITKONSTRUKTSIOONIDE IMMUSTUSVAHEND WOOD PROTECT 2,7L V\u00c4RVITU - Espak E-pood\",\"isPartOf\":{\"@id\":\"https:\/\/espak.ee\/epood\/#website\"},\"primaryImageOfPage\":{\"@id\":\"https:\/\/espak.ee\/epood\/toode\/puitkonstruktsioonide-immustusvahend-wood-protect-27l-varvitu\/#primaryimage\"},\"image\":{\"@id\":\"https:\/\/espak.ee\/epood\/toode\/puitkonstruktsioonide-immustusvahend-wood-protect-27l-varvitu\/#primaryimage\"},\"thumbnailUrl\":\"https:\/\/espak.ee\/epood\/wp-content\/uploads\/2025\/06\/WOOD_PROTECT_COLOURLESS_2.7L-2.jpg\",\"datePublished\":\"2025-06-05T02:10:05+00:00\",\"dateModified\":\"2026-03-21T07:51:17+00:00\",\"breadcrumb\":{\"@id\":\"https:\/\/espak.ee\/epood\/toode\/puitkonstruktsioonide-immustusvahend-wood-protect-27l-varvitu\/#breadcrumb\"},\"inLanguage\":\"et\",\"potentialAction\":[{\"@type\":\"ReadAction\",\"target\":[\"https:\/\/espak.ee\/epood\/toode\/puitkonstruktsioonide-immustusvahend-wood-protect-27l-varvitu\/\"]}]},{\"@type\":\"ImageObject\",\"inLanguage\":\"et\",\"@id\":\"https:\/\/espak.ee\/epood\/toode\/puitkonstruktsioonide-immustusvahend-wood-protect-27l-varvitu\/#primaryimage\",\"url\":\"https:\/\/espak.ee\/epood\/wp-content\/uploads\/2025\/06\/WOOD_PROTECT_COLOURLESS_2.7L-2.jpg\",\"contentUrl\":\"https:\/\/espak.ee\/epood\/wp-content\/uploads\/2025\/06\/WOOD_PROTECT_COLOURLESS_2.7L-2.jpg\",\"width\":1000,\"height\":1000},{\"@type\":\"BreadcrumbList\",\"@id\":\"https:\/\/espak.ee\/epood\/toode\/puitkonstruktsioonide-immustusvahend-wood-protect-27l-varvitu\/#breadcrumb\",\"itemListElement\":[{\"@type\":\"ListItem\",\"position\":1,\"name\":\"Home\",\"item\":\"https:\/\/espak.ee\/epood\/\"},{\"@type\":\"ListItem\",\"position\":2,\"name\":\"Tootevalik\",\"item\":\"https:\/\/espak.ee\/epood\/tootevalik\/\"},{\"@type\":\"ListItem\",\"position\":3,\"name\":\"PUITKONSTRUKTSIOONIDE IMMUSTUSVAHEND WOOD PROTECT 2,7L V\u00c4RVITU\"}]},{\"@type\":\"WebSite\",\"@id\":\"https:\/\/espak.ee\/epood\/#website\",\"url\":\"https:\/\/espak.ee\/epood\/\",\"name\":\"Espak E-pood\",\"description\":\"\",\"potentialAction\":[{\"@type\":\"SearchAction\",\"target\":{\"@type\":\"EntryPoint\",\"urlTemplate\":\"https:\/\/espak.ee\/epood\/?s={search_term_string}\"},\"query-input\":{\"@type\":\"PropertyValueSpecification\",\"valueRequired\":true,\"valueName\":\"search_term_string\"}}],\"inLanguage\":\"et\"}]}<\/script>\n<!-- \/ Yoast SEO plugin. -->","yoast_head_json":{"title":"PUITKONSTRUKTSIOONIDE IMMUSTUSVAHEND WOOD PROTECT 2,7L V\u00c4RVITU - Espak E-pood","robots":{"index":"index","follow":"follow","max-snippet":"max-snippet:-1","max-image-preview":"max-image-preview:large","max-video-preview":"max-video-preview:-1"},"canonical":"https:\/\/espak.ee\/epood\/toode\/puitkonstruktsioonide-immustusvahend-wood-protect-27l-varvitu\/","og_locale":"et_EE","og_type":"article","og_title":"PUITKONSTRUKTSIOONIDE IMMUSTUSVAHEND WOOD PROTECT 2,7L V\u00c4RVITU - Espak E-pood","og_url":"https:\/\/espak.ee\/epood\/toode\/puitkonstruktsioonide-immustusvahend-wood-protect-27l-varvitu\/","og_site_name":"Espak E-pood","article_modified_time":"2026-03-21T07:51:17+00:00","og_image":[{"width":1000,"height":1000,"url":"https:\/\/espak.ee\/epood\/wp-content\/uploads\/2025\/06\/WOOD_PROTECT_COLOURLESS_2.7L-2.jpg","type":"image\/jpeg"}],"twitter_card":"summary_large_image","twitter_misc":{"Est. reading time":"2 minutit"},"schema":{"@context":"https:\/\/schema.org","@graph":[{"@type":"WebPage","@id":"https:\/\/espak.ee\/epood\/toode\/puitkonstruktsioonide-immustusvahend-wood-protect-27l-varvitu\/","url":"https:\/\/espak.ee\/epood\/toode\/puitkonstruktsioonide-immustusvahend-wood-protect-27l-varvitu\/","name":"PUITKONSTRUKTSIOONIDE IMMUSTUSVAHEND WOOD PROTECT 2,7L V\u00c4RVITU - Espak E-pood","isPartOf":{"@id":"https:\/\/espak.ee\/epood\/#website"},"primaryImageOfPage":{"@id":"https:\/\/espak.ee\/epood\/toode\/puitkonstruktsioonide-immustusvahend-wood-protect-27l-varvitu\/#primaryimage"},"image":{"@id":"https:\/\/espak.ee\/epood\/toode\/puitkonstruktsioonide-immustusvahend-wood-protect-27l-varvitu\/#primaryimage"},"thumbnailUrl":"https:\/\/espak.ee\/epood\/wp-content\/uploads\/2025\/06\/WOOD_PROTECT_COLOURLESS_2.7L-2.jpg","datePublished":"2025-06-05T02:10:05+00:00","dateModified":"2026-03-21T07:51:17+00:00","breadcrumb":{"@id":"https:\/\/espak.ee\/epood\/toode\/puitkonstruktsioonide-immustusvahend-wood-protect-27l-varvitu\/#breadcrumb"},"inLanguage":"et","potentialAction":[{"@type":"ReadAction","target":["https:\/\/espak.ee\/epood\/toode\/puitkonstruktsioonide-immustusvahend-wood-protect-27l-varvitu\/"]}]},{"@type":"ImageObject","inLanguage":"et","@id":"https:\/\/espak.ee\/epood\/toode\/puitkonstruktsioonide-immustusvahend-wood-protect-27l-varvitu\/#primaryimage","url":"https:\/\/espak.ee\/epood\/wp-content\/uploads\/2025\/06\/WOOD_PROTECT_COLOURLESS_2.7L-2.jpg","contentUrl":"https:\/\/espak.ee\/epood\/wp-content\/uploads\/2025\/06\/WOOD_PROTECT_COLOURLESS_2.7L-2.jpg","width":1000,"height":1000},{"@type":"BreadcrumbList","@id":"https:\/\/espak.ee\/epood\/toode\/puitkonstruktsioonide-immustusvahend-wood-protect-27l-varvitu\/#breadcrumb","itemListElement":[{"@type":"ListItem","position":1,"name":"Home","item":"https:\/\/espak.ee\/epood\/"},{"@type":"ListItem","position":2,"name":"Tootevalik","item":"https:\/\/espak.ee\/epood\/tootevalik\/"},{"@type":"ListItem","position":3,"name":"PUITKONSTRUKTSIOONIDE IMMUSTUSVAHEND WOOD PROTECT 2,7L V\u00c4RVITU"}]},{"@type":"WebSite","@id":"https:\/\/espak.ee\/epood\/#website","url":"https:\/\/espak.ee\/epood\/","name":"Espak E-pood","description":"","potentialAction":[{"@type":"SearchAction","target":{"@type":"EntryPoint","urlTemplate":"https:\/\/espak.ee\/epood\/?s={search_term_string}"},"query-input":{"@type":"PropertyValueSpecification","valueRequired":true,"valueName":"search_term_string"}}],"inLanguage":"et"}]}},"_links":{"self":[{"href":"https:\/\/espak.ee\/epood\/wp-json\/wp\/v2\/product\/239369","targetHints":{"allow":["GET"]}}],"collection":[{"href":"https:\/\/espak.ee\/epood\/wp-json\/wp\/v2\/product"}],"about":[{"href":"https:\/\/espak.ee\/epood\/wp-json\/wp\/v2\/types\/product"}],"replies":[{"embeddable":true,"href":"https:\/\/espak.ee\/epood\/wp-json\/wp\/v2\/comments?post=239369"}],"wp:featuredmedia":[{"embeddable":true,"href":"https:\/\/espak.ee\/epood\/wp-json\/wp\/v2\/media\/249221"}],"wp:attachment":[{"href":"https:\/\/espak.ee\/epood\/wp-json\/wp\/v2\/media?parent=239369"}],"wp:term":[{"taxonomy":"product_brand","embeddable":true,"href":"https:\/\/espak.ee\/epood\/wp-json\/wp\/v2\/product_brand?post=239369"},{"taxonomy":"product_cat","embeddable":true,"href":"https:\/\/espak.ee\/epood\/wp-json\/wp\/v2\/product_cat?post=239369"},{"taxonomy":"product_tag","embeddable":true,"href":"https:\/\/espak.ee\/epood\/wp-json\/wp\/v2\/product_tag?post=239369"}],"curies":[{"name":"wp","href":"https:\/\/api.w.org\/{rel}","templated":true}]}}