{"id":238564,"date":"2025-05-28T05:05:01","date_gmt":"2025-05-28T02:05:01","guid":{"rendered":"https:\/\/espak.ee\/epood\/?post_type=product&#038;p=238564"},"modified":"2026-04-18T11:58:00","modified_gmt":"2026-04-18T08:58:00","slug":"aia-taisvaetis-baltic-agro-15kg","status":"publish","type":"product","link":"https:\/\/espak.ee\/epood\/toode\/aia-taisvaetis-baltic-agro-15kg\/","title":{"rendered":"AIA T\u00c4ISV\u00c4ETIS BALTIC AGRO 15KG"},"content":{"rendered":"<div class=\"row\"  id=\"row-1843823179\">\n\n\t<div id=\"col-1238722428\" class=\"col medium-9 small-12 large-9\"  >\n\t\t\t\t<div class=\"col-inner\"  >\n\t\t\t\n\t\t\t\n<h3>Aia t\u00e4isv\u00e4etis Baltic Agro 15kg<\/h3>\n<p>Aia t\u00e4isv\u00e4etis sobib tomatite, kurkide, kartulite, maasikate, p\u00fcsi-ja suvelillede, aia- ja p\u00f5lluviljade, viljapuude, muru, rooside, okaspuude ja k\u00f5ikide teiste \u00f5ue- ja kasvuhoonetaimede v\u00e4etamiseks. Sisaldab k\u00f5iki taimede kasvuks ja arenguks vajalikke toitaineid sobivas vahekorras. V\u00e4etise kasutamine tagab taimede hea kasvu, rikkaliku \u00f5itsemise ning kvaliteetse saagi! Kasutada varakevadest hilissuveni (m\u00e4rtsist augustini) 2 kuni 3 korda kasvuperioodi jooksul.<\/p>\n<p><strong>Kasutamine: <\/strong><br \/>\nKasutada varakevadest hilissuveni (m\u00e4rtsist augustini) 2 kuni 3 korda kasvuperioodi jooksul. V\u00e4etis laotada \u00fchtlaselt laiali ja segada mulda. P\u00e4rast v\u00e4etamist on soovitav taimi kasta. Soovitus: kasutage koos orgaanilist ja mineraalv\u00e4etist. Orgaaniline v\u00e4etis, Kanakaka graanulid, parandab mullastruktuuri ja elavdab mulla mikroorganismide t\u00f6\u00f6d. V\u00e4etamisel segage Aia t\u00e4isv\u00e4etis kanakaka graanulitega vastavalt soovitatud normile.<br \/>\n Kasutusnorm 15 kg = 450 m\u00b2.<br \/>\n Norm kasvuturbasse segamisel: 1,3-1,8 kg\/m\u00b3.\n<\/p>\n\t\t<\/div>\n\t\t\t\t\t<\/div>\n\n\t\n\n\t<div id=\"col-1616107740\" class=\"col medium-3 small-12 large-3\"  >\n\t\t\t\t<div class=\"col-inner\"  >\n\t\t\t\n\t\t\t\n<p><strong>\u00dcksikasjalikuma n\u00f5u saamiseks v\u00f5tke \u00fchendust:<br \/><\/strong>Baltic Agro AS<br \/> Rukki tee 8<br \/> Lehmja k\u00fcla<br \/> Rae vald<br \/> Telefon +372 606 2260<\/p>\n\t\t<\/div>\n\t\t\t\t\t<\/div>\n\n\t\n<\/div>\n","protected":false},"excerpt":{"rendered":"","protected":false},"featured_media":238612,"comment_status":"closed","ping_status":"closed","template":"","meta":[],"product_brand":[],"product_cat":[2789,2788,2878,2877],"product_tag":[],"class_list":{"0":"post-238564","1":"product","2":"type-product","3":"status-publish","4":"has-post-thumbnail","6":"product_cat-aiatarbed","7":"product_cat-aiatarbed-ja-kodukaubad","8":"product_cat-aiavaetised","9":"product_cat-vaetised","10":"pa_kaubamark-baltic-agro-as","12":"first","13":"instock","14":"sale","15":"taxable","16":"shipping-taxable","17":"purchasable","18":"product-type-simple"},"yoast_head":"<!-- This site is optimized with the Yoast SEO plugin v26.9 - https:\/\/yoast.com\/product\/yoast-seo-wordpress\/ -->\n<title>AIA T\u00c4ISV\u00c4ETIS BALTIC AGRO 15KG - Espak E-pood<\/title>\n<meta name=\"robots\" content=\"index, follow, max-snippet:-1, max-image-preview:large, max-video-preview:-1\" \/>\n<link rel=\"canonical\" href=\"https:\/\/espak.ee\/epood\/toode\/aia-taisvaetis-baltic-agro-15kg\/\" \/>\n<meta property=\"og:locale\" content=\"et_EE\" \/>\n<meta property=\"og:type\" content=\"article\" \/>\n<meta property=\"og:title\" content=\"AIA T\u00c4ISV\u00c4ETIS BALTIC AGRO 15KG - Espak E-pood\" \/>\n<meta property=\"og:url\" content=\"https:\/\/espak.ee\/epood\/toode\/aia-taisvaetis-baltic-agro-15kg\/\" \/>\n<meta property=\"og:site_name\" content=\"Espak E-pood\" \/>\n<meta property=\"article:modified_time\" content=\"2026-04-18T08:58:00+00:00\" \/>\n<meta property=\"og:image\" content=\"https:\/\/espak.ee\/epood\/wp-content\/uploads\/2025\/05\/f4645076_1920x1080-2.jpg\" \/>\n\t<meta property=\"og:image:width\" content=\"1000\" \/>\n\t<meta property=\"og:image:height\" content=\"1000\" \/>\n\t<meta property=\"og:image:type\" content=\"image\/jpeg\" \/>\n<meta name=\"twitter:card\" content=\"summary_large_image\" \/>\n<meta name=\"twitter:label1\" content=\"Est. reading time\" \/>\n\t<meta name=\"twitter:data1\" content=\"1 minut\" \/>\n<script type=\"application\/ld+json\" class=\"yoast-schema-graph\">{\"@context\":\"https:\/\/schema.org\",\"@graph\":[{\"@type\":\"WebPage\",\"@id\":\"https:\/\/espak.ee\/epood\/toode\/aia-taisvaetis-baltic-agro-15kg\/\",\"url\":\"https:\/\/espak.ee\/epood\/toode\/aia-taisvaetis-baltic-agro-15kg\/\",\"name\":\"AIA T\u00c4ISV\u00c4ETIS BALTIC AGRO 15KG - Espak E-pood\",\"isPartOf\":{\"@id\":\"https:\/\/espak.ee\/epood\/#website\"},\"primaryImageOfPage\":{\"@id\":\"https:\/\/espak.ee\/epood\/toode\/aia-taisvaetis-baltic-agro-15kg\/#primaryimage\"},\"image\":{\"@id\":\"https:\/\/espak.ee\/epood\/toode\/aia-taisvaetis-baltic-agro-15kg\/#primaryimage\"},\"thumbnailUrl\":\"https:\/\/espak.ee\/epood\/wp-content\/uploads\/2025\/05\/f4645076_1920x1080-2.jpg\",\"datePublished\":\"2025-05-28T02:05:01+00:00\",\"dateModified\":\"2026-04-18T08:58:00+00:00\",\"breadcrumb\":{\"@id\":\"https:\/\/espak.ee\/epood\/toode\/aia-taisvaetis-baltic-agro-15kg\/#breadcrumb\"},\"inLanguage\":\"et\",\"potentialAction\":[{\"@type\":\"ReadAction\",\"target\":[\"https:\/\/espak.ee\/epood\/toode\/aia-taisvaetis-baltic-agro-15kg\/\"]}]},{\"@type\":\"ImageObject\",\"inLanguage\":\"et\",\"@id\":\"https:\/\/espak.ee\/epood\/toode\/aia-taisvaetis-baltic-agro-15kg\/#primaryimage\",\"url\":\"https:\/\/espak.ee\/epood\/wp-content\/uploads\/2025\/05\/f4645076_1920x1080-2.jpg\",\"contentUrl\":\"https:\/\/espak.ee\/epood\/wp-content\/uploads\/2025\/05\/f4645076_1920x1080-2.jpg\",\"width\":1000,\"height\":1000},{\"@type\":\"BreadcrumbList\",\"@id\":\"https:\/\/espak.ee\/epood\/toode\/aia-taisvaetis-baltic-agro-15kg\/#breadcrumb\",\"itemListElement\":[{\"@type\":\"ListItem\",\"position\":1,\"name\":\"Home\",\"item\":\"https:\/\/espak.ee\/epood\/\"},{\"@type\":\"ListItem\",\"position\":2,\"name\":\"Tootevalik\",\"item\":\"https:\/\/espak.ee\/epood\/tootevalik\/\"},{\"@type\":\"ListItem\",\"position\":3,\"name\":\"AIA T\u00c4ISV\u00c4ETIS BALTIC AGRO 15KG\"}]},{\"@type\":\"WebSite\",\"@id\":\"https:\/\/espak.ee\/epood\/#website\",\"url\":\"https:\/\/espak.ee\/epood\/\",\"name\":\"Espak E-pood\",\"description\":\"\",\"potentialAction\":[{\"@type\":\"SearchAction\",\"target\":{\"@type\":\"EntryPoint\",\"urlTemplate\":\"https:\/\/espak.ee\/epood\/?s={search_term_string}\"},\"query-input\":{\"@type\":\"PropertyValueSpecification\",\"valueRequired\":true,\"valueName\":\"search_term_string\"}}],\"inLanguage\":\"et\"}]}<\/script>\n<!-- \/ Yoast SEO plugin. -->","yoast_head_json":{"title":"AIA T\u00c4ISV\u00c4ETIS BALTIC AGRO 15KG - Espak E-pood","robots":{"index":"index","follow":"follow","max-snippet":"max-snippet:-1","max-image-preview":"max-image-preview:large","max-video-preview":"max-video-preview:-1"},"canonical":"https:\/\/espak.ee\/epood\/toode\/aia-taisvaetis-baltic-agro-15kg\/","og_locale":"et_EE","og_type":"article","og_title":"AIA T\u00c4ISV\u00c4ETIS BALTIC AGRO 15KG - Espak E-pood","og_url":"https:\/\/espak.ee\/epood\/toode\/aia-taisvaetis-baltic-agro-15kg\/","og_site_name":"Espak E-pood","article_modified_time":"2026-04-18T08:58:00+00:00","og_image":[{"width":1000,"height":1000,"url":"https:\/\/espak.ee\/epood\/wp-content\/uploads\/2025\/05\/f4645076_1920x1080-2.jpg","type":"image\/jpeg"}],"twitter_card":"summary_large_image","twitter_misc":{"Est. reading time":"1 minut"},"schema":{"@context":"https:\/\/schema.org","@graph":[{"@type":"WebPage","@id":"https:\/\/espak.ee\/epood\/toode\/aia-taisvaetis-baltic-agro-15kg\/","url":"https:\/\/espak.ee\/epood\/toode\/aia-taisvaetis-baltic-agro-15kg\/","name":"AIA T\u00c4ISV\u00c4ETIS BALTIC AGRO 15KG - Espak E-pood","isPartOf":{"@id":"https:\/\/espak.ee\/epood\/#website"},"primaryImageOfPage":{"@id":"https:\/\/espak.ee\/epood\/toode\/aia-taisvaetis-baltic-agro-15kg\/#primaryimage"},"image":{"@id":"https:\/\/espak.ee\/epood\/toode\/aia-taisvaetis-baltic-agro-15kg\/#primaryimage"},"thumbnailUrl":"https:\/\/espak.ee\/epood\/wp-content\/uploads\/2025\/05\/f4645076_1920x1080-2.jpg","datePublished":"2025-05-28T02:05:01+00:00","dateModified":"2026-04-18T08:58:00+00:00","breadcrumb":{"@id":"https:\/\/espak.ee\/epood\/toode\/aia-taisvaetis-baltic-agro-15kg\/#breadcrumb"},"inLanguage":"et","potentialAction":[{"@type":"ReadAction","target":["https:\/\/espak.ee\/epood\/toode\/aia-taisvaetis-baltic-agro-15kg\/"]}]},{"@type":"ImageObject","inLanguage":"et","@id":"https:\/\/espak.ee\/epood\/toode\/aia-taisvaetis-baltic-agro-15kg\/#primaryimage","url":"https:\/\/espak.ee\/epood\/wp-content\/uploads\/2025\/05\/f4645076_1920x1080-2.jpg","contentUrl":"https:\/\/espak.ee\/epood\/wp-content\/uploads\/2025\/05\/f4645076_1920x1080-2.jpg","width":1000,"height":1000},{"@type":"BreadcrumbList","@id":"https:\/\/espak.ee\/epood\/toode\/aia-taisvaetis-baltic-agro-15kg\/#breadcrumb","itemListElement":[{"@type":"ListItem","position":1,"name":"Home","item":"https:\/\/espak.ee\/epood\/"},{"@type":"ListItem","position":2,"name":"Tootevalik","item":"https:\/\/espak.ee\/epood\/tootevalik\/"},{"@type":"ListItem","position":3,"name":"AIA T\u00c4ISV\u00c4ETIS BALTIC AGRO 15KG"}]},{"@type":"WebSite","@id":"https:\/\/espak.ee\/epood\/#website","url":"https:\/\/espak.ee\/epood\/","name":"Espak E-pood","description":"","potentialAction":[{"@type":"SearchAction","target":{"@type":"EntryPoint","urlTemplate":"https:\/\/espak.ee\/epood\/?s={search_term_string}"},"query-input":{"@type":"PropertyValueSpecification","valueRequired":true,"valueName":"search_term_string"}}],"inLanguage":"et"}]}},"_links":{"self":[{"href":"https:\/\/espak.ee\/epood\/wp-json\/wp\/v2\/product\/238564","targetHints":{"allow":["GET"]}}],"collection":[{"href":"https:\/\/espak.ee\/epood\/wp-json\/wp\/v2\/product"}],"about":[{"href":"https:\/\/espak.ee\/epood\/wp-json\/wp\/v2\/types\/product"}],"replies":[{"embeddable":true,"href":"https:\/\/espak.ee\/epood\/wp-json\/wp\/v2\/comments?post=238564"}],"wp:featuredmedia":[{"embeddable":true,"href":"https:\/\/espak.ee\/epood\/wp-json\/wp\/v2\/media\/238612"}],"wp:attachment":[{"href":"https:\/\/espak.ee\/epood\/wp-json\/wp\/v2\/media?parent=238564"}],"wp:term":[{"taxonomy":"product_brand","embeddable":true,"href":"https:\/\/espak.ee\/epood\/wp-json\/wp\/v2\/product_brand?post=238564"},{"taxonomy":"product_cat","embeddable":true,"href":"https:\/\/espak.ee\/epood\/wp-json\/wp\/v2\/product_cat?post=238564"},{"taxonomy":"product_tag","embeddable":true,"href":"https:\/\/espak.ee\/epood\/wp-json\/wp\/v2\/product_tag?post=238564"}],"curies":[{"name":"wp","href":"https:\/\/api.w.org\/{rel}","templated":true}]}}