{"id":237933,"date":"2025-05-21T05:05:47","date_gmt":"2025-05-21T02:05:47","guid":{"rendered":"https:\/\/espak.ee\/epood\/?post_type=product&#038;p=237933"},"modified":"2025-08-25T09:38:09","modified_gmt":"2025-08-25T06:38:09","slug":"kaitseprillid-honeywell-svp200-varvitu","status":"publish","type":"product","link":"https:\/\/espak.ee\/epood\/toode\/kaitseprillid-honeywell-svp200-varvitu\/","title":{"rendered":"KAITSEPRILLID HONEYWELL SVP200 V\u00c4RVITU"},"content":{"rendered":"<div class=\"row\"  id=\"row-1014649025\">\n\n\t<div id=\"col-1230093304\" class=\"col medium-9 small-12 large-9\"  >\n\t\t\t\t<div class=\"col-inner\"  >\n\t\t\t\n\t\t\t\n<h2>HONEYWELL SVP200 kaitseprillid<\/h2>\n<p>Kerged ja kvaliteetsed kaitseprillid kaitsevad silmi tolmu, pritsmete ja lendlevate osakeste eest. Madala profiiliga raamita kaitseprillid sobituvad erinevate peakujudega. Kaitseprillid sobivad h\u00e4sti ka naistele. Vormitud ninasild ja painduvad prillisangad tagavad maksimaalse mugavuse ka prillide pikemal kandmisel. Pol\u00fckarbonaadist l\u00e4\u00e4ts ei moonuta n\u00e4gemist. Kaitseprillid muudab vastupidavamaks kriimustuskindel ja uduvaba kate prilliklaasil.<br \/>\n<div class=\"is-divider divider clearfix\" ><\/div>\n<p>> Materjal \u2013 pol\u00fckarbonaat<br \/>\n> L\u00e4\u00e4tsed \u2013 pol\u00fckarbonaat 1,8 mm<br \/>\n> Uvextra udu- ja kriimustuskindla t\u00f6\u00f6tlusega<br \/>\n> 99,9% UV-kaitsega<br \/>\n> Kaal \u2013 vaid 15,6 g\n<\/p>\n\t\t<\/div>\n\t\t\t\t\t<\/div>\n\n\t\n\n\t<div id=\"col-896844823\" class=\"col medium-3 small-12 large-3\"  >\n\t\t\t\t<div class=\"col-inner\"  >\n\t\t\t\n\t\t\t\n\t<div id=\"gap-1945412954\" class=\"gap-element clearfix\" style=\"display:block; height:auto;\">\n\t\t\n<style>\n#gap-1945412954 {\n  padding-top: 30px;\n}\n<\/style>\n\t<\/div>\n\t\n<div class=\"is-divider divider clearfix\" ><\/div>\n<p><strong>\u00dcksikasjalikuma n\u00f5u saamiseks v\u00f5tke \u00fchendust:<br \/><\/strong>Becky AS<br \/>Laki 30A \/ Kadaka tee 129<br \/>12915<br \/>Tallinn<br \/>+372 670 6880<\/p>\n<div class=\"is-divider divider clearfix\" ><\/div>\n\t\t<\/div>\n\t\t\t\t\t<\/div>\n\n\t\n<\/div>\n","protected":false},"excerpt":{"rendered":"","protected":false},"featured_media":238038,"comment_status":"closed","ping_status":"closed","template":"","meta":[],"product_brand":[],"product_cat":[2788,2973,2974,2972],"product_tag":[],"class_list":{"0":"post-237933","1":"product","2":"type-product","3":"status-publish","4":"has-post-thumbnail","6":"product_cat-aiatarbed-ja-kodukaubad","7":"product_cat-isikukaitsevahendid","8":"product_cat-kaitseprillid","9":"product_cat-tookaitsevahendid","10":"pa_kaubamark-becky-as","12":"first","13":"instock","14":"sale","15":"taxable","16":"shipping-taxable","17":"purchasable","18":"product-type-simple"},"yoast_head":"<!-- This site is optimized with the Yoast SEO plugin v26.9 - https:\/\/yoast.com\/product\/yoast-seo-wordpress\/ -->\n<title>KAITSEPRILLID HONEYWELL SVP200 V\u00c4RVITU - Espak E-pood<\/title>\n<meta name=\"robots\" content=\"index, follow, max-snippet:-1, max-image-preview:large, max-video-preview:-1\" \/>\n<link rel=\"canonical\" href=\"https:\/\/espak.ee\/epood\/toode\/kaitseprillid-honeywell-svp200-varvitu\/\" \/>\n<meta property=\"og:locale\" content=\"et_EE\" \/>\n<meta property=\"og:type\" content=\"article\" \/>\n<meta property=\"og:title\" content=\"KAITSEPRILLID HONEYWELL SVP200 V\u00c4RVITU - Espak E-pood\" \/>\n<meta property=\"og:url\" content=\"https:\/\/espak.ee\/epood\/toode\/kaitseprillid-honeywell-svp200-varvitu\/\" \/>\n<meta property=\"og:site_name\" content=\"Espak E-pood\" \/>\n<meta property=\"article:modified_time\" content=\"2025-08-25T06:38:09+00:00\" \/>\n<meta property=\"og:image\" content=\"https:\/\/espak.ee\/epood\/wp-content\/uploads\/2025\/05\/HONEYWELL-SVP200-kaitseprillid.jpg.jpg\" \/>\n\t<meta property=\"og:image:width\" content=\"1000\" \/>\n\t<meta property=\"og:image:height\" content=\"1000\" \/>\n\t<meta property=\"og:image:type\" content=\"image\/jpeg\" \/>\n<meta name=\"twitter:card\" content=\"summary_large_image\" \/>\n<meta name=\"twitter:label1\" content=\"Est. reading time\" \/>\n\t<meta name=\"twitter:data1\" content=\"1 minut\" \/>\n<script type=\"application\/ld+json\" class=\"yoast-schema-graph\">{\"@context\":\"https:\/\/schema.org\",\"@graph\":[{\"@type\":\"WebPage\",\"@id\":\"https:\/\/espak.ee\/epood\/toode\/kaitseprillid-honeywell-svp200-varvitu\/\",\"url\":\"https:\/\/espak.ee\/epood\/toode\/kaitseprillid-honeywell-svp200-varvitu\/\",\"name\":\"KAITSEPRILLID HONEYWELL SVP200 V\u00c4RVITU - Espak E-pood\",\"isPartOf\":{\"@id\":\"https:\/\/espak.ee\/epood\/#website\"},\"primaryImageOfPage\":{\"@id\":\"https:\/\/espak.ee\/epood\/toode\/kaitseprillid-honeywell-svp200-varvitu\/#primaryimage\"},\"image\":{\"@id\":\"https:\/\/espak.ee\/epood\/toode\/kaitseprillid-honeywell-svp200-varvitu\/#primaryimage\"},\"thumbnailUrl\":\"https:\/\/espak.ee\/epood\/wp-content\/uploads\/2025\/05\/HONEYWELL-SVP200-kaitseprillid.jpg.jpg\",\"datePublished\":\"2025-05-21T02:05:47+00:00\",\"dateModified\":\"2025-08-25T06:38:09+00:00\",\"breadcrumb\":{\"@id\":\"https:\/\/espak.ee\/epood\/toode\/kaitseprillid-honeywell-svp200-varvitu\/#breadcrumb\"},\"inLanguage\":\"et\",\"potentialAction\":[{\"@type\":\"ReadAction\",\"target\":[\"https:\/\/espak.ee\/epood\/toode\/kaitseprillid-honeywell-svp200-varvitu\/\"]}]},{\"@type\":\"ImageObject\",\"inLanguage\":\"et\",\"@id\":\"https:\/\/espak.ee\/epood\/toode\/kaitseprillid-honeywell-svp200-varvitu\/#primaryimage\",\"url\":\"https:\/\/espak.ee\/epood\/wp-content\/uploads\/2025\/05\/HONEYWELL-SVP200-kaitseprillid.jpg.jpg\",\"contentUrl\":\"https:\/\/espak.ee\/epood\/wp-content\/uploads\/2025\/05\/HONEYWELL-SVP200-kaitseprillid.jpg.jpg\",\"width\":1000,\"height\":1000},{\"@type\":\"BreadcrumbList\",\"@id\":\"https:\/\/espak.ee\/epood\/toode\/kaitseprillid-honeywell-svp200-varvitu\/#breadcrumb\",\"itemListElement\":[{\"@type\":\"ListItem\",\"position\":1,\"name\":\"Home\",\"item\":\"https:\/\/espak.ee\/epood\/\"},{\"@type\":\"ListItem\",\"position\":2,\"name\":\"Tootevalik\",\"item\":\"https:\/\/espak.ee\/epood\/tootevalik\/\"},{\"@type\":\"ListItem\",\"position\":3,\"name\":\"KAITSEPRILLID HONEYWELL SVP200 V\u00c4RVITU\"}]},{\"@type\":\"WebSite\",\"@id\":\"https:\/\/espak.ee\/epood\/#website\",\"url\":\"https:\/\/espak.ee\/epood\/\",\"name\":\"Espak E-pood\",\"description\":\"\",\"potentialAction\":[{\"@type\":\"SearchAction\",\"target\":{\"@type\":\"EntryPoint\",\"urlTemplate\":\"https:\/\/espak.ee\/epood\/?s={search_term_string}\"},\"query-input\":{\"@type\":\"PropertyValueSpecification\",\"valueRequired\":true,\"valueName\":\"search_term_string\"}}],\"inLanguage\":\"et\"}]}<\/script>\n<!-- \/ Yoast SEO plugin. -->","yoast_head_json":{"title":"KAITSEPRILLID HONEYWELL SVP200 V\u00c4RVITU - Espak E-pood","robots":{"index":"index","follow":"follow","max-snippet":"max-snippet:-1","max-image-preview":"max-image-preview:large","max-video-preview":"max-video-preview:-1"},"canonical":"https:\/\/espak.ee\/epood\/toode\/kaitseprillid-honeywell-svp200-varvitu\/","og_locale":"et_EE","og_type":"article","og_title":"KAITSEPRILLID HONEYWELL SVP200 V\u00c4RVITU - Espak E-pood","og_url":"https:\/\/espak.ee\/epood\/toode\/kaitseprillid-honeywell-svp200-varvitu\/","og_site_name":"Espak E-pood","article_modified_time":"2025-08-25T06:38:09+00:00","og_image":[{"width":1000,"height":1000,"url":"https:\/\/espak.ee\/epood\/wp-content\/uploads\/2025\/05\/HONEYWELL-SVP200-kaitseprillid.jpg.jpg","type":"image\/jpeg"}],"twitter_card":"summary_large_image","twitter_misc":{"Est. reading time":"1 minut"},"schema":{"@context":"https:\/\/schema.org","@graph":[{"@type":"WebPage","@id":"https:\/\/espak.ee\/epood\/toode\/kaitseprillid-honeywell-svp200-varvitu\/","url":"https:\/\/espak.ee\/epood\/toode\/kaitseprillid-honeywell-svp200-varvitu\/","name":"KAITSEPRILLID HONEYWELL SVP200 V\u00c4RVITU - Espak E-pood","isPartOf":{"@id":"https:\/\/espak.ee\/epood\/#website"},"primaryImageOfPage":{"@id":"https:\/\/espak.ee\/epood\/toode\/kaitseprillid-honeywell-svp200-varvitu\/#primaryimage"},"image":{"@id":"https:\/\/espak.ee\/epood\/toode\/kaitseprillid-honeywell-svp200-varvitu\/#primaryimage"},"thumbnailUrl":"https:\/\/espak.ee\/epood\/wp-content\/uploads\/2025\/05\/HONEYWELL-SVP200-kaitseprillid.jpg.jpg","datePublished":"2025-05-21T02:05:47+00:00","dateModified":"2025-08-25T06:38:09+00:00","breadcrumb":{"@id":"https:\/\/espak.ee\/epood\/toode\/kaitseprillid-honeywell-svp200-varvitu\/#breadcrumb"},"inLanguage":"et","potentialAction":[{"@type":"ReadAction","target":["https:\/\/espak.ee\/epood\/toode\/kaitseprillid-honeywell-svp200-varvitu\/"]}]},{"@type":"ImageObject","inLanguage":"et","@id":"https:\/\/espak.ee\/epood\/toode\/kaitseprillid-honeywell-svp200-varvitu\/#primaryimage","url":"https:\/\/espak.ee\/epood\/wp-content\/uploads\/2025\/05\/HONEYWELL-SVP200-kaitseprillid.jpg.jpg","contentUrl":"https:\/\/espak.ee\/epood\/wp-content\/uploads\/2025\/05\/HONEYWELL-SVP200-kaitseprillid.jpg.jpg","width":1000,"height":1000},{"@type":"BreadcrumbList","@id":"https:\/\/espak.ee\/epood\/toode\/kaitseprillid-honeywell-svp200-varvitu\/#breadcrumb","itemListElement":[{"@type":"ListItem","position":1,"name":"Home","item":"https:\/\/espak.ee\/epood\/"},{"@type":"ListItem","position":2,"name":"Tootevalik","item":"https:\/\/espak.ee\/epood\/tootevalik\/"},{"@type":"ListItem","position":3,"name":"KAITSEPRILLID HONEYWELL SVP200 V\u00c4RVITU"}]},{"@type":"WebSite","@id":"https:\/\/espak.ee\/epood\/#website","url":"https:\/\/espak.ee\/epood\/","name":"Espak E-pood","description":"","potentialAction":[{"@type":"SearchAction","target":{"@type":"EntryPoint","urlTemplate":"https:\/\/espak.ee\/epood\/?s={search_term_string}"},"query-input":{"@type":"PropertyValueSpecification","valueRequired":true,"valueName":"search_term_string"}}],"inLanguage":"et"}]}},"_links":{"self":[{"href":"https:\/\/espak.ee\/epood\/wp-json\/wp\/v2\/product\/237933","targetHints":{"allow":["GET"]}}],"collection":[{"href":"https:\/\/espak.ee\/epood\/wp-json\/wp\/v2\/product"}],"about":[{"href":"https:\/\/espak.ee\/epood\/wp-json\/wp\/v2\/types\/product"}],"replies":[{"embeddable":true,"href":"https:\/\/espak.ee\/epood\/wp-json\/wp\/v2\/comments?post=237933"}],"wp:featuredmedia":[{"embeddable":true,"href":"https:\/\/espak.ee\/epood\/wp-json\/wp\/v2\/media\/238038"}],"wp:attachment":[{"href":"https:\/\/espak.ee\/epood\/wp-json\/wp\/v2\/media?parent=237933"}],"wp:term":[{"taxonomy":"product_brand","embeddable":true,"href":"https:\/\/espak.ee\/epood\/wp-json\/wp\/v2\/product_brand?post=237933"},{"taxonomy":"product_cat","embeddable":true,"href":"https:\/\/espak.ee\/epood\/wp-json\/wp\/v2\/product_cat?post=237933"},{"taxonomy":"product_tag","embeddable":true,"href":"https:\/\/espak.ee\/epood\/wp-json\/wp\/v2\/product_tag?post=237933"}],"curies":[{"name":"wp","href":"https:\/\/api.w.org\/{rel}","templated":true}]}}