{"id":237469,"date":"2025-05-17T05:06:31","date_gmt":"2025-05-17T02:06:31","guid":{"rendered":"https:\/\/espak.ee\/epood\/?post_type=product&#038;p=237469"},"modified":"2025-05-19T09:23:24","modified_gmt":"2025-05-19T06:23:24","slug":"libisemisvastane-teip-25mm18m-kummeeritud","status":"publish","type":"product","link":"https:\/\/espak.ee\/epood\/toode\/libisemisvastane-teip-25mm18m-kummeeritud\/","title":{"rendered":"LIBISEMISVASTANE TEIP 25MM*18M KUMMEERITUD"},"content":{"rendered":"<div class=\"row\"  id=\"row-968726889\">\n\n\t<div id=\"col-1810349368\" class=\"col medium-9 small-12 large-9\"  >\n\t\t\t\t<div class=\"col-inner\"  >\n\t\t\t\n\t\t\t\n<h2>Libisemisvastane teip 25mm*18m kummeritud, l\u00e4bipaistev <\/h2>\n<p>Kummeeritud libisemisvastane teip kasutamiseks siseruumidesse. Ei l\u00f5hu sukki ja sokke.\n <\/p>\n\t<div id=\"gap-1500045545\" class=\"gap-element clearfix\" style=\"display:block; height:auto;\">\n\t\t\n<style>\n#gap-1500045545 {\n  padding-top: 30px;\n}\n<\/style>\n\t<\/div>\n\t\n\t\t<\/div>\n\t\t\t\t\t<\/div>\n\n\t\n\n\t<div id=\"col-439804005\" class=\"col medium-3 small-12 large-3\"  >\n\t\t\t\t<div class=\"col-inner\"  >\n\t\t\t\n\t\t\t\n\t<div id=\"gap-2123700962\" class=\"gap-element clearfix\" style=\"display:block; height:auto;\">\n\t\t\n<style>\n#gap-2123700962 {\n  padding-top: 30px;\n}\n<\/style>\n\t<\/div>\n\t\n<div class=\"is-divider divider clearfix\" ><\/div>\n<p><strong>\u00dcksikasjalikuma n\u00f5u saamiseks v\u00f5tke \u00fchendust:<br \/><\/strong>TKL Kaubanduse O\u00dc<br \/>S\u00e4ra tee 9, Peetri alevik<br \/>Rae vald, Harjumaa<br \/>71513<br \/>+372 6018970<\/p>\n<div class=\"is-divider divider clearfix\" ><\/div>\n\t\t<\/div>\n\t\t\t\t\t<\/div>\n\n\t\n<\/div>\n","protected":false},"excerpt":{"rendered":"","protected":false},"featured_media":237586,"comment_status":"closed","ping_status":"closed","template":"","meta":[],"product_brand":[],"product_cat":[2909,2908,2907,2683],"product_tag":[],"class_list":{"0":"post-237469","1":"product","2":"type-product","3":"status-publish","4":"has-post-thumbnail","6":"product_cat-eriotstarbelised-teibid","7":"product_cat-teibid","8":"product_cat-teibid-ja-armeerimismaterjalid","9":"product_cat-viimistluskaubad","11":"first","12":"outofstock","13":"sale","14":"taxable","15":"shipping-taxable","16":"purchasable","17":"product-type-simple"},"yoast_head":"<!-- This site is optimized with the Yoast SEO plugin v26.9 - https:\/\/yoast.com\/product\/yoast-seo-wordpress\/ -->\n<title>LIBISEMISVASTANE TEIP 25MM*18M KUMMEERITUD - Espak E-pood<\/title>\n<meta name=\"robots\" content=\"index, follow, max-snippet:-1, max-image-preview:large, max-video-preview:-1\" \/>\n<link rel=\"canonical\" href=\"https:\/\/espak.ee\/epood\/toode\/libisemisvastane-teip-25mm18m-kummeeritud\/\" \/>\n<meta property=\"og:locale\" content=\"et_EE\" \/>\n<meta property=\"og:type\" content=\"article\" \/>\n<meta property=\"og:title\" content=\"LIBISEMISVASTANE TEIP 25MM*18M KUMMEERITUD - Espak E-pood\" \/>\n<meta property=\"og:url\" content=\"https:\/\/espak.ee\/epood\/toode\/libisemisvastane-teip-25mm18m-kummeeritud\/\" \/>\n<meta property=\"og:site_name\" content=\"Espak E-pood\" \/>\n<meta property=\"article:modified_time\" content=\"2025-05-19T06:23:24+00:00\" \/>\n<meta property=\"og:image\" content=\"https:\/\/espak.ee\/epood\/wp-content\/uploads\/2025\/05\/Libisemisvastane-kumm-25mm-labipaistev-TKA210.jpg\" \/>\n\t<meta property=\"og:image:width\" content=\"1200\" \/>\n\t<meta property=\"og:image:height\" content=\"1200\" \/>\n\t<meta property=\"og:image:type\" content=\"image\/jpeg\" \/>\n<meta name=\"twitter:card\" content=\"summary_large_image\" \/>\n<script type=\"application\/ld+json\" class=\"yoast-schema-graph\">{\"@context\":\"https:\/\/schema.org\",\"@graph\":[{\"@type\":\"WebPage\",\"@id\":\"https:\/\/espak.ee\/epood\/toode\/libisemisvastane-teip-25mm18m-kummeeritud\/\",\"url\":\"https:\/\/espak.ee\/epood\/toode\/libisemisvastane-teip-25mm18m-kummeeritud\/\",\"name\":\"LIBISEMISVASTANE TEIP 25MM*18M KUMMEERITUD - Espak E-pood\",\"isPartOf\":{\"@id\":\"https:\/\/espak.ee\/epood\/#website\"},\"primaryImageOfPage\":{\"@id\":\"https:\/\/espak.ee\/epood\/toode\/libisemisvastane-teip-25mm18m-kummeeritud\/#primaryimage\"},\"image\":{\"@id\":\"https:\/\/espak.ee\/epood\/toode\/libisemisvastane-teip-25mm18m-kummeeritud\/#primaryimage\"},\"thumbnailUrl\":\"https:\/\/espak.ee\/epood\/wp-content\/uploads\/2025\/05\/Libisemisvastane-kumm-25mm-labipaistev-TKA210.jpg\",\"datePublished\":\"2025-05-17T02:06:31+00:00\",\"dateModified\":\"2025-05-19T06:23:24+00:00\",\"breadcrumb\":{\"@id\":\"https:\/\/espak.ee\/epood\/toode\/libisemisvastane-teip-25mm18m-kummeeritud\/#breadcrumb\"},\"inLanguage\":\"et\",\"potentialAction\":[{\"@type\":\"ReadAction\",\"target\":[\"https:\/\/espak.ee\/epood\/toode\/libisemisvastane-teip-25mm18m-kummeeritud\/\"]}]},{\"@type\":\"ImageObject\",\"inLanguage\":\"et\",\"@id\":\"https:\/\/espak.ee\/epood\/toode\/libisemisvastane-teip-25mm18m-kummeeritud\/#primaryimage\",\"url\":\"https:\/\/espak.ee\/epood\/wp-content\/uploads\/2025\/05\/Libisemisvastane-kumm-25mm-labipaistev-TKA210.jpg\",\"contentUrl\":\"https:\/\/espak.ee\/epood\/wp-content\/uploads\/2025\/05\/Libisemisvastane-kumm-25mm-labipaistev-TKA210.jpg\",\"width\":1200,\"height\":1200},{\"@type\":\"BreadcrumbList\",\"@id\":\"https:\/\/espak.ee\/epood\/toode\/libisemisvastane-teip-25mm18m-kummeeritud\/#breadcrumb\",\"itemListElement\":[{\"@type\":\"ListItem\",\"position\":1,\"name\":\"Home\",\"item\":\"https:\/\/espak.ee\/epood\/\"},{\"@type\":\"ListItem\",\"position\":2,\"name\":\"Tootevalik\",\"item\":\"https:\/\/espak.ee\/epood\/tootevalik\/\"},{\"@type\":\"ListItem\",\"position\":3,\"name\":\"LIBISEMISVASTANE TEIP 25MM*18M KUMMEERITUD\"}]},{\"@type\":\"WebSite\",\"@id\":\"https:\/\/espak.ee\/epood\/#website\",\"url\":\"https:\/\/espak.ee\/epood\/\",\"name\":\"Espak E-pood\",\"description\":\"\",\"potentialAction\":[{\"@type\":\"SearchAction\",\"target\":{\"@type\":\"EntryPoint\",\"urlTemplate\":\"https:\/\/espak.ee\/epood\/?s={search_term_string}\"},\"query-input\":{\"@type\":\"PropertyValueSpecification\",\"valueRequired\":true,\"valueName\":\"search_term_string\"}}],\"inLanguage\":\"et\"}]}<\/script>\n<!-- \/ Yoast SEO plugin. -->","yoast_head_json":{"title":"LIBISEMISVASTANE TEIP 25MM*18M KUMMEERITUD - Espak E-pood","robots":{"index":"index","follow":"follow","max-snippet":"max-snippet:-1","max-image-preview":"max-image-preview:large","max-video-preview":"max-video-preview:-1"},"canonical":"https:\/\/espak.ee\/epood\/toode\/libisemisvastane-teip-25mm18m-kummeeritud\/","og_locale":"et_EE","og_type":"article","og_title":"LIBISEMISVASTANE TEIP 25MM*18M KUMMEERITUD - Espak E-pood","og_url":"https:\/\/espak.ee\/epood\/toode\/libisemisvastane-teip-25mm18m-kummeeritud\/","og_site_name":"Espak E-pood","article_modified_time":"2025-05-19T06:23:24+00:00","og_image":[{"width":1200,"height":1200,"url":"https:\/\/espak.ee\/epood\/wp-content\/uploads\/2025\/05\/Libisemisvastane-kumm-25mm-labipaistev-TKA210.jpg","type":"image\/jpeg"}],"twitter_card":"summary_large_image","schema":{"@context":"https:\/\/schema.org","@graph":[{"@type":"WebPage","@id":"https:\/\/espak.ee\/epood\/toode\/libisemisvastane-teip-25mm18m-kummeeritud\/","url":"https:\/\/espak.ee\/epood\/toode\/libisemisvastane-teip-25mm18m-kummeeritud\/","name":"LIBISEMISVASTANE TEIP 25MM*18M KUMMEERITUD - Espak E-pood","isPartOf":{"@id":"https:\/\/espak.ee\/epood\/#website"},"primaryImageOfPage":{"@id":"https:\/\/espak.ee\/epood\/toode\/libisemisvastane-teip-25mm18m-kummeeritud\/#primaryimage"},"image":{"@id":"https:\/\/espak.ee\/epood\/toode\/libisemisvastane-teip-25mm18m-kummeeritud\/#primaryimage"},"thumbnailUrl":"https:\/\/espak.ee\/epood\/wp-content\/uploads\/2025\/05\/Libisemisvastane-kumm-25mm-labipaistev-TKA210.jpg","datePublished":"2025-05-17T02:06:31+00:00","dateModified":"2025-05-19T06:23:24+00:00","breadcrumb":{"@id":"https:\/\/espak.ee\/epood\/toode\/libisemisvastane-teip-25mm18m-kummeeritud\/#breadcrumb"},"inLanguage":"et","potentialAction":[{"@type":"ReadAction","target":["https:\/\/espak.ee\/epood\/toode\/libisemisvastane-teip-25mm18m-kummeeritud\/"]}]},{"@type":"ImageObject","inLanguage":"et","@id":"https:\/\/espak.ee\/epood\/toode\/libisemisvastane-teip-25mm18m-kummeeritud\/#primaryimage","url":"https:\/\/espak.ee\/epood\/wp-content\/uploads\/2025\/05\/Libisemisvastane-kumm-25mm-labipaistev-TKA210.jpg","contentUrl":"https:\/\/espak.ee\/epood\/wp-content\/uploads\/2025\/05\/Libisemisvastane-kumm-25mm-labipaistev-TKA210.jpg","width":1200,"height":1200},{"@type":"BreadcrumbList","@id":"https:\/\/espak.ee\/epood\/toode\/libisemisvastane-teip-25mm18m-kummeeritud\/#breadcrumb","itemListElement":[{"@type":"ListItem","position":1,"name":"Home","item":"https:\/\/espak.ee\/epood\/"},{"@type":"ListItem","position":2,"name":"Tootevalik","item":"https:\/\/espak.ee\/epood\/tootevalik\/"},{"@type":"ListItem","position":3,"name":"LIBISEMISVASTANE TEIP 25MM*18M KUMMEERITUD"}]},{"@type":"WebSite","@id":"https:\/\/espak.ee\/epood\/#website","url":"https:\/\/espak.ee\/epood\/","name":"Espak E-pood","description":"","potentialAction":[{"@type":"SearchAction","target":{"@type":"EntryPoint","urlTemplate":"https:\/\/espak.ee\/epood\/?s={search_term_string}"},"query-input":{"@type":"PropertyValueSpecification","valueRequired":true,"valueName":"search_term_string"}}],"inLanguage":"et"}]}},"_links":{"self":[{"href":"https:\/\/espak.ee\/epood\/wp-json\/wp\/v2\/product\/237469","targetHints":{"allow":["GET"]}}],"collection":[{"href":"https:\/\/espak.ee\/epood\/wp-json\/wp\/v2\/product"}],"about":[{"href":"https:\/\/espak.ee\/epood\/wp-json\/wp\/v2\/types\/product"}],"replies":[{"embeddable":true,"href":"https:\/\/espak.ee\/epood\/wp-json\/wp\/v2\/comments?post=237469"}],"wp:featuredmedia":[{"embeddable":true,"href":"https:\/\/espak.ee\/epood\/wp-json\/wp\/v2\/media\/237586"}],"wp:attachment":[{"href":"https:\/\/espak.ee\/epood\/wp-json\/wp\/v2\/media?parent=237469"}],"wp:term":[{"taxonomy":"product_brand","embeddable":true,"href":"https:\/\/espak.ee\/epood\/wp-json\/wp\/v2\/product_brand?post=237469"},{"taxonomy":"product_cat","embeddable":true,"href":"https:\/\/espak.ee\/epood\/wp-json\/wp\/v2\/product_cat?post=237469"},{"taxonomy":"product_tag","embeddable":true,"href":"https:\/\/espak.ee\/epood\/wp-json\/wp\/v2\/product_tag?post=237469"}],"curies":[{"name":"wp","href":"https:\/\/api.w.org\/{rel}","templated":true}]}}