{"id":237424,"date":"2025-05-17T05:05:02","date_gmt":"2025-05-17T02:05:02","guid":{"rendered":"https:\/\/espak.ee\/epood\/?post_type=product&#038;p=237424"},"modified":"2025-05-20T08:33:05","modified_gmt":"2025-05-20T05:33:05","slug":"oksaloikur-fiskars-quikfit-varreta","status":"publish","type":"product","link":"https:\/\/espak.ee\/epood\/toode\/oksaloikur-fiskars-quikfit-varreta\/","title":{"rendered":"OKSAL\u00d5IKUR FISKARS QUIKFIT VARRETA"},"content":{"rendered":"<div class=\"row\"  id=\"row-1513989125\">\n\n\t<div id=\"col-345794926\" class=\"col medium-9 small-12 large-9\"  >\n\t\t\t\t<div class=\"col-inner\"  >\n\t\t\t\n\t\t\t\n<h3>Fiskars Quikfit universaalne l\u00f5ikur, varreta<\/h3>\n<p>Powerreel\u2122 mehhanism muudab l\u00f5ikamise 12 korda lihtsamaks. L\u00f5ikepead saab reguleerida 26 \u00b0 nurga alla, ilma l\u00f5ikurit alla v\u00f5tmata. Kahe k\u00e4ega hoidmine tagab stabiilsuse. L\u00f5ikepeas ei ole v\u00e4limisi n\u00f6\u00f6re. L\u00f5ikediameeter 32 mm. Sobib QuikFit sarja vartega, soovitatav QuikFit teleskoopvars suurus L ja M.\n<\/p>\n\t\t<\/div>\n\t\t\t\t\t<\/div>\n\n\t\n\n\t<div id=\"col-1527499451\" class=\"col medium-3 small-12 large-3\"  >\n\t\t\t\t<div class=\"col-inner\"  >\n\t\t\t\n\t\t\t\n\t<div id=\"gap-746090251\" class=\"gap-element clearfix\" style=\"display:block; height:auto;\">\n\t\t\n<style>\n#gap-746090251 {\n  padding-top: 30px;\n}\n<\/style>\n\t<\/div>\n\t\n<div class=\"is-divider divider clearfix\" ><\/div>\n<p><strong>\u00dcksikasjalikuma n\u00f5u saamiseks v\u00f5tke \u00fchendust:<br \/><\/strong>LOODUS INVEST AS<br \/>Viljandi mnt. 18a<br \/>11216<br \/>Tallinn<br \/>+372 6722144<\/p>\n<div class=\"is-divider divider clearfix\" ><\/div>\n\t\t<\/div>\n\t\t\t\t\t<\/div>\n\n\t\n<\/div>\n","protected":false},"excerpt":{"rendered":"","protected":false},"featured_media":237835,"comment_status":"closed","ping_status":"closed","template":"","meta":[],"product_brand":[],"product_cat":[2789,2788,3341,3360],"product_tag":[],"class_list":{"0":"post-237424","1":"product","2":"type-product","3":"status-publish","4":"has-post-thumbnail","6":"product_cat-aiatarbed","7":"product_cat-aiatarbed-ja-kodukaubad","8":"product_cat-aiatooriistad","9":"product_cat-hekikaarid","11":"first","12":"outofstock","13":"sale","14":"taxable","15":"shipping-taxable","16":"purchasable","17":"product-type-simple"},"yoast_head":"<!-- This site is optimized with the Yoast SEO plugin v26.9 - https:\/\/yoast.com\/product\/yoast-seo-wordpress\/ -->\n<title>OKSAL\u00d5IKUR FISKARS QUIKFIT VARRETA - Espak E-pood<\/title>\n<meta name=\"robots\" content=\"index, follow, max-snippet:-1, max-image-preview:large, max-video-preview:-1\" \/>\n<link rel=\"canonical\" href=\"https:\/\/espak.ee\/epood\/toode\/oksaloikur-fiskars-quikfit-varreta\/\" \/>\n<meta property=\"og:locale\" content=\"et_EE\" \/>\n<meta property=\"og:type\" content=\"article\" \/>\n<meta property=\"og:title\" content=\"OKSAL\u00d5IKUR FISKARS QUIKFIT VARRETA - Espak E-pood\" \/>\n<meta property=\"og:url\" content=\"https:\/\/espak.ee\/epood\/toode\/oksaloikur-fiskars-quikfit-varreta\/\" \/>\n<meta property=\"og:site_name\" content=\"Espak E-pood\" \/>\n<meta property=\"article:modified_time\" content=\"2025-05-20T05:33:05+00:00\" \/>\n<meta property=\"og:image\" content=\"https:\/\/espak.ee\/epood\/wp-content\/uploads\/2025\/05\/01-32.jpg\" \/>\n\t<meta property=\"og:image:width\" content=\"1000\" \/>\n\t<meta property=\"og:image:height\" content=\"1000\" \/>\n\t<meta property=\"og:image:type\" content=\"image\/jpeg\" \/>\n<meta name=\"twitter:card\" content=\"summary_large_image\" \/>\n<script type=\"application\/ld+json\" class=\"yoast-schema-graph\">{\"@context\":\"https:\/\/schema.org\",\"@graph\":[{\"@type\":\"WebPage\",\"@id\":\"https:\/\/espak.ee\/epood\/toode\/oksaloikur-fiskars-quikfit-varreta\/\",\"url\":\"https:\/\/espak.ee\/epood\/toode\/oksaloikur-fiskars-quikfit-varreta\/\",\"name\":\"OKSAL\u00d5IKUR FISKARS QUIKFIT VARRETA - Espak E-pood\",\"isPartOf\":{\"@id\":\"https:\/\/espak.ee\/epood\/#website\"},\"primaryImageOfPage\":{\"@id\":\"https:\/\/espak.ee\/epood\/toode\/oksaloikur-fiskars-quikfit-varreta\/#primaryimage\"},\"image\":{\"@id\":\"https:\/\/espak.ee\/epood\/toode\/oksaloikur-fiskars-quikfit-varreta\/#primaryimage\"},\"thumbnailUrl\":\"https:\/\/espak.ee\/epood\/wp-content\/uploads\/2025\/05\/01-32.jpg\",\"datePublished\":\"2025-05-17T02:05:02+00:00\",\"dateModified\":\"2025-05-20T05:33:05+00:00\",\"breadcrumb\":{\"@id\":\"https:\/\/espak.ee\/epood\/toode\/oksaloikur-fiskars-quikfit-varreta\/#breadcrumb\"},\"inLanguage\":\"et\",\"potentialAction\":[{\"@type\":\"ReadAction\",\"target\":[\"https:\/\/espak.ee\/epood\/toode\/oksaloikur-fiskars-quikfit-varreta\/\"]}]},{\"@type\":\"ImageObject\",\"inLanguage\":\"et\",\"@id\":\"https:\/\/espak.ee\/epood\/toode\/oksaloikur-fiskars-quikfit-varreta\/#primaryimage\",\"url\":\"https:\/\/espak.ee\/epood\/wp-content\/uploads\/2025\/05\/01-32.jpg\",\"contentUrl\":\"https:\/\/espak.ee\/epood\/wp-content\/uploads\/2025\/05\/01-32.jpg\",\"width\":1000,\"height\":1000},{\"@type\":\"BreadcrumbList\",\"@id\":\"https:\/\/espak.ee\/epood\/toode\/oksaloikur-fiskars-quikfit-varreta\/#breadcrumb\",\"itemListElement\":[{\"@type\":\"ListItem\",\"position\":1,\"name\":\"Home\",\"item\":\"https:\/\/espak.ee\/epood\/\"},{\"@type\":\"ListItem\",\"position\":2,\"name\":\"Tootevalik\",\"item\":\"https:\/\/espak.ee\/epood\/tootevalik\/\"},{\"@type\":\"ListItem\",\"position\":3,\"name\":\"OKSAL\u00d5IKUR FISKARS QUIKFIT VARRETA\"}]},{\"@type\":\"WebSite\",\"@id\":\"https:\/\/espak.ee\/epood\/#website\",\"url\":\"https:\/\/espak.ee\/epood\/\",\"name\":\"Espak E-pood\",\"description\":\"\",\"potentialAction\":[{\"@type\":\"SearchAction\",\"target\":{\"@type\":\"EntryPoint\",\"urlTemplate\":\"https:\/\/espak.ee\/epood\/?s={search_term_string}\"},\"query-input\":{\"@type\":\"PropertyValueSpecification\",\"valueRequired\":true,\"valueName\":\"search_term_string\"}}],\"inLanguage\":\"et\"}]}<\/script>\n<!-- \/ Yoast SEO plugin. -->","yoast_head_json":{"title":"OKSAL\u00d5IKUR FISKARS QUIKFIT VARRETA - Espak E-pood","robots":{"index":"index","follow":"follow","max-snippet":"max-snippet:-1","max-image-preview":"max-image-preview:large","max-video-preview":"max-video-preview:-1"},"canonical":"https:\/\/espak.ee\/epood\/toode\/oksaloikur-fiskars-quikfit-varreta\/","og_locale":"et_EE","og_type":"article","og_title":"OKSAL\u00d5IKUR FISKARS QUIKFIT VARRETA - Espak E-pood","og_url":"https:\/\/espak.ee\/epood\/toode\/oksaloikur-fiskars-quikfit-varreta\/","og_site_name":"Espak E-pood","article_modified_time":"2025-05-20T05:33:05+00:00","og_image":[{"width":1000,"height":1000,"url":"https:\/\/espak.ee\/epood\/wp-content\/uploads\/2025\/05\/01-32.jpg","type":"image\/jpeg"}],"twitter_card":"summary_large_image","schema":{"@context":"https:\/\/schema.org","@graph":[{"@type":"WebPage","@id":"https:\/\/espak.ee\/epood\/toode\/oksaloikur-fiskars-quikfit-varreta\/","url":"https:\/\/espak.ee\/epood\/toode\/oksaloikur-fiskars-quikfit-varreta\/","name":"OKSAL\u00d5IKUR FISKARS QUIKFIT VARRETA - Espak E-pood","isPartOf":{"@id":"https:\/\/espak.ee\/epood\/#website"},"primaryImageOfPage":{"@id":"https:\/\/espak.ee\/epood\/toode\/oksaloikur-fiskars-quikfit-varreta\/#primaryimage"},"image":{"@id":"https:\/\/espak.ee\/epood\/toode\/oksaloikur-fiskars-quikfit-varreta\/#primaryimage"},"thumbnailUrl":"https:\/\/espak.ee\/epood\/wp-content\/uploads\/2025\/05\/01-32.jpg","datePublished":"2025-05-17T02:05:02+00:00","dateModified":"2025-05-20T05:33:05+00:00","breadcrumb":{"@id":"https:\/\/espak.ee\/epood\/toode\/oksaloikur-fiskars-quikfit-varreta\/#breadcrumb"},"inLanguage":"et","potentialAction":[{"@type":"ReadAction","target":["https:\/\/espak.ee\/epood\/toode\/oksaloikur-fiskars-quikfit-varreta\/"]}]},{"@type":"ImageObject","inLanguage":"et","@id":"https:\/\/espak.ee\/epood\/toode\/oksaloikur-fiskars-quikfit-varreta\/#primaryimage","url":"https:\/\/espak.ee\/epood\/wp-content\/uploads\/2025\/05\/01-32.jpg","contentUrl":"https:\/\/espak.ee\/epood\/wp-content\/uploads\/2025\/05\/01-32.jpg","width":1000,"height":1000},{"@type":"BreadcrumbList","@id":"https:\/\/espak.ee\/epood\/toode\/oksaloikur-fiskars-quikfit-varreta\/#breadcrumb","itemListElement":[{"@type":"ListItem","position":1,"name":"Home","item":"https:\/\/espak.ee\/epood\/"},{"@type":"ListItem","position":2,"name":"Tootevalik","item":"https:\/\/espak.ee\/epood\/tootevalik\/"},{"@type":"ListItem","position":3,"name":"OKSAL\u00d5IKUR FISKARS QUIKFIT VARRETA"}]},{"@type":"WebSite","@id":"https:\/\/espak.ee\/epood\/#website","url":"https:\/\/espak.ee\/epood\/","name":"Espak E-pood","description":"","potentialAction":[{"@type":"SearchAction","target":{"@type":"EntryPoint","urlTemplate":"https:\/\/espak.ee\/epood\/?s={search_term_string}"},"query-input":{"@type":"PropertyValueSpecification","valueRequired":true,"valueName":"search_term_string"}}],"inLanguage":"et"}]}},"_links":{"self":[{"href":"https:\/\/espak.ee\/epood\/wp-json\/wp\/v2\/product\/237424","targetHints":{"allow":["GET"]}}],"collection":[{"href":"https:\/\/espak.ee\/epood\/wp-json\/wp\/v2\/product"}],"about":[{"href":"https:\/\/espak.ee\/epood\/wp-json\/wp\/v2\/types\/product"}],"replies":[{"embeddable":true,"href":"https:\/\/espak.ee\/epood\/wp-json\/wp\/v2\/comments?post=237424"}],"wp:featuredmedia":[{"embeddable":true,"href":"https:\/\/espak.ee\/epood\/wp-json\/wp\/v2\/media\/237835"}],"wp:attachment":[{"href":"https:\/\/espak.ee\/epood\/wp-json\/wp\/v2\/media?parent=237424"}],"wp:term":[{"taxonomy":"product_brand","embeddable":true,"href":"https:\/\/espak.ee\/epood\/wp-json\/wp\/v2\/product_brand?post=237424"},{"taxonomy":"product_cat","embeddable":true,"href":"https:\/\/espak.ee\/epood\/wp-json\/wp\/v2\/product_cat?post=237424"},{"taxonomy":"product_tag","embeddable":true,"href":"https:\/\/espak.ee\/epood\/wp-json\/wp\/v2\/product_tag?post=237424"}],"curies":[{"name":"wp","href":"https:\/\/api.w.org\/{rel}","templated":true}]}}