{"id":237221,"date":"2025-05-15T05:10:02","date_gmt":"2025-05-15T02:10:02","guid":{"rendered":"https:\/\/espak.ee\/epood\/?post_type=product&#038;p=237221"},"modified":"2025-08-26T16:56:45","modified_gmt":"2025-08-26T13:56:45","slug":"pesugeel-frosch-aloe-vera-5l","status":"publish","type":"product","link":"https:\/\/espak.ee\/epood\/toode\/pesugeel-frosch-aloe-vera-5l\/","title":{"rendered":"PESUGEEL FROSCH ALOE VERA 5L"},"content":{"rendered":"<div class=\"row\"  id=\"row-1898442328\">\n\n\t<div id=\"col-1099430445\" class=\"col medium-9 small-12 large-9\"  >\n\t\t\t\t<div class=\"col-inner\"  >\n\t\t\t\n\t\t\t\n<h3>Frosch pesugeel aloe vera 5L<\/h3>\n<p>K\u00f5ikide kangat\u00fc\u00fcpide (v.a siid- ja villatooted) pesemiseks 20\u00baC-95\u00baC juures.<br \/>\nTootest j\u00e4tkub 75 pesukorraks.<br \/>\n\u00d5rn v\u00e4rvide ja kangaste suhtes, tagab pehme, puhta ja meeldivalt l\u00f5hnava pesu.<br \/>\nSpetsiaalne pikaajaline v\u00e4rvikaitse v\u00e4ldib tekstiilide pleekimist ja v\u00e4rvimuudatusi, erksad v\u00e4rvid p\u00fcsivad kaua.<br \/>\nSisaldab aloe verat, mis on s\u00fcgavpuhastava ja plekke eemaldava toimega.<br \/>\nEi sisalda mikroplasti ja s\u00e4ilitusaineid. Dermatoloogiliselt testitud, h\u00fcpoallergeenne.<br \/>\nPakend on valmistatud 100% taaskasutatud materjalidest.<\/p>\n<p><strong>Kasutamine:<\/strong>  Sorteerida pesu (n\u00e4iteks v\u00e4rvi, m\u00e4\u00e4rdumisastme, tekstiilikiu t\u00fc\u00fcbi j\u00e4rgi) ja j\u00e4rgida tekstiilide hooldusjuhiseid. S\u00f5ltuvalt vee karedusest ja m\u00e4\u00e4rdumisastmest kasutada sobivat kogust pesuainet ja pesta alati t\u00e4is trumliga. Kasutada vastavalt pakendil n\u00e4idatud doseerimistabelile. Pesugeel valada pesupalli v\u00f5i pesumasina sahtlisse. Plekkide eemaldamiseks valada pesugeel otse plekkidele ja j\u00e4tta m\u00f5neks ajaks toimima. <\/p>\n<p><strong>\u00d5kotoode: <\/strong>DE\/006\/029. <\/p>\n<p><strong>Koostis:<\/strong> 5-15% mitteioonseid tensiide, anioonseid tensiide, <5% seepi, ens\u00fc\u00fcmid, aroomid. Samuti: aloe vera ekstrakt, toiduv\u00e4rvid.<\/p>\n<p><strong>Ettevaatust:<\/strong> P\u00f5hjustab tugevat silmade \u00e4rritust. Hoida lastele k\u00e4ttesaamatus kohas. SILMA SATTUMISE KORRAL: loputada mitme minuti jooksul ettevaatlikult veega. Eemaldada kontaktl\u00e4\u00e4tsed, kui neid kasutatakse ja kui neid on kerge eemaldada. Loputada veel kord. Kui silmade \u00e4rritus ei m\u00f6\u00f6du: p\u00f6\u00f6rduda arsti poole. Sisu\/mahuti k\u00f5rvaldada vastavalt kohalikele eeskirjadele.\n<\/p>\n\t\t<\/div>\n\t\t\t\t\t<\/div>\n\n\t\n\n\t<div id=\"col-508995264\" class=\"col medium-3 small-12 large-3\"  >\n\t\t\t\t<div class=\"col-inner\"  >\n\t\t\t\n\t\t\t\n<p><strong>\u00dcksikasjalikuma n\u00f5u saamiseks v\u00f5tke \u00fchendust:<br \/><\/strong>AbeStock AS<br \/>Mustjuure 9<br \/>10618<br \/>Tallinn<br \/>+372 650 5550<\/p>\n<div class=\"is-divider divider clearfix\" ><\/div>\n\t\t<\/div>\n\t\t\t\t\t<\/div>\n\n\t\n<\/div>\n","protected":false},"excerpt":{"rendered":"","protected":false},"featured_media":237313,"comment_status":"closed","ping_status":"closed","template":"","meta":[],"product_brand":[],"product_cat":[2788,4217,4216,4482],"product_tag":[],"class_list":{"0":"post-237221","1":"product","2":"type-product","3":"status-publish","4":"has-post-thumbnail","6":"product_cat-aiatarbed-ja-kodukaubad","7":"product_cat-kodukeemia-kodukeemia","8":"product_cat-kodukeemia","9":"product_cat-pesupulbrid-ja-loputusvahendid","11":"first","12":"instock","13":"sale","14":"taxable","15":"shipping-taxable","16":"purchasable","17":"product-type-simple"},"yoast_head":"<!-- This site is optimized with the Yoast SEO plugin v26.9 - https:\/\/yoast.com\/product\/yoast-seo-wordpress\/ -->\n<title>PESUGEEL FROSCH ALOE VERA 5L - Espak E-pood<\/title>\n<meta name=\"robots\" content=\"index, follow, max-snippet:-1, max-image-preview:large, max-video-preview:-1\" \/>\n<link rel=\"canonical\" href=\"https:\/\/espak.ee\/epood\/toode\/pesugeel-frosch-aloe-vera-5l\/\" \/>\n<meta property=\"og:locale\" content=\"et_EE\" \/>\n<meta property=\"og:type\" content=\"article\" \/>\n<meta property=\"og:title\" content=\"PESUGEEL FROSCH ALOE VERA 5L - Espak E-pood\" \/>\n<meta property=\"og:url\" content=\"https:\/\/espak.ee\/epood\/toode\/pesugeel-frosch-aloe-vera-5l\/\" \/>\n<meta property=\"og:site_name\" content=\"Espak E-pood\" \/>\n<meta property=\"article:modified_time\" content=\"2025-08-26T13:56:45+00:00\" \/>\n<meta property=\"og:image\" content=\"https:\/\/espak.ee\/epood\/wp-content\/uploads\/2025\/05\/frosch-pesugeel-aloe-vera-5-l-uus.jpg\" \/>\n\t<meta property=\"og:image:width\" content=\"1000\" \/>\n\t<meta property=\"og:image:height\" content=\"1000\" \/>\n\t<meta property=\"og:image:type\" content=\"image\/jpeg\" \/>\n<meta name=\"twitter:card\" content=\"summary_large_image\" \/>\n<meta name=\"twitter:label1\" content=\"Est. reading time\" \/>\n\t<meta name=\"twitter:data1\" content=\"1 minut\" \/>\n<script type=\"application\/ld+json\" class=\"yoast-schema-graph\">{\"@context\":\"https:\/\/schema.org\",\"@graph\":[{\"@type\":\"WebPage\",\"@id\":\"https:\/\/espak.ee\/epood\/toode\/pesugeel-frosch-aloe-vera-5l\/\",\"url\":\"https:\/\/espak.ee\/epood\/toode\/pesugeel-frosch-aloe-vera-5l\/\",\"name\":\"PESUGEEL FROSCH ALOE VERA 5L - Espak E-pood\",\"isPartOf\":{\"@id\":\"https:\/\/espak.ee\/epood\/#website\"},\"primaryImageOfPage\":{\"@id\":\"https:\/\/espak.ee\/epood\/toode\/pesugeel-frosch-aloe-vera-5l\/#primaryimage\"},\"image\":{\"@id\":\"https:\/\/espak.ee\/epood\/toode\/pesugeel-frosch-aloe-vera-5l\/#primaryimage\"},\"thumbnailUrl\":\"https:\/\/espak.ee\/epood\/wp-content\/uploads\/2025\/05\/frosch-pesugeel-aloe-vera-5-l-uus.jpg\",\"datePublished\":\"2025-05-15T02:10:02+00:00\",\"dateModified\":\"2025-08-26T13:56:45+00:00\",\"breadcrumb\":{\"@id\":\"https:\/\/espak.ee\/epood\/toode\/pesugeel-frosch-aloe-vera-5l\/#breadcrumb\"},\"inLanguage\":\"et\",\"potentialAction\":[{\"@type\":\"ReadAction\",\"target\":[\"https:\/\/espak.ee\/epood\/toode\/pesugeel-frosch-aloe-vera-5l\/\"]}]},{\"@type\":\"ImageObject\",\"inLanguage\":\"et\",\"@id\":\"https:\/\/espak.ee\/epood\/toode\/pesugeel-frosch-aloe-vera-5l\/#primaryimage\",\"url\":\"https:\/\/espak.ee\/epood\/wp-content\/uploads\/2025\/05\/frosch-pesugeel-aloe-vera-5-l-uus.jpg\",\"contentUrl\":\"https:\/\/espak.ee\/epood\/wp-content\/uploads\/2025\/05\/frosch-pesugeel-aloe-vera-5-l-uus.jpg\",\"width\":1000,\"height\":1000},{\"@type\":\"BreadcrumbList\",\"@id\":\"https:\/\/espak.ee\/epood\/toode\/pesugeel-frosch-aloe-vera-5l\/#breadcrumb\",\"itemListElement\":[{\"@type\":\"ListItem\",\"position\":1,\"name\":\"Home\",\"item\":\"https:\/\/espak.ee\/epood\/\"},{\"@type\":\"ListItem\",\"position\":2,\"name\":\"Tootevalik\",\"item\":\"https:\/\/espak.ee\/epood\/tootevalik\/\"},{\"@type\":\"ListItem\",\"position\":3,\"name\":\"PESUGEEL FROSCH ALOE VERA 5L\"}]},{\"@type\":\"WebSite\",\"@id\":\"https:\/\/espak.ee\/epood\/#website\",\"url\":\"https:\/\/espak.ee\/epood\/\",\"name\":\"Espak E-pood\",\"description\":\"\",\"potentialAction\":[{\"@type\":\"SearchAction\",\"target\":{\"@type\":\"EntryPoint\",\"urlTemplate\":\"https:\/\/espak.ee\/epood\/?s={search_term_string}\"},\"query-input\":{\"@type\":\"PropertyValueSpecification\",\"valueRequired\":true,\"valueName\":\"search_term_string\"}}],\"inLanguage\":\"et\"}]}<\/script>\n<!-- \/ Yoast SEO plugin. -->","yoast_head_json":{"title":"PESUGEEL FROSCH ALOE VERA 5L - Espak E-pood","robots":{"index":"index","follow":"follow","max-snippet":"max-snippet:-1","max-image-preview":"max-image-preview:large","max-video-preview":"max-video-preview:-1"},"canonical":"https:\/\/espak.ee\/epood\/toode\/pesugeel-frosch-aloe-vera-5l\/","og_locale":"et_EE","og_type":"article","og_title":"PESUGEEL FROSCH ALOE VERA 5L - Espak E-pood","og_url":"https:\/\/espak.ee\/epood\/toode\/pesugeel-frosch-aloe-vera-5l\/","og_site_name":"Espak E-pood","article_modified_time":"2025-08-26T13:56:45+00:00","og_image":[{"width":1000,"height":1000,"url":"https:\/\/espak.ee\/epood\/wp-content\/uploads\/2025\/05\/frosch-pesugeel-aloe-vera-5-l-uus.jpg","type":"image\/jpeg"}],"twitter_card":"summary_large_image","twitter_misc":{"Est. reading time":"1 minut"},"schema":{"@context":"https:\/\/schema.org","@graph":[{"@type":"WebPage","@id":"https:\/\/espak.ee\/epood\/toode\/pesugeel-frosch-aloe-vera-5l\/","url":"https:\/\/espak.ee\/epood\/toode\/pesugeel-frosch-aloe-vera-5l\/","name":"PESUGEEL FROSCH ALOE VERA 5L - Espak E-pood","isPartOf":{"@id":"https:\/\/espak.ee\/epood\/#website"},"primaryImageOfPage":{"@id":"https:\/\/espak.ee\/epood\/toode\/pesugeel-frosch-aloe-vera-5l\/#primaryimage"},"image":{"@id":"https:\/\/espak.ee\/epood\/toode\/pesugeel-frosch-aloe-vera-5l\/#primaryimage"},"thumbnailUrl":"https:\/\/espak.ee\/epood\/wp-content\/uploads\/2025\/05\/frosch-pesugeel-aloe-vera-5-l-uus.jpg","datePublished":"2025-05-15T02:10:02+00:00","dateModified":"2025-08-26T13:56:45+00:00","breadcrumb":{"@id":"https:\/\/espak.ee\/epood\/toode\/pesugeel-frosch-aloe-vera-5l\/#breadcrumb"},"inLanguage":"et","potentialAction":[{"@type":"ReadAction","target":["https:\/\/espak.ee\/epood\/toode\/pesugeel-frosch-aloe-vera-5l\/"]}]},{"@type":"ImageObject","inLanguage":"et","@id":"https:\/\/espak.ee\/epood\/toode\/pesugeel-frosch-aloe-vera-5l\/#primaryimage","url":"https:\/\/espak.ee\/epood\/wp-content\/uploads\/2025\/05\/frosch-pesugeel-aloe-vera-5-l-uus.jpg","contentUrl":"https:\/\/espak.ee\/epood\/wp-content\/uploads\/2025\/05\/frosch-pesugeel-aloe-vera-5-l-uus.jpg","width":1000,"height":1000},{"@type":"BreadcrumbList","@id":"https:\/\/espak.ee\/epood\/toode\/pesugeel-frosch-aloe-vera-5l\/#breadcrumb","itemListElement":[{"@type":"ListItem","position":1,"name":"Home","item":"https:\/\/espak.ee\/epood\/"},{"@type":"ListItem","position":2,"name":"Tootevalik","item":"https:\/\/espak.ee\/epood\/tootevalik\/"},{"@type":"ListItem","position":3,"name":"PESUGEEL FROSCH ALOE VERA 5L"}]},{"@type":"WebSite","@id":"https:\/\/espak.ee\/epood\/#website","url":"https:\/\/espak.ee\/epood\/","name":"Espak E-pood","description":"","potentialAction":[{"@type":"SearchAction","target":{"@type":"EntryPoint","urlTemplate":"https:\/\/espak.ee\/epood\/?s={search_term_string}"},"query-input":{"@type":"PropertyValueSpecification","valueRequired":true,"valueName":"search_term_string"}}],"inLanguage":"et"}]}},"_links":{"self":[{"href":"https:\/\/espak.ee\/epood\/wp-json\/wp\/v2\/product\/237221","targetHints":{"allow":["GET"]}}],"collection":[{"href":"https:\/\/espak.ee\/epood\/wp-json\/wp\/v2\/product"}],"about":[{"href":"https:\/\/espak.ee\/epood\/wp-json\/wp\/v2\/types\/product"}],"replies":[{"embeddable":true,"href":"https:\/\/espak.ee\/epood\/wp-json\/wp\/v2\/comments?post=237221"}],"wp:featuredmedia":[{"embeddable":true,"href":"https:\/\/espak.ee\/epood\/wp-json\/wp\/v2\/media\/237313"}],"wp:attachment":[{"href":"https:\/\/espak.ee\/epood\/wp-json\/wp\/v2\/media?parent=237221"}],"wp:term":[{"taxonomy":"product_brand","embeddable":true,"href":"https:\/\/espak.ee\/epood\/wp-json\/wp\/v2\/product_brand?post=237221"},{"taxonomy":"product_cat","embeddable":true,"href":"https:\/\/espak.ee\/epood\/wp-json\/wp\/v2\/product_cat?post=237221"},{"taxonomy":"product_tag","embeddable":true,"href":"https:\/\/espak.ee\/epood\/wp-json\/wp\/v2\/product_tag?post=237221"}],"curies":[{"name":"wp","href":"https:\/\/api.w.org\/{rel}","templated":true}]}}