{"id":237220,"date":"2025-05-15T05:10:02","date_gmt":"2025-05-15T02:10:02","guid":{"rendered":"https:\/\/espak.ee\/epood\/?post_type=product&#038;p=237220"},"modified":"2025-11-01T11:33:09","modified_gmt":"2025-11-01T09:33:09","slug":"prussakamaja-kapo-4tk","status":"publish","type":"product","link":"https:\/\/espak.ee\/epood\/toode\/prussakamaja-kapo-4tk\/","title":{"rendered":"PRUSSAKAMAJA KAPO 4TK"},"content":{"rendered":"<div class=\"row\"  id=\"row-252795701\">\n\n\t<div id=\"col-1276408502\" class=\"col medium-9 small-12 large-9\"  >\n\t\t\t\t<div class=\"col-inner\"  >\n\t\t\t\n\t\t\t\n<h3>Kapo prussakamaja 4 tk<\/h3>\n<p>L\u00f5hnatud peibutiskarbid tarakanide ja prussakate h\u00e4vitamiseks.<\/p>\n<p>Meelitavad putukaid ligi, putukad neelavad selles oleva m\u00fcrgi alla ja surevad kiiresti. Peatab putukate leviku pikaks ajaks. <\/p>\n<p><strong>Kasutamine:<\/strong>  K\u00e4itlemisel t\u00e4ita ohutusn\u00f5udeid. Sisaldab biotsiidi. Enne kasutamist tutvuda kasutusjuhendiga.<br \/>\nAvada peibutuskarp t\u00f5mmates perforeeritud joont pidi \u00e4ra selle kahel l\u00fchemal k\u00fcljel olevad kattepaberid.<br \/>\nAsetada peibutuskarbid putukate meelispaikadesse: soojadesse, niisketesse ja pimedatesse kohtadesse nagu k\u00fclmkapi v\u00f5i pliidi taha, kraanikausi alla, pr\u00fcgikasti v\u00f5i ventilatsiooni ligidale. <\/p>\n<p>Doseerimine: k\u00f6\u00f6k 2-3 karpi 10m\u00b2 kohta, vannituba 1-2 karpi 10m\u00b2 kohta, teised ruumid 1 karp 10m\u00b2 kohta. 10m\u00b2 kohta. Vahetada karpe iga 4 n\u00e4dala j\u00e4rel. Putukate suurema leviku v\u00f5i oluliselt suurema pinna korral kasutada karpe kordi rohkem.<br \/>\nToote toime katkestamiseks peibutuskarbid eemaldada.<br \/>\nSisaldab kibeainet. Hoida temperatuuril 5-35\u02daC. V\u00e4ltida k\u00fclmumist. <\/p>\n<p><strong>Koostis:<\/strong> Toimeaine atseetamipriid (CAS 160430-64-8): 9g\/kg <\/p>\n<p><strong>Ettevaatust:<\/strong> Hoida lastele k\u00e4ttesaamatus kohas. Halva enesetunde korral v\u00f5tta \u00fchendust M\u00dcRGISTUSTEABEKESKUSE v\u00f5i arstiga. Sisu\/mahuti k\u00f5rvaldada vastavalt kohalikele eeskirjadele. Kemikaal v\u00f5i tema pakend tuleb viia ohtlike j\u00e4\u00e4tmete kogumispunkti.\n<\/p>\n\t\t<\/div>\n\t\t\t\t\t<\/div>\n\n\t\n\n\t<div id=\"col-1242036768\" class=\"col medium-3 small-12 large-3\"  >\n\t\t\t\t<div class=\"col-inner\"  >\n\t\t\t\n\t\t\t\n<p><strong>\u00dcksikasjalikuma n\u00f5u saamiseks v\u00f5tke \u00fchendust:<br \/><\/strong>AbeStock AS<br \/>Mustjuure 9<br \/>10618<br \/>Tallinn<br \/>+372 650 5550<\/p>\n<div class=\"is-divider divider clearfix\" ><\/div>\n\t\t<\/div>\n\t\t\t\t\t<\/div>\n\n\t\n<\/div>\n","protected":false},"excerpt":{"rendered":"","protected":false},"featured_media":237327,"comment_status":"closed","ping_status":"closed","template":"","meta":[],"product_brand":[],"product_cat":[2789,2788,2884,4751],"product_tag":[],"class_list":{"0":"post-237220","1":"product","2":"type-product","3":"status-publish","4":"has-post-thumbnail","6":"product_cat-aiatarbed","7":"product_cat-aiatarbed-ja-kodukaubad","8":"product_cat-olmekahjurite-torjevahendid","9":"product_cat-roomavate-putukate-torjevahendid","10":"pa_kaubamark-abestock-as","12":"first","13":"instock","14":"sale","15":"taxable","16":"shipping-taxable","17":"purchasable","18":"product-type-simple"},"yoast_head":"<!-- This site is optimized with the Yoast SEO plugin v26.9 - https:\/\/yoast.com\/product\/yoast-seo-wordpress\/ -->\n<title>PRUSSAKAMAJA KAPO 4TK - Espak E-pood<\/title>\n<meta name=\"robots\" content=\"index, follow, max-snippet:-1, max-image-preview:large, max-video-preview:-1\" \/>\n<link rel=\"canonical\" href=\"https:\/\/espak.ee\/epood\/toode\/prussakamaja-kapo-4tk\/\" \/>\n<meta property=\"og:locale\" content=\"et_EE\" \/>\n<meta property=\"og:type\" content=\"article\" \/>\n<meta property=\"og:title\" content=\"PRUSSAKAMAJA KAPO 4TK - Espak E-pood\" \/>\n<meta property=\"og:url\" content=\"https:\/\/espak.ee\/epood\/toode\/prussakamaja-kapo-4tk\/\" \/>\n<meta property=\"og:site_name\" content=\"Espak E-pood\" \/>\n<meta property=\"article:modified_time\" content=\"2025-11-01T09:33:09+00:00\" \/>\n<meta property=\"og:image\" content=\"https:\/\/espak.ee\/epood\/wp-content\/uploads\/2025\/05\/kapo-prussakamaja-4-tk.jpg.jpg\" \/>\n\t<meta property=\"og:image:width\" content=\"1000\" \/>\n\t<meta property=\"og:image:height\" content=\"1000\" \/>\n\t<meta property=\"og:image:type\" content=\"image\/jpeg\" \/>\n<meta name=\"twitter:card\" content=\"summary_large_image\" \/>\n<meta name=\"twitter:label1\" content=\"Est. reading time\" \/>\n\t<meta name=\"twitter:data1\" content=\"1 minut\" \/>\n<script type=\"application\/ld+json\" class=\"yoast-schema-graph\">{\"@context\":\"https:\/\/schema.org\",\"@graph\":[{\"@type\":\"WebPage\",\"@id\":\"https:\/\/espak.ee\/epood\/toode\/prussakamaja-kapo-4tk\/\",\"url\":\"https:\/\/espak.ee\/epood\/toode\/prussakamaja-kapo-4tk\/\",\"name\":\"PRUSSAKAMAJA KAPO 4TK - Espak E-pood\",\"isPartOf\":{\"@id\":\"https:\/\/espak.ee\/epood\/#website\"},\"primaryImageOfPage\":{\"@id\":\"https:\/\/espak.ee\/epood\/toode\/prussakamaja-kapo-4tk\/#primaryimage\"},\"image\":{\"@id\":\"https:\/\/espak.ee\/epood\/toode\/prussakamaja-kapo-4tk\/#primaryimage\"},\"thumbnailUrl\":\"https:\/\/espak.ee\/epood\/wp-content\/uploads\/2025\/05\/kapo-prussakamaja-4-tk.jpg.jpg\",\"datePublished\":\"2025-05-15T02:10:02+00:00\",\"dateModified\":\"2025-11-01T09:33:09+00:00\",\"breadcrumb\":{\"@id\":\"https:\/\/espak.ee\/epood\/toode\/prussakamaja-kapo-4tk\/#breadcrumb\"},\"inLanguage\":\"et\",\"potentialAction\":[{\"@type\":\"ReadAction\",\"target\":[\"https:\/\/espak.ee\/epood\/toode\/prussakamaja-kapo-4tk\/\"]}]},{\"@type\":\"ImageObject\",\"inLanguage\":\"et\",\"@id\":\"https:\/\/espak.ee\/epood\/toode\/prussakamaja-kapo-4tk\/#primaryimage\",\"url\":\"https:\/\/espak.ee\/epood\/wp-content\/uploads\/2025\/05\/kapo-prussakamaja-4-tk.jpg.jpg\",\"contentUrl\":\"https:\/\/espak.ee\/epood\/wp-content\/uploads\/2025\/05\/kapo-prussakamaja-4-tk.jpg.jpg\",\"width\":1000,\"height\":1000},{\"@type\":\"BreadcrumbList\",\"@id\":\"https:\/\/espak.ee\/epood\/toode\/prussakamaja-kapo-4tk\/#breadcrumb\",\"itemListElement\":[{\"@type\":\"ListItem\",\"position\":1,\"name\":\"Home\",\"item\":\"https:\/\/espak.ee\/epood\/\"},{\"@type\":\"ListItem\",\"position\":2,\"name\":\"Tootevalik\",\"item\":\"https:\/\/espak.ee\/epood\/tootevalik\/\"},{\"@type\":\"ListItem\",\"position\":3,\"name\":\"PRUSSAKAMAJA KAPO 4TK\"}]},{\"@type\":\"WebSite\",\"@id\":\"https:\/\/espak.ee\/epood\/#website\",\"url\":\"https:\/\/espak.ee\/epood\/\",\"name\":\"Espak E-pood\",\"description\":\"\",\"potentialAction\":[{\"@type\":\"SearchAction\",\"target\":{\"@type\":\"EntryPoint\",\"urlTemplate\":\"https:\/\/espak.ee\/epood\/?s={search_term_string}\"},\"query-input\":{\"@type\":\"PropertyValueSpecification\",\"valueRequired\":true,\"valueName\":\"search_term_string\"}}],\"inLanguage\":\"et\"}]}<\/script>\n<!-- \/ Yoast SEO plugin. -->","yoast_head_json":{"title":"PRUSSAKAMAJA KAPO 4TK - Espak E-pood","robots":{"index":"index","follow":"follow","max-snippet":"max-snippet:-1","max-image-preview":"max-image-preview:large","max-video-preview":"max-video-preview:-1"},"canonical":"https:\/\/espak.ee\/epood\/toode\/prussakamaja-kapo-4tk\/","og_locale":"et_EE","og_type":"article","og_title":"PRUSSAKAMAJA KAPO 4TK - Espak E-pood","og_url":"https:\/\/espak.ee\/epood\/toode\/prussakamaja-kapo-4tk\/","og_site_name":"Espak E-pood","article_modified_time":"2025-11-01T09:33:09+00:00","og_image":[{"width":1000,"height":1000,"url":"https:\/\/espak.ee\/epood\/wp-content\/uploads\/2025\/05\/kapo-prussakamaja-4-tk.jpg.jpg","type":"image\/jpeg"}],"twitter_card":"summary_large_image","twitter_misc":{"Est. reading time":"1 minut"},"schema":{"@context":"https:\/\/schema.org","@graph":[{"@type":"WebPage","@id":"https:\/\/espak.ee\/epood\/toode\/prussakamaja-kapo-4tk\/","url":"https:\/\/espak.ee\/epood\/toode\/prussakamaja-kapo-4tk\/","name":"PRUSSAKAMAJA KAPO 4TK - Espak E-pood","isPartOf":{"@id":"https:\/\/espak.ee\/epood\/#website"},"primaryImageOfPage":{"@id":"https:\/\/espak.ee\/epood\/toode\/prussakamaja-kapo-4tk\/#primaryimage"},"image":{"@id":"https:\/\/espak.ee\/epood\/toode\/prussakamaja-kapo-4tk\/#primaryimage"},"thumbnailUrl":"https:\/\/espak.ee\/epood\/wp-content\/uploads\/2025\/05\/kapo-prussakamaja-4-tk.jpg.jpg","datePublished":"2025-05-15T02:10:02+00:00","dateModified":"2025-11-01T09:33:09+00:00","breadcrumb":{"@id":"https:\/\/espak.ee\/epood\/toode\/prussakamaja-kapo-4tk\/#breadcrumb"},"inLanguage":"et","potentialAction":[{"@type":"ReadAction","target":["https:\/\/espak.ee\/epood\/toode\/prussakamaja-kapo-4tk\/"]}]},{"@type":"ImageObject","inLanguage":"et","@id":"https:\/\/espak.ee\/epood\/toode\/prussakamaja-kapo-4tk\/#primaryimage","url":"https:\/\/espak.ee\/epood\/wp-content\/uploads\/2025\/05\/kapo-prussakamaja-4-tk.jpg.jpg","contentUrl":"https:\/\/espak.ee\/epood\/wp-content\/uploads\/2025\/05\/kapo-prussakamaja-4-tk.jpg.jpg","width":1000,"height":1000},{"@type":"BreadcrumbList","@id":"https:\/\/espak.ee\/epood\/toode\/prussakamaja-kapo-4tk\/#breadcrumb","itemListElement":[{"@type":"ListItem","position":1,"name":"Home","item":"https:\/\/espak.ee\/epood\/"},{"@type":"ListItem","position":2,"name":"Tootevalik","item":"https:\/\/espak.ee\/epood\/tootevalik\/"},{"@type":"ListItem","position":3,"name":"PRUSSAKAMAJA KAPO 4TK"}]},{"@type":"WebSite","@id":"https:\/\/espak.ee\/epood\/#website","url":"https:\/\/espak.ee\/epood\/","name":"Espak E-pood","description":"","potentialAction":[{"@type":"SearchAction","target":{"@type":"EntryPoint","urlTemplate":"https:\/\/espak.ee\/epood\/?s={search_term_string}"},"query-input":{"@type":"PropertyValueSpecification","valueRequired":true,"valueName":"search_term_string"}}],"inLanguage":"et"}]}},"_links":{"self":[{"href":"https:\/\/espak.ee\/epood\/wp-json\/wp\/v2\/product\/237220","targetHints":{"allow":["GET"]}}],"collection":[{"href":"https:\/\/espak.ee\/epood\/wp-json\/wp\/v2\/product"}],"about":[{"href":"https:\/\/espak.ee\/epood\/wp-json\/wp\/v2\/types\/product"}],"replies":[{"embeddable":true,"href":"https:\/\/espak.ee\/epood\/wp-json\/wp\/v2\/comments?post=237220"}],"wp:featuredmedia":[{"embeddable":true,"href":"https:\/\/espak.ee\/epood\/wp-json\/wp\/v2\/media\/237327"}],"wp:attachment":[{"href":"https:\/\/espak.ee\/epood\/wp-json\/wp\/v2\/media?parent=237220"}],"wp:term":[{"taxonomy":"product_brand","embeddable":true,"href":"https:\/\/espak.ee\/epood\/wp-json\/wp\/v2\/product_brand?post=237220"},{"taxonomy":"product_cat","embeddable":true,"href":"https:\/\/espak.ee\/epood\/wp-json\/wp\/v2\/product_cat?post=237220"},{"taxonomy":"product_tag","embeddable":true,"href":"https:\/\/espak.ee\/epood\/wp-json\/wp\/v2\/product_tag?post=237220"}],"curies":[{"name":"wp","href":"https:\/\/api.w.org\/{rel}","templated":true}]}}