{"id":237203,"date":"2025-05-15T05:10:02","date_gmt":"2025-05-15T02:10:02","guid":{"rendered":"https:\/\/espak.ee\/epood\/?post_type=product&#038;p=237203"},"modified":"2025-07-26T20:16:12","modified_gmt":"2025-07-26T17:16:12","slug":"2t-mootorioli-trawol-1l","status":"publish","type":"product","link":"https:\/\/espak.ee\/epood\/toode\/2t-mootorioli-trawol-1l\/","title":{"rendered":"2T MOOTORI\u00d5LI TRAWOL 1L"},"content":{"rendered":"<div class=\"row\"  id=\"row-531544045\">\n\n\t<div id=\"col-1893266082\" class=\"col medium-9 small-12 large-9\"  >\n\t\t\t\t<div class=\"col-inner\"  >\n\t\t\t\n\t\t\t\n<h3>Orlen oil TRAWOL 2T segu\u00f5li (roheline) dosaator 1L<\/h3>\n<p>Madala suitsususega pools\u00fcnteetiline \u00f5li mootorrataste, mopeedide ja mootorsaanide kahetaktilistele mootoritele. V\u00f5ib kasutada ka kettsaagide, trimmerite ja teiste v\u00e4ikemasinate kahetaktilistes mootorites. \u00d5lil on suurep\u00e4rased m\u00e4\u00e4rimisomadused ja hea segunevus k\u00fctusega. Sobib kasutamiseks nii k\u00fcttesegusse kui ka sundm\u00e4\u00e4rimiss\u00fcsteemidesse, kus spetsiaalne \u00f5lipump annab ette mootorile vajaliku m\u00e4\u00e4rde\u00f5li.<br \/>\nSpetsiaalne dosaatoriga pakend h\u00f5lbustab \u00f5ige koguse doseerimist<\/p>\n<p><strong>Segamisvahekord:<\/strong> 2% k\u00fctuse kogusest \/ 1:50 \/ kui mootori tootja pole teisiti soovitanud.<\/p>\n<p>Kvaliteediklass: API: TC<br \/>\nViskoossus: SAE: 10W-30 (SAE 80W)\n<\/p>\n\t\t<\/div>\n\t\t\t\t\t<\/div>\n\n\t\n\n\t<div id=\"col-938671725\" class=\"col medium-3 small-12 large-3\"  >\n\t\t\t\t<div class=\"col-inner\"  >\n\t\t\t\n\t\t\t\n\t<div id=\"gap-756463642\" class=\"gap-element clearfix\" style=\"display:block; height:auto;\">\n\t\t\n<style>\n#gap-756463642 {\n  padding-top: 30px;\n}\n<\/style>\n\t<\/div>\n\t\n<p><strong>\u00dcksikasjalikuma n\u00f5u saamiseks v\u00f5tke \u00fchendust:<br \/><\/strong>AS Rivor<br \/>V\u00e4ike-M\u00e4nniku 13<br \/>11216<br \/>Tallinn<br \/> Telefon +372 6599 620<\/p>\n\t\t<\/div>\n\t\t\t\t\t<\/div>\n\n\t\n<\/div>\n","protected":false},"excerpt":{"rendered":"","protected":false},"featured_media":237279,"comment_status":"closed","ping_status":"closed","template":"","meta":[],"product_brand":[],"product_cat":[2789,2788,2790,4384],"product_tag":[],"class_list":{"0":"post-237203","1":"product","2":"type-product","3":"status-publish","4":"has-post-thumbnail","6":"product_cat-aiatarbed","7":"product_cat-aiatarbed-ja-kodukaubad","8":"product_cat-aiatehnika","9":"product_cat-olid","10":"pa_kaubamark-rivor-as","12":"first","13":"instock","14":"sale","15":"taxable","16":"shipping-taxable","17":"purchasable","18":"product-type-simple"},"yoast_head":"<!-- This site is optimized with the Yoast SEO plugin v26.9 - https:\/\/yoast.com\/product\/yoast-seo-wordpress\/ -->\n<title>2T MOOTORI\u00d5LI TRAWOL 1L - Espak E-pood<\/title>\n<meta name=\"robots\" content=\"index, follow, max-snippet:-1, max-image-preview:large, max-video-preview:-1\" \/>\n<link rel=\"canonical\" href=\"https:\/\/espak.ee\/epood\/toode\/2t-mootorioli-trawol-1l\/\" \/>\n<meta property=\"og:locale\" content=\"et_EE\" \/>\n<meta property=\"og:type\" content=\"article\" \/>\n<meta property=\"og:title\" content=\"2T MOOTORI\u00d5LI TRAWOL 1L - Espak E-pood\" \/>\n<meta property=\"og:url\" content=\"https:\/\/espak.ee\/epood\/toode\/2t-mootorioli-trawol-1l\/\" \/>\n<meta property=\"og:site_name\" content=\"Espak E-pood\" \/>\n<meta property=\"article:modified_time\" content=\"2025-07-26T17:16:12+00:00\" \/>\n<meta property=\"og:image\" content=\"https:\/\/espak.ee\/epood\/wp-content\/uploads\/2025\/05\/8258_58f73f9466aa69.23307859_F100044110900-31_large.jpg\" \/>\n\t<meta property=\"og:image:width\" content=\"600\" \/>\n\t<meta property=\"og:image:height\" content=\"600\" \/>\n\t<meta property=\"og:image:type\" content=\"image\/jpeg\" \/>\n<meta name=\"twitter:card\" content=\"summary_large_image\" \/>\n<meta name=\"twitter:label1\" content=\"Est. reading time\" \/>\n\t<meta name=\"twitter:data1\" content=\"1 minut\" \/>\n<script type=\"application\/ld+json\" class=\"yoast-schema-graph\">{\"@context\":\"https:\/\/schema.org\",\"@graph\":[{\"@type\":\"WebPage\",\"@id\":\"https:\/\/espak.ee\/epood\/toode\/2t-mootorioli-trawol-1l\/\",\"url\":\"https:\/\/espak.ee\/epood\/toode\/2t-mootorioli-trawol-1l\/\",\"name\":\"2T MOOTORI\u00d5LI TRAWOL 1L - Espak E-pood\",\"isPartOf\":{\"@id\":\"https:\/\/espak.ee\/epood\/#website\"},\"primaryImageOfPage\":{\"@id\":\"https:\/\/espak.ee\/epood\/toode\/2t-mootorioli-trawol-1l\/#primaryimage\"},\"image\":{\"@id\":\"https:\/\/espak.ee\/epood\/toode\/2t-mootorioli-trawol-1l\/#primaryimage\"},\"thumbnailUrl\":\"https:\/\/espak.ee\/epood\/wp-content\/uploads\/2025\/05\/8258_58f73f9466aa69.23307859_F100044110900-31_large.jpg\",\"datePublished\":\"2025-05-15T02:10:02+00:00\",\"dateModified\":\"2025-07-26T17:16:12+00:00\",\"breadcrumb\":{\"@id\":\"https:\/\/espak.ee\/epood\/toode\/2t-mootorioli-trawol-1l\/#breadcrumb\"},\"inLanguage\":\"et\",\"potentialAction\":[{\"@type\":\"ReadAction\",\"target\":[\"https:\/\/espak.ee\/epood\/toode\/2t-mootorioli-trawol-1l\/\"]}]},{\"@type\":\"ImageObject\",\"inLanguage\":\"et\",\"@id\":\"https:\/\/espak.ee\/epood\/toode\/2t-mootorioli-trawol-1l\/#primaryimage\",\"url\":\"https:\/\/espak.ee\/epood\/wp-content\/uploads\/2025\/05\/8258_58f73f9466aa69.23307859_F100044110900-31_large.jpg\",\"contentUrl\":\"https:\/\/espak.ee\/epood\/wp-content\/uploads\/2025\/05\/8258_58f73f9466aa69.23307859_F100044110900-31_large.jpg\",\"width\":600,\"height\":600},{\"@type\":\"BreadcrumbList\",\"@id\":\"https:\/\/espak.ee\/epood\/toode\/2t-mootorioli-trawol-1l\/#breadcrumb\",\"itemListElement\":[{\"@type\":\"ListItem\",\"position\":1,\"name\":\"Home\",\"item\":\"https:\/\/espak.ee\/epood\/\"},{\"@type\":\"ListItem\",\"position\":2,\"name\":\"Tootevalik\",\"item\":\"https:\/\/espak.ee\/epood\/tootevalik\/\"},{\"@type\":\"ListItem\",\"position\":3,\"name\":\"2T MOOTORI\u00d5LI TRAWOL 1L\"}]},{\"@type\":\"WebSite\",\"@id\":\"https:\/\/espak.ee\/epood\/#website\",\"url\":\"https:\/\/espak.ee\/epood\/\",\"name\":\"Espak E-pood\",\"description\":\"\",\"potentialAction\":[{\"@type\":\"SearchAction\",\"target\":{\"@type\":\"EntryPoint\",\"urlTemplate\":\"https:\/\/espak.ee\/epood\/?s={search_term_string}\"},\"query-input\":{\"@type\":\"PropertyValueSpecification\",\"valueRequired\":true,\"valueName\":\"search_term_string\"}}],\"inLanguage\":\"et\"}]}<\/script>\n<!-- \/ Yoast SEO plugin. -->","yoast_head_json":{"title":"2T MOOTORI\u00d5LI TRAWOL 1L - Espak E-pood","robots":{"index":"index","follow":"follow","max-snippet":"max-snippet:-1","max-image-preview":"max-image-preview:large","max-video-preview":"max-video-preview:-1"},"canonical":"https:\/\/espak.ee\/epood\/toode\/2t-mootorioli-trawol-1l\/","og_locale":"et_EE","og_type":"article","og_title":"2T MOOTORI\u00d5LI TRAWOL 1L - Espak E-pood","og_url":"https:\/\/espak.ee\/epood\/toode\/2t-mootorioli-trawol-1l\/","og_site_name":"Espak E-pood","article_modified_time":"2025-07-26T17:16:12+00:00","og_image":[{"width":600,"height":600,"url":"https:\/\/espak.ee\/epood\/wp-content\/uploads\/2025\/05\/8258_58f73f9466aa69.23307859_F100044110900-31_large.jpg","type":"image\/jpeg"}],"twitter_card":"summary_large_image","twitter_misc":{"Est. reading time":"1 minut"},"schema":{"@context":"https:\/\/schema.org","@graph":[{"@type":"WebPage","@id":"https:\/\/espak.ee\/epood\/toode\/2t-mootorioli-trawol-1l\/","url":"https:\/\/espak.ee\/epood\/toode\/2t-mootorioli-trawol-1l\/","name":"2T MOOTORI\u00d5LI TRAWOL 1L - Espak E-pood","isPartOf":{"@id":"https:\/\/espak.ee\/epood\/#website"},"primaryImageOfPage":{"@id":"https:\/\/espak.ee\/epood\/toode\/2t-mootorioli-trawol-1l\/#primaryimage"},"image":{"@id":"https:\/\/espak.ee\/epood\/toode\/2t-mootorioli-trawol-1l\/#primaryimage"},"thumbnailUrl":"https:\/\/espak.ee\/epood\/wp-content\/uploads\/2025\/05\/8258_58f73f9466aa69.23307859_F100044110900-31_large.jpg","datePublished":"2025-05-15T02:10:02+00:00","dateModified":"2025-07-26T17:16:12+00:00","breadcrumb":{"@id":"https:\/\/espak.ee\/epood\/toode\/2t-mootorioli-trawol-1l\/#breadcrumb"},"inLanguage":"et","potentialAction":[{"@type":"ReadAction","target":["https:\/\/espak.ee\/epood\/toode\/2t-mootorioli-trawol-1l\/"]}]},{"@type":"ImageObject","inLanguage":"et","@id":"https:\/\/espak.ee\/epood\/toode\/2t-mootorioli-trawol-1l\/#primaryimage","url":"https:\/\/espak.ee\/epood\/wp-content\/uploads\/2025\/05\/8258_58f73f9466aa69.23307859_F100044110900-31_large.jpg","contentUrl":"https:\/\/espak.ee\/epood\/wp-content\/uploads\/2025\/05\/8258_58f73f9466aa69.23307859_F100044110900-31_large.jpg","width":600,"height":600},{"@type":"BreadcrumbList","@id":"https:\/\/espak.ee\/epood\/toode\/2t-mootorioli-trawol-1l\/#breadcrumb","itemListElement":[{"@type":"ListItem","position":1,"name":"Home","item":"https:\/\/espak.ee\/epood\/"},{"@type":"ListItem","position":2,"name":"Tootevalik","item":"https:\/\/espak.ee\/epood\/tootevalik\/"},{"@type":"ListItem","position":3,"name":"2T MOOTORI\u00d5LI TRAWOL 1L"}]},{"@type":"WebSite","@id":"https:\/\/espak.ee\/epood\/#website","url":"https:\/\/espak.ee\/epood\/","name":"Espak E-pood","description":"","potentialAction":[{"@type":"SearchAction","target":{"@type":"EntryPoint","urlTemplate":"https:\/\/espak.ee\/epood\/?s={search_term_string}"},"query-input":{"@type":"PropertyValueSpecification","valueRequired":true,"valueName":"search_term_string"}}],"inLanguage":"et"}]}},"_links":{"self":[{"href":"https:\/\/espak.ee\/epood\/wp-json\/wp\/v2\/product\/237203","targetHints":{"allow":["GET"]}}],"collection":[{"href":"https:\/\/espak.ee\/epood\/wp-json\/wp\/v2\/product"}],"about":[{"href":"https:\/\/espak.ee\/epood\/wp-json\/wp\/v2\/types\/product"}],"replies":[{"embeddable":true,"href":"https:\/\/espak.ee\/epood\/wp-json\/wp\/v2\/comments?post=237203"}],"wp:featuredmedia":[{"embeddable":true,"href":"https:\/\/espak.ee\/epood\/wp-json\/wp\/v2\/media\/237279"}],"wp:attachment":[{"href":"https:\/\/espak.ee\/epood\/wp-json\/wp\/v2\/media?parent=237203"}],"wp:term":[{"taxonomy":"product_brand","embeddable":true,"href":"https:\/\/espak.ee\/epood\/wp-json\/wp\/v2\/product_brand?post=237203"},{"taxonomy":"product_cat","embeddable":true,"href":"https:\/\/espak.ee\/epood\/wp-json\/wp\/v2\/product_cat?post=237203"},{"taxonomy":"product_tag","embeddable":true,"href":"https:\/\/espak.ee\/epood\/wp-json\/wp\/v2\/product_tag?post=237203"}],"curies":[{"name":"wp","href":"https:\/\/api.w.org\/{rel}","templated":true}]}}