{"id":23689,"date":"2020-05-01T04:55:33","date_gmt":"2020-05-01T01:55:33","guid":{"rendered":"https:\/\/espak.ee\/hinnakiri\/?post_type=product&#038;p=23689"},"modified":"2024-03-22T23:29:22","modified_gmt":"2024-03-22T21:29:22","slug":"soeharjad-makita-cb-434","status":"publish","type":"product","link":"https:\/\/espak.ee\/epood\/toode\/soeharjad-makita-cb-434\/","title":{"rendered":"S\u00d6EHARJAD MAKITA CB-434"},"content":{"rendered":"<div class=\"row\"  id=\"row-1794997929\">\n\n\t<div id=\"col-1552193847\" class=\"col medium-9 small-12 large-9\"  >\n\t\t\t\t<div class=\"col-inner\"  >\n\t\t\t\n\t\t\t\n<h3>S\u00f6eharjad CB-434 Makita 2 tk\/kmpl<\/h3>\n<p>S\u00f6eharjad Makita elektrit\u00f6\u00f6riistadele.<br \/>\nSobivad mudelile: BDF430F, BFL061F, BFL080F, BFL081F, BFL082F, BFL120F, BFL121F, BFL122F, BFL200F, BFL202F, BFS230F, BFT020F, BFT021F, BFT022F, BFT040F, BFT044F, BFT080F, BFT081F, BFT084F, BFT121F, BFT123F, BFT126F, BTD062, BTD120, BTD123F, BTD150, BTW072, BTW120, BTW151, DFL061F, DFL082F, DFL122F, DFL202F, DFT022F, DFT044F, DFT084F, DFT126F, 6916D, 6916FD, 6918D, 6918FD, 6934FD, 6935FD, 6936FD, 6980FD, 6990D, 6991D, 6992D.\n<\/p>\n\t<div id=\"gap-1850308098\" class=\"gap-element clearfix\" style=\"display:block; height:auto;\">\n\t\t\n<style>\n#gap-1850308098 {\n  padding-top: 30px;\n}\n<\/style>\n\t<\/div>\n\t\n\t\t<\/div>\n\t\t\t\t\t<\/div>\n\n\t\n\n\t<div id=\"col-375466859\" class=\"col medium-3 small-12 large-3\"  >\n\t\t\t\t<div class=\"col-inner\"  >\n\t\t\t\n\t\t\t\n\t<div id=\"gap-1002599077\" class=\"gap-element clearfix\" style=\"display:block; height:auto;\">\n\t\t\n<style>\n#gap-1002599077 {\n  padding-top: 30px;\n}\n<\/style>\n\t<\/div>\n\t\n<div class=\"is-divider divider clearfix\" ><\/div>\n<p><strong>\u00dcksikasjalikuma n\u00f5u saamiseks v\u00f5tke \u00fchendust:<br \/><\/strong>Espak AS<br \/>Viadukti 42<br \/>11313<br \/>Tallinn<br \/> T\u00f6\u00f6riista osakond +372 6512 335<br \/><a href=\"mailto:tooriist@espak.ee\">tooriist@espak.ee<\/a><\/p>\n\t\t<\/div>\n\t\t\t\t\t<\/div>\n\n\t\n<\/div>\n","protected":false},"excerpt":{"rendered":"","protected":false},"featured_media":68700,"comment_status":"closed","ping_status":"closed","template":"","meta":[],"product_brand":[],"product_cat":[2739,2680,2763,2679],"product_tag":[],"class_list":{"0":"post-23689","1":"product","2":"type-product","3":"status-publish","4":"has-post-thumbnail","6":"product_cat-elektrikasitooriistad","7":"product_cat-elektritooriistad","8":"product_cat-elektritooriistade-tarvikud","9":"product_cat-tooriistad","10":"pa_kaubamark-makita","12":"first","13":"instock","14":"sale","15":"taxable","16":"shipping-taxable","17":"purchasable","18":"product-type-simple"},"yoast_head":"<!-- This site is optimized with the Yoast SEO plugin v26.9 - https:\/\/yoast.com\/product\/yoast-seo-wordpress\/ -->\n<title>S\u00d6EHARJAD MAKITA CB-434 - Espak E-pood<\/title>\n<meta name=\"robots\" content=\"index, follow, max-snippet:-1, max-image-preview:large, max-video-preview:-1\" \/>\n<link rel=\"canonical\" href=\"https:\/\/espak.ee\/epood\/toode\/soeharjad-makita-cb-434\/\" \/>\n<meta property=\"og:locale\" content=\"et_EE\" \/>\n<meta property=\"og:type\" content=\"article\" \/>\n<meta property=\"og:title\" content=\"S\u00d6EHARJAD MAKITA CB-434 - Espak E-pood\" \/>\n<meta property=\"og:url\" content=\"https:\/\/espak.ee\/epood\/toode\/soeharjad-makita-cb-434\/\" \/>\n<meta property=\"og:site_name\" content=\"Espak E-pood\" \/>\n<meta property=\"article:modified_time\" content=\"2024-03-22T21:29:22+00:00\" \/>\n<meta property=\"og:image\" content=\"https:\/\/espak.ee\/epood\/wp-content\/uploads\/CB-434-scaled.jpg\" \/>\n\t<meta property=\"og:image:width\" content=\"2048\" \/>\n\t<meta property=\"og:image:height\" content=\"2048\" \/>\n\t<meta property=\"og:image:type\" content=\"image\/jpeg\" \/>\n<meta name=\"twitter:card\" content=\"summary_large_image\" \/>\n<meta name=\"twitter:label1\" content=\"Est. reading time\" \/>\n\t<meta name=\"twitter:data1\" content=\"1 minut\" \/>\n<script type=\"application\/ld+json\" class=\"yoast-schema-graph\">{\"@context\":\"https:\/\/schema.org\",\"@graph\":[{\"@type\":\"WebPage\",\"@id\":\"https:\/\/espak.ee\/epood\/toode\/soeharjad-makita-cb-434\/\",\"url\":\"https:\/\/espak.ee\/epood\/toode\/soeharjad-makita-cb-434\/\",\"name\":\"S\u00d6EHARJAD MAKITA CB-434 - Espak E-pood\",\"isPartOf\":{\"@id\":\"https:\/\/espak.ee\/epood\/#website\"},\"primaryImageOfPage\":{\"@id\":\"https:\/\/espak.ee\/epood\/toode\/soeharjad-makita-cb-434\/#primaryimage\"},\"image\":{\"@id\":\"https:\/\/espak.ee\/epood\/toode\/soeharjad-makita-cb-434\/#primaryimage\"},\"thumbnailUrl\":\"https:\/\/espak.ee\/epood\/wp-content\/uploads\/CB-434-scaled.jpg\",\"datePublished\":\"2020-05-01T01:55:33+00:00\",\"dateModified\":\"2024-03-22T21:29:22+00:00\",\"breadcrumb\":{\"@id\":\"https:\/\/espak.ee\/epood\/toode\/soeharjad-makita-cb-434\/#breadcrumb\"},\"inLanguage\":\"et\",\"potentialAction\":[{\"@type\":\"ReadAction\",\"target\":[\"https:\/\/espak.ee\/epood\/toode\/soeharjad-makita-cb-434\/\"]}]},{\"@type\":\"ImageObject\",\"inLanguage\":\"et\",\"@id\":\"https:\/\/espak.ee\/epood\/toode\/soeharjad-makita-cb-434\/#primaryimage\",\"url\":\"https:\/\/espak.ee\/epood\/wp-content\/uploads\/CB-434-scaled.jpg\",\"contentUrl\":\"https:\/\/espak.ee\/epood\/wp-content\/uploads\/CB-434-scaled.jpg\",\"width\":2048,\"height\":2048},{\"@type\":\"BreadcrumbList\",\"@id\":\"https:\/\/espak.ee\/epood\/toode\/soeharjad-makita-cb-434\/#breadcrumb\",\"itemListElement\":[{\"@type\":\"ListItem\",\"position\":1,\"name\":\"Home\",\"item\":\"https:\/\/espak.ee\/epood\/\"},{\"@type\":\"ListItem\",\"position\":2,\"name\":\"Tootevalik\",\"item\":\"https:\/\/espak.ee\/epood\/tootevalik\/\"},{\"@type\":\"ListItem\",\"position\":3,\"name\":\"S\u00d6EHARJAD MAKITA CB-434\"}]},{\"@type\":\"WebSite\",\"@id\":\"https:\/\/espak.ee\/epood\/#website\",\"url\":\"https:\/\/espak.ee\/epood\/\",\"name\":\"Espak E-pood\",\"description\":\"\",\"potentialAction\":[{\"@type\":\"SearchAction\",\"target\":{\"@type\":\"EntryPoint\",\"urlTemplate\":\"https:\/\/espak.ee\/epood\/?s={search_term_string}\"},\"query-input\":{\"@type\":\"PropertyValueSpecification\",\"valueRequired\":true,\"valueName\":\"search_term_string\"}}],\"inLanguage\":\"et\"}]}<\/script>\n<!-- \/ Yoast SEO plugin. -->","yoast_head_json":{"title":"S\u00d6EHARJAD MAKITA CB-434 - Espak E-pood","robots":{"index":"index","follow":"follow","max-snippet":"max-snippet:-1","max-image-preview":"max-image-preview:large","max-video-preview":"max-video-preview:-1"},"canonical":"https:\/\/espak.ee\/epood\/toode\/soeharjad-makita-cb-434\/","og_locale":"et_EE","og_type":"article","og_title":"S\u00d6EHARJAD MAKITA CB-434 - Espak E-pood","og_url":"https:\/\/espak.ee\/epood\/toode\/soeharjad-makita-cb-434\/","og_site_name":"Espak E-pood","article_modified_time":"2024-03-22T21:29:22+00:00","og_image":[{"width":2048,"height":2048,"url":"https:\/\/espak.ee\/epood\/wp-content\/uploads\/CB-434-scaled.jpg","type":"image\/jpeg"}],"twitter_card":"summary_large_image","twitter_misc":{"Est. reading time":"1 minut"},"schema":{"@context":"https:\/\/schema.org","@graph":[{"@type":"WebPage","@id":"https:\/\/espak.ee\/epood\/toode\/soeharjad-makita-cb-434\/","url":"https:\/\/espak.ee\/epood\/toode\/soeharjad-makita-cb-434\/","name":"S\u00d6EHARJAD MAKITA CB-434 - Espak E-pood","isPartOf":{"@id":"https:\/\/espak.ee\/epood\/#website"},"primaryImageOfPage":{"@id":"https:\/\/espak.ee\/epood\/toode\/soeharjad-makita-cb-434\/#primaryimage"},"image":{"@id":"https:\/\/espak.ee\/epood\/toode\/soeharjad-makita-cb-434\/#primaryimage"},"thumbnailUrl":"https:\/\/espak.ee\/epood\/wp-content\/uploads\/CB-434-scaled.jpg","datePublished":"2020-05-01T01:55:33+00:00","dateModified":"2024-03-22T21:29:22+00:00","breadcrumb":{"@id":"https:\/\/espak.ee\/epood\/toode\/soeharjad-makita-cb-434\/#breadcrumb"},"inLanguage":"et","potentialAction":[{"@type":"ReadAction","target":["https:\/\/espak.ee\/epood\/toode\/soeharjad-makita-cb-434\/"]}]},{"@type":"ImageObject","inLanguage":"et","@id":"https:\/\/espak.ee\/epood\/toode\/soeharjad-makita-cb-434\/#primaryimage","url":"https:\/\/espak.ee\/epood\/wp-content\/uploads\/CB-434-scaled.jpg","contentUrl":"https:\/\/espak.ee\/epood\/wp-content\/uploads\/CB-434-scaled.jpg","width":2048,"height":2048},{"@type":"BreadcrumbList","@id":"https:\/\/espak.ee\/epood\/toode\/soeharjad-makita-cb-434\/#breadcrumb","itemListElement":[{"@type":"ListItem","position":1,"name":"Home","item":"https:\/\/espak.ee\/epood\/"},{"@type":"ListItem","position":2,"name":"Tootevalik","item":"https:\/\/espak.ee\/epood\/tootevalik\/"},{"@type":"ListItem","position":3,"name":"S\u00d6EHARJAD MAKITA CB-434"}]},{"@type":"WebSite","@id":"https:\/\/espak.ee\/epood\/#website","url":"https:\/\/espak.ee\/epood\/","name":"Espak E-pood","description":"","potentialAction":[{"@type":"SearchAction","target":{"@type":"EntryPoint","urlTemplate":"https:\/\/espak.ee\/epood\/?s={search_term_string}"},"query-input":{"@type":"PropertyValueSpecification","valueRequired":true,"valueName":"search_term_string"}}],"inLanguage":"et"}]}},"_links":{"self":[{"href":"https:\/\/espak.ee\/epood\/wp-json\/wp\/v2\/product\/23689","targetHints":{"allow":["GET"]}}],"collection":[{"href":"https:\/\/espak.ee\/epood\/wp-json\/wp\/v2\/product"}],"about":[{"href":"https:\/\/espak.ee\/epood\/wp-json\/wp\/v2\/types\/product"}],"replies":[{"embeddable":true,"href":"https:\/\/espak.ee\/epood\/wp-json\/wp\/v2\/comments?post=23689"}],"wp:featuredmedia":[{"embeddable":true,"href":"https:\/\/espak.ee\/epood\/wp-json\/wp\/v2\/media\/68700"}],"wp:attachment":[{"href":"https:\/\/espak.ee\/epood\/wp-json\/wp\/v2\/media?parent=23689"}],"wp:term":[{"taxonomy":"product_brand","embeddable":true,"href":"https:\/\/espak.ee\/epood\/wp-json\/wp\/v2\/product_brand?post=23689"},{"taxonomy":"product_cat","embeddable":true,"href":"https:\/\/espak.ee\/epood\/wp-json\/wp\/v2\/product_cat?post=23689"},{"taxonomy":"product_tag","embeddable":true,"href":"https:\/\/espak.ee\/epood\/wp-json\/wp\/v2\/product_tag?post=23689"}],"curies":[{"name":"wp","href":"https:\/\/api.w.org\/{rel}","templated":true}]}}