{"id":236845,"date":"2025-05-13T05:11:32","date_gmt":"2025-05-13T02:11:32","guid":{"rendered":"https:\/\/espak.ee\/epood\/?post_type=product&#038;p=236845"},"modified":"2025-05-13T15:40:41","modified_gmt":"2025-05-13T12:40:41","slug":"toosokid-snickers-workwear-41-44","status":"publish","type":"product","link":"https:\/\/espak.ee\/epood\/toode\/toosokid-snickers-workwear-41-44\/","title":{"rendered":"T\u00d6\u00d6SOKID SNICKERS WORKWEAR 41\/44"},"content":{"rendered":"<div class=\"row\"  id=\"row-1953721875\">\n\n\t<div id=\"col-1696401231\" class=\"col medium-9 small-12 large-9\"  >\n\t\t\t\t<div class=\"col-inner\"  >\n\t\t\t\n\t\t\t\n<h3>SNICKERS WORKWEAR 37,5\u00ae sokid 41-44  <\/h3>\n<p>37,5\u00ae tehnoloogia aitab reguleerida jalgade mikrokliimat ja hoida optimaalset temperatuuri ja niiskustaset. See aitab hoida sooja ja aktiveerub jahutajana, kui jalgadel hakkab palav.<\/p>\n<div class=\"message-box relative\" style=\"padding-top:15px;padding-bottom:15px;\"><div class=\"message-box-bg-image bg-fill fill\" ><\/div><div class=\"message-box-bg-overlay bg-fill fill\" ><\/div><div class=\"container relative\"><div class=\"inner last-reset\">\n<div class=\"row align-middle align-center\"  id=\"row-2017922526\">\n\n\t<div id=\"col-861908835\" class=\"col small-12 large-12\"  >\n\t\t\t\t<div class=\"col-inner text-left\"  >\n\t\t\t\n\t\t\t\n<div class=\"row\"  id=\"row-315943181\">\n\n\t<div id=\"col-551840564\" class=\"col medium-6 small-12 large-6\"  >\n\t\t\t\t<div class=\"col-inner\"  >\n\t\t\t\n\t\t\t\n<p><i class=\"fa fa-check  fa-2x\"><\/i><strong> 37,5\u00ae mikrokliima regulatsioon<\/strong><\/p>\n<p><i class=\"fa fa-check  fa-2x\"><\/i><strong> Kerged ja vastupidavad<\/strong><\/p>\n\t\t<\/div>\n\t\t\t\t\n<style>\n#col-551840564 > .col-inner {\n  margin: 0px 0px 15px 0px;\n}\n<\/style>\n\t<\/div>\n\n\t\n\n\t<div id=\"col-1488470939\" class=\"col medium-6 small-12 large-6\"  >\n\t\t\t\t<div class=\"col-inner\"  >\n\t\t\t\n\t\t\t\n<p><i class=\"fa fa-check fa-2x\"><\/i><strong> Hingavad ja kiiresti kuivavad<\/strong><\/p>\n<p><i class=\"fa fa-check fa-2x\"><\/i><strong> Klassikalise s\u00e4\u00e4repikkusega<\/strong><\/p>\n\t\t<\/div>\n\t\t\t\t\n<style>\n#col-1488470939 > .col-inner {\n  margin: 0px 0px 15px 0px;\n}\n<\/style>\n\t<\/div>\n\n\t\n<\/div>\n\t\t<\/div>\n\t\t\t\t\t<\/div>\n\n\t\n<\/div>\n<\/div><\/div><\/div>\n\t<div id=\"gap-67367138\" class=\"gap-element clearfix\" style=\"display:block; height:auto;\">\n\t\t\n<style>\n#gap-67367138 {\n  padding-top: 30px;\n}\n<\/style>\n\t<\/div>\n\t\n<p>37.5\u00ae on murranguline tehnoloogia, millel ei ole v\u00f5rdv\u00e4\u00e4rset vastast \u00f5huvahetuse ja niiskusjuhtivuse osas. 37,5\u00ae kangas sisaldab looduslikke, kookosp\u00e4hklikoortest ja vulkaanilistest mineraalidest valmistatud aktiivseid osakesi, mis esmalt kinnistavad ja seej\u00e4rel juhivad eemale higistamisel tekkivat niiskusauru. Nimetatud aktiivsed osakesed tekitavad unikaalse liikumisj\u00f5u, mis suunab niiskusaurud eemale, ajavad selle suurele kangapinnale laiali, kust see kiiremini aurustuma saaks hakata.<\/p>\n<p>Kerge ja hea h\u00f5\u00f5rdumiskindlusega kangas kestab kaua. Vastupidavust lisavad tugevdatud varba- ja kannaosas.<\/p>\n<p>Materjal: 40% pol\u00fcamiid, 39% 37,5\u00ae pol\u00fcester, 19% pol\u00fcprop\u00fcleen, 2% elastaan.<\/p>\n<p>Lisaks tipptehnoloogilisele kangale aitab mikrokliima \u00f5huvahetusele kaasa ka spetsiaalsed \u00f5hukanalid talla all ja \u00f5hem v\u00f5rkstruktuur jalalaba peal.<br \/>\nKlassikalise s\u00e4\u00e4repikkusega sokid on elastsed ja naha vastas meeldivalt pehmed<br \/>\nParema ja vasaku jala sokid pisut erinevad \u00fcksteisest. J\u00e4rgige m\u00e4rgiseid R (Right: parem) ja L (Left: vasak), et tagada ergonoomiline mugavus.\n<\/p>\n\t\t<\/div>\n\t\t\t\t\t<\/div>\n\n\t\n\n\t<div id=\"col-1823878903\" class=\"col medium-3 small-12 large-3\"  >\n\t\t\t\t<div class=\"col-inner\"  >\n\t\t\t\n\t\t\t\n\t<div id=\"gap-1714476329\" class=\"gap-element clearfix\" style=\"display:block; height:auto;\">\n\t\t\n<style>\n#gap-1714476329 {\n  padding-top: 30px;\n}\n<\/style>\n\t<\/div>\n\t\n<p><strong>\u00dcksikasjalikuma n\u00f5u saamiseks v\u00f5tke \u00fchendust:<br \/><\/strong>Tamrex Ohutuse O\u00dc<br \/>Laki 5<br \/>10621<br \/>Tallinn<br \/>+372 654 9900<\/p>\n\t\t<\/div>\n\t\t\t\t\t<\/div>\n\n\t\n<\/div>\n","protected":false},"excerpt":{"rendered":"","protected":false},"featured_media":237057,"comment_status":"closed","ping_status":"closed","template":"","meta":[],"product_brand":[],"product_cat":[2788,3025,2972,3023],"product_tag":[],"class_list":{"0":"post-236845","1":"product","2":"type-product","3":"status-publish","4":"has-post-thumbnail","6":"product_cat-aiatarbed-ja-kodukaubad","7":"product_cat-riided","8":"product_cat-tookaitsevahendid","9":"product_cat-tooroivad","10":"pa_kaubamark-tamrex-ohutuse-ou","12":"first","13":"outofstock","14":"sale","15":"taxable","16":"shipping-taxable","17":"purchasable","18":"product-type-simple"},"yoast_head":"<!-- This site is optimized with the Yoast SEO plugin v26.9 - https:\/\/yoast.com\/product\/yoast-seo-wordpress\/ -->\n<title>T\u00d6\u00d6SOKID SNICKERS WORKWEAR 41\/44 - Espak E-pood<\/title>\n<meta name=\"robots\" content=\"index, follow, max-snippet:-1, max-image-preview:large, max-video-preview:-1\" \/>\n<link rel=\"canonical\" href=\"https:\/\/espak.ee\/epood\/toode\/toosokid-snickers-workwear-41-44\/\" \/>\n<meta property=\"og:locale\" content=\"et_EE\" \/>\n<meta property=\"og:type\" content=\"article\" \/>\n<meta property=\"og:title\" content=\"T\u00d6\u00d6SOKID SNICKERS WORKWEAR 41\/44 - Espak E-pood\" \/>\n<meta property=\"og:url\" content=\"https:\/\/espak.ee\/epood\/toode\/toosokid-snickers-workwear-41-44\/\" \/>\n<meta property=\"og:site_name\" content=\"Espak E-pood\" \/>\n<meta property=\"article:modified_time\" content=\"2025-05-13T12:40:41+00:00\" \/>\n<meta property=\"og:image\" content=\"https:\/\/espak.ee\/epood\/wp-content\/uploads\/2025\/05\/snickers-workwear-375R-sokid-2.jpg\" \/>\n\t<meta property=\"og:image:width\" content=\"1000\" \/>\n\t<meta property=\"og:image:height\" content=\"1000\" \/>\n\t<meta property=\"og:image:type\" content=\"image\/jpeg\" \/>\n<meta name=\"twitter:card\" content=\"summary_large_image\" \/>\n<meta name=\"twitter:label1\" content=\"Est. reading time\" \/>\n\t<meta name=\"twitter:data1\" content=\"1 minut\" \/>\n<script type=\"application\/ld+json\" class=\"yoast-schema-graph\">{\"@context\":\"https:\/\/schema.org\",\"@graph\":[{\"@type\":\"WebPage\",\"@id\":\"https:\/\/espak.ee\/epood\/toode\/toosokid-snickers-workwear-41-44\/\",\"url\":\"https:\/\/espak.ee\/epood\/toode\/toosokid-snickers-workwear-41-44\/\",\"name\":\"T\u00d6\u00d6SOKID SNICKERS WORKWEAR 41\/44 - Espak E-pood\",\"isPartOf\":{\"@id\":\"https:\/\/espak.ee\/epood\/#website\"},\"primaryImageOfPage\":{\"@id\":\"https:\/\/espak.ee\/epood\/toode\/toosokid-snickers-workwear-41-44\/#primaryimage\"},\"image\":{\"@id\":\"https:\/\/espak.ee\/epood\/toode\/toosokid-snickers-workwear-41-44\/#primaryimage\"},\"thumbnailUrl\":\"https:\/\/espak.ee\/epood\/wp-content\/uploads\/2025\/05\/snickers-workwear-375R-sokid-2.jpg\",\"datePublished\":\"2025-05-13T02:11:32+00:00\",\"dateModified\":\"2025-05-13T12:40:41+00:00\",\"breadcrumb\":{\"@id\":\"https:\/\/espak.ee\/epood\/toode\/toosokid-snickers-workwear-41-44\/#breadcrumb\"},\"inLanguage\":\"et\",\"potentialAction\":[{\"@type\":\"ReadAction\",\"target\":[\"https:\/\/espak.ee\/epood\/toode\/toosokid-snickers-workwear-41-44\/\"]}]},{\"@type\":\"ImageObject\",\"inLanguage\":\"et\",\"@id\":\"https:\/\/espak.ee\/epood\/toode\/toosokid-snickers-workwear-41-44\/#primaryimage\",\"url\":\"https:\/\/espak.ee\/epood\/wp-content\/uploads\/2025\/05\/snickers-workwear-375R-sokid-2.jpg\",\"contentUrl\":\"https:\/\/espak.ee\/epood\/wp-content\/uploads\/2025\/05\/snickers-workwear-375R-sokid-2.jpg\",\"width\":1000,\"height\":1000},{\"@type\":\"BreadcrumbList\",\"@id\":\"https:\/\/espak.ee\/epood\/toode\/toosokid-snickers-workwear-41-44\/#breadcrumb\",\"itemListElement\":[{\"@type\":\"ListItem\",\"position\":1,\"name\":\"Home\",\"item\":\"https:\/\/espak.ee\/epood\/\"},{\"@type\":\"ListItem\",\"position\":2,\"name\":\"Tootevalik\",\"item\":\"https:\/\/espak.ee\/epood\/tootevalik\/\"},{\"@type\":\"ListItem\",\"position\":3,\"name\":\"T\u00d6\u00d6SOKID SNICKERS WORKWEAR 41\/44\"}]},{\"@type\":\"WebSite\",\"@id\":\"https:\/\/espak.ee\/epood\/#website\",\"url\":\"https:\/\/espak.ee\/epood\/\",\"name\":\"Espak E-pood\",\"description\":\"\",\"potentialAction\":[{\"@type\":\"SearchAction\",\"target\":{\"@type\":\"EntryPoint\",\"urlTemplate\":\"https:\/\/espak.ee\/epood\/?s={search_term_string}\"},\"query-input\":{\"@type\":\"PropertyValueSpecification\",\"valueRequired\":true,\"valueName\":\"search_term_string\"}}],\"inLanguage\":\"et\"}]}<\/script>\n<!-- \/ Yoast SEO plugin. -->","yoast_head_json":{"title":"T\u00d6\u00d6SOKID SNICKERS WORKWEAR 41\/44 - Espak E-pood","robots":{"index":"index","follow":"follow","max-snippet":"max-snippet:-1","max-image-preview":"max-image-preview:large","max-video-preview":"max-video-preview:-1"},"canonical":"https:\/\/espak.ee\/epood\/toode\/toosokid-snickers-workwear-41-44\/","og_locale":"et_EE","og_type":"article","og_title":"T\u00d6\u00d6SOKID SNICKERS WORKWEAR 41\/44 - Espak E-pood","og_url":"https:\/\/espak.ee\/epood\/toode\/toosokid-snickers-workwear-41-44\/","og_site_name":"Espak E-pood","article_modified_time":"2025-05-13T12:40:41+00:00","og_image":[{"width":1000,"height":1000,"url":"https:\/\/espak.ee\/epood\/wp-content\/uploads\/2025\/05\/snickers-workwear-375R-sokid-2.jpg","type":"image\/jpeg"}],"twitter_card":"summary_large_image","twitter_misc":{"Est. reading time":"1 minut"},"schema":{"@context":"https:\/\/schema.org","@graph":[{"@type":"WebPage","@id":"https:\/\/espak.ee\/epood\/toode\/toosokid-snickers-workwear-41-44\/","url":"https:\/\/espak.ee\/epood\/toode\/toosokid-snickers-workwear-41-44\/","name":"T\u00d6\u00d6SOKID SNICKERS WORKWEAR 41\/44 - Espak E-pood","isPartOf":{"@id":"https:\/\/espak.ee\/epood\/#website"},"primaryImageOfPage":{"@id":"https:\/\/espak.ee\/epood\/toode\/toosokid-snickers-workwear-41-44\/#primaryimage"},"image":{"@id":"https:\/\/espak.ee\/epood\/toode\/toosokid-snickers-workwear-41-44\/#primaryimage"},"thumbnailUrl":"https:\/\/espak.ee\/epood\/wp-content\/uploads\/2025\/05\/snickers-workwear-375R-sokid-2.jpg","datePublished":"2025-05-13T02:11:32+00:00","dateModified":"2025-05-13T12:40:41+00:00","breadcrumb":{"@id":"https:\/\/espak.ee\/epood\/toode\/toosokid-snickers-workwear-41-44\/#breadcrumb"},"inLanguage":"et","potentialAction":[{"@type":"ReadAction","target":["https:\/\/espak.ee\/epood\/toode\/toosokid-snickers-workwear-41-44\/"]}]},{"@type":"ImageObject","inLanguage":"et","@id":"https:\/\/espak.ee\/epood\/toode\/toosokid-snickers-workwear-41-44\/#primaryimage","url":"https:\/\/espak.ee\/epood\/wp-content\/uploads\/2025\/05\/snickers-workwear-375R-sokid-2.jpg","contentUrl":"https:\/\/espak.ee\/epood\/wp-content\/uploads\/2025\/05\/snickers-workwear-375R-sokid-2.jpg","width":1000,"height":1000},{"@type":"BreadcrumbList","@id":"https:\/\/espak.ee\/epood\/toode\/toosokid-snickers-workwear-41-44\/#breadcrumb","itemListElement":[{"@type":"ListItem","position":1,"name":"Home","item":"https:\/\/espak.ee\/epood\/"},{"@type":"ListItem","position":2,"name":"Tootevalik","item":"https:\/\/espak.ee\/epood\/tootevalik\/"},{"@type":"ListItem","position":3,"name":"T\u00d6\u00d6SOKID SNICKERS WORKWEAR 41\/44"}]},{"@type":"WebSite","@id":"https:\/\/espak.ee\/epood\/#website","url":"https:\/\/espak.ee\/epood\/","name":"Espak E-pood","description":"","potentialAction":[{"@type":"SearchAction","target":{"@type":"EntryPoint","urlTemplate":"https:\/\/espak.ee\/epood\/?s={search_term_string}"},"query-input":{"@type":"PropertyValueSpecification","valueRequired":true,"valueName":"search_term_string"}}],"inLanguage":"et"}]}},"_links":{"self":[{"href":"https:\/\/espak.ee\/epood\/wp-json\/wp\/v2\/product\/236845","targetHints":{"allow":["GET"]}}],"collection":[{"href":"https:\/\/espak.ee\/epood\/wp-json\/wp\/v2\/product"}],"about":[{"href":"https:\/\/espak.ee\/epood\/wp-json\/wp\/v2\/types\/product"}],"replies":[{"embeddable":true,"href":"https:\/\/espak.ee\/epood\/wp-json\/wp\/v2\/comments?post=236845"}],"wp:featuredmedia":[{"embeddable":true,"href":"https:\/\/espak.ee\/epood\/wp-json\/wp\/v2\/media\/237057"}],"wp:attachment":[{"href":"https:\/\/espak.ee\/epood\/wp-json\/wp\/v2\/media?parent=236845"}],"wp:term":[{"taxonomy":"product_brand","embeddable":true,"href":"https:\/\/espak.ee\/epood\/wp-json\/wp\/v2\/product_brand?post=236845"},{"taxonomy":"product_cat","embeddable":true,"href":"https:\/\/espak.ee\/epood\/wp-json\/wp\/v2\/product_cat?post=236845"},{"taxonomy":"product_tag","embeddable":true,"href":"https:\/\/espak.ee\/epood\/wp-json\/wp\/v2\/product_tag?post=236845"}],"curies":[{"name":"wp","href":"https:\/\/api.w.org\/{rel}","templated":true}]}}