{"id":236808,"date":"2025-05-13T05:10:47","date_gmt":"2025-05-13T02:10:47","guid":{"rendered":"https:\/\/espak.ee\/epood\/?post_type=product&#038;p=236808"},"modified":"2025-05-13T16:03:57","modified_gmt":"2025-05-13T13:03:57","slug":"esmaabipakk-poletushaavadele-cederroth","status":"publish","type":"product","link":"https:\/\/espak.ee\/epood\/toode\/esmaabipakk-poletushaavadele-cederroth\/","title":{"rendered":"ESMAABIPAKK P\u00d5LETUSHAAVADELE CEDERROTH"},"content":{"rendered":"<div class=\"row\"  id=\"row-606005269\">\n\n\t<div id=\"col-1567657020\" class=\"col medium-9 small-12 large-9\"  >\n\t\t\t\t<div class=\"col-inner\"  >\n\t\t\t\n\t\t\t\n<h3>CEDERROTH p\u00f5letushaava esmaabikomplekt <\/h3>\n<p>Kompaktne ja mobiilne esmaabikomplekt, mis sisaldab tooteid p\u00f5letuste raviks. Burn Gel tooted jahutavad ning leevendavad valu esimese ja teise astme p\u00f5letuste korral. Komplektis olevad p\u00f5letusgeelikompressid on kolmes suuruses, sealhulgas suur 30\u00d740 cm kompress\/n\u00e4omask.<\/p>\n<div class=\"message-box relative\" style=\"padding-top:15px;padding-bottom:15px;\"><div class=\"message-box-bg-image bg-fill fill\" ><\/div><div class=\"message-box-bg-overlay bg-fill fill\" ><\/div><div class=\"container relative\"><div class=\"inner last-reset\">\n<div class=\"row align-middle align-center\"  id=\"row-1756127287\">\n\n\t<div id=\"col-1712526731\" class=\"col small-12 large-12\"  >\n\t\t\t\t<div class=\"col-inner text-left\"  >\n\t\t\t\n\t\t\t\n<div class=\"row\"  id=\"row-26900804\">\n\n\t<div id=\"col-817867273\" class=\"col medium-6 small-12 large-6\"  >\n\t\t\t\t<div class=\"col-inner\"  >\n\t\t\t\n\t\t\t\n<p><i class=\"fa fa-check  fa-2x\"><\/i><strong> Esmaabi p\u00f5letuste korral<\/strong><\/p>\n<p><i class=\"fa fa-check  fa-2x\"><\/i><strong> Lihtne kasutada selgete juhistega<\/strong><\/p>\n\t\t<\/div>\n\t\t\t\t\n<style>\n#col-817867273 > .col-inner {\n  margin: 0px 0px 15px 0px;\n}\n<\/style>\n\t<\/div>\n\n\t\n\n\t<div id=\"col-656254002\" class=\"col medium-6 small-12 large-6\"  >\n\t\t\t\t<div class=\"col-inner\"  >\n\t\t\t\n\t\t\t\n<p><i class=\"fa fa-check fa-2x\"><\/i><strong> Sobib t\u00f6\u00f6kohtadele, kus on k\u00f5rge p\u00f5letusoht<\/strong><\/p>\n\t\t<\/div>\n\t\t\t\t\n<style>\n#col-656254002 > .col-inner {\n  margin: 0px 0px 15px 0px;\n}\n<\/style>\n\t<\/div>\n\n\t\n<\/div>\n\t\t<\/div>\n\t\t\t\t\t<\/div>\n\n\t\n<\/div>\n<\/div><\/div><\/div>\n\t<div id=\"gap-65489219\" class=\"gap-element clearfix\" style=\"display:block; height:auto;\">\n\t\t\n<style>\n#gap-65489219 {\n  padding-top: 30px;\n}\n<\/style>\n\t<\/div>\n\t\n<p>Lihtne kasutada t\u00e4nu selgetele juhistele. Praktiline k\u00e4epide. T\u00f5hustatud n\u00e4htavuse tagamiseks on m\u00e4rgistatud leegis\u00fcmboliga ning varustatud oran\u017ei t\u00f5mblukuga. L\u00e4bipaistvad kokkupandavad taskud v\u00f5imaldavad komplekti sisu kiiret ja selget \u00fclevaadet.<\/p>\n<p>Sobib t\u00f6\u00f6kohtadele, kus on k\u00f5rge p\u00f5letusoht ning t\u00f6\u00f6tatakse avatud tule, leekide, kuumade pindade, auru, kuumade vedelike ja ahjudega. T\u00fc\u00fcpilised kasutusvaldkonnad on ehitus-, paberi-, metalli-, keemia- ja HoReCa-sektor.<\/p>\n<p><strong>Sisunimekiri:<\/strong><br \/>\n&#8211; P\u00f5letusgeel 100 ml 1 tk<br \/>\n&#8211; P\u00f5letusgeeliga haavalapid:<br \/>\n30&#215;40 cm n\u00e4ole 1tk<br \/>\n20&#215;20 cm 2 tk<br \/>\n10&#215;10 cm 4 tk<br \/>\n&#8211; R\u00f5hkside (neli \u00fches) 1 tk<br \/>\n&#8211; V\u00f5rkside 1 tk<br \/>\n&#8211; Elastikside 6 tk<br \/>\n&#8211; Kindad 2 pr<br \/>\n&#8211; K\u00e4\u00e4rid 1 tk<br \/>\n&#8211; Sisunimekiri 1 tk<br \/>\n&#8211; Esmaabi- ja p\u00f5letushaavajuhend (illustreeritud) 1 tk\n<\/p>\n\t\t<\/div>\n\t\t\t\t\t<\/div>\n\n\t\n\n\t<div id=\"col-1799222447\" class=\"col medium-3 small-12 large-3\"  >\n\t\t\t\t<div class=\"col-inner\"  >\n\t\t\t\n\t\t\t\n\t<div id=\"gap-1242770158\" class=\"gap-element clearfix\" style=\"display:block; height:auto;\">\n\t\t\n<style>\n#gap-1242770158 {\n  padding-top: 30px;\n}\n<\/style>\n\t<\/div>\n\t\n<p><strong>\u00dcksikasjalikuma n\u00f5u saamiseks v\u00f5tke \u00fchendust:<br \/><\/strong>Tamrex Ohutuse O\u00dc<br \/>Laki 5<br \/>10621<br \/>Tallinn<br \/>+372 654 9900<\/p>\n\t\t<\/div>\n\t\t\t\t\t<\/div>\n\n\t\n<\/div>\n","protected":false},"excerpt":{"rendered":"","protected":false},"featured_media":237062,"comment_status":"closed","ping_status":"closed","template":"","meta":[],"product_brand":[],"product_cat":[2788,2973,3036,2972],"product_tag":[],"class_list":{"0":"post-236808","1":"product","2":"type-product","3":"status-publish","4":"has-post-thumbnail","6":"product_cat-aiatarbed-ja-kodukaubad","7":"product_cat-isikukaitsevahendid","8":"product_cat-muud-isikukaitsevahendid","9":"product_cat-tookaitsevahendid","10":"pa_kaubamark-tamrex-ohutuse-ou","12":"first","13":"outofstock","14":"sale","15":"taxable","16":"shipping-taxable","17":"purchasable","18":"product-type-simple"},"yoast_head":"<!-- This site is optimized with the Yoast SEO plugin v26.9 - https:\/\/yoast.com\/product\/yoast-seo-wordpress\/ -->\n<title>ESMAABIPAKK P\u00d5LETUSHAAVADELE CEDERROTH - Espak E-pood<\/title>\n<meta name=\"robots\" content=\"index, follow, max-snippet:-1, max-image-preview:large, max-video-preview:-1\" \/>\n<link rel=\"canonical\" href=\"https:\/\/espak.ee\/epood\/toode\/esmaabipakk-poletushaavadele-cederroth\/\" \/>\n<meta property=\"og:locale\" content=\"et_EE\" \/>\n<meta property=\"og:type\" content=\"article\" \/>\n<meta property=\"og:title\" content=\"ESMAABIPAKK P\u00d5LETUSHAAVADELE CEDERROTH - Espak E-pood\" \/>\n<meta property=\"og:url\" content=\"https:\/\/espak.ee\/epood\/toode\/esmaabipakk-poletushaavadele-cederroth\/\" \/>\n<meta property=\"og:site_name\" content=\"Espak E-pood\" \/>\n<meta property=\"article:modified_time\" content=\"2025-05-13T13:03:57+00:00\" \/>\n<meta property=\"og:image\" content=\"https:\/\/espak.ee\/epood\/wp-content\/uploads\/2025\/05\/cederroth-poletushaava-esmaabikomplekt.jpg\" \/>\n\t<meta property=\"og:image:width\" content=\"1000\" \/>\n\t<meta property=\"og:image:height\" content=\"1000\" \/>\n\t<meta property=\"og:image:type\" content=\"image\/jpeg\" \/>\n<meta name=\"twitter:card\" content=\"summary_large_image\" \/>\n<meta name=\"twitter:label1\" content=\"Est. reading time\" \/>\n\t<meta name=\"twitter:data1\" content=\"1 minut\" \/>\n<script type=\"application\/ld+json\" class=\"yoast-schema-graph\">{\"@context\":\"https:\/\/schema.org\",\"@graph\":[{\"@type\":\"WebPage\",\"@id\":\"https:\/\/espak.ee\/epood\/toode\/esmaabipakk-poletushaavadele-cederroth\/\",\"url\":\"https:\/\/espak.ee\/epood\/toode\/esmaabipakk-poletushaavadele-cederroth\/\",\"name\":\"ESMAABIPAKK P\u00d5LETUSHAAVADELE CEDERROTH - Espak E-pood\",\"isPartOf\":{\"@id\":\"https:\/\/espak.ee\/epood\/#website\"},\"primaryImageOfPage\":{\"@id\":\"https:\/\/espak.ee\/epood\/toode\/esmaabipakk-poletushaavadele-cederroth\/#primaryimage\"},\"image\":{\"@id\":\"https:\/\/espak.ee\/epood\/toode\/esmaabipakk-poletushaavadele-cederroth\/#primaryimage\"},\"thumbnailUrl\":\"https:\/\/espak.ee\/epood\/wp-content\/uploads\/2025\/05\/cederroth-poletushaava-esmaabikomplekt.jpg\",\"datePublished\":\"2025-05-13T02:10:47+00:00\",\"dateModified\":\"2025-05-13T13:03:57+00:00\",\"breadcrumb\":{\"@id\":\"https:\/\/espak.ee\/epood\/toode\/esmaabipakk-poletushaavadele-cederroth\/#breadcrumb\"},\"inLanguage\":\"et\",\"potentialAction\":[{\"@type\":\"ReadAction\",\"target\":[\"https:\/\/espak.ee\/epood\/toode\/esmaabipakk-poletushaavadele-cederroth\/\"]}]},{\"@type\":\"ImageObject\",\"inLanguage\":\"et\",\"@id\":\"https:\/\/espak.ee\/epood\/toode\/esmaabipakk-poletushaavadele-cederroth\/#primaryimage\",\"url\":\"https:\/\/espak.ee\/epood\/wp-content\/uploads\/2025\/05\/cederroth-poletushaava-esmaabikomplekt.jpg\",\"contentUrl\":\"https:\/\/espak.ee\/epood\/wp-content\/uploads\/2025\/05\/cederroth-poletushaava-esmaabikomplekt.jpg\",\"width\":1000,\"height\":1000},{\"@type\":\"BreadcrumbList\",\"@id\":\"https:\/\/espak.ee\/epood\/toode\/esmaabipakk-poletushaavadele-cederroth\/#breadcrumb\",\"itemListElement\":[{\"@type\":\"ListItem\",\"position\":1,\"name\":\"Home\",\"item\":\"https:\/\/espak.ee\/epood\/\"},{\"@type\":\"ListItem\",\"position\":2,\"name\":\"Tootevalik\",\"item\":\"https:\/\/espak.ee\/epood\/tootevalik\/\"},{\"@type\":\"ListItem\",\"position\":3,\"name\":\"ESMAABIPAKK P\u00d5LETUSHAAVADELE CEDERROTH\"}]},{\"@type\":\"WebSite\",\"@id\":\"https:\/\/espak.ee\/epood\/#website\",\"url\":\"https:\/\/espak.ee\/epood\/\",\"name\":\"Espak E-pood\",\"description\":\"\",\"potentialAction\":[{\"@type\":\"SearchAction\",\"target\":{\"@type\":\"EntryPoint\",\"urlTemplate\":\"https:\/\/espak.ee\/epood\/?s={search_term_string}\"},\"query-input\":{\"@type\":\"PropertyValueSpecification\",\"valueRequired\":true,\"valueName\":\"search_term_string\"}}],\"inLanguage\":\"et\"}]}<\/script>\n<!-- \/ Yoast SEO plugin. -->","yoast_head_json":{"title":"ESMAABIPAKK P\u00d5LETUSHAAVADELE CEDERROTH - Espak E-pood","robots":{"index":"index","follow":"follow","max-snippet":"max-snippet:-1","max-image-preview":"max-image-preview:large","max-video-preview":"max-video-preview:-1"},"canonical":"https:\/\/espak.ee\/epood\/toode\/esmaabipakk-poletushaavadele-cederroth\/","og_locale":"et_EE","og_type":"article","og_title":"ESMAABIPAKK P\u00d5LETUSHAAVADELE CEDERROTH - Espak E-pood","og_url":"https:\/\/espak.ee\/epood\/toode\/esmaabipakk-poletushaavadele-cederroth\/","og_site_name":"Espak E-pood","article_modified_time":"2025-05-13T13:03:57+00:00","og_image":[{"width":1000,"height":1000,"url":"https:\/\/espak.ee\/epood\/wp-content\/uploads\/2025\/05\/cederroth-poletushaava-esmaabikomplekt.jpg","type":"image\/jpeg"}],"twitter_card":"summary_large_image","twitter_misc":{"Est. reading time":"1 minut"},"schema":{"@context":"https:\/\/schema.org","@graph":[{"@type":"WebPage","@id":"https:\/\/espak.ee\/epood\/toode\/esmaabipakk-poletushaavadele-cederroth\/","url":"https:\/\/espak.ee\/epood\/toode\/esmaabipakk-poletushaavadele-cederroth\/","name":"ESMAABIPAKK P\u00d5LETUSHAAVADELE CEDERROTH - Espak E-pood","isPartOf":{"@id":"https:\/\/espak.ee\/epood\/#website"},"primaryImageOfPage":{"@id":"https:\/\/espak.ee\/epood\/toode\/esmaabipakk-poletushaavadele-cederroth\/#primaryimage"},"image":{"@id":"https:\/\/espak.ee\/epood\/toode\/esmaabipakk-poletushaavadele-cederroth\/#primaryimage"},"thumbnailUrl":"https:\/\/espak.ee\/epood\/wp-content\/uploads\/2025\/05\/cederroth-poletushaava-esmaabikomplekt.jpg","datePublished":"2025-05-13T02:10:47+00:00","dateModified":"2025-05-13T13:03:57+00:00","breadcrumb":{"@id":"https:\/\/espak.ee\/epood\/toode\/esmaabipakk-poletushaavadele-cederroth\/#breadcrumb"},"inLanguage":"et","potentialAction":[{"@type":"ReadAction","target":["https:\/\/espak.ee\/epood\/toode\/esmaabipakk-poletushaavadele-cederroth\/"]}]},{"@type":"ImageObject","inLanguage":"et","@id":"https:\/\/espak.ee\/epood\/toode\/esmaabipakk-poletushaavadele-cederroth\/#primaryimage","url":"https:\/\/espak.ee\/epood\/wp-content\/uploads\/2025\/05\/cederroth-poletushaava-esmaabikomplekt.jpg","contentUrl":"https:\/\/espak.ee\/epood\/wp-content\/uploads\/2025\/05\/cederroth-poletushaava-esmaabikomplekt.jpg","width":1000,"height":1000},{"@type":"BreadcrumbList","@id":"https:\/\/espak.ee\/epood\/toode\/esmaabipakk-poletushaavadele-cederroth\/#breadcrumb","itemListElement":[{"@type":"ListItem","position":1,"name":"Home","item":"https:\/\/espak.ee\/epood\/"},{"@type":"ListItem","position":2,"name":"Tootevalik","item":"https:\/\/espak.ee\/epood\/tootevalik\/"},{"@type":"ListItem","position":3,"name":"ESMAABIPAKK P\u00d5LETUSHAAVADELE CEDERROTH"}]},{"@type":"WebSite","@id":"https:\/\/espak.ee\/epood\/#website","url":"https:\/\/espak.ee\/epood\/","name":"Espak E-pood","description":"","potentialAction":[{"@type":"SearchAction","target":{"@type":"EntryPoint","urlTemplate":"https:\/\/espak.ee\/epood\/?s={search_term_string}"},"query-input":{"@type":"PropertyValueSpecification","valueRequired":true,"valueName":"search_term_string"}}],"inLanguage":"et"}]}},"_links":{"self":[{"href":"https:\/\/espak.ee\/epood\/wp-json\/wp\/v2\/product\/236808","targetHints":{"allow":["GET"]}}],"collection":[{"href":"https:\/\/espak.ee\/epood\/wp-json\/wp\/v2\/product"}],"about":[{"href":"https:\/\/espak.ee\/epood\/wp-json\/wp\/v2\/types\/product"}],"replies":[{"embeddable":true,"href":"https:\/\/espak.ee\/epood\/wp-json\/wp\/v2\/comments?post=236808"}],"wp:featuredmedia":[{"embeddable":true,"href":"https:\/\/espak.ee\/epood\/wp-json\/wp\/v2\/media\/237062"}],"wp:attachment":[{"href":"https:\/\/espak.ee\/epood\/wp-json\/wp\/v2\/media?parent=236808"}],"wp:term":[{"taxonomy":"product_brand","embeddable":true,"href":"https:\/\/espak.ee\/epood\/wp-json\/wp\/v2\/product_brand?post=236808"},{"taxonomy":"product_cat","embeddable":true,"href":"https:\/\/espak.ee\/epood\/wp-json\/wp\/v2\/product_cat?post=236808"},{"taxonomy":"product_tag","embeddable":true,"href":"https:\/\/espak.ee\/epood\/wp-json\/wp\/v2\/product_tag?post=236808"}],"curies":[{"name":"wp","href":"https:\/\/api.w.org\/{rel}","templated":true}]}}