{"id":236768,"date":"2025-05-13T05:10:01","date_gmt":"2025-05-13T02:10:01","guid":{"rendered":"https:\/\/espak.ee\/epood\/?post_type=product&#038;p=236768"},"modified":"2026-02-20T13:08:45","modified_gmt":"2026-02-20T11:08:45","slug":"a-kvaliteet-kitsenahast-tookindad-kropsrandmega-nr-11","status":"publish","type":"product","link":"https:\/\/espak.ee\/epood\/toode\/a-kvaliteet-kitsenahast-tookindad-kropsrandmega-nr-11\/","title":{"rendered":"A+ KVALITEET KITSENAHAST T\u00d6\u00d6KINDAD KR\u00d5PSRANDMEGA  NR 11"},"content":{"rendered":"<div class=\"row\"  id=\"row-674821251\">\n\n\t<div id=\"col-1971392038\" class=\"col medium-9 small-12 large-9\"  >\n\t\t\t\t<div class=\"col-inner\"  >\n\t\t\t\n\t\t\t\n<h2>TAMREX A+kvaliteet-kitsenahast t\u00f6\u00f6kindad kr\u00f5psrandmega nr 11 <\/h2>\n<p>Maailma parimad nahast t\u00f6\u00f6kindad kr\u00f5psrandmega! \u00d5hukesed, suurep\u00e4rase puutetundlikkuse ja v\u00e4ga hea vastupidavusega kindad on tehtud eriti kvaliteetsest A+ klassi kitsenahast. Mugavust lisavad nailonist k\u00e4eselg, kaetud nimetiss\u00f5rm, nahast s\u00f5rmeotsad ja kr\u00f5pskinnitus randmel.<br \/>\n<div class=\"is-divider divider clearfix\" ><\/div>\nPange need t\u00f6\u00f6kindad proovile, t\u00f5en\u00e4oliselt saavad neist teie lemmikud!<\/p>\n<p>Parimast, auhinnatud A+ klassi kitsenahast valmistatud hea haardega kindad kuuluvad vaid 8% nii hea kvaliteediga nahkkinnaste hulka. Nii nagu inimese nahkki pole veatu, on keeruline leida ideaalse nahaga looma. Ikka on siin-seal elujooksul saadud armid ja vigastused, mis paratamatult m\u00f5jutavad ka nahast toodete kvaliteeti. Need kindad on valmistatud v\u00e4ga hoolikalt valitud tervest ja ilusast nahast. Nahk on p\u00e4rit looma seljaosast, kus see k\u00f5ige tugem on, tagades ka kinnaste parema vastupidavuse.<\/p>\n<p>Vaatamata sellele, et tegemist on v\u00e4ga \u00f5hukeste kinnastega on need elastsemad, kulumiskindlamad, tugevamaks ja vettpidavamad (samuti ei l\u00e4he m\u00e4rjana libedaks), kui enamik isegi paksemast nahast kindaid.<\/p>\n<p>Kuna kindad on v\u00e4ga \u00f5hukesed, annavad need hea nahal\u00e4hedase kogemuse ja suurep\u00e4rase puutetundlikkuse. S\u00f5rmede vahele lisatud nailonist vahet\u00fckid lisavad mugavust ja 3D l\u00f5ige tagab hea istuvuse. Kr\u00f5pskinnitusega randmeosa fikseerib kinda paremini k\u00e4tte.<\/p>\n<p>Oleme t\u00e4helepanu p\u00f6\u00f6ranud ka kindasisestele \u00f5mblustele, et need ei tunduks k\u00e4e vastas rabedad ega ebamugavad, samuti oleme kasutanud kvailteetset ja head niiti.<\/p>\n<p>Ostke need kindad ja te ei kahetse, vastupidi hingate kergendatult, sest l\u00f5puks on hea kinda otsingud teie jaoks l\u00f5ppenud. Need n\u00e4gusad kindad on eelistatuim valik tootmisest kuni kodumajapidamiseni, pange need autosse, v\u00f5tke kaasa kui spordite jne.<\/p>\n<p>Kuna teame, et need on parimad nahkkindad, pakume neid k\u00f5igile, suurusevahemikus 4 \u2013 12 ehk lastele, naistele, meestele ja eriti suurte k\u00e4tega t\u00f6\u00f6tegijatele.<\/p>\n<p>Tegemist on t\u00f6\u00f6kinnastega, mis kaitsevad t\u00f6\u00f6tegijat mehaaniliste ohtude eest (Kat 2), mis t\u00e4hendab, et kinnaste kaitseomadusi on testitud ja tulemused teada (k\u00f5ik tootmisettev\u00f5tted).<\/p>\n<p><strong>Materjalid:<\/strong> Eriti kvaliteetne, auhinnatud A+ klassi kitsenahk; hall nailonist k\u00e4eselg. <\/p>\n<p><strong>Standardid:<\/strong> EN420; EN388:2016 (2.1.1.1.X); Kat 2; CE.\n<\/p>\n\t<div id=\"gap-888830261\" class=\"gap-element clearfix\" style=\"display:block; height:auto;\">\n\t\t\n<style>\n#gap-888830261 {\n  padding-top: 30px;\n}\n<\/style>\n\t<\/div>\n\t\n\t\t<\/div>\n\t\t\t\t\t<\/div>\n\n\t\n\n\t<div id=\"col-682966184\" class=\"col medium-3 small-12 large-3\"  >\n\t\t\t\t<div class=\"col-inner\"  >\n\t\t\t\n\t\t\t\n\t<div id=\"gap-1645075580\" class=\"gap-element clearfix\" style=\"display:block; height:auto;\">\n\t\t\n<style>\n#gap-1645075580 {\n  padding-top: 30px;\n}\n<\/style>\n\t<\/div>\n\t\n<div class=\"is-divider divider clearfix\" ><\/div>\n<p><strong>\u00dcksikasjalikuma n\u00f5u saamiseks v\u00f5tke \u00fchendust:<br \/><\/strong>Tamrex Ohutuse O\u00dc<br \/>Laki 5<br \/>10621<br \/>Tallinn<br \/>+372 654 9900<\/p>\n<div class=\"is-divider divider clearfix\" ><\/div>\n\t\t<\/div>\n\t\t\t\t\t<\/div>\n\n\t\n<\/div>\n","protected":false},"excerpt":{"rendered":"","protected":false},"featured_media":237047,"comment_status":"closed","ping_status":"closed","template":"","meta":[],"product_brand":[],"product_cat":[2788,2976,3018,2972],"product_tag":[],"class_list":{"0":"post-236768","1":"product","2":"type-product","3":"status-publish","4":"has-post-thumbnail","6":"product_cat-aiatarbed-ja-kodukaubad","7":"product_cat-kindad","8":"product_cat-tekstiilkindad","9":"product_cat-tookaitsevahendid","10":"pa_kaubamark-tamrex-ohutuse-ou","12":"first","13":"instock","14":"sale","15":"taxable","16":"shipping-taxable","17":"purchasable","18":"product-type-simple"},"yoast_head":"<!-- This site is optimized with the Yoast SEO plugin v26.9 - https:\/\/yoast.com\/product\/yoast-seo-wordpress\/ -->\n<title>A+ KVALITEET KITSENAHAST T\u00d6\u00d6KINDAD KR\u00d5PSRANDMEGA NR 11 - Espak E-pood<\/title>\n<meta name=\"robots\" content=\"index, follow, max-snippet:-1, max-image-preview:large, max-video-preview:-1\" \/>\n<link rel=\"canonical\" href=\"https:\/\/espak.ee\/epood\/toode\/a-kvaliteet-kitsenahast-tookindad-kropsrandmega-nr-11\/\" \/>\n<meta property=\"og:locale\" content=\"et_EE\" \/>\n<meta property=\"og:type\" content=\"article\" \/>\n<meta property=\"og:title\" content=\"A+ KVALITEET KITSENAHAST T\u00d6\u00d6KINDAD KR\u00d5PSRANDMEGA NR 11 - Espak E-pood\" \/>\n<meta property=\"og:url\" content=\"https:\/\/espak.ee\/epood\/toode\/a-kvaliteet-kitsenahast-tookindad-kropsrandmega-nr-11\/\" \/>\n<meta property=\"og:site_name\" content=\"Espak E-pood\" \/>\n<meta property=\"article:modified_time\" content=\"2026-02-20T11:08:45+00:00\" \/>\n<meta property=\"og:image\" content=\"https:\/\/espak.ee\/epood\/wp-content\/uploads\/2025\/05\/tamrex-akvaliteet-kitsenahast-tookindad-kropsrandmega-outlet-2.jpg\" \/>\n\t<meta property=\"og:image:width\" content=\"1000\" \/>\n\t<meta property=\"og:image:height\" content=\"1000\" \/>\n\t<meta property=\"og:image:type\" content=\"image\/jpeg\" \/>\n<meta name=\"twitter:card\" content=\"summary_large_image\" \/>\n<meta name=\"twitter:label1\" content=\"Est. reading time\" \/>\n\t<meta name=\"twitter:data1\" content=\"2 minutit\" \/>\n<script type=\"application\/ld+json\" class=\"yoast-schema-graph\">{\"@context\":\"https:\/\/schema.org\",\"@graph\":[{\"@type\":\"WebPage\",\"@id\":\"https:\/\/espak.ee\/epood\/toode\/a-kvaliteet-kitsenahast-tookindad-kropsrandmega-nr-11\/\",\"url\":\"https:\/\/espak.ee\/epood\/toode\/a-kvaliteet-kitsenahast-tookindad-kropsrandmega-nr-11\/\",\"name\":\"A+ KVALITEET KITSENAHAST T\u00d6\u00d6KINDAD KR\u00d5PSRANDMEGA NR 11 - Espak E-pood\",\"isPartOf\":{\"@id\":\"https:\/\/espak.ee\/epood\/#website\"},\"primaryImageOfPage\":{\"@id\":\"https:\/\/espak.ee\/epood\/toode\/a-kvaliteet-kitsenahast-tookindad-kropsrandmega-nr-11\/#primaryimage\"},\"image\":{\"@id\":\"https:\/\/espak.ee\/epood\/toode\/a-kvaliteet-kitsenahast-tookindad-kropsrandmega-nr-11\/#primaryimage\"},\"thumbnailUrl\":\"https:\/\/espak.ee\/epood\/wp-content\/uploads\/2025\/05\/tamrex-akvaliteet-kitsenahast-tookindad-kropsrandmega-outlet-2.jpg\",\"datePublished\":\"2025-05-13T02:10:01+00:00\",\"dateModified\":\"2026-02-20T11:08:45+00:00\",\"breadcrumb\":{\"@id\":\"https:\/\/espak.ee\/epood\/toode\/a-kvaliteet-kitsenahast-tookindad-kropsrandmega-nr-11\/#breadcrumb\"},\"inLanguage\":\"et\",\"potentialAction\":[{\"@type\":\"ReadAction\",\"target\":[\"https:\/\/espak.ee\/epood\/toode\/a-kvaliteet-kitsenahast-tookindad-kropsrandmega-nr-11\/\"]}]},{\"@type\":\"ImageObject\",\"inLanguage\":\"et\",\"@id\":\"https:\/\/espak.ee\/epood\/toode\/a-kvaliteet-kitsenahast-tookindad-kropsrandmega-nr-11\/#primaryimage\",\"url\":\"https:\/\/espak.ee\/epood\/wp-content\/uploads\/2025\/05\/tamrex-akvaliteet-kitsenahast-tookindad-kropsrandmega-outlet-2.jpg\",\"contentUrl\":\"https:\/\/espak.ee\/epood\/wp-content\/uploads\/2025\/05\/tamrex-akvaliteet-kitsenahast-tookindad-kropsrandmega-outlet-2.jpg\",\"width\":1000,\"height\":1000},{\"@type\":\"BreadcrumbList\",\"@id\":\"https:\/\/espak.ee\/epood\/toode\/a-kvaliteet-kitsenahast-tookindad-kropsrandmega-nr-11\/#breadcrumb\",\"itemListElement\":[{\"@type\":\"ListItem\",\"position\":1,\"name\":\"Home\",\"item\":\"https:\/\/espak.ee\/epood\/\"},{\"@type\":\"ListItem\",\"position\":2,\"name\":\"Tootevalik\",\"item\":\"https:\/\/espak.ee\/epood\/tootevalik\/\"},{\"@type\":\"ListItem\",\"position\":3,\"name\":\"A+ KVALITEET KITSENAHAST T\u00d6\u00d6KINDAD KR\u00d5PSRANDMEGA NR 11\"}]},{\"@type\":\"WebSite\",\"@id\":\"https:\/\/espak.ee\/epood\/#website\",\"url\":\"https:\/\/espak.ee\/epood\/\",\"name\":\"Espak E-pood\",\"description\":\"\",\"potentialAction\":[{\"@type\":\"SearchAction\",\"target\":{\"@type\":\"EntryPoint\",\"urlTemplate\":\"https:\/\/espak.ee\/epood\/?s={search_term_string}\"},\"query-input\":{\"@type\":\"PropertyValueSpecification\",\"valueRequired\":true,\"valueName\":\"search_term_string\"}}],\"inLanguage\":\"et\"}]}<\/script>\n<!-- \/ Yoast SEO plugin. -->","yoast_head_json":{"title":"A+ KVALITEET KITSENAHAST T\u00d6\u00d6KINDAD KR\u00d5PSRANDMEGA NR 11 - Espak E-pood","robots":{"index":"index","follow":"follow","max-snippet":"max-snippet:-1","max-image-preview":"max-image-preview:large","max-video-preview":"max-video-preview:-1"},"canonical":"https:\/\/espak.ee\/epood\/toode\/a-kvaliteet-kitsenahast-tookindad-kropsrandmega-nr-11\/","og_locale":"et_EE","og_type":"article","og_title":"A+ KVALITEET KITSENAHAST T\u00d6\u00d6KINDAD KR\u00d5PSRANDMEGA NR 11 - Espak E-pood","og_url":"https:\/\/espak.ee\/epood\/toode\/a-kvaliteet-kitsenahast-tookindad-kropsrandmega-nr-11\/","og_site_name":"Espak E-pood","article_modified_time":"2026-02-20T11:08:45+00:00","og_image":[{"width":1000,"height":1000,"url":"https:\/\/espak.ee\/epood\/wp-content\/uploads\/2025\/05\/tamrex-akvaliteet-kitsenahast-tookindad-kropsrandmega-outlet-2.jpg","type":"image\/jpeg"}],"twitter_card":"summary_large_image","twitter_misc":{"Est. reading time":"2 minutit"},"schema":{"@context":"https:\/\/schema.org","@graph":[{"@type":"WebPage","@id":"https:\/\/espak.ee\/epood\/toode\/a-kvaliteet-kitsenahast-tookindad-kropsrandmega-nr-11\/","url":"https:\/\/espak.ee\/epood\/toode\/a-kvaliteet-kitsenahast-tookindad-kropsrandmega-nr-11\/","name":"A+ KVALITEET KITSENAHAST T\u00d6\u00d6KINDAD KR\u00d5PSRANDMEGA NR 11 - Espak E-pood","isPartOf":{"@id":"https:\/\/espak.ee\/epood\/#website"},"primaryImageOfPage":{"@id":"https:\/\/espak.ee\/epood\/toode\/a-kvaliteet-kitsenahast-tookindad-kropsrandmega-nr-11\/#primaryimage"},"image":{"@id":"https:\/\/espak.ee\/epood\/toode\/a-kvaliteet-kitsenahast-tookindad-kropsrandmega-nr-11\/#primaryimage"},"thumbnailUrl":"https:\/\/espak.ee\/epood\/wp-content\/uploads\/2025\/05\/tamrex-akvaliteet-kitsenahast-tookindad-kropsrandmega-outlet-2.jpg","datePublished":"2025-05-13T02:10:01+00:00","dateModified":"2026-02-20T11:08:45+00:00","breadcrumb":{"@id":"https:\/\/espak.ee\/epood\/toode\/a-kvaliteet-kitsenahast-tookindad-kropsrandmega-nr-11\/#breadcrumb"},"inLanguage":"et","potentialAction":[{"@type":"ReadAction","target":["https:\/\/espak.ee\/epood\/toode\/a-kvaliteet-kitsenahast-tookindad-kropsrandmega-nr-11\/"]}]},{"@type":"ImageObject","inLanguage":"et","@id":"https:\/\/espak.ee\/epood\/toode\/a-kvaliteet-kitsenahast-tookindad-kropsrandmega-nr-11\/#primaryimage","url":"https:\/\/espak.ee\/epood\/wp-content\/uploads\/2025\/05\/tamrex-akvaliteet-kitsenahast-tookindad-kropsrandmega-outlet-2.jpg","contentUrl":"https:\/\/espak.ee\/epood\/wp-content\/uploads\/2025\/05\/tamrex-akvaliteet-kitsenahast-tookindad-kropsrandmega-outlet-2.jpg","width":1000,"height":1000},{"@type":"BreadcrumbList","@id":"https:\/\/espak.ee\/epood\/toode\/a-kvaliteet-kitsenahast-tookindad-kropsrandmega-nr-11\/#breadcrumb","itemListElement":[{"@type":"ListItem","position":1,"name":"Home","item":"https:\/\/espak.ee\/epood\/"},{"@type":"ListItem","position":2,"name":"Tootevalik","item":"https:\/\/espak.ee\/epood\/tootevalik\/"},{"@type":"ListItem","position":3,"name":"A+ KVALITEET KITSENAHAST T\u00d6\u00d6KINDAD KR\u00d5PSRANDMEGA NR 11"}]},{"@type":"WebSite","@id":"https:\/\/espak.ee\/epood\/#website","url":"https:\/\/espak.ee\/epood\/","name":"Espak E-pood","description":"","potentialAction":[{"@type":"SearchAction","target":{"@type":"EntryPoint","urlTemplate":"https:\/\/espak.ee\/epood\/?s={search_term_string}"},"query-input":{"@type":"PropertyValueSpecification","valueRequired":true,"valueName":"search_term_string"}}],"inLanguage":"et"}]}},"_links":{"self":[{"href":"https:\/\/espak.ee\/epood\/wp-json\/wp\/v2\/product\/236768","targetHints":{"allow":["GET"]}}],"collection":[{"href":"https:\/\/espak.ee\/epood\/wp-json\/wp\/v2\/product"}],"about":[{"href":"https:\/\/espak.ee\/epood\/wp-json\/wp\/v2\/types\/product"}],"replies":[{"embeddable":true,"href":"https:\/\/espak.ee\/epood\/wp-json\/wp\/v2\/comments?post=236768"}],"wp:featuredmedia":[{"embeddable":true,"href":"https:\/\/espak.ee\/epood\/wp-json\/wp\/v2\/media\/237047"}],"wp:attachment":[{"href":"https:\/\/espak.ee\/epood\/wp-json\/wp\/v2\/media?parent=236768"}],"wp:term":[{"taxonomy":"product_brand","embeddable":true,"href":"https:\/\/espak.ee\/epood\/wp-json\/wp\/v2\/product_brand?post=236768"},{"taxonomy":"product_cat","embeddable":true,"href":"https:\/\/espak.ee\/epood\/wp-json\/wp\/v2\/product_cat?post=236768"},{"taxonomy":"product_tag","embeddable":true,"href":"https:\/\/espak.ee\/epood\/wp-json\/wp\/v2\/product_tag?post=236768"}],"curies":[{"name":"wp","href":"https:\/\/api.w.org\/{rel}","templated":true}]}}