{"id":236394,"date":"2025-05-08T05:10:02","date_gmt":"2025-05-08T02:10:02","guid":{"rendered":"https:\/\/espak.ee\/epood\/?post_type=product&#038;p=236394"},"modified":"2026-03-05T13:17:30","modified_gmt":"2026-03-05T11:17:30","slug":"bio-kompost-20l-matogard","status":"publish","type":"product","link":"https:\/\/espak.ee\/epood\/toode\/bio-kompost-20l-matogard\/","title":{"rendered":"BIO KOMPOST 20L MATOGARD"},"content":{"rendered":"<div class=\"row\"  id=\"row-4149463\">\n\n\t<div id=\"col-861925384\" class=\"col medium-9 small-12 large-9\"  >\n\t\t\t\t<div class=\"col-inner\"  >\n\t\t\t\n\t\t\t\n<h3>Bio kompost Matogard 20L<\/h3>\n<p>Matogard O\u00dc BIO-Kompost on hobuses\u00f5nnikust biotehnoloogiliselt valmistatud taimetoitainete- ja mikroorganismiderikas orgaaniline v\u00e4etis.<\/p>\n<p>ORGAANILINE V\u00c4ETIS.<br \/>\nLUBATUD KASUTADA MAHETOOTMISES. Toode vastab EU m\u00e4\u00e4rusele (EC) Nr 2021\/1165<\/p>\n<p><strong>BIO-KOMPOSTI t\u00e4htsus:<\/strong><br \/>\n\u2013 Suurendab mullaviljakust. Taimetoitained on kompostis seotud vormis ja vabanevad pika aja jooksul. Kastmis- ja sadeveed ei uhu toitaineid mullast v\u00e4lja.<br \/>\n\u2013 Suurendab mulla bioloogilist aktiivsust. Aktiviseerib mulla mikro- (bakterid,seened jt.) ja makrobioloogiline (putukad, vihmaussid jt.) elu.<br \/>\n\u2013 Parandab mullaomadusi. Rasked mullad muutuvad komposti m\u00f5jul kobedamaks ja kerged mullad sidusamaks. Soodustab mulla vee-, \u00f5hu-, soojus- ja toitereziimi paranemist.<\/p>\n<p><strong>Kasutamine: <\/strong><br \/>\n\u2013 p\u00f5llu \u2013 ja aiakultuuride v\u00e4etamine 3-8 l \/ m\u00b2<br \/>\n\u2013 viljapuude ja marjap\u00f5\u00f5saste istutamiseks ja kasvuaegne v\u00e4etamine 5-10 l\/ istikule<br \/>\n\u2013 ilupuude \u2013ja p\u00f5\u00f5saste istutamine ja kasvuaegne v\u00e4etamine 2-10 l\/ istikule<br \/>\n\u2013 suve- ja p\u00fcsilillede v\u00e4etamine 3-8 l \/ m\u00b2<br \/>\n\u2013 muru rajamine ja hooldusv\u00e4etus 1-5 l \/ m\u00b2<br \/>\n\u2013 k\u00fclvi- ja istutusmuldade valmistamine kuni 20% istutussegust<br \/>\nKasutusnormid s\u00f5ltuvad v\u00e4etatava mulla viljakusest ja hooldatava kultuuri vajadustest.<\/p>\n<p><strong>Testid: <\/strong><br \/>\nMahumass < 0,7kg\/l\nKogul\u00e4mmastik (N) 8000-14000 mg\/l\nsh. Nitraat l\u00e4mmastik (NO3-N) 500-900 mg\/l\nFosfor (P) 800-2000 mg\/l\nKaalium (K) 4400-7000 mg\/l\nKaltsium (Ca) 4000-7000mg\/l\nMagneesium (Mg) 1000-3000 mg\/l\nRaud (Fe) 140-200 mg\/ l\nMangaan (Mn) 35-60 mg\/l\nSoolade \u00fcldsisaldus 8-10 g\/l\n\n\nSoovituslikult hoida jahedas ja kuivas kohas.<\/p>\n\t\t<\/div>\n\t\t\t\t\t<\/div>\n\n\t\n\n\t<div id=\"col-1193798713\" class=\"col medium-3 small-12 large-3\"  >\n\t\t\t\t<div class=\"col-inner\"  >\n\t\t\t\n\t\t\t\n<div class=\"is-divider divider clearfix\" ><\/div>\n<p><strong>\u00dcksikasjalikuma n\u00f5u saamiseks v\u00f5tke \u00fchendust:<br \/><\/strong>Matogard O\u00dc<br \/>Altpoe, Randiv\u00e4lja k\u00fcla<br \/>86814<br \/>P\u00e4rnumaa<br \/>+372 447 5570<\/p>\n\t\t<\/div>\n\t\t\t\t\t<\/div>\n\n\t\n<\/div>\n","protected":false},"excerpt":{"rendered":"","protected":false},"featured_media":236479,"comment_status":"closed","ping_status":"closed","template":"","meta":[],"product_brand":[],"product_cat":[2905,2789,2788,2879],"product_tag":[],"class_list":{"0":"post-236394","1":"product","2":"type-product","3":"status-publish","4":"has-post-thumbnail","6":"product_cat-aiamullad","7":"product_cat-aiatarbed","8":"product_cat-aiatarbed-ja-kodukaubad","9":"product_cat-aiaturbad-ja-mullad","10":"pa_kaubamark-matogard-ou","12":"first","13":"instock","14":"sale","15":"taxable","16":"shipping-taxable","17":"purchasable","18":"product-type-simple"},"yoast_head":"<!-- This site is optimized with the Yoast SEO plugin v26.9 - https:\/\/yoast.com\/product\/yoast-seo-wordpress\/ -->\n<title>BIO KOMPOST 20L MATOGARD - Espak E-pood<\/title>\n<meta name=\"robots\" content=\"index, follow, max-snippet:-1, max-image-preview:large, max-video-preview:-1\" \/>\n<link rel=\"canonical\" href=\"https:\/\/espak.ee\/epood\/toode\/bio-kompost-20l-matogard\/\" \/>\n<meta property=\"og:locale\" content=\"et_EE\" \/>\n<meta property=\"og:type\" content=\"article\" \/>\n<meta property=\"og:title\" content=\"BIO KOMPOST 20L MATOGARD - Espak E-pood\" \/>\n<meta property=\"og:url\" content=\"https:\/\/espak.ee\/epood\/toode\/bio-kompost-20l-matogard\/\" \/>\n<meta property=\"og:site_name\" content=\"Espak E-pood\" \/>\n<meta property=\"article:modified_time\" content=\"2026-03-05T11:17:30+00:00\" \/>\n<meta property=\"og:image\" content=\"https:\/\/espak.ee\/epood\/wp-content\/uploads\/2025\/05\/bio-kompost.jpg\" \/>\n\t<meta property=\"og:image:width\" content=\"1000\" \/>\n\t<meta property=\"og:image:height\" content=\"1000\" \/>\n\t<meta property=\"og:image:type\" content=\"image\/jpeg\" \/>\n<meta name=\"twitter:card\" content=\"summary_large_image\" \/>\n<meta name=\"twitter:label1\" content=\"Est. reading time\" \/>\n\t<meta name=\"twitter:data1\" content=\"1 minut\" \/>\n<script type=\"application\/ld+json\" class=\"yoast-schema-graph\">{\"@context\":\"https:\/\/schema.org\",\"@graph\":[{\"@type\":\"WebPage\",\"@id\":\"https:\/\/espak.ee\/epood\/toode\/bio-kompost-20l-matogard\/\",\"url\":\"https:\/\/espak.ee\/epood\/toode\/bio-kompost-20l-matogard\/\",\"name\":\"BIO KOMPOST 20L MATOGARD - Espak E-pood\",\"isPartOf\":{\"@id\":\"https:\/\/espak.ee\/epood\/#website\"},\"primaryImageOfPage\":{\"@id\":\"https:\/\/espak.ee\/epood\/toode\/bio-kompost-20l-matogard\/#primaryimage\"},\"image\":{\"@id\":\"https:\/\/espak.ee\/epood\/toode\/bio-kompost-20l-matogard\/#primaryimage\"},\"thumbnailUrl\":\"https:\/\/espak.ee\/epood\/wp-content\/uploads\/2025\/05\/bio-kompost.jpg\",\"datePublished\":\"2025-05-08T02:10:02+00:00\",\"dateModified\":\"2026-03-05T11:17:30+00:00\",\"breadcrumb\":{\"@id\":\"https:\/\/espak.ee\/epood\/toode\/bio-kompost-20l-matogard\/#breadcrumb\"},\"inLanguage\":\"et\",\"potentialAction\":[{\"@type\":\"ReadAction\",\"target\":[\"https:\/\/espak.ee\/epood\/toode\/bio-kompost-20l-matogard\/\"]}]},{\"@type\":\"ImageObject\",\"inLanguage\":\"et\",\"@id\":\"https:\/\/espak.ee\/epood\/toode\/bio-kompost-20l-matogard\/#primaryimage\",\"url\":\"https:\/\/espak.ee\/epood\/wp-content\/uploads\/2025\/05\/bio-kompost.jpg\",\"contentUrl\":\"https:\/\/espak.ee\/epood\/wp-content\/uploads\/2025\/05\/bio-kompost.jpg\",\"width\":1000,\"height\":1000},{\"@type\":\"BreadcrumbList\",\"@id\":\"https:\/\/espak.ee\/epood\/toode\/bio-kompost-20l-matogard\/#breadcrumb\",\"itemListElement\":[{\"@type\":\"ListItem\",\"position\":1,\"name\":\"Home\",\"item\":\"https:\/\/espak.ee\/epood\/\"},{\"@type\":\"ListItem\",\"position\":2,\"name\":\"Tootevalik\",\"item\":\"https:\/\/espak.ee\/epood\/tootevalik\/\"},{\"@type\":\"ListItem\",\"position\":3,\"name\":\"BIO KOMPOST 20L MATOGARD\"}]},{\"@type\":\"WebSite\",\"@id\":\"https:\/\/espak.ee\/epood\/#website\",\"url\":\"https:\/\/espak.ee\/epood\/\",\"name\":\"Espak E-pood\",\"description\":\"\",\"potentialAction\":[{\"@type\":\"SearchAction\",\"target\":{\"@type\":\"EntryPoint\",\"urlTemplate\":\"https:\/\/espak.ee\/epood\/?s={search_term_string}\"},\"query-input\":{\"@type\":\"PropertyValueSpecification\",\"valueRequired\":true,\"valueName\":\"search_term_string\"}}],\"inLanguage\":\"et\"}]}<\/script>\n<!-- \/ Yoast SEO plugin. -->","yoast_head_json":{"title":"BIO KOMPOST 20L MATOGARD - Espak E-pood","robots":{"index":"index","follow":"follow","max-snippet":"max-snippet:-1","max-image-preview":"max-image-preview:large","max-video-preview":"max-video-preview:-1"},"canonical":"https:\/\/espak.ee\/epood\/toode\/bio-kompost-20l-matogard\/","og_locale":"et_EE","og_type":"article","og_title":"BIO KOMPOST 20L MATOGARD - Espak E-pood","og_url":"https:\/\/espak.ee\/epood\/toode\/bio-kompost-20l-matogard\/","og_site_name":"Espak E-pood","article_modified_time":"2026-03-05T11:17:30+00:00","og_image":[{"width":1000,"height":1000,"url":"https:\/\/espak.ee\/epood\/wp-content\/uploads\/2025\/05\/bio-kompost.jpg","type":"image\/jpeg"}],"twitter_card":"summary_large_image","twitter_misc":{"Est. reading time":"1 minut"},"schema":{"@context":"https:\/\/schema.org","@graph":[{"@type":"WebPage","@id":"https:\/\/espak.ee\/epood\/toode\/bio-kompost-20l-matogard\/","url":"https:\/\/espak.ee\/epood\/toode\/bio-kompost-20l-matogard\/","name":"BIO KOMPOST 20L MATOGARD - Espak E-pood","isPartOf":{"@id":"https:\/\/espak.ee\/epood\/#website"},"primaryImageOfPage":{"@id":"https:\/\/espak.ee\/epood\/toode\/bio-kompost-20l-matogard\/#primaryimage"},"image":{"@id":"https:\/\/espak.ee\/epood\/toode\/bio-kompost-20l-matogard\/#primaryimage"},"thumbnailUrl":"https:\/\/espak.ee\/epood\/wp-content\/uploads\/2025\/05\/bio-kompost.jpg","datePublished":"2025-05-08T02:10:02+00:00","dateModified":"2026-03-05T11:17:30+00:00","breadcrumb":{"@id":"https:\/\/espak.ee\/epood\/toode\/bio-kompost-20l-matogard\/#breadcrumb"},"inLanguage":"et","potentialAction":[{"@type":"ReadAction","target":["https:\/\/espak.ee\/epood\/toode\/bio-kompost-20l-matogard\/"]}]},{"@type":"ImageObject","inLanguage":"et","@id":"https:\/\/espak.ee\/epood\/toode\/bio-kompost-20l-matogard\/#primaryimage","url":"https:\/\/espak.ee\/epood\/wp-content\/uploads\/2025\/05\/bio-kompost.jpg","contentUrl":"https:\/\/espak.ee\/epood\/wp-content\/uploads\/2025\/05\/bio-kompost.jpg","width":1000,"height":1000},{"@type":"BreadcrumbList","@id":"https:\/\/espak.ee\/epood\/toode\/bio-kompost-20l-matogard\/#breadcrumb","itemListElement":[{"@type":"ListItem","position":1,"name":"Home","item":"https:\/\/espak.ee\/epood\/"},{"@type":"ListItem","position":2,"name":"Tootevalik","item":"https:\/\/espak.ee\/epood\/tootevalik\/"},{"@type":"ListItem","position":3,"name":"BIO KOMPOST 20L MATOGARD"}]},{"@type":"WebSite","@id":"https:\/\/espak.ee\/epood\/#website","url":"https:\/\/espak.ee\/epood\/","name":"Espak E-pood","description":"","potentialAction":[{"@type":"SearchAction","target":{"@type":"EntryPoint","urlTemplate":"https:\/\/espak.ee\/epood\/?s={search_term_string}"},"query-input":{"@type":"PropertyValueSpecification","valueRequired":true,"valueName":"search_term_string"}}],"inLanguage":"et"}]}},"_links":{"self":[{"href":"https:\/\/espak.ee\/epood\/wp-json\/wp\/v2\/product\/236394","targetHints":{"allow":["GET"]}}],"collection":[{"href":"https:\/\/espak.ee\/epood\/wp-json\/wp\/v2\/product"}],"about":[{"href":"https:\/\/espak.ee\/epood\/wp-json\/wp\/v2\/types\/product"}],"replies":[{"embeddable":true,"href":"https:\/\/espak.ee\/epood\/wp-json\/wp\/v2\/comments?post=236394"}],"wp:featuredmedia":[{"embeddable":true,"href":"https:\/\/espak.ee\/epood\/wp-json\/wp\/v2\/media\/236479"}],"wp:attachment":[{"href":"https:\/\/espak.ee\/epood\/wp-json\/wp\/v2\/media?parent=236394"}],"wp:term":[{"taxonomy":"product_brand","embeddable":true,"href":"https:\/\/espak.ee\/epood\/wp-json\/wp\/v2\/product_brand?post=236394"},{"taxonomy":"product_cat","embeddable":true,"href":"https:\/\/espak.ee\/epood\/wp-json\/wp\/v2\/product_cat?post=236394"},{"taxonomy":"product_tag","embeddable":true,"href":"https:\/\/espak.ee\/epood\/wp-json\/wp\/v2\/product_tag?post=236394"}],"curies":[{"name":"wp","href":"https:\/\/api.w.org\/{rel}","templated":true}]}}