{"id":235826,"date":"2025-04-30T05:05:02","date_gmt":"2025-04-30T02:05:02","guid":{"rendered":"https:\/\/espak.ee\/epood\/?post_type=product&#038;p=235826"},"modified":"2026-03-21T10:11:05","modified_gmt":"2026-03-21T08:11:05","slug":"liiprioli-5l-eskaro","status":"publish","type":"product","link":"https:\/\/espak.ee\/epood\/toode\/liiprioli-5l-eskaro\/","title":{"rendered":"LIIPRI\u00d5LI 5L ESKARO"},"content":{"rendered":"<div class=\"row\"  id=\"row-1153938300\">\n\n\t<div id=\"col-1000210006\" class=\"col medium-9 small-12 large-9\"  >\n\t\t\t\t<div class=\"col-inner\"  >\n\t\t\t\n\t\t\t\n<h2>Liipri\u00f5li 5L Eskaro<\/h2>\n<p>M\u00e4nnit\u00f5rval ja bituumenil p\u00f5hinev vahend puitkonstruktsioonide immutuseks v\u00e4list\u00f6\u00f6del. Imbub s\u00fcgavale puitu. Tumepruun, iseloomuliku l\u00f5hnaga. Annab t\u00f6\u00f6deldud pindadele pikaajalise veekindluse, vastupidavuse l\u00f5henemisele ja aeglustab puidu lagunemist. Ei sisalda biotsiide.<\/p>\n<div class=\"message-box relative\" style=\"padding-top:15px;padding-bottom:15px;\"><div class=\"message-box-bg-image bg-fill fill\" ><\/div><div class=\"message-box-bg-overlay bg-fill fill\" ><\/div><div class=\"container relative\"><div class=\"inner last-reset\">\n<div class=\"row align-middle align-center\"  id=\"row-828108873\">\n\n\t<div id=\"col-1280344419\" class=\"col small-12 large-12\"  >\n\t\t\t\t<div class=\"col-inner text-left\"  >\n\t\t\t\n\t\t\t\n<h4>Omadused<\/h4>\n<div class=\"row\"  id=\"row-511625758\">\n\n\t<div id=\"col-121803131\" class=\"col medium-6 small-12 large-6\"  >\n\t\t\t\t<div class=\"col-inner\"  >\n\t\t\t\n\t\t\t\n<p><i class=\"fa fa-check fa-2x\"><\/i> <strong>Valmistatud m\u00e4nnit\u00f5rvast ja bituumenist<\/strong><\/p>\n<p><i class=\"fa fa-check fa-2x\"><\/i> <strong>Imbub s\u00fcgavale puitu, t\u00e4ites puidu poorid<\/strong><\/p>\n<p><i class=\"fa fa-check fa-2x\"><\/i> <strong>Sobib puidule, mis on kontaktis pinnasega<\/strong><\/p>\n\t\t<\/div>\n\t\t\t\t\n<style>\n#col-121803131 > .col-inner {\n  margin: 0px 0px 15px 0px;\n}\n<\/style>\n\t<\/div>\n\n\t\n\n\t<div id=\"col-935076476\" class=\"col medium-6 small-12 large-6\"  >\n\t\t\t\t<div class=\"col-inner\"  >\n\t\t\t\n\t\t\t\n<p><i class=\"fa fa-check fa-2x\"><\/i> <strong>Aeglustab puidu m\u00e4danemist ja l\u00f5henemist<\/strong><\/p>\n<p><i class=\"fa fa-check fa-2x\"><\/i> <strong>Ei ole \u00fclev\u00e4rvitav<\/strong><\/p>\n<p><i class=\"fa fa-check fa-2x\"><\/i> <strong>Iseloomuliku l\u00f5hnaga<\/strong><\/p>\n\t\t<\/div>\n\t\t\t\t\n<style>\n#col-935076476 > .col-inner {\n  margin: 0px 0px 15px 0px;\n}\n<\/style>\n\t<\/div>\n\n\t\n<\/div>\n\t\t<\/div>\n\t\t\t\t\t<\/div>\n\n\t\n<\/div>\n<\/div><\/div><\/div>\n\t<div id=\"gap-1794001870\" class=\"gap-element clearfix\" style=\"display:block; height:auto;\">\n\t\t\n<style>\n#gap-1794001870 {\n  padding-top: 30px;\n}\n<\/style>\n\t<\/div>\n\t\n<h3>Kasutamise \u00fcksikasjad<\/h3>\n<p><strong>Kasutusalad:<\/strong> Puitpindade t\u00f6\u00f6tlemiseks v\u00e4list\u00f6\u00f6del, mis puutuvad kokku pinnasega: terrasside, kuuride, puukuuride,<br \/>\naedade jt. ehitiste kandekonstruktsioonid: aia- ja tugipostid, peenra\u00e4\u00e4rised, radade piirded, liiprid jne. Enne<br \/>\npostide ja teiste m\u00e4rga pinnasesse kaevatud puitmaterjalide t\u00f6\u00f6tlemist tuleb tagada h\u00fcdroisolatsioon ja<br \/>\ndrenaa\u017e. Ei sobi terrassidel ja aiam\u00f6\u00f6bli ega vees kasutavate toodete (nt: sillatoed, vaiad jne.) t\u00f6\u00f6tlemiseks.<\/p>\n<p><strong>Pinna ettevalmistus:<\/strong> Puit peab olema kuiv (niiskus <20%) ning puhastatud hallitusest, samblast, samblikest, saepurust, puukoorest, tolmust, vanast v\u00e4rvkattest ja muust mustusest. Puhastamiseks kasutada terasharja, kaabitsat v\u00f5i k\u00f5rgsurvepesurit.<\/p>\n<p><strong>T\u00f6\u00f6tlemine:<\/strong> Enne kasutamist hoolega segada. Kanda pinnale laia pintsliga rohkesti, kuni k\u00fcllastuseni v\u00f5i kasutada sissekastmismeetodit. Eriti hoolikalt t\u00f6\u00f6tleda otsapinnad. Mitte j\u00e4tta t\u00f6\u00f6tlemata alasid! V\u00e4ltida liiga paksude kihtide pealekandmist, parem on kanda mitu \u00f5hukest kihti, lastes eelmistel kihtidel imenduda.<br \/>\nTihedalt h\u00f6\u00f6veldatud puidu t\u00f6\u00f6tlemisel soovitame immutusvahendit lahjendada 10\u201315% t\u00e4rpentini v\u00f5i lakibensiiniga.<br \/>\nT\u00f6\u00f6temperatuur \u00fcle 10\u00b0C. See v\u00f5imaldab immutusvahendil kiiremini ja s\u00fcgavamale puitu tungida. Ei ole soovitav t\u00f6\u00f6tada otseses p\u00e4ikesepaistes, temperatuuril \u00fcle 30\u00b0C, k\u00f5rge \u00f5huniiskuse (>80%), vihma v\u00f5i udu ajal. <\/p>\n<p><strong>Ohutus:<\/strong> Hoiatus. Allaneelamisel v\u00f5i hingamisteedesse sattumisel v\u00f5ib olla surmav. P\u00f5hjustab tugevat silmade \u00e4rritust. P\u00f5hjustab naha\u00e4rritust. V\u00f5ib p\u00f5hjustada allergilist nahareaktsiooni. Sisaldab raskbensiin (nafta), raske h\u00fcdrogeenitud, < 0.1 % EC 200-753-7; s\u00fcsivesinikud, C10-C13, n-alkaanid, isoalkaanid, ts\u00fcklilised, <2% aromaatsed, t\u00f5rv. Kanda kaitsekindaid, kaitser\u00f5ivastust, hingamiskaitset, kaitseprille, kaitsejalatseid. P\u00e4rast k\u00e4itlemist pesta hoolega nahka. NAHALE SATTUMISE KORRAL: pesta rohke veega.\n SILMA SATTUMISE KORRAL: loputada mitme minuti jooksul ettevaatlikult veega. Eemaldada\nkontaktl\u00e4\u00e4tsed, kui neid kasutatakse ja kui neid on kerge eemaldada. Loputada veel kord.\n ALLANEELAMISE KORRAL: v\u00f5tta viivitamata \u00fchendust M\u00dcRGISTUSTEABEKESKUSE v\u00f5i arstiga. Arsti poole p\u00f6\u00f6rdudes v\u00f5tta kaasa toote pakend v\u00f5i etikett.\n UFI: Q740-00U5-500A-8S4P. \nHoida lastele k\u00e4ttesaamatus kohas.<\/p>\n\t\t<\/div>\n\t\t\t\t\t<\/div>\n\n\t\n\n\t<div id=\"col-1713677522\" class=\"col medium-3 small-12 large-3\"  >\n\t\t\t\t<div class=\"col-inner\"  >\n\t\t\t\n\t\t\t\n\t<div id=\"gap-161144966\" class=\"gap-element clearfix\" style=\"display:block; height:auto;\">\n\t\t\n<style>\n#gap-161144966 {\n  padding-top: 30px;\n}\n<\/style>\n\t<\/div>\n\t\n<h3>Tehniline informatsioon<\/h3>\n<p><a href=\"https:\/\/espak.ee\/epood\/wp-content\/uploads\/2025\/04\/WEB_Passport_Eskaro_Liiprioli_Estonia_est_03.pdf\"target=\"_blank\" rel=\"noopener noreferrer\"><i class=\"far fa-file-pdf\"><\/i> Tehniline info (PDF)<\/a><\/p>\n<h3>Ohutuskaart<\/h3>\n<p><a href=\"https:\/\/espak.ee\/epood\/wp-content\/uploads\/2025\/04\/Ohutuskaart-Liiprioli.pdf\"target=\"_blank\" rel=\"noopener noreferrer\"><i class=\"far fa-file-pdf\"><\/i> Ohutuskaart (PDF)<\/a><\/p>\n<div class=\"is-divider divider clearfix\" ><\/div>\n<p><strong>\u00dcksikasjalikuma n\u00f5u saamiseks v\u00f5tke \u00fchendust:<br \/><\/strong>Eskaro AS<br \/>Fosforiidi 20<br \/>Maardu<br \/>+372 6217969<\/p>\n<div class=\"is-divider divider clearfix\" ><\/div>\n\t\t<\/div>\n\t\t\t\t\t<\/div>\n\n\t\n<\/div>\n","protected":false},"excerpt":{"rendered":"","protected":false},"featured_media":235874,"comment_status":"closed","ping_status":"closed","template":"","meta":[],"product_brand":[],"product_cat":[2701,2693,2684,2683],"product_tag":[],"class_list":{"0":"post-235826","1":"product","2":"type-product","3":"status-publish","4":"has-post-thumbnail","6":"product_cat-immutusvahendid","7":"product_cat-lakid-peitsid-olid-puidukaitse","8":"product_cat-varvid-lakid-lahustid-puidukaitsed-olid","9":"product_cat-viimistluskaubad","10":"pa_kaubamark-eskaro-as","12":"first","13":"instock","14":"sale","15":"taxable","16":"shipping-taxable","17":"purchasable","18":"product-type-simple"},"yoast_head":"<!-- This site is optimized with the Yoast SEO plugin v26.9 - https:\/\/yoast.com\/product\/yoast-seo-wordpress\/ -->\n<title>LIIPRI\u00d5LI 5L ESKARO - Espak E-pood<\/title>\n<meta name=\"robots\" content=\"index, follow, max-snippet:-1, max-image-preview:large, max-video-preview:-1\" \/>\n<link rel=\"canonical\" href=\"https:\/\/espak.ee\/epood\/toode\/liiprioli-5l-eskaro\/\" \/>\n<meta property=\"og:locale\" content=\"et_EE\" \/>\n<meta property=\"og:type\" content=\"article\" \/>\n<meta property=\"og:title\" content=\"LIIPRI\u00d5LI 5L ESKARO - Espak E-pood\" \/>\n<meta property=\"og:url\" content=\"https:\/\/espak.ee\/epood\/toode\/liiprioli-5l-eskaro\/\" \/>\n<meta property=\"og:site_name\" content=\"Espak E-pood\" \/>\n<meta property=\"article:modified_time\" content=\"2026-03-21T08:11:05+00:00\" \/>\n<meta property=\"og:image\" content=\"https:\/\/espak.ee\/epood\/wp-content\/uploads\/2025\/04\/Liiprioli-5L_1.jpg\" \/>\n\t<meta property=\"og:image:width\" content=\"1000\" \/>\n\t<meta property=\"og:image:height\" content=\"1000\" \/>\n\t<meta property=\"og:image:type\" content=\"image\/jpeg\" \/>\n<meta name=\"twitter:card\" content=\"summary_large_image\" \/>\n<meta name=\"twitter:label1\" content=\"Est. reading time\" \/>\n\t<meta name=\"twitter:data1\" content=\"1 minut\" \/>\n<script type=\"application\/ld+json\" class=\"yoast-schema-graph\">{\"@context\":\"https:\/\/schema.org\",\"@graph\":[{\"@type\":\"WebPage\",\"@id\":\"https:\/\/espak.ee\/epood\/toode\/liiprioli-5l-eskaro\/\",\"url\":\"https:\/\/espak.ee\/epood\/toode\/liiprioli-5l-eskaro\/\",\"name\":\"LIIPRI\u00d5LI 5L ESKARO - Espak E-pood\",\"isPartOf\":{\"@id\":\"https:\/\/espak.ee\/epood\/#website\"},\"primaryImageOfPage\":{\"@id\":\"https:\/\/espak.ee\/epood\/toode\/liiprioli-5l-eskaro\/#primaryimage\"},\"image\":{\"@id\":\"https:\/\/espak.ee\/epood\/toode\/liiprioli-5l-eskaro\/#primaryimage\"},\"thumbnailUrl\":\"https:\/\/espak.ee\/epood\/wp-content\/uploads\/2025\/04\/Liiprioli-5L_1.jpg\",\"datePublished\":\"2025-04-30T02:05:02+00:00\",\"dateModified\":\"2026-03-21T08:11:05+00:00\",\"breadcrumb\":{\"@id\":\"https:\/\/espak.ee\/epood\/toode\/liiprioli-5l-eskaro\/#breadcrumb\"},\"inLanguage\":\"et\",\"potentialAction\":[{\"@type\":\"ReadAction\",\"target\":[\"https:\/\/espak.ee\/epood\/toode\/liiprioli-5l-eskaro\/\"]}]},{\"@type\":\"ImageObject\",\"inLanguage\":\"et\",\"@id\":\"https:\/\/espak.ee\/epood\/toode\/liiprioli-5l-eskaro\/#primaryimage\",\"url\":\"https:\/\/espak.ee\/epood\/wp-content\/uploads\/2025\/04\/Liiprioli-5L_1.jpg\",\"contentUrl\":\"https:\/\/espak.ee\/epood\/wp-content\/uploads\/2025\/04\/Liiprioli-5L_1.jpg\",\"width\":1000,\"height\":1000},{\"@type\":\"BreadcrumbList\",\"@id\":\"https:\/\/espak.ee\/epood\/toode\/liiprioli-5l-eskaro\/#breadcrumb\",\"itemListElement\":[{\"@type\":\"ListItem\",\"position\":1,\"name\":\"Home\",\"item\":\"https:\/\/espak.ee\/epood\/\"},{\"@type\":\"ListItem\",\"position\":2,\"name\":\"Tootevalik\",\"item\":\"https:\/\/espak.ee\/epood\/tootevalik\/\"},{\"@type\":\"ListItem\",\"position\":3,\"name\":\"LIIPRI\u00d5LI 5L ESKARO\"}]},{\"@type\":\"WebSite\",\"@id\":\"https:\/\/espak.ee\/epood\/#website\",\"url\":\"https:\/\/espak.ee\/epood\/\",\"name\":\"Espak E-pood\",\"description\":\"\",\"potentialAction\":[{\"@type\":\"SearchAction\",\"target\":{\"@type\":\"EntryPoint\",\"urlTemplate\":\"https:\/\/espak.ee\/epood\/?s={search_term_string}\"},\"query-input\":{\"@type\":\"PropertyValueSpecification\",\"valueRequired\":true,\"valueName\":\"search_term_string\"}}],\"inLanguage\":\"et\"}]}<\/script>\n<!-- \/ Yoast SEO plugin. -->","yoast_head_json":{"title":"LIIPRI\u00d5LI 5L ESKARO - Espak E-pood","robots":{"index":"index","follow":"follow","max-snippet":"max-snippet:-1","max-image-preview":"max-image-preview:large","max-video-preview":"max-video-preview:-1"},"canonical":"https:\/\/espak.ee\/epood\/toode\/liiprioli-5l-eskaro\/","og_locale":"et_EE","og_type":"article","og_title":"LIIPRI\u00d5LI 5L ESKARO - Espak E-pood","og_url":"https:\/\/espak.ee\/epood\/toode\/liiprioli-5l-eskaro\/","og_site_name":"Espak E-pood","article_modified_time":"2026-03-21T08:11:05+00:00","og_image":[{"width":1000,"height":1000,"url":"https:\/\/espak.ee\/epood\/wp-content\/uploads\/2025\/04\/Liiprioli-5L_1.jpg","type":"image\/jpeg"}],"twitter_card":"summary_large_image","twitter_misc":{"Est. reading time":"1 minut"},"schema":{"@context":"https:\/\/schema.org","@graph":[{"@type":"WebPage","@id":"https:\/\/espak.ee\/epood\/toode\/liiprioli-5l-eskaro\/","url":"https:\/\/espak.ee\/epood\/toode\/liiprioli-5l-eskaro\/","name":"LIIPRI\u00d5LI 5L ESKARO - Espak E-pood","isPartOf":{"@id":"https:\/\/espak.ee\/epood\/#website"},"primaryImageOfPage":{"@id":"https:\/\/espak.ee\/epood\/toode\/liiprioli-5l-eskaro\/#primaryimage"},"image":{"@id":"https:\/\/espak.ee\/epood\/toode\/liiprioli-5l-eskaro\/#primaryimage"},"thumbnailUrl":"https:\/\/espak.ee\/epood\/wp-content\/uploads\/2025\/04\/Liiprioli-5L_1.jpg","datePublished":"2025-04-30T02:05:02+00:00","dateModified":"2026-03-21T08:11:05+00:00","breadcrumb":{"@id":"https:\/\/espak.ee\/epood\/toode\/liiprioli-5l-eskaro\/#breadcrumb"},"inLanguage":"et","potentialAction":[{"@type":"ReadAction","target":["https:\/\/espak.ee\/epood\/toode\/liiprioli-5l-eskaro\/"]}]},{"@type":"ImageObject","inLanguage":"et","@id":"https:\/\/espak.ee\/epood\/toode\/liiprioli-5l-eskaro\/#primaryimage","url":"https:\/\/espak.ee\/epood\/wp-content\/uploads\/2025\/04\/Liiprioli-5L_1.jpg","contentUrl":"https:\/\/espak.ee\/epood\/wp-content\/uploads\/2025\/04\/Liiprioli-5L_1.jpg","width":1000,"height":1000},{"@type":"BreadcrumbList","@id":"https:\/\/espak.ee\/epood\/toode\/liiprioli-5l-eskaro\/#breadcrumb","itemListElement":[{"@type":"ListItem","position":1,"name":"Home","item":"https:\/\/espak.ee\/epood\/"},{"@type":"ListItem","position":2,"name":"Tootevalik","item":"https:\/\/espak.ee\/epood\/tootevalik\/"},{"@type":"ListItem","position":3,"name":"LIIPRI\u00d5LI 5L ESKARO"}]},{"@type":"WebSite","@id":"https:\/\/espak.ee\/epood\/#website","url":"https:\/\/espak.ee\/epood\/","name":"Espak E-pood","description":"","potentialAction":[{"@type":"SearchAction","target":{"@type":"EntryPoint","urlTemplate":"https:\/\/espak.ee\/epood\/?s={search_term_string}"},"query-input":{"@type":"PropertyValueSpecification","valueRequired":true,"valueName":"search_term_string"}}],"inLanguage":"et"}]}},"_links":{"self":[{"href":"https:\/\/espak.ee\/epood\/wp-json\/wp\/v2\/product\/235826","targetHints":{"allow":["GET"]}}],"collection":[{"href":"https:\/\/espak.ee\/epood\/wp-json\/wp\/v2\/product"}],"about":[{"href":"https:\/\/espak.ee\/epood\/wp-json\/wp\/v2\/types\/product"}],"replies":[{"embeddable":true,"href":"https:\/\/espak.ee\/epood\/wp-json\/wp\/v2\/comments?post=235826"}],"wp:featuredmedia":[{"embeddable":true,"href":"https:\/\/espak.ee\/epood\/wp-json\/wp\/v2\/media\/235874"}],"wp:attachment":[{"href":"https:\/\/espak.ee\/epood\/wp-json\/wp\/v2\/media?parent=235826"}],"wp:term":[{"taxonomy":"product_brand","embeddable":true,"href":"https:\/\/espak.ee\/epood\/wp-json\/wp\/v2\/product_brand?post=235826"},{"taxonomy":"product_cat","embeddable":true,"href":"https:\/\/espak.ee\/epood\/wp-json\/wp\/v2\/product_cat?post=235826"},{"taxonomy":"product_tag","embeddable":true,"href":"https:\/\/espak.ee\/epood\/wp-json\/wp\/v2\/product_tag?post=235826"}],"curies":[{"name":"wp","href":"https:\/\/api.w.org\/{rel}","templated":true}]}}