{"id":235349,"date":"2025-04-25T05:10:02","date_gmt":"2025-04-25T02:10:02","guid":{"rendered":"https:\/\/espak.ee\/epood\/?post_type=product&#038;p=235349"},"modified":"2026-04-08T09:02:22","modified_gmt":"2026-04-08T06:02:22","slug":"kanakaka-graanulid-20l-biolan","status":"publish","type":"product","link":"https:\/\/espak.ee\/epood\/toode\/kanakaka-graanulid-20l-biolan\/","title":{"rendered":"KANAKAKA GRAANULID 20L BIOLAN"},"content":{"rendered":"<div class=\"row\"  id=\"row-1520992676\">\n\n\t<div id=\"col-750174877\" class=\"col medium-9 small-12 large-9\"  >\n\t\t\t\t<div class=\"col-inner\"  >\n\t\t\t\n\t\t\t\n<h2>Biolan Tavaline Kanakaka 20L<\/h2>\n<p>Biolani Tavaline Kanakaka on kanas\u00f5nnikust ja turbast kompostimise teel valmistatud puhas looduslik v\u00e4etis NPK 4-1-2. See on kuivatatud ja granuleeritud. Biolani Tavaline Kanakaka sisaldab looduslikul kujul k\u00f5iki p\u00f5hitoitaineid ja mikroelemente, mida taimed vajavad.<\/p>\n<p><strong>Kevadv\u00e4etamine\/ V\u00e4etamine kasvuperioodil: <\/strong><br \/>\n&#8211; Juurviljad, kurk:  3,5 l\/10 m2<br \/>\n&#8211; Kapsataimed, porru: 3 l\/10 m2 1,5 l\/10 m2<br \/>\n&#8211; Salat, sibul: 2 l\/10 m2<br \/>\n&#8211; Hernes, oad: 1,5 l\/10 m2<br \/>\n&#8211; Kasvuhoonekurk ja -tomat: 5 l\/10 m2 2 \u00d7 0,5 l\/taime kohta<br \/>\n&#8211; Maasikas: 1 l\/10 m2<br \/>\n&#8211; Viljapuud: 3\u20134 l\/puu<br \/>\n&#8211; Marjap\u00f5\u00f5sad: 1\u20131,5 l\/p\u00f5\u00f5sas<br \/>\n&#8211; Dekoratiivpuud ja -p\u00f5\u00f5sad: 2,5\u20133,5 l\/10 m2<br \/>\n&#8211; P\u00fcsikud ja suvelilled: 3 l\/10 m2<br \/>\n&#8211; Muru: 2\u20133 l\/10 m2<\/p>\n<p><strong>Muu kasutamine: <\/strong><br \/>\n&#8211; P\u00f5hiv\u00e4etamine: 3\u20135 l\/10 m2<br \/>\n&#8211; Kompost: 0,25 l\/10 l j\u00e4\u00e4tmeid<br \/>\n&#8211; V\u00e4etiseveega kastmine: 0,25 l\/10 l vett<br \/>\n&#8211; Mulla- ja turbasegud: 1 l\/50 l mulda v\u00f5i turvast<\/p>\n\t<div id=\"gap-1460730008\" class=\"gap-element clearfix\" style=\"display:block; height:auto;\">\n\t\t\n<style>\n#gap-1460730008 {\n  padding-top: 30px;\n}\n<\/style>\n\t<\/div>\n\t\n\t\t<\/div>\n\t\t\t\t\t<\/div>\n\n\t\n\n\t<div id=\"col-1625071509\" class=\"col medium-3 small-12 large-3\"  >\n\t\t\t\t<div class=\"col-inner\"  >\n\t\t\t\n\t\t\t\n\t<div id=\"gap-1980181404\" class=\"gap-element clearfix\" style=\"display:block; height:auto;\">\n\t\t\n<style>\n#gap-1980181404 {\n  padding-top: 30px;\n}\n<\/style>\n\t<\/div>\n\t\n<div class=\"is-divider divider clearfix\" ><\/div>\n<p><strong>\u00dcksikasjalikuma n\u00f5u saamiseks v\u00f5tke \u00fchendust:<br \/><\/strong>Biolan Baltic O\u00dc<br \/>M\u00e4e 17<br \/>87001<br \/>Lavassaare, P\u00e4rnumaa<br \/>+372 446 3381<\/p>\n<div class=\"is-divider divider clearfix\" ><\/div>\n\t\t<\/div>\n\t\t\t\t\t<\/div>\n\n\t\n<\/div>\n","protected":false},"excerpt":{"rendered":"","protected":false},"featured_media":235390,"comment_status":"closed","ping_status":"closed","template":"","meta":[],"product_brand":[],"product_cat":[2789,2788,2878,2877],"product_tag":[],"class_list":{"0":"post-235349","1":"product","2":"type-product","3":"status-publish","4":"has-post-thumbnail","6":"product_cat-aiatarbed","7":"product_cat-aiatarbed-ja-kodukaubad","8":"product_cat-aiavaetised","9":"product_cat-vaetised","10":"pa_kaubamark-biolan-baltic-ou","12":"first","13":"instock","14":"sale","15":"taxable","16":"shipping-taxable","17":"purchasable","18":"product-type-simple"},"yoast_head":"<!-- This site is optimized with the Yoast SEO plugin v26.9 - https:\/\/yoast.com\/product\/yoast-seo-wordpress\/ -->\n<title>KANAKAKA GRAANULID 20L BIOLAN - Espak E-pood<\/title>\n<meta name=\"robots\" content=\"index, follow, max-snippet:-1, max-image-preview:large, max-video-preview:-1\" \/>\n<link rel=\"canonical\" href=\"https:\/\/espak.ee\/epood\/toode\/kanakaka-graanulid-20l-biolan\/\" \/>\n<meta property=\"og:locale\" content=\"et_EE\" \/>\n<meta property=\"og:type\" content=\"article\" \/>\n<meta property=\"og:title\" content=\"KANAKAKA GRAANULID 20L BIOLAN - Espak E-pood\" \/>\n<meta property=\"og:url\" content=\"https:\/\/espak.ee\/epood\/toode\/kanakaka-graanulid-20l-biolan\/\" \/>\n<meta property=\"og:site_name\" content=\"Espak E-pood\" \/>\n<meta property=\"article:modified_time\" content=\"2026-04-08T06:02:22+00:00\" \/>\n<meta property=\"og:image\" content=\"https:\/\/espak.ee\/epood\/wp-content\/uploads\/2025\/04\/tavaline_kanakaka_20_uus-1120x500q85.jpg\" \/>\n\t<meta property=\"og:image:width\" content=\"1000\" \/>\n\t<meta property=\"og:image:height\" content=\"1000\" \/>\n\t<meta property=\"og:image:type\" content=\"image\/jpeg\" \/>\n<meta name=\"twitter:card\" content=\"summary_large_image\" \/>\n<meta name=\"twitter:label1\" content=\"Est. reading time\" \/>\n\t<meta name=\"twitter:data1\" content=\"1 minut\" \/>\n<script type=\"application\/ld+json\" class=\"yoast-schema-graph\">{\"@context\":\"https:\/\/schema.org\",\"@graph\":[{\"@type\":\"WebPage\",\"@id\":\"https:\/\/espak.ee\/epood\/toode\/kanakaka-graanulid-20l-biolan\/\",\"url\":\"https:\/\/espak.ee\/epood\/toode\/kanakaka-graanulid-20l-biolan\/\",\"name\":\"KANAKAKA GRAANULID 20L BIOLAN - Espak E-pood\",\"isPartOf\":{\"@id\":\"https:\/\/espak.ee\/epood\/#website\"},\"primaryImageOfPage\":{\"@id\":\"https:\/\/espak.ee\/epood\/toode\/kanakaka-graanulid-20l-biolan\/#primaryimage\"},\"image\":{\"@id\":\"https:\/\/espak.ee\/epood\/toode\/kanakaka-graanulid-20l-biolan\/#primaryimage\"},\"thumbnailUrl\":\"https:\/\/espak.ee\/epood\/wp-content\/uploads\/2025\/04\/tavaline_kanakaka_20_uus-1120x500q85.jpg\",\"datePublished\":\"2025-04-25T02:10:02+00:00\",\"dateModified\":\"2026-04-08T06:02:22+00:00\",\"breadcrumb\":{\"@id\":\"https:\/\/espak.ee\/epood\/toode\/kanakaka-graanulid-20l-biolan\/#breadcrumb\"},\"inLanguage\":\"et\",\"potentialAction\":[{\"@type\":\"ReadAction\",\"target\":[\"https:\/\/espak.ee\/epood\/toode\/kanakaka-graanulid-20l-biolan\/\"]}]},{\"@type\":\"ImageObject\",\"inLanguage\":\"et\",\"@id\":\"https:\/\/espak.ee\/epood\/toode\/kanakaka-graanulid-20l-biolan\/#primaryimage\",\"url\":\"https:\/\/espak.ee\/epood\/wp-content\/uploads\/2025\/04\/tavaline_kanakaka_20_uus-1120x500q85.jpg\",\"contentUrl\":\"https:\/\/espak.ee\/epood\/wp-content\/uploads\/2025\/04\/tavaline_kanakaka_20_uus-1120x500q85.jpg\",\"width\":1000,\"height\":1000},{\"@type\":\"BreadcrumbList\",\"@id\":\"https:\/\/espak.ee\/epood\/toode\/kanakaka-graanulid-20l-biolan\/#breadcrumb\",\"itemListElement\":[{\"@type\":\"ListItem\",\"position\":1,\"name\":\"Home\",\"item\":\"https:\/\/espak.ee\/epood\/\"},{\"@type\":\"ListItem\",\"position\":2,\"name\":\"Tootevalik\",\"item\":\"https:\/\/espak.ee\/epood\/tootevalik\/\"},{\"@type\":\"ListItem\",\"position\":3,\"name\":\"KANAKAKA GRAANULID 20L BIOLAN\"}]},{\"@type\":\"WebSite\",\"@id\":\"https:\/\/espak.ee\/epood\/#website\",\"url\":\"https:\/\/espak.ee\/epood\/\",\"name\":\"Espak E-pood\",\"description\":\"\",\"potentialAction\":[{\"@type\":\"SearchAction\",\"target\":{\"@type\":\"EntryPoint\",\"urlTemplate\":\"https:\/\/espak.ee\/epood\/?s={search_term_string}\"},\"query-input\":{\"@type\":\"PropertyValueSpecification\",\"valueRequired\":true,\"valueName\":\"search_term_string\"}}],\"inLanguage\":\"et\"}]}<\/script>\n<!-- \/ Yoast SEO plugin. -->","yoast_head_json":{"title":"KANAKAKA GRAANULID 20L BIOLAN - Espak E-pood","robots":{"index":"index","follow":"follow","max-snippet":"max-snippet:-1","max-image-preview":"max-image-preview:large","max-video-preview":"max-video-preview:-1"},"canonical":"https:\/\/espak.ee\/epood\/toode\/kanakaka-graanulid-20l-biolan\/","og_locale":"et_EE","og_type":"article","og_title":"KANAKAKA GRAANULID 20L BIOLAN - Espak E-pood","og_url":"https:\/\/espak.ee\/epood\/toode\/kanakaka-graanulid-20l-biolan\/","og_site_name":"Espak E-pood","article_modified_time":"2026-04-08T06:02:22+00:00","og_image":[{"width":1000,"height":1000,"url":"https:\/\/espak.ee\/epood\/wp-content\/uploads\/2025\/04\/tavaline_kanakaka_20_uus-1120x500q85.jpg","type":"image\/jpeg"}],"twitter_card":"summary_large_image","twitter_misc":{"Est. reading time":"1 minut"},"schema":{"@context":"https:\/\/schema.org","@graph":[{"@type":"WebPage","@id":"https:\/\/espak.ee\/epood\/toode\/kanakaka-graanulid-20l-biolan\/","url":"https:\/\/espak.ee\/epood\/toode\/kanakaka-graanulid-20l-biolan\/","name":"KANAKAKA GRAANULID 20L BIOLAN - Espak E-pood","isPartOf":{"@id":"https:\/\/espak.ee\/epood\/#website"},"primaryImageOfPage":{"@id":"https:\/\/espak.ee\/epood\/toode\/kanakaka-graanulid-20l-biolan\/#primaryimage"},"image":{"@id":"https:\/\/espak.ee\/epood\/toode\/kanakaka-graanulid-20l-biolan\/#primaryimage"},"thumbnailUrl":"https:\/\/espak.ee\/epood\/wp-content\/uploads\/2025\/04\/tavaline_kanakaka_20_uus-1120x500q85.jpg","datePublished":"2025-04-25T02:10:02+00:00","dateModified":"2026-04-08T06:02:22+00:00","breadcrumb":{"@id":"https:\/\/espak.ee\/epood\/toode\/kanakaka-graanulid-20l-biolan\/#breadcrumb"},"inLanguage":"et","potentialAction":[{"@type":"ReadAction","target":["https:\/\/espak.ee\/epood\/toode\/kanakaka-graanulid-20l-biolan\/"]}]},{"@type":"ImageObject","inLanguage":"et","@id":"https:\/\/espak.ee\/epood\/toode\/kanakaka-graanulid-20l-biolan\/#primaryimage","url":"https:\/\/espak.ee\/epood\/wp-content\/uploads\/2025\/04\/tavaline_kanakaka_20_uus-1120x500q85.jpg","contentUrl":"https:\/\/espak.ee\/epood\/wp-content\/uploads\/2025\/04\/tavaline_kanakaka_20_uus-1120x500q85.jpg","width":1000,"height":1000},{"@type":"BreadcrumbList","@id":"https:\/\/espak.ee\/epood\/toode\/kanakaka-graanulid-20l-biolan\/#breadcrumb","itemListElement":[{"@type":"ListItem","position":1,"name":"Home","item":"https:\/\/espak.ee\/epood\/"},{"@type":"ListItem","position":2,"name":"Tootevalik","item":"https:\/\/espak.ee\/epood\/tootevalik\/"},{"@type":"ListItem","position":3,"name":"KANAKAKA GRAANULID 20L BIOLAN"}]},{"@type":"WebSite","@id":"https:\/\/espak.ee\/epood\/#website","url":"https:\/\/espak.ee\/epood\/","name":"Espak E-pood","description":"","potentialAction":[{"@type":"SearchAction","target":{"@type":"EntryPoint","urlTemplate":"https:\/\/espak.ee\/epood\/?s={search_term_string}"},"query-input":{"@type":"PropertyValueSpecification","valueRequired":true,"valueName":"search_term_string"}}],"inLanguage":"et"}]}},"_links":{"self":[{"href":"https:\/\/espak.ee\/epood\/wp-json\/wp\/v2\/product\/235349","targetHints":{"allow":["GET"]}}],"collection":[{"href":"https:\/\/espak.ee\/epood\/wp-json\/wp\/v2\/product"}],"about":[{"href":"https:\/\/espak.ee\/epood\/wp-json\/wp\/v2\/types\/product"}],"replies":[{"embeddable":true,"href":"https:\/\/espak.ee\/epood\/wp-json\/wp\/v2\/comments?post=235349"}],"wp:featuredmedia":[{"embeddable":true,"href":"https:\/\/espak.ee\/epood\/wp-json\/wp\/v2\/media\/235390"}],"wp:attachment":[{"href":"https:\/\/espak.ee\/epood\/wp-json\/wp\/v2\/media?parent=235349"}],"wp:term":[{"taxonomy":"product_brand","embeddable":true,"href":"https:\/\/espak.ee\/epood\/wp-json\/wp\/v2\/product_brand?post=235349"},{"taxonomy":"product_cat","embeddable":true,"href":"https:\/\/espak.ee\/epood\/wp-json\/wp\/v2\/product_cat?post=235349"},{"taxonomy":"product_tag","embeddable":true,"href":"https:\/\/espak.ee\/epood\/wp-json\/wp\/v2\/product_tag?post=235349"}],"curies":[{"name":"wp","href":"https:\/\/api.w.org\/{rel}","templated":true}]}}