{"id":235152,"date":"2025-04-23T05:10:02","date_gmt":"2025-04-23T02:10:02","guid":{"rendered":"https:\/\/espak.ee\/epood\/?post_type=product&#038;p=235152"},"modified":"2025-04-25T14:56:10","modified_gmt":"2025-04-25T11:56:10","slug":"videokaamera-emos-gosmart-ip-210-h4063-valge","status":"publish","type":"product","link":"https:\/\/espak.ee\/epood\/toode\/videokaamera-emos-gosmart-ip-210-h4063-valge\/","title":{"rendered":"VIDEOKAAMERA EMOS GOSMART IP-210 H4063 VALGE"},"content":{"rendered":"<div class=\"row\"  id=\"row-279359872\">\n\n\t<div id=\"col-1318224067\" class=\"col medium-9 small-12 large-9\"  >\n\t\t\t\t<div class=\"col-inner\"  >\n\t\t\t\n\t\t\t\n<h3>Videokaamera IP-210 Emos GoSmart valge <\/h3>\n<p>IP-210 SNAP nutikaamera pakub mitmeid turvafunktsioone. Seda on lihtne paigaldada, toiteks aku ja seda saab kasutada sise- v\u00f5i v\u00e4litingimustes. Sellel on laia nurga all olev objektiiv, 5MPx resolutsioon ja \u00f6\u00f6vaatlus. See annab liikumisest m\u00e4rku mobiilseadme teate kaudu ja salvestab selle SD-kaardile v\u00f5i pilve.<\/p>\n<p>Kaamera suudab reageerida ainult inimeste liikumisele mitte lemmikloomadele ega muudele loomadele. Saate m\u00e4\u00e4rata spetsiifilise liikumistuvastuse tsooni ja kaamera tuvastab ainult valitud ala ruumis, mida soovite turvata.<\/p>\n<p>Kaamera toetab WebRTC tehnoloogiat, kus k\u00f5ik salvestused, nii pilt kui ka heli, on reaalajas k\u00e4ttesaadavad veebibrauseri kaudu.<\/p>\n<p>Selle integreeritud mikrofoni ja k\u00f5lariga saate kaamera kaudu r\u00e4\u00e4kida oma lemmikloomaga v\u00f5i heidutada kutsumata k\u00fclalist.<\/p>\n<p>Kaamera on valmistatud kindlast materjalist, tal on veekindlus IP65 ja t\u00e4nu kummitud alumisele k\u00fcljele ei libise see ka siledal pinnal.<\/p>\n<p>Intensiivse kaamera IP-210 SNAP on 130\u00b0 vaatenurgaga ja kvaliteetse pildi 5MPx eraldusv\u00f5imega. T\u00e4iusliku pildi salvestamise tagavad ka d\u00fcnaamiline \u00f6\u00f6vaatlus kuni 10 meetri kaugusele ja kaamera infrapunavalgus, mis valgustab ala ka t\u00e4ielikus pimeduses.<\/p>\n<p>Kaamera toiteks on kauakestev Li-ioonaku, mille mahutavus on suurep\u00e4rane 9600 mAh. Kaamera saab voolu v\u00f5i laadimist USB-C kaabli kaudu, mis on pakendis kaasas.<\/p>\n<p>Kui oled selle paigutanud valitud kohta, \u00fchenda seade lihtsalt oma koduse Wi-Fi v\u00f5rguga ja \u00fchenda see EMOS GoSmart mobiilirakendusega, mis on saadaval Android ja iOS operatsioonis\u00fcsteemiga mobiiltelefonidele. T\u00e4nu \u00fchilduvusele Amazon Alexa ja Google Assistantiga saate kasutamise ajal kasutada ka h\u00e4\u00e4ljuhtimist.\n<\/p>\n\t\t<\/div>\n\t\t\t\t\t<\/div>\n\n\t\n\n\t<div id=\"col-1394553848\" class=\"col medium-3 small-12 large-3\"  >\n\t\t\t\t<div class=\"col-inner\"  >\n\t\t\t\n\t\t\t\n<h3>Kasutusjuhend<\/h3>\n<p><a href=\"https:\/\/espak.ee\/epood\/wp-content\/uploads\/2025\/04\/3024040630_31-H4063_13_01_WEB_ETI.pdf\"target=\"_blank\" rel=\"noopener noreferrer\"><i class=\"far fa-file-pdf\"><\/i> Kasutusjuhend (PDF)<\/a><\/p>\n<h3>Ohutusalane teave<\/h3>\n<p><a href=\"https:\/\/espak.ee\/epood\/wp-content\/uploads\/2025\/04\/3024040630_67-H4063.pdf\"target=\"_blank\" rel=\"noopener noreferrer\"><i class=\"far fa-file-pdf\"><\/i> Ohutusalane teave (PDF)<\/a><\/p>\n\t<div id=\"gap-1116824088\" class=\"gap-element clearfix\" style=\"display:block; height:auto;\">\n\t\t\n<style>\n#gap-1116824088 {\n  padding-top: 30px;\n}\n<\/style>\n\t<\/div>\n\t\n<p><strong>\u00dcksikasjalikuma n\u00f5u saamiseks v\u00f5tke \u00fchendust:<br \/><\/strong>Espak AS<br \/>Viadukti 42<br \/>11313<br \/>Tallinn<br \/>+372 6 512333<\/p>\n\t\t<\/div>\n\t\t\t\t\t<\/div>\n\n\t\n<\/div>\n","protected":false},"excerpt":{"rendered":"","protected":false},"featured_media":235490,"comment_status":"closed","ping_status":"closed","template":"","meta":[],"product_brand":[],"product_cat":[2935,2934,3272,3271],"product_tag":[],"class_list":{"0":"post-235152","1":"product","2":"type-product","3":"status-publish","4":"has-post-thumbnail","6":"product_cat-elektrikaubad","7":"product_cat-elektrikaubad-ja-valgustid","8":"product_cat-elektrikaupade-lisamaterjalid","9":"product_cat-kilbid-ja-tarvikud","10":"pa_kaubamark-emos-spol-s-r-o","12":"first","13":"instock","14":"sale","15":"taxable","16":"shipping-taxable","17":"purchasable","18":"product-type-simple"},"yoast_head":"<!-- This site is optimized with the Yoast SEO plugin v26.9 - https:\/\/yoast.com\/product\/yoast-seo-wordpress\/ -->\n<title>VIDEOKAAMERA EMOS GOSMART IP-210 H4063 VALGE - Espak E-pood<\/title>\n<meta name=\"robots\" content=\"index, follow, max-snippet:-1, max-image-preview:large, max-video-preview:-1\" \/>\n<link rel=\"canonical\" href=\"https:\/\/espak.ee\/epood\/toode\/videokaamera-emos-gosmart-ip-210-h4063-valge\/\" \/>\n<meta property=\"og:locale\" content=\"et_EE\" \/>\n<meta property=\"og:type\" content=\"article\" \/>\n<meta property=\"og:title\" content=\"VIDEOKAAMERA EMOS GOSMART IP-210 H4063 VALGE - Espak E-pood\" \/>\n<meta property=\"og:url\" content=\"https:\/\/espak.ee\/epood\/toode\/videokaamera-emos-gosmart-ip-210-h4063-valge\/\" \/>\n<meta property=\"og:site_name\" content=\"Espak E-pood\" \/>\n<meta property=\"article:modified_time\" content=\"2025-04-25T11:56:10+00:00\" \/>\n<meta property=\"og:image\" content=\"https:\/\/espak.ee\/epood\/wp-content\/uploads\/2025\/04\/2955427.jpg\" \/>\n\t<meta property=\"og:image:width\" content=\"1000\" \/>\n\t<meta property=\"og:image:height\" content=\"1000\" \/>\n\t<meta property=\"og:image:type\" content=\"image\/jpeg\" \/>\n<meta name=\"twitter:card\" content=\"summary_large_image\" \/>\n<meta name=\"twitter:label1\" content=\"Est. reading time\" \/>\n\t<meta name=\"twitter:data1\" content=\"1 minut\" \/>\n<script type=\"application\/ld+json\" class=\"yoast-schema-graph\">{\"@context\":\"https:\/\/schema.org\",\"@graph\":[{\"@type\":\"WebPage\",\"@id\":\"https:\/\/espak.ee\/epood\/toode\/videokaamera-emos-gosmart-ip-210-h4063-valge\/\",\"url\":\"https:\/\/espak.ee\/epood\/toode\/videokaamera-emos-gosmart-ip-210-h4063-valge\/\",\"name\":\"VIDEOKAAMERA EMOS GOSMART IP-210 H4063 VALGE - Espak E-pood\",\"isPartOf\":{\"@id\":\"https:\/\/espak.ee\/epood\/#website\"},\"primaryImageOfPage\":{\"@id\":\"https:\/\/espak.ee\/epood\/toode\/videokaamera-emos-gosmart-ip-210-h4063-valge\/#primaryimage\"},\"image\":{\"@id\":\"https:\/\/espak.ee\/epood\/toode\/videokaamera-emos-gosmart-ip-210-h4063-valge\/#primaryimage\"},\"thumbnailUrl\":\"https:\/\/espak.ee\/epood\/wp-content\/uploads\/2025\/04\/2955427.jpg\",\"datePublished\":\"2025-04-23T02:10:02+00:00\",\"dateModified\":\"2025-04-25T11:56:10+00:00\",\"breadcrumb\":{\"@id\":\"https:\/\/espak.ee\/epood\/toode\/videokaamera-emos-gosmart-ip-210-h4063-valge\/#breadcrumb\"},\"inLanguage\":\"et\",\"potentialAction\":[{\"@type\":\"ReadAction\",\"target\":[\"https:\/\/espak.ee\/epood\/toode\/videokaamera-emos-gosmart-ip-210-h4063-valge\/\"]}]},{\"@type\":\"ImageObject\",\"inLanguage\":\"et\",\"@id\":\"https:\/\/espak.ee\/epood\/toode\/videokaamera-emos-gosmart-ip-210-h4063-valge\/#primaryimage\",\"url\":\"https:\/\/espak.ee\/epood\/wp-content\/uploads\/2025\/04\/2955427.jpg\",\"contentUrl\":\"https:\/\/espak.ee\/epood\/wp-content\/uploads\/2025\/04\/2955427.jpg\",\"width\":1000,\"height\":1000},{\"@type\":\"BreadcrumbList\",\"@id\":\"https:\/\/espak.ee\/epood\/toode\/videokaamera-emos-gosmart-ip-210-h4063-valge\/#breadcrumb\",\"itemListElement\":[{\"@type\":\"ListItem\",\"position\":1,\"name\":\"Home\",\"item\":\"https:\/\/espak.ee\/epood\/\"},{\"@type\":\"ListItem\",\"position\":2,\"name\":\"Tootevalik\",\"item\":\"https:\/\/espak.ee\/epood\/tootevalik\/\"},{\"@type\":\"ListItem\",\"position\":3,\"name\":\"VIDEOKAAMERA EMOS GOSMART IP-210 H4063 VALGE\"}]},{\"@type\":\"WebSite\",\"@id\":\"https:\/\/espak.ee\/epood\/#website\",\"url\":\"https:\/\/espak.ee\/epood\/\",\"name\":\"Espak E-pood\",\"description\":\"\",\"potentialAction\":[{\"@type\":\"SearchAction\",\"target\":{\"@type\":\"EntryPoint\",\"urlTemplate\":\"https:\/\/espak.ee\/epood\/?s={search_term_string}\"},\"query-input\":{\"@type\":\"PropertyValueSpecification\",\"valueRequired\":true,\"valueName\":\"search_term_string\"}}],\"inLanguage\":\"et\"}]}<\/script>\n<!-- \/ Yoast SEO plugin. -->","yoast_head_json":{"title":"VIDEOKAAMERA EMOS GOSMART IP-210 H4063 VALGE - Espak E-pood","robots":{"index":"index","follow":"follow","max-snippet":"max-snippet:-1","max-image-preview":"max-image-preview:large","max-video-preview":"max-video-preview:-1"},"canonical":"https:\/\/espak.ee\/epood\/toode\/videokaamera-emos-gosmart-ip-210-h4063-valge\/","og_locale":"et_EE","og_type":"article","og_title":"VIDEOKAAMERA EMOS GOSMART IP-210 H4063 VALGE - Espak E-pood","og_url":"https:\/\/espak.ee\/epood\/toode\/videokaamera-emos-gosmart-ip-210-h4063-valge\/","og_site_name":"Espak E-pood","article_modified_time":"2025-04-25T11:56:10+00:00","og_image":[{"width":1000,"height":1000,"url":"https:\/\/espak.ee\/epood\/wp-content\/uploads\/2025\/04\/2955427.jpg","type":"image\/jpeg"}],"twitter_card":"summary_large_image","twitter_misc":{"Est. reading time":"1 minut"},"schema":{"@context":"https:\/\/schema.org","@graph":[{"@type":"WebPage","@id":"https:\/\/espak.ee\/epood\/toode\/videokaamera-emos-gosmart-ip-210-h4063-valge\/","url":"https:\/\/espak.ee\/epood\/toode\/videokaamera-emos-gosmart-ip-210-h4063-valge\/","name":"VIDEOKAAMERA EMOS GOSMART IP-210 H4063 VALGE - Espak E-pood","isPartOf":{"@id":"https:\/\/espak.ee\/epood\/#website"},"primaryImageOfPage":{"@id":"https:\/\/espak.ee\/epood\/toode\/videokaamera-emos-gosmart-ip-210-h4063-valge\/#primaryimage"},"image":{"@id":"https:\/\/espak.ee\/epood\/toode\/videokaamera-emos-gosmart-ip-210-h4063-valge\/#primaryimage"},"thumbnailUrl":"https:\/\/espak.ee\/epood\/wp-content\/uploads\/2025\/04\/2955427.jpg","datePublished":"2025-04-23T02:10:02+00:00","dateModified":"2025-04-25T11:56:10+00:00","breadcrumb":{"@id":"https:\/\/espak.ee\/epood\/toode\/videokaamera-emos-gosmart-ip-210-h4063-valge\/#breadcrumb"},"inLanguage":"et","potentialAction":[{"@type":"ReadAction","target":["https:\/\/espak.ee\/epood\/toode\/videokaamera-emos-gosmart-ip-210-h4063-valge\/"]}]},{"@type":"ImageObject","inLanguage":"et","@id":"https:\/\/espak.ee\/epood\/toode\/videokaamera-emos-gosmart-ip-210-h4063-valge\/#primaryimage","url":"https:\/\/espak.ee\/epood\/wp-content\/uploads\/2025\/04\/2955427.jpg","contentUrl":"https:\/\/espak.ee\/epood\/wp-content\/uploads\/2025\/04\/2955427.jpg","width":1000,"height":1000},{"@type":"BreadcrumbList","@id":"https:\/\/espak.ee\/epood\/toode\/videokaamera-emos-gosmart-ip-210-h4063-valge\/#breadcrumb","itemListElement":[{"@type":"ListItem","position":1,"name":"Home","item":"https:\/\/espak.ee\/epood\/"},{"@type":"ListItem","position":2,"name":"Tootevalik","item":"https:\/\/espak.ee\/epood\/tootevalik\/"},{"@type":"ListItem","position":3,"name":"VIDEOKAAMERA EMOS GOSMART IP-210 H4063 VALGE"}]},{"@type":"WebSite","@id":"https:\/\/espak.ee\/epood\/#website","url":"https:\/\/espak.ee\/epood\/","name":"Espak E-pood","description":"","potentialAction":[{"@type":"SearchAction","target":{"@type":"EntryPoint","urlTemplate":"https:\/\/espak.ee\/epood\/?s={search_term_string}"},"query-input":{"@type":"PropertyValueSpecification","valueRequired":true,"valueName":"search_term_string"}}],"inLanguage":"et"}]}},"_links":{"self":[{"href":"https:\/\/espak.ee\/epood\/wp-json\/wp\/v2\/product\/235152","targetHints":{"allow":["GET"]}}],"collection":[{"href":"https:\/\/espak.ee\/epood\/wp-json\/wp\/v2\/product"}],"about":[{"href":"https:\/\/espak.ee\/epood\/wp-json\/wp\/v2\/types\/product"}],"replies":[{"embeddable":true,"href":"https:\/\/espak.ee\/epood\/wp-json\/wp\/v2\/comments?post=235152"}],"wp:featuredmedia":[{"embeddable":true,"href":"https:\/\/espak.ee\/epood\/wp-json\/wp\/v2\/media\/235490"}],"wp:attachment":[{"href":"https:\/\/espak.ee\/epood\/wp-json\/wp\/v2\/media?parent=235152"}],"wp:term":[{"taxonomy":"product_brand","embeddable":true,"href":"https:\/\/espak.ee\/epood\/wp-json\/wp\/v2\/product_brand?post=235152"},{"taxonomy":"product_cat","embeddable":true,"href":"https:\/\/espak.ee\/epood\/wp-json\/wp\/v2\/product_cat?post=235152"},{"taxonomy":"product_tag","embeddable":true,"href":"https:\/\/espak.ee\/epood\/wp-json\/wp\/v2\/product_tag?post=235152"}],"curies":[{"name":"wp","href":"https:\/\/api.w.org\/{rel}","templated":true}]}}