{"id":235151,"date":"2025-04-23T05:10:02","date_gmt":"2025-04-23T02:10:02","guid":{"rendered":"https:\/\/espak.ee\/epood\/?post_type=product&#038;p=235151"},"modified":"2025-04-25T14:26:32","modified_gmt":"2025-04-25T11:26:32","slug":"videokaamera-emos-gosmart-ip-310-h4064-valge","status":"publish","type":"product","link":"https:\/\/espak.ee\/epood\/toode\/videokaamera-emos-gosmart-ip-310-h4064-valge\/","title":{"rendered":"VIDEOKAAMERA EMOS GOSMART IP-310 H4064 VALGE"},"content":{"rendered":"<div class=\"row\"  id=\"row-29334861\">\n\n\t<div id=\"col-1194175012\" class=\"col medium-9 small-12 large-9\"  >\n\t\t\t\t<div class=\"col-inner\"  >\n\t\t\t\n\t\t\t\n<h3>Videokaamera IP-310 Emos GoSmart valge <\/h3>\n<p>IP-310 TORCH nutikaamera pakub elegantset lahendust reguleeritava intensiivsusega kuni 1200 lm valgustuse, laia nurga all p\u00f6\u00f6rleva kaamera Full HD resolutsiooniga ja \u00f6\u00f6vaatega. Kaamera teavitab teie mobiilseadet liikumisest ja j\u00e4\u00e4dvustab salvestusi SD-kaardile v\u00f5i pilvesalvestusse.<\/p>\n<p>Intensiivne IP-310 TORCH nutikaamera liikumistuvastuse funktsiooniga teavitab teid ebatavalisest tegevusest, teavitades teie mobiilseadet, ja hakkab salvestama kaadreid, mis salvestatakse pilve v\u00f5i mikro SD-kaardile, mille maht on kuni 128 GB. T\u00e4nu intelligentsele liikumisj\u00e4lgimisele saate liikuvast objektist alati parima v\u00f5imaliku kaadri. Vandalismi korral saate eemalt aktiveerida sireeni, mille helitugevus on kuni 120 dB.<\/p>\n<p>Suurem valgusallikas IP-310 TORCH nutikaamera valgustab usaldusv\u00e4\u00e4rselt soovitud ruumid. valgustuse intensiivsust saab rakenduse kaudu seadistada vahemikus 200 kuni 1200 lm. Leiad alati optimaalse intensiivsuse vastavalt valgustatud ruumi suurusele.<\/p>\n<p>Valgustust saate juhtida kaamera abil rakenduse, PIR-anduri abil, mis tagab valgustuse automaatse sisse\/v\u00e4lja l\u00fclitamise liikumise tuvastamisel, taimeriga v\u00f5i laiendada valgusallika juhtimist v\u00e4lise nutika l\u00fcliti abil.<\/p>\n<p>Ajastumatu disain muudab IP-310 TORCH nutikaamera sobivaks paigaldamiseks nii moodsasse kui ka traditsioonilisse v\u00e4ljakusse v\u00f5i siseruumidesse.<\/p>\n<p>Kaamera IP-310 TORCH sobib nii moodsa kui ka traditsioonilise v\u00e4lisukse juurde ja ka siseruumidesse.<\/p>\n<p>Intensiivne IP-310 TORCH kaamera j\u00e4\u00e4dvustab iga detaili \u00fcmbritsevas keskkonnas Full HD resolutsiooniga. See pakub kvaliteetseid pilte k\u00f5ikides valgustingimustes t\u00e4nu d\u00fcnaamilisele heleduse reguleerimisele ja infrapunavalgustusele kuni 10 meetri kaugusele. PIR-sensor l\u00fclitab liikumise tuvastamisel automaatselt sisse valgustuse ja salvestamise, v\u00f5imaldades v\u00e4rvilist salvestamist ka pimedas. Ilmastikukindlus on tagatud kindlatest materjalidest ja veekindlusega IP65.<\/p>\n<p>Kaamera vaatenurk p\u00f6\u00f6rleb automaatselt kuni 120\u00b0 k\u00fcljele ja on optimaalselt suunatud liikuva objektile.<\/p>\n<p>Selle integreeritud mikrofoni ja k\u00f5lariga on v\u00f5imalik kaamera kaudu algatada videok\u00f5ne saabuvate k\u00fclastajatega.<\/p>\n<p>Puudumise korral saate seega suunata helistava kulleri koos pakiga naabrile v\u00f5i paluda ootamatul k\u00fclaseltsil oodata teie varajase saabumiseni.<\/p>\n<p>Intensiivkaamera IP-310 TORCH on kohandatud seinale paigaldamiseks ja saab toidet 230 V vooluv\u00f5rgust.<\/p>\n<p>Kui seade on valitud kohta paigaldatud, \u00fchendage see lihtsalt koduse WiFi-v\u00f5rku ja \u00fchendage see EMOS GoSmart mobiilirakendusega, mis on saadaval nii Android- kui ka IOS-mobiilidele. T\u00e4nu \u00fchilduvusele Amazon Alexa ja Google Assistantiga saate kasutada ka h\u00e4\u00e4lejuhtimist kasutamise ajal.<\/p>\n\t\t<\/div>\n\t\t\t\t\t<\/div>\n\n\t\n\n\t<div id=\"col-1594840609\" class=\"col medium-3 small-12 large-3\"  >\n\t\t\t\t<div class=\"col-inner\"  >\n\t\t\t\n\t\t\t\n<h3>Kasutusjuhend<\/h3>\n<p><a href=\"https:\/\/espak.ee\/epood\/wp-content\/uploads\/2025\/04\/3024040640_31-H4064_13_01_WEB_ETI.pdf\"target=\"_blank\" rel=\"noopener noreferrer\"><i class=\"far fa-file-pdf\"><\/i> Kasutusjuhend (PDF)<\/a><\/p>\n<h3>Ohutusalane teave<\/h3>\n<p><a href=\"https:\/\/espak.ee\/epood\/wp-content\/uploads\/2025\/04\/3024040640_67-H4064.pdf\"target=\"_blank\" rel=\"noopener noreferrer\"><i class=\"far fa-file-pdf\"><\/i> Ohutusalane teave (PDF)<\/a><\/p>\n\t<div id=\"gap-365374018\" class=\"gap-element clearfix\" style=\"display:block; height:auto;\">\n\t\t\n<style>\n#gap-365374018 {\n  padding-top: 30px;\n}\n<\/style>\n\t<\/div>\n\t\n<p><strong>\u00dcksikasjalikuma n\u00f5u saamiseks v\u00f5tke \u00fchendust:<br \/><\/strong>Espak AS<br \/>Viadukti 42<br \/>11313<br \/>Tallinn<br \/>+372 6 512333<\/p>\n\t\t<\/div>\n\t\t\t\t\t<\/div>\n\n\t\n<\/div>\n","protected":false},"excerpt":{"rendered":"","protected":false},"featured_media":235459,"comment_status":"closed","ping_status":"closed","template":"","meta":[],"product_brand":[],"product_cat":[2935,2934,3272,3271],"product_tag":[],"class_list":{"0":"post-235151","1":"product","2":"type-product","3":"status-publish","4":"has-post-thumbnail","6":"product_cat-elektrikaubad","7":"product_cat-elektrikaubad-ja-valgustid","8":"product_cat-elektrikaupade-lisamaterjalid","9":"product_cat-kilbid-ja-tarvikud","10":"pa_kaubamark-emos-spol-s-r-o","12":"first","13":"outofstock","14":"sale","15":"taxable","16":"shipping-taxable","17":"purchasable","18":"product-type-simple"},"yoast_head":"<!-- This site is optimized with the Yoast SEO plugin v26.9 - https:\/\/yoast.com\/product\/yoast-seo-wordpress\/ -->\n<title>VIDEOKAAMERA EMOS GOSMART IP-310 H4064 VALGE - Espak E-pood<\/title>\n<meta name=\"robots\" content=\"index, follow, max-snippet:-1, max-image-preview:large, max-video-preview:-1\" \/>\n<link rel=\"canonical\" href=\"https:\/\/espak.ee\/epood\/toode\/videokaamera-emos-gosmart-ip-310-h4064-valge\/\" \/>\n<meta property=\"og:locale\" content=\"et_EE\" \/>\n<meta property=\"og:type\" content=\"article\" \/>\n<meta property=\"og:title\" content=\"VIDEOKAAMERA EMOS GOSMART IP-310 H4064 VALGE - Espak E-pood\" \/>\n<meta property=\"og:url\" content=\"https:\/\/espak.ee\/epood\/toode\/videokaamera-emos-gosmart-ip-310-h4064-valge\/\" \/>\n<meta property=\"og:site_name\" content=\"Espak E-pood\" \/>\n<meta property=\"article:modified_time\" content=\"2025-04-25T11:26:32+00:00\" \/>\n<meta property=\"og:image\" content=\"https:\/\/espak.ee\/epood\/wp-content\/uploads\/2025\/04\/2955493.jpg\" \/>\n\t<meta property=\"og:image:width\" content=\"1000\" \/>\n\t<meta property=\"og:image:height\" content=\"1000\" \/>\n\t<meta property=\"og:image:type\" content=\"image\/jpeg\" \/>\n<meta name=\"twitter:card\" content=\"summary_large_image\" \/>\n<meta name=\"twitter:label1\" content=\"Est. reading time\" \/>\n\t<meta name=\"twitter:data1\" content=\"2 minutit\" \/>\n<script type=\"application\/ld+json\" class=\"yoast-schema-graph\">{\"@context\":\"https:\/\/schema.org\",\"@graph\":[{\"@type\":\"WebPage\",\"@id\":\"https:\/\/espak.ee\/epood\/toode\/videokaamera-emos-gosmart-ip-310-h4064-valge\/\",\"url\":\"https:\/\/espak.ee\/epood\/toode\/videokaamera-emos-gosmart-ip-310-h4064-valge\/\",\"name\":\"VIDEOKAAMERA EMOS GOSMART IP-310 H4064 VALGE - Espak E-pood\",\"isPartOf\":{\"@id\":\"https:\/\/espak.ee\/epood\/#website\"},\"primaryImageOfPage\":{\"@id\":\"https:\/\/espak.ee\/epood\/toode\/videokaamera-emos-gosmart-ip-310-h4064-valge\/#primaryimage\"},\"image\":{\"@id\":\"https:\/\/espak.ee\/epood\/toode\/videokaamera-emos-gosmart-ip-310-h4064-valge\/#primaryimage\"},\"thumbnailUrl\":\"https:\/\/espak.ee\/epood\/wp-content\/uploads\/2025\/04\/2955493.jpg\",\"datePublished\":\"2025-04-23T02:10:02+00:00\",\"dateModified\":\"2025-04-25T11:26:32+00:00\",\"breadcrumb\":{\"@id\":\"https:\/\/espak.ee\/epood\/toode\/videokaamera-emos-gosmart-ip-310-h4064-valge\/#breadcrumb\"},\"inLanguage\":\"et\",\"potentialAction\":[{\"@type\":\"ReadAction\",\"target\":[\"https:\/\/espak.ee\/epood\/toode\/videokaamera-emos-gosmart-ip-310-h4064-valge\/\"]}]},{\"@type\":\"ImageObject\",\"inLanguage\":\"et\",\"@id\":\"https:\/\/espak.ee\/epood\/toode\/videokaamera-emos-gosmart-ip-310-h4064-valge\/#primaryimage\",\"url\":\"https:\/\/espak.ee\/epood\/wp-content\/uploads\/2025\/04\/2955493.jpg\",\"contentUrl\":\"https:\/\/espak.ee\/epood\/wp-content\/uploads\/2025\/04\/2955493.jpg\",\"width\":1000,\"height\":1000},{\"@type\":\"BreadcrumbList\",\"@id\":\"https:\/\/espak.ee\/epood\/toode\/videokaamera-emos-gosmart-ip-310-h4064-valge\/#breadcrumb\",\"itemListElement\":[{\"@type\":\"ListItem\",\"position\":1,\"name\":\"Home\",\"item\":\"https:\/\/espak.ee\/epood\/\"},{\"@type\":\"ListItem\",\"position\":2,\"name\":\"Tootevalik\",\"item\":\"https:\/\/espak.ee\/epood\/tootevalik\/\"},{\"@type\":\"ListItem\",\"position\":3,\"name\":\"VIDEOKAAMERA EMOS GOSMART IP-310 H4064 VALGE\"}]},{\"@type\":\"WebSite\",\"@id\":\"https:\/\/espak.ee\/epood\/#website\",\"url\":\"https:\/\/espak.ee\/epood\/\",\"name\":\"Espak E-pood\",\"description\":\"\",\"potentialAction\":[{\"@type\":\"SearchAction\",\"target\":{\"@type\":\"EntryPoint\",\"urlTemplate\":\"https:\/\/espak.ee\/epood\/?s={search_term_string}\"},\"query-input\":{\"@type\":\"PropertyValueSpecification\",\"valueRequired\":true,\"valueName\":\"search_term_string\"}}],\"inLanguage\":\"et\"}]}<\/script>\n<!-- \/ Yoast SEO plugin. -->","yoast_head_json":{"title":"VIDEOKAAMERA EMOS GOSMART IP-310 H4064 VALGE - Espak E-pood","robots":{"index":"index","follow":"follow","max-snippet":"max-snippet:-1","max-image-preview":"max-image-preview:large","max-video-preview":"max-video-preview:-1"},"canonical":"https:\/\/espak.ee\/epood\/toode\/videokaamera-emos-gosmart-ip-310-h4064-valge\/","og_locale":"et_EE","og_type":"article","og_title":"VIDEOKAAMERA EMOS GOSMART IP-310 H4064 VALGE - Espak E-pood","og_url":"https:\/\/espak.ee\/epood\/toode\/videokaamera-emos-gosmart-ip-310-h4064-valge\/","og_site_name":"Espak E-pood","article_modified_time":"2025-04-25T11:26:32+00:00","og_image":[{"width":1000,"height":1000,"url":"https:\/\/espak.ee\/epood\/wp-content\/uploads\/2025\/04\/2955493.jpg","type":"image\/jpeg"}],"twitter_card":"summary_large_image","twitter_misc":{"Est. reading time":"2 minutit"},"schema":{"@context":"https:\/\/schema.org","@graph":[{"@type":"WebPage","@id":"https:\/\/espak.ee\/epood\/toode\/videokaamera-emos-gosmart-ip-310-h4064-valge\/","url":"https:\/\/espak.ee\/epood\/toode\/videokaamera-emos-gosmart-ip-310-h4064-valge\/","name":"VIDEOKAAMERA EMOS GOSMART IP-310 H4064 VALGE - Espak E-pood","isPartOf":{"@id":"https:\/\/espak.ee\/epood\/#website"},"primaryImageOfPage":{"@id":"https:\/\/espak.ee\/epood\/toode\/videokaamera-emos-gosmart-ip-310-h4064-valge\/#primaryimage"},"image":{"@id":"https:\/\/espak.ee\/epood\/toode\/videokaamera-emos-gosmart-ip-310-h4064-valge\/#primaryimage"},"thumbnailUrl":"https:\/\/espak.ee\/epood\/wp-content\/uploads\/2025\/04\/2955493.jpg","datePublished":"2025-04-23T02:10:02+00:00","dateModified":"2025-04-25T11:26:32+00:00","breadcrumb":{"@id":"https:\/\/espak.ee\/epood\/toode\/videokaamera-emos-gosmart-ip-310-h4064-valge\/#breadcrumb"},"inLanguage":"et","potentialAction":[{"@type":"ReadAction","target":["https:\/\/espak.ee\/epood\/toode\/videokaamera-emos-gosmart-ip-310-h4064-valge\/"]}]},{"@type":"ImageObject","inLanguage":"et","@id":"https:\/\/espak.ee\/epood\/toode\/videokaamera-emos-gosmart-ip-310-h4064-valge\/#primaryimage","url":"https:\/\/espak.ee\/epood\/wp-content\/uploads\/2025\/04\/2955493.jpg","contentUrl":"https:\/\/espak.ee\/epood\/wp-content\/uploads\/2025\/04\/2955493.jpg","width":1000,"height":1000},{"@type":"BreadcrumbList","@id":"https:\/\/espak.ee\/epood\/toode\/videokaamera-emos-gosmart-ip-310-h4064-valge\/#breadcrumb","itemListElement":[{"@type":"ListItem","position":1,"name":"Home","item":"https:\/\/espak.ee\/epood\/"},{"@type":"ListItem","position":2,"name":"Tootevalik","item":"https:\/\/espak.ee\/epood\/tootevalik\/"},{"@type":"ListItem","position":3,"name":"VIDEOKAAMERA EMOS GOSMART IP-310 H4064 VALGE"}]},{"@type":"WebSite","@id":"https:\/\/espak.ee\/epood\/#website","url":"https:\/\/espak.ee\/epood\/","name":"Espak E-pood","description":"","potentialAction":[{"@type":"SearchAction","target":{"@type":"EntryPoint","urlTemplate":"https:\/\/espak.ee\/epood\/?s={search_term_string}"},"query-input":{"@type":"PropertyValueSpecification","valueRequired":true,"valueName":"search_term_string"}}],"inLanguage":"et"}]}},"_links":{"self":[{"href":"https:\/\/espak.ee\/epood\/wp-json\/wp\/v2\/product\/235151","targetHints":{"allow":["GET"]}}],"collection":[{"href":"https:\/\/espak.ee\/epood\/wp-json\/wp\/v2\/product"}],"about":[{"href":"https:\/\/espak.ee\/epood\/wp-json\/wp\/v2\/types\/product"}],"replies":[{"embeddable":true,"href":"https:\/\/espak.ee\/epood\/wp-json\/wp\/v2\/comments?post=235151"}],"wp:featuredmedia":[{"embeddable":true,"href":"https:\/\/espak.ee\/epood\/wp-json\/wp\/v2\/media\/235459"}],"wp:attachment":[{"href":"https:\/\/espak.ee\/epood\/wp-json\/wp\/v2\/media?parent=235151"}],"wp:term":[{"taxonomy":"product_brand","embeddable":true,"href":"https:\/\/espak.ee\/epood\/wp-json\/wp\/v2\/product_brand?post=235151"},{"taxonomy":"product_cat","embeddable":true,"href":"https:\/\/espak.ee\/epood\/wp-json\/wp\/v2\/product_cat?post=235151"},{"taxonomy":"product_tag","embeddable":true,"href":"https:\/\/espak.ee\/epood\/wp-json\/wp\/v2\/product_tag?post=235151"}],"curies":[{"name":"wp","href":"https:\/\/api.w.org\/{rel}","templated":true}]}}