{"id":23471,"date":"2020-04-30T04:55:19","date_gmt":"2020-04-30T01:55:19","guid":{"rendered":"https:\/\/espak.ee\/hinnakiri\/?post_type=product&#038;p=23471"},"modified":"2024-03-22T23:30:05","modified_gmt":"2024-03-22T21:30:05","slug":"poordlaser-kapro-8991-electronic","status":"publish","type":"product","link":"https:\/\/espak.ee\/epood\/toode\/poordlaser-kapro-8991-electronic\/","title":{"rendered":"P\u00d6\u00d6RDLASER KAPRO 8991 ELECTRONIC"},"content":{"rendered":"<div class=\"row\"  id=\"row-503096476\">\n\n\t<div id=\"col-1064321087\" class=\"col medium-9 small-12 large-9\"  >\n\t\t\t\t<div class=\"col-inner\"  >\n\t\t\t\n\t\t\t\n<h3>P\u00f6\u00f6rdlaser KAPRO<\/h3>\n<p>Laser punase kiirega kasutamiseks nii sise- kui v\u00e4listingimustes. Horisontaalselt v\u00f5i vertikaalselt 360\u00b0 p\u00f6\u00f6rlev kiir.<br \/>\nT\u00e4pp maha ja \u00fcles.<br \/>\nLaseri ulatus vastuv\u00f5tjaga kuni 300 m.<br \/>\nT\u00e4psus \u00b1 0,1 mm\/m.<br \/>\nElektrooniline iseloodimise ulatus on \u00b1 5\u00b0.<br \/>\n5 p\u00f6\u00f6rlemiskiirust: 0, 60, 120, 300, 600 p\/min.<br \/>\n6 erinavat t\u00f6\u00f6nurka: 0\u00b0, 10\u00b0,45\u00b0, 90\u00b0,180\u00b0, 360\u00b0.<br \/>\nK\u00e4sire\u017eiim kuni \u00b1 5 \u00b0 kallete m\u00e4rgistamiseks nii X kui ka Y tasapinnal.<br \/>\nVee- ja tolmukindel, kaitseklass IP65.<br \/>\nT\u00f6\u00f6tab laetavate patareidega (komplektis).<br \/>\nStatiivi valmidus nii horisontaalselt kui ka vertikaalselt kasutamiseks, keere 5\/8&#8243;.<br \/>\nKomplektis Beamfinder\u2122 prillid, l\u00f6\u00f6gikindel kohver, vastuv\u00f5tja, pult.\n<\/p>\n\t\t<\/div>\n\t\t\t\t\t<\/div>\n\n\t\n\n\t<div id=\"col-1809248599\" class=\"col medium-3 small-12 large-3\"  >\n\t\t\t\t<div class=\"col-inner\"  >\n\t\t\t\n\t\t\t\n\t<div id=\"gap-1056519135\" class=\"gap-element clearfix\" style=\"display:block; height:auto;\">\n\t\t\n<style>\n#gap-1056519135 {\n  padding-top: 30px;\n}\n<\/style>\n\t<\/div>\n\t\n<p><strong>\u00dcksikasjalikuma n\u00f5u saamiseks v\u00f5tke \u00fchendust:<br \/><\/strong>Espak AS<br \/>Viadukti 42<br \/>11313<br \/>Tallinn<br \/> T\u00f6\u00f6riista osakond +372 6512 335<br \/><a href=\"mailto:tooriist@espak.ee\">tooriist@espak.ee<\/a><\/p>\n\t\t<\/div>\n\t\t\t\t\t<\/div>\n\n\t\n<\/div>\n","protected":false},"excerpt":{"rendered":"","protected":false},"featured_media":64915,"comment_status":"closed","ping_status":"closed","template":"","meta":[],"product_brand":[],"product_cat":[2771,2780,2772,2679],"product_tag":[],"class_list":{"0":"post-23471","1":"product","2":"type-product","3":"status-publish","4":"has-post-thumbnail","6":"product_cat-kasitooriistad","7":"product_cat-laserid","8":"product_cat-mooteriistad","9":"product_cat-tooriistad","10":"pa_kaubamark-kapro","12":"first","13":"instock","14":"sale","15":"taxable","16":"shipping-taxable","17":"purchasable","18":"product-type-simple"},"yoast_head":"<!-- This site is optimized with the Yoast SEO plugin v26.9 - https:\/\/yoast.com\/product\/yoast-seo-wordpress\/ -->\n<title>P\u00d6\u00d6RDLASER KAPRO 8991 ELECTRONIC - Espak E-pood<\/title>\n<meta name=\"robots\" content=\"index, follow, max-snippet:-1, max-image-preview:large, max-video-preview:-1\" \/>\n<link rel=\"canonical\" href=\"https:\/\/espak.ee\/epood\/toode\/poordlaser-kapro-8991-electronic\/\" \/>\n<meta property=\"og:locale\" content=\"et_EE\" \/>\n<meta property=\"og:type\" content=\"article\" \/>\n<meta property=\"og:title\" content=\"P\u00d6\u00d6RDLASER KAPRO 8991 ELECTRONIC - Espak E-pood\" \/>\n<meta property=\"og:url\" content=\"https:\/\/espak.ee\/epood\/toode\/poordlaser-kapro-8991-electronic\/\" \/>\n<meta property=\"og:site_name\" content=\"Espak E-pood\" \/>\n<meta property=\"article:modified_time\" content=\"2024-03-22T21:30:05+00:00\" \/>\n<meta property=\"og:image\" content=\"https:\/\/espak.ee\/epood\/wp-content\/uploads\/8991-KAPRO.jpg\" \/>\n\t<meta property=\"og:image:width\" content=\"1225\" \/>\n\t<meta property=\"og:image:height\" content=\"1225\" \/>\n\t<meta property=\"og:image:type\" content=\"image\/jpeg\" \/>\n<meta name=\"twitter:card\" content=\"summary_large_image\" \/>\n<meta name=\"twitter:label1\" content=\"Est. reading time\" \/>\n\t<meta name=\"twitter:data1\" content=\"1 minut\" \/>\n<script type=\"application\/ld+json\" class=\"yoast-schema-graph\">{\"@context\":\"https:\/\/schema.org\",\"@graph\":[{\"@type\":\"WebPage\",\"@id\":\"https:\/\/espak.ee\/epood\/toode\/poordlaser-kapro-8991-electronic\/\",\"url\":\"https:\/\/espak.ee\/epood\/toode\/poordlaser-kapro-8991-electronic\/\",\"name\":\"P\u00d6\u00d6RDLASER KAPRO 8991 ELECTRONIC - Espak E-pood\",\"isPartOf\":{\"@id\":\"https:\/\/espak.ee\/epood\/#website\"},\"primaryImageOfPage\":{\"@id\":\"https:\/\/espak.ee\/epood\/toode\/poordlaser-kapro-8991-electronic\/#primaryimage\"},\"image\":{\"@id\":\"https:\/\/espak.ee\/epood\/toode\/poordlaser-kapro-8991-electronic\/#primaryimage\"},\"thumbnailUrl\":\"https:\/\/espak.ee\/epood\/wp-content\/uploads\/8991-KAPRO.jpg\",\"datePublished\":\"2020-04-30T01:55:19+00:00\",\"dateModified\":\"2024-03-22T21:30:05+00:00\",\"breadcrumb\":{\"@id\":\"https:\/\/espak.ee\/epood\/toode\/poordlaser-kapro-8991-electronic\/#breadcrumb\"},\"inLanguage\":\"et\",\"potentialAction\":[{\"@type\":\"ReadAction\",\"target\":[\"https:\/\/espak.ee\/epood\/toode\/poordlaser-kapro-8991-electronic\/\"]}]},{\"@type\":\"ImageObject\",\"inLanguage\":\"et\",\"@id\":\"https:\/\/espak.ee\/epood\/toode\/poordlaser-kapro-8991-electronic\/#primaryimage\",\"url\":\"https:\/\/espak.ee\/epood\/wp-content\/uploads\/8991-KAPRO.jpg\",\"contentUrl\":\"https:\/\/espak.ee\/epood\/wp-content\/uploads\/8991-KAPRO.jpg\",\"width\":1225,\"height\":1225},{\"@type\":\"BreadcrumbList\",\"@id\":\"https:\/\/espak.ee\/epood\/toode\/poordlaser-kapro-8991-electronic\/#breadcrumb\",\"itemListElement\":[{\"@type\":\"ListItem\",\"position\":1,\"name\":\"Home\",\"item\":\"https:\/\/espak.ee\/epood\/\"},{\"@type\":\"ListItem\",\"position\":2,\"name\":\"Tootevalik\",\"item\":\"https:\/\/espak.ee\/epood\/tootevalik\/\"},{\"@type\":\"ListItem\",\"position\":3,\"name\":\"P\u00d6\u00d6RDLASER KAPRO 8991 ELECTRONIC\"}]},{\"@type\":\"WebSite\",\"@id\":\"https:\/\/espak.ee\/epood\/#website\",\"url\":\"https:\/\/espak.ee\/epood\/\",\"name\":\"Espak E-pood\",\"description\":\"\",\"potentialAction\":[{\"@type\":\"SearchAction\",\"target\":{\"@type\":\"EntryPoint\",\"urlTemplate\":\"https:\/\/espak.ee\/epood\/?s={search_term_string}\"},\"query-input\":{\"@type\":\"PropertyValueSpecification\",\"valueRequired\":true,\"valueName\":\"search_term_string\"}}],\"inLanguage\":\"et\"}]}<\/script>\n<!-- \/ Yoast SEO plugin. -->","yoast_head_json":{"title":"P\u00d6\u00d6RDLASER KAPRO 8991 ELECTRONIC - Espak E-pood","robots":{"index":"index","follow":"follow","max-snippet":"max-snippet:-1","max-image-preview":"max-image-preview:large","max-video-preview":"max-video-preview:-1"},"canonical":"https:\/\/espak.ee\/epood\/toode\/poordlaser-kapro-8991-electronic\/","og_locale":"et_EE","og_type":"article","og_title":"P\u00d6\u00d6RDLASER KAPRO 8991 ELECTRONIC - Espak E-pood","og_url":"https:\/\/espak.ee\/epood\/toode\/poordlaser-kapro-8991-electronic\/","og_site_name":"Espak E-pood","article_modified_time":"2024-03-22T21:30:05+00:00","og_image":[{"width":1225,"height":1225,"url":"https:\/\/espak.ee\/epood\/wp-content\/uploads\/8991-KAPRO.jpg","type":"image\/jpeg"}],"twitter_card":"summary_large_image","twitter_misc":{"Est. reading time":"1 minut"},"schema":{"@context":"https:\/\/schema.org","@graph":[{"@type":"WebPage","@id":"https:\/\/espak.ee\/epood\/toode\/poordlaser-kapro-8991-electronic\/","url":"https:\/\/espak.ee\/epood\/toode\/poordlaser-kapro-8991-electronic\/","name":"P\u00d6\u00d6RDLASER KAPRO 8991 ELECTRONIC - Espak E-pood","isPartOf":{"@id":"https:\/\/espak.ee\/epood\/#website"},"primaryImageOfPage":{"@id":"https:\/\/espak.ee\/epood\/toode\/poordlaser-kapro-8991-electronic\/#primaryimage"},"image":{"@id":"https:\/\/espak.ee\/epood\/toode\/poordlaser-kapro-8991-electronic\/#primaryimage"},"thumbnailUrl":"https:\/\/espak.ee\/epood\/wp-content\/uploads\/8991-KAPRO.jpg","datePublished":"2020-04-30T01:55:19+00:00","dateModified":"2024-03-22T21:30:05+00:00","breadcrumb":{"@id":"https:\/\/espak.ee\/epood\/toode\/poordlaser-kapro-8991-electronic\/#breadcrumb"},"inLanguage":"et","potentialAction":[{"@type":"ReadAction","target":["https:\/\/espak.ee\/epood\/toode\/poordlaser-kapro-8991-electronic\/"]}]},{"@type":"ImageObject","inLanguage":"et","@id":"https:\/\/espak.ee\/epood\/toode\/poordlaser-kapro-8991-electronic\/#primaryimage","url":"https:\/\/espak.ee\/epood\/wp-content\/uploads\/8991-KAPRO.jpg","contentUrl":"https:\/\/espak.ee\/epood\/wp-content\/uploads\/8991-KAPRO.jpg","width":1225,"height":1225},{"@type":"BreadcrumbList","@id":"https:\/\/espak.ee\/epood\/toode\/poordlaser-kapro-8991-electronic\/#breadcrumb","itemListElement":[{"@type":"ListItem","position":1,"name":"Home","item":"https:\/\/espak.ee\/epood\/"},{"@type":"ListItem","position":2,"name":"Tootevalik","item":"https:\/\/espak.ee\/epood\/tootevalik\/"},{"@type":"ListItem","position":3,"name":"P\u00d6\u00d6RDLASER KAPRO 8991 ELECTRONIC"}]},{"@type":"WebSite","@id":"https:\/\/espak.ee\/epood\/#website","url":"https:\/\/espak.ee\/epood\/","name":"Espak E-pood","description":"","potentialAction":[{"@type":"SearchAction","target":{"@type":"EntryPoint","urlTemplate":"https:\/\/espak.ee\/epood\/?s={search_term_string}"},"query-input":{"@type":"PropertyValueSpecification","valueRequired":true,"valueName":"search_term_string"}}],"inLanguage":"et"}]}},"_links":{"self":[{"href":"https:\/\/espak.ee\/epood\/wp-json\/wp\/v2\/product\/23471","targetHints":{"allow":["GET"]}}],"collection":[{"href":"https:\/\/espak.ee\/epood\/wp-json\/wp\/v2\/product"}],"about":[{"href":"https:\/\/espak.ee\/epood\/wp-json\/wp\/v2\/types\/product"}],"replies":[{"embeddable":true,"href":"https:\/\/espak.ee\/epood\/wp-json\/wp\/v2\/comments?post=23471"}],"wp:featuredmedia":[{"embeddable":true,"href":"https:\/\/espak.ee\/epood\/wp-json\/wp\/v2\/media\/64915"}],"wp:attachment":[{"href":"https:\/\/espak.ee\/epood\/wp-json\/wp\/v2\/media?parent=23471"}],"wp:term":[{"taxonomy":"product_brand","embeddable":true,"href":"https:\/\/espak.ee\/epood\/wp-json\/wp\/v2\/product_brand?post=23471"},{"taxonomy":"product_cat","embeddable":true,"href":"https:\/\/espak.ee\/epood\/wp-json\/wp\/v2\/product_cat?post=23471"},{"taxonomy":"product_tag","embeddable":true,"href":"https:\/\/espak.ee\/epood\/wp-json\/wp\/v2\/product_tag?post=23471"}],"curies":[{"name":"wp","href":"https:\/\/api.w.org\/{rel}","templated":true}]}}