{"id":23412,"date":"2020-04-30T04:51:42","date_gmt":"2020-04-30T01:51:42","guid":{"rendered":"https:\/\/espak.ee\/hinnakiri\/?post_type=product&#038;p=23412"},"modified":"2025-06-30T16:21:21","modified_gmt":"2025-06-30T13:21:21","slug":"combokit-makita-dlx2189tj","status":"publish","type":"product","link":"https:\/\/espak.ee\/epood\/toode\/combokit-makita-dlx2189tj\/","title":{"rendered":"COMBOKIT MAKITA DLX2189TJ"},"content":{"rendered":"<div class=\"row\"  id=\"row-1556628536\">\n\n\t<div id=\"col-1810598789\" class=\"col medium-9 small-12 large-9\"  >\n\t\t\t\t<div class=\"col-inner\"  >\n\t\t\t\n\t\t\t\n<h3>Combokit Makita<\/h3>\n<p>Komplektis akutrell DDF484Z ja akul\u00f6\u00f6kkruvikeeraja DTD153Z. Tegu on v\u00e4ga v\u00f5imsate ja kompaktsete t\u00f6\u00f6riistadega, mis on mugavaks kaasav\u00f5tmiseks pakitud \u00fchte kohvrisse.<\/p>\n\t<div id=\"gap-874190178\" class=\"gap-element clearfix\" style=\"display:block; height:auto;\">\n\t\t\n<style>\n#gap-874190178 {\n  padding-top: 30px;\n}\n<\/style>\n\t<\/div>\n\t\n<p><strong>Komplekt DLX2189TJ sisaldab:<\/strong><br\/ >\u2713 Akutrell DDF484Z<br \/>\u2713 Akul\u00f6\u00f6kkruvikeeraja DTD153Z<br \/>\u2713 Makpac kohver nr.3<br \/>\u2713 2 x 5,0 Ah 18 V Liitium- Ioon aku<br \/>\u2713Akulaadija<\/p>\n<div class=\"row\"  id=\"row-1485129104\">\n\n\t<div id=\"col-2065555478\" class=\"col medium-6 small-12 large-6\"  >\n\t\t\t\t<div class=\"col-inner\"  >\n\t\t\t\n\t\t\t\n<strong>Akutrell DDF484Z<\/strong><\/p>\n<p>Akutrellil on harjavaba mootor, mis v\u00f5imaldab kuni 50% pikemat t\u00f6\u00f6aega v\u00f5rreldes harjadega mootoriga.<br \/>\nKaks vahetatavat kiirusetaset (0\u2013500 ja 0\u20132000 p\/min) tagavad sobivuse paljudeks erinevateks puurimis- ja kinnitust\u00f6\u00f6deks.<br \/>\nT\u00f6\u00f6pinda valgustavad kaks eel- ja j\u00e4relp\u00f5lemisfunktsiooniga LED-lampi.<br \/>\n<strong>Tehnilised andmed:<\/strong><br\/ >P\u00f6\u00f6rete arv: 0 &#8211; 500 \/ 2000 min\u207b\u00b9<br \/>Maks.p\u00f6\u00f6rdemoment (K\u00f5va\/pehme): 54 \/ 30 Nm<br \/>Padrun: 1,5 &#8211; 13 mm<\/p>\n\t\t<\/div>\n\t\t\t\t\n<style>\n#col-2065555478 > .col-inner {\n  margin: 0px 0px 15px 0px;\n}\n<\/style>\n\t<\/div>\n\n\t\n\n\t<div id=\"col-1749898837\" class=\"col medium-6 small-12 large-6\"  >\n\t\t\t\t<div class=\"col-inner\"  >\n\t\t\t\n\t\t\t\n<strong>Akul\u00f6\u00f6kkruvikeeraja DTD153Z<\/strong><\/p>\n<p>L\u00f6\u00f6gifunktsiooniga kruvikeeraja abil saavutatakse suur kinnitusmoment. Harjadeta hooldusvaba mootor &#8211; kergem, v\u00e4iksem, pikem t\u00f6\u00f6aeg, v\u00f5imsam ja kiirem.<br \/>\n Kruviotsik p\u00fcsib t\u00e4nu p\u00f6\u00f6rdl\u00f6\u00f6gile kruvipea k\u00fcljes tugevasti kinni.<br \/>\n Kompaktne 1\/4 &#8221; sisekuuskant kiirpadrun. T\u00f6\u00f6riist ja aku on varustatud kaitses\u00fcsteemiga, mis l\u00fclitab t\u00f6\u00f6riista toitevoolu automaatselt v\u00e4lja, et pikendada aku eluiga.<br \/>\nLED lamp valgustab t\u00f6\u00f6koha.<br \/>\n<strong>Tehnilised andmed:<\/strong><br\/ > P\u00f6\u00f6rete arv: 0 &#8211; 3400 min\u207b\u00b9<br \/>Maks. pingutusmoment: 170 Nm<br \/>L\u00f6\u00f6gisagedus: 0 &#8211; 3600 min\u207b\u00b9 <br \/>Standardse poldi pingutusv\u00f5ime: M5 &#8211; M16<\/p>\n\t\t<\/div>\n\t\t\t\t\n<style>\n#col-1749898837 > .col-inner {\n  margin: 0px 0px 15px 0px;\n}\n<\/style>\n\t<\/div>\n\n\t\n<\/div>\n\t\t<\/div>\n\t\t\t\t\t<\/div>\n\n\t\n\n\t<div id=\"col-1823735949\" class=\"col medium-3 small-12 large-3\"  >\n\t\t\t\t<div class=\"col-inner\"  >\n\t\t\t\n\t\t\t\n\t<div id=\"gap-71167667\" class=\"gap-element clearfix\" style=\"display:block; height:auto;\">\n\t\t\n<style>\n#gap-71167667 {\n  padding-top: 30px;\n}\n<\/style>\n\t<\/div>\n\t\n<h3>Kasutusjuhendid<\/h3>\n<p><a href=\"https:\/\/espak.ee\/epood\/wp-content\/uploads\/DDF484-kasutusjuhend.pdf\" target=\"_blank\" rel=\"noopener noreferrer\"><i class=\"far fa-file-pdf\"><\/i> Kasutusjuhend DDF484Z (PDF)<\/a><br \/>\n<a href=\"https:\/\/espak.ee\/epood\/wp-content\/uploads\/DTD153-kasutusjuhend.pdf\" target=\"_blank\" rel=\"noopener noreferrer\"><i class=\"far fa-file-pdf\"><\/i> Kasutusjuhend DTD153Z (PDF)<\/a><\/p>\n<div class=\"is-divider divider clearfix\" ><\/div>\n<p><strong>\u00dcksikasjalikuma n\u00f5u saamiseks v\u00f5tke \u00fchendust:<br \/><\/strong>Espak AS<br \/>Viadukti 42<br \/>11313<br \/>Tallinn<br \/> T\u00f6\u00f6riista osakond +372 6512 335<br \/><a href=\"mailto:tooriist@espak.ee\">tooriist@espak.ee<\/a><\/p>\n\t\t<\/div>\n\t\t\t\t\t<\/div>\n\n\t\n<\/div>\n","protected":false},"excerpt":{"rendered":"","protected":false},"featured_media":25465,"comment_status":"closed","ping_status":"closed","template":"","meta":[],"product_brand":[],"product_cat":[2733,2761,2680,2679],"product_tag":[],"class_list":{"0":"post-23412","1":"product","2":"type-product","3":"status-publish","4":"has-post-thumbnail","6":"product_cat-akutooriistad","7":"product_cat-akutooriistade-komplektid","8":"product_cat-elektritooriistad","9":"product_cat-tooriistad","10":"pa_kaubamark-makita","12":"first","13":"instock","14":"sale","15":"taxable","16":"shipping-taxable","17":"purchasable","18":"product-type-simple"},"yoast_head":"<!-- This site is optimized with the Yoast SEO plugin v26.9 - https:\/\/yoast.com\/product\/yoast-seo-wordpress\/ -->\n<title>COMBOKIT MAKITA DLX2189TJ - Espak E-pood<\/title>\n<meta name=\"robots\" content=\"index, follow, max-snippet:-1, max-image-preview:large, max-video-preview:-1\" \/>\n<link rel=\"canonical\" href=\"https:\/\/espak.ee\/epood\/toode\/combokit-makita-dlx2189tj\/\" \/>\n<meta property=\"og:locale\" content=\"et_EE\" \/>\n<meta property=\"og:type\" content=\"article\" \/>\n<meta property=\"og:title\" content=\"COMBOKIT MAKITA DLX2189TJ - Espak E-pood\" \/>\n<meta property=\"og:url\" content=\"https:\/\/espak.ee\/epood\/toode\/combokit-makita-dlx2189tj\/\" \/>\n<meta property=\"og:site_name\" content=\"Espak E-pood\" \/>\n<meta property=\"article:modified_time\" content=\"2025-06-30T13:21:21+00:00\" \/>\n<meta property=\"og:image\" content=\"https:\/\/espak.ee\/epood\/wp-content\/uploads\/COMBOKIT-MAKITA-DLX2189TJ.jpg\" \/>\n\t<meta property=\"og:image:width\" content=\"591\" \/>\n\t<meta property=\"og:image:height\" content=\"591\" \/>\n\t<meta property=\"og:image:type\" content=\"image\/jpeg\" \/>\n<meta name=\"twitter:card\" content=\"summary_large_image\" \/>\n<meta name=\"twitter:label1\" content=\"Est. reading time\" \/>\n\t<meta name=\"twitter:data1\" content=\"1 minut\" \/>\n<script type=\"application\/ld+json\" class=\"yoast-schema-graph\">{\"@context\":\"https:\/\/schema.org\",\"@graph\":[{\"@type\":\"WebPage\",\"@id\":\"https:\/\/espak.ee\/epood\/toode\/combokit-makita-dlx2189tj\/\",\"url\":\"https:\/\/espak.ee\/epood\/toode\/combokit-makita-dlx2189tj\/\",\"name\":\"COMBOKIT MAKITA DLX2189TJ - Espak E-pood\",\"isPartOf\":{\"@id\":\"https:\/\/espak.ee\/epood\/#website\"},\"primaryImageOfPage\":{\"@id\":\"https:\/\/espak.ee\/epood\/toode\/combokit-makita-dlx2189tj\/#primaryimage\"},\"image\":{\"@id\":\"https:\/\/espak.ee\/epood\/toode\/combokit-makita-dlx2189tj\/#primaryimage\"},\"thumbnailUrl\":\"https:\/\/espak.ee\/epood\/wp-content\/uploads\/COMBOKIT-MAKITA-DLX2189TJ.jpg\",\"datePublished\":\"2020-04-30T01:51:42+00:00\",\"dateModified\":\"2025-06-30T13:21:21+00:00\",\"breadcrumb\":{\"@id\":\"https:\/\/espak.ee\/epood\/toode\/combokit-makita-dlx2189tj\/#breadcrumb\"},\"inLanguage\":\"et\",\"potentialAction\":[{\"@type\":\"ReadAction\",\"target\":[\"https:\/\/espak.ee\/epood\/toode\/combokit-makita-dlx2189tj\/\"]}]},{\"@type\":\"ImageObject\",\"inLanguage\":\"et\",\"@id\":\"https:\/\/espak.ee\/epood\/toode\/combokit-makita-dlx2189tj\/#primaryimage\",\"url\":\"https:\/\/espak.ee\/epood\/wp-content\/uploads\/COMBOKIT-MAKITA-DLX2189TJ.jpg\",\"contentUrl\":\"https:\/\/espak.ee\/epood\/wp-content\/uploads\/COMBOKIT-MAKITA-DLX2189TJ.jpg\",\"width\":591,\"height\":591},{\"@type\":\"BreadcrumbList\",\"@id\":\"https:\/\/espak.ee\/epood\/toode\/combokit-makita-dlx2189tj\/#breadcrumb\",\"itemListElement\":[{\"@type\":\"ListItem\",\"position\":1,\"name\":\"Home\",\"item\":\"https:\/\/espak.ee\/epood\/\"},{\"@type\":\"ListItem\",\"position\":2,\"name\":\"Tootevalik\",\"item\":\"https:\/\/espak.ee\/epood\/tootevalik\/\"},{\"@type\":\"ListItem\",\"position\":3,\"name\":\"COMBOKIT MAKITA DLX2189TJ\"}]},{\"@type\":\"WebSite\",\"@id\":\"https:\/\/espak.ee\/epood\/#website\",\"url\":\"https:\/\/espak.ee\/epood\/\",\"name\":\"Espak E-pood\",\"description\":\"\",\"potentialAction\":[{\"@type\":\"SearchAction\",\"target\":{\"@type\":\"EntryPoint\",\"urlTemplate\":\"https:\/\/espak.ee\/epood\/?s={search_term_string}\"},\"query-input\":{\"@type\":\"PropertyValueSpecification\",\"valueRequired\":true,\"valueName\":\"search_term_string\"}}],\"inLanguage\":\"et\"}]}<\/script>\n<!-- \/ Yoast SEO plugin. -->","yoast_head_json":{"title":"COMBOKIT MAKITA DLX2189TJ - Espak E-pood","robots":{"index":"index","follow":"follow","max-snippet":"max-snippet:-1","max-image-preview":"max-image-preview:large","max-video-preview":"max-video-preview:-1"},"canonical":"https:\/\/espak.ee\/epood\/toode\/combokit-makita-dlx2189tj\/","og_locale":"et_EE","og_type":"article","og_title":"COMBOKIT MAKITA DLX2189TJ - Espak E-pood","og_url":"https:\/\/espak.ee\/epood\/toode\/combokit-makita-dlx2189tj\/","og_site_name":"Espak E-pood","article_modified_time":"2025-06-30T13:21:21+00:00","og_image":[{"width":591,"height":591,"url":"https:\/\/espak.ee\/epood\/wp-content\/uploads\/COMBOKIT-MAKITA-DLX2189TJ.jpg","type":"image\/jpeg"}],"twitter_card":"summary_large_image","twitter_misc":{"Est. reading time":"1 minut"},"schema":{"@context":"https:\/\/schema.org","@graph":[{"@type":"WebPage","@id":"https:\/\/espak.ee\/epood\/toode\/combokit-makita-dlx2189tj\/","url":"https:\/\/espak.ee\/epood\/toode\/combokit-makita-dlx2189tj\/","name":"COMBOKIT MAKITA DLX2189TJ - Espak E-pood","isPartOf":{"@id":"https:\/\/espak.ee\/epood\/#website"},"primaryImageOfPage":{"@id":"https:\/\/espak.ee\/epood\/toode\/combokit-makita-dlx2189tj\/#primaryimage"},"image":{"@id":"https:\/\/espak.ee\/epood\/toode\/combokit-makita-dlx2189tj\/#primaryimage"},"thumbnailUrl":"https:\/\/espak.ee\/epood\/wp-content\/uploads\/COMBOKIT-MAKITA-DLX2189TJ.jpg","datePublished":"2020-04-30T01:51:42+00:00","dateModified":"2025-06-30T13:21:21+00:00","breadcrumb":{"@id":"https:\/\/espak.ee\/epood\/toode\/combokit-makita-dlx2189tj\/#breadcrumb"},"inLanguage":"et","potentialAction":[{"@type":"ReadAction","target":["https:\/\/espak.ee\/epood\/toode\/combokit-makita-dlx2189tj\/"]}]},{"@type":"ImageObject","inLanguage":"et","@id":"https:\/\/espak.ee\/epood\/toode\/combokit-makita-dlx2189tj\/#primaryimage","url":"https:\/\/espak.ee\/epood\/wp-content\/uploads\/COMBOKIT-MAKITA-DLX2189TJ.jpg","contentUrl":"https:\/\/espak.ee\/epood\/wp-content\/uploads\/COMBOKIT-MAKITA-DLX2189TJ.jpg","width":591,"height":591},{"@type":"BreadcrumbList","@id":"https:\/\/espak.ee\/epood\/toode\/combokit-makita-dlx2189tj\/#breadcrumb","itemListElement":[{"@type":"ListItem","position":1,"name":"Home","item":"https:\/\/espak.ee\/epood\/"},{"@type":"ListItem","position":2,"name":"Tootevalik","item":"https:\/\/espak.ee\/epood\/tootevalik\/"},{"@type":"ListItem","position":3,"name":"COMBOKIT MAKITA DLX2189TJ"}]},{"@type":"WebSite","@id":"https:\/\/espak.ee\/epood\/#website","url":"https:\/\/espak.ee\/epood\/","name":"Espak E-pood","description":"","potentialAction":[{"@type":"SearchAction","target":{"@type":"EntryPoint","urlTemplate":"https:\/\/espak.ee\/epood\/?s={search_term_string}"},"query-input":{"@type":"PropertyValueSpecification","valueRequired":true,"valueName":"search_term_string"}}],"inLanguage":"et"}]}},"_links":{"self":[{"href":"https:\/\/espak.ee\/epood\/wp-json\/wp\/v2\/product\/23412","targetHints":{"allow":["GET"]}}],"collection":[{"href":"https:\/\/espak.ee\/epood\/wp-json\/wp\/v2\/product"}],"about":[{"href":"https:\/\/espak.ee\/epood\/wp-json\/wp\/v2\/types\/product"}],"replies":[{"embeddable":true,"href":"https:\/\/espak.ee\/epood\/wp-json\/wp\/v2\/comments?post=23412"}],"wp:featuredmedia":[{"embeddable":true,"href":"https:\/\/espak.ee\/epood\/wp-json\/wp\/v2\/media\/25465"}],"wp:attachment":[{"href":"https:\/\/espak.ee\/epood\/wp-json\/wp\/v2\/media?parent=23412"}],"wp:term":[{"taxonomy":"product_brand","embeddable":true,"href":"https:\/\/espak.ee\/epood\/wp-json\/wp\/v2\/product_brand?post=23412"},{"taxonomy":"product_cat","embeddable":true,"href":"https:\/\/espak.ee\/epood\/wp-json\/wp\/v2\/product_cat?post=23412"},{"taxonomy":"product_tag","embeddable":true,"href":"https:\/\/espak.ee\/epood\/wp-json\/wp\/v2\/product_tag?post=23412"}],"curies":[{"name":"wp","href":"https:\/\/api.w.org\/{rel}","templated":true}]}}