{"id":233917,"date":"2025-04-12T05:05:02","date_gmt":"2025-04-12T02:05:02","guid":{"rendered":"https:\/\/espak.ee\/epood\/?post_type=product&#038;p=233917"},"modified":"2026-04-12T17:09:44","modified_gmt":"2026-04-12T14:09:44","slug":"betoonivalu-papptoru-1501200mm","status":"publish","type":"product","link":"https:\/\/espak.ee\/epood\/toode\/betoonivalu-papptoru-1501200mm\/","title":{"rendered":"BETOONIVALU PAPPTORU 150*1200MM"},"content":{"rendered":"<div class=\"row\"  id=\"row-1991097118\">\n\n\t<div id=\"col-876934185\" class=\"col medium-9 small-12 large-9\"  >\n\t\t\t\t<div class=\"col-inner\"  >\n\t\t\t\n\t\t\t\n<h3>Betoonivalu papptoru 150*1200mm<\/h3>\n<p>Papist toru kasutatakse sageli terrassi, kuuri v\u00f5i m\u00f5ne muu kergehitise vundamendi betoonist valamiseks. <\/p>\n<p>Papptoru eeliseks plastikust kanalisatsioonitoru ja metallist ventilatsioonitoru ees on hind ja lihtsam t\u00f6\u00f6tlemine. Lihtsam t\u00f6\u00f6tlemine t\u00e4hendab seda, et papist toru \u00f5igesse pikkusesse l\u00f5ikamine ehituse k\u00e4igus on alternatiividest kiirem. Peale maapinda asetamist on lihtne papptorust vormi vajadusel l\u00fchemaks l\u00f5igata. P\u00e4rast vundamendi valamist saab papptoru betoonvalu \u00fcmbert soovi korral noaga eemaldada.<br \/>\nTehnilisest aspektist puuduv vajadus papptoru eemaldamiseks kuivanud betooni \u00fcmbert.<br \/>\nK\u00f5ikide papptorude sisepind on kaetud niiskust h\u00fclgava paberiga.\n<\/p>\n<p>Papptoru pikkusega 1200mm on ajalooliselt meie klientide poolt enim eelistatud pikkus kergehitiste vundamendi valamiseks. See on ka pikkus, mida klientidel on mugav isikliku autoga transportida. Enamik kergehitiste rajajaid soovib, et vundament oleks maas ca 900mm, see v\u00f5imaldab 1200mm papptorust tuua 300mm maapinnale. Kui postvundament on liiga madalal maa sees, siis v\u00f5ib k\u00fclmakerge (maapinnas oleva niiskuse j\u00e4\u00e4tumine) vundamenti liigutada.<br \/>\nEripikkusega toodete ooteaeg on keskmiselt 10 p\u00e4eva. Kui eripikkusega papptoru ulatub maapinnast v\u00e4lja rohkem kui 600mm, siis on soovituslik valuvormi ka maapinnal minimaalselt fikseerida. Vastasel korral on oht, et valuvormi asend muutub betooni t\u00e4is valamisel.<br \/>\nMaapinda tehakse auk papist torule kasutades pinnasepuuri.<\/p>\n<p><strong>Ladustamine: <\/strong>Kuigi betooni valamiseks m\u00f5eldud paberist torude sise- ja v\u00e4lispind on niiskuskindel, ei saa neid ladustada \u00f5ues avatuna vihmale. Kui tekib vajadus torusid \u00f5ues ladustada, siis tuleks need katta \u00fclevalt poolt kilega ja t\u00f5sta maapinnast ca 10cm k\u00f5rgusele, samuti v\u00f5imaldada otstest \u00f5hu liikumine. K\u00fclmas (niiskes) ruumis ladustades torude tugevus langeb, kuid enamikel juhtudel on need (peale kuivatamist) ikkagi valuvormina kasutamiseks piisavalt tugevad.<\/p>\n\t\t<\/div>\n\t\t\t\t\t<\/div>\n\n\t\n\n\t<div id=\"col-1286425832\" class=\"col medium-3 small-12 large-3\"  >\n\t\t\t\t<div class=\"col-inner\"  >\n\t\t\t\n\t\t\t\n<p><strong>\u00dcksikasjalikuma n\u00f5u saamiseks v\u00f5tke \u00fchendust:<br \/><\/strong>Estonian Tube Production O\u00dc<br \/>T\u00e4hetorni 23<br \/>11625<br \/>Tallinn<br \/>+372 56 940 970<\/p>\n\t\t<\/div>\n\t\t\t\t\t<\/div>\n\n\t\n<\/div>\n","protected":false},"excerpt":{"rendered":"","protected":false},"featured_media":234050,"comment_status":"closed","ping_status":"closed","template":"","meta":[],"product_brand":[],"product_cat":[2860,2698,2814,2697],"product_tag":[],"class_list":{"0":"post-233917","1":"product","2":"type-product","3":"status-publish","4":"has-post-thumbnail","6":"product_cat-betoon","7":"product_cat-pahtlid-ja-kuivsegud","8":"product_cat-tsementsegud","9":"product_cat-uldehitus","11":"first","12":"outofstock","13":"sale","14":"taxable","15":"shipping-taxable","16":"purchasable","17":"product-type-simple"},"yoast_head":"<!-- This site is optimized with the Yoast SEO plugin v26.9 - https:\/\/yoast.com\/product\/yoast-seo-wordpress\/ -->\n<title>BETOONIVALU PAPPTORU 150*1200MM - Espak E-pood<\/title>\n<meta name=\"robots\" content=\"index, follow, max-snippet:-1, max-image-preview:large, max-video-preview:-1\" \/>\n<link rel=\"canonical\" href=\"https:\/\/espak.ee\/epood\/toode\/betoonivalu-papptoru-1501200mm\/\" \/>\n<meta property=\"og:locale\" content=\"et_EE\" \/>\n<meta property=\"og:type\" content=\"article\" \/>\n<meta property=\"og:title\" content=\"BETOONIVALU PAPPTORU 150*1200MM - Espak E-pood\" \/>\n<meta property=\"og:url\" content=\"https:\/\/espak.ee\/epood\/toode\/betoonivalu-papptoru-1501200mm\/\" \/>\n<meta property=\"og:site_name\" content=\"Espak E-pood\" \/>\n<meta property=\"article:modified_time\" content=\"2026-04-12T14:09:44+00:00\" \/>\n<meta property=\"og:image\" content=\"https:\/\/espak.ee\/epood\/wp-content\/uploads\/2025\/04\/papptoru-betoonivalu-scaled-1.jpg\" \/>\n\t<meta property=\"og:image:width\" content=\"1000\" \/>\n\t<meta property=\"og:image:height\" content=\"1000\" \/>\n\t<meta property=\"og:image:type\" content=\"image\/jpeg\" \/>\n<meta name=\"twitter:card\" content=\"summary_large_image\" \/>\n<meta name=\"twitter:label1\" content=\"Est. reading time\" \/>\n\t<meta name=\"twitter:data1\" content=\"1 minut\" \/>\n<script type=\"application\/ld+json\" class=\"yoast-schema-graph\">{\"@context\":\"https:\/\/schema.org\",\"@graph\":[{\"@type\":\"WebPage\",\"@id\":\"https:\/\/espak.ee\/epood\/toode\/betoonivalu-papptoru-1501200mm\/\",\"url\":\"https:\/\/espak.ee\/epood\/toode\/betoonivalu-papptoru-1501200mm\/\",\"name\":\"BETOONIVALU PAPPTORU 150*1200MM - Espak E-pood\",\"isPartOf\":{\"@id\":\"https:\/\/espak.ee\/epood\/#website\"},\"primaryImageOfPage\":{\"@id\":\"https:\/\/espak.ee\/epood\/toode\/betoonivalu-papptoru-1501200mm\/#primaryimage\"},\"image\":{\"@id\":\"https:\/\/espak.ee\/epood\/toode\/betoonivalu-papptoru-1501200mm\/#primaryimage\"},\"thumbnailUrl\":\"https:\/\/espak.ee\/epood\/wp-content\/uploads\/2025\/04\/papptoru-betoonivalu-scaled-1.jpg\",\"datePublished\":\"2025-04-12T02:05:02+00:00\",\"dateModified\":\"2026-04-12T14:09:44+00:00\",\"breadcrumb\":{\"@id\":\"https:\/\/espak.ee\/epood\/toode\/betoonivalu-papptoru-1501200mm\/#breadcrumb\"},\"inLanguage\":\"et\",\"potentialAction\":[{\"@type\":\"ReadAction\",\"target\":[\"https:\/\/espak.ee\/epood\/toode\/betoonivalu-papptoru-1501200mm\/\"]}]},{\"@type\":\"ImageObject\",\"inLanguage\":\"et\",\"@id\":\"https:\/\/espak.ee\/epood\/toode\/betoonivalu-papptoru-1501200mm\/#primaryimage\",\"url\":\"https:\/\/espak.ee\/epood\/wp-content\/uploads\/2025\/04\/papptoru-betoonivalu-scaled-1.jpg\",\"contentUrl\":\"https:\/\/espak.ee\/epood\/wp-content\/uploads\/2025\/04\/papptoru-betoonivalu-scaled-1.jpg\",\"width\":1000,\"height\":1000},{\"@type\":\"BreadcrumbList\",\"@id\":\"https:\/\/espak.ee\/epood\/toode\/betoonivalu-papptoru-1501200mm\/#breadcrumb\",\"itemListElement\":[{\"@type\":\"ListItem\",\"position\":1,\"name\":\"Home\",\"item\":\"https:\/\/espak.ee\/epood\/\"},{\"@type\":\"ListItem\",\"position\":2,\"name\":\"Tootevalik\",\"item\":\"https:\/\/espak.ee\/epood\/tootevalik\/\"},{\"@type\":\"ListItem\",\"position\":3,\"name\":\"BETOONIVALU PAPPTORU 150*1200MM\"}]},{\"@type\":\"WebSite\",\"@id\":\"https:\/\/espak.ee\/epood\/#website\",\"url\":\"https:\/\/espak.ee\/epood\/\",\"name\":\"Espak E-pood\",\"description\":\"\",\"potentialAction\":[{\"@type\":\"SearchAction\",\"target\":{\"@type\":\"EntryPoint\",\"urlTemplate\":\"https:\/\/espak.ee\/epood\/?s={search_term_string}\"},\"query-input\":{\"@type\":\"PropertyValueSpecification\",\"valueRequired\":true,\"valueName\":\"search_term_string\"}}],\"inLanguage\":\"et\"}]}<\/script>\n<!-- \/ Yoast SEO plugin. -->","yoast_head_json":{"title":"BETOONIVALU PAPPTORU 150*1200MM - Espak E-pood","robots":{"index":"index","follow":"follow","max-snippet":"max-snippet:-1","max-image-preview":"max-image-preview:large","max-video-preview":"max-video-preview:-1"},"canonical":"https:\/\/espak.ee\/epood\/toode\/betoonivalu-papptoru-1501200mm\/","og_locale":"et_EE","og_type":"article","og_title":"BETOONIVALU PAPPTORU 150*1200MM - Espak E-pood","og_url":"https:\/\/espak.ee\/epood\/toode\/betoonivalu-papptoru-1501200mm\/","og_site_name":"Espak E-pood","article_modified_time":"2026-04-12T14:09:44+00:00","og_image":[{"width":1000,"height":1000,"url":"https:\/\/espak.ee\/epood\/wp-content\/uploads\/2025\/04\/papptoru-betoonivalu-scaled-1.jpg","type":"image\/jpeg"}],"twitter_card":"summary_large_image","twitter_misc":{"Est. reading time":"1 minut"},"schema":{"@context":"https:\/\/schema.org","@graph":[{"@type":"WebPage","@id":"https:\/\/espak.ee\/epood\/toode\/betoonivalu-papptoru-1501200mm\/","url":"https:\/\/espak.ee\/epood\/toode\/betoonivalu-papptoru-1501200mm\/","name":"BETOONIVALU PAPPTORU 150*1200MM - Espak E-pood","isPartOf":{"@id":"https:\/\/espak.ee\/epood\/#website"},"primaryImageOfPage":{"@id":"https:\/\/espak.ee\/epood\/toode\/betoonivalu-papptoru-1501200mm\/#primaryimage"},"image":{"@id":"https:\/\/espak.ee\/epood\/toode\/betoonivalu-papptoru-1501200mm\/#primaryimage"},"thumbnailUrl":"https:\/\/espak.ee\/epood\/wp-content\/uploads\/2025\/04\/papptoru-betoonivalu-scaled-1.jpg","datePublished":"2025-04-12T02:05:02+00:00","dateModified":"2026-04-12T14:09:44+00:00","breadcrumb":{"@id":"https:\/\/espak.ee\/epood\/toode\/betoonivalu-papptoru-1501200mm\/#breadcrumb"},"inLanguage":"et","potentialAction":[{"@type":"ReadAction","target":["https:\/\/espak.ee\/epood\/toode\/betoonivalu-papptoru-1501200mm\/"]}]},{"@type":"ImageObject","inLanguage":"et","@id":"https:\/\/espak.ee\/epood\/toode\/betoonivalu-papptoru-1501200mm\/#primaryimage","url":"https:\/\/espak.ee\/epood\/wp-content\/uploads\/2025\/04\/papptoru-betoonivalu-scaled-1.jpg","contentUrl":"https:\/\/espak.ee\/epood\/wp-content\/uploads\/2025\/04\/papptoru-betoonivalu-scaled-1.jpg","width":1000,"height":1000},{"@type":"BreadcrumbList","@id":"https:\/\/espak.ee\/epood\/toode\/betoonivalu-papptoru-1501200mm\/#breadcrumb","itemListElement":[{"@type":"ListItem","position":1,"name":"Home","item":"https:\/\/espak.ee\/epood\/"},{"@type":"ListItem","position":2,"name":"Tootevalik","item":"https:\/\/espak.ee\/epood\/tootevalik\/"},{"@type":"ListItem","position":3,"name":"BETOONIVALU PAPPTORU 150*1200MM"}]},{"@type":"WebSite","@id":"https:\/\/espak.ee\/epood\/#website","url":"https:\/\/espak.ee\/epood\/","name":"Espak E-pood","description":"","potentialAction":[{"@type":"SearchAction","target":{"@type":"EntryPoint","urlTemplate":"https:\/\/espak.ee\/epood\/?s={search_term_string}"},"query-input":{"@type":"PropertyValueSpecification","valueRequired":true,"valueName":"search_term_string"}}],"inLanguage":"et"}]}},"_links":{"self":[{"href":"https:\/\/espak.ee\/epood\/wp-json\/wp\/v2\/product\/233917","targetHints":{"allow":["GET"]}}],"collection":[{"href":"https:\/\/espak.ee\/epood\/wp-json\/wp\/v2\/product"}],"about":[{"href":"https:\/\/espak.ee\/epood\/wp-json\/wp\/v2\/types\/product"}],"replies":[{"embeddable":true,"href":"https:\/\/espak.ee\/epood\/wp-json\/wp\/v2\/comments?post=233917"}],"wp:featuredmedia":[{"embeddable":true,"href":"https:\/\/espak.ee\/epood\/wp-json\/wp\/v2\/media\/234050"}],"wp:attachment":[{"href":"https:\/\/espak.ee\/epood\/wp-json\/wp\/v2\/media?parent=233917"}],"wp:term":[{"taxonomy":"product_brand","embeddable":true,"href":"https:\/\/espak.ee\/epood\/wp-json\/wp\/v2\/product_brand?post=233917"},{"taxonomy":"product_cat","embeddable":true,"href":"https:\/\/espak.ee\/epood\/wp-json\/wp\/v2\/product_cat?post=233917"},{"taxonomy":"product_tag","embeddable":true,"href":"https:\/\/espak.ee\/epood\/wp-json\/wp\/v2\/product_tag?post=233917"}],"curies":[{"name":"wp","href":"https:\/\/api.w.org\/{rel}","templated":true}]}}