{"id":233072,"date":"2025-04-04T05:05:02","date_gmt":"2025-04-04T02:05:02","guid":{"rendered":"https:\/\/espak.ee\/epood\/?post_type=product&#038;p=233072"},"modified":"2026-03-31T10:05:13","modified_gmt":"2026-03-31T07:05:13","slug":"terraflex-kastmisvaetis-3kg-horticom","status":"publish","type":"product","link":"https:\/\/espak.ee\/epood\/toode\/terraflex-kastmisvaetis-3kg-horticom\/","title":{"rendered":"TERRAFLEX KASTMISV\u00c4ETIS 3KG HORTICOM"},"content":{"rendered":"<div class=\"row\"  id=\"row-1313096905\">\n\n\t<div id=\"col-1963211859\" class=\"col medium-9 small-12 large-9\"  >\n\t\t\t\t<div class=\"col-inner\"  >\n\t\t\t\n\t\t\t\n<h3>Terraflex kastmisv\u00e4etis Horticom 3kg<\/h3>\n<p>Sobib k\u00f5ikide suvelillede ja p\u00fcsikute v\u00e4etamiseks, parandades taimede kasvu, kiirendades \u00f5itsemise algust ning tagades rikkaliku \u00f5itsemise kuni kasvuperioodi l\u00f5puni. Suur kaaliumisisaldus tagab eluj\u00f5ulised taimed ja erkasav\u00e4rvilised \u00f5ied.<\/p>\n<p><strong>Kasutamine: <\/strong>Lahustage pulber kastmisvees ja kastke 1x n\u00e4dalas 1-1,5g\/L. V\u00e4etada hommiku- v\u00f5i \u00f5htutundidel v\u00f5i siis pilves ilmaga.<\/p>\n<p><strong>Koostis ja toimeaine: <\/strong>\u00dcldl\u00e4mmastik (N) 15,0; nitraatl\u00e4mmastik (N-N3) 10; ammooniuml\u00e4mmastik (N-NH4) 5; \u00fcldfosforpentaoksiid (P2O5) 8; vees lah.osa 8%, neutraalses ammooniumnitraadis lahustuv osa 8%, kaaliumoksiid (K2O) 25; veeslah. magneesiumoksiid (MgO) 3,5. Mikroelemendid on t\u00e4ielikult vees lahustuvad: 0,0250% Boor (B), boorhappena \/ 0,0035% Vask (Cu), sulfaadina \/ 0,0800% Raud (Fe) 0,0370% EDTA kelaadina, 0,043% EDDHA kelaadina\/ 0,0450% Mangaan (Mn), sulfaadina \/ 0,0040% Mol\u00fcbteen (Mo), naatriumina \/ 0,0250% Tsink (Zn), sulfaadina. V\u00e4hese kloorisisaldusega.<br \/>\nKoostis: kaaliumnitraat (CAS n\u00b0: 7757-79-1), ammooniumnitraat1 (CAS: 6484-52-2), monoammooniumfosfaat (CAS n\u00b0: 7722-76-1), magneesiumsulfaat (CAS N\u00b0 7487-88-9).<\/p>\n<p><strong>Hoiustamine: <\/strong>Hoida suletuna originaalpakendis, kuivas, jahedas, otsese p\u00e4ikese eest varjatult, lastele ja loomadele k\u00e4ttesaamatus kohas. Hoida eemal soojusallikast, kuumadest pindadest, s\u00e4demetest, leekidest ja muudest s\u00fc\u00fcteallikatest. Mitte suitsetada. Hoida eemal r\u00f5ivastest ja muust s\u00fcttivast materjalist.<\/p>\n<p><strong>Ohutus: <\/strong>V\u00e4etise sattumisel silma pesta silmi rohke veega. Allaneelamisel p\u00f6\u00f6rduda vajadusel arsti poole. Kanda kaitsekindaid\/kaitser\u00f5ivastust\/kaitseprille\/kaitsemaski.<\/p>\n\t\t<\/div>\n\t\t\t\t\t<\/div>\n\n\t\n\n\t<div id=\"col-778633539\" class=\"col medium-3 small-12 large-3\"  >\n\t\t\t\t<div class=\"col-inner\"  >\n\t\t\t\n\t\t\t\n<div class=\"is-divider divider clearfix\" ><\/div>\n<p><strong>\u00dcksikasjalikuma n\u00f5u saamiseks v\u00f5tke \u00fchendust:<br \/><\/strong>Horticom O\u00dc<br \/>Loom\u00e4e tee 11<br \/>75306<br \/>Rae vald<br \/> +372 6011 727<\/p>\n\t\t<\/div>\n\t\t\t\t\t<\/div>\n\n\t\n<\/div>\n","protected":false},"excerpt":{"rendered":"","protected":false},"featured_media":233096,"comment_status":"closed","ping_status":"closed","template":"","meta":[],"product_brand":[],"product_cat":[2789,2788,2878,2877],"product_tag":[],"class_list":{"0":"post-233072","1":"product","2":"type-product","3":"status-publish","4":"has-post-thumbnail","6":"product_cat-aiatarbed","7":"product_cat-aiatarbed-ja-kodukaubad","8":"product_cat-aiavaetised","9":"product_cat-vaetised","10":"pa_kaubamark-horticom-ou","12":"first","13":"instock","14":"sale","15":"taxable","16":"shipping-taxable","17":"purchasable","18":"product-type-simple"},"yoast_head":"<!-- This site is optimized with the Yoast SEO plugin v26.9 - https:\/\/yoast.com\/product\/yoast-seo-wordpress\/ -->\n<title>TERRAFLEX KASTMISV\u00c4ETIS 3KG HORTICOM - Espak E-pood<\/title>\n<meta name=\"robots\" content=\"index, follow, max-snippet:-1, max-image-preview:large, max-video-preview:-1\" \/>\n<link rel=\"canonical\" href=\"https:\/\/espak.ee\/epood\/toode\/terraflex-kastmisvaetis-3kg-horticom\/\" \/>\n<meta property=\"og:locale\" content=\"et_EE\" \/>\n<meta property=\"og:type\" content=\"article\" \/>\n<meta property=\"og:title\" content=\"TERRAFLEX KASTMISV\u00c4ETIS 3KG HORTICOM - Espak E-pood\" \/>\n<meta property=\"og:url\" content=\"https:\/\/espak.ee\/epood\/toode\/terraflex-kastmisvaetis-3kg-horticom\/\" \/>\n<meta property=\"og:site_name\" content=\"Espak E-pood\" \/>\n<meta property=\"article:modified_time\" content=\"2026-03-31T07:05:13+00:00\" \/>\n<meta property=\"og:image\" content=\"https:\/\/espak.ee\/epood\/wp-content\/uploads\/2025\/04\/product-2324169_0-67000823-2.jpg\" \/>\n\t<meta property=\"og:image:width\" content=\"1000\" \/>\n\t<meta property=\"og:image:height\" content=\"1000\" \/>\n\t<meta property=\"og:image:type\" content=\"image\/jpeg\" \/>\n<meta name=\"twitter:card\" content=\"summary_large_image\" \/>\n<meta name=\"twitter:label1\" content=\"Est. reading time\" \/>\n\t<meta name=\"twitter:data1\" content=\"1 minut\" \/>\n<script type=\"application\/ld+json\" class=\"yoast-schema-graph\">{\"@context\":\"https:\/\/schema.org\",\"@graph\":[{\"@type\":\"WebPage\",\"@id\":\"https:\/\/espak.ee\/epood\/toode\/terraflex-kastmisvaetis-3kg-horticom\/\",\"url\":\"https:\/\/espak.ee\/epood\/toode\/terraflex-kastmisvaetis-3kg-horticom\/\",\"name\":\"TERRAFLEX KASTMISV\u00c4ETIS 3KG HORTICOM - Espak E-pood\",\"isPartOf\":{\"@id\":\"https:\/\/espak.ee\/epood\/#website\"},\"primaryImageOfPage\":{\"@id\":\"https:\/\/espak.ee\/epood\/toode\/terraflex-kastmisvaetis-3kg-horticom\/#primaryimage\"},\"image\":{\"@id\":\"https:\/\/espak.ee\/epood\/toode\/terraflex-kastmisvaetis-3kg-horticom\/#primaryimage\"},\"thumbnailUrl\":\"https:\/\/espak.ee\/epood\/wp-content\/uploads\/2025\/04\/product-2324169_0-67000823-2.jpg\",\"datePublished\":\"2025-04-04T02:05:02+00:00\",\"dateModified\":\"2026-03-31T07:05:13+00:00\",\"breadcrumb\":{\"@id\":\"https:\/\/espak.ee\/epood\/toode\/terraflex-kastmisvaetis-3kg-horticom\/#breadcrumb\"},\"inLanguage\":\"et\",\"potentialAction\":[{\"@type\":\"ReadAction\",\"target\":[\"https:\/\/espak.ee\/epood\/toode\/terraflex-kastmisvaetis-3kg-horticom\/\"]}]},{\"@type\":\"ImageObject\",\"inLanguage\":\"et\",\"@id\":\"https:\/\/espak.ee\/epood\/toode\/terraflex-kastmisvaetis-3kg-horticom\/#primaryimage\",\"url\":\"https:\/\/espak.ee\/epood\/wp-content\/uploads\/2025\/04\/product-2324169_0-67000823-2.jpg\",\"contentUrl\":\"https:\/\/espak.ee\/epood\/wp-content\/uploads\/2025\/04\/product-2324169_0-67000823-2.jpg\",\"width\":1000,\"height\":1000},{\"@type\":\"BreadcrumbList\",\"@id\":\"https:\/\/espak.ee\/epood\/toode\/terraflex-kastmisvaetis-3kg-horticom\/#breadcrumb\",\"itemListElement\":[{\"@type\":\"ListItem\",\"position\":1,\"name\":\"Home\",\"item\":\"https:\/\/espak.ee\/epood\/\"},{\"@type\":\"ListItem\",\"position\":2,\"name\":\"Tootevalik\",\"item\":\"https:\/\/espak.ee\/epood\/tootevalik\/\"},{\"@type\":\"ListItem\",\"position\":3,\"name\":\"TERRAFLEX KASTMISV\u00c4ETIS 3KG HORTICOM\"}]},{\"@type\":\"WebSite\",\"@id\":\"https:\/\/espak.ee\/epood\/#website\",\"url\":\"https:\/\/espak.ee\/epood\/\",\"name\":\"Espak E-pood\",\"description\":\"\",\"potentialAction\":[{\"@type\":\"SearchAction\",\"target\":{\"@type\":\"EntryPoint\",\"urlTemplate\":\"https:\/\/espak.ee\/epood\/?s={search_term_string}\"},\"query-input\":{\"@type\":\"PropertyValueSpecification\",\"valueRequired\":true,\"valueName\":\"search_term_string\"}}],\"inLanguage\":\"et\"}]}<\/script>\n<!-- \/ Yoast SEO plugin. -->","yoast_head_json":{"title":"TERRAFLEX KASTMISV\u00c4ETIS 3KG HORTICOM - Espak E-pood","robots":{"index":"index","follow":"follow","max-snippet":"max-snippet:-1","max-image-preview":"max-image-preview:large","max-video-preview":"max-video-preview:-1"},"canonical":"https:\/\/espak.ee\/epood\/toode\/terraflex-kastmisvaetis-3kg-horticom\/","og_locale":"et_EE","og_type":"article","og_title":"TERRAFLEX KASTMISV\u00c4ETIS 3KG HORTICOM - Espak E-pood","og_url":"https:\/\/espak.ee\/epood\/toode\/terraflex-kastmisvaetis-3kg-horticom\/","og_site_name":"Espak E-pood","article_modified_time":"2026-03-31T07:05:13+00:00","og_image":[{"width":1000,"height":1000,"url":"https:\/\/espak.ee\/epood\/wp-content\/uploads\/2025\/04\/product-2324169_0-67000823-2.jpg","type":"image\/jpeg"}],"twitter_card":"summary_large_image","twitter_misc":{"Est. reading time":"1 minut"},"schema":{"@context":"https:\/\/schema.org","@graph":[{"@type":"WebPage","@id":"https:\/\/espak.ee\/epood\/toode\/terraflex-kastmisvaetis-3kg-horticom\/","url":"https:\/\/espak.ee\/epood\/toode\/terraflex-kastmisvaetis-3kg-horticom\/","name":"TERRAFLEX KASTMISV\u00c4ETIS 3KG HORTICOM - Espak E-pood","isPartOf":{"@id":"https:\/\/espak.ee\/epood\/#website"},"primaryImageOfPage":{"@id":"https:\/\/espak.ee\/epood\/toode\/terraflex-kastmisvaetis-3kg-horticom\/#primaryimage"},"image":{"@id":"https:\/\/espak.ee\/epood\/toode\/terraflex-kastmisvaetis-3kg-horticom\/#primaryimage"},"thumbnailUrl":"https:\/\/espak.ee\/epood\/wp-content\/uploads\/2025\/04\/product-2324169_0-67000823-2.jpg","datePublished":"2025-04-04T02:05:02+00:00","dateModified":"2026-03-31T07:05:13+00:00","breadcrumb":{"@id":"https:\/\/espak.ee\/epood\/toode\/terraflex-kastmisvaetis-3kg-horticom\/#breadcrumb"},"inLanguage":"et","potentialAction":[{"@type":"ReadAction","target":["https:\/\/espak.ee\/epood\/toode\/terraflex-kastmisvaetis-3kg-horticom\/"]}]},{"@type":"ImageObject","inLanguage":"et","@id":"https:\/\/espak.ee\/epood\/toode\/terraflex-kastmisvaetis-3kg-horticom\/#primaryimage","url":"https:\/\/espak.ee\/epood\/wp-content\/uploads\/2025\/04\/product-2324169_0-67000823-2.jpg","contentUrl":"https:\/\/espak.ee\/epood\/wp-content\/uploads\/2025\/04\/product-2324169_0-67000823-2.jpg","width":1000,"height":1000},{"@type":"BreadcrumbList","@id":"https:\/\/espak.ee\/epood\/toode\/terraflex-kastmisvaetis-3kg-horticom\/#breadcrumb","itemListElement":[{"@type":"ListItem","position":1,"name":"Home","item":"https:\/\/espak.ee\/epood\/"},{"@type":"ListItem","position":2,"name":"Tootevalik","item":"https:\/\/espak.ee\/epood\/tootevalik\/"},{"@type":"ListItem","position":3,"name":"TERRAFLEX KASTMISV\u00c4ETIS 3KG HORTICOM"}]},{"@type":"WebSite","@id":"https:\/\/espak.ee\/epood\/#website","url":"https:\/\/espak.ee\/epood\/","name":"Espak E-pood","description":"","potentialAction":[{"@type":"SearchAction","target":{"@type":"EntryPoint","urlTemplate":"https:\/\/espak.ee\/epood\/?s={search_term_string}"},"query-input":{"@type":"PropertyValueSpecification","valueRequired":true,"valueName":"search_term_string"}}],"inLanguage":"et"}]}},"_links":{"self":[{"href":"https:\/\/espak.ee\/epood\/wp-json\/wp\/v2\/product\/233072","targetHints":{"allow":["GET"]}}],"collection":[{"href":"https:\/\/espak.ee\/epood\/wp-json\/wp\/v2\/product"}],"about":[{"href":"https:\/\/espak.ee\/epood\/wp-json\/wp\/v2\/types\/product"}],"replies":[{"embeddable":true,"href":"https:\/\/espak.ee\/epood\/wp-json\/wp\/v2\/comments?post=233072"}],"wp:featuredmedia":[{"embeddable":true,"href":"https:\/\/espak.ee\/epood\/wp-json\/wp\/v2\/media\/233096"}],"wp:attachment":[{"href":"https:\/\/espak.ee\/epood\/wp-json\/wp\/v2\/media?parent=233072"}],"wp:term":[{"taxonomy":"product_brand","embeddable":true,"href":"https:\/\/espak.ee\/epood\/wp-json\/wp\/v2\/product_brand?post=233072"},{"taxonomy":"product_cat","embeddable":true,"href":"https:\/\/espak.ee\/epood\/wp-json\/wp\/v2\/product_cat?post=233072"},{"taxonomy":"product_tag","embeddable":true,"href":"https:\/\/espak.ee\/epood\/wp-json\/wp\/v2\/product_tag?post=233072"}],"curies":[{"name":"wp","href":"https:\/\/api.w.org\/{rel}","templated":true}]}}