{"id":23261,"date":"2020-04-29T04:55:44","date_gmt":"2020-04-29T01:55:44","guid":{"rendered":"https:\/\/espak.ee\/hinnakiri\/?post_type=product&#038;p=23261"},"modified":"2025-08-08T17:17:47","modified_gmt":"2025-08-08T14:17:47","slug":"osb-3-plaat-1812502500","status":"publish","type":"product","link":"https:\/\/espak.ee\/epood\/toode\/osb-3-plaat-1812502500\/","title":{"rendered":"OSB-3 PLAAT 18*1250*2500"},"content":{"rendered":"<div class=\"row\"  id=\"row-996063529\">\n\n\t<div id=\"col-357555575\" class=\"col medium-9 small-12 large-9\"  >\n\t\t\t\t<div class=\"col-inner\"  >\n\t\t\t\n\t\t\t\n<h3>OSB-3 PLAAT 18*1250*2500 mm<\/h3>\n<p>OSB 3 on koormust taluv puidup\u00f5hine plaat, mis koosneb suunatud laastude ja valguga seotud peenikeste kiudude kihtidest.<br \/>\nOSB 3 on praegu m\u00fc\u00fcgilolevatest k\u00f5ige progressiivsem OSB t\u00fc\u00fcp. OSB 3 on v\u00e4lja t\u00f6\u00f6tatud ja valmistatud koosk\u00f5las t\u00e4nap\u00e4eva orgaanilistele materjalidele keskendunud \u00f6koloogilise elustiili n\u00f5uetega. Sobiva puidu ja sideainega OSB 3 vastab keskkonnas\u00e4\u00e4stlike hoonete rangetele standarditele.<br \/>\n<div class=\"message-box relative\" style=\"padding-top:15px;padding-bottom:15px;\"><div class=\"message-box-bg-image bg-fill fill\" ><\/div><div class=\"message-box-bg-overlay bg-fill fill\" ><\/div><div class=\"container relative\"><div class=\"inner last-reset\">\n<div class=\"row align-middle align-center\"  id=\"row-1556920752\">\n\n\t<div id=\"col-86362697\" class=\"col small-12 large-12\"  >\n\t\t\t\t<div class=\"col-inner text-left\"  >\n\t\t\t\n\t\t\t\n<h4>Omadused<\/h4>\n<div class=\"row\"  id=\"row-411882482\">\n\n\t<div id=\"col-269453110\" class=\"col medium-6 small-12 large-6\"  >\n\t\t\t\t<div class=\"col-inner\"  >\n\t\t\t\n\t\t\t\n<p><i class=\"fa fa-check fa-2x\"><\/i>Suurem vastupidavus niisketele tingimustele<\/p>\n<p><i class=\"fa fa-check fa-2x\"><\/i>Suur koormustaluvus ja j\u00e4ikus ehituses<\/p>\n<p><i class=\"fa fa-check fa-2x\"><\/i>V\u00e4ga t\u00e4psed m\u00f5\u00f5tmed ja kuju stabiilsus<\/p>\n\t\t<\/div>\n\t\t\t\t\n<style>\n#col-269453110 > .col-inner {\n  margin: 10px 0px 15px 0px;\n}\n<\/style>\n\t<\/div>\n\n\t\n\n\t<div id=\"col-104396021\" class=\"col medium-6 small-12 large-6\"  >\n\t\t\t\t<div class=\"col-inner\"  >\n\t\t\t\n\t\t\t\n<p><i class=\"fa fa-check fa-2x\"><\/i>Suur elastsus ja l\u00f6\u00f6gikindlus<\/p>\n<p><i class=\"fa fa-check fa-2x\"><\/i>Lihtne tavaliste puidut\u00f6\u00f6riistadega t\u00f6\u00f6delda<\/p>\n<p><i class=\"fa fa-check fa-2x\"><\/i>Keskkonnas\u00f5bralik, ringlusse v\u00f5etav toode<\/p>\n\t\t<\/div>\n\t\t\t\t\n<style>\n#col-104396021 > .col-inner {\n  margin: 10px 0px 15px 0px;\n}\n<\/style>\n\t<\/div>\n\n\t\n<\/div>\n\t\t<\/div>\n\t\t\t\t\t<\/div>\n\n\t\n<\/div>\n<\/div><\/div><\/div>\n\t<div id=\"gap-1488751405\" class=\"gap-element clearfix\" style=\"display:block; height:auto;\">\n\t\t\n<style>\n#gap-1488751405 {\n  padding-top: 30px;\n}\n<\/style>\n\t<\/div>\n\t\n<h3>Kasutamine<\/h3>\n<p><strong>Kasutamine konstruktsioonides:<\/strong> seinad, p\u00f5randad, katused, trepikojad, piirded<br \/>\n<strong>Sisustus:<\/strong> m\u00f6\u00f6blielemendid, dekoratiivsed elemendid siseruumides, pehme m\u00f6\u00f6bli raamid, uksepaneelid, fassaadikatted ja vaheseinad<br \/>\n<strong>Pakend:<\/strong> transpordikastid ja konteinerid, alused<br \/>\n-Jaekaubandus ja n\u00e4itused<br \/>\n-Laohaldus (riiulid jne)<\/p>\n<p><strong>Standard:<\/strong> EN 300 &#8211; type OSB 3; EN 13501-1: class D-s1, d0; EN 13986:2004+A1:2015<\/p>\n<p><strong>Emissiooniklass:<\/strong> E1 (EN ISO 12460-5)<\/p>\n\t\t<\/div>\n\t\t\t\t\t<\/div>\n\n\t\n<\/div>\n","protected":false},"excerpt":{"rendered":"","protected":false},"featured_media":23541,"comment_status":"closed","ping_status":"open","template":"","meta":[],"product_brand":[],"product_cat":[2910,3168,3169,2697],"product_tag":[],"class_list":{"0":"post-23261","1":"product","2":"type-product","3":"status-publish","4":"has-post-thumbnail","6":"product_cat-ehitusplaadid","7":"product_cat-osb-plaadid","8":"product_cat-osb-plaadid-osb-plaadid","9":"product_cat-uldehitus","10":"pa_kaubamark-kronospan-riga","12":"first","13":"instock","14":"sale","15":"taxable","16":"shipping-taxable","17":"purchasable","18":"product-type-simple"},"yoast_head":"<!-- This site is optimized with the Yoast SEO plugin v26.9 - https:\/\/yoast.com\/product\/yoast-seo-wordpress\/ -->\n<title>OSB-3 PLAAT 18*1250*2500 - Espak E-pood<\/title>\n<meta name=\"robots\" content=\"index, follow, max-snippet:-1, max-image-preview:large, max-video-preview:-1\" \/>\n<link rel=\"canonical\" href=\"https:\/\/espak.ee\/epood\/toode\/osb-3-plaat-1812502500\/\" \/>\n<meta property=\"og:locale\" content=\"et_EE\" \/>\n<meta property=\"og:type\" content=\"article\" \/>\n<meta property=\"og:title\" content=\"OSB-3 PLAAT 18*1250*2500 - Espak E-pood\" \/>\n<meta property=\"og:url\" content=\"https:\/\/espak.ee\/epood\/toode\/osb-3-plaat-1812502500\/\" \/>\n<meta property=\"og:site_name\" content=\"Espak E-pood\" \/>\n<meta property=\"article:modified_time\" content=\"2025-08-08T14:17:47+00:00\" \/>\n<meta property=\"og:image\" content=\"https:\/\/espak.ee\/epood\/wp-content\/uploads\/osb_plaat.jpg\" \/>\n\t<meta property=\"og:image:width\" content=\"1800\" \/>\n\t<meta property=\"og:image:height\" content=\"1200\" \/>\n\t<meta property=\"og:image:type\" content=\"image\/jpeg\" \/>\n<meta name=\"twitter:card\" content=\"summary_large_image\" \/>\n<meta name=\"twitter:label1\" content=\"Est. reading time\" \/>\n\t<meta name=\"twitter:data1\" content=\"1 minut\" \/>\n<script type=\"application\/ld+json\" class=\"yoast-schema-graph\">{\"@context\":\"https:\/\/schema.org\",\"@graph\":[{\"@type\":\"WebPage\",\"@id\":\"https:\/\/espak.ee\/epood\/toode\/osb-3-plaat-1812502500\/\",\"url\":\"https:\/\/espak.ee\/epood\/toode\/osb-3-plaat-1812502500\/\",\"name\":\"OSB-3 PLAAT 18*1250*2500 - Espak E-pood\",\"isPartOf\":{\"@id\":\"https:\/\/espak.ee\/epood\/#website\"},\"primaryImageOfPage\":{\"@id\":\"https:\/\/espak.ee\/epood\/toode\/osb-3-plaat-1812502500\/#primaryimage\"},\"image\":{\"@id\":\"https:\/\/espak.ee\/epood\/toode\/osb-3-plaat-1812502500\/#primaryimage\"},\"thumbnailUrl\":\"https:\/\/espak.ee\/epood\/wp-content\/uploads\/osb_plaat.jpg\",\"datePublished\":\"2020-04-29T01:55:44+00:00\",\"dateModified\":\"2025-08-08T14:17:47+00:00\",\"breadcrumb\":{\"@id\":\"https:\/\/espak.ee\/epood\/toode\/osb-3-plaat-1812502500\/#breadcrumb\"},\"inLanguage\":\"et\",\"potentialAction\":[{\"@type\":\"ReadAction\",\"target\":[\"https:\/\/espak.ee\/epood\/toode\/osb-3-plaat-1812502500\/\"]}]},{\"@type\":\"ImageObject\",\"inLanguage\":\"et\",\"@id\":\"https:\/\/espak.ee\/epood\/toode\/osb-3-plaat-1812502500\/#primaryimage\",\"url\":\"https:\/\/espak.ee\/epood\/wp-content\/uploads\/osb_plaat.jpg\",\"contentUrl\":\"https:\/\/espak.ee\/epood\/wp-content\/uploads\/osb_plaat.jpg\",\"width\":1800,\"height\":1200},{\"@type\":\"BreadcrumbList\",\"@id\":\"https:\/\/espak.ee\/epood\/toode\/osb-3-plaat-1812502500\/#breadcrumb\",\"itemListElement\":[{\"@type\":\"ListItem\",\"position\":1,\"name\":\"Home\",\"item\":\"https:\/\/espak.ee\/epood\/\"},{\"@type\":\"ListItem\",\"position\":2,\"name\":\"Tootevalik\",\"item\":\"https:\/\/espak.ee\/epood\/tootevalik\/\"},{\"@type\":\"ListItem\",\"position\":3,\"name\":\"OSB-3 PLAAT 18*1250*2500\"}]},{\"@type\":\"WebSite\",\"@id\":\"https:\/\/espak.ee\/epood\/#website\",\"url\":\"https:\/\/espak.ee\/epood\/\",\"name\":\"Espak E-pood\",\"description\":\"\",\"potentialAction\":[{\"@type\":\"SearchAction\",\"target\":{\"@type\":\"EntryPoint\",\"urlTemplate\":\"https:\/\/espak.ee\/epood\/?s={search_term_string}\"},\"query-input\":{\"@type\":\"PropertyValueSpecification\",\"valueRequired\":true,\"valueName\":\"search_term_string\"}}],\"inLanguage\":\"et\"}]}<\/script>\n<!-- \/ Yoast SEO plugin. -->","yoast_head_json":{"title":"OSB-3 PLAAT 18*1250*2500 - Espak E-pood","robots":{"index":"index","follow":"follow","max-snippet":"max-snippet:-1","max-image-preview":"max-image-preview:large","max-video-preview":"max-video-preview:-1"},"canonical":"https:\/\/espak.ee\/epood\/toode\/osb-3-plaat-1812502500\/","og_locale":"et_EE","og_type":"article","og_title":"OSB-3 PLAAT 18*1250*2500 - Espak E-pood","og_url":"https:\/\/espak.ee\/epood\/toode\/osb-3-plaat-1812502500\/","og_site_name":"Espak E-pood","article_modified_time":"2025-08-08T14:17:47+00:00","og_image":[{"width":1800,"height":1200,"url":"https:\/\/espak.ee\/epood\/wp-content\/uploads\/osb_plaat.jpg","type":"image\/jpeg"}],"twitter_card":"summary_large_image","twitter_misc":{"Est. reading time":"1 minut"},"schema":{"@context":"https:\/\/schema.org","@graph":[{"@type":"WebPage","@id":"https:\/\/espak.ee\/epood\/toode\/osb-3-plaat-1812502500\/","url":"https:\/\/espak.ee\/epood\/toode\/osb-3-plaat-1812502500\/","name":"OSB-3 PLAAT 18*1250*2500 - Espak E-pood","isPartOf":{"@id":"https:\/\/espak.ee\/epood\/#website"},"primaryImageOfPage":{"@id":"https:\/\/espak.ee\/epood\/toode\/osb-3-plaat-1812502500\/#primaryimage"},"image":{"@id":"https:\/\/espak.ee\/epood\/toode\/osb-3-plaat-1812502500\/#primaryimage"},"thumbnailUrl":"https:\/\/espak.ee\/epood\/wp-content\/uploads\/osb_plaat.jpg","datePublished":"2020-04-29T01:55:44+00:00","dateModified":"2025-08-08T14:17:47+00:00","breadcrumb":{"@id":"https:\/\/espak.ee\/epood\/toode\/osb-3-plaat-1812502500\/#breadcrumb"},"inLanguage":"et","potentialAction":[{"@type":"ReadAction","target":["https:\/\/espak.ee\/epood\/toode\/osb-3-plaat-1812502500\/"]}]},{"@type":"ImageObject","inLanguage":"et","@id":"https:\/\/espak.ee\/epood\/toode\/osb-3-plaat-1812502500\/#primaryimage","url":"https:\/\/espak.ee\/epood\/wp-content\/uploads\/osb_plaat.jpg","contentUrl":"https:\/\/espak.ee\/epood\/wp-content\/uploads\/osb_plaat.jpg","width":1800,"height":1200},{"@type":"BreadcrumbList","@id":"https:\/\/espak.ee\/epood\/toode\/osb-3-plaat-1812502500\/#breadcrumb","itemListElement":[{"@type":"ListItem","position":1,"name":"Home","item":"https:\/\/espak.ee\/epood\/"},{"@type":"ListItem","position":2,"name":"Tootevalik","item":"https:\/\/espak.ee\/epood\/tootevalik\/"},{"@type":"ListItem","position":3,"name":"OSB-3 PLAAT 18*1250*2500"}]},{"@type":"WebSite","@id":"https:\/\/espak.ee\/epood\/#website","url":"https:\/\/espak.ee\/epood\/","name":"Espak E-pood","description":"","potentialAction":[{"@type":"SearchAction","target":{"@type":"EntryPoint","urlTemplate":"https:\/\/espak.ee\/epood\/?s={search_term_string}"},"query-input":{"@type":"PropertyValueSpecification","valueRequired":true,"valueName":"search_term_string"}}],"inLanguage":"et"}]}},"_links":{"self":[{"href":"https:\/\/espak.ee\/epood\/wp-json\/wp\/v2\/product\/23261","targetHints":{"allow":["GET"]}}],"collection":[{"href":"https:\/\/espak.ee\/epood\/wp-json\/wp\/v2\/product"}],"about":[{"href":"https:\/\/espak.ee\/epood\/wp-json\/wp\/v2\/types\/product"}],"replies":[{"embeddable":true,"href":"https:\/\/espak.ee\/epood\/wp-json\/wp\/v2\/comments?post=23261"}],"wp:featuredmedia":[{"embeddable":true,"href":"https:\/\/espak.ee\/epood\/wp-json\/wp\/v2\/media\/23541"}],"wp:attachment":[{"href":"https:\/\/espak.ee\/epood\/wp-json\/wp\/v2\/media?parent=23261"}],"wp:term":[{"taxonomy":"product_brand","embeddable":true,"href":"https:\/\/espak.ee\/epood\/wp-json\/wp\/v2\/product_brand?post=23261"},{"taxonomy":"product_cat","embeddable":true,"href":"https:\/\/espak.ee\/epood\/wp-json\/wp\/v2\/product_cat?post=23261"},{"taxonomy":"product_tag","embeddable":true,"href":"https:\/\/espak.ee\/epood\/wp-json\/wp\/v2\/product_tag?post=23261"}],"curies":[{"name":"wp","href":"https:\/\/api.w.org\/{rel}","templated":true}]}}