{"id":232225,"date":"2025-03-26T05:10:03","date_gmt":"2025-03-26T03:10:03","guid":{"rendered":"https:\/\/espak.ee\/epood\/?post_type=product&#038;p=232225"},"modified":"2025-03-26T14:08:25","modified_gmt":"2025-03-26T12:08:25","slug":"koogisegisti-oras-optima-pesumasinaventiiliga-2727f","status":"publish","type":"product","link":"https:\/\/espak.ee\/epood\/toode\/koogisegisti-oras-optima-pesumasinaventiiliga-2727f\/","title":{"rendered":"K\u00d6\u00d6GISEGISTI ORAS OPTIMA PESUMASINAVENTIILIGA 2727F"},"content":{"rendered":"<div class=\"row\"  id=\"row-1953046218\">\n\n\t<div id=\"col-1225231260\" class=\"col medium-9 small-12 large-9\"  >\n\t\t\t\t<div class=\"col-inner\"  >\n\t\t\t\n\t\t\t\n<h3>K\u00f6\u00f6gisegisti Oras Optima Hybrid pesumasinaventiiliga<\/h3>\n<p>&#8220;Easy-grip&#8221; sooja ja k\u00fclma vee kahvadega k\u00f6\u00f6gisegisti. Kontaktivaba funktsioon. K\u00f5rge, p\u00f6\u00f6ratav jooksutoru, \u00f5husti. Elektrooniline pesumasinaventiil. Jooksutoru p\u00f6\u00f6rdenurk 120\u00b0 tehaseseades (piiramisv\u00f5imalus 60\u00b0 v\u00f5i 80\u00b0). Kontaktivaba funktsiooni puhul avaneb segisti k\u00e4te viimisel sensori toimealasse ning vee temperatuuri reguleeritakse segisti ja jooksutoru vahelise seadev\u00f5ru p\u00f6\u00f6ramise teel. Kontaktivaba funktsiooni saab lihtsasti sisse\/v\u00e4lja l\u00fclitada. Pesumasinaventiil avaneb valgusnupu vajutamisega ning sulgub automaatselt 4 v\u00f5i 12 tunni j\u00e4rel (l\u00fchike vajutus avab ventiili 4 tunniks, 5-sekundiline vajutus 12 tunniks).<br \/>\n V\u00f5rgutoide l\u00e4bi 230V\/5 V alaldi.<br \/>\n Segisti on varustatud pr\u00fcgip\u00fc\u00fcduritega.<br \/>\n F = painduvad \u00fchendustorud.\n <\/p>\n\t\t<\/div>\n\t\t\t\t\t<\/div>\n\n\t\n\n\t<div id=\"col-1968804098\" class=\"col medium-3 small-12 large-3\"  >\n\t\t\t\t<div class=\"col-inner\"  >\n\t\t\t\n\t\t\t\n\t<div id=\"gap-1004868056\" class=\"gap-element clearfix\" style=\"display:block; height:auto;\">\n\t\t\n<style>\n#gap-1004868056 {\n  padding-top: 30px;\n}\n<\/style>\n\t<\/div>\n\t\n<h3>Tehniline informatsioon<\/h3>\n<p><a href=\"https:\/\/espak.ee\/epood\/wp-content\/uploads\/2025\/03\/2727F.pdf\"target=\"_blank\" rel=\"noopener noreferrer\"><i class=\"far fa-file-pdf\"><\/i> Tehniline info (PDF)<\/a><\/p>\n<h3>Paigaldusjuhend<\/h3>\n<p><a href=\"https:\/\/espak.ee\/epood\/wp-content\/uploads\/2025\/03\/162565_943457-01-22.pdf\"target=\"_blank\" rel=\"noopener noreferrer\"><i class=\"far fa-file-pdf\"><\/i> Paigaldusjuhend (PDF)<\/a><\/p>\n<p><strong>\u00dcksikasjalikuma n\u00f5u saamiseks v\u00f5tke \u00fchendust:<br \/><\/strong>ORAS Ltd. esindus Eestis<br \/>S\u00f5pruse pst. 151<br \/>13 417<br \/>Tallinn<br \/>+372 6210 400<\/p>\n\t\t<\/div>\n\t\t\t\t\t<\/div>\n\n\t\n<\/div>\n","protected":false},"excerpt":{"rendered":"","protected":false},"featured_media":232333,"comment_status":"closed","ping_status":"closed","template":"","meta":[],"product_brand":[],"product_cat":[2826,2819,2820,2821],"product_tag":[],"class_list":{"0":"post-232225","1":"product","2":"type-product","3":"status-publish","4":"has-post-thumbnail","6":"product_cat-koogisegistid","7":"product_cat-sanitaartehnika","8":"product_cat-sanitaartehnika-sanitaartehnika","9":"product_cat-segistid","10":"pa_kaubamark-oras-oy","12":"first","13":"instock","14":"sale","15":"taxable","16":"shipping-taxable","17":"purchasable","18":"product-type-simple"},"yoast_head":"<!-- This site is optimized with the Yoast SEO plugin v26.9 - https:\/\/yoast.com\/product\/yoast-seo-wordpress\/ -->\n<title>K\u00d6\u00d6GISEGISTI ORAS OPTIMA PESUMASINAVENTIILIGA 2727F - Espak E-pood<\/title>\n<meta name=\"robots\" content=\"index, follow, max-snippet:-1, max-image-preview:large, max-video-preview:-1\" \/>\n<link rel=\"canonical\" href=\"https:\/\/espak.ee\/epood\/toode\/koogisegisti-oras-optima-pesumasinaventiiliga-2727f\/\" \/>\n<meta property=\"og:locale\" content=\"et_EE\" \/>\n<meta property=\"og:type\" content=\"article\" \/>\n<meta property=\"og:title\" content=\"K\u00d6\u00d6GISEGISTI ORAS OPTIMA PESUMASINAVENTIILIGA 2727F - Espak E-pood\" \/>\n<meta property=\"og:url\" content=\"https:\/\/espak.ee\/epood\/toode\/koogisegisti-oras-optima-pesumasinaventiiliga-2727f\/\" \/>\n<meta property=\"og:site_name\" content=\"Espak E-pood\" \/>\n<meta property=\"article:modified_time\" content=\"2025-03-26T12:08:25+00:00\" \/>\n<meta property=\"og:image\" content=\"https:\/\/espak.ee\/epood\/wp-content\/uploads\/2025\/03\/40749_2727F_2017_CatalogRender.jpg\" \/>\n\t<meta property=\"og:image:width\" content=\"1000\" \/>\n\t<meta property=\"og:image:height\" content=\"1000\" \/>\n\t<meta property=\"og:image:type\" content=\"image\/jpeg\" \/>\n<meta name=\"twitter:card\" content=\"summary_large_image\" \/>\n<meta name=\"twitter:label1\" content=\"Est. reading time\" \/>\n\t<meta name=\"twitter:data1\" content=\"1 minut\" \/>\n<script type=\"application\/ld+json\" class=\"yoast-schema-graph\">{\"@context\":\"https:\/\/schema.org\",\"@graph\":[{\"@type\":\"WebPage\",\"@id\":\"https:\/\/espak.ee\/epood\/toode\/koogisegisti-oras-optima-pesumasinaventiiliga-2727f\/\",\"url\":\"https:\/\/espak.ee\/epood\/toode\/koogisegisti-oras-optima-pesumasinaventiiliga-2727f\/\",\"name\":\"K\u00d6\u00d6GISEGISTI ORAS OPTIMA PESUMASINAVENTIILIGA 2727F - Espak E-pood\",\"isPartOf\":{\"@id\":\"https:\/\/espak.ee\/epood\/#website\"},\"primaryImageOfPage\":{\"@id\":\"https:\/\/espak.ee\/epood\/toode\/koogisegisti-oras-optima-pesumasinaventiiliga-2727f\/#primaryimage\"},\"image\":{\"@id\":\"https:\/\/espak.ee\/epood\/toode\/koogisegisti-oras-optima-pesumasinaventiiliga-2727f\/#primaryimage\"},\"thumbnailUrl\":\"https:\/\/espak.ee\/epood\/wp-content\/uploads\/2025\/03\/40749_2727F_2017_CatalogRender.jpg\",\"datePublished\":\"2025-03-26T03:10:03+00:00\",\"dateModified\":\"2025-03-26T12:08:25+00:00\",\"breadcrumb\":{\"@id\":\"https:\/\/espak.ee\/epood\/toode\/koogisegisti-oras-optima-pesumasinaventiiliga-2727f\/#breadcrumb\"},\"inLanguage\":\"et\",\"potentialAction\":[{\"@type\":\"ReadAction\",\"target\":[\"https:\/\/espak.ee\/epood\/toode\/koogisegisti-oras-optima-pesumasinaventiiliga-2727f\/\"]}]},{\"@type\":\"ImageObject\",\"inLanguage\":\"et\",\"@id\":\"https:\/\/espak.ee\/epood\/toode\/koogisegisti-oras-optima-pesumasinaventiiliga-2727f\/#primaryimage\",\"url\":\"https:\/\/espak.ee\/epood\/wp-content\/uploads\/2025\/03\/40749_2727F_2017_CatalogRender.jpg\",\"contentUrl\":\"https:\/\/espak.ee\/epood\/wp-content\/uploads\/2025\/03\/40749_2727F_2017_CatalogRender.jpg\",\"width\":1000,\"height\":1000},{\"@type\":\"BreadcrumbList\",\"@id\":\"https:\/\/espak.ee\/epood\/toode\/koogisegisti-oras-optima-pesumasinaventiiliga-2727f\/#breadcrumb\",\"itemListElement\":[{\"@type\":\"ListItem\",\"position\":1,\"name\":\"Home\",\"item\":\"https:\/\/espak.ee\/epood\/\"},{\"@type\":\"ListItem\",\"position\":2,\"name\":\"Tootevalik\",\"item\":\"https:\/\/espak.ee\/epood\/tootevalik\/\"},{\"@type\":\"ListItem\",\"position\":3,\"name\":\"K\u00d6\u00d6GISEGISTI ORAS OPTIMA PESUMASINAVENTIILIGA 2727F\"}]},{\"@type\":\"WebSite\",\"@id\":\"https:\/\/espak.ee\/epood\/#website\",\"url\":\"https:\/\/espak.ee\/epood\/\",\"name\":\"Espak E-pood\",\"description\":\"\",\"potentialAction\":[{\"@type\":\"SearchAction\",\"target\":{\"@type\":\"EntryPoint\",\"urlTemplate\":\"https:\/\/espak.ee\/epood\/?s={search_term_string}\"},\"query-input\":{\"@type\":\"PropertyValueSpecification\",\"valueRequired\":true,\"valueName\":\"search_term_string\"}}],\"inLanguage\":\"et\"}]}<\/script>\n<!-- \/ Yoast SEO plugin. -->","yoast_head_json":{"title":"K\u00d6\u00d6GISEGISTI ORAS OPTIMA PESUMASINAVENTIILIGA 2727F - Espak E-pood","robots":{"index":"index","follow":"follow","max-snippet":"max-snippet:-1","max-image-preview":"max-image-preview:large","max-video-preview":"max-video-preview:-1"},"canonical":"https:\/\/espak.ee\/epood\/toode\/koogisegisti-oras-optima-pesumasinaventiiliga-2727f\/","og_locale":"et_EE","og_type":"article","og_title":"K\u00d6\u00d6GISEGISTI ORAS OPTIMA PESUMASINAVENTIILIGA 2727F - Espak E-pood","og_url":"https:\/\/espak.ee\/epood\/toode\/koogisegisti-oras-optima-pesumasinaventiiliga-2727f\/","og_site_name":"Espak E-pood","article_modified_time":"2025-03-26T12:08:25+00:00","og_image":[{"width":1000,"height":1000,"url":"https:\/\/espak.ee\/epood\/wp-content\/uploads\/2025\/03\/40749_2727F_2017_CatalogRender.jpg","type":"image\/jpeg"}],"twitter_card":"summary_large_image","twitter_misc":{"Est. reading time":"1 minut"},"schema":{"@context":"https:\/\/schema.org","@graph":[{"@type":"WebPage","@id":"https:\/\/espak.ee\/epood\/toode\/koogisegisti-oras-optima-pesumasinaventiiliga-2727f\/","url":"https:\/\/espak.ee\/epood\/toode\/koogisegisti-oras-optima-pesumasinaventiiliga-2727f\/","name":"K\u00d6\u00d6GISEGISTI ORAS OPTIMA PESUMASINAVENTIILIGA 2727F - Espak E-pood","isPartOf":{"@id":"https:\/\/espak.ee\/epood\/#website"},"primaryImageOfPage":{"@id":"https:\/\/espak.ee\/epood\/toode\/koogisegisti-oras-optima-pesumasinaventiiliga-2727f\/#primaryimage"},"image":{"@id":"https:\/\/espak.ee\/epood\/toode\/koogisegisti-oras-optima-pesumasinaventiiliga-2727f\/#primaryimage"},"thumbnailUrl":"https:\/\/espak.ee\/epood\/wp-content\/uploads\/2025\/03\/40749_2727F_2017_CatalogRender.jpg","datePublished":"2025-03-26T03:10:03+00:00","dateModified":"2025-03-26T12:08:25+00:00","breadcrumb":{"@id":"https:\/\/espak.ee\/epood\/toode\/koogisegisti-oras-optima-pesumasinaventiiliga-2727f\/#breadcrumb"},"inLanguage":"et","potentialAction":[{"@type":"ReadAction","target":["https:\/\/espak.ee\/epood\/toode\/koogisegisti-oras-optima-pesumasinaventiiliga-2727f\/"]}]},{"@type":"ImageObject","inLanguage":"et","@id":"https:\/\/espak.ee\/epood\/toode\/koogisegisti-oras-optima-pesumasinaventiiliga-2727f\/#primaryimage","url":"https:\/\/espak.ee\/epood\/wp-content\/uploads\/2025\/03\/40749_2727F_2017_CatalogRender.jpg","contentUrl":"https:\/\/espak.ee\/epood\/wp-content\/uploads\/2025\/03\/40749_2727F_2017_CatalogRender.jpg","width":1000,"height":1000},{"@type":"BreadcrumbList","@id":"https:\/\/espak.ee\/epood\/toode\/koogisegisti-oras-optima-pesumasinaventiiliga-2727f\/#breadcrumb","itemListElement":[{"@type":"ListItem","position":1,"name":"Home","item":"https:\/\/espak.ee\/epood\/"},{"@type":"ListItem","position":2,"name":"Tootevalik","item":"https:\/\/espak.ee\/epood\/tootevalik\/"},{"@type":"ListItem","position":3,"name":"K\u00d6\u00d6GISEGISTI ORAS OPTIMA PESUMASINAVENTIILIGA 2727F"}]},{"@type":"WebSite","@id":"https:\/\/espak.ee\/epood\/#website","url":"https:\/\/espak.ee\/epood\/","name":"Espak E-pood","description":"","potentialAction":[{"@type":"SearchAction","target":{"@type":"EntryPoint","urlTemplate":"https:\/\/espak.ee\/epood\/?s={search_term_string}"},"query-input":{"@type":"PropertyValueSpecification","valueRequired":true,"valueName":"search_term_string"}}],"inLanguage":"et"}]}},"_links":{"self":[{"href":"https:\/\/espak.ee\/epood\/wp-json\/wp\/v2\/product\/232225","targetHints":{"allow":["GET"]}}],"collection":[{"href":"https:\/\/espak.ee\/epood\/wp-json\/wp\/v2\/product"}],"about":[{"href":"https:\/\/espak.ee\/epood\/wp-json\/wp\/v2\/types\/product"}],"replies":[{"embeddable":true,"href":"https:\/\/espak.ee\/epood\/wp-json\/wp\/v2\/comments?post=232225"}],"wp:featuredmedia":[{"embeddable":true,"href":"https:\/\/espak.ee\/epood\/wp-json\/wp\/v2\/media\/232333"}],"wp:attachment":[{"href":"https:\/\/espak.ee\/epood\/wp-json\/wp\/v2\/media?parent=232225"}],"wp:term":[{"taxonomy":"product_brand","embeddable":true,"href":"https:\/\/espak.ee\/epood\/wp-json\/wp\/v2\/product_brand?post=232225"},{"taxonomy":"product_cat","embeddable":true,"href":"https:\/\/espak.ee\/epood\/wp-json\/wp\/v2\/product_cat?post=232225"},{"taxonomy":"product_tag","embeddable":true,"href":"https:\/\/espak.ee\/epood\/wp-json\/wp\/v2\/product_tag?post=232225"}],"curies":[{"name":"wp","href":"https:\/\/api.w.org\/{rel}","templated":true}]}}