{"id":230984,"date":"2025-03-18T05:05:03","date_gmt":"2025-03-18T03:05:03","guid":{"rendered":"https:\/\/espak.ee\/epood\/?post_type=product&#038;p=230984"},"modified":"2025-03-19T10:14:32","modified_gmt":"2025-03-19T08:14:32","slug":"valamusegisti-grohe-cubeo-xl-kroom","status":"publish","type":"product","link":"https:\/\/espak.ee\/epood\/toode\/valamusegisti-grohe-cubeo-xl-kroom\/","title":{"rendered":"VALAMUSEGISTI GROHE CUBEO XL KROOM"},"content":{"rendered":"<div class=\"row\"  id=\"row-1549208520\">\n\n\t<div id=\"col-1873323019\" class=\"col medium-9 small-12 large-9\"  >\n\t\t\t\t<div class=\"col-inner\"  >\n\t\t\t\n\t\t\t\n<h3>Valamusegisti Grohe Cubeo XL kroom<\/h3>\n<p>Eraldiseisvad valamud on silmatorkavad elemendid, kuid nad vajavad \u00f5iget segistit, et uhke v\u00e4limus s\u00e4ilitada.<br \/>\nTutvuge XL GROHE Cubeo \u00fche hoovaga segistiga!<br \/>\n Omap\u00e4rase kuubikujulise disaini ja s\u00e4rava kroomitud viimistlusega kaunistab see iga vannituba. K\u00f5rgel tilal on GROHE AquaGuide\u2019i reguleeritav aeraatorotsak, et saaksite suunata veevoolu t\u00e4pselt valamu kuju ja s\u00fcgavuse j\u00e4rgi. Metallhoob on elegantne ja k\u00e4ep\u00e4rase disainiga ning selle kasutamine on sujuv ja lihtne.<br \/>\n Sisemuses paikneb vastupidav GROHE SilkMove\u2019i keraamiline s\u00fcdamik, mille abil saate veehulka ja -temperatuuri t\u00e4pselt ning lihtsalt reguleerida. Selle integreeritud temperatuuripiirik s\u00e4\u00e4stab energiat. Et tagada veelgi suurem kestlikkus, seab tehnoloogia GROHE Water Saving veekasutuse piiriks 5\u00a0l\/min (3 baari juures), andes samas v\u00e4lja v\u00f5imsa veejoa.<br \/>\n T\u00e4nu vastupidavale ja kergesti puhastatavale GROHE Long-Life\u2019i viimistlusele n\u00e4eb see s\u00e4rav kroomitud vannitoasegisti kogu kasutusea laitmatu v\u00e4lja.<br \/>\n Muide, meie Cubeo-kollektsiooni saab suurep\u00e4raselt kombineerida nii \u00fcmmarguste kui ka kandiliste segistite, du\u0161\u0161ide, aksessuaaride ja keraamikaga, et luua harmooniline sisekujundus.<\/p>\n\t\t<\/div>\n\t\t\t\t\t<\/div>\n\n\t\n\n\t<div id=\"col-1689893657\" class=\"col medium-3 small-12 large-3\"  >\n\t\t\t\t<div class=\"col-inner\"  >\n\t\t\t\n\t\t\t\n\t<div id=\"gap-1849701717\" class=\"gap-element clearfix\" style=\"display:block; height:auto;\">\n\t\t\n<style>\n#gap-1849701717 {\n  padding-top: 30px;\n}\n<\/style>\n\t<\/div>\n\t\n<h3>Paigaldusjuhend<\/h3>\n<p><a href=\"https:\/\/espak.ee\/epood\/wp-content\/uploads\/2025\/03\/2234748.pdf\"target=\"_blank\" rel=\"noopener noreferrer\"><i class=\"far fa-file-pdf\"><\/i> Paigaldusjuhend (PDF)<\/a><\/p>\n<h3>Hooldus<\/h3>\n<p><a href=\"https:\/\/espak.ee\/epood\/wp-content\/uploads\/2025\/03\/2184955-1.pdf\"target=\"_blank\" rel=\"noopener noreferrer\"><i class=\"far fa-file-pdf\"><\/i> Hooldus (PDF)<\/a><\/p>\n<div class=\"is-divider divider clearfix\" ><\/div>\n<p><strong>\u00dcksikasjalikuma n\u00f5u saamiseks v\u00f5tke \u00fchendust:<br \/><\/strong>Grohe AG Eesti filiaal<br \/>Tartu mnt 16<br \/>10117<br \/>Tallinn<br \/>+372 6616354<\/p>\n<div class=\"is-divider divider clearfix\" ><\/div>\n\t\t<\/div>\n\t\t\t\t\t<\/div>\n\n\t\n<\/div>\n","protected":false},"excerpt":{"rendered":"","protected":false},"featured_media":231323,"comment_status":"closed","ping_status":"closed","template":"","meta":[],"product_brand":[],"product_cat":[2819,2820,2821,2827],"product_tag":[],"class_list":{"0":"post-230984","1":"product","2":"type-product","3":"status-publish","4":"has-post-thumbnail","6":"product_cat-sanitaartehnika","7":"product_cat-sanitaartehnika-sanitaartehnika","8":"product_cat-segistid","9":"product_cat-valamusegistid","10":"pa_kaubamark-grohe-a-g","12":"first","13":"instock","14":"sale","15":"taxable","16":"shipping-taxable","17":"purchasable","18":"product-type-simple"},"yoast_head":"<!-- This site is optimized with the Yoast SEO plugin v26.9 - https:\/\/yoast.com\/product\/yoast-seo-wordpress\/ -->\n<title>VALAMUSEGISTI GROHE CUBEO XL KROOM - Espak E-pood<\/title>\n<meta name=\"robots\" content=\"index, follow, max-snippet:-1, max-image-preview:large, max-video-preview:-1\" \/>\n<link rel=\"canonical\" href=\"https:\/\/espak.ee\/epood\/toode\/valamusegisti-grohe-cubeo-xl-kroom\/\" \/>\n<meta property=\"og:locale\" content=\"et_EE\" \/>\n<meta property=\"og:type\" content=\"article\" \/>\n<meta property=\"og:title\" content=\"VALAMUSEGISTI GROHE CUBEO XL KROOM - Espak E-pood\" \/>\n<meta property=\"og:url\" content=\"https:\/\/espak.ee\/epood\/toode\/valamusegisti-grohe-cubeo-xl-kroom\/\" \/>\n<meta property=\"og:site_name\" content=\"Espak E-pood\" \/>\n<meta property=\"article:modified_time\" content=\"2025-03-19T08:14:32+00:00\" \/>\n<meta property=\"og:image\" content=\"https:\/\/espak.ee\/epood\/wp-content\/uploads\/2025\/03\/ZZF_1017290000_005_01_1_1.jpg\" \/>\n\t<meta property=\"og:image:width\" content=\"1000\" \/>\n\t<meta property=\"og:image:height\" content=\"1000\" \/>\n\t<meta property=\"og:image:type\" content=\"image\/jpeg\" \/>\n<meta name=\"twitter:card\" content=\"summary_large_image\" \/>\n<meta name=\"twitter:label1\" content=\"Est. reading time\" \/>\n\t<meta name=\"twitter:data1\" content=\"1 minut\" \/>\n<script type=\"application\/ld+json\" class=\"yoast-schema-graph\">{\"@context\":\"https:\/\/schema.org\",\"@graph\":[{\"@type\":\"WebPage\",\"@id\":\"https:\/\/espak.ee\/epood\/toode\/valamusegisti-grohe-cubeo-xl-kroom\/\",\"url\":\"https:\/\/espak.ee\/epood\/toode\/valamusegisti-grohe-cubeo-xl-kroom\/\",\"name\":\"VALAMUSEGISTI GROHE CUBEO XL KROOM - Espak E-pood\",\"isPartOf\":{\"@id\":\"https:\/\/espak.ee\/epood\/#website\"},\"primaryImageOfPage\":{\"@id\":\"https:\/\/espak.ee\/epood\/toode\/valamusegisti-grohe-cubeo-xl-kroom\/#primaryimage\"},\"image\":{\"@id\":\"https:\/\/espak.ee\/epood\/toode\/valamusegisti-grohe-cubeo-xl-kroom\/#primaryimage\"},\"thumbnailUrl\":\"https:\/\/espak.ee\/epood\/wp-content\/uploads\/2025\/03\/ZZF_1017290000_005_01_1_1.jpg\",\"datePublished\":\"2025-03-18T03:05:03+00:00\",\"dateModified\":\"2025-03-19T08:14:32+00:00\",\"breadcrumb\":{\"@id\":\"https:\/\/espak.ee\/epood\/toode\/valamusegisti-grohe-cubeo-xl-kroom\/#breadcrumb\"},\"inLanguage\":\"et\",\"potentialAction\":[{\"@type\":\"ReadAction\",\"target\":[\"https:\/\/espak.ee\/epood\/toode\/valamusegisti-grohe-cubeo-xl-kroom\/\"]}]},{\"@type\":\"ImageObject\",\"inLanguage\":\"et\",\"@id\":\"https:\/\/espak.ee\/epood\/toode\/valamusegisti-grohe-cubeo-xl-kroom\/#primaryimage\",\"url\":\"https:\/\/espak.ee\/epood\/wp-content\/uploads\/2025\/03\/ZZF_1017290000_005_01_1_1.jpg\",\"contentUrl\":\"https:\/\/espak.ee\/epood\/wp-content\/uploads\/2025\/03\/ZZF_1017290000_005_01_1_1.jpg\",\"width\":1000,\"height\":1000},{\"@type\":\"BreadcrumbList\",\"@id\":\"https:\/\/espak.ee\/epood\/toode\/valamusegisti-grohe-cubeo-xl-kroom\/#breadcrumb\",\"itemListElement\":[{\"@type\":\"ListItem\",\"position\":1,\"name\":\"Home\",\"item\":\"https:\/\/espak.ee\/epood\/\"},{\"@type\":\"ListItem\",\"position\":2,\"name\":\"Tootevalik\",\"item\":\"https:\/\/espak.ee\/epood\/tootevalik\/\"},{\"@type\":\"ListItem\",\"position\":3,\"name\":\"VALAMUSEGISTI GROHE CUBEO XL KROOM\"}]},{\"@type\":\"WebSite\",\"@id\":\"https:\/\/espak.ee\/epood\/#website\",\"url\":\"https:\/\/espak.ee\/epood\/\",\"name\":\"Espak E-pood\",\"description\":\"\",\"potentialAction\":[{\"@type\":\"SearchAction\",\"target\":{\"@type\":\"EntryPoint\",\"urlTemplate\":\"https:\/\/espak.ee\/epood\/?s={search_term_string}\"},\"query-input\":{\"@type\":\"PropertyValueSpecification\",\"valueRequired\":true,\"valueName\":\"search_term_string\"}}],\"inLanguage\":\"et\"}]}<\/script>\n<!-- \/ Yoast SEO plugin. -->","yoast_head_json":{"title":"VALAMUSEGISTI GROHE CUBEO XL KROOM - Espak E-pood","robots":{"index":"index","follow":"follow","max-snippet":"max-snippet:-1","max-image-preview":"max-image-preview:large","max-video-preview":"max-video-preview:-1"},"canonical":"https:\/\/espak.ee\/epood\/toode\/valamusegisti-grohe-cubeo-xl-kroom\/","og_locale":"et_EE","og_type":"article","og_title":"VALAMUSEGISTI GROHE CUBEO XL KROOM - Espak E-pood","og_url":"https:\/\/espak.ee\/epood\/toode\/valamusegisti-grohe-cubeo-xl-kroom\/","og_site_name":"Espak E-pood","article_modified_time":"2025-03-19T08:14:32+00:00","og_image":[{"width":1000,"height":1000,"url":"https:\/\/espak.ee\/epood\/wp-content\/uploads\/2025\/03\/ZZF_1017290000_005_01_1_1.jpg","type":"image\/jpeg"}],"twitter_card":"summary_large_image","twitter_misc":{"Est. reading time":"1 minut"},"schema":{"@context":"https:\/\/schema.org","@graph":[{"@type":"WebPage","@id":"https:\/\/espak.ee\/epood\/toode\/valamusegisti-grohe-cubeo-xl-kroom\/","url":"https:\/\/espak.ee\/epood\/toode\/valamusegisti-grohe-cubeo-xl-kroom\/","name":"VALAMUSEGISTI GROHE CUBEO XL KROOM - Espak E-pood","isPartOf":{"@id":"https:\/\/espak.ee\/epood\/#website"},"primaryImageOfPage":{"@id":"https:\/\/espak.ee\/epood\/toode\/valamusegisti-grohe-cubeo-xl-kroom\/#primaryimage"},"image":{"@id":"https:\/\/espak.ee\/epood\/toode\/valamusegisti-grohe-cubeo-xl-kroom\/#primaryimage"},"thumbnailUrl":"https:\/\/espak.ee\/epood\/wp-content\/uploads\/2025\/03\/ZZF_1017290000_005_01_1_1.jpg","datePublished":"2025-03-18T03:05:03+00:00","dateModified":"2025-03-19T08:14:32+00:00","breadcrumb":{"@id":"https:\/\/espak.ee\/epood\/toode\/valamusegisti-grohe-cubeo-xl-kroom\/#breadcrumb"},"inLanguage":"et","potentialAction":[{"@type":"ReadAction","target":["https:\/\/espak.ee\/epood\/toode\/valamusegisti-grohe-cubeo-xl-kroom\/"]}]},{"@type":"ImageObject","inLanguage":"et","@id":"https:\/\/espak.ee\/epood\/toode\/valamusegisti-grohe-cubeo-xl-kroom\/#primaryimage","url":"https:\/\/espak.ee\/epood\/wp-content\/uploads\/2025\/03\/ZZF_1017290000_005_01_1_1.jpg","contentUrl":"https:\/\/espak.ee\/epood\/wp-content\/uploads\/2025\/03\/ZZF_1017290000_005_01_1_1.jpg","width":1000,"height":1000},{"@type":"BreadcrumbList","@id":"https:\/\/espak.ee\/epood\/toode\/valamusegisti-grohe-cubeo-xl-kroom\/#breadcrumb","itemListElement":[{"@type":"ListItem","position":1,"name":"Home","item":"https:\/\/espak.ee\/epood\/"},{"@type":"ListItem","position":2,"name":"Tootevalik","item":"https:\/\/espak.ee\/epood\/tootevalik\/"},{"@type":"ListItem","position":3,"name":"VALAMUSEGISTI GROHE CUBEO XL KROOM"}]},{"@type":"WebSite","@id":"https:\/\/espak.ee\/epood\/#website","url":"https:\/\/espak.ee\/epood\/","name":"Espak E-pood","description":"","potentialAction":[{"@type":"SearchAction","target":{"@type":"EntryPoint","urlTemplate":"https:\/\/espak.ee\/epood\/?s={search_term_string}"},"query-input":{"@type":"PropertyValueSpecification","valueRequired":true,"valueName":"search_term_string"}}],"inLanguage":"et"}]}},"_links":{"self":[{"href":"https:\/\/espak.ee\/epood\/wp-json\/wp\/v2\/product\/230984","targetHints":{"allow":["GET"]}}],"collection":[{"href":"https:\/\/espak.ee\/epood\/wp-json\/wp\/v2\/product"}],"about":[{"href":"https:\/\/espak.ee\/epood\/wp-json\/wp\/v2\/types\/product"}],"replies":[{"embeddable":true,"href":"https:\/\/espak.ee\/epood\/wp-json\/wp\/v2\/comments?post=230984"}],"wp:featuredmedia":[{"embeddable":true,"href":"https:\/\/espak.ee\/epood\/wp-json\/wp\/v2\/media\/231323"}],"wp:attachment":[{"href":"https:\/\/espak.ee\/epood\/wp-json\/wp\/v2\/media?parent=230984"}],"wp:term":[{"taxonomy":"product_brand","embeddable":true,"href":"https:\/\/espak.ee\/epood\/wp-json\/wp\/v2\/product_brand?post=230984"},{"taxonomy":"product_cat","embeddable":true,"href":"https:\/\/espak.ee\/epood\/wp-json\/wp\/v2\/product_cat?post=230984"},{"taxonomy":"product_tag","embeddable":true,"href":"https:\/\/espak.ee\/epood\/wp-json\/wp\/v2\/product_tag?post=230984"}],"curies":[{"name":"wp","href":"https:\/\/api.w.org\/{rel}","templated":true}]}}