{"id":230973,"date":"2025-03-18T05:05:03","date_gmt":"2025-03-18T03:05:03","guid":{"rendered":"https:\/\/espak.ee\/epood\/?post_type=product&#038;p=230973"},"modified":"2025-03-21T11:37:37","modified_gmt":"2025-03-21T09:37:37","slug":"akuga-murukaarid-comfortcut-li","status":"publish","type":"product","link":"https:\/\/espak.ee\/epood\/toode\/akuga-murukaarid-comfortcut-li\/","title":{"rendered":"AKUGA MURUK\u00c4\u00c4RID COMFORTCUT LI"},"content":{"rendered":"<div class=\"row\"  id=\"row-252328569\">\n\n\t<div id=\"col-826925180\" class=\"col medium-9 small-12 large-9\"  >\n\t\t\t\t<div class=\"col-inner\"  >\n\t\t\t\n\t\t\t\n<h2>Akuga muruk\u00e4\u00e4rid ComfortCut Li + teleskoopvars\/rattad Gardena<\/h2>\n<div class=\"message-box relative\" style=\"padding-top:15px;padding-bottom:15px;\"><div class=\"message-box-bg-image bg-fill fill\" ><\/div><div class=\"message-box-bg-overlay bg-fill fill\" ><\/div><div class=\"container relative\"><div class=\"inner last-reset\">\n<div class=\"row align-middle align-center\"  id=\"row-2015889552\">\n\n\t<div id=\"col-390397263\" class=\"col small-12 large-12\"  >\n\t\t\t\t<div class=\"col-inner text-left\"  >\n\t\t\t\n\t\t\t\n<h4>Omadused<\/h4>\n<div class=\"row\"  id=\"row-1274968548\">\n\n\t<div id=\"col-185647736\" class=\"col medium-6 small-12 large-6\"  >\n\t\t\t\t<div class=\"col-inner\"  >\n\t\t\t\n\t\t\t\n<p><i class=\"fa fa-check fa-2x\"><\/i> <strong> T\u00e4pne l\u00f5ige t\u00e4nu kvaliteetsele terale<\/strong><\/p>\n<p><i class=\"fa fa-check fa-2x\"><\/i> <strong> Kiire teravahetus vaid \u00fche nupuvajutusega<\/strong><\/p>\n\t\t<\/div>\n\t\t\t\t\n<style>\n#col-185647736 > .col-inner {\n  margin: 0px 0px 15px 0px;\n}\n<\/style>\n\t<\/div>\n\n\t\n\n\t<div id=\"col-927872646\" class=\"col medium-6 small-12 large-6\"  >\n\t\t\t\t<div class=\"col-inner\"  >\n\t\t\t\n\t\t\t\n<p><i class=\"fa fa-check fa-2x\"><\/i> <strong> Integreeritud Li-ion aku<\/strong><\/p>\n<p><i class=\"fa fa-check fa-2x\"><\/i> <strong> Nurga all olev k\u00e4epide muudab kasutamise mugavaks<\/strong><\/p>\n\t\t<\/div>\n\t\t\t\t\n<style>\n#col-927872646 > .col-inner {\n  margin: 0px 0px 15px 0px;\n}\n<\/style>\n\t<\/div>\n\n\t\n<\/div>\n\t\t<\/div>\n\t\t\t\t\t<\/div>\n\n\t\n<\/div>\n<\/div><\/div><\/div>\n\t<div id=\"gap-338992099\" class=\"gap-element clearfix\" style=\"display:block; height:auto;\">\n\t\t\n<style>\n#gap-338992099 {\n  padding-top: 30px;\n}\n<\/style>\n\t<\/div>\n\t\n<p><strong>Kirjeldus:<\/strong><br \/>\nGARDENA akuga muruk\u00e4\u00e4ride komplekt ComfortCut Li pakub teile k\u00f5iki v\u00f5imalusi muruservade mugavaks l\u00f5ikamiseks ja v\u00e4ikeste p\u00f5\u00f5saste (nt pukspuu) jaoks kauni kujuga l\u00f5ike loomiseks. Komplekti kuuluvad akumuruk\u00e4\u00e4rid ComfortCut Li, rattad ja teleskoopk\u00e4epide. Muruniiduki tera on t\u00e4ppislihvitud ja nakkumatu kattega, mis tagab kauakestva teravuse ning t\u00e4pse ja puhta tulemuse. 8 cm laiune murutera on valmistatud Saksamaal. Muruk\u00e4\u00e4re iseloomustab nende \u00f5huke disain. Ergonoomiline k\u00e4epide muudab selle kasutamise eriti mugavaks. Saate lihtsalt \u00fche nupuvajutusega reguleerida k\u00e4epideme nurka. See tagab l\u00f5ikamise ajal k\u00e4te optimaalse asendi. Ergonoomilise k\u00e4epidemega teleskoopk\u00e4epideme k\u00f5rgus on reguleeritava k\u00f5rgusega, et saaksite seda kohandada vastavalt oma kehasuurusele ja seega v\u00f5tta mugava ja p\u00fcstise asendi ilma kummardamata. V\u00f5imas laetav aku kestab t\u00e4ielikult laetuna umbes 80 minutit. T\u00e4nu LED-ekraanile n\u00e4ete alati aku muruk\u00e4\u00e4ride laadimisolekut. ComfortCut Li laadimiseks kasutage kaasasolevat USB-C kaablit. Kui soovite tera vahetada, saate seda teha kiiresti ja lihtsalt \u00fche nupuvajutusega. Kasutades eraldi saadaolevat v\u00f5satera (Art. nr 9863-20), saate ComfortCut Li muuta v\u00f5sak\u00e4\u00e4rideks. Kirge toetab GARDENA. Akuga aiavarustus, mis annab teile vabaduse luua.<\/p>\n\t\t<\/div>\n\t\t\t\t\t<\/div>\n\n\t\n\n\t<div id=\"col-256592952\" class=\"col medium-3 small-12 large-3\"  >\n\t\t\t\t<div class=\"col-inner\"  >\n\t\t\t\n\t\t\t\n<h3>Kasutusjuhend<\/h3>\n<p><a href=\"https:\/\/espak.ee\/epood\/wp-content\/uploads\/2025\/03\/doc000241760.pdf\"target=\"_blank\" rel=\"noopener noreferrer\"><i class=\"far fa-file-pdf\"><\/i> Kasutusjuhend (PDF)<\/a><\/p>\n<div class=\"is-divider divider clearfix\" ><\/div>\n<p><strong>\u00dcksikasjalikuma n\u00f5u saamiseks v\u00f5tke \u00fchendust:<br \/><\/strong>Espak AS<br \/>Viadukti 42<br \/>11313<br \/>Tallinn<br \/>+372 6 512333<\/p>\n<div class=\"is-divider divider clearfix\" ><\/div>\n\t\t<\/div>\n\t\t\t\t\t<\/div>\n\n\t\n<\/div>\n","protected":false},"excerpt":{"rendered":"","protected":false},"featured_media":231847,"comment_status":"closed","ping_status":"closed","template":"","meta":[],"product_brand":[],"product_cat":[2789,2788,3341,3360],"product_tag":[],"class_list":{"0":"post-230973","1":"product","2":"type-product","3":"status-publish","4":"has-post-thumbnail","6":"product_cat-aiatarbed","7":"product_cat-aiatarbed-ja-kodukaubad","8":"product_cat-aiatooriistad","9":"product_cat-hekikaarid","10":"pa_kaubamark-husqvarna-eesti-ou","12":"first","13":"outofstock","14":"sale","15":"taxable","16":"shipping-taxable","17":"purchasable","18":"product-type-simple"},"yoast_head":"<!-- This site is optimized with the Yoast SEO plugin v26.9 - https:\/\/yoast.com\/product\/yoast-seo-wordpress\/ -->\n<title>AKUGA MURUK\u00c4\u00c4RID COMFORTCUT LI - Espak E-pood<\/title>\n<meta name=\"robots\" content=\"index, follow, max-snippet:-1, max-image-preview:large, max-video-preview:-1\" \/>\n<link rel=\"canonical\" href=\"https:\/\/espak.ee\/epood\/toode\/akuga-murukaarid-comfortcut-li\/\" \/>\n<meta property=\"og:locale\" content=\"et_EE\" \/>\n<meta property=\"og:type\" content=\"article\" \/>\n<meta property=\"og:title\" content=\"AKUGA MURUK\u00c4\u00c4RID COMFORTCUT LI - Espak E-pood\" \/>\n<meta property=\"og:url\" content=\"https:\/\/espak.ee\/epood\/toode\/akuga-murukaarid-comfortcut-li\/\" \/>\n<meta property=\"og:site_name\" content=\"Espak E-pood\" \/>\n<meta property=\"article:modified_time\" content=\"2025-03-21T09:37:37+00:00\" \/>\n<meta property=\"og:image\" content=\"https:\/\/espak.ee\/epood\/wp-content\/uploads\/2025\/03\/GA310-0584_HighResPng.jpg\" \/>\n\t<meta property=\"og:image:width\" content=\"1000\" \/>\n\t<meta property=\"og:image:height\" content=\"1000\" \/>\n\t<meta property=\"og:image:type\" content=\"image\/jpeg\" \/>\n<meta name=\"twitter:card\" content=\"summary_large_image\" \/>\n<meta name=\"twitter:label1\" content=\"Est. reading time\" \/>\n\t<meta name=\"twitter:data1\" content=\"2 minutit\" \/>\n<script type=\"application\/ld+json\" class=\"yoast-schema-graph\">{\"@context\":\"https:\/\/schema.org\",\"@graph\":[{\"@type\":\"WebPage\",\"@id\":\"https:\/\/espak.ee\/epood\/toode\/akuga-murukaarid-comfortcut-li\/\",\"url\":\"https:\/\/espak.ee\/epood\/toode\/akuga-murukaarid-comfortcut-li\/\",\"name\":\"AKUGA MURUK\u00c4\u00c4RID COMFORTCUT LI - Espak E-pood\",\"isPartOf\":{\"@id\":\"https:\/\/espak.ee\/epood\/#website\"},\"primaryImageOfPage\":{\"@id\":\"https:\/\/espak.ee\/epood\/toode\/akuga-murukaarid-comfortcut-li\/#primaryimage\"},\"image\":{\"@id\":\"https:\/\/espak.ee\/epood\/toode\/akuga-murukaarid-comfortcut-li\/#primaryimage\"},\"thumbnailUrl\":\"https:\/\/espak.ee\/epood\/wp-content\/uploads\/2025\/03\/GA310-0584_HighResPng.jpg\",\"datePublished\":\"2025-03-18T03:05:03+00:00\",\"dateModified\":\"2025-03-21T09:37:37+00:00\",\"breadcrumb\":{\"@id\":\"https:\/\/espak.ee\/epood\/toode\/akuga-murukaarid-comfortcut-li\/#breadcrumb\"},\"inLanguage\":\"et\",\"potentialAction\":[{\"@type\":\"ReadAction\",\"target\":[\"https:\/\/espak.ee\/epood\/toode\/akuga-murukaarid-comfortcut-li\/\"]}]},{\"@type\":\"ImageObject\",\"inLanguage\":\"et\",\"@id\":\"https:\/\/espak.ee\/epood\/toode\/akuga-murukaarid-comfortcut-li\/#primaryimage\",\"url\":\"https:\/\/espak.ee\/epood\/wp-content\/uploads\/2025\/03\/GA310-0584_HighResPng.jpg\",\"contentUrl\":\"https:\/\/espak.ee\/epood\/wp-content\/uploads\/2025\/03\/GA310-0584_HighResPng.jpg\",\"width\":1000,\"height\":1000},{\"@type\":\"BreadcrumbList\",\"@id\":\"https:\/\/espak.ee\/epood\/toode\/akuga-murukaarid-comfortcut-li\/#breadcrumb\",\"itemListElement\":[{\"@type\":\"ListItem\",\"position\":1,\"name\":\"Home\",\"item\":\"https:\/\/espak.ee\/epood\/\"},{\"@type\":\"ListItem\",\"position\":2,\"name\":\"Tootevalik\",\"item\":\"https:\/\/espak.ee\/epood\/tootevalik\/\"},{\"@type\":\"ListItem\",\"position\":3,\"name\":\"AKUGA MURUK\u00c4\u00c4RID COMFORTCUT LI\"}]},{\"@type\":\"WebSite\",\"@id\":\"https:\/\/espak.ee\/epood\/#website\",\"url\":\"https:\/\/espak.ee\/epood\/\",\"name\":\"Espak E-pood\",\"description\":\"\",\"potentialAction\":[{\"@type\":\"SearchAction\",\"target\":{\"@type\":\"EntryPoint\",\"urlTemplate\":\"https:\/\/espak.ee\/epood\/?s={search_term_string}\"},\"query-input\":{\"@type\":\"PropertyValueSpecification\",\"valueRequired\":true,\"valueName\":\"search_term_string\"}}],\"inLanguage\":\"et\"}]}<\/script>\n<!-- \/ Yoast SEO plugin. -->","yoast_head_json":{"title":"AKUGA MURUK\u00c4\u00c4RID COMFORTCUT LI - Espak E-pood","robots":{"index":"index","follow":"follow","max-snippet":"max-snippet:-1","max-image-preview":"max-image-preview:large","max-video-preview":"max-video-preview:-1"},"canonical":"https:\/\/espak.ee\/epood\/toode\/akuga-murukaarid-comfortcut-li\/","og_locale":"et_EE","og_type":"article","og_title":"AKUGA MURUK\u00c4\u00c4RID COMFORTCUT LI - Espak E-pood","og_url":"https:\/\/espak.ee\/epood\/toode\/akuga-murukaarid-comfortcut-li\/","og_site_name":"Espak E-pood","article_modified_time":"2025-03-21T09:37:37+00:00","og_image":[{"width":1000,"height":1000,"url":"https:\/\/espak.ee\/epood\/wp-content\/uploads\/2025\/03\/GA310-0584_HighResPng.jpg","type":"image\/jpeg"}],"twitter_card":"summary_large_image","twitter_misc":{"Est. reading time":"2 minutit"},"schema":{"@context":"https:\/\/schema.org","@graph":[{"@type":"WebPage","@id":"https:\/\/espak.ee\/epood\/toode\/akuga-murukaarid-comfortcut-li\/","url":"https:\/\/espak.ee\/epood\/toode\/akuga-murukaarid-comfortcut-li\/","name":"AKUGA MURUK\u00c4\u00c4RID COMFORTCUT LI - Espak E-pood","isPartOf":{"@id":"https:\/\/espak.ee\/epood\/#website"},"primaryImageOfPage":{"@id":"https:\/\/espak.ee\/epood\/toode\/akuga-murukaarid-comfortcut-li\/#primaryimage"},"image":{"@id":"https:\/\/espak.ee\/epood\/toode\/akuga-murukaarid-comfortcut-li\/#primaryimage"},"thumbnailUrl":"https:\/\/espak.ee\/epood\/wp-content\/uploads\/2025\/03\/GA310-0584_HighResPng.jpg","datePublished":"2025-03-18T03:05:03+00:00","dateModified":"2025-03-21T09:37:37+00:00","breadcrumb":{"@id":"https:\/\/espak.ee\/epood\/toode\/akuga-murukaarid-comfortcut-li\/#breadcrumb"},"inLanguage":"et","potentialAction":[{"@type":"ReadAction","target":["https:\/\/espak.ee\/epood\/toode\/akuga-murukaarid-comfortcut-li\/"]}]},{"@type":"ImageObject","inLanguage":"et","@id":"https:\/\/espak.ee\/epood\/toode\/akuga-murukaarid-comfortcut-li\/#primaryimage","url":"https:\/\/espak.ee\/epood\/wp-content\/uploads\/2025\/03\/GA310-0584_HighResPng.jpg","contentUrl":"https:\/\/espak.ee\/epood\/wp-content\/uploads\/2025\/03\/GA310-0584_HighResPng.jpg","width":1000,"height":1000},{"@type":"BreadcrumbList","@id":"https:\/\/espak.ee\/epood\/toode\/akuga-murukaarid-comfortcut-li\/#breadcrumb","itemListElement":[{"@type":"ListItem","position":1,"name":"Home","item":"https:\/\/espak.ee\/epood\/"},{"@type":"ListItem","position":2,"name":"Tootevalik","item":"https:\/\/espak.ee\/epood\/tootevalik\/"},{"@type":"ListItem","position":3,"name":"AKUGA MURUK\u00c4\u00c4RID COMFORTCUT LI"}]},{"@type":"WebSite","@id":"https:\/\/espak.ee\/epood\/#website","url":"https:\/\/espak.ee\/epood\/","name":"Espak E-pood","description":"","potentialAction":[{"@type":"SearchAction","target":{"@type":"EntryPoint","urlTemplate":"https:\/\/espak.ee\/epood\/?s={search_term_string}"},"query-input":{"@type":"PropertyValueSpecification","valueRequired":true,"valueName":"search_term_string"}}],"inLanguage":"et"}]}},"_links":{"self":[{"href":"https:\/\/espak.ee\/epood\/wp-json\/wp\/v2\/product\/230973","targetHints":{"allow":["GET"]}}],"collection":[{"href":"https:\/\/espak.ee\/epood\/wp-json\/wp\/v2\/product"}],"about":[{"href":"https:\/\/espak.ee\/epood\/wp-json\/wp\/v2\/types\/product"}],"replies":[{"embeddable":true,"href":"https:\/\/espak.ee\/epood\/wp-json\/wp\/v2\/comments?post=230973"}],"wp:featuredmedia":[{"embeddable":true,"href":"https:\/\/espak.ee\/epood\/wp-json\/wp\/v2\/media\/231847"}],"wp:attachment":[{"href":"https:\/\/espak.ee\/epood\/wp-json\/wp\/v2\/media?parent=230973"}],"wp:term":[{"taxonomy":"product_brand","embeddable":true,"href":"https:\/\/espak.ee\/epood\/wp-json\/wp\/v2\/product_brand?post=230973"},{"taxonomy":"product_cat","embeddable":true,"href":"https:\/\/espak.ee\/epood\/wp-json\/wp\/v2\/product_cat?post=230973"},{"taxonomy":"product_tag","embeddable":true,"href":"https:\/\/espak.ee\/epood\/wp-json\/wp\/v2\/product_tag?post=230973"}],"curies":[{"name":"wp","href":"https:\/\/api.w.org\/{rel}","templated":true}]}}