{"id":230972,"date":"2025-03-18T05:05:03","date_gmt":"2025-03-18T03:05:03","guid":{"rendered":"https:\/\/espak.ee\/epood\/?post_type=product&#038;p=230972"},"modified":"2026-03-26T11:29:04","modified_gmt":"2026-03-26T09:29:04","slug":"bideesegisti-grohe-lineare-kroom","status":"publish","type":"product","link":"https:\/\/espak.ee\/epood\/toode\/bideesegisti-grohe-lineare-kroom\/","title":{"rendered":"BIDEESEGISTI GROHE LINEARE KROOM"},"content":{"rendered":"<div class=\"row\"  id=\"row-671518073\">\n\n\t<div id=\"col-1068742034\" class=\"col medium-9 small-12 large-9\"  >\n\t\t\t\t<div class=\"col-inner\"  >\n\t\t\t\n\t\t\t\n<h3>Bideesegisti Grohe Lineare kroom<\/h3>\n<p>Hinnatud stiil ja esmaklassiline j\u00f5udlus!<br \/>\n S-suuruses GROHE Lineare valamusegisti koos p\u00e4\u00e4stikuga k\u00e4sidu\u0161iga lisab igasse moodsasse vannituppa stiilset vormi ja mugava funktsionaalsuse.<br \/>\n Elegantne disain, milles on \u00fchendatud silindrikujuline korpus ning ristk\u00fclikukujuline k\u00e4epide ja otsak, annab komplektile ka fantastilise v\u00e4limuse. \u00dches t\u00fckis segisti on t\u00e4is uuenduslikku tehnoloogiat. Veekoguse ja -temperatuuri reguleerimine on t\u00e4pne ning kerge t\u00e4nu tugevale metallhoovale ja sujuvalt t\u00f6\u00f6tavale GROHE SilkMove\u2019i keraamilisele s\u00fcdamikule.<br \/>\n GROHE EcoJoy v\u00e4hendab veekulu 5,7\u00a0l\/min ja reguleeritava voolupiiraja abil saab samuti vett s\u00e4\u00e4sta.<br \/>\n S\u00e4rava GROHE StarLighti kroom on vastupidav ja kergesti puhastatav \u2013 \u00fcks kiire t\u00f5mme ning see n\u00e4eb puhas v\u00e4lja.<br \/>\n P\u00e4\u00e4stikuga k\u00e4sidu\u0161\u0161 on v\u00e4ga t\u00e4pne ja v\u00f5imas, mis teeb juuksepesu v\u00f5i valamu puhastamise lihtsamaks kui kunagi varem, ning sellel on integreeritud suundvahetaja, et voolu vahetamine oleks intuitiivne ja kiire.<br \/>\n T\u00e4nu SpeedCleani aeraatorile saab katlakivi puhtaks vaid s\u00f5rmega \u00fcle t\u00f5mmates. Kuna segisti on sileda korpusega, sobib see ideaalselt kasutamiseks valamute puhul, mis ei vaja h\u00fcpik-\u00e4ravooluklappi. Sel on ka sisseehitatud temperatuuripiirik, mis v\u00e4hendab energiakasutust ja arveid. Ja t\u00e4nu GROHE FastFixation Plusile on \u00fche auguga paigaldamine kiirem kui kunagi varem.<br \/>\n GROHE Lineare \u2013 elegantne ja moodne disain, mis kestab kaua! <\/p>\n\t\t<\/div>\n\t\t\t\t\t<\/div>\n\n\t\n\n\t<div id=\"col-1377730240\" class=\"col medium-3 small-12 large-3\"  >\n\t\t\t\t<div class=\"col-inner\"  >\n\t\t\t\n\t\t\t\n\t<div id=\"gap-2103472686\" class=\"gap-element clearfix\" style=\"display:block; height:auto;\">\n\t\t\n<style>\n#gap-2103472686 {\n  padding-top: 30px;\n}\n<\/style>\n\t<\/div>\n\t\n<h3>Paigaldusjuhend<\/h3>\n<p><a href=\"https:\/\/espak.ee\/epood\/wp-content\/uploads\/2025\/03\/2173196.pdf\"target=\"_blank\" rel=\"noopener noreferrer\"><i class=\"far fa-file-pdf\"><\/i> Paigaldusjuhend (PDF)<\/a><\/p>\n<h3>Hooldus<\/h3>\n<p><a href=\"https:\/\/espak.ee\/epood\/wp-content\/uploads\/2025\/03\/2184955-1.pdf\"target=\"_blank\" rel=\"noopener noreferrer\"><i class=\"far fa-file-pdf\"><\/i> Hooldus (PDF)<\/a><\/p>\n<div class=\"is-divider divider clearfix\" ><\/div>\n<p><strong>\u00dcksikasjalikuma n\u00f5u saamiseks v\u00f5tke \u00fchendust:<br \/><\/strong>Grohe AG Eesti filiaal<br \/>Tartu mnt 16<br \/>10117<br \/>Tallinn<br \/>+372 6616354<\/p>\n<div class=\"is-divider divider clearfix\" ><\/div>\n\t\t<\/div>\n\t\t\t\t\t<\/div>\n\n\t\n<\/div>\n","protected":false},"excerpt":{"rendered":"","protected":false},"featured_media":231294,"comment_status":"closed","ping_status":"closed","template":"","meta":[],"product_brand":[],"product_cat":[2820,2819,2821,2827],"product_tag":[],"class_list":{"0":"post-230972","1":"product","2":"type-product","3":"status-publish","4":"has-post-thumbnail","6":"product_cat-sanitaartehnika-sanitaartehnika","7":"product_cat-sanitaartehnika","8":"product_cat-segistid","9":"product_cat-valamusegistid","10":"pa_kaubamark-grohe-a-g","12":"first","13":"instock","14":"sale","15":"taxable","16":"shipping-taxable","17":"purchasable","18":"product-type-simple"},"yoast_head":"<!-- This site is optimized with the Yoast SEO plugin v26.9 - https:\/\/yoast.com\/product\/yoast-seo-wordpress\/ -->\n<title>BIDEESEGISTI GROHE LINEARE KROOM - Espak E-pood<\/title>\n<meta name=\"robots\" content=\"index, follow, max-snippet:-1, max-image-preview:large, max-video-preview:-1\" \/>\n<link rel=\"canonical\" href=\"https:\/\/espak.ee\/epood\/toode\/bideesegisti-grohe-lineare-kroom\/\" \/>\n<meta property=\"og:locale\" content=\"et_EE\" \/>\n<meta property=\"og:type\" content=\"article\" \/>\n<meta property=\"og:title\" content=\"BIDEESEGISTI GROHE LINEARE KROOM - Espak E-pood\" \/>\n<meta property=\"og:url\" content=\"https:\/\/espak.ee\/epood\/toode\/bideesegisti-grohe-lineare-kroom\/\" \/>\n<meta property=\"og:site_name\" content=\"Espak E-pood\" \/>\n<meta property=\"article:modified_time\" content=\"2026-03-26T09:29:04+00:00\" \/>\n<meta property=\"og:image\" content=\"https:\/\/espak.ee\/epood\/wp-content\/uploads\/2025\/03\/ZZF_24190000_005_01_1_1.jpg\" \/>\n\t<meta property=\"og:image:width\" content=\"1000\" \/>\n\t<meta property=\"og:image:height\" content=\"1000\" \/>\n\t<meta property=\"og:image:type\" content=\"image\/jpeg\" \/>\n<meta name=\"twitter:card\" content=\"summary_large_image\" \/>\n<meta name=\"twitter:label1\" content=\"Est. reading time\" \/>\n\t<meta name=\"twitter:data1\" content=\"1 minut\" \/>\n<script type=\"application\/ld+json\" class=\"yoast-schema-graph\">{\"@context\":\"https:\/\/schema.org\",\"@graph\":[{\"@type\":\"WebPage\",\"@id\":\"https:\/\/espak.ee\/epood\/toode\/bideesegisti-grohe-lineare-kroom\/\",\"url\":\"https:\/\/espak.ee\/epood\/toode\/bideesegisti-grohe-lineare-kroom\/\",\"name\":\"BIDEESEGISTI GROHE LINEARE KROOM - Espak E-pood\",\"isPartOf\":{\"@id\":\"https:\/\/espak.ee\/epood\/#website\"},\"primaryImageOfPage\":{\"@id\":\"https:\/\/espak.ee\/epood\/toode\/bideesegisti-grohe-lineare-kroom\/#primaryimage\"},\"image\":{\"@id\":\"https:\/\/espak.ee\/epood\/toode\/bideesegisti-grohe-lineare-kroom\/#primaryimage\"},\"thumbnailUrl\":\"https:\/\/espak.ee\/epood\/wp-content\/uploads\/2025\/03\/ZZF_24190000_005_01_1_1.jpg\",\"datePublished\":\"2025-03-18T03:05:03+00:00\",\"dateModified\":\"2026-03-26T09:29:04+00:00\",\"breadcrumb\":{\"@id\":\"https:\/\/espak.ee\/epood\/toode\/bideesegisti-grohe-lineare-kroom\/#breadcrumb\"},\"inLanguage\":\"et\",\"potentialAction\":[{\"@type\":\"ReadAction\",\"target\":[\"https:\/\/espak.ee\/epood\/toode\/bideesegisti-grohe-lineare-kroom\/\"]}]},{\"@type\":\"ImageObject\",\"inLanguage\":\"et\",\"@id\":\"https:\/\/espak.ee\/epood\/toode\/bideesegisti-grohe-lineare-kroom\/#primaryimage\",\"url\":\"https:\/\/espak.ee\/epood\/wp-content\/uploads\/2025\/03\/ZZF_24190000_005_01_1_1.jpg\",\"contentUrl\":\"https:\/\/espak.ee\/epood\/wp-content\/uploads\/2025\/03\/ZZF_24190000_005_01_1_1.jpg\",\"width\":1000,\"height\":1000},{\"@type\":\"BreadcrumbList\",\"@id\":\"https:\/\/espak.ee\/epood\/toode\/bideesegisti-grohe-lineare-kroom\/#breadcrumb\",\"itemListElement\":[{\"@type\":\"ListItem\",\"position\":1,\"name\":\"Home\",\"item\":\"https:\/\/espak.ee\/epood\/\"},{\"@type\":\"ListItem\",\"position\":2,\"name\":\"Tootevalik\",\"item\":\"https:\/\/espak.ee\/epood\/tootevalik\/\"},{\"@type\":\"ListItem\",\"position\":3,\"name\":\"BIDEESEGISTI GROHE LINEARE KROOM\"}]},{\"@type\":\"WebSite\",\"@id\":\"https:\/\/espak.ee\/epood\/#website\",\"url\":\"https:\/\/espak.ee\/epood\/\",\"name\":\"Espak E-pood\",\"description\":\"\",\"potentialAction\":[{\"@type\":\"SearchAction\",\"target\":{\"@type\":\"EntryPoint\",\"urlTemplate\":\"https:\/\/espak.ee\/epood\/?s={search_term_string}\"},\"query-input\":{\"@type\":\"PropertyValueSpecification\",\"valueRequired\":true,\"valueName\":\"search_term_string\"}}],\"inLanguage\":\"et\"}]}<\/script>\n<!-- \/ Yoast SEO plugin. -->","yoast_head_json":{"title":"BIDEESEGISTI GROHE LINEARE KROOM - Espak E-pood","robots":{"index":"index","follow":"follow","max-snippet":"max-snippet:-1","max-image-preview":"max-image-preview:large","max-video-preview":"max-video-preview:-1"},"canonical":"https:\/\/espak.ee\/epood\/toode\/bideesegisti-grohe-lineare-kroom\/","og_locale":"et_EE","og_type":"article","og_title":"BIDEESEGISTI GROHE LINEARE KROOM - Espak E-pood","og_url":"https:\/\/espak.ee\/epood\/toode\/bideesegisti-grohe-lineare-kroom\/","og_site_name":"Espak E-pood","article_modified_time":"2026-03-26T09:29:04+00:00","og_image":[{"width":1000,"height":1000,"url":"https:\/\/espak.ee\/epood\/wp-content\/uploads\/2025\/03\/ZZF_24190000_005_01_1_1.jpg","type":"image\/jpeg"}],"twitter_card":"summary_large_image","twitter_misc":{"Est. reading time":"1 minut"},"schema":{"@context":"https:\/\/schema.org","@graph":[{"@type":"WebPage","@id":"https:\/\/espak.ee\/epood\/toode\/bideesegisti-grohe-lineare-kroom\/","url":"https:\/\/espak.ee\/epood\/toode\/bideesegisti-grohe-lineare-kroom\/","name":"BIDEESEGISTI GROHE LINEARE KROOM - Espak E-pood","isPartOf":{"@id":"https:\/\/espak.ee\/epood\/#website"},"primaryImageOfPage":{"@id":"https:\/\/espak.ee\/epood\/toode\/bideesegisti-grohe-lineare-kroom\/#primaryimage"},"image":{"@id":"https:\/\/espak.ee\/epood\/toode\/bideesegisti-grohe-lineare-kroom\/#primaryimage"},"thumbnailUrl":"https:\/\/espak.ee\/epood\/wp-content\/uploads\/2025\/03\/ZZF_24190000_005_01_1_1.jpg","datePublished":"2025-03-18T03:05:03+00:00","dateModified":"2026-03-26T09:29:04+00:00","breadcrumb":{"@id":"https:\/\/espak.ee\/epood\/toode\/bideesegisti-grohe-lineare-kroom\/#breadcrumb"},"inLanguage":"et","potentialAction":[{"@type":"ReadAction","target":["https:\/\/espak.ee\/epood\/toode\/bideesegisti-grohe-lineare-kroom\/"]}]},{"@type":"ImageObject","inLanguage":"et","@id":"https:\/\/espak.ee\/epood\/toode\/bideesegisti-grohe-lineare-kroom\/#primaryimage","url":"https:\/\/espak.ee\/epood\/wp-content\/uploads\/2025\/03\/ZZF_24190000_005_01_1_1.jpg","contentUrl":"https:\/\/espak.ee\/epood\/wp-content\/uploads\/2025\/03\/ZZF_24190000_005_01_1_1.jpg","width":1000,"height":1000},{"@type":"BreadcrumbList","@id":"https:\/\/espak.ee\/epood\/toode\/bideesegisti-grohe-lineare-kroom\/#breadcrumb","itemListElement":[{"@type":"ListItem","position":1,"name":"Home","item":"https:\/\/espak.ee\/epood\/"},{"@type":"ListItem","position":2,"name":"Tootevalik","item":"https:\/\/espak.ee\/epood\/tootevalik\/"},{"@type":"ListItem","position":3,"name":"BIDEESEGISTI GROHE LINEARE KROOM"}]},{"@type":"WebSite","@id":"https:\/\/espak.ee\/epood\/#website","url":"https:\/\/espak.ee\/epood\/","name":"Espak E-pood","description":"","potentialAction":[{"@type":"SearchAction","target":{"@type":"EntryPoint","urlTemplate":"https:\/\/espak.ee\/epood\/?s={search_term_string}"},"query-input":{"@type":"PropertyValueSpecification","valueRequired":true,"valueName":"search_term_string"}}],"inLanguage":"et"}]}},"_links":{"self":[{"href":"https:\/\/espak.ee\/epood\/wp-json\/wp\/v2\/product\/230972","targetHints":{"allow":["GET"]}}],"collection":[{"href":"https:\/\/espak.ee\/epood\/wp-json\/wp\/v2\/product"}],"about":[{"href":"https:\/\/espak.ee\/epood\/wp-json\/wp\/v2\/types\/product"}],"replies":[{"embeddable":true,"href":"https:\/\/espak.ee\/epood\/wp-json\/wp\/v2\/comments?post=230972"}],"wp:featuredmedia":[{"embeddable":true,"href":"https:\/\/espak.ee\/epood\/wp-json\/wp\/v2\/media\/231294"}],"wp:attachment":[{"href":"https:\/\/espak.ee\/epood\/wp-json\/wp\/v2\/media?parent=230972"}],"wp:term":[{"taxonomy":"product_brand","embeddable":true,"href":"https:\/\/espak.ee\/epood\/wp-json\/wp\/v2\/product_brand?post=230972"},{"taxonomy":"product_cat","embeddable":true,"href":"https:\/\/espak.ee\/epood\/wp-json\/wp\/v2\/product_cat?post=230972"},{"taxonomy":"product_tag","embeddable":true,"href":"https:\/\/espak.ee\/epood\/wp-json\/wp\/v2\/product_tag?post=230972"}],"curies":[{"name":"wp","href":"https:\/\/api.w.org\/{rel}","templated":true}]}}