{"id":230721,"date":"2025-03-15T05:05:39","date_gmt":"2025-03-15T03:05:39","guid":{"rendered":"https:\/\/espak.ee\/epood\/?post_type=product&#038;p=230721"},"modified":"2025-03-18T10:21:47","modified_gmt":"2025-03-18T08:21:47","slug":"dusikomplekt-grohe-eurosmart-kroom-seinasisene","status":"publish","type":"product","link":"https:\/\/espak.ee\/epood\/toode\/dusikomplekt-grohe-eurosmart-kroom-seinasisene\/","title":{"rendered":"DU\u0160IKOMPLEKT GROHE EUROSMART KROOM, SEINASISENE"},"content":{"rendered":"<div class=\"row\"  id=\"row-837893158\">\n\n\t<div id=\"col-833160706\" class=\"col medium-9 small-12 large-9\"  >\n\t\t\t\t<div class=\"col-inner\"  >\n\t\t\t\n\t\t\t\n<h3>Du\u0161ikomplekt Grohe Eurosmart kroom<\/h3>\n<p>GROHE Eurosmart Concealed Shower System on stiilne ja luksuslik tervikpakett k\u00f5igest, mida vajate t\u00e4iuslikuks du\u0161ikogemuseks.<br \/>\nSihvakas ja elegantne Eurosmarti \u00fche hoovaga segisti koos kahesuunalise suundvahetajaga on moodne ning stiilne.<br \/>\n Rapido SmartBoxi universaalse paigalduskarbi abil on v\u00f5imalik peitpaigaldus.<br \/>\n T\u00e4nu vastupidavale GROHE SilkMove\u2019i keraamilisele s\u00fcdamikule saate metallhoova abil veevoolu ja -temperatuuri h\u00f5lpsalt reguleerida. Saksamaal valmistatud tehnoloogia tagab ka suurep\u00e4rase du\u0161ielamuse. \u00dcladu\u0161\u0161, millel on 380 mm pikkune vars, pakub l\u00f5\u00f5gastavat pihustusre\u017eiimi Rain, kuid \u00e4rge unustage ka 110\u00a0mm pikkust k\u00e4sidu\u0161\u0161i*. Uuendusliku GROHE SmartSwitchi suundvahetaja abil on saadaval kaks suurep\u00e4rast pihustusre\u017eiimi: v\u00f5imas Jet, mis on ideaalne juuksepesuks, ja Rain, mis on \u00f5rn nagu suvine vihm.<br \/>\n K\u00e4sidu\u0161il on ShockProofi silikoonr\u00f5ngas, mis kaitseb seda kukkumisel v\u00f5i l\u00f6\u00f6gi saamisel. Komplektis on ka du\u0161ihoidik koos -v\u00e4ljundi ja 1500\u00a0mm voolikuga, millel on TwistStopi funktsioon.<br \/>\n T\u00e4nu tehnoloogiale GROHE SpeedClean saate k\u00f5ik SpeedCleani silikoonist pihustusavad puhtaks lihtsalt s\u00f5rmega \u00fcle t\u00f5mmates.<br \/>\n T\u00e4nu vastupidavale ja kergesti hooldatavale GROHE Long-Life\u2019i viimistlusele n\u00e4eb kroompind kogu kasutusea suurep\u00e4rane v\u00e4lja.<br \/>\n Hea on ka see, et segisti paigaldus on t\u00e4nu GROHE FastFixationile kiire ja lihtne \u2013 selles on lukustuss\u00fcsteem, kate ning torutihendid. See t\u00e4hendab, et lekkeohtu pole! GROHE Eurosmart Concealed Shower System \u2013 lihtsus, t\u00e4nap\u00e4evane stiil ja k\u00f5ik-\u00fches-toimivus!<\/p>\n<p>* Komplektis on valikuline voolupiirik, mis s\u00e4\u00e4stab vett 9,5\u00a0l\/min.<\/p>\n\t\t<\/div>\n\t\t\t\t\t<\/div>\n\n\t\n\n\t<div id=\"col-891344454\" class=\"col medium-3 small-12 large-3\"  >\n\t\t\t\t<div class=\"col-inner\"  >\n\t\t\t\n\t\t\t\n\t<div id=\"gap-1092066720\" class=\"gap-element clearfix\" style=\"display:block; height:auto;\">\n\t\t\n<style>\n#gap-1092066720 {\n  padding-top: 30px;\n}\n<\/style>\n\t<\/div>\n\t\n<h3>Hooldus<\/h3>\n<p><a href=\"https:\/\/espak.ee\/epood\/wp-content\/uploads\/2024\/10\/2184955.pdf\"target=\"_blank\" rel=\"noopener noreferrer\"><i class=\"far fa-file-pdf\"><\/i> Hooldus (PDF)<\/a><\/p>\n<div class=\"is-divider divider clearfix\" ><\/div>\n<p><strong>\u00dcksikasjalikuma n\u00f5u saamiseks v\u00f5tke \u00fchendust:<br \/><\/strong>Grohe AG Eesti filiaal<br \/>Tartu mnt 16<br \/>10117<br \/>Tallinn<br \/>+372 6616354<\/p>\n<div class=\"is-divider divider clearfix\" ><\/div>\n\t\t<\/div>\n\t\t\t\t\t<\/div>\n\n\t\n<\/div>\n","protected":false},"excerpt":{"rendered":"","protected":false},"featured_media":231094,"comment_status":"closed","ping_status":"closed","template":"","meta":[],"product_brand":[],"product_cat":[2824,2819,2820,2821],"product_tag":[],"class_list":{"0":"post-230721","1":"product","2":"type-product","3":"status-publish","4":"has-post-thumbnail","6":"product_cat-dusisegistid","7":"product_cat-sanitaartehnika","8":"product_cat-sanitaartehnika-sanitaartehnika","9":"product_cat-segistid","10":"pa_kaubamark-grohe-a-g","12":"first","13":"instock","14":"sale","15":"taxable","16":"shipping-taxable","17":"purchasable","18":"product-type-simple"},"yoast_head":"<!-- This site is optimized with the Yoast SEO plugin v26.9 - https:\/\/yoast.com\/product\/yoast-seo-wordpress\/ -->\n<title>DU\u0160IKOMPLEKT GROHE EUROSMART KROOM, SEINASISENE - Espak E-pood<\/title>\n<meta name=\"robots\" content=\"index, follow, max-snippet:-1, max-image-preview:large, max-video-preview:-1\" \/>\n<link rel=\"canonical\" href=\"https:\/\/espak.ee\/epood\/toode\/dusikomplekt-grohe-eurosmart-kroom-seinasisene\/\" \/>\n<meta property=\"og:locale\" content=\"et_EE\" \/>\n<meta property=\"og:type\" content=\"article\" \/>\n<meta property=\"og:title\" content=\"DU\u0160IKOMPLEKT GROHE EUROSMART KROOM, SEINASISENE - Espak E-pood\" \/>\n<meta property=\"og:url\" content=\"https:\/\/espak.ee\/epood\/toode\/dusikomplekt-grohe-eurosmart-kroom-seinasisene\/\" \/>\n<meta property=\"og:site_name\" content=\"Espak E-pood\" \/>\n<meta property=\"article:modified_time\" content=\"2025-03-18T08:21:47+00:00\" \/>\n<meta property=\"og:image\" content=\"https:\/\/espak.ee\/epood\/wp-content\/uploads\/2025\/03\/25288000_1_1.jpg\" \/>\n\t<meta property=\"og:image:width\" content=\"1000\" \/>\n\t<meta property=\"og:image:height\" content=\"1000\" \/>\n\t<meta property=\"og:image:type\" content=\"image\/jpeg\" \/>\n<meta name=\"twitter:card\" content=\"summary_large_image\" \/>\n<meta name=\"twitter:label1\" content=\"Est. reading time\" \/>\n\t<meta name=\"twitter:data1\" content=\"1 minut\" \/>\n<script type=\"application\/ld+json\" class=\"yoast-schema-graph\">{\"@context\":\"https:\/\/schema.org\",\"@graph\":[{\"@type\":\"WebPage\",\"@id\":\"https:\/\/espak.ee\/epood\/toode\/dusikomplekt-grohe-eurosmart-kroom-seinasisene\/\",\"url\":\"https:\/\/espak.ee\/epood\/toode\/dusikomplekt-grohe-eurosmart-kroom-seinasisene\/\",\"name\":\"DU\u0160IKOMPLEKT GROHE EUROSMART KROOM, SEINASISENE - Espak E-pood\",\"isPartOf\":{\"@id\":\"https:\/\/espak.ee\/epood\/#website\"},\"primaryImageOfPage\":{\"@id\":\"https:\/\/espak.ee\/epood\/toode\/dusikomplekt-grohe-eurosmart-kroom-seinasisene\/#primaryimage\"},\"image\":{\"@id\":\"https:\/\/espak.ee\/epood\/toode\/dusikomplekt-grohe-eurosmart-kroom-seinasisene\/#primaryimage\"},\"thumbnailUrl\":\"https:\/\/espak.ee\/epood\/wp-content\/uploads\/2025\/03\/25288000_1_1.jpg\",\"datePublished\":\"2025-03-15T03:05:39+00:00\",\"dateModified\":\"2025-03-18T08:21:47+00:00\",\"breadcrumb\":{\"@id\":\"https:\/\/espak.ee\/epood\/toode\/dusikomplekt-grohe-eurosmart-kroom-seinasisene\/#breadcrumb\"},\"inLanguage\":\"et\",\"potentialAction\":[{\"@type\":\"ReadAction\",\"target\":[\"https:\/\/espak.ee\/epood\/toode\/dusikomplekt-grohe-eurosmart-kroom-seinasisene\/\"]}]},{\"@type\":\"ImageObject\",\"inLanguage\":\"et\",\"@id\":\"https:\/\/espak.ee\/epood\/toode\/dusikomplekt-grohe-eurosmart-kroom-seinasisene\/#primaryimage\",\"url\":\"https:\/\/espak.ee\/epood\/wp-content\/uploads\/2025\/03\/25288000_1_1.jpg\",\"contentUrl\":\"https:\/\/espak.ee\/epood\/wp-content\/uploads\/2025\/03\/25288000_1_1.jpg\",\"width\":1000,\"height\":1000},{\"@type\":\"BreadcrumbList\",\"@id\":\"https:\/\/espak.ee\/epood\/toode\/dusikomplekt-grohe-eurosmart-kroom-seinasisene\/#breadcrumb\",\"itemListElement\":[{\"@type\":\"ListItem\",\"position\":1,\"name\":\"Home\",\"item\":\"https:\/\/espak.ee\/epood\/\"},{\"@type\":\"ListItem\",\"position\":2,\"name\":\"Tootevalik\",\"item\":\"https:\/\/espak.ee\/epood\/tootevalik\/\"},{\"@type\":\"ListItem\",\"position\":3,\"name\":\"DU\u0160IKOMPLEKT GROHE EUROSMART KROOM, SEINASISENE\"}]},{\"@type\":\"WebSite\",\"@id\":\"https:\/\/espak.ee\/epood\/#website\",\"url\":\"https:\/\/espak.ee\/epood\/\",\"name\":\"Espak E-pood\",\"description\":\"\",\"potentialAction\":[{\"@type\":\"SearchAction\",\"target\":{\"@type\":\"EntryPoint\",\"urlTemplate\":\"https:\/\/espak.ee\/epood\/?s={search_term_string}\"},\"query-input\":{\"@type\":\"PropertyValueSpecification\",\"valueRequired\":true,\"valueName\":\"search_term_string\"}}],\"inLanguage\":\"et\"}]}<\/script>\n<!-- \/ Yoast SEO plugin. -->","yoast_head_json":{"title":"DU\u0160IKOMPLEKT GROHE EUROSMART KROOM, SEINASISENE - Espak E-pood","robots":{"index":"index","follow":"follow","max-snippet":"max-snippet:-1","max-image-preview":"max-image-preview:large","max-video-preview":"max-video-preview:-1"},"canonical":"https:\/\/espak.ee\/epood\/toode\/dusikomplekt-grohe-eurosmart-kroom-seinasisene\/","og_locale":"et_EE","og_type":"article","og_title":"DU\u0160IKOMPLEKT GROHE EUROSMART KROOM, SEINASISENE - Espak E-pood","og_url":"https:\/\/espak.ee\/epood\/toode\/dusikomplekt-grohe-eurosmart-kroom-seinasisene\/","og_site_name":"Espak E-pood","article_modified_time":"2025-03-18T08:21:47+00:00","og_image":[{"width":1000,"height":1000,"url":"https:\/\/espak.ee\/epood\/wp-content\/uploads\/2025\/03\/25288000_1_1.jpg","type":"image\/jpeg"}],"twitter_card":"summary_large_image","twitter_misc":{"Est. reading time":"1 minut"},"schema":{"@context":"https:\/\/schema.org","@graph":[{"@type":"WebPage","@id":"https:\/\/espak.ee\/epood\/toode\/dusikomplekt-grohe-eurosmart-kroom-seinasisene\/","url":"https:\/\/espak.ee\/epood\/toode\/dusikomplekt-grohe-eurosmart-kroom-seinasisene\/","name":"DU\u0160IKOMPLEKT GROHE EUROSMART KROOM, SEINASISENE - Espak E-pood","isPartOf":{"@id":"https:\/\/espak.ee\/epood\/#website"},"primaryImageOfPage":{"@id":"https:\/\/espak.ee\/epood\/toode\/dusikomplekt-grohe-eurosmart-kroom-seinasisene\/#primaryimage"},"image":{"@id":"https:\/\/espak.ee\/epood\/toode\/dusikomplekt-grohe-eurosmart-kroom-seinasisene\/#primaryimage"},"thumbnailUrl":"https:\/\/espak.ee\/epood\/wp-content\/uploads\/2025\/03\/25288000_1_1.jpg","datePublished":"2025-03-15T03:05:39+00:00","dateModified":"2025-03-18T08:21:47+00:00","breadcrumb":{"@id":"https:\/\/espak.ee\/epood\/toode\/dusikomplekt-grohe-eurosmart-kroom-seinasisene\/#breadcrumb"},"inLanguage":"et","potentialAction":[{"@type":"ReadAction","target":["https:\/\/espak.ee\/epood\/toode\/dusikomplekt-grohe-eurosmart-kroom-seinasisene\/"]}]},{"@type":"ImageObject","inLanguage":"et","@id":"https:\/\/espak.ee\/epood\/toode\/dusikomplekt-grohe-eurosmart-kroom-seinasisene\/#primaryimage","url":"https:\/\/espak.ee\/epood\/wp-content\/uploads\/2025\/03\/25288000_1_1.jpg","contentUrl":"https:\/\/espak.ee\/epood\/wp-content\/uploads\/2025\/03\/25288000_1_1.jpg","width":1000,"height":1000},{"@type":"BreadcrumbList","@id":"https:\/\/espak.ee\/epood\/toode\/dusikomplekt-grohe-eurosmart-kroom-seinasisene\/#breadcrumb","itemListElement":[{"@type":"ListItem","position":1,"name":"Home","item":"https:\/\/espak.ee\/epood\/"},{"@type":"ListItem","position":2,"name":"Tootevalik","item":"https:\/\/espak.ee\/epood\/tootevalik\/"},{"@type":"ListItem","position":3,"name":"DU\u0160IKOMPLEKT GROHE EUROSMART KROOM, SEINASISENE"}]},{"@type":"WebSite","@id":"https:\/\/espak.ee\/epood\/#website","url":"https:\/\/espak.ee\/epood\/","name":"Espak E-pood","description":"","potentialAction":[{"@type":"SearchAction","target":{"@type":"EntryPoint","urlTemplate":"https:\/\/espak.ee\/epood\/?s={search_term_string}"},"query-input":{"@type":"PropertyValueSpecification","valueRequired":true,"valueName":"search_term_string"}}],"inLanguage":"et"}]}},"_links":{"self":[{"href":"https:\/\/espak.ee\/epood\/wp-json\/wp\/v2\/product\/230721","targetHints":{"allow":["GET"]}}],"collection":[{"href":"https:\/\/espak.ee\/epood\/wp-json\/wp\/v2\/product"}],"about":[{"href":"https:\/\/espak.ee\/epood\/wp-json\/wp\/v2\/types\/product"}],"replies":[{"embeddable":true,"href":"https:\/\/espak.ee\/epood\/wp-json\/wp\/v2\/comments?post=230721"}],"wp:featuredmedia":[{"embeddable":true,"href":"https:\/\/espak.ee\/epood\/wp-json\/wp\/v2\/media\/231094"}],"wp:attachment":[{"href":"https:\/\/espak.ee\/epood\/wp-json\/wp\/v2\/media?parent=230721"}],"wp:term":[{"taxonomy":"product_brand","embeddable":true,"href":"https:\/\/espak.ee\/epood\/wp-json\/wp\/v2\/product_brand?post=230721"},{"taxonomy":"product_cat","embeddable":true,"href":"https:\/\/espak.ee\/epood\/wp-json\/wp\/v2\/product_cat?post=230721"},{"taxonomy":"product_tag","embeddable":true,"href":"https:\/\/espak.ee\/epood\/wp-json\/wp\/v2\/product_tag?post=230721"}],"curies":[{"name":"wp","href":"https:\/\/api.w.org\/{rel}","templated":true}]}}