{"id":230696,"date":"2025-03-15T05:05:02","date_gmt":"2025-03-15T03:05:02","guid":{"rendered":"https:\/\/espak.ee\/epood\/?post_type=product&#038;p=230696"},"modified":"2025-03-18T14:48:12","modified_gmt":"2025-03-18T12:48:12","slug":"valamu-grohe-cube-ceramic-40","status":"publish","type":"product","link":"https:\/\/espak.ee\/epood\/toode\/valamu-grohe-cube-ceramic-40\/","title":{"rendered":"VALAMU GROHE CUBE CERAMIC 40"},"content":{"rendered":"<div class=\"row\"  id=\"row-1357545249\">\n\n\t<div id=\"col-2064087758\" class=\"col medium-9 small-12 large-9\"  >\n\t\t\t\t<div class=\"col-inner\"  >\n\t\t\t\n\t\t\t\n<h3>Valamu Grohe Cube Ceramic 40 alpivalge<\/h3>\n<p>Pange kokku valamu GROHE Cube Ceramic Vessel 40 ja seinale paigaldatav v\u00f5i eraldiseisev segisti. Nii saate stiilse valamu, mis v\u00f5ib kiidelda ka uusimate kergesti puhastatavate materjalidega.<br \/>\n Selle \u00fclikena 400\u00a0mm \u00d7 400\u00a0mm pinnapealse valamu lihtsast kujust ja puhastest joontest lihtsalt \u00f5hkub veetlust. Valamu l\u00e4ikiv, valget Alpine White\u2019i tooni peenest \u0161amotist pind on vastupidav ja n\u00e4eb aastaid hea v\u00e4lja. Uuenduslik GROHE PureGuardi kattekiht p\u00e4rsib bakterite kasvu ning t\u00f5rjub mustust ja katlakivi, tagades s\u00e4rava pinna ja lihtsa puhastamise.<br \/>\nKollektsiooni GROHE Cube Ceramic tooted sobivad nagu valatult nelja GROHE vannitoasegistisarjaga\u00a0\u2013 Eurocube, Lineare, Allure ja Allure Brilliant \u2013, et lihtsustada kujundusprotsessi, luua esteetiline tervik ning tagada \u00fcletamatu j\u00f5udlus. K\u00fclastage veebisaiti www.ceramics.grohe.com, et leida parim kombinatsioon oma vannitoa jaoks. Valides GROHE keraamika, saate kasu GROHE \u00fclemaailmsest kogemusest sanitaartehnika valdkonnas ning juhtiva pinnatehnoloogia kaubam\u00e4rgi LIXIL-i enam kui saja-aastasest kvaliteedist ja kogemusest. GROHE Cube Ceramic\u00a0\u2013 stiilne disainielement, mis annab vannitoale elegantse ja moodsa ilme.<\/p>\n\t\t<\/div>\n\t\t\t\t\t<\/div>\n\n\t\n\n\t<div id=\"col-6045369\" class=\"col medium-3 small-12 large-3\"  >\n\t\t\t\t<div class=\"col-inner\"  >\n\t\t\t\n\t\t\t\n\t<div id=\"gap-1869957415\" class=\"gap-element clearfix\" style=\"display:block; height:auto;\">\n\t\t\n<style>\n#gap-1869957415 {\n  padding-top: 30px;\n}\n<\/style>\n\t<\/div>\n\t\n<h3>Paigaldusjuhend<\/h3>\n<p><a href=\"https:\/\/espak.ee\/epood\/wp-content\/uploads\/2025\/03\/100005350.pdf\"target=\"_blank\" rel=\"noopener noreferrer\"><i class=\"far fa-file-pdf\"><\/i> Paigaldusjuhend (PDF)<\/a><\/p>\n<h3>Hooldus<\/h3>\n<p><a href=\"https:\/\/espak.ee\/epood\/wp-content\/uploads\/2025\/03\/2203336.pdf\"target=\"_blank\" rel=\"noopener noreferrer\"><i class=\"far fa-file-pdf\"><\/i> Hooldusjuhis (PDF)<\/a><\/p>\n<div class=\"is-divider divider clearfix\" ><\/div>\n<p><strong>\u00dcksikasjalikuma n\u00f5u saamiseks v\u00f5tke \u00fchendust:<br \/><\/strong>Grohe AG Eesti filiaal<br \/>Tartu mnt 16<br \/>10117<br \/>Tallinn<br \/>+372 6616354<\/p>\n<div class=\"is-divider divider clearfix\" ><\/div>\n\t\t<\/div>\n\t\t\t\t\t<\/div>\n\n\t\n<\/div>\n","protected":false},"excerpt":{"rendered":"","protected":false},"featured_media":231143,"comment_status":"closed","ping_status":"closed","template":"","meta":[],"product_brand":[],"product_cat":[3191,3192,2819,2820],"product_tag":[],"class_list":{"0":"post-230696","1":"product","2":"type-product","3":"status-publish","4":"has-post-thumbnail","6":"product_cat-fajanssvalamud","7":"product_cat-fajanssvalamud-fajanssvalamud","8":"product_cat-sanitaartehnika","9":"product_cat-sanitaartehnika-sanitaartehnika","10":"pa_kaubamark-grohe-a-g","12":"first","13":"instock","14":"sale","15":"taxable","16":"shipping-taxable","17":"purchasable","18":"product-type-simple"},"yoast_head":"<!-- This site is optimized with the Yoast SEO plugin v26.9 - https:\/\/yoast.com\/product\/yoast-seo-wordpress\/ -->\n<title>VALAMU GROHE CUBE CERAMIC 40 - Espak E-pood<\/title>\n<meta name=\"robots\" content=\"index, follow, max-snippet:-1, max-image-preview:large, max-video-preview:-1\" \/>\n<link rel=\"canonical\" href=\"https:\/\/espak.ee\/epood\/toode\/valamu-grohe-cube-ceramic-40\/\" \/>\n<meta property=\"og:locale\" content=\"et_EE\" \/>\n<meta property=\"og:type\" content=\"article\" \/>\n<meta property=\"og:title\" content=\"VALAMU GROHE CUBE CERAMIC 40 - Espak E-pood\" \/>\n<meta property=\"og:url\" content=\"https:\/\/espak.ee\/epood\/toode\/valamu-grohe-cube-ceramic-40\/\" \/>\n<meta property=\"og:site_name\" content=\"Espak E-pood\" \/>\n<meta property=\"article:modified_time\" content=\"2025-03-18T12:48:12+00:00\" \/>\n<meta property=\"og:image\" content=\"https:\/\/espak.ee\/epood\/wp-content\/uploads\/2025\/03\/3948200H_1_1.jpg\" \/>\n\t<meta property=\"og:image:width\" content=\"1000\" \/>\n\t<meta property=\"og:image:height\" content=\"1000\" \/>\n\t<meta property=\"og:image:type\" content=\"image\/jpeg\" \/>\n<meta name=\"twitter:card\" content=\"summary_large_image\" \/>\n<meta name=\"twitter:label1\" content=\"Est. reading time\" \/>\n\t<meta name=\"twitter:data1\" content=\"1 minut\" \/>\n<script type=\"application\/ld+json\" class=\"yoast-schema-graph\">{\"@context\":\"https:\/\/schema.org\",\"@graph\":[{\"@type\":\"WebPage\",\"@id\":\"https:\/\/espak.ee\/epood\/toode\/valamu-grohe-cube-ceramic-40\/\",\"url\":\"https:\/\/espak.ee\/epood\/toode\/valamu-grohe-cube-ceramic-40\/\",\"name\":\"VALAMU GROHE CUBE CERAMIC 40 - Espak E-pood\",\"isPartOf\":{\"@id\":\"https:\/\/espak.ee\/epood\/#website\"},\"primaryImageOfPage\":{\"@id\":\"https:\/\/espak.ee\/epood\/toode\/valamu-grohe-cube-ceramic-40\/#primaryimage\"},\"image\":{\"@id\":\"https:\/\/espak.ee\/epood\/toode\/valamu-grohe-cube-ceramic-40\/#primaryimage\"},\"thumbnailUrl\":\"https:\/\/espak.ee\/epood\/wp-content\/uploads\/2025\/03\/3948200H_1_1.jpg\",\"datePublished\":\"2025-03-15T03:05:02+00:00\",\"dateModified\":\"2025-03-18T12:48:12+00:00\",\"breadcrumb\":{\"@id\":\"https:\/\/espak.ee\/epood\/toode\/valamu-grohe-cube-ceramic-40\/#breadcrumb\"},\"inLanguage\":\"et\",\"potentialAction\":[{\"@type\":\"ReadAction\",\"target\":[\"https:\/\/espak.ee\/epood\/toode\/valamu-grohe-cube-ceramic-40\/\"]}]},{\"@type\":\"ImageObject\",\"inLanguage\":\"et\",\"@id\":\"https:\/\/espak.ee\/epood\/toode\/valamu-grohe-cube-ceramic-40\/#primaryimage\",\"url\":\"https:\/\/espak.ee\/epood\/wp-content\/uploads\/2025\/03\/3948200H_1_1.jpg\",\"contentUrl\":\"https:\/\/espak.ee\/epood\/wp-content\/uploads\/2025\/03\/3948200H_1_1.jpg\",\"width\":1000,\"height\":1000},{\"@type\":\"BreadcrumbList\",\"@id\":\"https:\/\/espak.ee\/epood\/toode\/valamu-grohe-cube-ceramic-40\/#breadcrumb\",\"itemListElement\":[{\"@type\":\"ListItem\",\"position\":1,\"name\":\"Home\",\"item\":\"https:\/\/espak.ee\/epood\/\"},{\"@type\":\"ListItem\",\"position\":2,\"name\":\"Tootevalik\",\"item\":\"https:\/\/espak.ee\/epood\/tootevalik\/\"},{\"@type\":\"ListItem\",\"position\":3,\"name\":\"VALAMU GROHE CUBE CERAMIC 40\"}]},{\"@type\":\"WebSite\",\"@id\":\"https:\/\/espak.ee\/epood\/#website\",\"url\":\"https:\/\/espak.ee\/epood\/\",\"name\":\"Espak E-pood\",\"description\":\"\",\"potentialAction\":[{\"@type\":\"SearchAction\",\"target\":{\"@type\":\"EntryPoint\",\"urlTemplate\":\"https:\/\/espak.ee\/epood\/?s={search_term_string}\"},\"query-input\":{\"@type\":\"PropertyValueSpecification\",\"valueRequired\":true,\"valueName\":\"search_term_string\"}}],\"inLanguage\":\"et\"}]}<\/script>\n<!-- \/ Yoast SEO plugin. -->","yoast_head_json":{"title":"VALAMU GROHE CUBE CERAMIC 40 - Espak E-pood","robots":{"index":"index","follow":"follow","max-snippet":"max-snippet:-1","max-image-preview":"max-image-preview:large","max-video-preview":"max-video-preview:-1"},"canonical":"https:\/\/espak.ee\/epood\/toode\/valamu-grohe-cube-ceramic-40\/","og_locale":"et_EE","og_type":"article","og_title":"VALAMU GROHE CUBE CERAMIC 40 - Espak E-pood","og_url":"https:\/\/espak.ee\/epood\/toode\/valamu-grohe-cube-ceramic-40\/","og_site_name":"Espak E-pood","article_modified_time":"2025-03-18T12:48:12+00:00","og_image":[{"width":1000,"height":1000,"url":"https:\/\/espak.ee\/epood\/wp-content\/uploads\/2025\/03\/3948200H_1_1.jpg","type":"image\/jpeg"}],"twitter_card":"summary_large_image","twitter_misc":{"Est. reading time":"1 minut"},"schema":{"@context":"https:\/\/schema.org","@graph":[{"@type":"WebPage","@id":"https:\/\/espak.ee\/epood\/toode\/valamu-grohe-cube-ceramic-40\/","url":"https:\/\/espak.ee\/epood\/toode\/valamu-grohe-cube-ceramic-40\/","name":"VALAMU GROHE CUBE CERAMIC 40 - Espak E-pood","isPartOf":{"@id":"https:\/\/espak.ee\/epood\/#website"},"primaryImageOfPage":{"@id":"https:\/\/espak.ee\/epood\/toode\/valamu-grohe-cube-ceramic-40\/#primaryimage"},"image":{"@id":"https:\/\/espak.ee\/epood\/toode\/valamu-grohe-cube-ceramic-40\/#primaryimage"},"thumbnailUrl":"https:\/\/espak.ee\/epood\/wp-content\/uploads\/2025\/03\/3948200H_1_1.jpg","datePublished":"2025-03-15T03:05:02+00:00","dateModified":"2025-03-18T12:48:12+00:00","breadcrumb":{"@id":"https:\/\/espak.ee\/epood\/toode\/valamu-grohe-cube-ceramic-40\/#breadcrumb"},"inLanguage":"et","potentialAction":[{"@type":"ReadAction","target":["https:\/\/espak.ee\/epood\/toode\/valamu-grohe-cube-ceramic-40\/"]}]},{"@type":"ImageObject","inLanguage":"et","@id":"https:\/\/espak.ee\/epood\/toode\/valamu-grohe-cube-ceramic-40\/#primaryimage","url":"https:\/\/espak.ee\/epood\/wp-content\/uploads\/2025\/03\/3948200H_1_1.jpg","contentUrl":"https:\/\/espak.ee\/epood\/wp-content\/uploads\/2025\/03\/3948200H_1_1.jpg","width":1000,"height":1000},{"@type":"BreadcrumbList","@id":"https:\/\/espak.ee\/epood\/toode\/valamu-grohe-cube-ceramic-40\/#breadcrumb","itemListElement":[{"@type":"ListItem","position":1,"name":"Home","item":"https:\/\/espak.ee\/epood\/"},{"@type":"ListItem","position":2,"name":"Tootevalik","item":"https:\/\/espak.ee\/epood\/tootevalik\/"},{"@type":"ListItem","position":3,"name":"VALAMU GROHE CUBE CERAMIC 40"}]},{"@type":"WebSite","@id":"https:\/\/espak.ee\/epood\/#website","url":"https:\/\/espak.ee\/epood\/","name":"Espak E-pood","description":"","potentialAction":[{"@type":"SearchAction","target":{"@type":"EntryPoint","urlTemplate":"https:\/\/espak.ee\/epood\/?s={search_term_string}"},"query-input":{"@type":"PropertyValueSpecification","valueRequired":true,"valueName":"search_term_string"}}],"inLanguage":"et"}]}},"_links":{"self":[{"href":"https:\/\/espak.ee\/epood\/wp-json\/wp\/v2\/product\/230696","targetHints":{"allow":["GET"]}}],"collection":[{"href":"https:\/\/espak.ee\/epood\/wp-json\/wp\/v2\/product"}],"about":[{"href":"https:\/\/espak.ee\/epood\/wp-json\/wp\/v2\/types\/product"}],"replies":[{"embeddable":true,"href":"https:\/\/espak.ee\/epood\/wp-json\/wp\/v2\/comments?post=230696"}],"wp:featuredmedia":[{"embeddable":true,"href":"https:\/\/espak.ee\/epood\/wp-json\/wp\/v2\/media\/231143"}],"wp:attachment":[{"href":"https:\/\/espak.ee\/epood\/wp-json\/wp\/v2\/media?parent=230696"}],"wp:term":[{"taxonomy":"product_brand","embeddable":true,"href":"https:\/\/espak.ee\/epood\/wp-json\/wp\/v2\/product_brand?post=230696"},{"taxonomy":"product_cat","embeddable":true,"href":"https:\/\/espak.ee\/epood\/wp-json\/wp\/v2\/product_cat?post=230696"},{"taxonomy":"product_tag","embeddable":true,"href":"https:\/\/espak.ee\/epood\/wp-json\/wp\/v2\/product_tag?post=230696"}],"curies":[{"name":"wp","href":"https:\/\/api.w.org\/{rel}","templated":true}]}}