{"id":23059,"date":"2020-04-28T04:50:23","date_gmt":"2020-04-28T01:50:23","guid":{"rendered":"https:\/\/espak.ee\/hinnakiri\/?post_type=product&#038;p=23059"},"modified":"2026-01-18T21:40:19","modified_gmt":"2026-01-18T19:40:19","slug":"nurgakruvi-spit-5050-zn-tx20-250tk-pk","status":"publish","type":"product","link":"https:\/\/espak.ee\/epood\/toode\/nurgakruvi-spit-5050-zn-tx20-250tk-pk\/","title":{"rendered":"NURGAKRUVI SPIT 5,0*50 ZN TX20 250TK\/PK"},"content":{"rendered":"<div class=\"row\"  id=\"row-47719506\">\n\n\t<div id=\"col-2111991290\" class=\"col medium-9 small-12 large-9\"  >\n\t\t\t\t<div class=\"col-inner\"  >\n\t\t\t\n\t\t\t\n<h3>Nurgakruvi SPIT 5,0*50 ZN TX20<\/h3>\n<p>PASLODE ankrukruvid metallnurkade, tala &#8211; ja palgikingade professionaalseks kinnitamiseks.<br \/>\n12\u00b5m tsingikiht v\u00f5imaldab kasutada ka niisketes ja varjualustes kohtades (C2 klass). TwinCut\u00ae -ots v\u00e4ldib puidu l\u00f5henemist ja tagab kohese haarde puitu. Topeltkeere kahekordistab kinnitamiskiirust ja tugevdab v\u00e4\u00e4net kuni 40%.<br \/>\nToode omab CE m\u00e4rgist ja ETA sertifikaati.<br \/>\nPakendis 250 kruvi. <\/p>\n\t\t<\/div>\n\t\t\t\t\t<\/div>\n\n\t\n\n\t<div id=\"col-913529240\" class=\"col medium-3 small-12 large-3\"  >\n\t\t\t\t<div class=\"col-inner\"  >\n\t\t\t\n\t\t\t\n\t<div id=\"gap-1837313326\" class=\"gap-element clearfix\" style=\"display:block; height:auto;\">\n\t\t\n<style>\n#gap-1837313326 {\n  padding-top: 30px;\n}\n<\/style>\n\t<\/div>\n\t\n<p><strong>\u00dcksikasjalikuma n\u00f5u saamiseks v\u00f5tke \u00fchendust:<br \/><\/strong>ITW Construction Products O\u00dc<br \/> T\u00fcri 10D <br \/>11313 Tallinn<br \/>info@itwconstruction.ee <\/p>\n\t\t<\/div>\n\t\t\t\t\t<\/div>\n\n\t\n<\/div>\n","protected":false},"excerpt":{"rendered":"","protected":false},"featured_media":25652,"comment_status":"closed","ping_status":"open","template":"","meta":[],"product_brand":[],"product_cat":[2917,2938,3061,2893],"product_tag":[],"class_list":{"0":"post-23059","1":"product","2":"type-product","3":"status-publish","4":"has-post-thumbnail","6":"product_cat-kinnitustarvikud","7":"product_cat-kruvid","8":"product_cat-nurgakruvid","9":"product_cat-rauakaubad","10":"pa_kaubamark-itw-construction-products-ou","12":"first","13":"instock","14":"sale","15":"taxable","16":"shipping-taxable","17":"purchasable","18":"product-type-simple"},"yoast_head":"<!-- This site is optimized with the Yoast SEO plugin v26.9 - https:\/\/yoast.com\/product\/yoast-seo-wordpress\/ -->\n<title>NURGAKRUVI SPIT 5,0*50 ZN TX20 250TK\/PK - Espak E-pood<\/title>\n<meta name=\"robots\" content=\"index, follow, max-snippet:-1, max-image-preview:large, max-video-preview:-1\" \/>\n<link rel=\"canonical\" href=\"https:\/\/espak.ee\/epood\/toode\/nurgakruvi-spit-5050-zn-tx20-250tk-pk\/\" \/>\n<meta property=\"og:locale\" content=\"et_EE\" \/>\n<meta property=\"og:type\" content=\"article\" \/>\n<meta property=\"og:title\" content=\"NURGAKRUVI SPIT 5,0*50 ZN TX20 250TK\/PK - Espak E-pood\" \/>\n<meta property=\"og:url\" content=\"https:\/\/espak.ee\/epood\/toode\/nurgakruvi-spit-5050-zn-tx20-250tk-pk\/\" \/>\n<meta property=\"og:site_name\" content=\"Espak E-pood\" \/>\n<meta property=\"article:modified_time\" content=\"2026-01-18T19:40:19+00:00\" \/>\n<meta property=\"og:image\" content=\"https:\/\/espak.ee\/epood\/wp-content\/uploads\/NURGAKRUVI-PASLODE.jpg\" \/>\n\t<meta property=\"og:image:width\" content=\"1000\" \/>\n\t<meta property=\"og:image:height\" content=\"1000\" \/>\n\t<meta property=\"og:image:type\" content=\"image\/jpeg\" \/>\n<meta name=\"twitter:card\" content=\"summary_large_image\" \/>\n<script type=\"application\/ld+json\" class=\"yoast-schema-graph\">{\"@context\":\"https:\/\/schema.org\",\"@graph\":[{\"@type\":\"WebPage\",\"@id\":\"https:\/\/espak.ee\/epood\/toode\/nurgakruvi-spit-5050-zn-tx20-250tk-pk\/\",\"url\":\"https:\/\/espak.ee\/epood\/toode\/nurgakruvi-spit-5050-zn-tx20-250tk-pk\/\",\"name\":\"NURGAKRUVI SPIT 5,0*50 ZN TX20 250TK\/PK - Espak E-pood\",\"isPartOf\":{\"@id\":\"https:\/\/espak.ee\/epood\/#website\"},\"primaryImageOfPage\":{\"@id\":\"https:\/\/espak.ee\/epood\/toode\/nurgakruvi-spit-5050-zn-tx20-250tk-pk\/#primaryimage\"},\"image\":{\"@id\":\"https:\/\/espak.ee\/epood\/toode\/nurgakruvi-spit-5050-zn-tx20-250tk-pk\/#primaryimage\"},\"thumbnailUrl\":\"https:\/\/espak.ee\/epood\/wp-content\/uploads\/NURGAKRUVI-PASLODE.jpg\",\"datePublished\":\"2020-04-28T01:50:23+00:00\",\"dateModified\":\"2026-01-18T19:40:19+00:00\",\"breadcrumb\":{\"@id\":\"https:\/\/espak.ee\/epood\/toode\/nurgakruvi-spit-5050-zn-tx20-250tk-pk\/#breadcrumb\"},\"inLanguage\":\"et\",\"potentialAction\":[{\"@type\":\"ReadAction\",\"target\":[\"https:\/\/espak.ee\/epood\/toode\/nurgakruvi-spit-5050-zn-tx20-250tk-pk\/\"]}]},{\"@type\":\"ImageObject\",\"inLanguage\":\"et\",\"@id\":\"https:\/\/espak.ee\/epood\/toode\/nurgakruvi-spit-5050-zn-tx20-250tk-pk\/#primaryimage\",\"url\":\"https:\/\/espak.ee\/epood\/wp-content\/uploads\/NURGAKRUVI-PASLODE.jpg\",\"contentUrl\":\"https:\/\/espak.ee\/epood\/wp-content\/uploads\/NURGAKRUVI-PASLODE.jpg\",\"width\":1000,\"height\":1000},{\"@type\":\"BreadcrumbList\",\"@id\":\"https:\/\/espak.ee\/epood\/toode\/nurgakruvi-spit-5050-zn-tx20-250tk-pk\/#breadcrumb\",\"itemListElement\":[{\"@type\":\"ListItem\",\"position\":1,\"name\":\"Home\",\"item\":\"https:\/\/espak.ee\/epood\/\"},{\"@type\":\"ListItem\",\"position\":2,\"name\":\"Tootevalik\",\"item\":\"https:\/\/espak.ee\/epood\/tootevalik\/\"},{\"@type\":\"ListItem\",\"position\":3,\"name\":\"NURGAKRUVI SPIT 5,0*50 ZN TX20 250TK\/PK\"}]},{\"@type\":\"WebSite\",\"@id\":\"https:\/\/espak.ee\/epood\/#website\",\"url\":\"https:\/\/espak.ee\/epood\/\",\"name\":\"Espak E-pood\",\"description\":\"\",\"potentialAction\":[{\"@type\":\"SearchAction\",\"target\":{\"@type\":\"EntryPoint\",\"urlTemplate\":\"https:\/\/espak.ee\/epood\/?s={search_term_string}\"},\"query-input\":{\"@type\":\"PropertyValueSpecification\",\"valueRequired\":true,\"valueName\":\"search_term_string\"}}],\"inLanguage\":\"et\"}]}<\/script>\n<!-- \/ Yoast SEO plugin. -->","yoast_head_json":{"title":"NURGAKRUVI SPIT 5,0*50 ZN TX20 250TK\/PK - Espak E-pood","robots":{"index":"index","follow":"follow","max-snippet":"max-snippet:-1","max-image-preview":"max-image-preview:large","max-video-preview":"max-video-preview:-1"},"canonical":"https:\/\/espak.ee\/epood\/toode\/nurgakruvi-spit-5050-zn-tx20-250tk-pk\/","og_locale":"et_EE","og_type":"article","og_title":"NURGAKRUVI SPIT 5,0*50 ZN TX20 250TK\/PK - Espak E-pood","og_url":"https:\/\/espak.ee\/epood\/toode\/nurgakruvi-spit-5050-zn-tx20-250tk-pk\/","og_site_name":"Espak E-pood","article_modified_time":"2026-01-18T19:40:19+00:00","og_image":[{"width":1000,"height":1000,"url":"https:\/\/espak.ee\/epood\/wp-content\/uploads\/NURGAKRUVI-PASLODE.jpg","type":"image\/jpeg"}],"twitter_card":"summary_large_image","schema":{"@context":"https:\/\/schema.org","@graph":[{"@type":"WebPage","@id":"https:\/\/espak.ee\/epood\/toode\/nurgakruvi-spit-5050-zn-tx20-250tk-pk\/","url":"https:\/\/espak.ee\/epood\/toode\/nurgakruvi-spit-5050-zn-tx20-250tk-pk\/","name":"NURGAKRUVI SPIT 5,0*50 ZN TX20 250TK\/PK - Espak E-pood","isPartOf":{"@id":"https:\/\/espak.ee\/epood\/#website"},"primaryImageOfPage":{"@id":"https:\/\/espak.ee\/epood\/toode\/nurgakruvi-spit-5050-zn-tx20-250tk-pk\/#primaryimage"},"image":{"@id":"https:\/\/espak.ee\/epood\/toode\/nurgakruvi-spit-5050-zn-tx20-250tk-pk\/#primaryimage"},"thumbnailUrl":"https:\/\/espak.ee\/epood\/wp-content\/uploads\/NURGAKRUVI-PASLODE.jpg","datePublished":"2020-04-28T01:50:23+00:00","dateModified":"2026-01-18T19:40:19+00:00","breadcrumb":{"@id":"https:\/\/espak.ee\/epood\/toode\/nurgakruvi-spit-5050-zn-tx20-250tk-pk\/#breadcrumb"},"inLanguage":"et","potentialAction":[{"@type":"ReadAction","target":["https:\/\/espak.ee\/epood\/toode\/nurgakruvi-spit-5050-zn-tx20-250tk-pk\/"]}]},{"@type":"ImageObject","inLanguage":"et","@id":"https:\/\/espak.ee\/epood\/toode\/nurgakruvi-spit-5050-zn-tx20-250tk-pk\/#primaryimage","url":"https:\/\/espak.ee\/epood\/wp-content\/uploads\/NURGAKRUVI-PASLODE.jpg","contentUrl":"https:\/\/espak.ee\/epood\/wp-content\/uploads\/NURGAKRUVI-PASLODE.jpg","width":1000,"height":1000},{"@type":"BreadcrumbList","@id":"https:\/\/espak.ee\/epood\/toode\/nurgakruvi-spit-5050-zn-tx20-250tk-pk\/#breadcrumb","itemListElement":[{"@type":"ListItem","position":1,"name":"Home","item":"https:\/\/espak.ee\/epood\/"},{"@type":"ListItem","position":2,"name":"Tootevalik","item":"https:\/\/espak.ee\/epood\/tootevalik\/"},{"@type":"ListItem","position":3,"name":"NURGAKRUVI SPIT 5,0*50 ZN TX20 250TK\/PK"}]},{"@type":"WebSite","@id":"https:\/\/espak.ee\/epood\/#website","url":"https:\/\/espak.ee\/epood\/","name":"Espak E-pood","description":"","potentialAction":[{"@type":"SearchAction","target":{"@type":"EntryPoint","urlTemplate":"https:\/\/espak.ee\/epood\/?s={search_term_string}"},"query-input":{"@type":"PropertyValueSpecification","valueRequired":true,"valueName":"search_term_string"}}],"inLanguage":"et"}]}},"_links":{"self":[{"href":"https:\/\/espak.ee\/epood\/wp-json\/wp\/v2\/product\/23059","targetHints":{"allow":["GET"]}}],"collection":[{"href":"https:\/\/espak.ee\/epood\/wp-json\/wp\/v2\/product"}],"about":[{"href":"https:\/\/espak.ee\/epood\/wp-json\/wp\/v2\/types\/product"}],"replies":[{"embeddable":true,"href":"https:\/\/espak.ee\/epood\/wp-json\/wp\/v2\/comments?post=23059"}],"wp:featuredmedia":[{"embeddable":true,"href":"https:\/\/espak.ee\/epood\/wp-json\/wp\/v2\/media\/25652"}],"wp:attachment":[{"href":"https:\/\/espak.ee\/epood\/wp-json\/wp\/v2\/media?parent=23059"}],"wp:term":[{"taxonomy":"product_brand","embeddable":true,"href":"https:\/\/espak.ee\/epood\/wp-json\/wp\/v2\/product_brand?post=23059"},{"taxonomy":"product_cat","embeddable":true,"href":"https:\/\/espak.ee\/epood\/wp-json\/wp\/v2\/product_cat?post=23059"},{"taxonomy":"product_tag","embeddable":true,"href":"https:\/\/espak.ee\/epood\/wp-json\/wp\/v2\/product_tag?post=23059"}],"curies":[{"name":"wp","href":"https:\/\/api.w.org\/{rel}","templated":true}]}}