{"id":229962,"date":"2025-03-12T05:05:03","date_gmt":"2025-03-12T03:05:03","guid":{"rendered":"https:\/\/espak.ee\/epood\/?post_type=product&#038;p=229962"},"modified":"2026-03-21T10:20:35","modified_gmt":"2026-03-21T08:20:35","slug":"kruntvarv-objekt-plus-9l-eskaro","status":"publish","type":"product","link":"https:\/\/espak.ee\/epood\/toode\/kruntvarv-objekt-plus-9l-eskaro\/","title":{"rendered":"KRUNTV\u00c4RV OBJEKT PLUS 9L ESKARO"},"content":{"rendered":"<div class=\"row\"  id=\"row-628313961\">\n\n\t<div id=\"col-1852007307\" class=\"col medium-9 small-12 large-9\"  >\n\t\t\t\t<div class=\"col-inner\"  >\n\t\t\t\n\t\t\t\n<h2>Kruntv\u00e4rv Objekt Plus 9L Eskaro<\/h2>\n<p>Vesialuseline, matt akr\u00fclaatkruntv\u00e4rv tugevalt m\u00e4\u00e4rdunud lagedele ja seintele siseruumides.<\/p>\n<div class=\"message-box relative\" style=\"padding-top:15px;padding-bottom:15px;\"><div class=\"message-box-bg-image bg-fill fill\" ><\/div><div class=\"message-box-bg-overlay bg-fill fill\" ><\/div><div class=\"container relative\"><div class=\"inner last-reset\">\n<div class=\"row align-middle align-center\"  id=\"row-2130310239\">\n\n\t<div id=\"col-1207829622\" class=\"col small-12 large-12\"  >\n\t\t\t\t<div class=\"col-inner text-left\"  >\n\t\t\t\n\t\t\t\n<h4>Omadused<\/h4>\n<div class=\"row\"  id=\"row-1882236849\">\n\n\t<div id=\"col-849518137\" class=\"col medium-6 small-12 large-6\"  >\n\t\t\t\t<div class=\"col-inner\"  >\n\t\t\t\n\t\t\t\n<p><i class=\"fa fa-check fa-2x\"><\/i> <strong>Isoleerib h\u00e4sti nikotiini-, suitsu-, n\u00f5e-, pigi-, rooste-, rasva-, \u00f5li-, olmesaasteplekid, grafiti, tanniini, veekahjustuste j\u00e4ljed jm. mustuse<\/strong><\/p>\n<p><i class=\"fa fa-check fa-2x\"><\/i> <strong>Hea kattev\u00f5imega<\/strong><\/p>\n\t\t<\/div>\n\t\t\t\t\n<style>\n#col-849518137 > .col-inner {\n  margin: 0px 0px 15px 0px;\n}\n<\/style>\n\t<\/div>\n\n\t\n\n\t<div id=\"col-1446469532\" class=\"col medium-6 small-12 large-6\"  >\n\t\t\t\t<div class=\"col-inner\"  >\n\t\t\t\n\t\t\t\n<p><i class=\"fa fa-check fa-2x\"><\/i> <strong>Hea nake erinevate pindadega, sealhulgas alk\u00fc\u00fcd- ja \u00f5liv\u00e4rviga eelnevalt v\u00e4rvitud pindadega<\/strong><\/p>\n<p><i class=\"fa fa-check fa-2x\"><\/i> <strong>Kaitseb pinda kolletumise eest<\/strong><\/p>\n\t\t<\/div>\n\t\t\t\t\n<style>\n#col-1446469532 > .col-inner {\n  margin: 0px 0px 15px 0px;\n}\n<\/style>\n\t<\/div>\n\n\t\n<\/div>\n\t\t<\/div>\n\t\t\t\t\t<\/div>\n\n\t\n<\/div>\n<\/div><\/div><\/div>\n\t<div id=\"gap-100541952\" class=\"gap-element clearfix\" style=\"display:block; height:auto;\">\n\t\t\n<style>\n#gap-100541952 {\n  padding-top: 30px;\n}\n<\/style>\n\t<\/div>\n\t\n<h3>Kasutamise \u00fcksikasjad<\/h3>\n<p><strong>Kasutusalad:<\/strong> M\u00e4\u00e4rdunud lagede ja seinte v\u00e4rvimiseks siset\u00f6\u00f6del (esikud, koridorid, k\u00f6\u00f6gid, elutoad, b\u00fcrood, klassid, hotellid jt. olme- ja t\u00f6\u00f6ruumid). Sobib erksate pindade kruntimiseks. Etten\u00e4htud kruntv\u00e4rvina vesialuseliste pinnnakattev\u00e4rvide all (N. Akrit, Akzent, Cinderella, Mattilda, ESK PRO jt). V\u00f5ib j\u00e4\u00e4da viimaseks viimistluskihiks kohtades, kus pole n\u00f5utav suur kulumis- v\u00f5i veekindlus. Ei sobi m\u00f6\u00f6bli, p\u00f5randate, uste v\u00e4rvimiseks.<\/p>\n<p><strong>V\u00e4rvitavad pinnad:<\/strong> Vesi-, alk\u00fc\u00fcd- v\u00f5i \u00f5liv\u00e4rvidega v\u00e4rvitud pinnad v\u00f5i betoon-, kipsplaat-, krohv-, palk-, OSB-, puitkiud- ja puitlaastplaat-, voodrilaud- ja pahteldatud pinnad. Siset\u00f6\u00f6del.<\/p>\n<p><strong>Aluspinna ettevalmistus:<\/strong> V\u00e4rvitav pind peab olema kuiv, v\u00f5imalikult h\u00e4sti puhastatud mittep\u00fcsivast materjalist, rasvast ja tolmust.<br \/>\nPuhastamiseks kasutada vahendit EasyClean v\u00f5i leeliselisi puhastusvahendeid, seej\u00e4rel loputada hoolikalt puhta veega ning lasta kuivada. Vajadusel kasutada hallituse eemaldamiseks vahendit Biotol E v\u00f5i Biotol Spray. Ebatasasused, praod ja lohud pahteldada sobiva pahtliga FILLER sarjast. Pahteldatud pinnad, poorsed v\u00f5i eba\u00fchtlase poorsusega pinnad kruntida niiskust\u00f5kkega Aquastop v\u00f5i Tiefgrund. J\u00e4rgida toodete<br \/>\nkasutusjuhendeid.<\/p>\n<p><strong>V\u00e4rvimine:<\/strong> Enne kasutamist v\u00e4rvi hoolikalt segada. V\u00e4rvida 1-2 kihti s\u00f5tuvalt pinna m\u00e4\u00e4rdumusest. Kanda pinnale pintsli, rulli v\u00f5i pihustiga temperatuuril +10\u202625\u00b0\u0421 ja suhtelise \u00f5huniiskusel alla 80%. V\u00e4rvimise ajal v\u00e4ltida tuulet\u00f5mbust ja k\u00f5rget temperatuuri (\u00fcle 25\u00baC).<\/p>\n<p><strong>Hooldamine:<\/strong> Pinda v\u00f5ib puhastada p\u00e4rast 4 n\u00e4dala m\u00f6\u00f6dumist v\u00e4rvimisest, selle aja jooksul pind saavutab oma l\u00f5pliku k\u00f5vaduse ja kulumiskindluse. Pinna puhastamiseks kasutada niisutatud pehmet pesu\u0161vammi v\u00f5i \u2013lappi. Mitte kasutada abrasiivseid puhastusvahendeid ega karedaid k\u00e4snasid v\u00f5i harju. Ei sobi kasutada orgaanilisi lahusteid sisaldavaid puhastusaineid. Hallituse eemaldamiseks kasutada vahendit Biotol E v\u00f5i Biotol Spray.<\/p>\n<p><strong>Ohutus:<\/strong> Hoiatus! Pihustamisel v\u00f5ivad tekkida ohtlikud sissehingatavad piisad. Pihustatud ainet v\u00f5i udu mitte sisse hingata. Sisaldab 1,2-bensisotiasool-3(2H)-ooni, 2-met\u00fc\u00fclisotiasool-3(2H)-ooni, reaktsioonisegu 5-kloro-2-met\u00fc\u00fcl-2H-isotiasool-3 oonist ja 2-met\u00fc\u00fcl-2H-isotiasool-3-oonist (vahekorras 3:1). V\u00f5ib esile kutsuda<br \/>\nallergilise reaktsiooni. Arsti poole p\u00f6\u00f6rdudes v\u00f5tta kaasa toote pakend v\u00f5i etikett. Hoida lastele k\u00e4ttesaamatus kohas.<\/p>\n\t\t<\/div>\n\t\t\t\t\t<\/div>\n\n\t\n\n\t<div id=\"col-443395236\" class=\"col medium-3 small-12 large-3\"  >\n\t\t\t\t<div class=\"col-inner\"  >\n\t\t\t\n\t\t\t\n\t<div id=\"gap-157701330\" class=\"gap-element clearfix\" style=\"display:block; height:auto;\">\n\t\t\n<style>\n#gap-157701330 {\n  padding-top: 30px;\n}\n<\/style>\n\t<\/div>\n\t\n<h3>Tehniline informatsioon<\/h3>\n<p><a href=\"https:\/\/espak.ee\/epood\/wp-content\/uploads\/2025\/03\/WEB_Passport_Eskaro_Objekt_Plus_Estonia_eesti_02.pdf\"target=\"_blank\" rel=\"noopener noreferrer\"><i class=\"far fa-file-pdf\"><\/i> Tehniline info (PDF)<\/a><\/p>\n<h3>Ohutuskaart<\/h3>\n<p><a href=\"https:\/\/espak.ee\/epood\/wp-content\/uploads\/2025\/03\/Ohutuskaart-Objekt-.pdf\"target=\"_blank\" rel=\"noopener noreferrer\"><i class=\"far fa-file-pdf\"><\/i> Ohutuskaart (PDF)<\/a><\/p>\n<div class=\"is-divider divider clearfix\" ><\/div>\n<p><strong>\u00dcksikasjalikuma n\u00f5u saamiseks v\u00f5tke \u00fchendust:<br \/><\/strong>Eskaro AS<br \/>Fosforiidi 20<br \/>Maardu<br \/>+372 6217969<\/p>\n<div class=\"is-divider divider clearfix\" ><\/div>\n\t\t<\/div>\n\t\t\t\t\t<\/div>\n\n\t\n<\/div>\n","protected":false},"excerpt":{"rendered":"","protected":false},"featured_media":229980,"comment_status":"closed","ping_status":"closed","template":"","meta":[],"product_brand":[],"product_cat":[2689,2685,2684,2683],"product_tag":[],"class_list":{"0":"post-229962","1":"product","2":"type-product","3":"status-publish","4":"has-post-thumbnail","6":"product_cat-sisevarvid","7":"product_cat-varvid","8":"product_cat-varvid-lakid-lahustid-puidukaitsed-olid","9":"product_cat-viimistluskaubad","11":"first","12":"instock","13":"sale","14":"taxable","15":"shipping-taxable","16":"purchasable","17":"product-type-simple"},"yoast_head":"<!-- This site is optimized with the Yoast SEO plugin v26.9 - https:\/\/yoast.com\/product\/yoast-seo-wordpress\/ -->\n<title>KRUNTV\u00c4RV OBJEKT PLUS 9L ESKARO - Espak E-pood<\/title>\n<meta name=\"robots\" content=\"index, follow, max-snippet:-1, max-image-preview:large, max-video-preview:-1\" \/>\n<link rel=\"canonical\" href=\"https:\/\/espak.ee\/epood\/toode\/kruntvarv-objekt-plus-9l-eskaro\/\" \/>\n<meta property=\"og:locale\" content=\"et_EE\" \/>\n<meta property=\"og:type\" content=\"article\" \/>\n<meta property=\"og:title\" content=\"KRUNTV\u00c4RV OBJEKT PLUS 9L ESKARO - Espak E-pood\" \/>\n<meta property=\"og:url\" content=\"https:\/\/espak.ee\/epood\/toode\/kruntvarv-objekt-plus-9l-eskaro\/\" \/>\n<meta property=\"og:site_name\" content=\"Espak E-pood\" \/>\n<meta property=\"article:modified_time\" content=\"2026-03-21T08:20:35+00:00\" \/>\n<meta property=\"og:image\" content=\"https:\/\/espak.ee\/epood\/wp-content\/uploads\/2025\/03\/Objekt_Plus_9L_1.jpg\" \/>\n\t<meta property=\"og:image:width\" content=\"1000\" \/>\n\t<meta property=\"og:image:height\" content=\"1000\" \/>\n\t<meta property=\"og:image:type\" content=\"image\/jpeg\" \/>\n<meta name=\"twitter:card\" content=\"summary_large_image\" \/>\n<meta name=\"twitter:label1\" content=\"Est. reading time\" \/>\n\t<meta name=\"twitter:data1\" content=\"2 minutit\" \/>\n<script type=\"application\/ld+json\" class=\"yoast-schema-graph\">{\"@context\":\"https:\/\/schema.org\",\"@graph\":[{\"@type\":\"WebPage\",\"@id\":\"https:\/\/espak.ee\/epood\/toode\/kruntvarv-objekt-plus-9l-eskaro\/\",\"url\":\"https:\/\/espak.ee\/epood\/toode\/kruntvarv-objekt-plus-9l-eskaro\/\",\"name\":\"KRUNTV\u00c4RV OBJEKT PLUS 9L ESKARO - Espak E-pood\",\"isPartOf\":{\"@id\":\"https:\/\/espak.ee\/epood\/#website\"},\"primaryImageOfPage\":{\"@id\":\"https:\/\/espak.ee\/epood\/toode\/kruntvarv-objekt-plus-9l-eskaro\/#primaryimage\"},\"image\":{\"@id\":\"https:\/\/espak.ee\/epood\/toode\/kruntvarv-objekt-plus-9l-eskaro\/#primaryimage\"},\"thumbnailUrl\":\"https:\/\/espak.ee\/epood\/wp-content\/uploads\/2025\/03\/Objekt_Plus_9L_1.jpg\",\"datePublished\":\"2025-03-12T03:05:03+00:00\",\"dateModified\":\"2026-03-21T08:20:35+00:00\",\"breadcrumb\":{\"@id\":\"https:\/\/espak.ee\/epood\/toode\/kruntvarv-objekt-plus-9l-eskaro\/#breadcrumb\"},\"inLanguage\":\"et\",\"potentialAction\":[{\"@type\":\"ReadAction\",\"target\":[\"https:\/\/espak.ee\/epood\/toode\/kruntvarv-objekt-plus-9l-eskaro\/\"]}]},{\"@type\":\"ImageObject\",\"inLanguage\":\"et\",\"@id\":\"https:\/\/espak.ee\/epood\/toode\/kruntvarv-objekt-plus-9l-eskaro\/#primaryimage\",\"url\":\"https:\/\/espak.ee\/epood\/wp-content\/uploads\/2025\/03\/Objekt_Plus_9L_1.jpg\",\"contentUrl\":\"https:\/\/espak.ee\/epood\/wp-content\/uploads\/2025\/03\/Objekt_Plus_9L_1.jpg\",\"width\":1000,\"height\":1000},{\"@type\":\"BreadcrumbList\",\"@id\":\"https:\/\/espak.ee\/epood\/toode\/kruntvarv-objekt-plus-9l-eskaro\/#breadcrumb\",\"itemListElement\":[{\"@type\":\"ListItem\",\"position\":1,\"name\":\"Home\",\"item\":\"https:\/\/espak.ee\/epood\/\"},{\"@type\":\"ListItem\",\"position\":2,\"name\":\"Tootevalik\",\"item\":\"https:\/\/espak.ee\/epood\/tootevalik\/\"},{\"@type\":\"ListItem\",\"position\":3,\"name\":\"KRUNTV\u00c4RV OBJEKT PLUS 9L ESKARO\"}]},{\"@type\":\"WebSite\",\"@id\":\"https:\/\/espak.ee\/epood\/#website\",\"url\":\"https:\/\/espak.ee\/epood\/\",\"name\":\"Espak E-pood\",\"description\":\"\",\"potentialAction\":[{\"@type\":\"SearchAction\",\"target\":{\"@type\":\"EntryPoint\",\"urlTemplate\":\"https:\/\/espak.ee\/epood\/?s={search_term_string}\"},\"query-input\":{\"@type\":\"PropertyValueSpecification\",\"valueRequired\":true,\"valueName\":\"search_term_string\"}}],\"inLanguage\":\"et\"}]}<\/script>\n<!-- \/ Yoast SEO plugin. -->","yoast_head_json":{"title":"KRUNTV\u00c4RV OBJEKT PLUS 9L ESKARO - Espak E-pood","robots":{"index":"index","follow":"follow","max-snippet":"max-snippet:-1","max-image-preview":"max-image-preview:large","max-video-preview":"max-video-preview:-1"},"canonical":"https:\/\/espak.ee\/epood\/toode\/kruntvarv-objekt-plus-9l-eskaro\/","og_locale":"et_EE","og_type":"article","og_title":"KRUNTV\u00c4RV OBJEKT PLUS 9L ESKARO - Espak E-pood","og_url":"https:\/\/espak.ee\/epood\/toode\/kruntvarv-objekt-plus-9l-eskaro\/","og_site_name":"Espak E-pood","article_modified_time":"2026-03-21T08:20:35+00:00","og_image":[{"width":1000,"height":1000,"url":"https:\/\/espak.ee\/epood\/wp-content\/uploads\/2025\/03\/Objekt_Plus_9L_1.jpg","type":"image\/jpeg"}],"twitter_card":"summary_large_image","twitter_misc":{"Est. reading time":"2 minutit"},"schema":{"@context":"https:\/\/schema.org","@graph":[{"@type":"WebPage","@id":"https:\/\/espak.ee\/epood\/toode\/kruntvarv-objekt-plus-9l-eskaro\/","url":"https:\/\/espak.ee\/epood\/toode\/kruntvarv-objekt-plus-9l-eskaro\/","name":"KRUNTV\u00c4RV OBJEKT PLUS 9L ESKARO - Espak E-pood","isPartOf":{"@id":"https:\/\/espak.ee\/epood\/#website"},"primaryImageOfPage":{"@id":"https:\/\/espak.ee\/epood\/toode\/kruntvarv-objekt-plus-9l-eskaro\/#primaryimage"},"image":{"@id":"https:\/\/espak.ee\/epood\/toode\/kruntvarv-objekt-plus-9l-eskaro\/#primaryimage"},"thumbnailUrl":"https:\/\/espak.ee\/epood\/wp-content\/uploads\/2025\/03\/Objekt_Plus_9L_1.jpg","datePublished":"2025-03-12T03:05:03+00:00","dateModified":"2026-03-21T08:20:35+00:00","breadcrumb":{"@id":"https:\/\/espak.ee\/epood\/toode\/kruntvarv-objekt-plus-9l-eskaro\/#breadcrumb"},"inLanguage":"et","potentialAction":[{"@type":"ReadAction","target":["https:\/\/espak.ee\/epood\/toode\/kruntvarv-objekt-plus-9l-eskaro\/"]}]},{"@type":"ImageObject","inLanguage":"et","@id":"https:\/\/espak.ee\/epood\/toode\/kruntvarv-objekt-plus-9l-eskaro\/#primaryimage","url":"https:\/\/espak.ee\/epood\/wp-content\/uploads\/2025\/03\/Objekt_Plus_9L_1.jpg","contentUrl":"https:\/\/espak.ee\/epood\/wp-content\/uploads\/2025\/03\/Objekt_Plus_9L_1.jpg","width":1000,"height":1000},{"@type":"BreadcrumbList","@id":"https:\/\/espak.ee\/epood\/toode\/kruntvarv-objekt-plus-9l-eskaro\/#breadcrumb","itemListElement":[{"@type":"ListItem","position":1,"name":"Home","item":"https:\/\/espak.ee\/epood\/"},{"@type":"ListItem","position":2,"name":"Tootevalik","item":"https:\/\/espak.ee\/epood\/tootevalik\/"},{"@type":"ListItem","position":3,"name":"KRUNTV\u00c4RV OBJEKT PLUS 9L ESKARO"}]},{"@type":"WebSite","@id":"https:\/\/espak.ee\/epood\/#website","url":"https:\/\/espak.ee\/epood\/","name":"Espak E-pood","description":"","potentialAction":[{"@type":"SearchAction","target":{"@type":"EntryPoint","urlTemplate":"https:\/\/espak.ee\/epood\/?s={search_term_string}"},"query-input":{"@type":"PropertyValueSpecification","valueRequired":true,"valueName":"search_term_string"}}],"inLanguage":"et"}]}},"_links":{"self":[{"href":"https:\/\/espak.ee\/epood\/wp-json\/wp\/v2\/product\/229962","targetHints":{"allow":["GET"]}}],"collection":[{"href":"https:\/\/espak.ee\/epood\/wp-json\/wp\/v2\/product"}],"about":[{"href":"https:\/\/espak.ee\/epood\/wp-json\/wp\/v2\/types\/product"}],"replies":[{"embeddable":true,"href":"https:\/\/espak.ee\/epood\/wp-json\/wp\/v2\/comments?post=229962"}],"wp:featuredmedia":[{"embeddable":true,"href":"https:\/\/espak.ee\/epood\/wp-json\/wp\/v2\/media\/229980"}],"wp:attachment":[{"href":"https:\/\/espak.ee\/epood\/wp-json\/wp\/v2\/media?parent=229962"}],"wp:term":[{"taxonomy":"product_brand","embeddable":true,"href":"https:\/\/espak.ee\/epood\/wp-json\/wp\/v2\/product_brand?post=229962"},{"taxonomy":"product_cat","embeddable":true,"href":"https:\/\/espak.ee\/epood\/wp-json\/wp\/v2\/product_cat?post=229962"},{"taxonomy":"product_tag","embeddable":true,"href":"https:\/\/espak.ee\/epood\/wp-json\/wp\/v2\/product_tag?post=229962"}],"curies":[{"name":"wp","href":"https:\/\/api.w.org\/{rel}","templated":true}]}}