{"id":229807,"date":"2025-03-11T05:10:35","date_gmt":"2025-03-11T03:10:35","guid":{"rendered":"https:\/\/espak.ee\/epood\/?post_type=product&#038;p=229807"},"modified":"2026-03-21T09:25:37","modified_gmt":"2026-03-21T07:25:37","slug":"metallivarv-metallista-2in1-a-09l","status":"publish","type":"product","link":"https:\/\/espak.ee\/epood\/toode\/metallivarv-metallista-2in1-a-09l\/","title":{"rendered":"METALLIV\u00c4RV METALLISTA 2IN1 A 0,9L"},"content":{"rendered":"<div class=\"row\"  id=\"row-867829964\">\n\n\t<div id=\"col-1365030428\" class=\"col medium-9 small-12 large-9\"  >\n\t\t\t\t<div class=\"col-inner\"  >\n\t\t\t\n\t\t\t\n<h3>Metalliv\u00e4rv Metallista 2-in-1 A 0,9L<\/h3>\n<p>Veep\u00f5hine otse metallile kantav v\u00e4rv, mis sobib kasutamiseks sise- ja v\u00e4lispindadele. Ei vaja eraldi kruntv\u00e4rvi. Sobib erinevat t\u00fc\u00fcpi metallpindadele nt tsingitud teras, roostevaba teras, alumiinium, eelnevalt alk\u00fc\u00fcd- v\u00f5i akr\u00fclaatv\u00e4rviga v\u00e4rvitud pinnad. Kaitseb efektiivselt roostetamise eest, v\u00e4ga hea ilmastikukindluse ning mehaanilise vastupidavusega.\n<\/p>\n<div class=\"message-box relative\" style=\"padding-top:15px;padding-bottom:15px;\"><div class=\"message-box-bg-image bg-fill fill\" ><\/div><div class=\"message-box-bg-overlay bg-fill fill\" ><\/div><div class=\"container relative\"><div class=\"inner last-reset\">\n<div class=\"row align-middle align-center\"  id=\"row-1758808641\">\n\n\t<div id=\"col-195116963\" class=\"col small-12 large-12\"  >\n\t\t\t\t<div class=\"col-inner text-left\"  >\n\t\t\t\n\t\t\t\n<h4>Omadused<\/h4>\n<div class=\"row\"  id=\"row-1565177385\">\n\n\t<div id=\"col-1969981437\" class=\"col medium-6 small-12 large-6\"  >\n\t\t\t\t<div class=\"col-inner\"  >\n\t\t\t\n\t\t\t\n<p><i class=\"fa fa-check fa-2x\"><\/i> <strong>Suurep\u00e4rane ilmastikukindlus<\/strong><\/p>\n<p><i class=\"fa fa-check fa-2x\"><\/i> <strong>Mehaaniline vastupidavus<\/strong><\/p>\n\t\t<\/div>\n\t\t\t\t\n<style>\n#col-1969981437 > .col-inner {\n  margin: 10px 0px 15px 0px;\n}\n<\/style>\n\t<\/div>\n\n\t\n\n\t<div id=\"col-316587386\" class=\"col medium-6 small-12 large-6\"  >\n\t\t\t\t<div class=\"col-inner\"  >\n\t\t\t\n\t\t\t\n<p><i class=\"fa fa-check fa-2x\"><\/i> <strong>Kaks-\u00fches-v\u00e4rv (kruntv\u00e4rv + pinnav\u00e4rv)<\/strong><\/p>\n\t\t<\/div>\n\t\t\t\t\n<style>\n#col-316587386 > .col-inner {\n  margin: 10px 0px 15px 0px;\n}\n<\/style>\n\t<\/div>\n\n\t\n<\/div>\n\t\t<\/div>\n\t\t\t\t\t<\/div>\n\n\t\n<\/div>\n<\/div><\/div><\/div>\n\t<div id=\"gap-1364433413\" class=\"gap-element clearfix\" style=\"display:block; height:auto;\">\n\t\t\n<style>\n#gap-1364433413 {\n  padding-top: 30px;\n}\n<\/style>\n\t<\/div>\n\t\n<p>Veep\u00f5hine kaks-\u00fches otse metallile kantav v\u00e4rv moodustab elastse, dekoratiivse ja kaitsva kihi, mis on vastupidav ilmastikutingimustele.<br \/>\n<strong>Kasutuskohad:<\/strong> Metalldetailid, aiad, v\u00e4ravad, piirded, uksed, m\u00f6\u00f6bel, riiulid ja garaa\u017eitehnika.\n <\/p>\n\t\t<\/div>\n\t\t\t\t\t<\/div>\n\n\t\n\n\t<div id=\"col-302121492\" class=\"col medium-3 small-12 large-3\"  >\n\t\t\t\t<div class=\"col-inner\"  >\n\t\t\t\n\t\t\t\n\t<div id=\"gap-1390487536\" class=\"gap-element clearfix\" style=\"display:block; height:auto;\">\n\t\t\n<style>\n#gap-1390487536 {\n  padding-top: 30px;\n}\n<\/style>\n\t<\/div>\n\t\n<h3>Tehniline informatsioon<\/h3>\n<p><a href=\"https:\/\/espak.ee\/epood\/wp-content\/uploads\/2025\/03\/Metallista_2-in-1_ET_PDS_Tikkurila.pdf\"target=\"_blank\" rel=\"noopener noreferrer\"><i class=\"far fa-file-pdf\"><\/i> Tehniline info (PDF)<\/a><\/p>\n<h3>Ohutuskaart<\/h3>\n<p><a href=\"https:\/\/espak.ee\/epood\/wp-content\/uploads\/2025\/03\/documentSearchInnerFrame.aspx_.pdf\"target=\"_blank\" rel=\"noopener noreferrer\"><i class=\"far fa-file-pdf\"><\/i> Ohutuskaart (PDF)<\/a><\/p>\n<div class=\"is-divider divider clearfix\" ><\/div>\n<h3>K\u00fcsi v\u00e4rvimisalast n\u00f5u:<\/h3>\n<p><a href=\"https:\/\/www.tikkurila.ee\/\" target=\"_blank\" rel=\"noopener noreferrer\"><img decoding=\"async\" class=\"alignnone size-full\" src=\"https:\/\/espak.ee\/epood\/wp-content\/uploads\/2023\/05\/TIK_Color_Line_EST2022_vert_BG_turqoise.jpg\" alt=\"\" width=\"158\" height=\"234\" \/><\/a><\/p>\n\t\t<\/div>\n\t\t\t\t\t<\/div>\n\n\t\n<\/div>\n","protected":false},"excerpt":{"rendered":"","protected":false},"featured_media":230039,"comment_status":"closed","ping_status":"closed","template":"","meta":[],"product_brand":[],"product_cat":[3442,2685,2684,2683],"product_tag":[],"class_list":{"0":"post-229807","1":"product","2":"type-product","3":"status-publish","4":"has-post-thumbnail","6":"product_cat-metallivarvid","7":"product_cat-varvid","8":"product_cat-varvid-lakid-lahustid-puidukaitsed-olid","9":"product_cat-viimistluskaubad","11":"first","12":"instock","13":"sale","14":"taxable","15":"shipping-taxable","16":"purchasable","17":"product-type-simple"},"yoast_head":"<!-- This site is optimized with the Yoast SEO plugin v26.9 - https:\/\/yoast.com\/product\/yoast-seo-wordpress\/ -->\n<title>METALLIV\u00c4RV METALLISTA 2IN1 A 0,9L - Espak E-pood<\/title>\n<meta name=\"robots\" content=\"index, follow, max-snippet:-1, max-image-preview:large, max-video-preview:-1\" \/>\n<link rel=\"canonical\" href=\"https:\/\/espak.ee\/epood\/toode\/metallivarv-metallista-2in1-a-09l\/\" \/>\n<meta property=\"og:locale\" content=\"et_EE\" \/>\n<meta property=\"og:type\" content=\"article\" \/>\n<meta property=\"og:title\" content=\"METALLIV\u00c4RV METALLISTA 2IN1 A 0,9L - Espak E-pood\" \/>\n<meta property=\"og:url\" content=\"https:\/\/espak.ee\/epood\/toode\/metallivarv-metallista-2in1-a-09l\/\" \/>\n<meta property=\"og:site_name\" content=\"Espak E-pood\" \/>\n<meta property=\"article:modified_time\" content=\"2026-03-21T07:25:37+00:00\" \/>\n<meta property=\"og:image\" content=\"https:\/\/espak.ee\/epood\/wp-content\/uploads\/2025\/03\/tikkurila_metallista_2in1_09L.jpg\" \/>\n\t<meta property=\"og:image:width\" content=\"1000\" \/>\n\t<meta property=\"og:image:height\" content=\"1000\" \/>\n\t<meta property=\"og:image:type\" content=\"image\/jpeg\" \/>\n<meta name=\"twitter:card\" content=\"summary_large_image\" \/>\n<meta name=\"twitter:label1\" content=\"Est. reading time\" \/>\n\t<meta name=\"twitter:data1\" content=\"1 minut\" \/>\n<script type=\"application\/ld+json\" class=\"yoast-schema-graph\">{\"@context\":\"https:\/\/schema.org\",\"@graph\":[{\"@type\":\"WebPage\",\"@id\":\"https:\/\/espak.ee\/epood\/toode\/metallivarv-metallista-2in1-a-09l\/\",\"url\":\"https:\/\/espak.ee\/epood\/toode\/metallivarv-metallista-2in1-a-09l\/\",\"name\":\"METALLIV\u00c4RV METALLISTA 2IN1 A 0,9L - Espak E-pood\",\"isPartOf\":{\"@id\":\"https:\/\/espak.ee\/epood\/#website\"},\"primaryImageOfPage\":{\"@id\":\"https:\/\/espak.ee\/epood\/toode\/metallivarv-metallista-2in1-a-09l\/#primaryimage\"},\"image\":{\"@id\":\"https:\/\/espak.ee\/epood\/toode\/metallivarv-metallista-2in1-a-09l\/#primaryimage\"},\"thumbnailUrl\":\"https:\/\/espak.ee\/epood\/wp-content\/uploads\/2025\/03\/tikkurila_metallista_2in1_09L.jpg\",\"datePublished\":\"2025-03-11T03:10:35+00:00\",\"dateModified\":\"2026-03-21T07:25:37+00:00\",\"breadcrumb\":{\"@id\":\"https:\/\/espak.ee\/epood\/toode\/metallivarv-metallista-2in1-a-09l\/#breadcrumb\"},\"inLanguage\":\"et\",\"potentialAction\":[{\"@type\":\"ReadAction\",\"target\":[\"https:\/\/espak.ee\/epood\/toode\/metallivarv-metallista-2in1-a-09l\/\"]}]},{\"@type\":\"ImageObject\",\"inLanguage\":\"et\",\"@id\":\"https:\/\/espak.ee\/epood\/toode\/metallivarv-metallista-2in1-a-09l\/#primaryimage\",\"url\":\"https:\/\/espak.ee\/epood\/wp-content\/uploads\/2025\/03\/tikkurila_metallista_2in1_09L.jpg\",\"contentUrl\":\"https:\/\/espak.ee\/epood\/wp-content\/uploads\/2025\/03\/tikkurila_metallista_2in1_09L.jpg\",\"width\":1000,\"height\":1000},{\"@type\":\"BreadcrumbList\",\"@id\":\"https:\/\/espak.ee\/epood\/toode\/metallivarv-metallista-2in1-a-09l\/#breadcrumb\",\"itemListElement\":[{\"@type\":\"ListItem\",\"position\":1,\"name\":\"Home\",\"item\":\"https:\/\/espak.ee\/epood\/\"},{\"@type\":\"ListItem\",\"position\":2,\"name\":\"Tootevalik\",\"item\":\"https:\/\/espak.ee\/epood\/tootevalik\/\"},{\"@type\":\"ListItem\",\"position\":3,\"name\":\"METALLIV\u00c4RV METALLISTA 2IN1 A 0,9L\"}]},{\"@type\":\"WebSite\",\"@id\":\"https:\/\/espak.ee\/epood\/#website\",\"url\":\"https:\/\/espak.ee\/epood\/\",\"name\":\"Espak E-pood\",\"description\":\"\",\"potentialAction\":[{\"@type\":\"SearchAction\",\"target\":{\"@type\":\"EntryPoint\",\"urlTemplate\":\"https:\/\/espak.ee\/epood\/?s={search_term_string}\"},\"query-input\":{\"@type\":\"PropertyValueSpecification\",\"valueRequired\":true,\"valueName\":\"search_term_string\"}}],\"inLanguage\":\"et\"}]}<\/script>\n<!-- \/ Yoast SEO plugin. -->","yoast_head_json":{"title":"METALLIV\u00c4RV METALLISTA 2IN1 A 0,9L - Espak E-pood","robots":{"index":"index","follow":"follow","max-snippet":"max-snippet:-1","max-image-preview":"max-image-preview:large","max-video-preview":"max-video-preview:-1"},"canonical":"https:\/\/espak.ee\/epood\/toode\/metallivarv-metallista-2in1-a-09l\/","og_locale":"et_EE","og_type":"article","og_title":"METALLIV\u00c4RV METALLISTA 2IN1 A 0,9L - Espak E-pood","og_url":"https:\/\/espak.ee\/epood\/toode\/metallivarv-metallista-2in1-a-09l\/","og_site_name":"Espak E-pood","article_modified_time":"2026-03-21T07:25:37+00:00","og_image":[{"width":1000,"height":1000,"url":"https:\/\/espak.ee\/epood\/wp-content\/uploads\/2025\/03\/tikkurila_metallista_2in1_09L.jpg","type":"image\/jpeg"}],"twitter_card":"summary_large_image","twitter_misc":{"Est. reading time":"1 minut"},"schema":{"@context":"https:\/\/schema.org","@graph":[{"@type":"WebPage","@id":"https:\/\/espak.ee\/epood\/toode\/metallivarv-metallista-2in1-a-09l\/","url":"https:\/\/espak.ee\/epood\/toode\/metallivarv-metallista-2in1-a-09l\/","name":"METALLIV\u00c4RV METALLISTA 2IN1 A 0,9L - Espak E-pood","isPartOf":{"@id":"https:\/\/espak.ee\/epood\/#website"},"primaryImageOfPage":{"@id":"https:\/\/espak.ee\/epood\/toode\/metallivarv-metallista-2in1-a-09l\/#primaryimage"},"image":{"@id":"https:\/\/espak.ee\/epood\/toode\/metallivarv-metallista-2in1-a-09l\/#primaryimage"},"thumbnailUrl":"https:\/\/espak.ee\/epood\/wp-content\/uploads\/2025\/03\/tikkurila_metallista_2in1_09L.jpg","datePublished":"2025-03-11T03:10:35+00:00","dateModified":"2026-03-21T07:25:37+00:00","breadcrumb":{"@id":"https:\/\/espak.ee\/epood\/toode\/metallivarv-metallista-2in1-a-09l\/#breadcrumb"},"inLanguage":"et","potentialAction":[{"@type":"ReadAction","target":["https:\/\/espak.ee\/epood\/toode\/metallivarv-metallista-2in1-a-09l\/"]}]},{"@type":"ImageObject","inLanguage":"et","@id":"https:\/\/espak.ee\/epood\/toode\/metallivarv-metallista-2in1-a-09l\/#primaryimage","url":"https:\/\/espak.ee\/epood\/wp-content\/uploads\/2025\/03\/tikkurila_metallista_2in1_09L.jpg","contentUrl":"https:\/\/espak.ee\/epood\/wp-content\/uploads\/2025\/03\/tikkurila_metallista_2in1_09L.jpg","width":1000,"height":1000},{"@type":"BreadcrumbList","@id":"https:\/\/espak.ee\/epood\/toode\/metallivarv-metallista-2in1-a-09l\/#breadcrumb","itemListElement":[{"@type":"ListItem","position":1,"name":"Home","item":"https:\/\/espak.ee\/epood\/"},{"@type":"ListItem","position":2,"name":"Tootevalik","item":"https:\/\/espak.ee\/epood\/tootevalik\/"},{"@type":"ListItem","position":3,"name":"METALLIV\u00c4RV METALLISTA 2IN1 A 0,9L"}]},{"@type":"WebSite","@id":"https:\/\/espak.ee\/epood\/#website","url":"https:\/\/espak.ee\/epood\/","name":"Espak E-pood","description":"","potentialAction":[{"@type":"SearchAction","target":{"@type":"EntryPoint","urlTemplate":"https:\/\/espak.ee\/epood\/?s={search_term_string}"},"query-input":{"@type":"PropertyValueSpecification","valueRequired":true,"valueName":"search_term_string"}}],"inLanguage":"et"}]}},"_links":{"self":[{"href":"https:\/\/espak.ee\/epood\/wp-json\/wp\/v2\/product\/229807","targetHints":{"allow":["GET"]}}],"collection":[{"href":"https:\/\/espak.ee\/epood\/wp-json\/wp\/v2\/product"}],"about":[{"href":"https:\/\/espak.ee\/epood\/wp-json\/wp\/v2\/types\/product"}],"replies":[{"embeddable":true,"href":"https:\/\/espak.ee\/epood\/wp-json\/wp\/v2\/comments?post=229807"}],"wp:featuredmedia":[{"embeddable":true,"href":"https:\/\/espak.ee\/epood\/wp-json\/wp\/v2\/media\/230039"}],"wp:attachment":[{"href":"https:\/\/espak.ee\/epood\/wp-json\/wp\/v2\/media?parent=229807"}],"wp:term":[{"taxonomy":"product_brand","embeddable":true,"href":"https:\/\/espak.ee\/epood\/wp-json\/wp\/v2\/product_brand?post=229807"},{"taxonomy":"product_cat","embeddable":true,"href":"https:\/\/espak.ee\/epood\/wp-json\/wp\/v2\/product_cat?post=229807"},{"taxonomy":"product_tag","embeddable":true,"href":"https:\/\/espak.ee\/epood\/wp-json\/wp\/v2\/product_tag?post=229807"}],"curies":[{"name":"wp","href":"https:\/\/api.w.org\/{rel}","templated":true}]}}