{"id":229780,"date":"2025-03-11T05:10:01","date_gmt":"2025-03-11T03:10:01","guid":{"rendered":"https:\/\/espak.ee\/epood\/?post_type=product&#038;p=229780"},"modified":"2026-03-21T10:11:01","modified_gmt":"2026-03-21T08:11:01","slug":"oli-synteko-deck-oil-teak-5l","status":"publish","type":"product","link":"https:\/\/espak.ee\/epood\/toode\/oli-synteko-deck-oil-teak-5l\/","title":{"rendered":"\u00d5LI SYNTEKO DECK OIL TEAK 5L"},"content":{"rendered":"<div class=\"row\"  id=\"row-68723593\">\n\n\t<div id=\"col-1706298282\" class=\"col medium-9 small-12 large-9\"  >\n\t\t\t\t<div class=\"col-inner\"  >\n\t\t\t\n\t\t\t\n<h3>\u00d5li Synteko Deck Oil Teak 5L<\/h3>\n<p>Synteko DECK OIL \u00f5li on k\u00f5rg-kvaliteetne v\u00e4litingimustes kasutamiseks m\u00f5eldud toode, mis sobib igat t\u00fc\u00fcpi puitpindadele: p\u00f5randad, m\u00f6\u00f6bel ja muud puitdetailid. Toode sobib nii k\u00f5vematele kui ka pehmematele puuliikidele, t\u00f6\u00f6tlemata ja t\u00f6\u00f6deldud puidule, isegi troopilistele puiduliikidele nagu tiik, ip\u00e9 ja bankirai.<\/p>\n<p><strong>Juhised kasutamiseks:<\/strong> T\u00f6\u00f6deldav puit peab olema kuiv ja tolmuvaba. Vajadusel puhastada pind Synteko Cleaner\u2019iga. Halliks muutunud puit tuleks lihvida. Hallitusega kaetud pinnad tuleks asendada enne toote kasutamist. K\u00f5rge tahkete osakeste sisalduse t\u00f5ttu ei sobi toode kruntkihina kasutamiseks.<br \/>\nSoovitame eelnevalt katsetada toodet v\u00e4iksemal alal, et tagada soovitud tulemus.<\/p>\n<p><strong>Pealekandmine:<\/strong> DECK OIL \u00f5li kanda pinnale harja v\u00f5i rulliga kuniks pind on k\u00fcllastunud (125-200g\/m\u00b2; 1 liiter 5-8m\u00b2 kohta). Kanna hoolt, et pinnale ei j\u00e4\u00e4ks \u00fcleliigset \u00f5li ning toodet ei satuks maapinnale. L\u00e4ikivad kohad oksakohtadel ja pragudes, tuleb \u00e4ra p\u00fchkida enne toote kuivamist. \u00d5li eriomaduse t\u00f5ttu, v\u00f5ib toodet ilmuda pinnale kuni 15 minutit peale paigaldust. Eemaldage \u00fcleliigset \u00f5li pidevalt ideaalse l\u00f5pptulemuse saavutamiseks. Laske \u00f5lil kuivada 24 kuni 36 tundi, s\u00f5ltuvalt puidu t\u00fc\u00fcbist ja ilmastikutingimustest. Korrake \u00f5litamist kuni 2 korda hooaja jooksul.<br \/>\n \u00c4rge lahjendage toodet.<br \/>\n Raputage toodet hoolikalt enne kasutamist.<br \/>\nNB! \u00d5lised lapid ja padjad v\u00f5ivad s\u00fcttida iseenesest. Hoia kasutatud vahendeid vees v\u00f5i suletud anumas.<\/p>\n<p><strong>Hooldus:<\/strong> Puhastage pindasid Synteko Cleaneri ja sooja veega. Eemaldage hallitus ja \u00fcleliigne orgaanika pindadelt. \u00d5li aeglustab puidu muutumist halliks. Halli kihi saab eemaldada kasutades survepesurit v\u00f5i lihvides pinda. Peale tekkinud kihi eemaldamist saab pinna \u00fcle \u00f5litada.<br \/>\nVOC (lenduvad orgaanilised \u00fchendid): Max. 700 g \/l ( Euroopa Liidu kehtestatud \u00fclemm\u00e4\u00e4r antud tootele (kat. A\/f): 700 g\/l (2007) \/ 700 g\/l (2010).)<br \/>\nTahkeid osakesi: 41%<br \/>\nKatvus: 5-8 m2\/l<br \/>\nKuivamisaeg: 24 kuni 36 tundi s\u00f5ltuvalt ilmastikutingimustest ja puidu t\u00fc\u00fcbist.<br \/>\nSoovituslik t\u00f6\u00f6temperatuur: Min +5\u00b0C<\/p>\n<p><strong>Hoiustamine:<\/strong> 2 aastat tootmiskuup\u00e4evast avamata originaalpakendis temperatuuril kuni 40\u00b0C. Vaata aegumiskuup\u00e4eva pakendil. Ei ole tundlik miinuskraadide osas. Avatud pakendi sisu v\u00f5ib hakata k\u00f5venema pikemal hoiustamisel.<\/p>\n<p><strong>Puhastamine:<\/strong> Puhasta t\u00f6\u00f6riistad peale kasutamist White Spiritiga. Alati eemalda t\u00f6\u00f6riistadelt nii palju \u00f5li kui v\u00f5imalik.<br \/>\nKeemilised \u00fchendid: H\u00fcdrogeenitud raskbensiin (petrooleum) 50 \u2013 60%.<\/p>\n<p><strong>Hoiatused:<\/strong> H304 V\u00f5ib olla surmav neelamisel ja sisendes hingamisteede kaudu. EUH 066 Korduv kasutamine v\u00f5ib p\u00f5hjustada naha kuivamist v\u00f5i pragunemist.<br \/>\nNB! Palun lugeda hoolikalt tootjapoolset tootekirjelduslehte ja ohutuskaarti. \u00c4ra kunagi vala \u00fcleliigset toodet kanalisatsiooni. K\u00e4idelda vastavalt kohalikele regulatsioonidele.\n<\/p>\n\t\t<\/div>\n\t\t\t\t\t<\/div>\n\n\t\n\n\t<div id=\"col-806784428\" class=\"col medium-3 small-12 large-3\"  >\n\t\t\t\t<div class=\"col-inner\"  >\n\t\t\t\n\t\t\t\n\t<div id=\"gap-532279667\" class=\"gap-element clearfix\" style=\"display:block; height:auto;\">\n\t\t\n<style>\n#gap-532279667 {\n  padding-top: 30px;\n}\n<\/style>\n\t<\/div>\n\t\n<p><strong>\u00dcksikasjalikuma n\u00f5u saamiseks v\u00f5tke \u00fchendust:<br \/><\/strong>Margsol O\u00dc<br \/>Liivametsa 6<br \/>Tallinn<br \/>+372 5146 100<\/p>\n\t\t<\/div>\n\t\t\t\t\t<\/div>\n\n\t\n<\/div>\n","protected":false},"excerpt":{"rendered":"","protected":false},"featured_media":201974,"comment_status":"closed","ping_status":"closed","template":"","meta":[],"product_brand":[],"product_cat":[2693,2696,2684,2683],"product_tag":[],"class_list":{"0":"post-229780","1":"product","2":"type-product","3":"status-publish","4":"has-post-thumbnail","6":"product_cat-lakid-peitsid-olid-puidukaitse","7":"product_cat-olid-ja-lakid-valispindadele","8":"product_cat-varvid-lakid-lahustid-puidukaitsed-olid","9":"product_cat-viimistluskaubad","10":"product_shipping_class-dpd-cold","12":"first","13":"instock","14":"sale","15":"taxable","16":"shipping-taxable","17":"purchasable","18":"product-type-simple"},"yoast_head":"<!-- This site is optimized with the Yoast SEO plugin v26.9 - https:\/\/yoast.com\/product\/yoast-seo-wordpress\/ -->\n<title>\u00d5LI SYNTEKO DECK OIL TEAK 5L - Espak E-pood<\/title>\n<meta name=\"robots\" content=\"index, follow, max-snippet:-1, max-image-preview:large, max-video-preview:-1\" \/>\n<link rel=\"canonical\" href=\"https:\/\/espak.ee\/epood\/toode\/oli-synteko-deck-oil-teak-5l\/\" \/>\n<meta property=\"og:locale\" content=\"et_EE\" \/>\n<meta property=\"og:type\" content=\"article\" \/>\n<meta property=\"og:title\" content=\"\u00d5LI SYNTEKO DECK OIL TEAK 5L - Espak E-pood\" \/>\n<meta property=\"og:url\" content=\"https:\/\/espak.ee\/epood\/toode\/oli-synteko-deck-oil-teak-5l\/\" \/>\n<meta property=\"og:site_name\" content=\"Espak E-pood\" \/>\n<meta property=\"article:modified_time\" content=\"2026-03-21T08:11:01+00:00\" \/>\n<meta property=\"og:image\" content=\"https:\/\/espak.ee\/epood\/wp-content\/uploads\/2024\/06\/Syn_Deck-Oil_5L-uus-pilt.jpg\" \/>\n\t<meta property=\"og:image:width\" content=\"1000\" \/>\n\t<meta property=\"og:image:height\" content=\"1000\" \/>\n\t<meta property=\"og:image:type\" content=\"image\/jpeg\" \/>\n<meta name=\"twitter:card\" content=\"summary_large_image\" \/>\n<meta name=\"twitter:label1\" content=\"Est. reading time\" \/>\n\t<meta name=\"twitter:data1\" content=\"2 minutit\" \/>\n<script type=\"application\/ld+json\" class=\"yoast-schema-graph\">{\"@context\":\"https:\/\/schema.org\",\"@graph\":[{\"@type\":\"WebPage\",\"@id\":\"https:\/\/espak.ee\/epood\/toode\/oli-synteko-deck-oil-teak-5l\/\",\"url\":\"https:\/\/espak.ee\/epood\/toode\/oli-synteko-deck-oil-teak-5l\/\",\"name\":\"\u00d5LI SYNTEKO DECK OIL TEAK 5L - Espak E-pood\",\"isPartOf\":{\"@id\":\"https:\/\/espak.ee\/epood\/#website\"},\"primaryImageOfPage\":{\"@id\":\"https:\/\/espak.ee\/epood\/toode\/oli-synteko-deck-oil-teak-5l\/#primaryimage\"},\"image\":{\"@id\":\"https:\/\/espak.ee\/epood\/toode\/oli-synteko-deck-oil-teak-5l\/#primaryimage\"},\"thumbnailUrl\":\"https:\/\/espak.ee\/epood\/wp-content\/uploads\/2024\/06\/Syn_Deck-Oil_5L-uus-pilt.jpg\",\"datePublished\":\"2025-03-11T03:10:01+00:00\",\"dateModified\":\"2026-03-21T08:11:01+00:00\",\"breadcrumb\":{\"@id\":\"https:\/\/espak.ee\/epood\/toode\/oli-synteko-deck-oil-teak-5l\/#breadcrumb\"},\"inLanguage\":\"et\",\"potentialAction\":[{\"@type\":\"ReadAction\",\"target\":[\"https:\/\/espak.ee\/epood\/toode\/oli-synteko-deck-oil-teak-5l\/\"]}]},{\"@type\":\"ImageObject\",\"inLanguage\":\"et\",\"@id\":\"https:\/\/espak.ee\/epood\/toode\/oli-synteko-deck-oil-teak-5l\/#primaryimage\",\"url\":\"https:\/\/espak.ee\/epood\/wp-content\/uploads\/2024\/06\/Syn_Deck-Oil_5L-uus-pilt.jpg\",\"contentUrl\":\"https:\/\/espak.ee\/epood\/wp-content\/uploads\/2024\/06\/Syn_Deck-Oil_5L-uus-pilt.jpg\",\"width\":1000,\"height\":1000},{\"@type\":\"BreadcrumbList\",\"@id\":\"https:\/\/espak.ee\/epood\/toode\/oli-synteko-deck-oil-teak-5l\/#breadcrumb\",\"itemListElement\":[{\"@type\":\"ListItem\",\"position\":1,\"name\":\"Home\",\"item\":\"https:\/\/espak.ee\/epood\/\"},{\"@type\":\"ListItem\",\"position\":2,\"name\":\"Tootevalik\",\"item\":\"https:\/\/espak.ee\/epood\/tootevalik\/\"},{\"@type\":\"ListItem\",\"position\":3,\"name\":\"\u00d5LI SYNTEKO DECK OIL TEAK 5L\"}]},{\"@type\":\"WebSite\",\"@id\":\"https:\/\/espak.ee\/epood\/#website\",\"url\":\"https:\/\/espak.ee\/epood\/\",\"name\":\"Espak E-pood\",\"description\":\"\",\"potentialAction\":[{\"@type\":\"SearchAction\",\"target\":{\"@type\":\"EntryPoint\",\"urlTemplate\":\"https:\/\/espak.ee\/epood\/?s={search_term_string}\"},\"query-input\":{\"@type\":\"PropertyValueSpecification\",\"valueRequired\":true,\"valueName\":\"search_term_string\"}}],\"inLanguage\":\"et\"}]}<\/script>\n<!-- \/ Yoast SEO plugin. -->","yoast_head_json":{"title":"\u00d5LI SYNTEKO DECK OIL TEAK 5L - Espak E-pood","robots":{"index":"index","follow":"follow","max-snippet":"max-snippet:-1","max-image-preview":"max-image-preview:large","max-video-preview":"max-video-preview:-1"},"canonical":"https:\/\/espak.ee\/epood\/toode\/oli-synteko-deck-oil-teak-5l\/","og_locale":"et_EE","og_type":"article","og_title":"\u00d5LI SYNTEKO DECK OIL TEAK 5L - Espak E-pood","og_url":"https:\/\/espak.ee\/epood\/toode\/oli-synteko-deck-oil-teak-5l\/","og_site_name":"Espak E-pood","article_modified_time":"2026-03-21T08:11:01+00:00","og_image":[{"width":1000,"height":1000,"url":"https:\/\/espak.ee\/epood\/wp-content\/uploads\/2024\/06\/Syn_Deck-Oil_5L-uus-pilt.jpg","type":"image\/jpeg"}],"twitter_card":"summary_large_image","twitter_misc":{"Est. reading time":"2 minutit"},"schema":{"@context":"https:\/\/schema.org","@graph":[{"@type":"WebPage","@id":"https:\/\/espak.ee\/epood\/toode\/oli-synteko-deck-oil-teak-5l\/","url":"https:\/\/espak.ee\/epood\/toode\/oli-synteko-deck-oil-teak-5l\/","name":"\u00d5LI SYNTEKO DECK OIL TEAK 5L - Espak E-pood","isPartOf":{"@id":"https:\/\/espak.ee\/epood\/#website"},"primaryImageOfPage":{"@id":"https:\/\/espak.ee\/epood\/toode\/oli-synteko-deck-oil-teak-5l\/#primaryimage"},"image":{"@id":"https:\/\/espak.ee\/epood\/toode\/oli-synteko-deck-oil-teak-5l\/#primaryimage"},"thumbnailUrl":"https:\/\/espak.ee\/epood\/wp-content\/uploads\/2024\/06\/Syn_Deck-Oil_5L-uus-pilt.jpg","datePublished":"2025-03-11T03:10:01+00:00","dateModified":"2026-03-21T08:11:01+00:00","breadcrumb":{"@id":"https:\/\/espak.ee\/epood\/toode\/oli-synteko-deck-oil-teak-5l\/#breadcrumb"},"inLanguage":"et","potentialAction":[{"@type":"ReadAction","target":["https:\/\/espak.ee\/epood\/toode\/oli-synteko-deck-oil-teak-5l\/"]}]},{"@type":"ImageObject","inLanguage":"et","@id":"https:\/\/espak.ee\/epood\/toode\/oli-synteko-deck-oil-teak-5l\/#primaryimage","url":"https:\/\/espak.ee\/epood\/wp-content\/uploads\/2024\/06\/Syn_Deck-Oil_5L-uus-pilt.jpg","contentUrl":"https:\/\/espak.ee\/epood\/wp-content\/uploads\/2024\/06\/Syn_Deck-Oil_5L-uus-pilt.jpg","width":1000,"height":1000},{"@type":"BreadcrumbList","@id":"https:\/\/espak.ee\/epood\/toode\/oli-synteko-deck-oil-teak-5l\/#breadcrumb","itemListElement":[{"@type":"ListItem","position":1,"name":"Home","item":"https:\/\/espak.ee\/epood\/"},{"@type":"ListItem","position":2,"name":"Tootevalik","item":"https:\/\/espak.ee\/epood\/tootevalik\/"},{"@type":"ListItem","position":3,"name":"\u00d5LI SYNTEKO DECK OIL TEAK 5L"}]},{"@type":"WebSite","@id":"https:\/\/espak.ee\/epood\/#website","url":"https:\/\/espak.ee\/epood\/","name":"Espak E-pood","description":"","potentialAction":[{"@type":"SearchAction","target":{"@type":"EntryPoint","urlTemplate":"https:\/\/espak.ee\/epood\/?s={search_term_string}"},"query-input":{"@type":"PropertyValueSpecification","valueRequired":true,"valueName":"search_term_string"}}],"inLanguage":"et"}]}},"_links":{"self":[{"href":"https:\/\/espak.ee\/epood\/wp-json\/wp\/v2\/product\/229780","targetHints":{"allow":["GET"]}}],"collection":[{"href":"https:\/\/espak.ee\/epood\/wp-json\/wp\/v2\/product"}],"about":[{"href":"https:\/\/espak.ee\/epood\/wp-json\/wp\/v2\/types\/product"}],"replies":[{"embeddable":true,"href":"https:\/\/espak.ee\/epood\/wp-json\/wp\/v2\/comments?post=229780"}],"wp:featuredmedia":[{"embeddable":true,"href":"https:\/\/espak.ee\/epood\/wp-json\/wp\/v2\/media\/201974"}],"wp:attachment":[{"href":"https:\/\/espak.ee\/epood\/wp-json\/wp\/v2\/media?parent=229780"}],"wp:term":[{"taxonomy":"product_brand","embeddable":true,"href":"https:\/\/espak.ee\/epood\/wp-json\/wp\/v2\/product_brand?post=229780"},{"taxonomy":"product_cat","embeddable":true,"href":"https:\/\/espak.ee\/epood\/wp-json\/wp\/v2\/product_cat?post=229780"},{"taxonomy":"product_tag","embeddable":true,"href":"https:\/\/espak.ee\/epood\/wp-json\/wp\/v2\/product_tag?post=229780"}],"curies":[{"name":"wp","href":"https:\/\/api.w.org\/{rel}","templated":true}]}}