{"id":229571,"date":"2025-03-08T05:05:02","date_gmt":"2025-03-08T03:05:02","guid":{"rendered":"https:\/\/espak.ee\/epood\/?post_type=product&#038;p=229571"},"modified":"2025-11-17T14:39:44","modified_gmt":"2025-11-17T12:39:44","slug":"liim-hermeetik-sikaflex-521uv-300ml-helehall","status":"publish","type":"product","link":"https:\/\/espak.ee\/epood\/toode\/liim-hermeetik-sikaflex-521uv-300ml-helehall\/","title":{"rendered":"LIIM-HERMEETIK SIKAFLEX-521UV 300ML HELEHALL"},"content":{"rendered":"<div class=\"row\"  id=\"row-39295996\">\n\n\t<div id=\"col-1257571326\" class=\"col medium-9 small-12 large-9\"  >\n\t\t\t\t<div class=\"col-inner\"  >\n\t\t\t\n\t\t\t\n<h2>Liim-hermeetik Sikaflex-521UV helehall 300ml<\/h2>\n<p><strong>See toode on ainult kogenud professionaalsetele kasutajatele.<\/strong><\/p>\n<p>Sikaflex\u00ae-521 UV on ilmastikukindel \u00fchekomponentne, silaaniga modifitseeritud pol\u00fcmeeril p\u00f5hinev liim-hermeetik, mis nakkub h\u00e4sti erinevate materjalidega (nt metall, ABS, PC, FRP, puit) ning tavaliselt ei vaja eelt\u00f6\u00f6tlust. See universaalne toode sobib tihendust\u00f6\u00f6deks sise- ja v\u00e4listingimustes.<\/p>\n<div class=\"message-box relative\" style=\"padding-top:15px;padding-bottom:15px;\"><div class=\"message-box-bg-image bg-fill fill\" ><\/div><div class=\"message-box-bg-overlay bg-fill fill\" ><\/div><div class=\"container relative\"><div class=\"inner last-reset\">\n<div class=\"row align-middle align-center\"  id=\"row-335037915\">\n\n\t<div id=\"col-1114732703\" class=\"col small-12 large-12\"  >\n\t\t\t\t<div class=\"col-inner text-left\"  >\n\t\t\t\n\t\t\t\n<h4>Omadused<\/h4>\n<div class=\"row\"  id=\"row-470255679\">\n\n\t<div id=\"col-1169589196\" class=\"col medium-6 small-12 large-6\"  >\n\t\t\t\t<div class=\"col-inner\"  >\n\t\t\t\n\t\t\t\n<p><i class=\"fa fa-check fa-2x\"><\/i> <strong> Vananemis- ja ilmastikukindel<\/strong><\/p>\n<p><i class=\"fa fa-check fa-2x\"><\/i> <strong> Nakkub h\u00e4sti erinevate aluspindadega, ilma spetsiaalse eelt\u00f6\u00f6tluseta<\/strong><\/p>\n\t\t<\/div>\n\t\t\t\t\n<style>\n#col-1169589196 > .col-inner {\n  margin: 0px 0px 15px 0px;\n}\n<\/style>\n\t<\/div>\n\n\t\n\n\t<div id=\"col-1064496789\" class=\"col medium-6 small-12 large-6\"  >\n\t\t\t\t<div class=\"col-inner\"  >\n\t\t\t\n\t\t\t\n<p><i class=\"fa fa-check fa-2x\"><\/i> <strong> Isots\u00fcanaadi- ja lahustivaba<\/strong><\/p>\n<p><i class=\"fa fa-check fa-2x\"><\/i> <strong> \u00dclev\u00e4rvitav ja lihvitav<\/strong><\/p>\n\t\t<\/div>\n\t\t\t\t\n<style>\n#col-1064496789 > .col-inner {\n  margin: 0px 0px 15px 0px;\n}\n<\/style>\n\t<\/div>\n\n\t\n<\/div>\n\t\t<\/div>\n\t\t\t\t\t<\/div>\n\n\t\n<\/div>\n<\/div><\/div><\/div>\n\t<div id=\"gap-1735331301\" class=\"gap-element clearfix\" style=\"display:block; height:auto;\">\n\t\t\n<style>\n#gap-1735331301 {\n  padding-top: 30px;\n}\n<\/style>\n\t<\/div>\n\t\n<p><strong>Kasutusvaldkond:<\/strong><br \/>\nSikaflex\u00ae-521 UV nakkub h\u00e4sti erinevate materjalidega ja sobib elastseks tihendamiseks<br \/>\nning liimliiteks. Sobivad alusmaterjalid on puit, metall, metalli kruntv\u00e4rvid, v\u00e4rvkatted<br \/>\n(2-komponentsed s\u00fcsteemid), keraamilised materjalid ja plastid. See universaalne toode sobib tihendust\u00f6\u00f6deks sise- ja v\u00e4listingimustes. Enne Sikaflex\u00ae-521 UV kasutamist materjalidel, millel on kalduvus pingepragunemisele, konsulteerige tootjaga ning teostage konkreetsete materjalidega katse. See toode on ainult kogenud professionaalsetele kasutajatele.<br \/>\nVeendumaks liim-hermeetiku sobivuses teostage katse kasutuskoha tegelikel tingimustel<br \/>\nning aluspindadel.<\/p>\n\t\t<\/div>\n\t\t\t\t\t<\/div>\n\n\t\n\n\t<div id=\"col-1503883653\" class=\"col medium-3 small-12 large-3\"  >\n\t\t\t\t<div class=\"col-inner\"  >\n\t\t\t\n\t\t\t\n\t<div id=\"gap-1235055860\" class=\"gap-element clearfix\" style=\"display:block; height:auto;\">\n\t\t\n<style>\n#gap-1235055860 {\n  padding-top: 30px;\n}\n<\/style>\n\t<\/div>\n\t\n<h3>Tehniline informatsioon<\/h3>\n<p><a href=\"https:\/\/espak.ee\/epood\/wp-content\/uploads\/2025\/03\/sikaflex-521-uv.pdf\"target=\"_blank\" rel=\"noopener noreferrer\"><i class=\"far fa-file-pdf\"><\/i> Tehniline info (PDF)<\/a><\/p>\n<h3>Ohutuskaart <\/h3>\n<p><a href=\"https:\/\/espak.ee\/epood\/wp-content\/uploads\/2025\/03\/Sikaflex-521-UV-SDS-7-2-etEE.pdf\"target=\"_blank\" rel=\"noopener noreferrer\"><i class=\"far fa-file-pdf\"><\/i> Ohutuskaart (PDF)<\/a><\/p>\n<div class=\"is-divider divider clearfix\" ><\/div>\n<p><strong>\u00dcksikasjalikuma n\u00f5u saamiseks v\u00f5tke \u00fchendust:<br \/><\/strong>SIKA ESTONIA O\u00dc<br \/>Tuleviku tee 2<br \/>75312<br \/>Peetri k\u00fcla, Rae vald<br \/>+372 605 4000<\/p>\n<div class=\"is-divider divider clearfix\" ><\/div>\n\t\t<\/div>\n\t\t\t\t\t<\/div>\n\n\t\n<\/div>\n","protected":false},"excerpt":{"rendered":"","protected":false},"featured_media":229834,"comment_status":"closed","ping_status":"closed","template":"","meta":[],"product_brand":[],"product_cat":[2703,2708,4846,2683],"product_tag":[],"class_list":{"0":"post-229571","1":"product","2":"type-product","3":"status-publish","4":"has-post-thumbnail","6":"product_cat-ehituskeemia","7":"product_cat-hermeetikud","8":"product_cat-tihendusmassid-vuugitaited","9":"product_cat-viimistluskaubad","11":"first","12":"instock","13":"sale","14":"taxable","15":"shipping-taxable","16":"purchasable","17":"product-type-simple"},"yoast_head":"<!-- This site is optimized with the Yoast SEO plugin v26.9 - https:\/\/yoast.com\/product\/yoast-seo-wordpress\/ -->\n<title>LIIM-HERMEETIK SIKAFLEX-521UV 300ML HELEHALL - Espak E-pood<\/title>\n<meta name=\"robots\" content=\"index, follow, max-snippet:-1, max-image-preview:large, max-video-preview:-1\" \/>\n<link rel=\"canonical\" href=\"https:\/\/espak.ee\/epood\/toode\/liim-hermeetik-sikaflex-521uv-300ml-helehall\/\" \/>\n<meta property=\"og:locale\" content=\"et_EE\" \/>\n<meta property=\"og:type\" content=\"article\" \/>\n<meta property=\"og:title\" content=\"LIIM-HERMEETIK SIKAFLEX-521UV 300ML HELEHALL - Espak E-pood\" \/>\n<meta property=\"og:url\" content=\"https:\/\/espak.ee\/epood\/toode\/liim-hermeetik-sikaflex-521uv-300ml-helehall\/\" \/>\n<meta property=\"og:site_name\" content=\"Espak E-pood\" \/>\n<meta property=\"article:modified_time\" content=\"2025-11-17T12:39:44+00:00\" \/>\n<meta property=\"og:image\" content=\"https:\/\/espak.ee\/epood\/wp-content\/uploads\/2025\/03\/Sikaflex-521-UV.jpg\" \/>\n\t<meta property=\"og:image:width\" content=\"1000\" \/>\n\t<meta property=\"og:image:height\" content=\"1000\" \/>\n\t<meta property=\"og:image:type\" content=\"image\/jpeg\" \/>\n<meta name=\"twitter:card\" content=\"summary_large_image\" \/>\n<meta name=\"twitter:label1\" content=\"Est. reading time\" \/>\n\t<meta name=\"twitter:data1\" content=\"1 minut\" \/>\n<script type=\"application\/ld+json\" class=\"yoast-schema-graph\">{\"@context\":\"https:\/\/schema.org\",\"@graph\":[{\"@type\":\"WebPage\",\"@id\":\"https:\/\/espak.ee\/epood\/toode\/liim-hermeetik-sikaflex-521uv-300ml-helehall\/\",\"url\":\"https:\/\/espak.ee\/epood\/toode\/liim-hermeetik-sikaflex-521uv-300ml-helehall\/\",\"name\":\"LIIM-HERMEETIK SIKAFLEX-521UV 300ML HELEHALL - Espak E-pood\",\"isPartOf\":{\"@id\":\"https:\/\/espak.ee\/epood\/#website\"},\"primaryImageOfPage\":{\"@id\":\"https:\/\/espak.ee\/epood\/toode\/liim-hermeetik-sikaflex-521uv-300ml-helehall\/#primaryimage\"},\"image\":{\"@id\":\"https:\/\/espak.ee\/epood\/toode\/liim-hermeetik-sikaflex-521uv-300ml-helehall\/#primaryimage\"},\"thumbnailUrl\":\"https:\/\/espak.ee\/epood\/wp-content\/uploads\/2025\/03\/Sikaflex-521-UV.jpg\",\"datePublished\":\"2025-03-08T03:05:02+00:00\",\"dateModified\":\"2025-11-17T12:39:44+00:00\",\"breadcrumb\":{\"@id\":\"https:\/\/espak.ee\/epood\/toode\/liim-hermeetik-sikaflex-521uv-300ml-helehall\/#breadcrumb\"},\"inLanguage\":\"et\",\"potentialAction\":[{\"@type\":\"ReadAction\",\"target\":[\"https:\/\/espak.ee\/epood\/toode\/liim-hermeetik-sikaflex-521uv-300ml-helehall\/\"]}]},{\"@type\":\"ImageObject\",\"inLanguage\":\"et\",\"@id\":\"https:\/\/espak.ee\/epood\/toode\/liim-hermeetik-sikaflex-521uv-300ml-helehall\/#primaryimage\",\"url\":\"https:\/\/espak.ee\/epood\/wp-content\/uploads\/2025\/03\/Sikaflex-521-UV.jpg\",\"contentUrl\":\"https:\/\/espak.ee\/epood\/wp-content\/uploads\/2025\/03\/Sikaflex-521-UV.jpg\",\"width\":1000,\"height\":1000},{\"@type\":\"BreadcrumbList\",\"@id\":\"https:\/\/espak.ee\/epood\/toode\/liim-hermeetik-sikaflex-521uv-300ml-helehall\/#breadcrumb\",\"itemListElement\":[{\"@type\":\"ListItem\",\"position\":1,\"name\":\"Home\",\"item\":\"https:\/\/espak.ee\/epood\/\"},{\"@type\":\"ListItem\",\"position\":2,\"name\":\"Tootevalik\",\"item\":\"https:\/\/espak.ee\/epood\/tootevalik\/\"},{\"@type\":\"ListItem\",\"position\":3,\"name\":\"LIIM-HERMEETIK SIKAFLEX-521UV 300ML HELEHALL\"}]},{\"@type\":\"WebSite\",\"@id\":\"https:\/\/espak.ee\/epood\/#website\",\"url\":\"https:\/\/espak.ee\/epood\/\",\"name\":\"Espak E-pood\",\"description\":\"\",\"potentialAction\":[{\"@type\":\"SearchAction\",\"target\":{\"@type\":\"EntryPoint\",\"urlTemplate\":\"https:\/\/espak.ee\/epood\/?s={search_term_string}\"},\"query-input\":{\"@type\":\"PropertyValueSpecification\",\"valueRequired\":true,\"valueName\":\"search_term_string\"}}],\"inLanguage\":\"et\"}]}<\/script>\n<!-- \/ Yoast SEO plugin. -->","yoast_head_json":{"title":"LIIM-HERMEETIK SIKAFLEX-521UV 300ML HELEHALL - Espak E-pood","robots":{"index":"index","follow":"follow","max-snippet":"max-snippet:-1","max-image-preview":"max-image-preview:large","max-video-preview":"max-video-preview:-1"},"canonical":"https:\/\/espak.ee\/epood\/toode\/liim-hermeetik-sikaflex-521uv-300ml-helehall\/","og_locale":"et_EE","og_type":"article","og_title":"LIIM-HERMEETIK SIKAFLEX-521UV 300ML HELEHALL - Espak E-pood","og_url":"https:\/\/espak.ee\/epood\/toode\/liim-hermeetik-sikaflex-521uv-300ml-helehall\/","og_site_name":"Espak E-pood","article_modified_time":"2025-11-17T12:39:44+00:00","og_image":[{"width":1000,"height":1000,"url":"https:\/\/espak.ee\/epood\/wp-content\/uploads\/2025\/03\/Sikaflex-521-UV.jpg","type":"image\/jpeg"}],"twitter_card":"summary_large_image","twitter_misc":{"Est. reading time":"1 minut"},"schema":{"@context":"https:\/\/schema.org","@graph":[{"@type":"WebPage","@id":"https:\/\/espak.ee\/epood\/toode\/liim-hermeetik-sikaflex-521uv-300ml-helehall\/","url":"https:\/\/espak.ee\/epood\/toode\/liim-hermeetik-sikaflex-521uv-300ml-helehall\/","name":"LIIM-HERMEETIK SIKAFLEX-521UV 300ML HELEHALL - Espak E-pood","isPartOf":{"@id":"https:\/\/espak.ee\/epood\/#website"},"primaryImageOfPage":{"@id":"https:\/\/espak.ee\/epood\/toode\/liim-hermeetik-sikaflex-521uv-300ml-helehall\/#primaryimage"},"image":{"@id":"https:\/\/espak.ee\/epood\/toode\/liim-hermeetik-sikaflex-521uv-300ml-helehall\/#primaryimage"},"thumbnailUrl":"https:\/\/espak.ee\/epood\/wp-content\/uploads\/2025\/03\/Sikaflex-521-UV.jpg","datePublished":"2025-03-08T03:05:02+00:00","dateModified":"2025-11-17T12:39:44+00:00","breadcrumb":{"@id":"https:\/\/espak.ee\/epood\/toode\/liim-hermeetik-sikaflex-521uv-300ml-helehall\/#breadcrumb"},"inLanguage":"et","potentialAction":[{"@type":"ReadAction","target":["https:\/\/espak.ee\/epood\/toode\/liim-hermeetik-sikaflex-521uv-300ml-helehall\/"]}]},{"@type":"ImageObject","inLanguage":"et","@id":"https:\/\/espak.ee\/epood\/toode\/liim-hermeetik-sikaflex-521uv-300ml-helehall\/#primaryimage","url":"https:\/\/espak.ee\/epood\/wp-content\/uploads\/2025\/03\/Sikaflex-521-UV.jpg","contentUrl":"https:\/\/espak.ee\/epood\/wp-content\/uploads\/2025\/03\/Sikaflex-521-UV.jpg","width":1000,"height":1000},{"@type":"BreadcrumbList","@id":"https:\/\/espak.ee\/epood\/toode\/liim-hermeetik-sikaflex-521uv-300ml-helehall\/#breadcrumb","itemListElement":[{"@type":"ListItem","position":1,"name":"Home","item":"https:\/\/espak.ee\/epood\/"},{"@type":"ListItem","position":2,"name":"Tootevalik","item":"https:\/\/espak.ee\/epood\/tootevalik\/"},{"@type":"ListItem","position":3,"name":"LIIM-HERMEETIK SIKAFLEX-521UV 300ML HELEHALL"}]},{"@type":"WebSite","@id":"https:\/\/espak.ee\/epood\/#website","url":"https:\/\/espak.ee\/epood\/","name":"Espak E-pood","description":"","potentialAction":[{"@type":"SearchAction","target":{"@type":"EntryPoint","urlTemplate":"https:\/\/espak.ee\/epood\/?s={search_term_string}"},"query-input":{"@type":"PropertyValueSpecification","valueRequired":true,"valueName":"search_term_string"}}],"inLanguage":"et"}]}},"_links":{"self":[{"href":"https:\/\/espak.ee\/epood\/wp-json\/wp\/v2\/product\/229571","targetHints":{"allow":["GET"]}}],"collection":[{"href":"https:\/\/espak.ee\/epood\/wp-json\/wp\/v2\/product"}],"about":[{"href":"https:\/\/espak.ee\/epood\/wp-json\/wp\/v2\/types\/product"}],"replies":[{"embeddable":true,"href":"https:\/\/espak.ee\/epood\/wp-json\/wp\/v2\/comments?post=229571"}],"wp:featuredmedia":[{"embeddable":true,"href":"https:\/\/espak.ee\/epood\/wp-json\/wp\/v2\/media\/229834"}],"wp:attachment":[{"href":"https:\/\/espak.ee\/epood\/wp-json\/wp\/v2\/media?parent=229571"}],"wp:term":[{"taxonomy":"product_brand","embeddable":true,"href":"https:\/\/espak.ee\/epood\/wp-json\/wp\/v2\/product_brand?post=229571"},{"taxonomy":"product_cat","embeddable":true,"href":"https:\/\/espak.ee\/epood\/wp-json\/wp\/v2\/product_cat?post=229571"},{"taxonomy":"product_tag","embeddable":true,"href":"https:\/\/espak.ee\/epood\/wp-json\/wp\/v2\/product_tag?post=229571"}],"curies":[{"name":"wp","href":"https:\/\/api.w.org\/{rel}","templated":true}]}}