{"id":229398,"date":"2025-03-07T05:11:24","date_gmt":"2025-03-07T03:11:24","guid":{"rendered":"https:\/\/espak.ee\/epood\/?post_type=product&#038;p=229398"},"modified":"2026-02-16T18:41:50","modified_gmt":"2026-02-16T16:41:50","slug":"lubisalpeeter-lammastikvaetis-baltic-agro-1kg","status":"publish","type":"product","link":"https:\/\/espak.ee\/epood\/toode\/lubisalpeeter-lammastikvaetis-baltic-agro-1kg\/","title":{"rendered":"LUBISALPEETER L\u00c4MMASTIKV\u00c4ETIS BALTIC AGRO 1KG"},"content":{"rendered":"<div class=\"row\"  id=\"row-1104458082\">\n\n\t<div id=\"col-1533893977\" class=\"col medium-9 small-12 large-9\"  >\n\t\t\t\t<div class=\"col-inner\"  >\n\t\t\t\n\t\t\t\n<h3>Lubisalpeeter l\u00e4mmastikv\u00e4etis Baltic Agro 1kg<\/h3>\n<p>Kontsentreeritud puhas mineraalv\u00e4etis. Hea v\u00e4etamistulemus saadakse t\u00e4nu v\u00e4etise heale lahustuvusele. Kui taimed ei saa piisavalt l\u00e4mmastikku, pidurdub nende kasv ja lehed hakkavad kolletuma. Eriti tundlikud on l\u00e4mmastikupuuduse suhtes kapsad, \u00f5una- ja ploomipuud, musts\u00f5strad ning muru. Lubisalpeetris sisalduv lubi v\u00e4hendab mulla happesust ja parandab mulla f\u00fc\u00fcsikalisi omadusi.\n<\/p>\n<p><strong>Kasutusjuhend: <\/strong>Istikute v\u00e4etamiseks lahustada 10 l vees 2 teelusikat\u00e4it, t\u00e4iskasvanud taimedele 2 spl.<br \/>\n Tomatit ja kurki on soovitav v\u00e4etada 4-10 p\u00e4eva tagant 3-6 liitri kastmislahusega m\u00b2 kohta.<br \/>\n Mulla pinnale laotamiseks tundlikele kultuuridele 30 g\/m\u00b2 (lilled, salat, redis) ja vastupidavatele (kurk, tomat) 40 g\/m\u00b2.<br \/>\n KASUTUSNORM: pealtv\u00e4etamisel: 15-40 g\/m\u00b2. Lilled ja k\u00f6\u00f6giviljad (kapsas, tomat, kurk, sibul, porgand) enne k\u00fclvi: 40 g\/m\u00b2. Kartulid (enne mahapanekut): 30 g\/m\u00b2. Kartulid (15\u201320 cm pikkused v\u00f5rsed): 15 g\/m\u00b2. Peet (enne k\u00fclvi): 40 g\/m\u00b2. Viljapuud, marjap\u00f5\u00f5sad: 20 g\/m\u00b2. Muru: 40 g\/m\u00b2.<br \/>\n 1 peot\u00e4is = ligikaudu 25 g<\/p>\n\t\t<\/div>\n\t\t\t\t\t<\/div>\n\n\t\n\n\t<div id=\"col-1231346436\" class=\"col medium-3 small-12 large-3\"  >\n\t\t\t\t<div class=\"col-inner\"  >\n\t\t\t\n\t\t\t\n<p><strong>\u00dcksikasjalikuma n\u00f5u saamiseks v\u00f5tke \u00fchendust:<br \/><\/strong>Baltic Agro AS<br \/> Rukki tee 8<br \/> Lehmja k\u00fcla<br \/> Rae vald<br \/> Telefon +372 606 2260<\/p>\n\t\t<\/div>\n\t\t\t\t\t<\/div>\n\n\t\n<\/div>\n","protected":false},"excerpt":{"rendered":"","protected":false},"featured_media":229435,"comment_status":"closed","ping_status":"closed","template":"","meta":[],"product_brand":[],"product_cat":[2789,2788,2878,2877],"product_tag":[],"class_list":{"0":"post-229398","1":"product","2":"type-product","3":"status-publish","4":"has-post-thumbnail","6":"product_cat-aiatarbed","7":"product_cat-aiatarbed-ja-kodukaubad","8":"product_cat-aiavaetised","9":"product_cat-vaetised","10":"pa_kaubamark-baltic-agro-as","12":"first","13":"instock","14":"sale","15":"taxable","16":"shipping-taxable","17":"purchasable","18":"product-type-simple"},"yoast_head":"<!-- This site is optimized with the Yoast SEO plugin v26.9 - https:\/\/yoast.com\/product\/yoast-seo-wordpress\/ -->\n<title>LUBISALPEETER L\u00c4MMASTIKV\u00c4ETIS BALTIC AGRO 1KG - Espak E-pood<\/title>\n<meta name=\"robots\" content=\"index, follow, max-snippet:-1, max-image-preview:large, max-video-preview:-1\" \/>\n<link rel=\"canonical\" href=\"https:\/\/espak.ee\/epood\/toode\/lubisalpeeter-lammastikvaetis-baltic-agro-1kg\/\" \/>\n<meta property=\"og:locale\" content=\"et_EE\" \/>\n<meta property=\"og:type\" content=\"article\" \/>\n<meta property=\"og:title\" content=\"LUBISALPEETER L\u00c4MMASTIKV\u00c4ETIS BALTIC AGRO 1KG - Espak E-pood\" \/>\n<meta property=\"og:url\" content=\"https:\/\/espak.ee\/epood\/toode\/lubisalpeeter-lammastikvaetis-baltic-agro-1kg\/\" \/>\n<meta property=\"og:site_name\" content=\"Espak E-pood\" \/>\n<meta property=\"article:modified_time\" content=\"2026-02-16T16:41:50+00:00\" \/>\n<meta property=\"og:image\" content=\"https:\/\/espak.ee\/epood\/wp-content\/uploads\/2025\/03\/4744360012681-1.jpg\" \/>\n\t<meta property=\"og:image:width\" content=\"1000\" \/>\n\t<meta property=\"og:image:height\" content=\"1000\" \/>\n\t<meta property=\"og:image:type\" content=\"image\/jpeg\" \/>\n<meta name=\"twitter:card\" content=\"summary_large_image\" \/>\n<meta name=\"twitter:label1\" content=\"Est. reading time\" \/>\n\t<meta name=\"twitter:data1\" content=\"1 minut\" \/>\n<script type=\"application\/ld+json\" class=\"yoast-schema-graph\">{\"@context\":\"https:\/\/schema.org\",\"@graph\":[{\"@type\":\"WebPage\",\"@id\":\"https:\/\/espak.ee\/epood\/toode\/lubisalpeeter-lammastikvaetis-baltic-agro-1kg\/\",\"url\":\"https:\/\/espak.ee\/epood\/toode\/lubisalpeeter-lammastikvaetis-baltic-agro-1kg\/\",\"name\":\"LUBISALPEETER L\u00c4MMASTIKV\u00c4ETIS BALTIC AGRO 1KG - Espak E-pood\",\"isPartOf\":{\"@id\":\"https:\/\/espak.ee\/epood\/#website\"},\"primaryImageOfPage\":{\"@id\":\"https:\/\/espak.ee\/epood\/toode\/lubisalpeeter-lammastikvaetis-baltic-agro-1kg\/#primaryimage\"},\"image\":{\"@id\":\"https:\/\/espak.ee\/epood\/toode\/lubisalpeeter-lammastikvaetis-baltic-agro-1kg\/#primaryimage\"},\"thumbnailUrl\":\"https:\/\/espak.ee\/epood\/wp-content\/uploads\/2025\/03\/4744360012681-1.jpg\",\"datePublished\":\"2025-03-07T03:11:24+00:00\",\"dateModified\":\"2026-02-16T16:41:50+00:00\",\"breadcrumb\":{\"@id\":\"https:\/\/espak.ee\/epood\/toode\/lubisalpeeter-lammastikvaetis-baltic-agro-1kg\/#breadcrumb\"},\"inLanguage\":\"et\",\"potentialAction\":[{\"@type\":\"ReadAction\",\"target\":[\"https:\/\/espak.ee\/epood\/toode\/lubisalpeeter-lammastikvaetis-baltic-agro-1kg\/\"]}]},{\"@type\":\"ImageObject\",\"inLanguage\":\"et\",\"@id\":\"https:\/\/espak.ee\/epood\/toode\/lubisalpeeter-lammastikvaetis-baltic-agro-1kg\/#primaryimage\",\"url\":\"https:\/\/espak.ee\/epood\/wp-content\/uploads\/2025\/03\/4744360012681-1.jpg\",\"contentUrl\":\"https:\/\/espak.ee\/epood\/wp-content\/uploads\/2025\/03\/4744360012681-1.jpg\",\"width\":1000,\"height\":1000},{\"@type\":\"BreadcrumbList\",\"@id\":\"https:\/\/espak.ee\/epood\/toode\/lubisalpeeter-lammastikvaetis-baltic-agro-1kg\/#breadcrumb\",\"itemListElement\":[{\"@type\":\"ListItem\",\"position\":1,\"name\":\"Home\",\"item\":\"https:\/\/espak.ee\/epood\/\"},{\"@type\":\"ListItem\",\"position\":2,\"name\":\"Tootevalik\",\"item\":\"https:\/\/espak.ee\/epood\/tootevalik\/\"},{\"@type\":\"ListItem\",\"position\":3,\"name\":\"LUBISALPEETER L\u00c4MMASTIKV\u00c4ETIS BALTIC AGRO 1KG\"}]},{\"@type\":\"WebSite\",\"@id\":\"https:\/\/espak.ee\/epood\/#website\",\"url\":\"https:\/\/espak.ee\/epood\/\",\"name\":\"Espak E-pood\",\"description\":\"\",\"potentialAction\":[{\"@type\":\"SearchAction\",\"target\":{\"@type\":\"EntryPoint\",\"urlTemplate\":\"https:\/\/espak.ee\/epood\/?s={search_term_string}\"},\"query-input\":{\"@type\":\"PropertyValueSpecification\",\"valueRequired\":true,\"valueName\":\"search_term_string\"}}],\"inLanguage\":\"et\"}]}<\/script>\n<!-- \/ Yoast SEO plugin. -->","yoast_head_json":{"title":"LUBISALPEETER L\u00c4MMASTIKV\u00c4ETIS BALTIC AGRO 1KG - Espak E-pood","robots":{"index":"index","follow":"follow","max-snippet":"max-snippet:-1","max-image-preview":"max-image-preview:large","max-video-preview":"max-video-preview:-1"},"canonical":"https:\/\/espak.ee\/epood\/toode\/lubisalpeeter-lammastikvaetis-baltic-agro-1kg\/","og_locale":"et_EE","og_type":"article","og_title":"LUBISALPEETER L\u00c4MMASTIKV\u00c4ETIS BALTIC AGRO 1KG - Espak E-pood","og_url":"https:\/\/espak.ee\/epood\/toode\/lubisalpeeter-lammastikvaetis-baltic-agro-1kg\/","og_site_name":"Espak E-pood","article_modified_time":"2026-02-16T16:41:50+00:00","og_image":[{"width":1000,"height":1000,"url":"https:\/\/espak.ee\/epood\/wp-content\/uploads\/2025\/03\/4744360012681-1.jpg","type":"image\/jpeg"}],"twitter_card":"summary_large_image","twitter_misc":{"Est. reading time":"1 minut"},"schema":{"@context":"https:\/\/schema.org","@graph":[{"@type":"WebPage","@id":"https:\/\/espak.ee\/epood\/toode\/lubisalpeeter-lammastikvaetis-baltic-agro-1kg\/","url":"https:\/\/espak.ee\/epood\/toode\/lubisalpeeter-lammastikvaetis-baltic-agro-1kg\/","name":"LUBISALPEETER L\u00c4MMASTIKV\u00c4ETIS BALTIC AGRO 1KG - Espak E-pood","isPartOf":{"@id":"https:\/\/espak.ee\/epood\/#website"},"primaryImageOfPage":{"@id":"https:\/\/espak.ee\/epood\/toode\/lubisalpeeter-lammastikvaetis-baltic-agro-1kg\/#primaryimage"},"image":{"@id":"https:\/\/espak.ee\/epood\/toode\/lubisalpeeter-lammastikvaetis-baltic-agro-1kg\/#primaryimage"},"thumbnailUrl":"https:\/\/espak.ee\/epood\/wp-content\/uploads\/2025\/03\/4744360012681-1.jpg","datePublished":"2025-03-07T03:11:24+00:00","dateModified":"2026-02-16T16:41:50+00:00","breadcrumb":{"@id":"https:\/\/espak.ee\/epood\/toode\/lubisalpeeter-lammastikvaetis-baltic-agro-1kg\/#breadcrumb"},"inLanguage":"et","potentialAction":[{"@type":"ReadAction","target":["https:\/\/espak.ee\/epood\/toode\/lubisalpeeter-lammastikvaetis-baltic-agro-1kg\/"]}]},{"@type":"ImageObject","inLanguage":"et","@id":"https:\/\/espak.ee\/epood\/toode\/lubisalpeeter-lammastikvaetis-baltic-agro-1kg\/#primaryimage","url":"https:\/\/espak.ee\/epood\/wp-content\/uploads\/2025\/03\/4744360012681-1.jpg","contentUrl":"https:\/\/espak.ee\/epood\/wp-content\/uploads\/2025\/03\/4744360012681-1.jpg","width":1000,"height":1000},{"@type":"BreadcrumbList","@id":"https:\/\/espak.ee\/epood\/toode\/lubisalpeeter-lammastikvaetis-baltic-agro-1kg\/#breadcrumb","itemListElement":[{"@type":"ListItem","position":1,"name":"Home","item":"https:\/\/espak.ee\/epood\/"},{"@type":"ListItem","position":2,"name":"Tootevalik","item":"https:\/\/espak.ee\/epood\/tootevalik\/"},{"@type":"ListItem","position":3,"name":"LUBISALPEETER L\u00c4MMASTIKV\u00c4ETIS BALTIC AGRO 1KG"}]},{"@type":"WebSite","@id":"https:\/\/espak.ee\/epood\/#website","url":"https:\/\/espak.ee\/epood\/","name":"Espak E-pood","description":"","potentialAction":[{"@type":"SearchAction","target":{"@type":"EntryPoint","urlTemplate":"https:\/\/espak.ee\/epood\/?s={search_term_string}"},"query-input":{"@type":"PropertyValueSpecification","valueRequired":true,"valueName":"search_term_string"}}],"inLanguage":"et"}]}},"_links":{"self":[{"href":"https:\/\/espak.ee\/epood\/wp-json\/wp\/v2\/product\/229398","targetHints":{"allow":["GET"]}}],"collection":[{"href":"https:\/\/espak.ee\/epood\/wp-json\/wp\/v2\/product"}],"about":[{"href":"https:\/\/espak.ee\/epood\/wp-json\/wp\/v2\/types\/product"}],"replies":[{"embeddable":true,"href":"https:\/\/espak.ee\/epood\/wp-json\/wp\/v2\/comments?post=229398"}],"wp:featuredmedia":[{"embeddable":true,"href":"https:\/\/espak.ee\/epood\/wp-json\/wp\/v2\/media\/229435"}],"wp:attachment":[{"href":"https:\/\/espak.ee\/epood\/wp-json\/wp\/v2\/media?parent=229398"}],"wp:term":[{"taxonomy":"product_brand","embeddable":true,"href":"https:\/\/espak.ee\/epood\/wp-json\/wp\/v2\/product_brand?post=229398"},{"taxonomy":"product_cat","embeddable":true,"href":"https:\/\/espak.ee\/epood\/wp-json\/wp\/v2\/product_cat?post=229398"},{"taxonomy":"product_tag","embeddable":true,"href":"https:\/\/espak.ee\/epood\/wp-json\/wp\/v2\/product_tag?post=229398"}],"curies":[{"name":"wp","href":"https:\/\/api.w.org\/{rel}","templated":true}]}}