{"id":229336,"date":"2025-03-07T05:10:02","date_gmt":"2025-03-07T03:10:02","guid":{"rendered":"https:\/\/espak.ee\/epood\/?post_type=product&#038;p=229336"},"modified":"2025-03-07T16:25:05","modified_gmt":"2025-03-07T14:25:05","slug":"valamusegisti-blue-star-modena-mo-501-kroom","status":"publish","type":"product","link":"https:\/\/espak.ee\/epood\/toode\/valamusegisti-blue-star-modena-mo-501-kroom\/","title":{"rendered":"VALAMUSEGISTI BLUE STAR MODENA MO 501 KROOM"},"content":{"rendered":"<div class=\"row\"  id=\"row-1310062725\">\n\n\t<div id=\"col-1921568255\" class=\"col medium-9 small-12 large-9\"  >\n\t\t\t\t<div class=\"col-inner\"  >\n\t\t\t\n\t\t\t\n<h2>Valamusegisti Blue Star Modena MO 501 kroom<\/h2>\n<p>Toote m\u00f5\u00f5dud: A = 246 | C = 134 | E = 180<\/p>\n<p>Modernse stiiliga Blue Star Modena seeria kvaliteetne valamusegisti on k\u00f5rgekvaliteedilise ja kauakestva kroom viimistlusega. Segistil on veekulu piiraja 6l\/min, Blue Star special keraamiline t\u00f6\u00f6element. Segisti s\u00f5elalt on lihtne eemaldada katlakivi, sest NEOPERL\u00ae Cascade SLC silikoonpinnaga aeraator takistab lubjasette moodustumist ning kindlustab vee \u00fchtlase voolamise pikaks ajaks. Aeraatorit on lihtne hooldada, lubjasette saab eemaldada n\u00e4puga \u00fcle silikoonpinna t\u00f5mmates. Segistil on Blue Star XXL mugavustsoon ehk tila k\u00f5rgus valamutasapinnast 180 mm mis teeb toote igap\u00e4evase kasutamise eriti mugavaks.<br \/>\nTootele kehtib 5-aastane* garantii, kasutades toodet erasektoris v\u00f5i \u00e4ri- ja \u00fchiskondlikes ruumides. Garantii kehtib alates ostu sooritamise kuup\u00e4evast. Garantiin\u00f5ude esitamisel tuleb ostu dokumentaalselt t\u00f5estada.<br \/>\n* Vastavalt Blue Star \u00fcldistele garantiitingimustele.<\/p>\n<p>A &#8211; K\u00f5rgus<br \/>\nB &#8211; Laius<br \/>\nC &#8211; Kaugus seinast tilani \/ Kaugus tsentrist tilani<br \/>\nD &#8211; \u00dclepeadu\u0161i l\u00e4bim\u00f5\u00f5t<br \/>\nE &#8211; Mugavustsooni k\u00f5rgus<\/p>\n<p>T\u00e4psem info blue-star.ee kodulehek\u00fcljelt.<\/p>\n\t\t<\/div>\n\t\t\t\t\t<\/div>\n\n\t\n\n\t<div id=\"col-666413980\" class=\"col medium-3 small-12 large-3\"  >\n\t\t\t\t<div class=\"col-inner\"  >\n\t\t\t\n\t\t\t\n\t<div id=\"gap-940798630\" class=\"gap-element clearfix\" style=\"display:block; height:auto;\">\n\t\t\n<style>\n#gap-940798630 {\n  padding-top: 30px;\n}\n<\/style>\n\t<\/div>\n\t\n<div class=\"is-divider divider clearfix\" ><\/div>\n<p><strong>\u00dcksikasjalikuma n\u00f5u saamiseks v\u00f5tke \u00fchendust:<\/strong><br \/>O\u00dc Dreesis<br \/>Laki 16-407<br \/>10 621<br \/>Tallinn<br \/>+372 6177 200<\/p>\n\t\t<\/div>\n\t\t\t\t\t<\/div>\n\n\t\n<\/div>\n","protected":false},"excerpt":{"rendered":"","protected":false},"featured_media":229539,"comment_status":"closed","ping_status":"closed","template":"","meta":[],"product_brand":[],"product_cat":[2819,2820,2821,2827],"product_tag":[],"class_list":{"0":"post-229336","1":"product","2":"type-product","3":"status-publish","4":"has-post-thumbnail","6":"product_cat-sanitaartehnika","7":"product_cat-sanitaartehnika-sanitaartehnika","8":"product_cat-segistid","9":"product_cat-valamusegistid","10":"pa_kaubamark-blue-star","12":"first","13":"instock","14":"sale","15":"taxable","16":"shipping-taxable","17":"purchasable","18":"product-type-simple"},"yoast_head":"<!-- This site is optimized with the Yoast SEO plugin v26.9 - https:\/\/yoast.com\/product\/yoast-seo-wordpress\/ -->\n<title>VALAMUSEGISTI BLUE STAR MODENA MO 501 KROOM - Espak E-pood<\/title>\n<meta name=\"robots\" content=\"index, follow, max-snippet:-1, max-image-preview:large, max-video-preview:-1\" \/>\n<link rel=\"canonical\" href=\"https:\/\/espak.ee\/epood\/toode\/valamusegisti-blue-star-modena-mo-501-kroom\/\" \/>\n<meta property=\"og:locale\" content=\"et_EE\" \/>\n<meta property=\"og:type\" content=\"article\" \/>\n<meta property=\"og:title\" content=\"VALAMUSEGISTI BLUE STAR MODENA MO 501 KROOM - Espak E-pood\" \/>\n<meta property=\"og:url\" content=\"https:\/\/espak.ee\/epood\/toode\/valamusegisti-blue-star-modena-mo-501-kroom\/\" \/>\n<meta property=\"og:site_name\" content=\"Espak E-pood\" \/>\n<meta property=\"article:modified_time\" content=\"2025-03-07T14:25:05+00:00\" \/>\n<meta property=\"og:image\" content=\"https:\/\/espak.ee\/epood\/wp-content\/uploads\/2025\/03\/MO501.jpg\" \/>\n\t<meta property=\"og:image:width\" content=\"1000\" \/>\n\t<meta property=\"og:image:height\" content=\"1000\" \/>\n\t<meta property=\"og:image:type\" content=\"image\/jpeg\" \/>\n<meta name=\"twitter:card\" content=\"summary_large_image\" \/>\n<meta name=\"twitter:label1\" content=\"Est. reading time\" \/>\n\t<meta name=\"twitter:data1\" content=\"1 minut\" \/>\n<script type=\"application\/ld+json\" class=\"yoast-schema-graph\">{\"@context\":\"https:\/\/schema.org\",\"@graph\":[{\"@type\":\"WebPage\",\"@id\":\"https:\/\/espak.ee\/epood\/toode\/valamusegisti-blue-star-modena-mo-501-kroom\/\",\"url\":\"https:\/\/espak.ee\/epood\/toode\/valamusegisti-blue-star-modena-mo-501-kroom\/\",\"name\":\"VALAMUSEGISTI BLUE STAR MODENA MO 501 KROOM - Espak E-pood\",\"isPartOf\":{\"@id\":\"https:\/\/espak.ee\/epood\/#website\"},\"primaryImageOfPage\":{\"@id\":\"https:\/\/espak.ee\/epood\/toode\/valamusegisti-blue-star-modena-mo-501-kroom\/#primaryimage\"},\"image\":{\"@id\":\"https:\/\/espak.ee\/epood\/toode\/valamusegisti-blue-star-modena-mo-501-kroom\/#primaryimage\"},\"thumbnailUrl\":\"https:\/\/espak.ee\/epood\/wp-content\/uploads\/2025\/03\/MO501.jpg\",\"datePublished\":\"2025-03-07T03:10:02+00:00\",\"dateModified\":\"2025-03-07T14:25:05+00:00\",\"breadcrumb\":{\"@id\":\"https:\/\/espak.ee\/epood\/toode\/valamusegisti-blue-star-modena-mo-501-kroom\/#breadcrumb\"},\"inLanguage\":\"et\",\"potentialAction\":[{\"@type\":\"ReadAction\",\"target\":[\"https:\/\/espak.ee\/epood\/toode\/valamusegisti-blue-star-modena-mo-501-kroom\/\"]}]},{\"@type\":\"ImageObject\",\"inLanguage\":\"et\",\"@id\":\"https:\/\/espak.ee\/epood\/toode\/valamusegisti-blue-star-modena-mo-501-kroom\/#primaryimage\",\"url\":\"https:\/\/espak.ee\/epood\/wp-content\/uploads\/2025\/03\/MO501.jpg\",\"contentUrl\":\"https:\/\/espak.ee\/epood\/wp-content\/uploads\/2025\/03\/MO501.jpg\",\"width\":1000,\"height\":1000},{\"@type\":\"BreadcrumbList\",\"@id\":\"https:\/\/espak.ee\/epood\/toode\/valamusegisti-blue-star-modena-mo-501-kroom\/#breadcrumb\",\"itemListElement\":[{\"@type\":\"ListItem\",\"position\":1,\"name\":\"Home\",\"item\":\"https:\/\/espak.ee\/epood\/\"},{\"@type\":\"ListItem\",\"position\":2,\"name\":\"Tootevalik\",\"item\":\"https:\/\/espak.ee\/epood\/tootevalik\/\"},{\"@type\":\"ListItem\",\"position\":3,\"name\":\"VALAMUSEGISTI BLUE STAR MODENA MO 501 KROOM\"}]},{\"@type\":\"WebSite\",\"@id\":\"https:\/\/espak.ee\/epood\/#website\",\"url\":\"https:\/\/espak.ee\/epood\/\",\"name\":\"Espak E-pood\",\"description\":\"\",\"potentialAction\":[{\"@type\":\"SearchAction\",\"target\":{\"@type\":\"EntryPoint\",\"urlTemplate\":\"https:\/\/espak.ee\/epood\/?s={search_term_string}\"},\"query-input\":{\"@type\":\"PropertyValueSpecification\",\"valueRequired\":true,\"valueName\":\"search_term_string\"}}],\"inLanguage\":\"et\"}]}<\/script>\n<!-- \/ Yoast SEO plugin. -->","yoast_head_json":{"title":"VALAMUSEGISTI BLUE STAR MODENA MO 501 KROOM - Espak E-pood","robots":{"index":"index","follow":"follow","max-snippet":"max-snippet:-1","max-image-preview":"max-image-preview:large","max-video-preview":"max-video-preview:-1"},"canonical":"https:\/\/espak.ee\/epood\/toode\/valamusegisti-blue-star-modena-mo-501-kroom\/","og_locale":"et_EE","og_type":"article","og_title":"VALAMUSEGISTI BLUE STAR MODENA MO 501 KROOM - Espak E-pood","og_url":"https:\/\/espak.ee\/epood\/toode\/valamusegisti-blue-star-modena-mo-501-kroom\/","og_site_name":"Espak E-pood","article_modified_time":"2025-03-07T14:25:05+00:00","og_image":[{"width":1000,"height":1000,"url":"https:\/\/espak.ee\/epood\/wp-content\/uploads\/2025\/03\/MO501.jpg","type":"image\/jpeg"}],"twitter_card":"summary_large_image","twitter_misc":{"Est. reading time":"1 minut"},"schema":{"@context":"https:\/\/schema.org","@graph":[{"@type":"WebPage","@id":"https:\/\/espak.ee\/epood\/toode\/valamusegisti-blue-star-modena-mo-501-kroom\/","url":"https:\/\/espak.ee\/epood\/toode\/valamusegisti-blue-star-modena-mo-501-kroom\/","name":"VALAMUSEGISTI BLUE STAR MODENA MO 501 KROOM - Espak E-pood","isPartOf":{"@id":"https:\/\/espak.ee\/epood\/#website"},"primaryImageOfPage":{"@id":"https:\/\/espak.ee\/epood\/toode\/valamusegisti-blue-star-modena-mo-501-kroom\/#primaryimage"},"image":{"@id":"https:\/\/espak.ee\/epood\/toode\/valamusegisti-blue-star-modena-mo-501-kroom\/#primaryimage"},"thumbnailUrl":"https:\/\/espak.ee\/epood\/wp-content\/uploads\/2025\/03\/MO501.jpg","datePublished":"2025-03-07T03:10:02+00:00","dateModified":"2025-03-07T14:25:05+00:00","breadcrumb":{"@id":"https:\/\/espak.ee\/epood\/toode\/valamusegisti-blue-star-modena-mo-501-kroom\/#breadcrumb"},"inLanguage":"et","potentialAction":[{"@type":"ReadAction","target":["https:\/\/espak.ee\/epood\/toode\/valamusegisti-blue-star-modena-mo-501-kroom\/"]}]},{"@type":"ImageObject","inLanguage":"et","@id":"https:\/\/espak.ee\/epood\/toode\/valamusegisti-blue-star-modena-mo-501-kroom\/#primaryimage","url":"https:\/\/espak.ee\/epood\/wp-content\/uploads\/2025\/03\/MO501.jpg","contentUrl":"https:\/\/espak.ee\/epood\/wp-content\/uploads\/2025\/03\/MO501.jpg","width":1000,"height":1000},{"@type":"BreadcrumbList","@id":"https:\/\/espak.ee\/epood\/toode\/valamusegisti-blue-star-modena-mo-501-kroom\/#breadcrumb","itemListElement":[{"@type":"ListItem","position":1,"name":"Home","item":"https:\/\/espak.ee\/epood\/"},{"@type":"ListItem","position":2,"name":"Tootevalik","item":"https:\/\/espak.ee\/epood\/tootevalik\/"},{"@type":"ListItem","position":3,"name":"VALAMUSEGISTI BLUE STAR MODENA MO 501 KROOM"}]},{"@type":"WebSite","@id":"https:\/\/espak.ee\/epood\/#website","url":"https:\/\/espak.ee\/epood\/","name":"Espak E-pood","description":"","potentialAction":[{"@type":"SearchAction","target":{"@type":"EntryPoint","urlTemplate":"https:\/\/espak.ee\/epood\/?s={search_term_string}"},"query-input":{"@type":"PropertyValueSpecification","valueRequired":true,"valueName":"search_term_string"}}],"inLanguage":"et"}]}},"_links":{"self":[{"href":"https:\/\/espak.ee\/epood\/wp-json\/wp\/v2\/product\/229336","targetHints":{"allow":["GET"]}}],"collection":[{"href":"https:\/\/espak.ee\/epood\/wp-json\/wp\/v2\/product"}],"about":[{"href":"https:\/\/espak.ee\/epood\/wp-json\/wp\/v2\/types\/product"}],"replies":[{"embeddable":true,"href":"https:\/\/espak.ee\/epood\/wp-json\/wp\/v2\/comments?post=229336"}],"wp:featuredmedia":[{"embeddable":true,"href":"https:\/\/espak.ee\/epood\/wp-json\/wp\/v2\/media\/229539"}],"wp:attachment":[{"href":"https:\/\/espak.ee\/epood\/wp-json\/wp\/v2\/media?parent=229336"}],"wp:term":[{"taxonomy":"product_brand","embeddable":true,"href":"https:\/\/espak.ee\/epood\/wp-json\/wp\/v2\/product_brand?post=229336"},{"taxonomy":"product_cat","embeddable":true,"href":"https:\/\/espak.ee\/epood\/wp-json\/wp\/v2\/product_cat?post=229336"},{"taxonomy":"product_tag","embeddable":true,"href":"https:\/\/espak.ee\/epood\/wp-json\/wp\/v2\/product_tag?post=229336"}],"curies":[{"name":"wp","href":"https:\/\/api.w.org\/{rel}","templated":true}]}}