{"id":229128,"date":"2025-03-06T05:10:02","date_gmt":"2025-03-06T03:10:02","guid":{"rendered":"https:\/\/espak.ee\/epood\/?post_type=product&#038;p=229128"},"modified":"2025-03-06T08:14:57","modified_gmt":"2025-03-06T06:14:57","slug":"akupank-emos-alpha-10w-10000mah-b0526b","status":"publish","type":"product","link":"https:\/\/espak.ee\/epood\/toode\/akupank-emos-alpha-10w-10000mah-b0526b\/","title":{"rendered":"AKUPANK EMOS ALPHA 10W 10000MAH B0526B"},"content":{"rendered":"<div class=\"row\"  id=\"row-57472124\">\n\n\t<div id=\"col-1605706917\" class=\"col medium-9 small-12 large-9\"  >\n\t\t\t\t<div class=\"col-inner\"  >\n\t\t\t\n\t\t\t\n<h3>Akupank Alpha 10S 10 000 mAh 10 W must Emos <\/h3>\n<p>Seadme saab \u00fchendada kuni kahe USB-kaabli (mikro-USB ja USB-C) kaudu, mis on pakendis kaasas ja millega saab lisaks toiteallikale edastada ka andmeid. Akupangal on ideaalsed v\u00e4ikesed m\u00f5\u00f5tmed ja \u00f5huke disain. Maht 10 000 mAh ja kuus nutikat turvafunktsiooni v\u00f5imaldavad elektroonikat kiiresti ning turvaliselt laadida.<br \/>\nMobiilid, tahvlid, nutikellad, juhtmeta k\u00f5rvaklapid, e-raamatud&#8230; see on elektroonika, mis n\u00f5uab regulaarset laadimist. Seep\u00e4rast tasub kaasas kanda piisava mahutavusega akupanka. See annab vajaliku energia koheselt &#8211; seljakotist, koti ja teksap\u00fckste tagataskust.<br \/>\nKui teil on uusim mobiiltelefon v\u00f5i vanem seade, laadimine \u00f5nnestub teil edukalt. Seda seet\u00f5ttu, et EMOS Alpha 10S akupank on varustatud kahe USB-A v\u00e4ljundiga ja mikro-USB sisend\u00fchendusega. Kaasasolevad kaablid v\u00f5imaldavad ka andmete edastamist, nii et need tulevad kasuks, kui laadite telefonist v\u00f5i kaamerast fotosid arvutisse alla.<br \/>\nEmose Alpha 10S energiapank on tehtud reisimiseks. M\u00f5\u00f5tmetega 138 \u00d7 16 \u00d7 68 mm ei piira see teid kuidagi. Ja kui te seda k\u00f5ige rohkem vajate, pakub see palju kasulikku energiat.<br \/>\nPistikusse \u00fchendatuna suudab see laadida mitte ainult ennast, vaid ka kahte \u00fchendatud seadet korraga. Seda kasulikku funktsiooni nimetatakse Passthrough&#8217;ks ja seda kasutate kindlasti palju laadimisel, eriti telkimisel v\u00f5i reisil olles.<br \/>\nAkupank alustab ja l\u00f5petab laadimise niipea, kui seda vajatakse.<br \/>\nSilmatorkavalt paigutatud LED-indikaator elektripanga esik\u00fcljel teavitab teid selgelt sellest, milline on praegune energiatase v\u00f5i kas teie elektroonika on elektripanga abil tegelikult laetud.<br \/>\nK\u00f5ikidesse EMOS Alpha elektripankadesse on integreeritud tehnoloogilised turvaelemendid, mis kaitsevad laadimise ajal nii elektripanka ennast kui ka \u00fchendatud elektroonikat. Nii et te ei pea muretsema liigse t\u00fchjendamise, \u00fclelaadimise, \u00fclekoormuse v\u00f5i l\u00fchise p\u00e4rast.  <\/p>\n\t\t<\/div>\n\t\t\t\t\t<\/div>\n\n\t\n\n\t<div id=\"col-1236849212\" class=\"col medium-3 small-12 large-3\"  >\n\t\t\t\t<div class=\"col-inner\"  >\n\t\t\t\n\t\t\t\n<h3>Kasutusjuhend<\/h3>\n<p><a href=\"https:\/\/espak.ee\/epood\/wp-content\/uploads\/2025\/03\/1613052600_31-B0526B_00_01.pdf\"target=\"_blank\" rel=\"noopener noreferrer\"><i class=\"far fa-file-pdf\"><\/i> Kasutusjuhend (PDF)<\/a><\/p>\n<h3>Ohutusalane teave<\/h3>\n<p><a href=\"https:\/\/espak.ee\/epood\/wp-content\/uploads\/2025\/03\/1613052600_67-B0526B.pdf\"target=\"_blank\" rel=\"noopener noreferrer\"><i class=\"far fa-file-pdf\"><\/i> Ohutusalane teave (PDF)<\/a><\/p>\n\t<div id=\"gap-1196427486\" class=\"gap-element clearfix\" style=\"display:block; height:auto;\">\n\t\t\n<style>\n#gap-1196427486 {\n  padding-top: 30px;\n}\n<\/style>\n\t<\/div>\n\t\n<p><strong>\u00dcksikasjalikuma n\u00f5u saamiseks v\u00f5tke \u00fchendust:<br \/><\/strong>Espak AS<br \/>Viadukti 42<br \/>11313<br \/>Tallinn<br \/>+372 6 512333<\/p>\n\t\t<\/div>\n\t\t\t\t\t<\/div>\n\n\t\n<\/div>\n","protected":false},"excerpt":{"rendered":"","protected":false},"featured_media":229258,"comment_status":"closed","ping_status":"closed","template":"","meta":[],"product_brand":[],"product_cat":[2935,2934,3289,3288],"product_tag":[],"class_list":{"0":"post-229128","1":"product","2":"type-product","3":"status-publish","4":"has-post-thumbnail","6":"product_cat-elektrikaubad","7":"product_cat-elektrikaubad-ja-valgustid","8":"product_cat-patareid","9":"product_cat-taskulambid-ja-patareid","10":"pa_kaubamark-emos-spol-s-r-o","12":"first","13":"outofstock","14":"sale","15":"taxable","16":"shipping-taxable","17":"purchasable","18":"product-type-simple"},"yoast_head":"<!-- This site is optimized with the Yoast SEO plugin v26.9 - https:\/\/yoast.com\/product\/yoast-seo-wordpress\/ -->\n<title>AKUPANK EMOS ALPHA 10W 10000MAH B0526B - Espak E-pood<\/title>\n<meta name=\"robots\" content=\"index, follow, max-snippet:-1, max-image-preview:large, max-video-preview:-1\" \/>\n<link rel=\"canonical\" href=\"https:\/\/espak.ee\/epood\/toode\/akupank-emos-alpha-10w-10000mah-b0526b\/\" \/>\n<meta property=\"og:locale\" content=\"et_EE\" \/>\n<meta property=\"og:type\" content=\"article\" \/>\n<meta property=\"og:title\" content=\"AKUPANK EMOS ALPHA 10W 10000MAH B0526B - Espak E-pood\" \/>\n<meta property=\"og:url\" content=\"https:\/\/espak.ee\/epood\/toode\/akupank-emos-alpha-10w-10000mah-b0526b\/\" \/>\n<meta property=\"og:site_name\" content=\"Espak E-pood\" \/>\n<meta property=\"article:modified_time\" content=\"2025-03-06T06:14:57+00:00\" \/>\n<meta property=\"og:image\" content=\"https:\/\/espak.ee\/epood\/wp-content\/uploads\/2025\/03\/2875887.jpg\" \/>\n\t<meta property=\"og:image:width\" content=\"1000\" \/>\n\t<meta property=\"og:image:height\" content=\"1000\" \/>\n\t<meta property=\"og:image:type\" content=\"image\/jpeg\" \/>\n<meta name=\"twitter:card\" content=\"summary_large_image\" \/>\n<meta name=\"twitter:label1\" content=\"Est. reading time\" \/>\n\t<meta name=\"twitter:data1\" content=\"2 minutit\" \/>\n<script type=\"application\/ld+json\" class=\"yoast-schema-graph\">{\"@context\":\"https:\/\/schema.org\",\"@graph\":[{\"@type\":\"WebPage\",\"@id\":\"https:\/\/espak.ee\/epood\/toode\/akupank-emos-alpha-10w-10000mah-b0526b\/\",\"url\":\"https:\/\/espak.ee\/epood\/toode\/akupank-emos-alpha-10w-10000mah-b0526b\/\",\"name\":\"AKUPANK EMOS ALPHA 10W 10000MAH B0526B - Espak E-pood\",\"isPartOf\":{\"@id\":\"https:\/\/espak.ee\/epood\/#website\"},\"primaryImageOfPage\":{\"@id\":\"https:\/\/espak.ee\/epood\/toode\/akupank-emos-alpha-10w-10000mah-b0526b\/#primaryimage\"},\"image\":{\"@id\":\"https:\/\/espak.ee\/epood\/toode\/akupank-emos-alpha-10w-10000mah-b0526b\/#primaryimage\"},\"thumbnailUrl\":\"https:\/\/espak.ee\/epood\/wp-content\/uploads\/2025\/03\/2875887.jpg\",\"datePublished\":\"2025-03-06T03:10:02+00:00\",\"dateModified\":\"2025-03-06T06:14:57+00:00\",\"breadcrumb\":{\"@id\":\"https:\/\/espak.ee\/epood\/toode\/akupank-emos-alpha-10w-10000mah-b0526b\/#breadcrumb\"},\"inLanguage\":\"et\",\"potentialAction\":[{\"@type\":\"ReadAction\",\"target\":[\"https:\/\/espak.ee\/epood\/toode\/akupank-emos-alpha-10w-10000mah-b0526b\/\"]}]},{\"@type\":\"ImageObject\",\"inLanguage\":\"et\",\"@id\":\"https:\/\/espak.ee\/epood\/toode\/akupank-emos-alpha-10w-10000mah-b0526b\/#primaryimage\",\"url\":\"https:\/\/espak.ee\/epood\/wp-content\/uploads\/2025\/03\/2875887.jpg\",\"contentUrl\":\"https:\/\/espak.ee\/epood\/wp-content\/uploads\/2025\/03\/2875887.jpg\",\"width\":1000,\"height\":1000},{\"@type\":\"BreadcrumbList\",\"@id\":\"https:\/\/espak.ee\/epood\/toode\/akupank-emos-alpha-10w-10000mah-b0526b\/#breadcrumb\",\"itemListElement\":[{\"@type\":\"ListItem\",\"position\":1,\"name\":\"Home\",\"item\":\"https:\/\/espak.ee\/epood\/\"},{\"@type\":\"ListItem\",\"position\":2,\"name\":\"Tootevalik\",\"item\":\"https:\/\/espak.ee\/epood\/tootevalik\/\"},{\"@type\":\"ListItem\",\"position\":3,\"name\":\"AKUPANK EMOS ALPHA 10W 10000MAH B0526B\"}]},{\"@type\":\"WebSite\",\"@id\":\"https:\/\/espak.ee\/epood\/#website\",\"url\":\"https:\/\/espak.ee\/epood\/\",\"name\":\"Espak E-pood\",\"description\":\"\",\"potentialAction\":[{\"@type\":\"SearchAction\",\"target\":{\"@type\":\"EntryPoint\",\"urlTemplate\":\"https:\/\/espak.ee\/epood\/?s={search_term_string}\"},\"query-input\":{\"@type\":\"PropertyValueSpecification\",\"valueRequired\":true,\"valueName\":\"search_term_string\"}}],\"inLanguage\":\"et\"}]}<\/script>\n<!-- \/ Yoast SEO plugin. -->","yoast_head_json":{"title":"AKUPANK EMOS ALPHA 10W 10000MAH B0526B - Espak E-pood","robots":{"index":"index","follow":"follow","max-snippet":"max-snippet:-1","max-image-preview":"max-image-preview:large","max-video-preview":"max-video-preview:-1"},"canonical":"https:\/\/espak.ee\/epood\/toode\/akupank-emos-alpha-10w-10000mah-b0526b\/","og_locale":"et_EE","og_type":"article","og_title":"AKUPANK EMOS ALPHA 10W 10000MAH B0526B - Espak E-pood","og_url":"https:\/\/espak.ee\/epood\/toode\/akupank-emos-alpha-10w-10000mah-b0526b\/","og_site_name":"Espak E-pood","article_modified_time":"2025-03-06T06:14:57+00:00","og_image":[{"width":1000,"height":1000,"url":"https:\/\/espak.ee\/epood\/wp-content\/uploads\/2025\/03\/2875887.jpg","type":"image\/jpeg"}],"twitter_card":"summary_large_image","twitter_misc":{"Est. reading time":"2 minutit"},"schema":{"@context":"https:\/\/schema.org","@graph":[{"@type":"WebPage","@id":"https:\/\/espak.ee\/epood\/toode\/akupank-emos-alpha-10w-10000mah-b0526b\/","url":"https:\/\/espak.ee\/epood\/toode\/akupank-emos-alpha-10w-10000mah-b0526b\/","name":"AKUPANK EMOS ALPHA 10W 10000MAH B0526B - Espak E-pood","isPartOf":{"@id":"https:\/\/espak.ee\/epood\/#website"},"primaryImageOfPage":{"@id":"https:\/\/espak.ee\/epood\/toode\/akupank-emos-alpha-10w-10000mah-b0526b\/#primaryimage"},"image":{"@id":"https:\/\/espak.ee\/epood\/toode\/akupank-emos-alpha-10w-10000mah-b0526b\/#primaryimage"},"thumbnailUrl":"https:\/\/espak.ee\/epood\/wp-content\/uploads\/2025\/03\/2875887.jpg","datePublished":"2025-03-06T03:10:02+00:00","dateModified":"2025-03-06T06:14:57+00:00","breadcrumb":{"@id":"https:\/\/espak.ee\/epood\/toode\/akupank-emos-alpha-10w-10000mah-b0526b\/#breadcrumb"},"inLanguage":"et","potentialAction":[{"@type":"ReadAction","target":["https:\/\/espak.ee\/epood\/toode\/akupank-emos-alpha-10w-10000mah-b0526b\/"]}]},{"@type":"ImageObject","inLanguage":"et","@id":"https:\/\/espak.ee\/epood\/toode\/akupank-emos-alpha-10w-10000mah-b0526b\/#primaryimage","url":"https:\/\/espak.ee\/epood\/wp-content\/uploads\/2025\/03\/2875887.jpg","contentUrl":"https:\/\/espak.ee\/epood\/wp-content\/uploads\/2025\/03\/2875887.jpg","width":1000,"height":1000},{"@type":"BreadcrumbList","@id":"https:\/\/espak.ee\/epood\/toode\/akupank-emos-alpha-10w-10000mah-b0526b\/#breadcrumb","itemListElement":[{"@type":"ListItem","position":1,"name":"Home","item":"https:\/\/espak.ee\/epood\/"},{"@type":"ListItem","position":2,"name":"Tootevalik","item":"https:\/\/espak.ee\/epood\/tootevalik\/"},{"@type":"ListItem","position":3,"name":"AKUPANK EMOS ALPHA 10W 10000MAH B0526B"}]},{"@type":"WebSite","@id":"https:\/\/espak.ee\/epood\/#website","url":"https:\/\/espak.ee\/epood\/","name":"Espak E-pood","description":"","potentialAction":[{"@type":"SearchAction","target":{"@type":"EntryPoint","urlTemplate":"https:\/\/espak.ee\/epood\/?s={search_term_string}"},"query-input":{"@type":"PropertyValueSpecification","valueRequired":true,"valueName":"search_term_string"}}],"inLanguage":"et"}]}},"_links":{"self":[{"href":"https:\/\/espak.ee\/epood\/wp-json\/wp\/v2\/product\/229128","targetHints":{"allow":["GET"]}}],"collection":[{"href":"https:\/\/espak.ee\/epood\/wp-json\/wp\/v2\/product"}],"about":[{"href":"https:\/\/espak.ee\/epood\/wp-json\/wp\/v2\/types\/product"}],"replies":[{"embeddable":true,"href":"https:\/\/espak.ee\/epood\/wp-json\/wp\/v2\/comments?post=229128"}],"wp:featuredmedia":[{"embeddable":true,"href":"https:\/\/espak.ee\/epood\/wp-json\/wp\/v2\/media\/229258"}],"wp:attachment":[{"href":"https:\/\/espak.ee\/epood\/wp-json\/wp\/v2\/media?parent=229128"}],"wp:term":[{"taxonomy":"product_brand","embeddable":true,"href":"https:\/\/espak.ee\/epood\/wp-json\/wp\/v2\/product_brand?post=229128"},{"taxonomy":"product_cat","embeddable":true,"href":"https:\/\/espak.ee\/epood\/wp-json\/wp\/v2\/product_cat?post=229128"},{"taxonomy":"product_tag","embeddable":true,"href":"https:\/\/espak.ee\/epood\/wp-json\/wp\/v2\/product_tag?post=229128"}],"curies":[{"name":"wp","href":"https:\/\/api.w.org\/{rel}","templated":true}]}}