{"id":229124,"date":"2025-03-06T05:10:02","date_gmt":"2025-03-06T03:10:02","guid":{"rendered":"https:\/\/espak.ee\/epood\/?post_type=product&#038;p=229124"},"modified":"2026-03-21T09:24:54","modified_gmt":"2026-03-21T07:24:54","slug":"puidupeits-eskaro-decor-beitz-09l","status":"publish","type":"product","link":"https:\/\/espak.ee\/epood\/toode\/puidupeits-eskaro-decor-beitz-09l\/","title":{"rendered":"PUIDUPEITS ESKARO DECOR BEITZ 0,9L"},"content":{"rendered":"<div class=\"row\"  id=\"row-1094554411\">\n\n\t<div id=\"col-1663221949\" class=\"col medium-9 small-12 large-9\"  >\n\t\t\t\t<div class=\"col-inner\"  >\n\t\t\t\n\t\t\t\n<h2>Decor Beitz<\/h2>\n<p>Vesilahustuv akr\u00fclaatpeits siset\u00f6\u00f6deks. Kasutatakse puitpindadele tooni andmiseks. Erinevalt v\u00e4rvist j\u00e4tab n\u00e4ha puidu loodusliku struktuuri.<\/p>\n<div class=\"message-box relative\" style=\"padding-top:15px;padding-bottom:15px;\"><div class=\"message-box-bg-image bg-fill fill\" ><\/div><div class=\"message-box-bg-overlay bg-fill fill\" ><\/div><div class=\"container relative\"><div class=\"inner last-reset\">\n<div class=\"row align-middle align-center\"  id=\"row-2136830028\">\n\n\t<div id=\"col-1723130547\" class=\"col small-12 large-12\"  >\n\t\t\t\t<div class=\"col-inner text-left\"  >\n\t\t\t\n\t\t\t\n<h4>Omadused<\/h4>\n<div class=\"row\"  id=\"row-1045471666\">\n\n\t<div id=\"col-1727454659\" class=\"col medium-6 small-12 large-6\"  >\n\t\t\t\t<div class=\"col-inner\"  >\n\t\t\t\n\t\t\t\n<p><i class=\"fa fa-check fa-2x\"><\/i> <strong>Imendub h\u00e4sti puitu<\/strong><\/p>\n<p><i class=\"fa fa-check fa-2x\"><\/i> <strong>Toob esile puidu kauni struktuuri<\/strong><\/p>\n\t\t<\/div>\n\t\t\t\t\n<style>\n#col-1727454659 > .col-inner {\n  margin: 0px 0px 15px 0px;\n}\n<\/style>\n\t<\/div>\n\n\t\n\n\t<div id=\"col-631666908\" class=\"col medium-6 small-12 large-6\"  >\n\t\t\t\t<div class=\"col-inner\"  >\n\t\t\t\n\t\t\t\n<p><i class=\"fa fa-check fa-2x\"><\/i> <strong>Kuivab kiiresti<\/strong><\/p>\n<p><i class=\"fa fa-check fa-2x\"><\/i> <strong>V\u00e4rvitoon j\u00e4\u00e4b s\u00fcgav ja k\u00fclluslik<\/strong><\/p>\n\t\t<\/div>\n\t\t\t\t\n<style>\n#col-631666908 > .col-inner {\n  margin: 0px 0px 15px 0px;\n}\n<\/style>\n\t<\/div>\n\n\t\n<\/div>\n\t\t<\/div>\n\t\t\t\t\t<\/div>\n\n\t\n<\/div>\n<\/div><\/div><\/div>\n\t<div id=\"gap-788739695\" class=\"gap-element clearfix\" style=\"display:block; height:auto;\">\n\t\t\n<style>\n#gap-788739695 {\n  padding-top: 30px;\n}\n<\/style>\n\t<\/div>\n\t\n<h3>Kasutamise \u00fcksikasjad<\/h3>\n<p><strong>Kasutusalad:<\/strong> Kasutatakse seinte ja lagede puitvooderdise, uste, p\u00f5randate, liistude, m\u00f6\u00f6blielementide ja teiste puitpindade t\u00f6\u00f6tlemiseks siseruumides. Pindade kulumiskindluse t\u00f5stmiseks tuleb peitsitud pinnad katta vaha v\u00f5i puidulakiga (Kabinet, M\u00f6\u00f6blilakk). Kindlasti tuleb lakkida v\u00f5i vahatada \u00fcle peitsitud p\u00f5randad ja trepid (Parketilakk, MarineLakk). Soovitav on laki sobivust t\u00f6\u00f6deldud pinnaga eelnevalt proovida.<\/p>\n<p><strong>V\u00e4rvitavad pinnad:<\/strong> Uued t\u00f6\u00f6tlemata v\u00f5i vanast kattest puhastatud puitpinnad siseruumides.<\/p>\n<p><strong>Aluspinna ettevalmistus:<\/strong> Puitpind peab olema kuiv (niiskusesisaldus alla 20%) ning puhastatud rasvast, \u00f5list, vahast, tolmust jm. mustusest. Varem lakitud v\u00f5i v\u00e4rvitud pinnad puhastada puhta puiduni. Uus puitpind niisutada kergelt veepritsiga, lasta kuivada ja lihvida \u00fclest\u00f5usnud puidukiud (liivapaber nr.220&#8230;240). Lihvimistolm korralikult eemaldada.<\/p>\n<p><strong>Peitsimine:<\/strong> Peitsi enne kasutamist hoolikalt segada, samuti segada aeg-ajalt t\u00f6\u00f6 ajal. Kogu pinna katmiseks vajaminev toonitud peits on soovitav segada \u00fches pakendis. Kanda pinnale 1 kiht k\u00e4sna, pintsli, rulli v\u00f5i pihustiga temperatuuril +10&#8230;28\u00b0\u0421 ja suhtelisel \u00f5huniiskusel alla 80%. Heledama tooni saamiseks tuleb peitsi lahjendada veega. K\u00fcllastatum toon saadakse siis, kui juba t\u00f6\u00f6deldud pinnale kantakse p\u00e4rast selle kuivamist teine peitsikiht. Toonierinevuste v\u00e4ltimiseks soovitame kanda peits pinnale vaheaegadeta, piki puidukiudu servast servani. Suurte laudispindade t\u00f6\u00f6tlemisel tuleb peitsida mitu lauda korraga kasutades veega lahjendatud peitsi (kuni 1:1). V\u00e4ltida paksude peitsikihtide pealekandmist ja peitsi voolamist. P\u00e4rast pealekandmist p\u00fchkida peitsi enne selle kuivamist lapi v\u00f5i k\u00e4snaga nii, et pind j\u00e4\u00e4b praktiliselt kuivaks. Peitsimine otsese p\u00e4ikesepaiste k\u00e4es, tuulet\u00f5mbuses, k\u00f5rgendatud temperatuuril v\u00f5i tolmuses ruumis v\u00f5ib tuua kaasa defektid t\u00f6\u00f6deldud pinnal. NB! V\u00e4rvitooni sobivuse kontrollimiseks on soovitav teha eraldi v\u00e4ikesel puitpinnal proovipeitsimine. T\u00f6\u00f6deldud pinna l\u00f5plik v\u00e4rvus s\u00f5ltub puidu liigist, pealkantud kihtide arvust, oksakohtade rohkusest, valitud v\u00e4rvitoonist. Enne j\u00e4rgneva peitsikihi pinnale kandmist on soovitav kuivanud pind peene liivapaberiga \u00fcle lihvida, lihvimistolm hoolikalt eemaldada.<\/p>\n<p><strong>Hooldamine:<\/strong> T\u00f6\u00f6deldud pinna hooldamine s\u00f5ltub millise laki v\u00f5i vahaga kaeti peitsitud pind. Peitsitud pinda saab kergelt puhastada p\u00e4rast 3 n\u00e4dala m\u00f6\u00f6dumist t\u00f6\u00f6tlemisest kasutades pehmet niisket lappi. Mitte kasutada orgaanilisi lahusteid, abrasiivseid puhastusaineid ega karedaid k\u00e4snu v\u00f5i harju.<\/p>\n<p><strong>Ohutus:<\/strong> Hoida lastele k\u00e4ttesaamatus kohas. Sisaldab 2,4,7,9-tetramet\u00fc\u00fcldets-5-\u00fc\u00fcn-4,7-diooli, 5-kloro-2-met\u00fc\u00fcl-2H-isotiasool-3-ooni ja 2-met\u00fc\u00fcl-2H-isotiasool-3-ooni segu. V\u00f5ib esile kutsuda allergilise reaktsiooni. T\u00f6\u00f6tamisel j\u00e4rgida t\u00f6\u00f6ohutusn\u00f5udeid.<\/p>\n\t\t<\/div>\n\t\t\t\t\t<\/div>\n\n\t\n\n\t<div id=\"col-2017941515\" class=\"col medium-3 small-12 large-3\"  >\n\t\t\t\t<div class=\"col-inner\"  >\n\t\t\t\n\t\t\t\n\t<div id=\"gap-1113369200\" class=\"gap-element clearfix\" style=\"display:block; height:auto;\">\n\t\t\n<style>\n#gap-1113369200 {\n  padding-top: 30px;\n}\n<\/style>\n\t<\/div>\n\t\n<h3>Tehniline informatsioon<\/h3>\n<p><a href=\"https:\/\/espak.ee\/epood\/wp-content\/uploads\/decor-beitz-tooteleht.pdf\" target=\"_blank\" rel=\"noopener noreferrer\"><i class=\"far fa-file-pdf\"><\/i> Tehniline info (PDF)<\/a><\/p>\n<div class=\"is-divider divider clearfix\" ><\/div>\n<p><strong>\u00dcksikasjalikuma n\u00f5u saamiseks v\u00f5tke \u00fchendust:<br \/><\/strong>Eskaro AS<br \/>Fosforiidi 20<br \/>Maardu<br \/>+372 6217969<\/p>\n<div class=\"is-divider divider clearfix\" ><\/div>\n\t\t<\/div>\n\t\t\t\t\t<\/div>\n\n\t\n<\/div>\n","protected":false},"excerpt":{"rendered":"","protected":false},"featured_media":229240,"comment_status":"closed","ping_status":"closed","template":"","meta":[],"product_brand":[],"product_cat":[2693,2694,2684,2683],"product_tag":[],"class_list":{"0":"post-229124","1":"product","2":"type-product","3":"status-publish","4":"has-post-thumbnail","6":"product_cat-lakid-peitsid-olid-puidukaitse","7":"product_cat-siselakid-ja-peitsid","8":"product_cat-varvid-lakid-lahustid-puidukaitsed-olid","9":"product_cat-viimistluskaubad","10":"product_shipping_class-dpd-cold","11":"pa_kaubamark-eskaro-as","13":"first","14":"instock","15":"sale","16":"taxable","17":"shipping-taxable","18":"purchasable","19":"product-type-simple"},"yoast_head":"<!-- This site is optimized with the Yoast SEO plugin v26.9 - https:\/\/yoast.com\/product\/yoast-seo-wordpress\/ -->\n<title>PUIDUPEITS ESKARO DECOR BEITZ 0,9L - Espak E-pood<\/title>\n<meta name=\"robots\" content=\"index, follow, max-snippet:-1, max-image-preview:large, max-video-preview:-1\" \/>\n<link rel=\"canonical\" href=\"https:\/\/espak.ee\/epood\/toode\/puidupeits-eskaro-decor-beitz-09l\/\" \/>\n<meta property=\"og:locale\" content=\"et_EE\" \/>\n<meta property=\"og:type\" content=\"article\" \/>\n<meta property=\"og:title\" content=\"PUIDUPEITS ESKARO DECOR BEITZ 0,9L - Espak E-pood\" \/>\n<meta property=\"og:url\" content=\"https:\/\/espak.ee\/epood\/toode\/puidupeits-eskaro-decor-beitz-09l\/\" \/>\n<meta property=\"og:site_name\" content=\"Espak E-pood\" \/>\n<meta property=\"article:modified_time\" content=\"2026-03-21T07:24:54+00:00\" \/>\n<meta property=\"og:image\" content=\"https:\/\/espak.ee\/epood\/wp-content\/uploads\/2025\/03\/thumb_550x550xin_upload_iblock_ba3_eskaro_decor_beitz_2017_web_512.jpg\" \/>\n\t<meta property=\"og:image:width\" content=\"1000\" \/>\n\t<meta property=\"og:image:height\" content=\"1000\" \/>\n\t<meta property=\"og:image:type\" content=\"image\/jpeg\" \/>\n<meta name=\"twitter:card\" content=\"summary_large_image\" \/>\n<meta name=\"twitter:label1\" content=\"Est. reading time\" \/>\n\t<meta name=\"twitter:data1\" content=\"3 minutit\" \/>\n<script type=\"application\/ld+json\" class=\"yoast-schema-graph\">{\"@context\":\"https:\/\/schema.org\",\"@graph\":[{\"@type\":\"WebPage\",\"@id\":\"https:\/\/espak.ee\/epood\/toode\/puidupeits-eskaro-decor-beitz-09l\/\",\"url\":\"https:\/\/espak.ee\/epood\/toode\/puidupeits-eskaro-decor-beitz-09l\/\",\"name\":\"PUIDUPEITS ESKARO DECOR BEITZ 0,9L - Espak E-pood\",\"isPartOf\":{\"@id\":\"https:\/\/espak.ee\/epood\/#website\"},\"primaryImageOfPage\":{\"@id\":\"https:\/\/espak.ee\/epood\/toode\/puidupeits-eskaro-decor-beitz-09l\/#primaryimage\"},\"image\":{\"@id\":\"https:\/\/espak.ee\/epood\/toode\/puidupeits-eskaro-decor-beitz-09l\/#primaryimage\"},\"thumbnailUrl\":\"https:\/\/espak.ee\/epood\/wp-content\/uploads\/2025\/03\/thumb_550x550xin_upload_iblock_ba3_eskaro_decor_beitz_2017_web_512.jpg\",\"datePublished\":\"2025-03-06T03:10:02+00:00\",\"dateModified\":\"2026-03-21T07:24:54+00:00\",\"breadcrumb\":{\"@id\":\"https:\/\/espak.ee\/epood\/toode\/puidupeits-eskaro-decor-beitz-09l\/#breadcrumb\"},\"inLanguage\":\"et\",\"potentialAction\":[{\"@type\":\"ReadAction\",\"target\":[\"https:\/\/espak.ee\/epood\/toode\/puidupeits-eskaro-decor-beitz-09l\/\"]}]},{\"@type\":\"ImageObject\",\"inLanguage\":\"et\",\"@id\":\"https:\/\/espak.ee\/epood\/toode\/puidupeits-eskaro-decor-beitz-09l\/#primaryimage\",\"url\":\"https:\/\/espak.ee\/epood\/wp-content\/uploads\/2025\/03\/thumb_550x550xin_upload_iblock_ba3_eskaro_decor_beitz_2017_web_512.jpg\",\"contentUrl\":\"https:\/\/espak.ee\/epood\/wp-content\/uploads\/2025\/03\/thumb_550x550xin_upload_iblock_ba3_eskaro_decor_beitz_2017_web_512.jpg\",\"width\":1000,\"height\":1000},{\"@type\":\"BreadcrumbList\",\"@id\":\"https:\/\/espak.ee\/epood\/toode\/puidupeits-eskaro-decor-beitz-09l\/#breadcrumb\",\"itemListElement\":[{\"@type\":\"ListItem\",\"position\":1,\"name\":\"Home\",\"item\":\"https:\/\/espak.ee\/epood\/\"},{\"@type\":\"ListItem\",\"position\":2,\"name\":\"Tootevalik\",\"item\":\"https:\/\/espak.ee\/epood\/tootevalik\/\"},{\"@type\":\"ListItem\",\"position\":3,\"name\":\"PUIDUPEITS ESKARO DECOR BEITZ 0,9L\"}]},{\"@type\":\"WebSite\",\"@id\":\"https:\/\/espak.ee\/epood\/#website\",\"url\":\"https:\/\/espak.ee\/epood\/\",\"name\":\"Espak E-pood\",\"description\":\"\",\"potentialAction\":[{\"@type\":\"SearchAction\",\"target\":{\"@type\":\"EntryPoint\",\"urlTemplate\":\"https:\/\/espak.ee\/epood\/?s={search_term_string}\"},\"query-input\":{\"@type\":\"PropertyValueSpecification\",\"valueRequired\":true,\"valueName\":\"search_term_string\"}}],\"inLanguage\":\"et\"}]}<\/script>\n<!-- \/ Yoast SEO plugin. -->","yoast_head_json":{"title":"PUIDUPEITS ESKARO DECOR BEITZ 0,9L - Espak E-pood","robots":{"index":"index","follow":"follow","max-snippet":"max-snippet:-1","max-image-preview":"max-image-preview:large","max-video-preview":"max-video-preview:-1"},"canonical":"https:\/\/espak.ee\/epood\/toode\/puidupeits-eskaro-decor-beitz-09l\/","og_locale":"et_EE","og_type":"article","og_title":"PUIDUPEITS ESKARO DECOR BEITZ 0,9L - Espak E-pood","og_url":"https:\/\/espak.ee\/epood\/toode\/puidupeits-eskaro-decor-beitz-09l\/","og_site_name":"Espak E-pood","article_modified_time":"2026-03-21T07:24:54+00:00","og_image":[{"width":1000,"height":1000,"url":"https:\/\/espak.ee\/epood\/wp-content\/uploads\/2025\/03\/thumb_550x550xin_upload_iblock_ba3_eskaro_decor_beitz_2017_web_512.jpg","type":"image\/jpeg"}],"twitter_card":"summary_large_image","twitter_misc":{"Est. reading time":"3 minutit"},"schema":{"@context":"https:\/\/schema.org","@graph":[{"@type":"WebPage","@id":"https:\/\/espak.ee\/epood\/toode\/puidupeits-eskaro-decor-beitz-09l\/","url":"https:\/\/espak.ee\/epood\/toode\/puidupeits-eskaro-decor-beitz-09l\/","name":"PUIDUPEITS ESKARO DECOR BEITZ 0,9L - Espak E-pood","isPartOf":{"@id":"https:\/\/espak.ee\/epood\/#website"},"primaryImageOfPage":{"@id":"https:\/\/espak.ee\/epood\/toode\/puidupeits-eskaro-decor-beitz-09l\/#primaryimage"},"image":{"@id":"https:\/\/espak.ee\/epood\/toode\/puidupeits-eskaro-decor-beitz-09l\/#primaryimage"},"thumbnailUrl":"https:\/\/espak.ee\/epood\/wp-content\/uploads\/2025\/03\/thumb_550x550xin_upload_iblock_ba3_eskaro_decor_beitz_2017_web_512.jpg","datePublished":"2025-03-06T03:10:02+00:00","dateModified":"2026-03-21T07:24:54+00:00","breadcrumb":{"@id":"https:\/\/espak.ee\/epood\/toode\/puidupeits-eskaro-decor-beitz-09l\/#breadcrumb"},"inLanguage":"et","potentialAction":[{"@type":"ReadAction","target":["https:\/\/espak.ee\/epood\/toode\/puidupeits-eskaro-decor-beitz-09l\/"]}]},{"@type":"ImageObject","inLanguage":"et","@id":"https:\/\/espak.ee\/epood\/toode\/puidupeits-eskaro-decor-beitz-09l\/#primaryimage","url":"https:\/\/espak.ee\/epood\/wp-content\/uploads\/2025\/03\/thumb_550x550xin_upload_iblock_ba3_eskaro_decor_beitz_2017_web_512.jpg","contentUrl":"https:\/\/espak.ee\/epood\/wp-content\/uploads\/2025\/03\/thumb_550x550xin_upload_iblock_ba3_eskaro_decor_beitz_2017_web_512.jpg","width":1000,"height":1000},{"@type":"BreadcrumbList","@id":"https:\/\/espak.ee\/epood\/toode\/puidupeits-eskaro-decor-beitz-09l\/#breadcrumb","itemListElement":[{"@type":"ListItem","position":1,"name":"Home","item":"https:\/\/espak.ee\/epood\/"},{"@type":"ListItem","position":2,"name":"Tootevalik","item":"https:\/\/espak.ee\/epood\/tootevalik\/"},{"@type":"ListItem","position":3,"name":"PUIDUPEITS ESKARO DECOR BEITZ 0,9L"}]},{"@type":"WebSite","@id":"https:\/\/espak.ee\/epood\/#website","url":"https:\/\/espak.ee\/epood\/","name":"Espak E-pood","description":"","potentialAction":[{"@type":"SearchAction","target":{"@type":"EntryPoint","urlTemplate":"https:\/\/espak.ee\/epood\/?s={search_term_string}"},"query-input":{"@type":"PropertyValueSpecification","valueRequired":true,"valueName":"search_term_string"}}],"inLanguage":"et"}]}},"_links":{"self":[{"href":"https:\/\/espak.ee\/epood\/wp-json\/wp\/v2\/product\/229124","targetHints":{"allow":["GET"]}}],"collection":[{"href":"https:\/\/espak.ee\/epood\/wp-json\/wp\/v2\/product"}],"about":[{"href":"https:\/\/espak.ee\/epood\/wp-json\/wp\/v2\/types\/product"}],"replies":[{"embeddable":true,"href":"https:\/\/espak.ee\/epood\/wp-json\/wp\/v2\/comments?post=229124"}],"wp:featuredmedia":[{"embeddable":true,"href":"https:\/\/espak.ee\/epood\/wp-json\/wp\/v2\/media\/229240"}],"wp:attachment":[{"href":"https:\/\/espak.ee\/epood\/wp-json\/wp\/v2\/media?parent=229124"}],"wp:term":[{"taxonomy":"product_brand","embeddable":true,"href":"https:\/\/espak.ee\/epood\/wp-json\/wp\/v2\/product_brand?post=229124"},{"taxonomy":"product_cat","embeddable":true,"href":"https:\/\/espak.ee\/epood\/wp-json\/wp\/v2\/product_cat?post=229124"},{"taxonomy":"product_tag","embeddable":true,"href":"https:\/\/espak.ee\/epood\/wp-json\/wp\/v2\/product_tag?post=229124"}],"curies":[{"name":"wp","href":"https:\/\/api.w.org\/{rel}","templated":true}]}}